{"id":22944,"date":"2024-07-01T10:26:39","date_gmt":"2024-07-01T08:26:39","guid":{"rendered":"https:\/\/www.aurorscalartechnology.com\/?post_type=product&#038;p=22944"},"modified":"2025-09-17T13:37:36","modified_gmt":"2025-09-17T11:37:36","slug":"e-t-2-frequenzgeraet-und-neutralisator-fuer-schaedliche-strahlung-2","status":"publish","type":"product","link":"https:\/\/www.aurorscalartechnology.com\/de\/produkt\/e-t-2-frequenzgeraet-und-neutralisator-fuer-schaedliche-strahlung-2\/","title":{"rendered":"E.T.2 Frequenzger\u00e4t und  neutralisator f\u00fcr sch\u00e4dliche Strahlung"},"content":{"rendered":"\t\t<div data-elementor-type=\"wp-post\" data-elementor-id=\"22944\" class=\"elementor elementor-22944 elementor-22884\">\n\t\t\t\t\t\t<section class=\"elementor-section elementor-top-section elementor-element elementor-element-ac98f48 elementor-section-boxed elementor-section-height-default elementor-section-height-default\" data-id=\"ac98f48\" data-element_type=\"section\" data-e-type=\"section\">\n\t\t\t\t\t\t<div class=\"elementor-container elementor-column-gap-default\">\n\t\t\t\t\t<div class=\"elementor-column elementor-col-33 elementor-top-column elementor-element elementor-element-a9c3cf6\" data-id=\"a9c3cf6\" data-element_type=\"column\" data-e-type=\"column\">\n\t\t\t<div class=\"elementor-widget-wrap elementor-element-populated\">\n\t\t\t\t\t\t<div class=\"elementor-element elementor-element-5e343f4 elementor-widget elementor-widget-pressmart-heading\" data-id=\"5e343f4\" data-element_type=\"widget\" data-e-type=\"widget\" data-widget_type=\"pressmart-heading.default\">\n\t\t\t\t<div class=\"elementor-widget-container\">\n\t\t\t\t\t<div id=\"pressmart-header-19749\" class=\"pressmart-element pressmart-heading text-left separator-none separator-between-heading\">\t\n\t\t\t\n\t\t\t<div class=\"heading-wrap\">\n\t\t\t<span class=\"separator-left\"><\/span>\n\t\t\t<h4 class=\"heading-title\">E.T. 2-Frequenz-Ger\u00e4t und neutralisiert die Umgebung von sch\u00e4dlicher Strahlung<\/h4>\t\t\t<span class=\"separator-right\"><\/span>\n\t\t\t\t\t<\/div>\n\t\t\n    <\/div>\t\t\t\t<\/div>\n\t\t\t\t<\/div>\n\t\t\t\t<div class=\"elementor-element elementor-element-93eceae elementor-widget elementor-widget-text-editor\" data-id=\"93eceae\" data-element_type=\"widget\" data-e-type=\"widget\" data-widget_type=\"text-editor.default\">\n\t\t\t\t<div class=\"elementor-widget-container\">\n\t\t\t\t\t\t\t\t\t<p>E.T. 2-Frequenz-Ger\u00e4t und neutralisiert die Umgebung von sch\u00e4dlicher Strahlung.<br \/>Der E.T. 2 ist unter anderem ein Neutralisator sch\u00e4dlicher Strahlung und au\u00dferdem ein Frequenzger\u00e4t f\u00fcr eine nat\u00fcrliche, gesunde Strahlungsumgebung im und um das Haus. Ein ausgewogenes Produkt, das in Ihrem Zuhause platziert werden kann, zum Beispiel unter Ihrem Bett oder unter Ihrem Stuhl, f\u00fcr ein harmonisches Gef\u00fchl f\u00fcr Menschen, Tiere und Pflanzen. Die Reichweite (Radius) des E.T. 2 verl\u00e4uft etwa 2000 Meter um den E.T.2 herum und verl\u00e4uft durch Beton und Metall. Die Technologie des E.T.2 soll die Energie\/Vitalit\u00e4t von Mensch und Tier erhalten bzw. steigern. In den meisten F\u00e4llen ist der Effekt nach dem Anschlie\u00dfen des E.T.2 sofort sp\u00fcrbar. Als ob pl\u00f6tzlich Frieden f\u00fcr Mensch, Tier und Umwelt einkehrt. Auch Blumen, Pflanzen und Fr\u00fcchte wachsen schneller und besser, sodass auch Ihre Gem\u00fcsepflanzen mehr und bessere Ergebnisse erzielen.<\/p>\t\t\t\t\t\t\t\t<\/div>\n\t\t\t\t<\/div>\n\t\t\t\t\t<\/div>\n\t\t<\/div>\n\t\t\t\t<div class=\"elementor-column elementor-col-33 elementor-top-column elementor-element elementor-element-ca81899\" data-id=\"ca81899\" data-element_type=\"column\" data-e-type=\"column\">\n\t\t\t<div class=\"elementor-widget-wrap elementor-element-populated\">\n\t\t\t\t\t\t<div class=\"elementor-element elementor-element-9eb8d12 elementor-widget elementor-widget-pressmart-heading\" data-id=\"9eb8d12\" data-element_type=\"widget\" data-e-type=\"widget\" data-widget_type=\"pressmart-heading.default\">\n\t\t\t\t<div class=\"elementor-widget-container\">\n\t\t\t\t\t<div id=\"pressmart-header-12268\" class=\"pressmart-element pressmart-heading text-left separator-none separator-between-heading\">\t\n\t\t\t\n\t\t\t<div class=\"heading-wrap\">\n\t\t\t<span class=\"separator-left\"><\/span>\n\t\t\t<h4 class=\"heading-title\">Essen und Trinken.<\/h4>\t\t\t<span class=\"separator-right\"><\/span>\n\t\t\t\t\t<\/div>\n\t\t\n    <\/div>\t\t\t\t<\/div>\n\t\t\t\t<\/div>\n\t\t\t\t<div class=\"elementor-element elementor-element-7312084 elementor-widget elementor-widget-text-editor\" data-id=\"7312084\" data-element_type=\"widget\" data-e-type=\"widget\" data-widget_type=\"text-editor.default\">\n\t\t\t\t<div class=\"elementor-widget-container\">\n\t\t\t\t\t\t\t\t\t<p>Lebensmittel und Getr\u00e4nke.<br \/>Sie k\u00f6nnen alle Lebensmittel und Getr\u00e4nke 15 bis 20 Minuten lang auf das Ger\u00e4t legen. Dadurch wird die Frequenz der Lebensmittel erh\u00f6ht, sodass sie mehr Energie erhalten und es f\u00fcr Mensch und Tier ges\u00fcnder ist, diese frequenzbehandelten Lebensmittel zu konsumieren.<\/p>\t\t\t\t\t\t\t\t<\/div>\n\t\t\t\t<\/div>\n\t\t\t\t<div class=\"elementor-element elementor-element-ca08910 elementor-widget elementor-widget-pressmart-heading\" data-id=\"ca08910\" data-element_type=\"widget\" data-e-type=\"widget\" data-widget_type=\"pressmart-heading.default\">\n\t\t\t\t<div class=\"elementor-widget-container\">\n\t\t\t\t\t<div id=\"pressmart-header-34514\" class=\"pressmart-element pressmart-heading text-left separator-none separator-between-heading\">\t\n\t\t\t\n\t\t\t<div class=\"heading-wrap\">\n\t\t\t<span class=\"separator-left\"><\/span>\n\t\t\t<h4 class=\"heading-title\">Neutralisiert negative Strahlung<\/h4>\t\t\t<span class=\"separator-right\"><\/span>\n\t\t\t\t\t<\/div>\n\t\t\n    <\/div>\t\t\t\t<\/div>\n\t\t\t\t<\/div>\n\t\t\t\t<div class=\"elementor-element elementor-element-a0a335d elementor-widget elementor-widget-text-editor\" data-id=\"a0a335d\" data-element_type=\"widget\" data-e-type=\"widget\" data-widget_type=\"text-editor.default\">\n\t\t\t\t<div class=\"elementor-widget-container\">\n\t\t\t\t\t\t\t\t\t<p>Neutralisiert negative Strahlung<br \/>Der E.T. 2 Technologie bek\u00e4mpft\/neutralisiert unter anderem die vorhandene Strahlung, z. B. von; Erdstrahlen, Mobiltelefone, DECT-Telefone, WLAN oder solche von Sendemasten. Die Strahlung wird sozusagen umgeformt, so dass man nicht mehr unter negativer Strahlung leidet. Alles kabellos geht nat\u00fcrlich ganz einfach und Sie m\u00fcssen keine unn\u00f6tigen Kabel an den W\u00e4nden in Ihrem Zuhause entlangf\u00fchren. Durch die Verwendung dieses Ger\u00e4ts in Ihrem Zuhause k\u00f6nnen Sie sicher das Internet nutzen und Anrufe t\u00e4tigen, ohne Ihrem K\u00f6rper zu schaden.<\/p>\t\t\t\t\t\t\t\t<\/div>\n\t\t\t\t<\/div>\n\t\t\t\t\t<\/div>\n\t\t<\/div>\n\t\t\t\t<div class=\"elementor-column elementor-col-33 elementor-top-column elementor-element elementor-element-c29160e\" data-id=\"c29160e\" data-element_type=\"column\" data-e-type=\"column\">\n\t\t\t<div class=\"elementor-widget-wrap elementor-element-populated\">\n\t\t\t\t\t\t<div class=\"elementor-element elementor-element-cb727b6 elementor-widget elementor-widget-pressmart-heading\" data-id=\"cb727b6\" data-element_type=\"widget\" data-e-type=\"widget\" data-widget_type=\"pressmart-heading.default\">\n\t\t\t\t<div class=\"elementor-widget-container\">\n\t\t\t\t\t<div id=\"pressmart-header-9789\" class=\"pressmart-element pressmart-heading text-left separator-none separator-between-heading\">\t\n\t\t\t\n\t\t\t<div class=\"heading-wrap\">\n\t\t\t<span class=\"separator-left\"><\/span>\n\t\t\t<h4 class=\"heading-title\">Sch\u00fctzen Sie sich vor sch\u00e4dlicher Strahlung<\/h4>\t\t\t<span class=\"separator-right\"><\/span>\n\t\t\t\t\t<\/div>\n\t\t\n    <\/div>\t\t\t\t<\/div>\n\t\t\t\t<\/div>\n\t\t\t\t<div class=\"elementor-element elementor-element-019da56 elementor-widget elementor-widget-text-editor\" data-id=\"019da56\" data-element_type=\"widget\" data-e-type=\"widget\" data-widget_type=\"text-editor.default\">\n\t\t\t\t<div class=\"elementor-widget-container\">\n\t\t\t\t\t\t\t\t\t<p>Sch\u00fctzen Sie sich vor sch\u00e4dlicher Strahlung<br \/>Sch\u00fctzen Sie sich mit dem E.T. vor jeglicher negativer Strahlung. 2, der \u00fcber zwei Tesla-Spulen ein breites Spektrum harmonischer Frequenzen aussendet, darunter auch die Erdfrequenz. Die Erdfrequenz wird auch Schumann-Resonanz genannt. Die Eigenfrequenz der Erde wird derzeit vielerorts durch sch\u00e4dliche Strahlung dominiert\/unterdr\u00fcckt, was bei Menschen zu unterschiedlichsten Beschwerden f\u00fchren kann. Der E.T. 2 ist ein Ger\u00e4t, das die Umwelt wieder in Einklang bringt, sodass Menschen nicht mehr unter negativer Strahlung leiden und den Menschen Vitalit\u00e4t und Frieden zur\u00fcckgibt. Diese Technologie wurde mit der Technologie von Royal Rife, Nikola Tesla und Wilhelm Reich kombiniert. Der E.T. 2 wiegt etwa 7 Kilo, ist 10 cm hoch und hat eine L\u00e4nge von 50 und eine Breite von 32 cm. F\u00fcr weitere Informationen k\u00f6nnen Sie uns jederzeit eine E-Mail senden oder anrufen. Wenn der E.T. 2 innerhalb von 1 bis 2 Monaten nicht Ihren Erwartungen entspricht, k\u00f6nnen Sie es nach R\u00fccksprache zur\u00fcckgeben. Sie erhalten dann Ihr Geld zur\u00fcck, sofern die E.T. 2 Hausst\u00f6rer sind selbstverst\u00e4ndlich unbesch\u00e4digt, abz\u00fcglich 300,00 \u20ac Verwaltungskosten.<\/p>\t\t\t\t\t\t\t\t<\/div>\n\t\t\t\t<\/div>\n\t\t\t\t\t<\/div>\n\t\t<\/div>\n\t\t\t\t\t<\/div>\n\t\t<\/section>\n\t\t\t\t<\/div>\n\t\t","protected":false},"excerpt":{"rendered":"<p><strong>E. T. 2 Frequenzger\u00e4t und neutralisator f\u00fcr sch\u00e4dliche Strahlung und Frequenzger\u00e4t<\/strong><br \/>\n<strong>1.850,00 \u20ac<\/strong><\/p>\n<p>Beschreibung<br \/>\nDer E.T. 2 Die Technik bek\u00e4mpft bestehende Strahlungen wie etwa von Mobiltelefonen, DECT-Telefonen oder Sendemasten, sorgt aber daf\u00fcr, dass Menschen nicht mehr durch die Strahlung bel\u00e4stigt werden. Es ist auch ein Frequenzger\u00e4t f\u00fcr ein harmonischeres Leben von Menschen, Tieren und Pflanzen. Die Ma\u00dfe betragen: L\u00e4nge 55 cm, Breite 32 und das Ger\u00e4t ist 10 cm hoch. Und der Preis f\u00fcr den E.T.2 betr\u00e4gt 1850,00 \u20ac<\/p>\n","protected":false},"featured_media":25829,"template":"","meta":[],"product_cat":[257,361],"product_tag":[],"class_list":{"0":"post-22944","1":"product","2":"type-product","3":"status-publish","4":"has-post-thumbnail","6":"product_cat-alle-produkte","7":"product_cat-et-2-de","8":"product_shipping_class-post-pakket-de","10":"first","11":"instock","12":"taxable","13":"shipping-taxable","14":"purchasable","15":"product-type-simple"},"yoast_head":"<!-- This site is optimized with the Yoast SEO plugin v27.4 - https:\/\/yoast.com\/product\/yoast-seo-wordpress\/ -->\n<title>E.T.2 Frequenzger\u00e4t und neutralisator f\u00fcr sch\u00e4dliche Strahlung - Auror Scalar Technology<\/title>\n<meta name=\"description\" content=\"Der E.T. 2 Die Technik bek\u00e4mpft bestehende Strahlungen wie etwa von Sendemasten, sorgt daf\u00fcr, dass Menschen nicht mehr durch die Strahlung bel\u00e4stigt werden.\" \/>\n<meta name=\"robots\" content=\"index, follow, max-snippet:-1, max-image-preview:large, max-video-preview:-1\" \/>\n<link rel=\"canonical\" href=\"https:\/\/www.aurorscalartechnology.com\/de\/produkt\/e-t-2-frequenzgeraet-und-neutralisator-fuer-schaedliche-strahlung-2\/\" \/>\n<meta property=\"og:locale\" content=\"de_DE\" \/>\n<meta property=\"og:type\" content=\"article\" \/>\n<meta property=\"og:title\" content=\"E.T.2 Frequenzger\u00e4t und neutralisator f\u00fcr sch\u00e4dliche Strahlung - Auror Scalar Technology\" \/>\n<meta property=\"og:description\" content=\"Der E.T. 2 Die Technik bek\u00e4mpft bestehende Strahlungen wie etwa von Sendemasten, sorgt daf\u00fcr, dass Menschen nicht mehr durch die Strahlung bel\u00e4stigt werden.\" \/>\n<meta property=\"og:url\" content=\"https:\/\/www.aurorscalartechnology.com\/de\/produkt\/e-t-2-frequenzgeraet-und-neutralisator-fuer-schaedliche-strahlung-2\/\" \/>\n<meta property=\"og:site_name\" content=\"Auror Scalar Technology\" \/>\n<meta property=\"article:modified_time\" content=\"2025-09-17T11:37:36+00:00\" \/>\n<meta property=\"og:image\" content=\"https:\/\/www.aurorscalartechnology.com\/wp-content\/uploads\/2023\/08\/E.T.2-scaled.jpg\" \/>\n\t<meta property=\"og:image:width\" content=\"2560\" \/>\n\t<meta property=\"og:image:height\" content=\"1631\" \/>\n\t<meta property=\"og:image:type\" content=\"image\/jpeg\" \/>\n<meta name=\"twitter:card\" content=\"summary_large_image\" \/>\n<meta name=\"twitter:label1\" content=\"Gesch\u00e4tzte Lesezeit\" \/>\n\t<meta name=\"twitter:data1\" content=\"3\u00a0Minuten\" \/>\n<script type=\"application\/ld+json\" class=\"yoast-schema-graph\">{\"@context\":\"https:\\\/\\\/schema.org\",\"@graph\":[{\"@type\":\"WebPage\",\"@id\":\"https:\\\/\\\/www.aurorscalartechnology.com\\\/de\\\/produkt\\\/e-t-2-frequenzgeraet-und-neutralisator-fuer-schaedliche-strahlung-2\\\/\",\"url\":\"https:\\\/\\\/www.aurorscalartechnology.com\\\/de\\\/produkt\\\/e-t-2-frequenzgeraet-und-neutralisator-fuer-schaedliche-strahlung-2\\\/\",\"name\":\"E.T.2 Frequenzger\u00e4t und neutralisator f\u00fcr sch\u00e4dliche Strahlung - Auror Scalar Technology\",\"isPartOf\":{\"@id\":\"https:\\\/\\\/www.aurorscalartechnology.com\\\/de\\\/#website\"},\"primaryImageOfPage\":{\"@id\":\"https:\\\/\\\/www.aurorscalartechnology.com\\\/de\\\/produkt\\\/e-t-2-frequenzgeraet-und-neutralisator-fuer-schaedliche-strahlung-2\\\/#primaryimage\"},\"image\":{\"@id\":\"https:\\\/\\\/www.aurorscalartechnology.com\\\/de\\\/produkt\\\/e-t-2-frequenzgeraet-und-neutralisator-fuer-schaedliche-strahlung-2\\\/#primaryimage\"},\"thumbnailUrl\":\"https:\\\/\\\/www.aurorscalartechnology.com\\\/wp-content\\\/uploads\\\/2023\\\/08\\\/E.T.2-scaled.jpg\",\"datePublished\":\"2024-07-01T08:26:39+00:00\",\"dateModified\":\"2025-09-17T11:37:36+00:00\",\"description\":\"Der E.T. 2 Die Technik bek\u00e4mpft bestehende Strahlungen wie etwa von Sendemasten, sorgt daf\u00fcr, dass Menschen nicht mehr durch die Strahlung bel\u00e4stigt werden.\",\"breadcrumb\":{\"@id\":\"https:\\\/\\\/www.aurorscalartechnology.com\\\/de\\\/produkt\\\/e-t-2-frequenzgeraet-und-neutralisator-fuer-schaedliche-strahlung-2\\\/#breadcrumb\"},\"inLanguage\":\"de\",\"potentialAction\":[{\"@type\":\"ReadAction\",\"target\":[\"https:\\\/\\\/www.aurorscalartechnology.com\\\/de\\\/produkt\\\/e-t-2-frequenzgeraet-und-neutralisator-fuer-schaedliche-strahlung-2\\\/\"]}]},{\"@type\":\"ImageObject\",\"inLanguage\":\"de\",\"@id\":\"https:\\\/\\\/www.aurorscalartechnology.com\\\/de\\\/produkt\\\/e-t-2-frequenzgeraet-und-neutralisator-fuer-schaedliche-strahlung-2\\\/#primaryimage\",\"url\":\"https:\\\/\\\/www.aurorscalartechnology.com\\\/wp-content\\\/uploads\\\/2023\\\/08\\\/E.T.2-scaled.jpg\",\"contentUrl\":\"https:\\\/\\\/www.aurorscalartechnology.com\\\/wp-content\\\/uploads\\\/2023\\\/08\\\/E.T.2-scaled.jpg\",\"width\":2560,\"height\":1631},{\"@type\":\"BreadcrumbList\",\"@id\":\"https:\\\/\\\/www.aurorscalartechnology.com\\\/de\\\/produkt\\\/e-t-2-frequenzgeraet-und-neutralisator-fuer-schaedliche-strahlung-2\\\/#breadcrumb\",\"itemListElement\":[{\"@type\":\"ListItem\",\"position\":1,\"name\":\"Home\",\"item\":\"https:\\\/\\\/www.aurorscalartechnology.com\\\/de\\\/\"},{\"@type\":\"ListItem\",\"position\":2,\"name\":\"Shop\",\"item\":\"https:\\\/\\\/www.aurorscalartechnology.com\\\/de\\\/shop-2\\\/\"},{\"@type\":\"ListItem\",\"position\":3,\"name\":\"E.T.2 Frequenzger\u00e4t und neutralisator f\u00fcr sch\u00e4dliche Strahlung\"}]},{\"@type\":\"WebSite\",\"@id\":\"https:\\\/\\\/www.aurorscalartechnology.com\\\/de\\\/#website\",\"url\":\"https:\\\/\\\/www.aurorscalartechnology.com\\\/de\\\/\",\"name\":\"Auror Scalar Technology\",\"description\":\"\",\"potentialAction\":[{\"@type\":\"SearchAction\",\"target\":{\"@type\":\"EntryPoint\",\"urlTemplate\":\"https:\\\/\\\/www.aurorscalartechnology.com\\\/de\\\/?s={search_term_string}\"},\"query-input\":{\"@type\":\"PropertyValueSpecification\",\"valueRequired\":true,\"valueName\":\"search_term_string\"}}],\"inLanguage\":\"de\"}]}<\/script>\n<!-- \/ Yoast SEO plugin. -->","yoast_head_json":{"title":"E.T.2 Frequenzger\u00e4t und neutralisator f\u00fcr sch\u00e4dliche Strahlung - Auror Scalar Technology","description":"Der E.T. 2 Die Technik bek\u00e4mpft bestehende Strahlungen wie etwa von Sendemasten, sorgt daf\u00fcr, dass Menschen nicht mehr durch die Strahlung bel\u00e4stigt werden.","robots":{"index":"index","follow":"follow","max-snippet":"max-snippet:-1","max-image-preview":"max-image-preview:large","max-video-preview":"max-video-preview:-1"},"canonical":"https:\/\/www.aurorscalartechnology.com\/de\/produkt\/e-t-2-frequenzgeraet-und-neutralisator-fuer-schaedliche-strahlung-2\/","og_locale":"de_DE","og_type":"article","og_title":"E.T.2 Frequenzger\u00e4t und neutralisator f\u00fcr sch\u00e4dliche Strahlung - Auror Scalar Technology","og_description":"Der E.T. 2 Die Technik bek\u00e4mpft bestehende Strahlungen wie etwa von Sendemasten, sorgt daf\u00fcr, dass Menschen nicht mehr durch die Strahlung bel\u00e4stigt werden.","og_url":"https:\/\/www.aurorscalartechnology.com\/de\/produkt\/e-t-2-frequenzgeraet-und-neutralisator-fuer-schaedliche-strahlung-2\/","og_site_name":"Auror Scalar Technology","article_modified_time":"2025-09-17T11:37:36+00:00","og_image":[{"width":2560,"height":1631,"url":"https:\/\/www.aurorscalartechnology.com\/wp-content\/uploads\/2023\/08\/E.T.2-scaled.jpg","type":"image\/jpeg"}],"twitter_card":"summary_large_image","twitter_misc":{"Gesch\u00e4tzte Lesezeit":"3\u00a0Minuten"},"schema":{"@context":"https:\/\/schema.org","@graph":[{"@type":"WebPage","@id":"https:\/\/www.aurorscalartechnology.com\/de\/produkt\/e-t-2-frequenzgeraet-und-neutralisator-fuer-schaedliche-strahlung-2\/","url":"https:\/\/www.aurorscalartechnology.com\/de\/produkt\/e-t-2-frequenzgeraet-und-neutralisator-fuer-schaedliche-strahlung-2\/","name":"E.T.2 Frequenzger\u00e4t und neutralisator f\u00fcr sch\u00e4dliche Strahlung - Auror Scalar Technology","isPartOf":{"@id":"https:\/\/www.aurorscalartechnology.com\/de\/#website"},"primaryImageOfPage":{"@id":"https:\/\/www.aurorscalartechnology.com\/de\/produkt\/e-t-2-frequenzgeraet-und-neutralisator-fuer-schaedliche-strahlung-2\/#primaryimage"},"image":{"@id":"https:\/\/www.aurorscalartechnology.com\/de\/produkt\/e-t-2-frequenzgeraet-und-neutralisator-fuer-schaedliche-strahlung-2\/#primaryimage"},"thumbnailUrl":"https:\/\/www.aurorscalartechnology.com\/wp-content\/uploads\/2023\/08\/E.T.2-scaled.jpg","datePublished":"2024-07-01T08:26:39+00:00","dateModified":"2025-09-17T11:37:36+00:00","description":"Der E.T. 2 Die Technik bek\u00e4mpft bestehende Strahlungen wie etwa von Sendemasten, sorgt daf\u00fcr, dass Menschen nicht mehr durch die Strahlung bel\u00e4stigt werden.","breadcrumb":{"@id":"https:\/\/www.aurorscalartechnology.com\/de\/produkt\/e-t-2-frequenzgeraet-und-neutralisator-fuer-schaedliche-strahlung-2\/#breadcrumb"},"inLanguage":"de","potentialAction":[{"@type":"ReadAction","target":["https:\/\/www.aurorscalartechnology.com\/de\/produkt\/e-t-2-frequenzgeraet-und-neutralisator-fuer-schaedliche-strahlung-2\/"]}]},{"@type":"ImageObject","inLanguage":"de","@id":"https:\/\/www.aurorscalartechnology.com\/de\/produkt\/e-t-2-frequenzgeraet-und-neutralisator-fuer-schaedliche-strahlung-2\/#primaryimage","url":"https:\/\/www.aurorscalartechnology.com\/wp-content\/uploads\/2023\/08\/E.T.2-scaled.jpg","contentUrl":"https:\/\/www.aurorscalartechnology.com\/wp-content\/uploads\/2023\/08\/E.T.2-scaled.jpg","width":2560,"height":1631},{"@type":"BreadcrumbList","@id":"https:\/\/www.aurorscalartechnology.com\/de\/produkt\/e-t-2-frequenzgeraet-und-neutralisator-fuer-schaedliche-strahlung-2\/#breadcrumb","itemListElement":[{"@type":"ListItem","position":1,"name":"Home","item":"https:\/\/www.aurorscalartechnology.com\/de\/"},{"@type":"ListItem","position":2,"name":"Shop","item":"https:\/\/www.aurorscalartechnology.com\/de\/shop-2\/"},{"@type":"ListItem","position":3,"name":"E.T.2 Frequenzger\u00e4t und neutralisator f\u00fcr sch\u00e4dliche Strahlung"}]},{"@type":"WebSite","@id":"https:\/\/www.aurorscalartechnology.com\/de\/#website","url":"https:\/\/www.aurorscalartechnology.com\/de\/","name":"Auror Scalar Technology","description":"","potentialAction":[{"@type":"SearchAction","target":{"@type":"EntryPoint","urlTemplate":"https:\/\/www.aurorscalartechnology.com\/de\/?s={search_term_string}"},"query-input":{"@type":"PropertyValueSpecification","valueRequired":true,"valueName":"search_term_string"}}],"inLanguage":"de"}]}},"_links":{"self":[{"href":"https:\/\/www.aurorscalartechnology.com\/de\/wp-json\/wp\/v2\/product\/22944","targetHints":{"allow":["GET"]}}],"collection":[{"href":"https:\/\/www.aurorscalartechnology.com\/de\/wp-json\/wp\/v2\/product"}],"about":[{"href":"https:\/\/www.aurorscalartechnology.com\/de\/wp-json\/wp\/v2\/types\/product"}],"version-history":[{"count":17,"href":"https:\/\/www.aurorscalartechnology.com\/de\/wp-json\/wp\/v2\/product\/22944\/revisions"}],"predecessor-version":[{"id":26203,"href":"https:\/\/www.aurorscalartechnology.com\/de\/wp-json\/wp\/v2\/product\/22944\/revisions\/26203"}],"wp:featuredmedia":[{"embeddable":true,"href":"https:\/\/www.aurorscalartechnology.com\/de\/wp-json\/wp\/v2\/media\/25829"}],"wp:attachment":[{"href":"https:\/\/www.aurorscalartechnology.com\/de\/wp-json\/wp\/v2\/media?parent=22944"}],"wp:term":[{"taxonomy":"product_cat","embeddable":true,"href":"https:\/\/www.aurorscalartechnology.com\/de\/wp-json\/wp\/v2\/product_cat?post=22944"},{"taxonomy":"product_tag","embeddable":true,"href":"https:\/\/www.aurorscalartechnology.com\/de\/wp-json\/wp\/v2\/product_tag?post=22944"}],"curies":[{"name":"wp","href":"https:\/\/api.w.org\/{rel}","templated":true}]}}