{"id":24186,"date":"2024-11-21T12:44:20","date_gmt":"2024-11-21T12:44:20","guid":{"rendered":"https:\/\/www.aurorscalartechnology.com\/?post_type=product&#038;p=24186"},"modified":"2025-09-01T11:49:45","modified_gmt":"2025-09-01T09:49:45","slug":"hvr-formel-und-mineralienkomplex-200-ml","status":"publish","type":"product","link":"https:\/\/www.aurorscalartechnology.com\/de\/produkt\/hvr-formel-und-mineralienkomplex-200-ml\/","title":{"rendered":"HVR-Formel und Mineralienkomplex 200 ml (kopie)"},"content":{"rendered":"\t\t<div data-elementor-type=\"wp-post\" data-elementor-id=\"24186\" class=\"elementor elementor-24186\">\n\t\t\t\t\t\t<section class=\"elementor-section elementor-top-section elementor-element elementor-element-51fff16 elementor-section-boxed elementor-section-height-default elementor-section-height-default\" data-id=\"51fff16\" data-element_type=\"section\" data-e-type=\"section\">\n\t\t\t\t\t\t<div class=\"elementor-container elementor-column-gap-default\">\n\t\t\t\t\t<div class=\"elementor-column elementor-col-100 elementor-top-column elementor-element elementor-element-c0f19c1\" data-id=\"c0f19c1\" data-element_type=\"column\" data-e-type=\"column\">\n\t\t\t<div class=\"elementor-widget-wrap elementor-element-populated\">\n\t\t\t\t\t\t<div class=\"elementor-element elementor-element-64548fd elementor-widget__width-initial elementor-widget elementor-widget-text-editor\" data-id=\"64548fd\" data-element_type=\"widget\" data-e-type=\"widget\" data-widget_type=\"text-editor.default\">\n\t\t\t\t<div class=\"elementor-widget-container\">\n\t\t\t\t\t\t\t\t\t<p>HVR Formula und Minerals Complex sind auf ein langes Leben ausgerichtet, um k\u00f6rperliche und geistige Probleme zu vermeiden. Ein K\u00f6rper ist nicht daf\u00fcr gemacht, 50, 60 oder 70 Jahre zu leben, ein K\u00f6rper sollte in der Lage sein, mindestens 130 Jahre und mit Lebensqualit\u00e4t zu leben. Vitalit\u00e4t, Lebensfreude und ein langes Leben, daf\u00fcr wurden diese beiden Produkte entwickelt und es ist am besten, sie gemeinsam zu verwenden. Nat\u00fcrlich kennen wir unseren Bauplan nicht, das hei\u00dft, wir wissen nicht, wie unser Lebensweg aussehen wird, der zum gro\u00dfen Teil schon festgelegt ist. Auch das spielt in unserem Leben eine gro\u00dfe Rolle. Beide Flaschen enthalten 200 ml und reichen bei der empfohlenen Dosierung etwa vier Monate, es darf aber auch mehr sein. F\u00fcr weitere Informationen lesen Sie am besten die Beschreibungen der einzelnen Produkte auf dieser Website.<\/p>\t\t\t\t\t\t\t\t<\/div>\n\t\t\t\t<\/div>\n\t\t\t\t\t<\/div>\n\t\t<\/div>\n\t\t\t\t\t<\/div>\n\t\t<\/section>\n\t\t\t\t<\/div>\n\t\t","protected":false},"excerpt":{"rendered":"<p><strong>HVR Formel und Mineralkomplex 200ml<\/strong><\/p>\n<p>Beschreibung<br \/>\nH V R Formel mit TA65 und Kohlenstoff\/ Kohlenstoff und Procain 200ml + Kolloidaler Mineralkomplex 200ml. Normalerweise 250 Euro, jetzt vor\u00fcbergehend mit 25 Euro Rabatt.<\/p>\n<p>&nbsp;<\/p>\n","protected":false},"featured_media":22734,"template":"","meta":[],"product_cat":[257],"product_tag":[],"class_list":{"0":"post-24186","1":"product","2":"type-product","3":"status-publish","4":"has-post-thumbnail","6":"product_cat-alle-produkte","8":"first","9":"instock","10":"sale","11":"taxable","12":"shipping-taxable","13":"purchasable","14":"product-type-simple"},"yoast_head":"<!-- This site is optimized with the Yoast SEO plugin v27.4 - https:\/\/yoast.com\/product\/yoast-seo-wordpress\/ -->\n<title>HVR-Formel und Mineralienkomplex 200 ml (kopie) - Auror Scalar Technology<\/title>\n<meta name=\"description\" content=\"HVR Formula und Minerals Complex sind auf ein langes Leben ausgerichtet, um k\u00f6rperliche und geistige Probleme zu vermeiden.\" \/>\n<meta name=\"robots\" content=\"index, follow, max-snippet:-1, max-image-preview:large, max-video-preview:-1\" \/>\n<link rel=\"canonical\" href=\"https:\/\/www.aurorscalartechnology.com\/de\/produkt\/hvr-formel-und-mineralienkomplex-200-ml\/\" \/>\n<meta property=\"og:locale\" content=\"de_DE\" \/>\n<meta property=\"og:type\" content=\"article\" \/>\n<meta property=\"og:title\" content=\"HVR-Formel und Mineralienkomplex 200 ml (kopie) - Auror Scalar Technology\" \/>\n<meta property=\"og:description\" content=\"HVR Formula und Minerals Complex sind auf ein langes Leben ausgerichtet, um k\u00f6rperliche und geistige Probleme zu vermeiden.\" \/>\n<meta property=\"og:url\" content=\"https:\/\/www.aurorscalartechnology.com\/de\/produkt\/hvr-formel-und-mineralienkomplex-200-ml\/\" \/>\n<meta property=\"og:site_name\" content=\"Auror Scalar Technology\" \/>\n<meta property=\"article:modified_time\" content=\"2025-09-01T09:49:45+00:00\" \/>\n<meta property=\"og:image\" content=\"https:\/\/www.aurorscalartechnology.com\/wp-content\/uploads\/2024\/05\/14b-1-scaled.jpg\" \/>\n\t<meta property=\"og:image:width\" content=\"2560\" \/>\n\t<meta property=\"og:image:height\" content=\"2019\" \/>\n\t<meta property=\"og:image:type\" content=\"image\/jpeg\" \/>\n<meta name=\"twitter:card\" content=\"summary_large_image\" \/>\n<meta name=\"twitter:label1\" content=\"Gesch\u00e4tzte Lesezeit\" \/>\n\t<meta name=\"twitter:data1\" content=\"1\u00a0Minute\" \/>\n<script type=\"application\/ld+json\" class=\"yoast-schema-graph\">{\"@context\":\"https:\\\/\\\/schema.org\",\"@graph\":[{\"@type\":\"WebPage\",\"@id\":\"https:\\\/\\\/www.aurorscalartechnology.com\\\/de\\\/produkt\\\/hvr-formel-und-mineralienkomplex-200-ml\\\/\",\"url\":\"https:\\\/\\\/www.aurorscalartechnology.com\\\/de\\\/produkt\\\/hvr-formel-und-mineralienkomplex-200-ml\\\/\",\"name\":\"HVR-Formel und Mineralienkomplex 200 ml (kopie) - Auror Scalar Technology\",\"isPartOf\":{\"@id\":\"https:\\\/\\\/www.aurorscalartechnology.com\\\/de\\\/#website\"},\"primaryImageOfPage\":{\"@id\":\"https:\\\/\\\/www.aurorscalartechnology.com\\\/de\\\/produkt\\\/hvr-formel-und-mineralienkomplex-200-ml\\\/#primaryimage\"},\"image\":{\"@id\":\"https:\\\/\\\/www.aurorscalartechnology.com\\\/de\\\/produkt\\\/hvr-formel-und-mineralienkomplex-200-ml\\\/#primaryimage\"},\"thumbnailUrl\":\"https:\\\/\\\/www.aurorscalartechnology.com\\\/wp-content\\\/uploads\\\/2024\\\/05\\\/14b-1-scaled.jpg\",\"datePublished\":\"2024-11-21T12:44:20+00:00\",\"dateModified\":\"2025-09-01T09:49:45+00:00\",\"description\":\"HVR Formula und Minerals Complex sind auf ein langes Leben ausgerichtet, um k\u00f6rperliche und geistige Probleme zu vermeiden.\",\"breadcrumb\":{\"@id\":\"https:\\\/\\\/www.aurorscalartechnology.com\\\/de\\\/produkt\\\/hvr-formel-und-mineralienkomplex-200-ml\\\/#breadcrumb\"},\"inLanguage\":\"de\",\"potentialAction\":[{\"@type\":\"ReadAction\",\"target\":[\"https:\\\/\\\/www.aurorscalartechnology.com\\\/de\\\/produkt\\\/hvr-formel-und-mineralienkomplex-200-ml\\\/\"]}]},{\"@type\":\"ImageObject\",\"inLanguage\":\"de\",\"@id\":\"https:\\\/\\\/www.aurorscalartechnology.com\\\/de\\\/produkt\\\/hvr-formel-und-mineralienkomplex-200-ml\\\/#primaryimage\",\"url\":\"https:\\\/\\\/www.aurorscalartechnology.com\\\/wp-content\\\/uploads\\\/2024\\\/05\\\/14b-1-scaled.jpg\",\"contentUrl\":\"https:\\\/\\\/www.aurorscalartechnology.com\\\/wp-content\\\/uploads\\\/2024\\\/05\\\/14b-1-scaled.jpg\",\"width\":2560,\"height\":2019},{\"@type\":\"BreadcrumbList\",\"@id\":\"https:\\\/\\\/www.aurorscalartechnology.com\\\/de\\\/produkt\\\/hvr-formel-und-mineralienkomplex-200-ml\\\/#breadcrumb\",\"itemListElement\":[{\"@type\":\"ListItem\",\"position\":1,\"name\":\"Home\",\"item\":\"https:\\\/\\\/www.aurorscalartechnology.com\\\/de\\\/\"},{\"@type\":\"ListItem\",\"position\":2,\"name\":\"Shop\",\"item\":\"https:\\\/\\\/www.aurorscalartechnology.com\\\/de\\\/shop-2\\\/\"},{\"@type\":\"ListItem\",\"position\":3,\"name\":\"HVR-Formel und Mineralienkomplex 200 ml (kopie)\"}]},{\"@type\":\"WebSite\",\"@id\":\"https:\\\/\\\/www.aurorscalartechnology.com\\\/de\\\/#website\",\"url\":\"https:\\\/\\\/www.aurorscalartechnology.com\\\/de\\\/\",\"name\":\"Auror Scalar Technology\",\"description\":\"\",\"potentialAction\":[{\"@type\":\"SearchAction\",\"target\":{\"@type\":\"EntryPoint\",\"urlTemplate\":\"https:\\\/\\\/www.aurorscalartechnology.com\\\/de\\\/?s={search_term_string}\"},\"query-input\":{\"@type\":\"PropertyValueSpecification\",\"valueRequired\":true,\"valueName\":\"search_term_string\"}}],\"inLanguage\":\"de\"}]}<\/script>\n<!-- \/ Yoast SEO plugin. -->","yoast_head_json":{"title":"HVR-Formel und Mineralienkomplex 200 ml (kopie) - Auror Scalar Technology","description":"HVR Formula und Minerals Complex sind auf ein langes Leben ausgerichtet, um k\u00f6rperliche und geistige Probleme zu vermeiden.","robots":{"index":"index","follow":"follow","max-snippet":"max-snippet:-1","max-image-preview":"max-image-preview:large","max-video-preview":"max-video-preview:-1"},"canonical":"https:\/\/www.aurorscalartechnology.com\/de\/produkt\/hvr-formel-und-mineralienkomplex-200-ml\/","og_locale":"de_DE","og_type":"article","og_title":"HVR-Formel und Mineralienkomplex 200 ml (kopie) - Auror Scalar Technology","og_description":"HVR Formula und Minerals Complex sind auf ein langes Leben ausgerichtet, um k\u00f6rperliche und geistige Probleme zu vermeiden.","og_url":"https:\/\/www.aurorscalartechnology.com\/de\/produkt\/hvr-formel-und-mineralienkomplex-200-ml\/","og_site_name":"Auror Scalar Technology","article_modified_time":"2025-09-01T09:49:45+00:00","og_image":[{"width":2560,"height":2019,"url":"https:\/\/www.aurorscalartechnology.com\/wp-content\/uploads\/2024\/05\/14b-1-scaled.jpg","type":"image\/jpeg"}],"twitter_card":"summary_large_image","twitter_misc":{"Gesch\u00e4tzte Lesezeit":"1\u00a0Minute"},"schema":{"@context":"https:\/\/schema.org","@graph":[{"@type":"WebPage","@id":"https:\/\/www.aurorscalartechnology.com\/de\/produkt\/hvr-formel-und-mineralienkomplex-200-ml\/","url":"https:\/\/www.aurorscalartechnology.com\/de\/produkt\/hvr-formel-und-mineralienkomplex-200-ml\/","name":"HVR-Formel und Mineralienkomplex 200 ml (kopie) - Auror Scalar Technology","isPartOf":{"@id":"https:\/\/www.aurorscalartechnology.com\/de\/#website"},"primaryImageOfPage":{"@id":"https:\/\/www.aurorscalartechnology.com\/de\/produkt\/hvr-formel-und-mineralienkomplex-200-ml\/#primaryimage"},"image":{"@id":"https:\/\/www.aurorscalartechnology.com\/de\/produkt\/hvr-formel-und-mineralienkomplex-200-ml\/#primaryimage"},"thumbnailUrl":"https:\/\/www.aurorscalartechnology.com\/wp-content\/uploads\/2024\/05\/14b-1-scaled.jpg","datePublished":"2024-11-21T12:44:20+00:00","dateModified":"2025-09-01T09:49:45+00:00","description":"HVR Formula und Minerals Complex sind auf ein langes Leben ausgerichtet, um k\u00f6rperliche und geistige Probleme zu vermeiden.","breadcrumb":{"@id":"https:\/\/www.aurorscalartechnology.com\/de\/produkt\/hvr-formel-und-mineralienkomplex-200-ml\/#breadcrumb"},"inLanguage":"de","potentialAction":[{"@type":"ReadAction","target":["https:\/\/www.aurorscalartechnology.com\/de\/produkt\/hvr-formel-und-mineralienkomplex-200-ml\/"]}]},{"@type":"ImageObject","inLanguage":"de","@id":"https:\/\/www.aurorscalartechnology.com\/de\/produkt\/hvr-formel-und-mineralienkomplex-200-ml\/#primaryimage","url":"https:\/\/www.aurorscalartechnology.com\/wp-content\/uploads\/2024\/05\/14b-1-scaled.jpg","contentUrl":"https:\/\/www.aurorscalartechnology.com\/wp-content\/uploads\/2024\/05\/14b-1-scaled.jpg","width":2560,"height":2019},{"@type":"BreadcrumbList","@id":"https:\/\/www.aurorscalartechnology.com\/de\/produkt\/hvr-formel-und-mineralienkomplex-200-ml\/#breadcrumb","itemListElement":[{"@type":"ListItem","position":1,"name":"Home","item":"https:\/\/www.aurorscalartechnology.com\/de\/"},{"@type":"ListItem","position":2,"name":"Shop","item":"https:\/\/www.aurorscalartechnology.com\/de\/shop-2\/"},{"@type":"ListItem","position":3,"name":"HVR-Formel und Mineralienkomplex 200 ml (kopie)"}]},{"@type":"WebSite","@id":"https:\/\/www.aurorscalartechnology.com\/de\/#website","url":"https:\/\/www.aurorscalartechnology.com\/de\/","name":"Auror Scalar Technology","description":"","potentialAction":[{"@type":"SearchAction","target":{"@type":"EntryPoint","urlTemplate":"https:\/\/www.aurorscalartechnology.com\/de\/?s={search_term_string}"},"query-input":{"@type":"PropertyValueSpecification","valueRequired":true,"valueName":"search_term_string"}}],"inLanguage":"de"}]}},"_links":{"self":[{"href":"https:\/\/www.aurorscalartechnology.com\/de\/wp-json\/wp\/v2\/product\/24186","targetHints":{"allow":["GET"]}}],"collection":[{"href":"https:\/\/www.aurorscalartechnology.com\/de\/wp-json\/wp\/v2\/product"}],"about":[{"href":"https:\/\/www.aurorscalartechnology.com\/de\/wp-json\/wp\/v2\/types\/product"}],"version-history":[{"count":2,"href":"https:\/\/www.aurorscalartechnology.com\/de\/wp-json\/wp\/v2\/product\/24186\/revisions"}],"predecessor-version":[{"id":26050,"href":"https:\/\/www.aurorscalartechnology.com\/de\/wp-json\/wp\/v2\/product\/24186\/revisions\/26050"}],"wp:featuredmedia":[{"embeddable":true,"href":"https:\/\/www.aurorscalartechnology.com\/de\/wp-json\/wp\/v2\/media\/22734"}],"wp:attachment":[{"href":"https:\/\/www.aurorscalartechnology.com\/de\/wp-json\/wp\/v2\/media?parent=24186"}],"wp:term":[{"taxonomy":"product_cat","embeddable":true,"href":"https:\/\/www.aurorscalartechnology.com\/de\/wp-json\/wp\/v2\/product_cat?post=24186"},{"taxonomy":"product_tag","embeddable":true,"href":"https:\/\/www.aurorscalartechnology.com\/de\/wp-json\/wp\/v2\/product_tag?post=24186"}],"curies":[{"name":"wp","href":"https:\/\/api.w.org\/{rel}","templated":true}]}}