{"id":2471,"date":"2023-08-07T13:34:38","date_gmt":"2023-08-07T13:34:38","guid":{"rendered":"https:\/\/www.aurorscalartechnology.com\/product\/ontgiften-met-borax-detox\/"},"modified":"2023-08-31T12:36:36","modified_gmt":"2023-08-31T12:36:36","slug":"ontgiften-met-borax-detox","status":"publish","type":"product","link":"https:\/\/www.aurorscalartechnology.com\/de\/produkt\/ontgiften-met-borax-detox\/","title":{"rendered":"Entgiften mit Borax Kristal Detox 150 PPM, 500 ml"},"content":{"rendered":"\t\t<div data-elementor-type=\"wp-post\" data-elementor-id=\"2471\" class=\"elementor elementor-2471 elementor-1187\">\n\t\t\t\t\t\t<section class=\"elementor-section elementor-top-section elementor-element elementor-element-ac98f48 elementor-section-boxed elementor-section-height-default elementor-section-height-default\" data-id=\"ac98f48\" data-element_type=\"section\" data-e-type=\"section\">\n\t\t\t\t\t\t<div class=\"elementor-container elementor-column-gap-default\">\n\t\t\t\t\t<div class=\"elementor-column elementor-col-33 elementor-top-column elementor-element elementor-element-a9c3cf6\" data-id=\"a9c3cf6\" data-element_type=\"column\" data-e-type=\"column\">\n\t\t\t<div class=\"elementor-widget-wrap elementor-element-populated\">\n\t\t\t\t\t\t<div class=\"elementor-element elementor-element-93eceae elementor-widget elementor-widget-text-editor\" data-id=\"93eceae\" data-element_type=\"widget\" data-e-type=\"widget\" data-widget_type=\"text-editor.default\">\n\t\t\t\t<div class=\"elementor-widget-container\">\n\t\t\t\t\t\t\t\t\t<div class=\"elementor-element elementor-element-5e343f4 elementor-widget elementor-widget-pressmart-heading\" data-id=\"5e343f4\" data-element_type=\"widget\" data-widget_type=\"pressmart-heading.default\"><div class=\"elementor-widget-container\"><div id=\"pressmart-header-75945\" class=\"pressmart-element pressmart-heading text-left separator-none separator-between-heading\"><div class=\"heading-wrap\"><h4 class=\"heading-title\">Entgiften mit Borax Kristall Detox<\/h4><\/div><\/div><\/div><\/div><div class=\"elementor-element elementor-element-93eceae elementor-widget elementor-widget-text-editor\" data-id=\"93eceae\" data-element_type=\"widget\" data-widget_type=\"text-editor.default\"><div class=\"elementor-widget-container\"><p>Schlagen Arthritis und Osteoporose. Das ist der Titel des Buches von Dr. Rex E. Newnham \u00fcber Krankheiten, die sie sagen, dass sie unheilbar sind. Das ist nicht wahr, alles ist m\u00f6glich nur, aber das wird nicht f\u00fcr alle Menschen gelten.<\/p><p>Oft gibt es eine schlechte Wahl Ern\u00e4hrung und Essen hier oft an der Wurzel. Aber auch Stress und zu wenig Schlaf k\u00f6nnen einen gro\u00dfen Einfluss haben. Diese Faktoren k\u00f6nnen zu einem Mangel an, unter anderem Bor \/ Borax f\u00fchren<\/p><p>Bor wird in Karotten, Birnen, \u00c4pfel, Trauben, N\u00fcsse und Getreide gefunden. Dr. Rex Newnham entdeckte Anfang der achtziger Jahre, dass gesunde Menschen 6 Milligramm Bor pro Tag und brauchen, Menschen die von dieser Mangelerkrankungen 10 Milligramm wiederherstellen m\u00f6chten.<\/p><p>Er war in der Lage, diese Welt zu zeigen, indem sie die getesteten Lebensmittel mit der Anzahl der F\u00e4lle pro Region zu vergleichen, wo viele Arthritis und andere Unannehmlichkeiten gemeinsam sind.<\/p><p>Zum Beispiel fand er in Jamaika, dass alle Lebensmittel nicht ausreichend Bor (1 Milligramm) enthielt und 70% hatten Arthritis. In den USA, England, Australien, Neuseeland und S\u00fcdafrika enthielten die Stromversorgung 1 bis 2 Milligramm Bor und kam in 20% Arthritis, vor allem bei \u00e4lteren Menschen.<\/p><p>In Populationen mit nicht produziert Nahrung und damit mehr als ausreichend Bor innerhalb der Krankheit empfangen wurde einfach nicht. Westler haben fast alle einen Mangel an Borax \/ Bor.<\/p><p>Laut dem Autor des Buches Dies ist noch nicht gen\u00fcgend Beweise vorliegen, aber bedeutet, dass die Richtung, in die wir die man auf jeden Fall die Kombination und Synergie verschiedener Mineralien betrachten sollten, nicht aus den Augen verliert.<\/p><p>Das Problem ist eben, dass es in unserer modernen Ern\u00e4hrung Fehler fatal ist. Auch dort wird viel mit unserer Nahrung manipuliert.<\/p><p>Bohrer tendenziell Fokus\/St\u00e4rkung der Knochen, Zahnschmelz, N\u00e4gel, Milz und Nebenschilddr\u00fcse. Es ist schnell und einfach, vor allem \u00fcber den Urin ausgeschieden. Dies bedeutet, dass eine regelm\u00e4\u00dfige Einnahme von Bor\/Borax ben\u00f6tigt wird.<\/p><\/div><\/div>\t\t\t\t\t\t\t\t<\/div>\n\t\t\t\t<\/div>\n\t\t\t\t\t<\/div>\n\t\t<\/div>\n\t\t\t\t<div class=\"elementor-column elementor-col-33 elementor-top-column elementor-element elementor-element-ca81899\" data-id=\"ca81899\" data-element_type=\"column\" data-e-type=\"column\">\n\t\t\t<div class=\"elementor-widget-wrap elementor-element-populated\">\n\t\t\t\t\t\t<div class=\"elementor-element elementor-element-0550820 elementor-widget elementor-widget-text-editor\" data-id=\"0550820\" data-element_type=\"widget\" data-e-type=\"widget\" data-widget_type=\"text-editor.default\">\n\t\t\t\t<div class=\"elementor-widget-container\">\n\t\t\t\t\t\t\t\t\t<h3><strong>Was ist Borax?<\/strong><\/h3><p>Borax (Natriumtetraborat-Hexahydrat oder Natriumborat) ist ein nat\u00fcrlich vorkommendes Mineral aus Natrium, Bor, Sauerstoff und Wasser. Es wird seit \u00fcber 4000 Jahren als Heilmittel verwendet. Am meisten produzierten Borax wird aus Seen gewonnen. Es wird in gro\u00dfen Mengen in den westlichen der Vereinigten Staaten, den Mittelmeerl\u00e4ndern, Kasachstan und der Region Tibet von China gefunden. Die T\u00fcrkei ist eines der gr\u00f6\u00dften kommerziellen Produzenten von Borate.<\/p><p>Drill neigt zu konzentrieren \/ St\u00e4rkung der Knochen, Zahnschmelz, N\u00e4gel, Milz und Parat. Es wird schnell ausgeschieden und einfach, vor allem durch den Urin. Dies bedeutet, dass eine regelm\u00e4\u00dfige Einnahme von Bohrer \/ Borax ist erforderlich.<\/p><ul><li>Borax kann der Schutz gegen den Aufbau von Fluoriden in den K\u00f6rper zur Verf\u00fcgung stellen; ist wirksam als Mittel gegen Fluorid Toxizit\u00e4t; und Fluoride aus dem K\u00f6rper zu entfernen. Hat eine antimikrobielle Wirkung. Borax ist giftig f\u00fcr Insekten, Parasiten, Protozoen und Bakterien.<\/li><li>Wirksam gegen Schimmel und Pilze, sowohl intern als auch extern.<\/li><li>Anti-Virus.<\/li><li>Stimuliert die Produktion von Hormonen und stabilisiert \u00d6strogen.<\/li><li>Immunsystem Verst\u00e4rkung . f\u00f6rdert die Heilung von Wunden.<\/li><li>Verringerung der Entz\u00fcndung.<\/li><li>Aphrodisiakum f\u00fcr M\u00e4nner und Frauen. Kann eine positive Wirkung auf geringe Libido haben. Drill stimuliert die Produktion von Testosteron und DHT und normalisiert \u00d6strogen.<\/li><li>Hilft Giftstoffe zu beseitigen. Schutz vor Schwermetallen.<\/li><li>Wirkt als Stabilisator von Calcium, Silicium, Kupfer und Magnesiumspiegel, hemmt Verkalkung. Ausreichende Borax \/ Bohren normalisiert den Gehalt an Calcium und kann sowohl abnorme Verkalkung und Knochenschw\u00e4che verhindern.<\/li><li>Bor \/ Borax hemmt die Akkumulation von anorganischem Kupfer in den Knochen und verhindert den Knochenverlust.<\/li><li>Boron \/ Borax hilft bei der Assimilation von verschiedenen Mineralien, vor allem Calcium und Silizium. Diejenigen mit wenig Borax \/ Bor in ihrer Ern\u00e4hrung k\u00f6nnen unterschiedliche Knochen, Haut und Bindegewebserkrankungen.<\/li><li>Verbessert die Aufmerksamkeit und Konzentration, arbeiten sowohl in der kurz- und langfristigen Ged\u00e4chtnis, Wahrnehmung, Hand-Auge-Koordination und Geschicklichkeit.<\/li><\/ul>\t\t\t\t\t\t\t\t<\/div>\n\t\t\t\t<\/div>\n\t\t\t\t\t<\/div>\n\t\t<\/div>\n\t\t\t\t<div class=\"elementor-column elementor-col-33 elementor-top-column elementor-element elementor-element-c29160e\" data-id=\"c29160e\" data-element_type=\"column\" data-e-type=\"column\">\n\t\t\t<div class=\"elementor-widget-wrap elementor-element-populated\">\n\t\t\t\t\t\t<div class=\"elementor-element elementor-element-27dae99 elementor-widget elementor-widget-text-editor\" data-id=\"27dae99\" data-element_type=\"widget\" data-e-type=\"widget\" data-widget_type=\"text-editor.default\">\n\t\t\t\t<div class=\"elementor-widget-container\">\n\t\t\t\t\t\t\t\t\t<p><strong>Referenzen<\/strong><\/p><ol><li>Elsair J Merad R Denine R Reggabi M Benali S, M Azzouz, Khelfat K Tabet aoul M. Boron als Antidot bei akuten Fluorid-Intoxikation bei Kaninchen: seine Wirkung auf das Fluorid und Kalzium-Phosphor-Stoffwechsel. Fluoride 13: 30-38 (1980).<\/li><li>Elsair J Merad R Denine R Azzouz M Khelfat K Hamrour M Alamir B, S Benali, Reggabi M. Boron Welle Antidot gegen Fluorid: Wirkung auf Knochen und Krallen in subakute Vergiftung oder Kaninchen. Fluoride 14: 21-29 (1981).<\/li><li>Elsair J Merad R Denine R Reggabi M Benali S Hamrour HM, Azzouz M Khalfat K Tabet aoul M Nauer J. Wirkung von Bor auf fluorosis: Eine experimentelle Studie. Fluoride 15: 75-78 (1982).<\/li><li>Franke J Runge H Bech R Wiedner W, W Kramer, Kochmann W, Hennig A Ludke H, W Seffner, Teubner W Franke M Moritz W, L Barthold, Geinitz D. Boron als Mittel gegen fluorosis ? Part I. Studies auf das Skelettsystem. Fluoride 18: 187-197 (1985).<\/li><li>Hall, Iris et al. Laufende Forschung auf Borane und andere Borax-Verbindungen, Abteilung f\u00fcr Medizinische Chemie, Universit\u00e4t von North Carolina.<\/li><li>Newnham, Rex. Weg mit Arthritis. 2. Auflage 1993 gedruckt.<\/li><li>Turkez H. Geyikoglu F., A. Tatar, Keles M. S. Kaplan I. Die Effekte einiger Borverbindungen gegen Schwermetallvergiftung im menschlichen Blut. Exp Toxicol Pathol. 2012 Jan; 64 (1-2): 93-101. Epub 2010 Jul 20. Artikel<\/li><li>Mary Duncan. Boron Phenole und Gesundheit: Hinweise auf die Geheimnisse oder ADD \u2013 Alzheimer \u2013 Asthma. Carabooda, W. A. : Alkimos Australien, im Jahr 1995.<\/li><li>R. E. Newnham Essentiality von Bor f\u00fcr gesunde Knochen und Gelenke. Environ Health Perspect. 1994; 102 Suppl 7: 83-85.<\/li><li>Borax \u2013 Toxizit\u00e4t, \u00d6kotoxizit\u00e4t und regulatorische Informationen. Abgerufen 17. Februar 2012. Artikel<\/li><li>Forrest H. Nielsen. Der Nachweis f\u00fcr die Nahrungs Essentiality von Boron. Das Journal der Spurenelemente in Experimental Medicine. 9: 215-229 (1996).<\/li><li>Forrest H. Nielsen, Loanne M. Mullen, Sandra K. Gallagher. Wirkung von Bor Ersch\u00f6pfung und repletion auf Blut-Calcium-Indikatoren der Stand beim Menschen gef\u00fchrt, um einen Magnesium-Low-Di\u00e4t. Das Journal der Spurenelemente in Experimental Medicine. 3: 45-54 (1990).<\/li><li>Bender Dour M, Bui Van T, Dicko A Belleville F. In vivo und in vitro-Wirkungen von Bor und borierten Verbindungen. J Trace Elem Med Biol. 1998 Mar; 12 (1): 2-7.<\/li><li>Z Bentwich, Robert Bingham, Mark Hegsted, Herbert Hunt, Professor Jeffries, Jack Loneragan, Loughman, O.\u00d6. Myers, Ploquin Hans Neiper, Rex E. Newnham et al.Boron und Arthritis. Arthritis Trust of America. 1994.<\/li><li>Naghii MR, Mofid M Asgari AR, Hedayati M Daneshpour MS. Vergleichende Auswirkungen der t\u00e4glichen und w\u00f6chentlichen Bor-Supplementierung auf Plasma Steroidhormone, und proinflammatorische Zytokine. J Trace Elem Med Biol. 2011 Jan; 25 (1): 54-8. doi: 10.1016 \/ j.jtemb.2010.10.001. Epub 2010 3. Dezember.<\/li><li>Francesco De Seta1, Martin Schmidt, Bao Vu, Michael Essmann, Bryan Larsen. Antimykotische Mechanismen Bors\u00e4ure Therapie oder Candida Vaginitis unterst\u00fctzen. J. Antimicrob. Chemother. (2009) 63 (2): 325-336. doi: 10.1093 \/ jac \/ dkn486.<\/li><li>Iavazzo C Gkegkes ID, Zarkada IM, Falagas ME. Bors\u00e4ure f\u00fcr rezidivierende Vulvovaginalkandidose: die klinische Beweise. J Gesundheit der Frauen (Larchmt). Aug 2011; 20 (8): 1245-55. doi: 10,1089 \/ jwh.2010.2708. Epub 2011 20. Juli<\/li><li>Hasan Turkez, Fatime Geyikoglu. Bors\u00e4ure: ein potentieller chemoprotektiven Mittel gegen Aflatoxin B1 Toxizit\u00e4t im menschlichen Blut. Cytotechnology. April 2010; 62 (2): 157-165. Online ver\u00f6ffentlicht am 30. April, 2010. doi: 10.1007 \/ s10616-010-9272-2.<\/li><li>LY Zhou, ZD Wei, SZ LDU. Wirkung von Borax in der Behandlung von Skelettfluorose. Fluoride Internationale Gesellschaft f\u00fcr Forschung, 20 (3): 104-108. 1987.<\/li><li>Sicherheitsdatenblatt oder SDB f\u00fcr Borax.<\/li><\/ol><p>http:\/\/www.hillbrothers.com\/msds\/pdf\/n\/borax-decahydrate.pdf Abgerufen Januar 2014 Datum der Ausgabe Mai 2008.<\/p><p>http:\/\/www.hillbrothers.com\/msds\/pdf\/n\/pool-salt.pdf Abgerufen Januar 2014 \u00fcberarbeitet 18. Februar 2005.<\/p><ol start=\"22\"><li>S. Meacham, S. Karakas, A. Wallace, F. Altun. Bor in der menschlichen Gesundheit: Evidenz f\u00fcr Ern\u00e4hrungsempfehlungen und \u00f6ffentliche Politik. Die Open-Mineral Processing Journal, 2010, 3, 36-53.<\/li><\/ol><p>\u00a0<\/p><p>Borax oder Bor ist ein guter Weg, um zu entgiften und einfach zu bedienen. Eine Flasche einen halben Liter Sie k\u00f6nnen es f\u00fcr ca. 3 Monate tun und kostet \u20ac 25, = Es ist auch gut, um die rejuvenation Formula Gold (Goldwasser) verwenden, um die Vitalit\u00e4t zu verbessern das Immunsystem zu st\u00e4rken.<\/p><p>Weitere Informationen Googeln nur auf Borax detox<\/p><p>\u00a0<\/p><p><strong>Haftungsausschluss:<\/strong><\/p><p>Nat\u00fcrlich ist es nicht, dass Borax \/ Bor alle gesundheitlichen Probleme und die Reparatur zu l\u00f6sen. F\u00fcr persistierenden oder rezidivierenden Beschwerden sollten Sie immer Ihren behandelnden Arzt \/ Arztes konsultieren.<\/p>\t\t\t\t\t\t\t\t<\/div>\n\t\t\t\t<\/div>\n\t\t\t\t\t<\/div>\n\t\t<\/div>\n\t\t\t\t\t<\/div>\n\t\t<\/section>\n\t\t\t\t<\/div>\n\t\t","protected":false},"excerpt":{"rendered":"<p>Borax (Natriumtetraborat-Hexahydrat oder Natriumborat) ist ein nat\u00fcrlich vorkommendes Mineral aus Natrium, Bor, Sauerstoff und Wasser. Es wird seit \u00fcber 4000 Jahren als Heilmittel verwendet. Inhalt 500 ml<\/p>\n","protected":false},"featured_media":2006,"template":"","meta":[],"product_cat":[257,316],"product_tag":[],"class_list":{"0":"post-2471","1":"product","2":"type-product","3":"status-publish","4":"has-post-thumbnail","6":"product_cat-alle-produkte","7":"product_cat-borax-boron-de","8":"product_shipping_class-post-pakket-de","10":"first","11":"instock","12":"taxable","13":"shipping-taxable","14":"purchasable","15":"product-type-variable"},"yoast_head":"<!-- This site is optimized with the Yoast SEO plugin v27.4 - https:\/\/yoast.com\/product\/yoast-seo-wordpress\/ -->\n<title>Entgiften mit Borax Kristal Detox 150 PPM, 500 ml - Auror Scalar Technology<\/title>\n<meta name=\"robots\" content=\"index, follow, max-snippet:-1, max-image-preview:large, max-video-preview:-1\" \/>\n<link rel=\"canonical\" href=\"https:\/\/www.aurorscalartechnology.com\/de\/produkt\/ontgiften-met-borax-detox\/\" \/>\n<meta property=\"og:locale\" content=\"de_DE\" \/>\n<meta property=\"og:type\" content=\"article\" \/>\n<meta property=\"og:title\" content=\"Entgiften mit Borax Kristal Detox 150 PPM, 500 ml - Auror Scalar Technology\" \/>\n<meta property=\"og:description\" content=\"Borax (Natriumtetraborat-Hexahydrat oder Natriumborat) ist ein nat\u00fcrlich vorkommendes Mineral aus Natrium, Bor, Sauerstoff und Wasser. Es wird seit \u00fcber 4000 Jahren als Heilmittel verwendet. Inhalt 500 ml\" \/>\n<meta property=\"og:url\" content=\"https:\/\/www.aurorscalartechnology.com\/de\/produkt\/ontgiften-met-borax-detox\/\" \/>\n<meta property=\"og:site_name\" content=\"Auror Scalar Technology\" \/>\n<meta property=\"article:modified_time\" content=\"2023-08-31T12:36:36+00:00\" \/>\n<meta property=\"og:image\" content=\"https:\/\/www.aurorscalartechnology.com\/wp-content\/uploads\/2023\/08\/borax-600x600-1.jpeg\" \/>\n\t<meta property=\"og:image:width\" content=\"600\" \/>\n\t<meta property=\"og:image:height\" content=\"600\" \/>\n\t<meta property=\"og:image:type\" content=\"image\/jpeg\" \/>\n<meta name=\"twitter:card\" content=\"summary_large_image\" \/>\n<meta name=\"twitter:label1\" content=\"Gesch\u00e4tzte Lesezeit\" \/>\n\t<meta name=\"twitter:data1\" content=\"6\u00a0Minuten\" \/>\n<script type=\"application\/ld+json\" class=\"yoast-schema-graph\">{\"@context\":\"https:\\\/\\\/schema.org\",\"@graph\":[{\"@type\":\"WebPage\",\"@id\":\"https:\\\/\\\/www.aurorscalartechnology.com\\\/de\\\/produkt\\\/ontgiften-met-borax-detox\\\/\",\"url\":\"https:\\\/\\\/www.aurorscalartechnology.com\\\/de\\\/produkt\\\/ontgiften-met-borax-detox\\\/\",\"name\":\"Entgiften mit Borax Kristal Detox 150 PPM, 500 ml - Auror Scalar Technology\",\"isPartOf\":{\"@id\":\"https:\\\/\\\/www.aurorscalartechnology.com\\\/de\\\/#website\"},\"primaryImageOfPage\":{\"@id\":\"https:\\\/\\\/www.aurorscalartechnology.com\\\/de\\\/produkt\\\/ontgiften-met-borax-detox\\\/#primaryimage\"},\"image\":{\"@id\":\"https:\\\/\\\/www.aurorscalartechnology.com\\\/de\\\/produkt\\\/ontgiften-met-borax-detox\\\/#primaryimage\"},\"thumbnailUrl\":\"https:\\\/\\\/www.aurorscalartechnology.com\\\/wp-content\\\/uploads\\\/2023\\\/08\\\/borax-600x600-1.jpeg\",\"datePublished\":\"2023-08-07T13:34:38+00:00\",\"dateModified\":\"2023-08-31T12:36:36+00:00\",\"breadcrumb\":{\"@id\":\"https:\\\/\\\/www.aurorscalartechnology.com\\\/de\\\/produkt\\\/ontgiften-met-borax-detox\\\/#breadcrumb\"},\"inLanguage\":\"de\",\"potentialAction\":[{\"@type\":\"ReadAction\",\"target\":[\"https:\\\/\\\/www.aurorscalartechnology.com\\\/de\\\/produkt\\\/ontgiften-met-borax-detox\\\/\"]}]},{\"@type\":\"ImageObject\",\"inLanguage\":\"de\",\"@id\":\"https:\\\/\\\/www.aurorscalartechnology.com\\\/de\\\/produkt\\\/ontgiften-met-borax-detox\\\/#primaryimage\",\"url\":\"https:\\\/\\\/www.aurorscalartechnology.com\\\/wp-content\\\/uploads\\\/2023\\\/08\\\/borax-600x600-1.jpeg\",\"contentUrl\":\"https:\\\/\\\/www.aurorscalartechnology.com\\\/wp-content\\\/uploads\\\/2023\\\/08\\\/borax-600x600-1.jpeg\",\"width\":600,\"height\":600},{\"@type\":\"BreadcrumbList\",\"@id\":\"https:\\\/\\\/www.aurorscalartechnology.com\\\/de\\\/produkt\\\/ontgiften-met-borax-detox\\\/#breadcrumb\",\"itemListElement\":[{\"@type\":\"ListItem\",\"position\":1,\"name\":\"Home\",\"item\":\"https:\\\/\\\/www.aurorscalartechnology.com\\\/de\\\/\"},{\"@type\":\"ListItem\",\"position\":2,\"name\":\"Shop\",\"item\":\"https:\\\/\\\/www.aurorscalartechnology.com\\\/de\\\/shop-2\\\/\"},{\"@type\":\"ListItem\",\"position\":3,\"name\":\"Entgiften mit Borax Kristal Detox 150 PPM, 500 ml\"}]},{\"@type\":\"WebSite\",\"@id\":\"https:\\\/\\\/www.aurorscalartechnology.com\\\/de\\\/#website\",\"url\":\"https:\\\/\\\/www.aurorscalartechnology.com\\\/de\\\/\",\"name\":\"Auror Scalar Technology\",\"description\":\"\",\"potentialAction\":[{\"@type\":\"SearchAction\",\"target\":{\"@type\":\"EntryPoint\",\"urlTemplate\":\"https:\\\/\\\/www.aurorscalartechnology.com\\\/de\\\/?s={search_term_string}\"},\"query-input\":{\"@type\":\"PropertyValueSpecification\",\"valueRequired\":true,\"valueName\":\"search_term_string\"}}],\"inLanguage\":\"de\"}]}<\/script>\n<!-- \/ Yoast SEO plugin. -->","yoast_head_json":{"title":"Entgiften mit Borax Kristal Detox 150 PPM, 500 ml - Auror Scalar Technology","robots":{"index":"index","follow":"follow","max-snippet":"max-snippet:-1","max-image-preview":"max-image-preview:large","max-video-preview":"max-video-preview:-1"},"canonical":"https:\/\/www.aurorscalartechnology.com\/de\/produkt\/ontgiften-met-borax-detox\/","og_locale":"de_DE","og_type":"article","og_title":"Entgiften mit Borax Kristal Detox 150 PPM, 500 ml - Auror Scalar Technology","og_description":"Borax (Natriumtetraborat-Hexahydrat oder Natriumborat) ist ein nat\u00fcrlich vorkommendes Mineral aus Natrium, Bor, Sauerstoff und Wasser. Es wird seit \u00fcber 4000 Jahren als Heilmittel verwendet. Inhalt 500 ml","og_url":"https:\/\/www.aurorscalartechnology.com\/de\/produkt\/ontgiften-met-borax-detox\/","og_site_name":"Auror Scalar Technology","article_modified_time":"2023-08-31T12:36:36+00:00","og_image":[{"width":600,"height":600,"url":"https:\/\/www.aurorscalartechnology.com\/wp-content\/uploads\/2023\/08\/borax-600x600-1.jpeg","type":"image\/jpeg"}],"twitter_card":"summary_large_image","twitter_misc":{"Gesch\u00e4tzte Lesezeit":"6\u00a0Minuten"},"schema":{"@context":"https:\/\/schema.org","@graph":[{"@type":"WebPage","@id":"https:\/\/www.aurorscalartechnology.com\/de\/produkt\/ontgiften-met-borax-detox\/","url":"https:\/\/www.aurorscalartechnology.com\/de\/produkt\/ontgiften-met-borax-detox\/","name":"Entgiften mit Borax Kristal Detox 150 PPM, 500 ml - Auror Scalar Technology","isPartOf":{"@id":"https:\/\/www.aurorscalartechnology.com\/de\/#website"},"primaryImageOfPage":{"@id":"https:\/\/www.aurorscalartechnology.com\/de\/produkt\/ontgiften-met-borax-detox\/#primaryimage"},"image":{"@id":"https:\/\/www.aurorscalartechnology.com\/de\/produkt\/ontgiften-met-borax-detox\/#primaryimage"},"thumbnailUrl":"https:\/\/www.aurorscalartechnology.com\/wp-content\/uploads\/2023\/08\/borax-600x600-1.jpeg","datePublished":"2023-08-07T13:34:38+00:00","dateModified":"2023-08-31T12:36:36+00:00","breadcrumb":{"@id":"https:\/\/www.aurorscalartechnology.com\/de\/produkt\/ontgiften-met-borax-detox\/#breadcrumb"},"inLanguage":"de","potentialAction":[{"@type":"ReadAction","target":["https:\/\/www.aurorscalartechnology.com\/de\/produkt\/ontgiften-met-borax-detox\/"]}]},{"@type":"ImageObject","inLanguage":"de","@id":"https:\/\/www.aurorscalartechnology.com\/de\/produkt\/ontgiften-met-borax-detox\/#primaryimage","url":"https:\/\/www.aurorscalartechnology.com\/wp-content\/uploads\/2023\/08\/borax-600x600-1.jpeg","contentUrl":"https:\/\/www.aurorscalartechnology.com\/wp-content\/uploads\/2023\/08\/borax-600x600-1.jpeg","width":600,"height":600},{"@type":"BreadcrumbList","@id":"https:\/\/www.aurorscalartechnology.com\/de\/produkt\/ontgiften-met-borax-detox\/#breadcrumb","itemListElement":[{"@type":"ListItem","position":1,"name":"Home","item":"https:\/\/www.aurorscalartechnology.com\/de\/"},{"@type":"ListItem","position":2,"name":"Shop","item":"https:\/\/www.aurorscalartechnology.com\/de\/shop-2\/"},{"@type":"ListItem","position":3,"name":"Entgiften mit Borax Kristal Detox 150 PPM, 500 ml"}]},{"@type":"WebSite","@id":"https:\/\/www.aurorscalartechnology.com\/de\/#website","url":"https:\/\/www.aurorscalartechnology.com\/de\/","name":"Auror Scalar Technology","description":"","potentialAction":[{"@type":"SearchAction","target":{"@type":"EntryPoint","urlTemplate":"https:\/\/www.aurorscalartechnology.com\/de\/?s={search_term_string}"},"query-input":{"@type":"PropertyValueSpecification","valueRequired":true,"valueName":"search_term_string"}}],"inLanguage":"de"}]}},"_links":{"self":[{"href":"https:\/\/www.aurorscalartechnology.com\/de\/wp-json\/wp\/v2\/product\/2471","targetHints":{"allow":["GET"]}}],"collection":[{"href":"https:\/\/www.aurorscalartechnology.com\/de\/wp-json\/wp\/v2\/product"}],"about":[{"href":"https:\/\/www.aurorscalartechnology.com\/de\/wp-json\/wp\/v2\/types\/product"}],"version-history":[{"count":0,"href":"https:\/\/www.aurorscalartechnology.com\/de\/wp-json\/wp\/v2\/product\/2471\/revisions"}],"wp:featuredmedia":[{"embeddable":true,"href":"https:\/\/www.aurorscalartechnology.com\/de\/wp-json\/wp\/v2\/media\/2006"}],"wp:attachment":[{"href":"https:\/\/www.aurorscalartechnology.com\/de\/wp-json\/wp\/v2\/media?parent=2471"}],"wp:term":[{"taxonomy":"product_cat","embeddable":true,"href":"https:\/\/www.aurorscalartechnology.com\/de\/wp-json\/wp\/v2\/product_cat?post=2471"},{"taxonomy":"product_tag","embeddable":true,"href":"https:\/\/www.aurorscalartechnology.com\/de\/wp-json\/wp\/v2\/product_tag?post=2471"}],"curies":[{"name":"wp","href":"https:\/\/api.w.org\/{rel}","templated":true}]}}