{"id":2499,"date":"2023-08-07T13:46:58","date_gmt":"2023-08-07T11:46:58","guid":{"rendered":"https:\/\/www.aurorscalartechnology.com\/product\/vitality-balance-argireline-dag-en-nachtcreme\/"},"modified":"2023-08-31T12:56:02","modified_gmt":"2023-08-31T12:56:02","slug":"vitality-balance-argireline-dag-en-nachtcreme","status":"publish","type":"product","link":"https:\/\/www.aurorscalartechnology.com\/de\/produkt\/vitality-balance-argireline-dag-en-nachtcreme\/","title":{"rendered":"Vitality Balance \/ Argireline creme"},"content":{"rendered":"\t\t<div data-elementor-type=\"wp-post\" data-elementor-id=\"2499\" class=\"elementor elementor-2499 elementor-1195\">\n\t\t\t\t\t\t<section class=\"elementor-section elementor-top-section elementor-element elementor-element-ac98f48 elementor-section-boxed elementor-section-height-default elementor-section-height-default\" data-id=\"ac98f48\" data-element_type=\"section\" data-e-type=\"section\">\n\t\t\t\t\t\t<div class=\"elementor-container elementor-column-gap-default\">\n\t\t\t\t\t<div class=\"elementor-column elementor-col-50 elementor-top-column elementor-element elementor-element-a9c3cf6\" data-id=\"a9c3cf6\" data-element_type=\"column\" data-e-type=\"column\">\n\t\t\t<div class=\"elementor-widget-wrap elementor-element-populated\">\n\t\t\t\t\t\t<div class=\"elementor-element elementor-element-93eceae elementor-widget elementor-widget-text-editor\" data-id=\"93eceae\" data-element_type=\"widget\" data-e-type=\"widget\" data-widget_type=\"text-editor.default\">\n\t\t\t\t<div class=\"elementor-widget-container\">\n\t\t\t\t\t\t\t\t\t<h3 class=\"fusion-woocommerce-tab-title fusion-responsive-typography-calculated\" data-fontsize=\"18\" data-lineheight=\"27px\">Beschreibung<\/h3><p>Wie wirkt die Vitality Balance-Antifaltencreme?<br \/>Die Vitality Balance-Antifaltencreme wurde unter anderem mit Argireline angereichert und sorgt f\u00fcr eine sch\u00f6ne, glatte Haut. Argireline ist ein Stoff, der in der Kosmetikbranche f\u00fcr seine faltenreduzierende Wirkung bekannt ist. Die Vitality Balance-Antifaltencreme ist eine hautverj\u00fcngende Creme. In den meisten F\u00e4llen ist eine Anwendung der Vitality Balance-Antifaltencreme \u00fcber 1 \u2013 4 Wochen erforderlich, um sp\u00fcren zu k\u00f6nnen, dass die Haut straffer wird und Falten und Pigmentflecken reduziert werden. Da die Creme den Blutkreislauf positiv beeinflusst, kann auch die Hautfarbe nach Anwendung gesunder werden. In den meisten F\u00e4llen sind schon innerhalb einer Woche kleine Unterschiede zu bemerken. Nat\u00fcrlich geht es bei manchen Menschen schneller als bei anderen \u2013 jeder Mensch reagiert schlie\u00dflich anders. Mit zunehmender Anwendungsdauer k\u00f6nnen Falten gelindert werden und schlie\u00dflich auch verschwinden. Die Creme ist ein Naturprodukt und braucht daher etwas Zeit, um zu wirken. Je l\u00e4nger die Creme angewendet wird, desto besser werden die Falten gemildert. Um den Prozess zu verst\u00e4rken, kann als Erg\u00e4nzung zur inneren Anwendung kolloidales Gold\/Goldwasser (Rejuvenation Formula Gold) eingesetzt werden, was die Wirkung von innen heraus verbessert. Die Vitality Balance-Antifaltencreme ist eine Creme, die sowohl von Frauen als auch von M\u00e4nnern angewendet werden kann. Sie k\u00f6nnen die Vitality Balance-Antifaltencreme auch als Lippenbalsam auftragen. Unter anderem Hautalterung entsteht durch ein Ungleichgewicht und tritt in unserer Gesellschaft h\u00e4ufig auf. Das ist unter anderem auf k\u00f6rperlichen und psychischen Stress, Rauchen, Emotionen, verarbeitete Lebensmittel, chemische Produkte, schlechte Ern\u00e4hrung, Umweltverschmutzung usw. zur\u00fcckzuf\u00fchren. Durch all diese Einfl\u00fcsse wird der K\u00f6rper aus dem Gleichgewicht gebracht, und das gilt unter anderem auch f\u00fcr den Hormonhaushalt. Einige Dr\u00fcsen, die am Hormonhaushalt beteiligt sind, sind die Epiphyse oder Zirbeldr\u00fcse, die Hypophyse oder Hirnanhangsdr\u00fcse, der Hypothalamus, die Schilddr\u00fcse und die Nebenschilddr\u00fcsen, der Thymus oder das Bries, das Pankreas oder die Bauchspeicheldr\u00fcse, die Nebennieren und die Geschlechtsdr\u00fcsen.<\/p>\t\t\t\t\t\t\t\t<\/div>\n\t\t\t\t<\/div>\n\t\t\t\t\t<\/div>\n\t\t<\/div>\n\t\t\t\t<div class=\"elementor-column elementor-col-50 elementor-top-column elementor-element elementor-element-ca81899\" data-id=\"ca81899\" data-element_type=\"column\" data-e-type=\"column\">\n\t\t\t<div class=\"elementor-widget-wrap elementor-element-populated\">\n\t\t\t\t\t\t<div class=\"elementor-element elementor-element-0550820 elementor-widget elementor-widget-text-editor\" data-id=\"0550820\" data-element_type=\"widget\" data-e-type=\"widget\" data-widget_type=\"text-editor.default\">\n\t\t\t\t<div class=\"elementor-widget-container\">\n\t\t\t\t\t\t\t\t\t<p>Was enth\u00e4lt die Vitality Balance-Antifaltencreme?<br \/>Argireline 0,5 %<br \/>Cilicium<br \/>Kohlenstoff, 0,5 %<br \/>Kolloidales Gold, Silber, Platin und Indium<br \/>Hyalurons\u00e4ure<br \/>Magnesium<br \/>Vanille<br \/>Vitamin A<br \/>Vitamin C<br \/>Vitamin E<br \/>Kokos\u00f6l<br \/>Vaseline<br \/>Wilden Yams<br \/>Vitality Balance enth\u00e4lt keine Hormone oder chemischen Mittel.<br \/>Anwendung<br \/>Die Vitality Balance-Antifaltencreme wird 1 oder 2 Mal t\u00e4glich auf Gesicht und Hals aufgetragen. Verteilen Sie dazu einige Tupfen Creme auf Gesicht und Hals, damit sich die Creme auf der Haut erw\u00e4rmt und leicht verteilen l\u00e4sst. Es ist nur eine sehr kleine Menge Creme erforderlich. Die Creme braucht nicht in die Haut einzuziehen, wie es bei anderen Cremes der Fall ist. Vitality Balance ist eine Tages- und Nachtcreme, die sowohl von M\u00e4nnern als auch von Frauen verwendet werden kann.<br \/>Das Produkt kann auch bei Narbengewebe und unsch\u00f6nen Flecken angewendet werden.<br \/>Das Produkt ist garantiert frei von Konservierungsmitteln und synthetischen Geruchs-, Farb- und Geschmacksstoffen. Preis \u00e0 50 ml: \u20ac 25<\/p>\t\t\t\t\t\t\t\t<\/div>\n\t\t\t\t<\/div>\n\t\t\t\t\t<\/div>\n\t\t<\/div>\n\t\t\t\t\t<\/div>\n\t\t<\/section>\n\t\t\t\t<\/div>\n\t\t","protected":false},"excerpt":{"rendered":"<p>Die Vitality Balance-Antifaltencreme wurde unter anderem mit Argireline angereichert und sorgt f\u00fcr eine sch\u00f6ne, glatte Haut. Argireline ist ein Stoff, der in der Kosmetikbranche f\u00fcr seine faltenreduzierende Wirkung bekannt ist. Die Vitality Balance-Antifaltencreme ist eine hautverj\u00fcngende Creme.Preis \u00e0 50 ml: \u20ac 25<\/p>\n","protected":false},"featured_media":2012,"template":"","meta":[],"product_cat":[257,320],"product_tag":[],"class_list":{"0":"post-2499","1":"product","2":"type-product","3":"status-publish","4":"has-post-thumbnail","6":"product_cat-alle-produkte","7":"product_cat-tages-und-nachtcreme","8":"product_shipping_class-post-pakket-de","10":"first","11":"instock","12":"taxable","13":"shipping-taxable","14":"purchasable","15":"product-type-variable"},"yoast_head":"<!-- This site is optimized with the Yoast SEO plugin v27.4 - https:\/\/yoast.com\/product\/yoast-seo-wordpress\/ -->\n<title>Vitality Balance \/ Argireline creme - Auror Scalar Technology<\/title>\n<meta name=\"robots\" content=\"index, follow, max-snippet:-1, max-image-preview:large, max-video-preview:-1\" \/>\n<link rel=\"canonical\" href=\"https:\/\/www.aurorscalartechnology.com\/de\/produkt\/vitality-balance-argireline-dag-en-nachtcreme\/\" \/>\n<meta property=\"og:locale\" content=\"de_DE\" \/>\n<meta property=\"og:type\" content=\"article\" \/>\n<meta property=\"og:title\" content=\"Vitality Balance \/ Argireline creme - Auror Scalar Technology\" \/>\n<meta property=\"og:description\" content=\"Die Vitality Balance-Antifaltencreme wurde unter anderem mit Argireline angereichert und sorgt f\u00fcr eine sch\u00f6ne, glatte Haut. Argireline ist ein Stoff, der in der Kosmetikbranche f\u00fcr seine faltenreduzierende Wirkung bekannt ist. Die Vitality Balance-Antifaltencreme ist eine hautverj\u00fcngende Creme.Preis \u00e0 50 ml: \u20ac 25\" \/>\n<meta property=\"og:url\" content=\"https:\/\/www.aurorscalartechnology.com\/de\/produkt\/vitality-balance-argireline-dag-en-nachtcreme\/\" \/>\n<meta property=\"og:site_name\" content=\"Auror Scalar Technology\" \/>\n<meta property=\"article:modified_time\" content=\"2023-08-31T12:56:02+00:00\" \/>\n<meta property=\"og:image\" content=\"https:\/\/www.aurorscalartechnology.com\/wp-content\/uploads\/2023\/08\/vitalitybalance-auror-600x600-1.jpeg\" \/>\n\t<meta property=\"og:image:width\" content=\"600\" \/>\n\t<meta property=\"og:image:height\" content=\"600\" \/>\n\t<meta property=\"og:image:type\" content=\"image\/jpeg\" \/>\n<meta name=\"twitter:card\" content=\"summary_large_image\" \/>\n<meta name=\"twitter:label1\" content=\"Gesch\u00e4tzte Lesezeit\" \/>\n\t<meta name=\"twitter:data1\" content=\"2\u00a0Minuten\" \/>\n<script type=\"application\/ld+json\" class=\"yoast-schema-graph\">{\"@context\":\"https:\\\/\\\/schema.org\",\"@graph\":[{\"@type\":\"WebPage\",\"@id\":\"https:\\\/\\\/www.aurorscalartechnology.com\\\/de\\\/produkt\\\/vitality-balance-argireline-dag-en-nachtcreme\\\/\",\"url\":\"https:\\\/\\\/www.aurorscalartechnology.com\\\/de\\\/produkt\\\/vitality-balance-argireline-dag-en-nachtcreme\\\/\",\"name\":\"Vitality Balance \\\/ Argireline creme - Auror Scalar Technology\",\"isPartOf\":{\"@id\":\"https:\\\/\\\/www.aurorscalartechnology.com\\\/de\\\/#website\"},\"primaryImageOfPage\":{\"@id\":\"https:\\\/\\\/www.aurorscalartechnology.com\\\/de\\\/produkt\\\/vitality-balance-argireline-dag-en-nachtcreme\\\/#primaryimage\"},\"image\":{\"@id\":\"https:\\\/\\\/www.aurorscalartechnology.com\\\/de\\\/produkt\\\/vitality-balance-argireline-dag-en-nachtcreme\\\/#primaryimage\"},\"thumbnailUrl\":\"https:\\\/\\\/www.aurorscalartechnology.com\\\/wp-content\\\/uploads\\\/2023\\\/08\\\/vitalitybalance-auror-600x600-1.jpeg\",\"datePublished\":\"2023-08-07T11:46:58+00:00\",\"dateModified\":\"2023-08-31T12:56:02+00:00\",\"breadcrumb\":{\"@id\":\"https:\\\/\\\/www.aurorscalartechnology.com\\\/de\\\/produkt\\\/vitality-balance-argireline-dag-en-nachtcreme\\\/#breadcrumb\"},\"inLanguage\":\"de\",\"potentialAction\":[{\"@type\":\"ReadAction\",\"target\":[\"https:\\\/\\\/www.aurorscalartechnology.com\\\/de\\\/produkt\\\/vitality-balance-argireline-dag-en-nachtcreme\\\/\"]}]},{\"@type\":\"ImageObject\",\"inLanguage\":\"de\",\"@id\":\"https:\\\/\\\/www.aurorscalartechnology.com\\\/de\\\/produkt\\\/vitality-balance-argireline-dag-en-nachtcreme\\\/#primaryimage\",\"url\":\"https:\\\/\\\/www.aurorscalartechnology.com\\\/wp-content\\\/uploads\\\/2023\\\/08\\\/vitalitybalance-auror-600x600-1.jpeg\",\"contentUrl\":\"https:\\\/\\\/www.aurorscalartechnology.com\\\/wp-content\\\/uploads\\\/2023\\\/08\\\/vitalitybalance-auror-600x600-1.jpeg\",\"width\":600,\"height\":600},{\"@type\":\"BreadcrumbList\",\"@id\":\"https:\\\/\\\/www.aurorscalartechnology.com\\\/de\\\/produkt\\\/vitality-balance-argireline-dag-en-nachtcreme\\\/#breadcrumb\",\"itemListElement\":[{\"@type\":\"ListItem\",\"position\":1,\"name\":\"Home\",\"item\":\"https:\\\/\\\/www.aurorscalartechnology.com\\\/de\\\/\"},{\"@type\":\"ListItem\",\"position\":2,\"name\":\"Shop\",\"item\":\"https:\\\/\\\/www.aurorscalartechnology.com\\\/de\\\/shop-2\\\/\"},{\"@type\":\"ListItem\",\"position\":3,\"name\":\"Vitality Balance \\\/ Argireline creme\"}]},{\"@type\":\"WebSite\",\"@id\":\"https:\\\/\\\/www.aurorscalartechnology.com\\\/de\\\/#website\",\"url\":\"https:\\\/\\\/www.aurorscalartechnology.com\\\/de\\\/\",\"name\":\"Auror Scalar Technology\",\"description\":\"\",\"potentialAction\":[{\"@type\":\"SearchAction\",\"target\":{\"@type\":\"EntryPoint\",\"urlTemplate\":\"https:\\\/\\\/www.aurorscalartechnology.com\\\/de\\\/?s={search_term_string}\"},\"query-input\":{\"@type\":\"PropertyValueSpecification\",\"valueRequired\":true,\"valueName\":\"search_term_string\"}}],\"inLanguage\":\"de\"}]}<\/script>\n<!-- \/ Yoast SEO plugin. -->","yoast_head_json":{"title":"Vitality Balance \/ Argireline creme - Auror Scalar Technology","robots":{"index":"index","follow":"follow","max-snippet":"max-snippet:-1","max-image-preview":"max-image-preview:large","max-video-preview":"max-video-preview:-1"},"canonical":"https:\/\/www.aurorscalartechnology.com\/de\/produkt\/vitality-balance-argireline-dag-en-nachtcreme\/","og_locale":"de_DE","og_type":"article","og_title":"Vitality Balance \/ Argireline creme - Auror Scalar Technology","og_description":"Die Vitality Balance-Antifaltencreme wurde unter anderem mit Argireline angereichert und sorgt f\u00fcr eine sch\u00f6ne, glatte Haut. Argireline ist ein Stoff, der in der Kosmetikbranche f\u00fcr seine faltenreduzierende Wirkung bekannt ist. Die Vitality Balance-Antifaltencreme ist eine hautverj\u00fcngende Creme.Preis \u00e0 50 ml: \u20ac 25","og_url":"https:\/\/www.aurorscalartechnology.com\/de\/produkt\/vitality-balance-argireline-dag-en-nachtcreme\/","og_site_name":"Auror Scalar Technology","article_modified_time":"2023-08-31T12:56:02+00:00","og_image":[{"width":600,"height":600,"url":"https:\/\/www.aurorscalartechnology.com\/wp-content\/uploads\/2023\/08\/vitalitybalance-auror-600x600-1.jpeg","type":"image\/jpeg"}],"twitter_card":"summary_large_image","twitter_misc":{"Gesch\u00e4tzte Lesezeit":"2\u00a0Minuten"},"schema":{"@context":"https:\/\/schema.org","@graph":[{"@type":"WebPage","@id":"https:\/\/www.aurorscalartechnology.com\/de\/produkt\/vitality-balance-argireline-dag-en-nachtcreme\/","url":"https:\/\/www.aurorscalartechnology.com\/de\/produkt\/vitality-balance-argireline-dag-en-nachtcreme\/","name":"Vitality Balance \/ Argireline creme - Auror Scalar Technology","isPartOf":{"@id":"https:\/\/www.aurorscalartechnology.com\/de\/#website"},"primaryImageOfPage":{"@id":"https:\/\/www.aurorscalartechnology.com\/de\/produkt\/vitality-balance-argireline-dag-en-nachtcreme\/#primaryimage"},"image":{"@id":"https:\/\/www.aurorscalartechnology.com\/de\/produkt\/vitality-balance-argireline-dag-en-nachtcreme\/#primaryimage"},"thumbnailUrl":"https:\/\/www.aurorscalartechnology.com\/wp-content\/uploads\/2023\/08\/vitalitybalance-auror-600x600-1.jpeg","datePublished":"2023-08-07T11:46:58+00:00","dateModified":"2023-08-31T12:56:02+00:00","breadcrumb":{"@id":"https:\/\/www.aurorscalartechnology.com\/de\/produkt\/vitality-balance-argireline-dag-en-nachtcreme\/#breadcrumb"},"inLanguage":"de","potentialAction":[{"@type":"ReadAction","target":["https:\/\/www.aurorscalartechnology.com\/de\/produkt\/vitality-balance-argireline-dag-en-nachtcreme\/"]}]},{"@type":"ImageObject","inLanguage":"de","@id":"https:\/\/www.aurorscalartechnology.com\/de\/produkt\/vitality-balance-argireline-dag-en-nachtcreme\/#primaryimage","url":"https:\/\/www.aurorscalartechnology.com\/wp-content\/uploads\/2023\/08\/vitalitybalance-auror-600x600-1.jpeg","contentUrl":"https:\/\/www.aurorscalartechnology.com\/wp-content\/uploads\/2023\/08\/vitalitybalance-auror-600x600-1.jpeg","width":600,"height":600},{"@type":"BreadcrumbList","@id":"https:\/\/www.aurorscalartechnology.com\/de\/produkt\/vitality-balance-argireline-dag-en-nachtcreme\/#breadcrumb","itemListElement":[{"@type":"ListItem","position":1,"name":"Home","item":"https:\/\/www.aurorscalartechnology.com\/de\/"},{"@type":"ListItem","position":2,"name":"Shop","item":"https:\/\/www.aurorscalartechnology.com\/de\/shop-2\/"},{"@type":"ListItem","position":3,"name":"Vitality Balance \/ Argireline creme"}]},{"@type":"WebSite","@id":"https:\/\/www.aurorscalartechnology.com\/de\/#website","url":"https:\/\/www.aurorscalartechnology.com\/de\/","name":"Auror Scalar Technology","description":"","potentialAction":[{"@type":"SearchAction","target":{"@type":"EntryPoint","urlTemplate":"https:\/\/www.aurorscalartechnology.com\/de\/?s={search_term_string}"},"query-input":{"@type":"PropertyValueSpecification","valueRequired":true,"valueName":"search_term_string"}}],"inLanguage":"de"}]}},"_links":{"self":[{"href":"https:\/\/www.aurorscalartechnology.com\/de\/wp-json\/wp\/v2\/product\/2499","targetHints":{"allow":["GET"]}}],"collection":[{"href":"https:\/\/www.aurorscalartechnology.com\/de\/wp-json\/wp\/v2\/product"}],"about":[{"href":"https:\/\/www.aurorscalartechnology.com\/de\/wp-json\/wp\/v2\/types\/product"}],"version-history":[{"count":0,"href":"https:\/\/www.aurorscalartechnology.com\/de\/wp-json\/wp\/v2\/product\/2499\/revisions"}],"wp:featuredmedia":[{"embeddable":true,"href":"https:\/\/www.aurorscalartechnology.com\/de\/wp-json\/wp\/v2\/media\/2012"}],"wp:attachment":[{"href":"https:\/\/www.aurorscalartechnology.com\/de\/wp-json\/wp\/v2\/media?parent=2499"}],"wp:term":[{"taxonomy":"product_cat","embeddable":true,"href":"https:\/\/www.aurorscalartechnology.com\/de\/wp-json\/wp\/v2\/product_cat?post=2499"},{"taxonomy":"product_tag","embeddable":true,"href":"https:\/\/www.aurorscalartechnology.com\/de\/wp-json\/wp\/v2\/product_tag?post=2499"}],"curies":[{"name":"wp","href":"https:\/\/api.w.org\/{rel}","templated":true}]}}