{"id":2570,"date":"2023-08-08T07:58:07","date_gmt":"2023-08-08T05:58:07","guid":{"rendered":"https:\/\/www.aurorscalartechnology.com\/product\/collageniaal\/"},"modified":"2024-08-04T15:55:26","modified_gmt":"2024-08-04T15:55:26","slug":"collageniaal","status":"publish","type":"product","link":"https:\/\/www.aurorscalartechnology.com\/de\/produkt\/collageniaal\/","title":{"rendered":"Collageniaal\/Kollagen"},"content":{"rendered":"\t\t<div data-elementor-type=\"wp-post\" data-elementor-id=\"2570\" class=\"elementor elementor-2570 elementor-1258\">\n\t\t\t\t\t\t<section class=\"elementor-section elementor-top-section elementor-element elementor-element-ac98f48 elementor-section-boxed elementor-section-height-default elementor-section-height-default\" data-id=\"ac98f48\" data-element_type=\"section\" data-e-type=\"section\">\n\t\t\t\t\t\t<div class=\"elementor-container elementor-column-gap-default\">\n\t\t\t\t\t<div class=\"elementor-column elementor-col-33 elementor-top-column elementor-element elementor-element-a9c3cf6\" data-id=\"a9c3cf6\" data-element_type=\"column\" data-e-type=\"column\">\n\t\t\t<div class=\"elementor-widget-wrap elementor-element-populated\">\n\t\t\t\t\t\t<div class=\"elementor-element elementor-element-0e77920 elementor-widget elementor-widget-pressmart-heading\" data-id=\"0e77920\" data-element_type=\"widget\" data-e-type=\"widget\" data-widget_type=\"pressmart-heading.default\">\n\t\t\t\t<div class=\"elementor-widget-container\">\n\t\t\t\t\t<div id=\"pressmart-header-88163\" class=\"pressmart-element pressmart-heading text-left separator-none separator-between-heading\">\t\n\t\t\t\n\t\t\t<div class=\"heading-wrap\">\n\t\t\t<span class=\"separator-left\"><\/span>\n\t\t\t<h4 class=\"heading-title\">COLLAGENIAAL, das Mittel gegen Falten<\/h4>\t\t\t<span class=\"separator-right\"><\/span>\n\t\t\t\t\t<\/div>\n\t\t\n    <\/div>\t\t\t\t<\/div>\n\t\t\t\t<\/div>\n\t\t\t\t<div class=\"elementor-element elementor-element-b20bf28 elementor-widget elementor-widget-text-editor\" data-id=\"b20bf28\" data-element_type=\"widget\" data-e-type=\"widget\" data-widget_type=\"text-editor.default\">\n\t\t\t\t<div class=\"elementor-widget-container\">\n\t\t\t\t\t\t\t\t\t<p>Kollagen ist zurzeit nicht mehr aus der Beauty- und Gesundheitswelt wegzudenken.<\/p><ul><li>Was ist Kollagen?<\/li><li>Was macht es?<\/li><li>Die Funktionsweise von Kollagen.<\/li><li>Die Ergebnisse von Kollagen.<\/li><\/ul><p>\u00a0<\/p><p><strong>Was ist Kollagen?\u00a0<\/strong><\/p><p>Kollagen ist ein wichtiges leimbildendes Protein in unserem K\u00f6rper. Kolla steht f\u00fcr Leim und bedeutet auch \u201ezusammenbinden\u201c. Unsere Gelenke, Knochen, Muskeln, Haare, N\u00e4gel, das Bindegewebe und die Haut bestehen alle aus Kollagen. Kollagen spielt also eine wichtige Rolle f\u00fcr viele Organe in unserem K\u00f6rper! Der K\u00f6rper von uns Menschen stellt sein eigenes Kollagen her, aber nach dem 25.<sup>.<\/sup>\u00a0Lebensjahr beginnt die Produktion stetig zu sinken, was unter anderem zu einem gr\u00f6beren Hautbild und dem Auftreten von Falten und schlaffer Haut f\u00fchrt. Kollagen sorgt f\u00fcr Elastizit\u00e4t und Festigkeit in all unseren Bindegeweben, also Haut, Haare, Sehnen, Gelenke, Knorpel und Knochen. Kollagenfasern in der Haut sind ausgesprochen wichtig f\u00fcr die Haut, aber auch f\u00fcr die Struktur unseres Haars. Sie sind auch f\u00fcr die Festigkeit von Haut und Haaren von Bedeutung, was mit zunehmendem Alter eine immer gr\u00f6\u00dfere Rolle in unserem Leben zu spielen beginnt.<\/p>\t\t\t\t\t\t\t\t<\/div>\n\t\t\t\t<\/div>\n\t\t\t\t\t<\/div>\n\t\t<\/div>\n\t\t\t\t<div class=\"elementor-column elementor-col-33 elementor-top-column elementor-element elementor-element-ca81899\" data-id=\"ca81899\" data-element_type=\"column\" data-e-type=\"column\">\n\t\t\t<div class=\"elementor-widget-wrap elementor-element-populated\">\n\t\t\t\t\t\t<div class=\"elementor-element elementor-element-9eb8d12 elementor-widget elementor-widget-pressmart-heading\" data-id=\"9eb8d12\" data-element_type=\"widget\" data-e-type=\"widget\" data-widget_type=\"pressmart-heading.default\">\n\t\t\t\t<div class=\"elementor-widget-container\">\n\t\t\t\t\t<div id=\"pressmart-header-66797\" class=\"pressmart-element pressmart-heading text-left separator-none separator-between-heading\">\t\n\t\t\t\n\t\t\t<div class=\"heading-wrap\">\n\t\t\t<span class=\"separator-left\"><\/span>\n\t\t\t<h4 class=\"heading-title\">Welche Arten von Kollagen gibt es?\u00a0<\/h4>\t\t\t<span class=\"separator-right\"><\/span>\n\t\t\t\t\t<\/div>\n\t\t\n    <\/div>\t\t\t\t<\/div>\n\t\t\t\t<\/div>\n\t\t\t\t<div class=\"elementor-element elementor-element-7312084 elementor-widget elementor-widget-text-editor\" data-id=\"7312084\" data-element_type=\"widget\" data-e-type=\"widget\" data-widget_type=\"text-editor.default\">\n\t\t\t\t<div class=\"elementor-widget-container\">\n\t\t\t\t\t\t\t\t\t<p>Es gibt 28 Arten von Kollagen; die wichtigsten sind Typ 1 und Typ 2. 90 % des gesamten vorhandenen Kollagens ist vom Typ 1.<\/p><ul><li><strong>Kollagen vom Typ 1<\/strong>\u00a0befindet sich vor allem in Haut, Haaren, N\u00e4geln, Knochen, Knorpeln, Bindegewebe, B\u00e4ndern, Sehnen und Blutgef\u00e4\u00dfen.<\/li><li><strong>Kollagen vom Typ 2\u00a0<\/strong>befindet sich in Gelenken, Bandscheiben, Rippen, Nase, Kehlkopf und Luftr\u00f6hre.<\/li><li><strong>Kollagen vom Typ 3<\/strong>\u00a0ist in der Haut, in Blutgef\u00e4\u00dfen und in Geweben zur Wundheilung enthalten.<\/li><\/ul><p>\u00a0<\/p><p>Welche Arten von Kollagen ein Produkt enth\u00e4lt, ist abh\u00e4ngig von der Quelle des Kollagens. Rinderkollagen enth\u00e4lt Kollagen vom Typ 1 und Typ 3. Fischkollagen besteht haupts\u00e4chlich aus Kollagen vom Typ 1 und 2, enth\u00e4lt aber auch Hydroxyprolin. Hydroxyprolin ist eine Aminos\u00e4ure und ein wichtiger Bestandteil der Haut, der Blutgef\u00e4\u00dfw\u00e4nde und anderer Bindegewebe.<\/p><p><strong>Fischkollagen<\/strong><\/p><p><strong>\u00a0<\/strong>Fischkollagen ist die reinste Form von Kollagen. Seine Struktur \u00e4hnelt der der menschlichen Haut. Das ist das Kollagen, das wir zusammen mit einigen anderen Stoffen verwenden, wie z.\u00a0B.: Hydroxyprolin, Argireline, Hyalurons\u00e4ure, Shilajit, Kupfer, Zink, Magnesium und Carbon\/Kohlenstoff.<\/p><p><strong>\u00a0Kollagen\u00a0<\/strong>wird in verschiedenen Produkten verarbeitet: in Nahrungserg\u00e4nzungsmitteln, Pulvern, Getr\u00e4nken, Cremes, Masken und so weiter.<\/p><p>Da nach dem 25.\u00a0Lebensjahr die nat\u00fcrliche Kollagenproduktion nachl\u00e4sst, w\u00e4hrend der \u201enat\u00fcrliche\u201c Alterungsprozess einsetzt, ist es ratsam, die Kollagenproduktion nicht nur von au\u00dfen, sondern auch von innen anzuregen. Es reicht n\u00e4mlich nicht aus, nur die Fassade eines Hauses zu renovieren, um ein ganzes Haus aufrechtzuerhalten, auch das Renovieren des Inneren ist sehr wichtig. Daher ist es ratsam, Kollagen in seiner reinsten Form zu w\u00e4hlen, mit Zus\u00e4tzen wie Fischkollagen, Hydroxyprolin, Argireline, Hyalurons\u00e4ure, Shilajit, Kupfer, Zink, Magnesium und Carbon\/Kohlenstoff. \u00a0Die HVR-Formel hat auch eine starke Wirkung bei der Bek\u00e4mpfung von Faltenbildung und Hauterschlaffung und f\u00f6rdert das Haarwachstum.<\/p><p><strong>MCT (mittelkettige Triglyceride)<\/strong><\/p><p>Die im fraktionierten Kokosnuss\u00f6l verbleibenden mittelkettigen Fetts\u00e4uren werden als MCT bezeichnet. Diese mittelkettigen Fetts\u00e4uren sorgen f\u00fcr eine schnelle Energiebereitstellung, weshalb mit MCT zubereitete Mahlzeiten bei Sportlern immer beliebter werden. Dar\u00fcber hinaus verbessert MCT die Hautstruktur und kann jeden Haartyp st\u00e4rken, au\u00dferdem bietet es zus\u00e4tzlichen Schutz vor trockener Haut.<\/p><p><strong>Shilajit<\/strong><\/p><p>Besteht aus mehr als 85 Mineralien und Spurenelementen in ionischer und organischer Form, darunter u.\u00a0a. Magnesium, Kalzium, Phosphor, Eisen und zahlreiche Vitamine: A, E, B1, B2, B3, B6, B12, C und viele andere.<\/p><p><strong>Kolloidales Kupfer<\/strong><\/p><p>Kolloidales Kupfer kann dazu beitragen, die Pigmentierung der Haare zu erhalten oder ihnen ihre urspr\u00fcngliche Farbe zur\u00fcckzugeben. Au\u00dferdem unterst\u00fctzt Kupfer die Blutgef\u00e4\u00dfe, was f\u00fcr den Erhalt und das Nachwachsen der Haare wichtig ist.<\/p><p><strong>Zink und Magnesium<\/strong><\/p><p>Zink und Magnesium sind f\u00fcr die Kollagenproduktion ausgesprochen wichtig. Zink spielt auch eine wichtige Rolle bei der Wiederherstellung grauer Haare und der F\u00f6rderung des Haarwachstums.<\/p>\t\t\t\t\t\t\t\t<\/div>\n\t\t\t\t<\/div>\n\t\t\t\t\t<\/div>\n\t\t<\/div>\n\t\t\t\t<div class=\"elementor-column elementor-col-33 elementor-top-column elementor-element elementor-element-c29160e\" data-id=\"c29160e\" data-element_type=\"column\" data-e-type=\"column\">\n\t\t\t<div class=\"elementor-widget-wrap elementor-element-populated\">\n\t\t\t\t\t\t<div class=\"elementor-element elementor-element-cb727b6 elementor-widget elementor-widget-pressmart-heading\" data-id=\"cb727b6\" data-element_type=\"widget\" data-e-type=\"widget\" data-widget_type=\"pressmart-heading.default\">\n\t\t\t\t<div class=\"elementor-widget-container\">\n\t\t\t\t\t<div id=\"pressmart-header-44247\" class=\"pressmart-element pressmart-heading text-left separator-none separator-between-heading\">\t\n\t\t\t\n\t\t\t<div class=\"heading-wrap\">\n\t\t\t<span class=\"separator-left\"><\/span>\n\t\t\t<h4 class=\"heading-title\">Silizium f\u00fcr eine sch\u00f6nere Haut<\/h4>\t\t\t<span class=\"separator-right\"><\/span>\n\t\t\t\t\t<\/div>\n\t\t\n    <\/div>\t\t\t\t<\/div>\n\t\t\t\t<\/div>\n\t\t\t\t<div class=\"elementor-element elementor-element-019da56 elementor-widget elementor-widget-text-editor\" data-id=\"019da56\" data-element_type=\"widget\" data-e-type=\"widget\" data-widget_type=\"text-editor.default\">\n\t\t\t\t<div class=\"elementor-widget-container\">\n\t\t\t\t\t\t\t\t\t<p>Silizium sch\u00fctzt die Proteine Elastin und Kollagen in der Haut, und das macht die Haut elastischer und mildert F\u00e4ltchen. Der Mangel an Silizium macht sich sofort bemerkbar, denn er f\u00fchrt unter anderem zu Falten, trockenem Haar und br\u00fcchigen N\u00e4geln. Kollagen ist ein leimbildendes Protein, das ein Hauptbestandteil des Bindegewebes im K\u00f6rper ist. Kollagen unterst\u00fctzt die Haut und beugt Falten vor. Silizium ist einer der wichtigsten Bausteine des Bindegewebes. Das Protein Elastin sorgt daf\u00fcr, dass Ihre Haut elastisch bleibt und nach dem Lachen oder Stirnrunzeln wieder in ihre urspr\u00fcngliche Form zur\u00fcckkehrt. Elastin und Kollagen sind beide wichtig f\u00fcr Ihre Haut. Sie sorgen u.\u00a0a. f\u00fcr Elastizit\u00e4t und Festigkeit sowie f\u00fcr die Hauterneuerung. Silizium beugt nicht nur Falten vor, sondern hilft auch, Cellulite zu reduzieren. Cellulite wird meist als Folge von \u00dcbergewicht betrachtet, was jedoch v\u00f6llig ungerechtfertigt ist. Es ist eine Ansammlung von Fett, Fl\u00fcssigkeit und Abfallprodukten. Dadurch kommt es zu Spannung im Bindegewebe, was zu Beulen und Dellen in der Haut f\u00fchrt. Silizium st\u00e4rkt das Bindegewebe und reduziert Cellulite.<\/p><p><strong>Alaria esculenta<\/strong><\/p><p>Alaria esculenta (Braunalge) ist ein aktiver Anti-Aging-Wirkstoff, der den Progerinspiegel in der Haut bei Erwachsenen um ganze 79 % senken kann. Es ist n\u00e4mlich Progerin, was die Hautalterung verursacht.<\/p><p>\u00a0<\/p><p><strong>Ergebnisse von Fischkollagen?\u00a0<\/strong><\/p><p>Kollagen sorgt f\u00fcr Hautfestigkeit, was sich in einer festeren, volleren, strafferen, gut mit Feuchtigkeit versorgten und strahlenden Haut \u00e4u\u00dfert!<\/p><p><strong>Verwendung von Kollagen<\/strong><\/p><p>Die t\u00e4gliche Einnahme von Collageniaal ist sehr empfehlenswert, um ein gesundes Haarwachstum und ein besseres und strafferes Hautbild aufrechtzuerhalten und zu erreichen. Sie k\u00f6nnen dieses Kollagenprodukt auch t\u00e4glich auf Ihre Haut spr\u00fchen, es kurz trocknen lassen und dann Ihre \u00fcbliche Tages-\/Nachtcreme dar\u00fcber auftragen.<\/p><p><strong>Inhaltsstoffe auf Etiketten<\/strong><\/p><p>Da der Formel h\u00e4ufig neue Stoffe hinzugef\u00fcgt werden, ist es nicht m\u00f6glich, die Etiketten direkt zu aktualisieren, weshalb die aktuellsten \u00c4nderungen auf der Website zu finden sind.<\/p>\t\t\t\t\t\t\t\t<\/div>\n\t\t\t\t<\/div>\n\t\t\t\t\t<\/div>\n\t\t<\/div>\n\t\t\t\t\t<\/div>\n\t\t<\/section>\n\t\t\t\t<\/div>\n\t\t","protected":false},"excerpt":{"rendered":"<p>\u20ac60,00<\/p>\n<p><b>Beschreibung<\/b><\/p>\n<p>Collagenial, Kollagen mit Hydroxyprolin, Argireline, Hyalurons\u00e4ure, Shilajit, kolloidalem Kupfer und Kohlenstoff. Viscollagen ist die reinste Form des Kollagens. Seine Struktur \u00e4hnelt derjenigen der menschlichen Haut. Daher verwenden wir dieses Kollagen zusammen mit einigen anderen Substanzen wie: Hydroxyprolin, Argireline, Hyalurons\u00e4ure, Schlajit, kolloidales Kupfer, Carbon\/Kohle, Silizium, MTC-Pulver und Alaria Esculenta (Braunalge) Der Preis f\u00fcr 500ml betr\u00e4gt 60,00 \u20ac.<\/p>\n","protected":false},"featured_media":2060,"template":"","meta":[],"product_cat":[257,303],"product_tag":[],"class_list":{"0":"post-2570","1":"product","2":"type-product","3":"status-publish","4":"has-post-thumbnail","6":"product_cat-alle-produkte","7":"product_cat-collogeniaal-de","8":"product_shipping_class-post-pakket-de","10":"first","11":"instock","12":"featured","13":"taxable","14":"shipping-taxable","15":"purchasable","16":"product-type-variable"},"yoast_head":"<!-- This site is optimized with the Yoast SEO plugin v27.4 - https:\/\/yoast.com\/product\/yoast-seo-wordpress\/ -->\n<title>Collageniaal\/Kollagen - Auror Scalar Technology<\/title>\n<meta name=\"description\" content=\"Collageniaal, Kollagen mit Hydroxyprolin, Argireline, Hyalurons\u00e4ure, Shilajit, kolloidales Kupfer, Kohlenstoff\/Kohle, Silizium, MCT-\" \/>\n<meta name=\"robots\" content=\"index, follow, max-snippet:-1, max-image-preview:large, max-video-preview:-1\" \/>\n<link rel=\"canonical\" href=\"https:\/\/www.aurorscalartechnology.com\/de\/produkt\/collageniaal\/\" \/>\n<meta property=\"og:locale\" content=\"de_DE\" \/>\n<meta property=\"og:type\" content=\"article\" \/>\n<meta property=\"og:title\" content=\"Collageniaal\/Kollagen - Auror Scalar Technology\" \/>\n<meta property=\"og:description\" content=\"Collageniaal, Kollagen mit Hydroxyprolin, Argireline, Hyalurons\u00e4ure, Shilajit, kolloidales Kupfer, Kohlenstoff\/Kohle, Silizium, MCT-\" \/>\n<meta property=\"og:url\" content=\"https:\/\/www.aurorscalartechnology.com\/de\/produkt\/collageniaal\/\" \/>\n<meta property=\"og:site_name\" content=\"Auror Scalar Technology\" \/>\n<meta property=\"article:modified_time\" content=\"2024-08-04T15:55:26+00:00\" \/>\n<meta property=\"og:image\" content=\"https:\/\/www.aurorscalartechnology.com\/wp-content\/uploads\/2023\/08\/Collageniaal.png\" \/>\n\t<meta property=\"og:image:width\" content=\"500\" \/>\n\t<meta property=\"og:image:height\" content=\"500\" \/>\n\t<meta property=\"og:image:type\" content=\"image\/png\" \/>\n<meta name=\"twitter:card\" content=\"summary_large_image\" \/>\n<meta name=\"twitter:label1\" content=\"Gesch\u00e4tzte Lesezeit\" \/>\n\t<meta name=\"twitter:data1\" content=\"5\u00a0Minuten\" \/>\n<script type=\"application\/ld+json\" class=\"yoast-schema-graph\">{\"@context\":\"https:\\\/\\\/schema.org\",\"@graph\":[{\"@type\":\"WebPage\",\"@id\":\"https:\\\/\\\/www.aurorscalartechnology.com\\\/de\\\/produkt\\\/collageniaal\\\/\",\"url\":\"https:\\\/\\\/www.aurorscalartechnology.com\\\/de\\\/produkt\\\/collageniaal\\\/\",\"name\":\"Collageniaal\\\/Kollagen - Auror Scalar Technology\",\"isPartOf\":{\"@id\":\"https:\\\/\\\/www.aurorscalartechnology.com\\\/de\\\/#website\"},\"primaryImageOfPage\":{\"@id\":\"https:\\\/\\\/www.aurorscalartechnology.com\\\/de\\\/produkt\\\/collageniaal\\\/#primaryimage\"},\"image\":{\"@id\":\"https:\\\/\\\/www.aurorscalartechnology.com\\\/de\\\/produkt\\\/collageniaal\\\/#primaryimage\"},\"thumbnailUrl\":\"https:\\\/\\\/www.aurorscalartechnology.com\\\/wp-content\\\/uploads\\\/2023\\\/08\\\/Collageniaal.png\",\"datePublished\":\"2023-08-08T05:58:07+00:00\",\"dateModified\":\"2024-08-04T15:55:26+00:00\",\"description\":\"Collageniaal, Kollagen mit Hydroxyprolin, Argireline, Hyalurons\u00e4ure, Shilajit, kolloidales Kupfer, Kohlenstoff\\\/Kohle, Silizium, MCT-\",\"breadcrumb\":{\"@id\":\"https:\\\/\\\/www.aurorscalartechnology.com\\\/de\\\/produkt\\\/collageniaal\\\/#breadcrumb\"},\"inLanguage\":\"de\",\"potentialAction\":[{\"@type\":\"ReadAction\",\"target\":[\"https:\\\/\\\/www.aurorscalartechnology.com\\\/de\\\/produkt\\\/collageniaal\\\/\"]}]},{\"@type\":\"ImageObject\",\"inLanguage\":\"de\",\"@id\":\"https:\\\/\\\/www.aurorscalartechnology.com\\\/de\\\/produkt\\\/collageniaal\\\/#primaryimage\",\"url\":\"https:\\\/\\\/www.aurorscalartechnology.com\\\/wp-content\\\/uploads\\\/2023\\\/08\\\/Collageniaal.png\",\"contentUrl\":\"https:\\\/\\\/www.aurorscalartechnology.com\\\/wp-content\\\/uploads\\\/2023\\\/08\\\/Collageniaal.png\",\"width\":500,\"height\":500},{\"@type\":\"BreadcrumbList\",\"@id\":\"https:\\\/\\\/www.aurorscalartechnology.com\\\/de\\\/produkt\\\/collageniaal\\\/#breadcrumb\",\"itemListElement\":[{\"@type\":\"ListItem\",\"position\":1,\"name\":\"Home\",\"item\":\"https:\\\/\\\/www.aurorscalartechnology.com\\\/de\\\/\"},{\"@type\":\"ListItem\",\"position\":2,\"name\":\"Shop\",\"item\":\"https:\\\/\\\/www.aurorscalartechnology.com\\\/de\\\/shop-2\\\/\"},{\"@type\":\"ListItem\",\"position\":3,\"name\":\"Collageniaal\\\/Kollagen\"}]},{\"@type\":\"WebSite\",\"@id\":\"https:\\\/\\\/www.aurorscalartechnology.com\\\/de\\\/#website\",\"url\":\"https:\\\/\\\/www.aurorscalartechnology.com\\\/de\\\/\",\"name\":\"Auror Scalar Technology\",\"description\":\"\",\"potentialAction\":[{\"@type\":\"SearchAction\",\"target\":{\"@type\":\"EntryPoint\",\"urlTemplate\":\"https:\\\/\\\/www.aurorscalartechnology.com\\\/de\\\/?s={search_term_string}\"},\"query-input\":{\"@type\":\"PropertyValueSpecification\",\"valueRequired\":true,\"valueName\":\"search_term_string\"}}],\"inLanguage\":\"de\"}]}<\/script>\n<!-- \/ Yoast SEO plugin. -->","yoast_head_json":{"title":"Collageniaal\/Kollagen - Auror Scalar Technology","description":"Collageniaal, Kollagen mit Hydroxyprolin, Argireline, Hyalurons\u00e4ure, Shilajit, kolloidales Kupfer, Kohlenstoff\/Kohle, Silizium, MCT-","robots":{"index":"index","follow":"follow","max-snippet":"max-snippet:-1","max-image-preview":"max-image-preview:large","max-video-preview":"max-video-preview:-1"},"canonical":"https:\/\/www.aurorscalartechnology.com\/de\/produkt\/collageniaal\/","og_locale":"de_DE","og_type":"article","og_title":"Collageniaal\/Kollagen - Auror Scalar Technology","og_description":"Collageniaal, Kollagen mit Hydroxyprolin, Argireline, Hyalurons\u00e4ure, Shilajit, kolloidales Kupfer, Kohlenstoff\/Kohle, Silizium, MCT-","og_url":"https:\/\/www.aurorscalartechnology.com\/de\/produkt\/collageniaal\/","og_site_name":"Auror Scalar Technology","article_modified_time":"2024-08-04T15:55:26+00:00","og_image":[{"width":500,"height":500,"url":"https:\/\/www.aurorscalartechnology.com\/wp-content\/uploads\/2023\/08\/Collageniaal.png","type":"image\/png"}],"twitter_card":"summary_large_image","twitter_misc":{"Gesch\u00e4tzte Lesezeit":"5\u00a0Minuten"},"schema":{"@context":"https:\/\/schema.org","@graph":[{"@type":"WebPage","@id":"https:\/\/www.aurorscalartechnology.com\/de\/produkt\/collageniaal\/","url":"https:\/\/www.aurorscalartechnology.com\/de\/produkt\/collageniaal\/","name":"Collageniaal\/Kollagen - Auror Scalar Technology","isPartOf":{"@id":"https:\/\/www.aurorscalartechnology.com\/de\/#website"},"primaryImageOfPage":{"@id":"https:\/\/www.aurorscalartechnology.com\/de\/produkt\/collageniaal\/#primaryimage"},"image":{"@id":"https:\/\/www.aurorscalartechnology.com\/de\/produkt\/collageniaal\/#primaryimage"},"thumbnailUrl":"https:\/\/www.aurorscalartechnology.com\/wp-content\/uploads\/2023\/08\/Collageniaal.png","datePublished":"2023-08-08T05:58:07+00:00","dateModified":"2024-08-04T15:55:26+00:00","description":"Collageniaal, Kollagen mit Hydroxyprolin, Argireline, Hyalurons\u00e4ure, Shilajit, kolloidales Kupfer, Kohlenstoff\/Kohle, Silizium, MCT-","breadcrumb":{"@id":"https:\/\/www.aurorscalartechnology.com\/de\/produkt\/collageniaal\/#breadcrumb"},"inLanguage":"de","potentialAction":[{"@type":"ReadAction","target":["https:\/\/www.aurorscalartechnology.com\/de\/produkt\/collageniaal\/"]}]},{"@type":"ImageObject","inLanguage":"de","@id":"https:\/\/www.aurorscalartechnology.com\/de\/produkt\/collageniaal\/#primaryimage","url":"https:\/\/www.aurorscalartechnology.com\/wp-content\/uploads\/2023\/08\/Collageniaal.png","contentUrl":"https:\/\/www.aurorscalartechnology.com\/wp-content\/uploads\/2023\/08\/Collageniaal.png","width":500,"height":500},{"@type":"BreadcrumbList","@id":"https:\/\/www.aurorscalartechnology.com\/de\/produkt\/collageniaal\/#breadcrumb","itemListElement":[{"@type":"ListItem","position":1,"name":"Home","item":"https:\/\/www.aurorscalartechnology.com\/de\/"},{"@type":"ListItem","position":2,"name":"Shop","item":"https:\/\/www.aurorscalartechnology.com\/de\/shop-2\/"},{"@type":"ListItem","position":3,"name":"Collageniaal\/Kollagen"}]},{"@type":"WebSite","@id":"https:\/\/www.aurorscalartechnology.com\/de\/#website","url":"https:\/\/www.aurorscalartechnology.com\/de\/","name":"Auror Scalar Technology","description":"","potentialAction":[{"@type":"SearchAction","target":{"@type":"EntryPoint","urlTemplate":"https:\/\/www.aurorscalartechnology.com\/de\/?s={search_term_string}"},"query-input":{"@type":"PropertyValueSpecification","valueRequired":true,"valueName":"search_term_string"}}],"inLanguage":"de"}]}},"_links":{"self":[{"href":"https:\/\/www.aurorscalartechnology.com\/de\/wp-json\/wp\/v2\/product\/2570","targetHints":{"allow":["GET"]}}],"collection":[{"href":"https:\/\/www.aurorscalartechnology.com\/de\/wp-json\/wp\/v2\/product"}],"about":[{"href":"https:\/\/www.aurorscalartechnology.com\/de\/wp-json\/wp\/v2\/types\/product"}],"version-history":[{"count":3,"href":"https:\/\/www.aurorscalartechnology.com\/de\/wp-json\/wp\/v2\/product\/2570\/revisions"}],"predecessor-version":[{"id":23239,"href":"https:\/\/www.aurorscalartechnology.com\/de\/wp-json\/wp\/v2\/product\/2570\/revisions\/23239"}],"wp:featuredmedia":[{"embeddable":true,"href":"https:\/\/www.aurorscalartechnology.com\/de\/wp-json\/wp\/v2\/media\/2060"}],"wp:attachment":[{"href":"https:\/\/www.aurorscalartechnology.com\/de\/wp-json\/wp\/v2\/media?parent=2570"}],"wp:term":[{"taxonomy":"product_cat","embeddable":true,"href":"https:\/\/www.aurorscalartechnology.com\/de\/wp-json\/wp\/v2\/product_cat?post=2570"},{"taxonomy":"product_tag","embeddable":true,"href":"https:\/\/www.aurorscalartechnology.com\/de\/wp-json\/wp\/v2\/product_tag?post=2570"}],"curies":[{"name":"wp","href":"https:\/\/api.w.org\/{rel}","templated":true}]}}