{"id":27531,"date":"2026-03-23T13:25:29","date_gmt":"2026-03-23T12:25:29","guid":{"rendered":"https:\/\/www.aurorscalartechnology.com\/?post_type=product&#038;p=27531"},"modified":"2026-03-25T10:52:41","modified_gmt":"2026-03-25T09:52:41","slug":"das-buga-sphere-amulett-nr-2-kostet-4000-e","status":"publish","type":"product","link":"https:\/\/www.aurorscalartechnology.com\/de\/produkt\/das-buga-sphere-amulett-nr-2-kostet-4000-e\/","title":{"rendered":"Das Buga Sphere-Amulett Nr. 2"},"content":{"rendered":"\t\t<div data-elementor-type=\"wp-post\" data-elementor-id=\"27531\" class=\"elementor elementor-27531 elementor-27497\">\n\t\t\t\t\t\t<section class=\"elementor-section elementor-top-section elementor-element elementor-element-570f1fc elementor-section-boxed elementor-section-height-default elementor-section-height-default\" data-id=\"570f1fc\" data-element_type=\"section\" data-e-type=\"section\">\n\t\t\t\t\t\t<div class=\"elementor-container elementor-column-gap-default\">\n\t\t\t\t\t<div class=\"elementor-column elementor-col-100 elementor-top-column elementor-element elementor-element-23c47dc\" data-id=\"23c47dc\" data-element_type=\"column\" data-e-type=\"column\">\n\t\t\t<div class=\"elementor-widget-wrap elementor-element-populated\">\n\t\t\t\t\t\t<div class=\"elementor-element elementor-element-d70ceff elementor-widget elementor-widget-text-editor\" data-id=\"d70ceff\" data-element_type=\"widget\" data-e-type=\"widget\" data-widget_type=\"text-editor.default\">\n\t\t\t\t<div class=\"elementor-widget-container\">\n\t\t\t\t\t\t\t\t\t<p>\u00a0<\/p><p>Das heilige Buga-2-Lichtsymbol in Kombination mit der Cosmic-Connector-Frequenz. Die 528 MHz.<br \/>\u00dcber die Buga-Sph\u00e4re gibt es auf YouTube viel zu finden; insbesondere Bob Lazar, ein bekannter Wissenschaftler, hat diesbez\u00fcglich Forschungen durchgef\u00fchrt.<br \/>Dieses sch\u00f6ne Symbol stammt von der Buga-Sph\u00e4re. Das Symbol stellt ein kosmisches Signal dar.<br \/>Das Symbol liegt auf einer Shugite-Platte und ist von einem Tensor-Ring umgeben, der die 528-MHz-Frequenz ausstrahlt und mit Amethyst veredelt ist<br \/>Was kann dieses heilende Amulett f\u00fcr Sie bedeuten? Das Symbol und der Tensorring k\u00f6nnen Sie wieder mit Ihrem urspr\u00fcnglichen universellen Selbst verbinden. Eine tiefere Seelenverbindung herstellen. Diese Kombination wirkt auf den spirituellen und unsichtbaren Aspekt des Lebens und vertieft das Bewusstsein.<\/p><p><br \/>&#8211; wirkt tief und regenerierend auf der Basisebene (DNA).<br \/>&#8211; aktiviert den Lichtk\u00f6rper und stellt die urspr\u00fcnglichen genetischen Codes wieder her.<br \/>&#8211; wirkt tief ausgleichend (0-Punkt-Energie) jenseits der physischen Welt<br \/>&#8211; Elemente Wasser, Feuer und \u00c4ther.<br \/>&#8211; wirkt auf das vierte, f\u00fcnfte, sechste und siebte Chakra<br \/>&#8211; \u00f6ffnet den heiligen Raum im physischen Herzen. (das universelle Herz)<\/p><p>Die Anh\u00e4nger-Version versetzt dich in eine sch\u00fctzende Blase. Die Blase ist dann die Frequenz des Cosmic Connectors. Alles von au\u00dfen wird zun\u00e4chst gereinigt, bevor es in die Blase gelangt.<br \/>Wenn du mehr \u00fcber die Tensor-Technologie erfahren m\u00f6chtest, findest du weitere Informationen unter:<br \/>https:\/\/www.crystalsound-energyproducts.com\/wat-is-tensor-technologie<\/p>\t\t\t\t\t\t\t\t<\/div>\n\t\t\t\t<\/div>\n\t\t\t\t\t<\/div>\n\t\t<\/div>\n\t\t\t\t\t<\/div>\n\t\t<\/section>\n\t\t\t\t<\/div>\n\t\t","protected":false},"excerpt":{"rendered":"<p>Das heilige Buga-2-Lichtsprache-Symbol in Kombination mit der Cosmic<br \/>\nConnector-Frequenz. Die 528 MHz.<\/p>\n<p>\u00dcber die Buga-Sph\u00e4re gibt es auf YouTube viel zu finden, insbesondere Bob Lazar, ein bekannter Wissenschaftler, hat diesbez\u00fcglich Forschungen durchgef\u00fchrt. Dieses sch\u00f6ne Symbol stammt von der Buga-Sph\u00e4re. Das Symbol stellt ein kosmisches Signal dar.<br \/>\nDas Symbol liegt auf einer Platte aus Shugite und ist von einem Tensor-Ring umgeben, der die 528-MHz-Frequenz ausstrahlt; es ist mit Amethyst veredelt \u2013 was kann diese heilende Platte f\u00fcr Sie bedeuten? Das Symbol und der Tensorring k\u00f6nnen Sie wieder mit Ihrem urspr\u00fcnglichen universellen Selbst verbinden. Eine tiefere Seelenverbindung herstellen. Diese Kombination wirkt auf den spirituellen und unsichtbaren Aspekt des Lebens und vertieft das Bewusstsein.<\/p>\n","protected":false},"featured_media":27615,"template":"","meta":[],"product_cat":[257],"product_tag":[],"class_list":{"0":"post-27531","1":"product","2":"type-product","3":"status-publish","4":"has-post-thumbnail","6":"product_cat-alle-produkte","8":"first","9":"instock","10":"taxable","11":"shipping-taxable","12":"purchasable","13":"product-type-simple"},"yoast_head":"<!-- This site is optimized with the Yoast SEO plugin v27.4 - https:\/\/yoast.com\/product\/yoast-seo-wordpress\/ -->\n<title>Das Buga Sphere-Amulett Nr. 2 - Auror Scalar Technology<\/title>\n<meta name=\"robots\" content=\"index, follow, max-snippet:-1, max-image-preview:large, max-video-preview:-1\" \/>\n<link rel=\"canonical\" href=\"https:\/\/www.aurorscalartechnology.com\/de\/produkt\/das-buga-sphere-amulett-nr-2-kostet-4000-e\/\" \/>\n<meta property=\"og:locale\" content=\"de_DE\" \/>\n<meta property=\"og:type\" content=\"article\" \/>\n<meta property=\"og:title\" content=\"Das Buga Sphere-Amulett Nr. 2 - Auror Scalar Technology\" \/>\n<meta property=\"og:description\" content=\"Das heilige Buga-2-Lichtsprache-Symbol in Kombination mit der Cosmic Connector-Frequenz. Die 528 MHz.  \u00dcber die Buga-Sph\u00e4re gibt es auf YouTube viel zu finden, insbesondere Bob Lazar, ein bekannter Wissenschaftler, hat diesbez\u00fcglich Forschungen durchgef\u00fchrt. Dieses sch\u00f6ne Symbol stammt von der Buga-Sph\u00e4re. Das Symbol stellt ein kosmisches Signal dar. Das Symbol liegt auf einer Platte aus Shugite und ist von einem Tensor-Ring umgeben, der die 528-MHz-Frequenz ausstrahlt; es ist mit Amethyst veredelt \u2013 was kann diese heilende Platte f\u00fcr Sie bedeuten? Das Symbol und der Tensorring k\u00f6nnen Sie wieder mit Ihrem urspr\u00fcnglichen universellen Selbst verbinden. Eine tiefere Seelenverbindung herstellen. Diese Kombination wirkt auf den spirituellen und unsichtbaren Aspekt des Lebens und vertieft das Bewusstsein.\" \/>\n<meta property=\"og:url\" content=\"https:\/\/www.aurorscalartechnology.com\/de\/produkt\/das-buga-sphere-amulett-nr-2-kostet-4000-e\/\" \/>\n<meta property=\"og:site_name\" content=\"Auror Scalar Technology\" \/>\n<meta property=\"article:modified_time\" content=\"2026-03-25T09:52:41+00:00\" \/>\n<meta property=\"og:image\" content=\"https:\/\/www.aurorscalartechnology.com\/wp-content\/uploads\/2026\/03\/Buga-2-amulet-scaled.jpg\" \/>\n\t<meta property=\"og:image:width\" content=\"1920\" \/>\n\t<meta property=\"og:image:height\" content=\"2560\" \/>\n\t<meta property=\"og:image:type\" content=\"image\/jpeg\" \/>\n<meta name=\"twitter:card\" content=\"summary_large_image\" \/>\n<meta name=\"twitter:label1\" content=\"Gesch\u00e4tzte Lesezeit\" \/>\n\t<meta name=\"twitter:data1\" content=\"2\u00a0Minuten\" \/>\n<script type=\"application\/ld+json\" class=\"yoast-schema-graph\">{\"@context\":\"https:\\\/\\\/schema.org\",\"@graph\":[{\"@type\":\"WebPage\",\"@id\":\"https:\\\/\\\/www.aurorscalartechnology.com\\\/de\\\/produkt\\\/das-buga-sphere-amulett-nr-2-kostet-4000-e\\\/\",\"url\":\"https:\\\/\\\/www.aurorscalartechnology.com\\\/de\\\/produkt\\\/das-buga-sphere-amulett-nr-2-kostet-4000-e\\\/\",\"name\":\"Das Buga Sphere-Amulett Nr. 2 - Auror Scalar Technology\",\"isPartOf\":{\"@id\":\"https:\\\/\\\/www.aurorscalartechnology.com\\\/de\\\/#website\"},\"primaryImageOfPage\":{\"@id\":\"https:\\\/\\\/www.aurorscalartechnology.com\\\/de\\\/produkt\\\/das-buga-sphere-amulett-nr-2-kostet-4000-e\\\/#primaryimage\"},\"image\":{\"@id\":\"https:\\\/\\\/www.aurorscalartechnology.com\\\/de\\\/produkt\\\/das-buga-sphere-amulett-nr-2-kostet-4000-e\\\/#primaryimage\"},\"thumbnailUrl\":\"https:\\\/\\\/www.aurorscalartechnology.com\\\/wp-content\\\/uploads\\\/2026\\\/03\\\/Buga-2-hanger-scaled.jpg\",\"datePublished\":\"2026-03-23T12:25:29+00:00\",\"dateModified\":\"2026-03-25T09:52:41+00:00\",\"breadcrumb\":{\"@id\":\"https:\\\/\\\/www.aurorscalartechnology.com\\\/de\\\/produkt\\\/das-buga-sphere-amulett-nr-2-kostet-4000-e\\\/#breadcrumb\"},\"inLanguage\":\"de\",\"potentialAction\":[{\"@type\":\"ReadAction\",\"target\":[\"https:\\\/\\\/www.aurorscalartechnology.com\\\/de\\\/produkt\\\/das-buga-sphere-amulett-nr-2-kostet-4000-e\\\/\"]}]},{\"@type\":\"ImageObject\",\"inLanguage\":\"de\",\"@id\":\"https:\\\/\\\/www.aurorscalartechnology.com\\\/de\\\/produkt\\\/das-buga-sphere-amulett-nr-2-kostet-4000-e\\\/#primaryimage\",\"url\":\"https:\\\/\\\/www.aurorscalartechnology.com\\\/wp-content\\\/uploads\\\/2026\\\/03\\\/Buga-2-hanger-scaled.jpg\",\"contentUrl\":\"https:\\\/\\\/www.aurorscalartechnology.com\\\/wp-content\\\/uploads\\\/2026\\\/03\\\/Buga-2-hanger-scaled.jpg\",\"width\":2560,\"height\":1897},{\"@type\":\"BreadcrumbList\",\"@id\":\"https:\\\/\\\/www.aurorscalartechnology.com\\\/de\\\/produkt\\\/das-buga-sphere-amulett-nr-2-kostet-4000-e\\\/#breadcrumb\",\"itemListElement\":[{\"@type\":\"ListItem\",\"position\":1,\"name\":\"Home\",\"item\":\"https:\\\/\\\/www.aurorscalartechnology.com\\\/de\\\/\"},{\"@type\":\"ListItem\",\"position\":2,\"name\":\"Shop\",\"item\":\"https:\\\/\\\/www.aurorscalartechnology.com\\\/de\\\/shop-2\\\/\"},{\"@type\":\"ListItem\",\"position\":3,\"name\":\"Das Buga Sphere-Amulett Nr. 2\"}]},{\"@type\":\"WebSite\",\"@id\":\"https:\\\/\\\/www.aurorscalartechnology.com\\\/de\\\/#website\",\"url\":\"https:\\\/\\\/www.aurorscalartechnology.com\\\/de\\\/\",\"name\":\"Auror Scalar Technology\",\"description\":\"\",\"potentialAction\":[{\"@type\":\"SearchAction\",\"target\":{\"@type\":\"EntryPoint\",\"urlTemplate\":\"https:\\\/\\\/www.aurorscalartechnology.com\\\/de\\\/?s={search_term_string}\"},\"query-input\":{\"@type\":\"PropertyValueSpecification\",\"valueRequired\":true,\"valueName\":\"search_term_string\"}}],\"inLanguage\":\"de\"}]}<\/script>\n<!-- \/ Yoast SEO plugin. -->","yoast_head_json":{"title":"Das Buga Sphere-Amulett Nr. 2 - Auror Scalar Technology","robots":{"index":"index","follow":"follow","max-snippet":"max-snippet:-1","max-image-preview":"max-image-preview:large","max-video-preview":"max-video-preview:-1"},"canonical":"https:\/\/www.aurorscalartechnology.com\/de\/produkt\/das-buga-sphere-amulett-nr-2-kostet-4000-e\/","og_locale":"de_DE","og_type":"article","og_title":"Das Buga Sphere-Amulett Nr. 2 - Auror Scalar Technology","og_description":"Das heilige Buga-2-Lichtsprache-Symbol in Kombination mit der Cosmic Connector-Frequenz. Die 528 MHz.  \u00dcber die Buga-Sph\u00e4re gibt es auf YouTube viel zu finden, insbesondere Bob Lazar, ein bekannter Wissenschaftler, hat diesbez\u00fcglich Forschungen durchgef\u00fchrt. Dieses sch\u00f6ne Symbol stammt von der Buga-Sph\u00e4re. Das Symbol stellt ein kosmisches Signal dar. Das Symbol liegt auf einer Platte aus Shugite und ist von einem Tensor-Ring umgeben, der die 528-MHz-Frequenz ausstrahlt; es ist mit Amethyst veredelt \u2013 was kann diese heilende Platte f\u00fcr Sie bedeuten? Das Symbol und der Tensorring k\u00f6nnen Sie wieder mit Ihrem urspr\u00fcnglichen universellen Selbst verbinden. Eine tiefere Seelenverbindung herstellen. Diese Kombination wirkt auf den spirituellen und unsichtbaren Aspekt des Lebens und vertieft das Bewusstsein.","og_url":"https:\/\/www.aurorscalartechnology.com\/de\/produkt\/das-buga-sphere-amulett-nr-2-kostet-4000-e\/","og_site_name":"Auror Scalar Technology","article_modified_time":"2026-03-25T09:52:41+00:00","og_image":[{"width":1920,"height":2560,"url":"https:\/\/www.aurorscalartechnology.com\/wp-content\/uploads\/2026\/03\/Buga-2-amulet-scaled.jpg","type":"image\/jpeg"}],"twitter_card":"summary_large_image","twitter_misc":{"Gesch\u00e4tzte Lesezeit":"2\u00a0Minuten"},"schema":{"@context":"https:\/\/schema.org","@graph":[{"@type":"WebPage","@id":"https:\/\/www.aurorscalartechnology.com\/de\/produkt\/das-buga-sphere-amulett-nr-2-kostet-4000-e\/","url":"https:\/\/www.aurorscalartechnology.com\/de\/produkt\/das-buga-sphere-amulett-nr-2-kostet-4000-e\/","name":"Das Buga Sphere-Amulett Nr. 2 - Auror Scalar Technology","isPartOf":{"@id":"https:\/\/www.aurorscalartechnology.com\/de\/#website"},"primaryImageOfPage":{"@id":"https:\/\/www.aurorscalartechnology.com\/de\/produkt\/das-buga-sphere-amulett-nr-2-kostet-4000-e\/#primaryimage"},"image":{"@id":"https:\/\/www.aurorscalartechnology.com\/de\/produkt\/das-buga-sphere-amulett-nr-2-kostet-4000-e\/#primaryimage"},"thumbnailUrl":"https:\/\/www.aurorscalartechnology.com\/wp-content\/uploads\/2026\/03\/Buga-2-hanger-scaled.jpg","datePublished":"2026-03-23T12:25:29+00:00","dateModified":"2026-03-25T09:52:41+00:00","breadcrumb":{"@id":"https:\/\/www.aurorscalartechnology.com\/de\/produkt\/das-buga-sphere-amulett-nr-2-kostet-4000-e\/#breadcrumb"},"inLanguage":"de","potentialAction":[{"@type":"ReadAction","target":["https:\/\/www.aurorscalartechnology.com\/de\/produkt\/das-buga-sphere-amulett-nr-2-kostet-4000-e\/"]}]},{"@type":"ImageObject","inLanguage":"de","@id":"https:\/\/www.aurorscalartechnology.com\/de\/produkt\/das-buga-sphere-amulett-nr-2-kostet-4000-e\/#primaryimage","url":"https:\/\/www.aurorscalartechnology.com\/wp-content\/uploads\/2026\/03\/Buga-2-hanger-scaled.jpg","contentUrl":"https:\/\/www.aurorscalartechnology.com\/wp-content\/uploads\/2026\/03\/Buga-2-hanger-scaled.jpg","width":2560,"height":1897},{"@type":"BreadcrumbList","@id":"https:\/\/www.aurorscalartechnology.com\/de\/produkt\/das-buga-sphere-amulett-nr-2-kostet-4000-e\/#breadcrumb","itemListElement":[{"@type":"ListItem","position":1,"name":"Home","item":"https:\/\/www.aurorscalartechnology.com\/de\/"},{"@type":"ListItem","position":2,"name":"Shop","item":"https:\/\/www.aurorscalartechnology.com\/de\/shop-2\/"},{"@type":"ListItem","position":3,"name":"Das Buga Sphere-Amulett Nr. 2"}]},{"@type":"WebSite","@id":"https:\/\/www.aurorscalartechnology.com\/de\/#website","url":"https:\/\/www.aurorscalartechnology.com\/de\/","name":"Auror Scalar Technology","description":"","potentialAction":[{"@type":"SearchAction","target":{"@type":"EntryPoint","urlTemplate":"https:\/\/www.aurorscalartechnology.com\/de\/?s={search_term_string}"},"query-input":{"@type":"PropertyValueSpecification","valueRequired":true,"valueName":"search_term_string"}}],"inLanguage":"de"}]}},"_links":{"self":[{"href":"https:\/\/www.aurorscalartechnology.com\/de\/wp-json\/wp\/v2\/product\/27531","targetHints":{"allow":["GET"]}}],"collection":[{"href":"https:\/\/www.aurorscalartechnology.com\/de\/wp-json\/wp\/v2\/product"}],"about":[{"href":"https:\/\/www.aurorscalartechnology.com\/de\/wp-json\/wp\/v2\/types\/product"}],"version-history":[{"count":5,"href":"https:\/\/www.aurorscalartechnology.com\/de\/wp-json\/wp\/v2\/product\/27531\/revisions"}],"predecessor-version":[{"id":27536,"href":"https:\/\/www.aurorscalartechnology.com\/de\/wp-json\/wp\/v2\/product\/27531\/revisions\/27536"}],"wp:featuredmedia":[{"embeddable":true,"href":"https:\/\/www.aurorscalartechnology.com\/de\/wp-json\/wp\/v2\/media\/27615"}],"wp:attachment":[{"href":"https:\/\/www.aurorscalartechnology.com\/de\/wp-json\/wp\/v2\/media?parent=27531"}],"wp:term":[{"taxonomy":"product_cat","embeddable":true,"href":"https:\/\/www.aurorscalartechnology.com\/de\/wp-json\/wp\/v2\/product_cat?post=27531"},{"taxonomy":"product_tag","embeddable":true,"href":"https:\/\/www.aurorscalartechnology.com\/de\/wp-json\/wp\/v2\/product_tag?post=27531"}],"curies":[{"name":"wp","href":"https:\/\/api.w.org\/{rel}","templated":true}]}}