{"id":27539,"date":"2026-03-23T13:07:54","date_gmt":"2026-03-23T12:07:54","guid":{"rendered":"https:\/\/www.aurorscalartechnology.com\/?post_type=product&#038;p=27539"},"modified":"2026-03-25T11:26:54","modified_gmt":"2026-03-25T10:26:54","slug":"das-buga-sphere-amulett-nr-1","status":"publish","type":"product","link":"https:\/\/www.aurorscalartechnology.com\/de\/produkt\/das-buga-sphere-amulett-nr-1\/","title":{"rendered":"Das Buga Sphere-Amulett Nr. 1"},"content":{"rendered":"\t\t<div data-elementor-type=\"wp-post\" data-elementor-id=\"27539\" class=\"elementor elementor-27539 elementor-27479\">\n\t\t\t\t\t\t<section class=\"elementor-section elementor-top-section elementor-element elementor-element-23b1a496 elementor-section-boxed elementor-section-height-default elementor-section-height-default\" data-id=\"23b1a496\" data-element_type=\"section\" data-e-type=\"section\">\n\t\t\t\t\t\t<div class=\"elementor-container elementor-column-gap-default\">\n\t\t\t\t\t<div class=\"elementor-column elementor-col-100 elementor-top-column elementor-element elementor-element-53d27a03\" data-id=\"53d27a03\" data-element_type=\"column\" data-e-type=\"column\">\n\t\t\t<div class=\"elementor-widget-wrap elementor-element-populated\">\n\t\t\t\t\t\t<div class=\"elementor-element elementor-element-5f4d4e7d elementor-widget elementor-widget-text-editor\" data-id=\"5f4d4e7d\" data-element_type=\"widget\" data-e-type=\"widget\" data-widget_type=\"text-editor.default\">\n\t\t\t\t<div class=\"elementor-widget-container\">\n\t\t\t\t\t\t\t\t\t<p>Das heilige Buga-1-Lichtsymbol in Kombination mit dem Frequenz-Tensorring des heiligen Kontinents.<br \/>Auf YouTube gibt es viel Material zur Buga-Sph\u00e4re; insbesondere Bob Lazar, ein bekannter Wissenschaftler, hat diesbez\u00fcglich Forschungen durchgef\u00fchrt.<br \/>Dieses sch\u00f6ne Symbol stammt von der Buga-Sph\u00e4re. Das Symbol und die urspr\u00fcngliche universelle Lichtsprache stammen aus der Zeit des heiligen Kontinents Lemuria. Das bedeutet, dass diese urspr\u00fcngliche universelle Lichtsprache<br \/>in der Zeit von Lemuria gesprochen wurde. Die Sprachen, die wir heute als Menschen sprechen, sind verf\u00e4lscht und nicht mehr urspr\u00fcnglich universell.<\/p><p>Das Symbol liegt auf einer Platte aus Shungit und ist von einem Tensorring umgeben, der ebenfalls die Frequenz des heiligen Kontinents Lemuria ausstrahlt, und ist mit Schneekristall veredelt.<br \/>Was kann diese heilende Platte f\u00fcr Sie bedeuten? Das Symbol und der Tensorring k\u00f6nnen Sie zur\u00fcck zur urspr\u00fcnglicheren menschlichen Energie und Frequenz f\u00fchren.<br \/>Diese Kombination hat eine Yin-Yang-ausgeglichene Energie. Sie wirkt horizontal wie ein allsehendes Auge. Sie vermittelt eine vollst\u00e4ndige Perspektive auf alle Richtungen, Dimensionen, Zeiten und R\u00e4ume einer bestimmten Situation in all ihren Aspekten. Wenn du \u201eThe Vision\u201c hast, kannst du alles sehen, was verborgen ist.<br \/>Die Kombination wirkt sehr kraftvoll, um Frieden in deinem Herzen zu erlangen.<br \/>Sie ist auch sehr kraftvoll f\u00fcr Energiearbeit \u00fcber gro\u00dfe Entfernungen.<\/p><p><br \/>Element: \u00c4ther. Wirkt auf das 7. Chakra. Die Anh\u00e4nger-Version versetzt dich in eine sch\u00fctzende Blase. Die Blase ist dann die Frequenz des heiligen Kontinents. Alles von au\u00dfen wird dann zuerst gereinigt, bevor es in die Blase gelangt.<\/p><p>Wenn du mehr \u00fcber die Tensor-Technologie erfahren m\u00f6chtest, findest du weitere Informationen unter:<br \/>https:\/\/www.crystalsound-energyproducts.com\/wat-is-tensor-technologie<\/p>\t\t\t\t\t\t\t\t<\/div>\n\t\t\t\t<\/div>\n\t\t\t\t\t<\/div>\n\t\t<\/div>\n\t\t\t\t\t<\/div>\n\t\t<\/section>\n\t\t\t\t<\/div>\n\t\t","protected":false},"excerpt":{"rendered":"<p>Dieses sch\u00f6ne Symbol stammt aus der Buga-Sph\u00e4re. Das Symbol sowie die urspr\u00fcngliche<br \/>\nuniverselle Lichtsprache stammen aus der Zeit des heiligen Kontinents Lemuria.<br \/>\nDas bedeutet, dass diese urspr\u00fcngliche universelle Lichtsprache<br \/>\nin der Zeit von Lemuria gesprochen wurde. Die Sprachen, die wir heute als Menschen sprechen, sind verf\u00e4lscht und<br \/>\nnicht mehr urspr\u00fcnglich universell.<\/p>\n","protected":false},"featured_media":27484,"template":"","meta":[],"product_cat":[257],"product_tag":[],"class_list":{"0":"post-27539","1":"product","2":"type-product","3":"status-publish","4":"has-post-thumbnail","6":"product_cat-alle-produkte","8":"first","9":"instock","10":"taxable","11":"shipping-taxable","12":"purchasable","13":"product-type-simple"},"yoast_head":"<!-- This site is optimized with the Yoast SEO plugin v27.4 - https:\/\/yoast.com\/product\/yoast-seo-wordpress\/ -->\n<title>Das Buga Sphere-Amulett Nr. 1 - Auror Scalar Technology<\/title>\n<meta name=\"robots\" content=\"index, follow, max-snippet:-1, max-image-preview:large, max-video-preview:-1\" \/>\n<link rel=\"canonical\" href=\"https:\/\/www.aurorscalartechnology.com\/de\/produkt\/das-buga-sphere-amulett-nr-1\/\" \/>\n<meta property=\"og:locale\" content=\"de_DE\" \/>\n<meta property=\"og:type\" content=\"article\" \/>\n<meta property=\"og:title\" content=\"Das Buga Sphere-Amulett Nr. 1 - Auror Scalar Technology\" \/>\n<meta property=\"og:description\" content=\"Dieses sch\u00f6ne Symbol stammt aus der Buga-Sph\u00e4re. Das Symbol sowie die urspr\u00fcngliche universelle Lichtsprache stammen aus der Zeit des heiligen Kontinents Lemuria. Das bedeutet, dass diese urspr\u00fcngliche universelle Lichtsprache in der Zeit von Lemuria gesprochen wurde. Die Sprachen, die wir heute als Menschen sprechen, sind verf\u00e4lscht und nicht mehr urspr\u00fcnglich universell.\" \/>\n<meta property=\"og:url\" content=\"https:\/\/www.aurorscalartechnology.com\/de\/produkt\/das-buga-sphere-amulett-nr-1\/\" \/>\n<meta property=\"og:site_name\" content=\"Auror Scalar Technology\" \/>\n<meta property=\"article:modified_time\" content=\"2026-03-25T10:26:54+00:00\" \/>\n<meta property=\"og:image\" content=\"https:\/\/www.aurorscalartechnology.com\/wp-content\/uploads\/2026\/03\/Buga-1-scaled.jpg\" \/>\n\t<meta property=\"og:image:width\" content=\"1920\" \/>\n\t<meta property=\"og:image:height\" content=\"2560\" \/>\n\t<meta property=\"og:image:type\" content=\"image\/jpeg\" \/>\n<meta name=\"twitter:card\" content=\"summary_large_image\" \/>\n<meta name=\"twitter:label1\" content=\"Gesch\u00e4tzte Lesezeit\" \/>\n\t<meta name=\"twitter:data1\" content=\"2\u00a0Minuten\" \/>\n<script type=\"application\/ld+json\" class=\"yoast-schema-graph\">{\"@context\":\"https:\\\/\\\/schema.org\",\"@graph\":[{\"@type\":\"WebPage\",\"@id\":\"https:\\\/\\\/www.aurorscalartechnology.com\\\/de\\\/produkt\\\/das-buga-sphere-amulett-nr-1\\\/\",\"url\":\"https:\\\/\\\/www.aurorscalartechnology.com\\\/de\\\/produkt\\\/das-buga-sphere-amulett-nr-1\\\/\",\"name\":\"Das Buga Sphere-Amulett Nr. 1 - Auror Scalar Technology\",\"isPartOf\":{\"@id\":\"https:\\\/\\\/www.aurorscalartechnology.com\\\/de\\\/#website\"},\"primaryImageOfPage\":{\"@id\":\"https:\\\/\\\/www.aurorscalartechnology.com\\\/de\\\/produkt\\\/das-buga-sphere-amulett-nr-1\\\/#primaryimage\"},\"image\":{\"@id\":\"https:\\\/\\\/www.aurorscalartechnology.com\\\/de\\\/produkt\\\/das-buga-sphere-amulett-nr-1\\\/#primaryimage\"},\"thumbnailUrl\":\"https:\\\/\\\/www.aurorscalartechnology.com\\\/wp-content\\\/uploads\\\/2026\\\/03\\\/Buga-1-scaled.jpg\",\"datePublished\":\"2026-03-23T12:07:54+00:00\",\"dateModified\":\"2026-03-25T10:26:54+00:00\",\"breadcrumb\":{\"@id\":\"https:\\\/\\\/www.aurorscalartechnology.com\\\/de\\\/produkt\\\/das-buga-sphere-amulett-nr-1\\\/#breadcrumb\"},\"inLanguage\":\"de\",\"potentialAction\":[{\"@type\":\"ReadAction\",\"target\":[\"https:\\\/\\\/www.aurorscalartechnology.com\\\/de\\\/produkt\\\/das-buga-sphere-amulett-nr-1\\\/\"]}]},{\"@type\":\"ImageObject\",\"inLanguage\":\"de\",\"@id\":\"https:\\\/\\\/www.aurorscalartechnology.com\\\/de\\\/produkt\\\/das-buga-sphere-amulett-nr-1\\\/#primaryimage\",\"url\":\"https:\\\/\\\/www.aurorscalartechnology.com\\\/wp-content\\\/uploads\\\/2026\\\/03\\\/Buga-1-scaled.jpg\",\"contentUrl\":\"https:\\\/\\\/www.aurorscalartechnology.com\\\/wp-content\\\/uploads\\\/2026\\\/03\\\/Buga-1-scaled.jpg\",\"width\":1920,\"height\":2560},{\"@type\":\"BreadcrumbList\",\"@id\":\"https:\\\/\\\/www.aurorscalartechnology.com\\\/de\\\/produkt\\\/das-buga-sphere-amulett-nr-1\\\/#breadcrumb\",\"itemListElement\":[{\"@type\":\"ListItem\",\"position\":1,\"name\":\"Home\",\"item\":\"https:\\\/\\\/www.aurorscalartechnology.com\\\/de\\\/\"},{\"@type\":\"ListItem\",\"position\":2,\"name\":\"Shop\",\"item\":\"https:\\\/\\\/www.aurorscalartechnology.com\\\/de\\\/shop-2\\\/\"},{\"@type\":\"ListItem\",\"position\":3,\"name\":\"Das Buga Sphere-Amulett Nr. 1\"}]},{\"@type\":\"WebSite\",\"@id\":\"https:\\\/\\\/www.aurorscalartechnology.com\\\/de\\\/#website\",\"url\":\"https:\\\/\\\/www.aurorscalartechnology.com\\\/de\\\/\",\"name\":\"Auror Scalar Technology\",\"description\":\"\",\"potentialAction\":[{\"@type\":\"SearchAction\",\"target\":{\"@type\":\"EntryPoint\",\"urlTemplate\":\"https:\\\/\\\/www.aurorscalartechnology.com\\\/de\\\/?s={search_term_string}\"},\"query-input\":{\"@type\":\"PropertyValueSpecification\",\"valueRequired\":true,\"valueName\":\"search_term_string\"}}],\"inLanguage\":\"de\"}]}<\/script>\n<!-- \/ Yoast SEO plugin. -->","yoast_head_json":{"title":"Das Buga Sphere-Amulett Nr. 1 - Auror Scalar Technology","robots":{"index":"index","follow":"follow","max-snippet":"max-snippet:-1","max-image-preview":"max-image-preview:large","max-video-preview":"max-video-preview:-1"},"canonical":"https:\/\/www.aurorscalartechnology.com\/de\/produkt\/das-buga-sphere-amulett-nr-1\/","og_locale":"de_DE","og_type":"article","og_title":"Das Buga Sphere-Amulett Nr. 1 - Auror Scalar Technology","og_description":"Dieses sch\u00f6ne Symbol stammt aus der Buga-Sph\u00e4re. Das Symbol sowie die urspr\u00fcngliche universelle Lichtsprache stammen aus der Zeit des heiligen Kontinents Lemuria. Das bedeutet, dass diese urspr\u00fcngliche universelle Lichtsprache in der Zeit von Lemuria gesprochen wurde. Die Sprachen, die wir heute als Menschen sprechen, sind verf\u00e4lscht und nicht mehr urspr\u00fcnglich universell.","og_url":"https:\/\/www.aurorscalartechnology.com\/de\/produkt\/das-buga-sphere-amulett-nr-1\/","og_site_name":"Auror Scalar Technology","article_modified_time":"2026-03-25T10:26:54+00:00","og_image":[{"width":1920,"height":2560,"url":"https:\/\/www.aurorscalartechnology.com\/wp-content\/uploads\/2026\/03\/Buga-1-scaled.jpg","type":"image\/jpeg"}],"twitter_card":"summary_large_image","twitter_misc":{"Gesch\u00e4tzte Lesezeit":"2\u00a0Minuten"},"schema":{"@context":"https:\/\/schema.org","@graph":[{"@type":"WebPage","@id":"https:\/\/www.aurorscalartechnology.com\/de\/produkt\/das-buga-sphere-amulett-nr-1\/","url":"https:\/\/www.aurorscalartechnology.com\/de\/produkt\/das-buga-sphere-amulett-nr-1\/","name":"Das Buga Sphere-Amulett Nr. 1 - Auror Scalar Technology","isPartOf":{"@id":"https:\/\/www.aurorscalartechnology.com\/de\/#website"},"primaryImageOfPage":{"@id":"https:\/\/www.aurorscalartechnology.com\/de\/produkt\/das-buga-sphere-amulett-nr-1\/#primaryimage"},"image":{"@id":"https:\/\/www.aurorscalartechnology.com\/de\/produkt\/das-buga-sphere-amulett-nr-1\/#primaryimage"},"thumbnailUrl":"https:\/\/www.aurorscalartechnology.com\/wp-content\/uploads\/2026\/03\/Buga-1-scaled.jpg","datePublished":"2026-03-23T12:07:54+00:00","dateModified":"2026-03-25T10:26:54+00:00","breadcrumb":{"@id":"https:\/\/www.aurorscalartechnology.com\/de\/produkt\/das-buga-sphere-amulett-nr-1\/#breadcrumb"},"inLanguage":"de","potentialAction":[{"@type":"ReadAction","target":["https:\/\/www.aurorscalartechnology.com\/de\/produkt\/das-buga-sphere-amulett-nr-1\/"]}]},{"@type":"ImageObject","inLanguage":"de","@id":"https:\/\/www.aurorscalartechnology.com\/de\/produkt\/das-buga-sphere-amulett-nr-1\/#primaryimage","url":"https:\/\/www.aurorscalartechnology.com\/wp-content\/uploads\/2026\/03\/Buga-1-scaled.jpg","contentUrl":"https:\/\/www.aurorscalartechnology.com\/wp-content\/uploads\/2026\/03\/Buga-1-scaled.jpg","width":1920,"height":2560},{"@type":"BreadcrumbList","@id":"https:\/\/www.aurorscalartechnology.com\/de\/produkt\/das-buga-sphere-amulett-nr-1\/#breadcrumb","itemListElement":[{"@type":"ListItem","position":1,"name":"Home","item":"https:\/\/www.aurorscalartechnology.com\/de\/"},{"@type":"ListItem","position":2,"name":"Shop","item":"https:\/\/www.aurorscalartechnology.com\/de\/shop-2\/"},{"@type":"ListItem","position":3,"name":"Das Buga Sphere-Amulett Nr. 1"}]},{"@type":"WebSite","@id":"https:\/\/www.aurorscalartechnology.com\/de\/#website","url":"https:\/\/www.aurorscalartechnology.com\/de\/","name":"Auror Scalar Technology","description":"","potentialAction":[{"@type":"SearchAction","target":{"@type":"EntryPoint","urlTemplate":"https:\/\/www.aurorscalartechnology.com\/de\/?s={search_term_string}"},"query-input":{"@type":"PropertyValueSpecification","valueRequired":true,"valueName":"search_term_string"}}],"inLanguage":"de"}]}},"_links":{"self":[{"href":"https:\/\/www.aurorscalartechnology.com\/de\/wp-json\/wp\/v2\/product\/27539","targetHints":{"allow":["GET"]}}],"collection":[{"href":"https:\/\/www.aurorscalartechnology.com\/de\/wp-json\/wp\/v2\/product"}],"about":[{"href":"https:\/\/www.aurorscalartechnology.com\/de\/wp-json\/wp\/v2\/types\/product"}],"version-history":[{"count":4,"href":"https:\/\/www.aurorscalartechnology.com\/de\/wp-json\/wp\/v2\/product\/27539\/revisions"}],"predecessor-version":[{"id":27543,"href":"https:\/\/www.aurorscalartechnology.com\/de\/wp-json\/wp\/v2\/product\/27539\/revisions\/27543"}],"wp:featuredmedia":[{"embeddable":true,"href":"https:\/\/www.aurorscalartechnology.com\/de\/wp-json\/wp\/v2\/media\/27484"}],"wp:attachment":[{"href":"https:\/\/www.aurorscalartechnology.com\/de\/wp-json\/wp\/v2\/media?parent=27539"}],"wp:term":[{"taxonomy":"product_cat","embeddable":true,"href":"https:\/\/www.aurorscalartechnology.com\/de\/wp-json\/wp\/v2\/product_cat?post=27539"},{"taxonomy":"product_tag","embeddable":true,"href":"https:\/\/www.aurorscalartechnology.com\/de\/wp-json\/wp\/v2\/product_tag?post=27539"}],"curies":[{"name":"wp","href":"https:\/\/api.w.org\/{rel}","templated":true}]}}