{"id":27778,"date":"2026-05-12T14:04:21","date_gmt":"2026-05-12T12:04:21","guid":{"rendered":"https:\/\/www.aurorscalartechnology.com\/?post_type=product&#038;p=27778"},"modified":"2026-05-12T14:13:26","modified_gmt":"2026-05-12T12:13:26","slug":"flower-of-life-tensor-generator","status":"publish","type":"product","link":"https:\/\/www.aurorscalartechnology.com\/de\/produkt\/flower-of-life-tensor-generator\/","title":{"rendered":"Flower of Life Tensor-Generator"},"content":{"rendered":"","protected":false},"excerpt":{"rendered":"<p>Flower of Life Tensor-Generator<\/p>\n<h5>Preis: 275,00 \u20ac<\/h5>\n<p>Dieser Flower of Life kann an das MedBed-System angeschlossen werden und sendet dadurch ein st\u00e4rkeres Feld aus als ohne das MedBed-System. Das Ger\u00e4t besteht aus: verzinntem Kupferdraht und rotem Kupferdraht, der Durchmesser betr\u00e4gt 27 Zentimeter<\/p>\n<p>Der Flower of Life wirkt unter anderem:<\/p>\n<p>* verbessert die Energie in dir<\/p>\n<p>* hilft, das Energiefeld ins Gleichgewicht zu bringen<\/p>\n<p>* hilft bei der Erdung<\/p>\n<p>* hilft, in deine Kraft zu kommen<\/p>\n<p>* hilft bei der \u00d6ffnung der Zirbeldr\u00fcse<\/p>\n<p>* hilft beim Kontakt mit dem Unsichtbaren<\/p>\n<p>* wirkt gut bei der St\u00e4rkung des Immunsystems<\/p>\n<p>* hilft beim Anziehen des Materiellen<\/p>\n<p>* hat eine beruhigende und entspannende Wirkung<\/p>\n<p><sup>*<\/sup> hilft dabei, das Gehirn ins Gleichgewicht zu bringen<\/p>\n","protected":false},"featured_media":27767,"template":"","meta":[],"product_cat":[219],"product_tag":[],"class_list":{"0":"post-27778","1":"product","2":"type-product","3":"status-publish","4":"has-post-thumbnail","6":"product_cat-unkategorisiert","8":"first","9":"instock","10":"taxable","11":"shipping-taxable","12":"product-type-simple"},"yoast_head":"<!-- This site is optimized with the Yoast SEO plugin v27.6 - https:\/\/yoast.com\/product\/yoast-seo-wordpress\/ -->\n<title>Flower of Life Tensor-Generator - Auror Scalar Technology<\/title>\n<meta name=\"robots\" content=\"index, follow, max-snippet:-1, max-image-preview:large, max-video-preview:-1\" \/>\n<link rel=\"canonical\" href=\"https:\/\/www.aurorscalartechnology.com\/de\/produkt\/flower-of-life-tensor-generator\/\" \/>\n<meta property=\"og:locale\" content=\"de_DE\" \/>\n<meta property=\"og:type\" content=\"article\" \/>\n<meta property=\"og:title\" content=\"Flower of Life Tensor-Generator - Auror Scalar Technology\" \/>\n<meta property=\"og:description\" content=\"Flower of Life Tensor-Generator Preis: 275,00 \u20ac Dieser Flower of Life kann an das MedBed-System angeschlossen werden und sendet dadurch ein st\u00e4rkeres Feld aus als ohne das MedBed-System. Das Ger\u00e4t besteht aus: verzinntem Kupferdraht und rotem Kupferdraht, der Durchmesser betr\u00e4gt 27 Zentimeter  Der Flower of Life wirkt unter anderem:  * verbessert die Energie in dir  * hilft, das Energiefeld ins Gleichgewicht zu bringen  * hilft bei der Erdung  * hilft, in deine Kraft zu kommen  * hilft bei der \u00d6ffnung der Zirbeldr\u00fcse  * hilft beim Kontakt mit dem Unsichtbaren  * wirkt gut bei der St\u00e4rkung des Immunsystems  * hilft beim Anziehen des Materiellen  * hat eine beruhigende und entspannende Wirkung  * hilft dabei, das Gehirn ins Gleichgewicht zu bringen\" \/>\n<meta property=\"og:url\" content=\"https:\/\/www.aurorscalartechnology.com\/de\/produkt\/flower-of-life-tensor-generator\/\" \/>\n<meta property=\"og:site_name\" content=\"Auror Scalar Technology\" \/>\n<meta property=\"article:modified_time\" content=\"2026-05-12T12:13:26+00:00\" \/>\n<meta property=\"og:image\" content=\"https:\/\/www.aurorscalartechnology.com\/wp-content\/uploads\/2026\/05\/Tensor-regenerator-scaled.jpg\" \/>\n\t<meta property=\"og:image:width\" content=\"1987\" \/>\n\t<meta property=\"og:image:height\" content=\"2560\" \/>\n\t<meta property=\"og:image:type\" content=\"image\/jpeg\" \/>\n<meta name=\"twitter:card\" content=\"summary_large_image\" \/>\n<script type=\"application\/ld+json\" class=\"yoast-schema-graph\">{\"@context\":\"https:\\\/\\\/schema.org\",\"@graph\":[{\"@type\":\"WebPage\",\"@id\":\"https:\\\/\\\/www.aurorscalartechnology.com\\\/de\\\/produkt\\\/flower-of-life-tensor-generator\\\/\",\"url\":\"https:\\\/\\\/www.aurorscalartechnology.com\\\/de\\\/produkt\\\/flower-of-life-tensor-generator\\\/\",\"name\":\"Flower of Life Tensor-Generator - Auror Scalar Technology\",\"isPartOf\":{\"@id\":\"https:\\\/\\\/www.aurorscalartechnology.com\\\/de\\\/#website\"},\"primaryImageOfPage\":{\"@id\":\"https:\\\/\\\/www.aurorscalartechnology.com\\\/de\\\/produkt\\\/flower-of-life-tensor-generator\\\/#primaryimage\"},\"image\":{\"@id\":\"https:\\\/\\\/www.aurorscalartechnology.com\\\/de\\\/produkt\\\/flower-of-life-tensor-generator\\\/#primaryimage\"},\"thumbnailUrl\":\"https:\\\/\\\/www.aurorscalartechnology.com\\\/wp-content\\\/uploads\\\/2026\\\/05\\\/Tensor-regenerator-scaled.jpg\",\"datePublished\":\"2026-05-12T12:04:21+00:00\",\"dateModified\":\"2026-05-12T12:13:26+00:00\",\"breadcrumb\":{\"@id\":\"https:\\\/\\\/www.aurorscalartechnology.com\\\/de\\\/produkt\\\/flower-of-life-tensor-generator\\\/#breadcrumb\"},\"inLanguage\":\"de\",\"potentialAction\":[{\"@type\":\"ReadAction\",\"target\":[\"https:\\\/\\\/www.aurorscalartechnology.com\\\/de\\\/produkt\\\/flower-of-life-tensor-generator\\\/\"]}]},{\"@type\":\"ImageObject\",\"inLanguage\":\"de\",\"@id\":\"https:\\\/\\\/www.aurorscalartechnology.com\\\/de\\\/produkt\\\/flower-of-life-tensor-generator\\\/#primaryimage\",\"url\":\"https:\\\/\\\/www.aurorscalartechnology.com\\\/wp-content\\\/uploads\\\/2026\\\/05\\\/Tensor-regenerator-scaled.jpg\",\"contentUrl\":\"https:\\\/\\\/www.aurorscalartechnology.com\\\/wp-content\\\/uploads\\\/2026\\\/05\\\/Tensor-regenerator-scaled.jpg\",\"width\":1987,\"height\":2560},{\"@type\":\"BreadcrumbList\",\"@id\":\"https:\\\/\\\/www.aurorscalartechnology.com\\\/de\\\/produkt\\\/flower-of-life-tensor-generator\\\/#breadcrumb\",\"itemListElement\":[{\"@type\":\"ListItem\",\"position\":1,\"name\":\"Home\",\"item\":\"https:\\\/\\\/www.aurorscalartechnology.com\\\/de\\\/\"},{\"@type\":\"ListItem\",\"position\":2,\"name\":\"Shop\",\"item\":\"https:\\\/\\\/www.aurorscalartechnology.com\\\/de\\\/shop-2\\\/\"},{\"@type\":\"ListItem\",\"position\":3,\"name\":\"Flower of Life Tensor-Generator\"}]},{\"@type\":\"WebSite\",\"@id\":\"https:\\\/\\\/www.aurorscalartechnology.com\\\/de\\\/#website\",\"url\":\"https:\\\/\\\/www.aurorscalartechnology.com\\\/de\\\/\",\"name\":\"Auror Scalar Technology\",\"description\":\"\",\"potentialAction\":[{\"@type\":\"SearchAction\",\"target\":{\"@type\":\"EntryPoint\",\"urlTemplate\":\"https:\\\/\\\/www.aurorscalartechnology.com\\\/de\\\/?s={search_term_string}\"},\"query-input\":{\"@type\":\"PropertyValueSpecification\",\"valueRequired\":true,\"valueName\":\"search_term_string\"}}],\"inLanguage\":\"de\"}]}<\/script>\n<!-- \/ Yoast SEO plugin. -->","yoast_head_json":{"title":"Flower of Life Tensor-Generator - Auror Scalar Technology","robots":{"index":"index","follow":"follow","max-snippet":"max-snippet:-1","max-image-preview":"max-image-preview:large","max-video-preview":"max-video-preview:-1"},"canonical":"https:\/\/www.aurorscalartechnology.com\/de\/produkt\/flower-of-life-tensor-generator\/","og_locale":"de_DE","og_type":"article","og_title":"Flower of Life Tensor-Generator - Auror Scalar Technology","og_description":"Flower of Life Tensor-Generator Preis: 275,00 \u20ac Dieser Flower of Life kann an das MedBed-System angeschlossen werden und sendet dadurch ein st\u00e4rkeres Feld aus als ohne das MedBed-System. Das Ger\u00e4t besteht aus: verzinntem Kupferdraht und rotem Kupferdraht, der Durchmesser betr\u00e4gt 27 Zentimeter  Der Flower of Life wirkt unter anderem:  * verbessert die Energie in dir  * hilft, das Energiefeld ins Gleichgewicht zu bringen  * hilft bei der Erdung  * hilft, in deine Kraft zu kommen  * hilft bei der \u00d6ffnung der Zirbeldr\u00fcse  * hilft beim Kontakt mit dem Unsichtbaren  * wirkt gut bei der St\u00e4rkung des Immunsystems  * hilft beim Anziehen des Materiellen  * hat eine beruhigende und entspannende Wirkung  * hilft dabei, das Gehirn ins Gleichgewicht zu bringen","og_url":"https:\/\/www.aurorscalartechnology.com\/de\/produkt\/flower-of-life-tensor-generator\/","og_site_name":"Auror Scalar Technology","article_modified_time":"2026-05-12T12:13:26+00:00","og_image":[{"width":1987,"height":2560,"url":"https:\/\/www.aurorscalartechnology.com\/wp-content\/uploads\/2026\/05\/Tensor-regenerator-scaled.jpg","type":"image\/jpeg"}],"twitter_card":"summary_large_image","schema":{"@context":"https:\/\/schema.org","@graph":[{"@type":"WebPage","@id":"https:\/\/www.aurorscalartechnology.com\/de\/produkt\/flower-of-life-tensor-generator\/","url":"https:\/\/www.aurorscalartechnology.com\/de\/produkt\/flower-of-life-tensor-generator\/","name":"Flower of Life Tensor-Generator - Auror Scalar Technology","isPartOf":{"@id":"https:\/\/www.aurorscalartechnology.com\/de\/#website"},"primaryImageOfPage":{"@id":"https:\/\/www.aurorscalartechnology.com\/de\/produkt\/flower-of-life-tensor-generator\/#primaryimage"},"image":{"@id":"https:\/\/www.aurorscalartechnology.com\/de\/produkt\/flower-of-life-tensor-generator\/#primaryimage"},"thumbnailUrl":"https:\/\/www.aurorscalartechnology.com\/wp-content\/uploads\/2026\/05\/Tensor-regenerator-scaled.jpg","datePublished":"2026-05-12T12:04:21+00:00","dateModified":"2026-05-12T12:13:26+00:00","breadcrumb":{"@id":"https:\/\/www.aurorscalartechnology.com\/de\/produkt\/flower-of-life-tensor-generator\/#breadcrumb"},"inLanguage":"de","potentialAction":[{"@type":"ReadAction","target":["https:\/\/www.aurorscalartechnology.com\/de\/produkt\/flower-of-life-tensor-generator\/"]}]},{"@type":"ImageObject","inLanguage":"de","@id":"https:\/\/www.aurorscalartechnology.com\/de\/produkt\/flower-of-life-tensor-generator\/#primaryimage","url":"https:\/\/www.aurorscalartechnology.com\/wp-content\/uploads\/2026\/05\/Tensor-regenerator-scaled.jpg","contentUrl":"https:\/\/www.aurorscalartechnology.com\/wp-content\/uploads\/2026\/05\/Tensor-regenerator-scaled.jpg","width":1987,"height":2560},{"@type":"BreadcrumbList","@id":"https:\/\/www.aurorscalartechnology.com\/de\/produkt\/flower-of-life-tensor-generator\/#breadcrumb","itemListElement":[{"@type":"ListItem","position":1,"name":"Home","item":"https:\/\/www.aurorscalartechnology.com\/de\/"},{"@type":"ListItem","position":2,"name":"Shop","item":"https:\/\/www.aurorscalartechnology.com\/de\/shop-2\/"},{"@type":"ListItem","position":3,"name":"Flower of Life Tensor-Generator"}]},{"@type":"WebSite","@id":"https:\/\/www.aurorscalartechnology.com\/de\/#website","url":"https:\/\/www.aurorscalartechnology.com\/de\/","name":"Auror Scalar Technology","description":"","potentialAction":[{"@type":"SearchAction","target":{"@type":"EntryPoint","urlTemplate":"https:\/\/www.aurorscalartechnology.com\/de\/?s={search_term_string}"},"query-input":{"@type":"PropertyValueSpecification","valueRequired":true,"valueName":"search_term_string"}}],"inLanguage":"de"}]}},"_links":{"self":[{"href":"https:\/\/www.aurorscalartechnology.com\/de\/wp-json\/wp\/v2\/product\/27778","targetHints":{"allow":["GET"]}}],"collection":[{"href":"https:\/\/www.aurorscalartechnology.com\/de\/wp-json\/wp\/v2\/product"}],"about":[{"href":"https:\/\/www.aurorscalartechnology.com\/de\/wp-json\/wp\/v2\/types\/product"}],"version-history":[{"count":1,"href":"https:\/\/www.aurorscalartechnology.com\/de\/wp-json\/wp\/v2\/product\/27778\/revisions"}],"predecessor-version":[{"id":27779,"href":"https:\/\/www.aurorscalartechnology.com\/de\/wp-json\/wp\/v2\/product\/27778\/revisions\/27779"}],"wp:featuredmedia":[{"embeddable":true,"href":"https:\/\/www.aurorscalartechnology.com\/de\/wp-json\/wp\/v2\/media\/27767"}],"wp:attachment":[{"href":"https:\/\/www.aurorscalartechnology.com\/de\/wp-json\/wp\/v2\/media?parent=27778"}],"wp:term":[{"taxonomy":"product_cat","embeddable":true,"href":"https:\/\/www.aurorscalartechnology.com\/de\/wp-json\/wp\/v2\/product_cat?post=27778"},{"taxonomy":"product_tag","embeddable":true,"href":"https:\/\/www.aurorscalartechnology.com\/de\/wp-json\/wp\/v2\/product_tag?post=27778"}],"curies":[{"name":"wp","href":"https:\/\/api.w.org\/{rel}","templated":true}]}}