{"id":1195,"date":"2023-08-07T13:46:58","date_gmt":"2023-08-07T13:46:58","guid":{"rendered":"https:\/\/www.aurorscalartechnology.com\/?post_type=product&#038;p=1195"},"modified":"2025-09-16T11:48:03","modified_gmt":"2025-09-16T09:48:03","slug":"vitality-balance-argireline-creme","status":"publish","type":"product","link":"https:\/\/www.aurorscalartechnology.com\/en\/product\/vitality-balance-argireline-creme\/","title":{"rendered":"Vitality Balance\/Argireline dag en nachtcr\u00e8me"},"content":{"rendered":"\t\t<div data-elementor-type=\"wp-post\" data-elementor-id=\"1195\" class=\"elementor elementor-1195\">\n\t\t\t\t\t\t<section class=\"elementor-section elementor-top-section elementor-element elementor-element-ac98f48 elementor-section-boxed elementor-section-height-default elementor-section-height-default\" data-id=\"ac98f48\" data-element_type=\"section\" data-e-type=\"section\">\n\t\t\t\t\t\t<div class=\"elementor-container elementor-column-gap-default\">\n\t\t\t\t\t<div class=\"elementor-column elementor-col-33 elementor-top-column elementor-element elementor-element-a9c3cf6\" data-id=\"a9c3cf6\" data-element_type=\"column\" data-e-type=\"column\">\n\t\t\t<div class=\"elementor-widget-wrap elementor-element-populated\">\n\t\t\t\t\t\t<div class=\"elementor-element elementor-element-5e343f4 elementor-widget elementor-widget-pressmart-heading\" data-id=\"5e343f4\" data-element_type=\"widget\" data-e-type=\"widget\" data-widget_type=\"pressmart-heading.default\">\n\t\t\t\t<div class=\"elementor-widget-container\">\n\t\t\t\t\t<div id=\"pressmart-header-85220\" class=\"pressmart-element pressmart-heading text-left separator-none separator-between-heading\">\t\n\t\t\t\n\t\t\t<div class=\"heading-wrap\">\n\t\t\t<span class=\"separator-left\"><\/span>\n\t\t\t<h4 class=\"heading-title\">Wat doet de Vitality Balance anti-rimpel cr\u00e8me<\/h4>\t\t\t<span class=\"separator-right\"><\/span>\n\t\t\t\t\t<\/div>\n\t\t\n    <\/div>\t\t\t\t<\/div>\n\t\t\t\t<\/div>\n\t\t\t\t<div class=\"elementor-element elementor-element-93eceae elementor-widget elementor-widget-text-editor\" data-id=\"93eceae\" data-element_type=\"widget\" data-e-type=\"widget\" data-widget_type=\"text-editor.default\">\n\t\t\t\t<div class=\"elementor-widget-container\">\n\t\t\t\t\t\t\t\t\t<p>De Vitality Balance anti-rimpel cr\u00e8me is ondermeer verrijkt met Argireline en zorgt voor een mooie gladde huid. Argireline is een stof die in de cosmetica branche bekend staat om het verminderen van rinpels. De Vitality Balance anti-rimpel cr\u00e8me is een huid verjongende cr\u00e8me. Je dient Vitality Balance anti-rimpel cr\u00e8me in de meeste gevallen \u00e9\u00e9n tot vier weken te gebruiken om te kunnen waarnemen dat de huid strakker wordt, en rimpels en pigmentvlekken verminderen. Ook kan een ongezonde huidskleur veranderen in een gezonde huidskleur omdat de cr\u00e8me ook een positief effect op de bloedsomloop heeft. In de meeste gevallen merkt men binnen een week al kleine verschillen. Uiteraard zal het bij de \u00e9\u00e9n sneller gaan dan de ander, ieder mens reageert immers verschillend. Naarmate men de cr\u00e8me langer gebruikt kunnen rimpels steeds meer verzachten en uiteindelijk kunnen ze verdwijnen. Het is een natuurproduct en heeft daarom even de tijd nodig om haar werk te doen. Hoe langer men de cr\u00e8me gebruikt des te meer rimpels vervagen. Om het proces te versterken kan men daarnaast voor inwendig gebruik het collo\u00efdaal goud\/goudwater gebruiken (Rejuvenation Formula Gold) dit zorgt voor een betere werking van binnenuit.\u00a0<\/p>\t\t\t\t\t\t\t\t<\/div>\n\t\t\t\t<\/div>\n\t\t\t\t\t<\/div>\n\t\t<\/div>\n\t\t\t\t<div class=\"elementor-column elementor-col-33 elementor-top-column elementor-element elementor-element-ca81899\" data-id=\"ca81899\" data-element_type=\"column\" data-e-type=\"column\">\n\t\t\t<div class=\"elementor-widget-wrap elementor-element-populated\">\n\t\t\t\t\t\t<div class=\"elementor-element elementor-element-7312084 elementor-widget elementor-widget-text-editor\" data-id=\"7312084\" data-element_type=\"widget\" data-e-type=\"widget\" data-widget_type=\"text-editor.default\">\n\t\t\t\t<div class=\"elementor-widget-container\">\n\t\t\t\t\t\t\t\t\t<p>Vitality Balance anti-rimpel cr\u00e8me is een cr\u00e8me die zowel door vrouwen als mannen gebruikt kan worden. Ook kan de Vitality Balans anti-rimpel cr\u00e8me gebruikt worden als lippenbalsem. Veroudering van onder andere de huid ontstaat door disbalans en komt in onze samenleving veelvuldig voor. Deze ontstaat onder andere door teveel lichamelijke en geestelijke inspanning, stress, roken, emoties, gemodificeerd voedsel, chemische producten, slechte voeding, milieu vervuiling, en zo voorts. Door al deze invloeden wordt het lichaam ontregeld zoals onder andere de hormoonhuishouding. Enkele klieren die bij de hormoonhuishouding betrokken zijn, zijn de epifyse of pijnappelklier, hypofyse, hypothalamus, schildklier en bijschildklieren, thymus of zwezerik, alvleesklier of pancreas, bijnieren en de geslachtsklieren.<\/p>\t\t\t\t\t\t\t\t<\/div>\n\t\t\t\t<\/div>\n\t\t\t\t<div class=\"elementor-element elementor-element-0ce70ac elementor-widget elementor-widget-pressmart-heading\" data-id=\"0ce70ac\" data-element_type=\"widget\" data-e-type=\"widget\" data-widget_type=\"pressmart-heading.default\">\n\t\t\t\t<div class=\"elementor-widget-container\">\n\t\t\t\t\t<div id=\"pressmart-header-84535\" class=\"pressmart-element pressmart-heading text-left separator-none separator-between-heading\">\t\n\t\t\t\n\t\t\t<div class=\"heading-wrap\">\n\t\t\t<span class=\"separator-left\"><\/span>\n\t\t\t<h4 class=\"heading-title\">Wat zit er in de Vitality Balance anti-rimpel cr\u00e8me<\/h4>\t\t\t<span class=\"separator-right\"><\/span>\n\t\t\t\t\t<\/div>\n\t\t\n    <\/div>\t\t\t\t<\/div>\n\t\t\t\t<\/div>\n\t\t\t\t<div class=\"elementor-element elementor-element-0550820 elementor-widget elementor-widget-text-editor\" data-id=\"0550820\" data-element_type=\"widget\" data-e-type=\"widget\" data-widget_type=\"text-editor.default\">\n\t\t\t\t<div class=\"elementor-widget-container\">\n\t\t\t\t\t\t\t\t\t<p>Argireline o.5%<\/p><p>C60 0.5%<br \/>Collo\u00efdaal goud, zilver, platina en indium<br \/>Hyaluronzuur<br \/>Magnesium<br \/>Vanille<br \/>Vitamine A<br \/>Vitamine C<br \/>Vitamine E<br \/>Kokosolie<br \/>Vaseline<br \/>Wilde Yam<\/p><p>Vitality Balance bevat geen hormonen of chemische middelen.<\/p>\t\t\t\t\t\t\t\t<\/div>\n\t\t\t\t<\/div>\n\t\t\t\t\t<\/div>\n\t\t<\/div>\n\t\t\t\t<div class=\"elementor-column elementor-col-33 elementor-top-column elementor-element elementor-element-c29160e\" data-id=\"c29160e\" data-element_type=\"column\" data-e-type=\"column\">\n\t\t\t<div class=\"elementor-widget-wrap elementor-element-populated\">\n\t\t\t\t\t\t<div class=\"elementor-element elementor-element-99318a8 elementor-widget elementor-widget-pressmart-heading\" data-id=\"99318a8\" data-element_type=\"widget\" data-e-type=\"widget\" data-widget_type=\"pressmart-heading.default\">\n\t\t\t\t<div class=\"elementor-widget-container\">\n\t\t\t\t\t<div id=\"pressmart-header-82721\" class=\"pressmart-element pressmart-heading text-left separator-none separator-between-heading\">\t\n\t\t\t\n\t\t\t<div class=\"heading-wrap\">\n\t\t\t<span class=\"separator-left\"><\/span>\n\t\t\t<h4 class=\"heading-title\">Hoe te gebruiken?<\/h4>\t\t\t<span class=\"separator-right\"><\/span>\n\t\t\t\t\t<\/div>\n\t\t\n    <\/div>\t\t\t\t<\/div>\n\t\t\t\t<\/div>\n\t\t\t\t<div class=\"elementor-element elementor-element-27dae99 elementor-widget elementor-widget-text-editor\" data-id=\"27dae99\" data-element_type=\"widget\" data-e-type=\"widget\" data-widget_type=\"text-editor.default\">\n\t\t\t\t<div class=\"elementor-widget-container\">\n\t\t\t\t\t\t\t\t\t<p>Vitality Balance anti-rimpel cr\u00e8me gebruikt men door 1 of 2 x daags op het gezicht en op de hals aan te brengen. Doe hier en daar op gezicht en hals enkele stipjes cr\u00e8me zodat het de warmte van de huid aanneemt en gemakkelijk is uit te smeren. Men heeft maar erg weinig van de cr\u00e8me nodig en het is geen cr\u00e8me die in de huid hoeft te trekken zoals bij andere cr\u00e8mes wel het geval is. Vitality Balance is een dag- en nachtcr\u00e8me die gebruikt kan worden door zowel mannen als vrouwen.<\/p><p>Het product is ook te gebruiken bij: littekenweefsel en lelijke plekken op de huid.<\/p><p>Het product is gegarandeerd vrij van; conserveringsmiddelen en synthetische geur-, kleur- en smaakstoffen. Prijs voor 50 ml \u20ac 25.=<\/p><p><strong>Voor informatie over de behandelingen die wij geven in onze resonantiepraktijk en eventuele over de aankoop van apparatuur:<\/strong><\/p><p>Voor mensen die meer willen weten over de resonantie behandelingen die wij geven en over onze\u00a0 apparatuur raden wij aan om een afspraak te maken voor\u00a0 een donderdag of zaterdag om te komen kijken en te ervaren. Dan kun je ook ervaren wat de uitwerking is van deze\u00a0 verschillende apparaten. Ook geven wij resonantiebehandelingen op de donderdag en zaterdag voor diverse uiteenlopende klachten, een behandeling van 1.5 uur kost \u20ac 38,00. Wij zijn de enige die deze apparatuur en behandelingen aanbieden in Nederland en daarbuiten. Je kan altijd mailen of bellen om meer te weten te komen over de behandeling en\/of de Frequentieapparatuur. Telefoonnummer: 040-2521107 en ons email adres is: aurorscalartechnology@kpnmail.nl<\/p>\t\t\t\t\t\t\t\t<\/div>\n\t\t\t\t<\/div>\n\t\t\t\t\t<\/div>\n\t\t<\/div>\n\t\t\t\t\t<\/div>\n\t\t<\/section>\n\t\t\t\t<\/div>\n\t\t","protected":false},"excerpt":{"rendered":"<p>De Vitality Balance anti-rimpel cr\u00e8me is ondermeer verrijkt met Argireline en zorgt voor een mooie gladde huid. Argireline is een stof die in de cosmetica branche bekend staat om het verminderen van rimpels. De Vitality Balance anti-rimpel cr\u00e8me is een huid verjongende cr\u00e8me.<\/p>\n","protected":false},"featured_media":1197,"template":"","meta":[],"product_cat":[240,231],"product_tag":[],"class_list":{"0":"post-1195","1":"product","2":"type-product","3":"status-publish","4":"has-post-thumbnail","6":"product_cat-alle-producten","7":"product_cat-dag-en-nacht-creme","8":"product_shipping_class-post","10":"first","11":"instock","12":"taxable","13":"shipping-taxable","14":"purchasable","15":"product-type-variable"},"yoast_head":"<!-- This site is optimized with the Yoast SEO plugin v27.4 - https:\/\/yoast.com\/product\/yoast-seo-wordpress\/ -->\n<title>Vitality Balance\/Argireline dag en nachtcr\u00e8me - Auror Scalar Technology<\/title>\n<meta name=\"robots\" content=\"index, follow, max-snippet:-1, max-image-preview:large, max-video-preview:-1\" \/>\n<link rel=\"canonical\" href=\"https:\/\/www.aurorscalartechnology.com\/en\/product\/vitality-balance-argireline-creme\/\" \/>\n<meta property=\"og:locale\" content=\"en_US\" \/>\n<meta property=\"og:type\" content=\"article\" \/>\n<meta property=\"og:title\" content=\"Vitality Balance\/Argireline dag en nachtcr\u00e8me - Auror Scalar Technology\" \/>\n<meta property=\"og:description\" content=\"De Vitality Balance anti-rimpel cr\u00e8me is ondermeer verrijkt met Argireline en zorgt voor een mooie gladde huid. Argireline is een stof die in de cosmetica branche bekend staat om het verminderen van rimpels. De Vitality Balance anti-rimpel cr\u00e8me is een huid verjongende cr\u00e8me.\" \/>\n<meta property=\"og:url\" content=\"https:\/\/www.aurorscalartechnology.com\/en\/product\/vitality-balance-argireline-creme\/\" \/>\n<meta property=\"og:site_name\" content=\"Auror Scalar Technology\" \/>\n<meta property=\"article:modified_time\" content=\"2025-09-16T09:48:03+00:00\" \/>\n<meta property=\"og:image\" content=\"https:\/\/www.aurorscalartechnology.com\/wp-content\/uploads\/2023\/08\/vitalitybalance-auror-600x600-1.jpeg\" \/>\n\t<meta property=\"og:image:width\" content=\"600\" \/>\n\t<meta property=\"og:image:height\" content=\"600\" \/>\n\t<meta property=\"og:image:type\" content=\"image\/jpeg\" \/>\n<meta name=\"twitter:card\" content=\"summary_large_image\" \/>\n<meta name=\"twitter:label1\" content=\"Est. reading time\" \/>\n\t<meta name=\"twitter:data1\" content=\"4 minutes\" \/>\n<script type=\"application\/ld+json\" class=\"yoast-schema-graph\">{\"@context\":\"https:\\\/\\\/schema.org\",\"@graph\":[{\"@type\":\"WebPage\",\"@id\":\"https:\\\/\\\/www.aurorscalartechnology.com\\\/en\\\/product\\\/vitality-balance-argireline-creme\\\/\",\"url\":\"https:\\\/\\\/www.aurorscalartechnology.com\\\/en\\\/product\\\/vitality-balance-argireline-creme\\\/\",\"name\":\"Vitality Balance\\\/Argireline dag en nachtcr\u00e8me - Auror Scalar Technology\",\"isPartOf\":{\"@id\":\"https:\\\/\\\/www.aurorscalartechnology.com\\\/en\\\/#website\"},\"primaryImageOfPage\":{\"@id\":\"https:\\\/\\\/www.aurorscalartechnology.com\\\/en\\\/product\\\/vitality-balance-argireline-creme\\\/#primaryimage\"},\"image\":{\"@id\":\"https:\\\/\\\/www.aurorscalartechnology.com\\\/en\\\/product\\\/vitality-balance-argireline-creme\\\/#primaryimage\"},\"thumbnailUrl\":\"https:\\\/\\\/www.aurorscalartechnology.com\\\/wp-content\\\/uploads\\\/2023\\\/08\\\/vitalitybalance-auror-600x600-1.jpeg\",\"datePublished\":\"2023-08-07T13:46:58+00:00\",\"dateModified\":\"2025-09-16T09:48:03+00:00\",\"breadcrumb\":{\"@id\":\"https:\\\/\\\/www.aurorscalartechnology.com\\\/en\\\/product\\\/vitality-balance-argireline-creme\\\/#breadcrumb\"},\"inLanguage\":\"en-US\",\"potentialAction\":[{\"@type\":\"ReadAction\",\"target\":[\"https:\\\/\\\/www.aurorscalartechnology.com\\\/en\\\/product\\\/vitality-balance-argireline-creme\\\/\"]}]},{\"@type\":\"ImageObject\",\"inLanguage\":\"en-US\",\"@id\":\"https:\\\/\\\/www.aurorscalartechnology.com\\\/en\\\/product\\\/vitality-balance-argireline-creme\\\/#primaryimage\",\"url\":\"https:\\\/\\\/www.aurorscalartechnology.com\\\/wp-content\\\/uploads\\\/2023\\\/08\\\/vitalitybalance-auror-600x600-1.jpeg\",\"contentUrl\":\"https:\\\/\\\/www.aurorscalartechnology.com\\\/wp-content\\\/uploads\\\/2023\\\/08\\\/vitalitybalance-auror-600x600-1.jpeg\",\"width\":600,\"height\":600},{\"@type\":\"BreadcrumbList\",\"@id\":\"https:\\\/\\\/www.aurorscalartechnology.com\\\/en\\\/product\\\/vitality-balance-argireline-creme\\\/#breadcrumb\",\"itemListElement\":[{\"@type\":\"ListItem\",\"position\":1,\"name\":\"Home\",\"item\":\"https:\\\/\\\/www.aurorscalartechnology.com\\\/en\\\/\"},{\"@type\":\"ListItem\",\"position\":2,\"name\":\"Shop\",\"item\":\"https:\\\/\\\/www.aurorscalartechnology.com\\\/en\\\/shop-2\\\/\"},{\"@type\":\"ListItem\",\"position\":3,\"name\":\"Vitality Balance\\\/Argireline dag en nachtcr\u00e8me\"}]},{\"@type\":\"WebSite\",\"@id\":\"https:\\\/\\\/www.aurorscalartechnology.com\\\/en\\\/#website\",\"url\":\"https:\\\/\\\/www.aurorscalartechnology.com\\\/en\\\/\",\"name\":\"Auror Scalar Technology\",\"description\":\"\",\"potentialAction\":[{\"@type\":\"SearchAction\",\"target\":{\"@type\":\"EntryPoint\",\"urlTemplate\":\"https:\\\/\\\/www.aurorscalartechnology.com\\\/en\\\/?s={search_term_string}\"},\"query-input\":{\"@type\":\"PropertyValueSpecification\",\"valueRequired\":true,\"valueName\":\"search_term_string\"}}],\"inLanguage\":\"en-US\"}]}<\/script>\n<!-- \/ Yoast SEO plugin. -->","yoast_head_json":{"title":"Vitality Balance\/Argireline dag en nachtcr\u00e8me - Auror Scalar Technology","robots":{"index":"index","follow":"follow","max-snippet":"max-snippet:-1","max-image-preview":"max-image-preview:large","max-video-preview":"max-video-preview:-1"},"canonical":"https:\/\/www.aurorscalartechnology.com\/en\/product\/vitality-balance-argireline-creme\/","og_locale":"en_US","og_type":"article","og_title":"Vitality Balance\/Argireline dag en nachtcr\u00e8me - Auror Scalar Technology","og_description":"De Vitality Balance anti-rimpel cr\u00e8me is ondermeer verrijkt met Argireline en zorgt voor een mooie gladde huid. Argireline is een stof die in de cosmetica branche bekend staat om het verminderen van rimpels. De Vitality Balance anti-rimpel cr\u00e8me is een huid verjongende cr\u00e8me.","og_url":"https:\/\/www.aurorscalartechnology.com\/en\/product\/vitality-balance-argireline-creme\/","og_site_name":"Auror Scalar Technology","article_modified_time":"2025-09-16T09:48:03+00:00","og_image":[{"width":600,"height":600,"url":"https:\/\/www.aurorscalartechnology.com\/wp-content\/uploads\/2023\/08\/vitalitybalance-auror-600x600-1.jpeg","type":"image\/jpeg"}],"twitter_card":"summary_large_image","twitter_misc":{"Est. reading time":"4 minutes"},"schema":{"@context":"https:\/\/schema.org","@graph":[{"@type":"WebPage","@id":"https:\/\/www.aurorscalartechnology.com\/en\/product\/vitality-balance-argireline-creme\/","url":"https:\/\/www.aurorscalartechnology.com\/en\/product\/vitality-balance-argireline-creme\/","name":"Vitality Balance\/Argireline dag en nachtcr\u00e8me - Auror Scalar Technology","isPartOf":{"@id":"https:\/\/www.aurorscalartechnology.com\/en\/#website"},"primaryImageOfPage":{"@id":"https:\/\/www.aurorscalartechnology.com\/en\/product\/vitality-balance-argireline-creme\/#primaryimage"},"image":{"@id":"https:\/\/www.aurorscalartechnology.com\/en\/product\/vitality-balance-argireline-creme\/#primaryimage"},"thumbnailUrl":"https:\/\/www.aurorscalartechnology.com\/wp-content\/uploads\/2023\/08\/vitalitybalance-auror-600x600-1.jpeg","datePublished":"2023-08-07T13:46:58+00:00","dateModified":"2025-09-16T09:48:03+00:00","breadcrumb":{"@id":"https:\/\/www.aurorscalartechnology.com\/en\/product\/vitality-balance-argireline-creme\/#breadcrumb"},"inLanguage":"en-US","potentialAction":[{"@type":"ReadAction","target":["https:\/\/www.aurorscalartechnology.com\/en\/product\/vitality-balance-argireline-creme\/"]}]},{"@type":"ImageObject","inLanguage":"en-US","@id":"https:\/\/www.aurorscalartechnology.com\/en\/product\/vitality-balance-argireline-creme\/#primaryimage","url":"https:\/\/www.aurorscalartechnology.com\/wp-content\/uploads\/2023\/08\/vitalitybalance-auror-600x600-1.jpeg","contentUrl":"https:\/\/www.aurorscalartechnology.com\/wp-content\/uploads\/2023\/08\/vitalitybalance-auror-600x600-1.jpeg","width":600,"height":600},{"@type":"BreadcrumbList","@id":"https:\/\/www.aurorscalartechnology.com\/en\/product\/vitality-balance-argireline-creme\/#breadcrumb","itemListElement":[{"@type":"ListItem","position":1,"name":"Home","item":"https:\/\/www.aurorscalartechnology.com\/en\/"},{"@type":"ListItem","position":2,"name":"Shop","item":"https:\/\/www.aurorscalartechnology.com\/en\/shop-2\/"},{"@type":"ListItem","position":3,"name":"Vitality Balance\/Argireline dag en nachtcr\u00e8me"}]},{"@type":"WebSite","@id":"https:\/\/www.aurorscalartechnology.com\/en\/#website","url":"https:\/\/www.aurorscalartechnology.com\/en\/","name":"Auror Scalar Technology","description":"","potentialAction":[{"@type":"SearchAction","target":{"@type":"EntryPoint","urlTemplate":"https:\/\/www.aurorscalartechnology.com\/en\/?s={search_term_string}"},"query-input":{"@type":"PropertyValueSpecification","valueRequired":true,"valueName":"search_term_string"}}],"inLanguage":"en-US"}]}},"_links":{"self":[{"href":"https:\/\/www.aurorscalartechnology.com\/en\/wp-json\/wp\/v2\/product\/1195","targetHints":{"allow":["GET"]}}],"collection":[{"href":"https:\/\/www.aurorscalartechnology.com\/en\/wp-json\/wp\/v2\/product"}],"about":[{"href":"https:\/\/www.aurorscalartechnology.com\/en\/wp-json\/wp\/v2\/types\/product"}],"version-history":[{"count":2,"href":"https:\/\/www.aurorscalartechnology.com\/en\/wp-json\/wp\/v2\/product\/1195\/revisions"}],"predecessor-version":[{"id":24766,"href":"https:\/\/www.aurorscalartechnology.com\/en\/wp-json\/wp\/v2\/product\/1195\/revisions\/24766"}],"wp:featuredmedia":[{"embeddable":true,"href":"https:\/\/www.aurorscalartechnology.com\/en\/wp-json\/wp\/v2\/media\/1197"}],"wp:attachment":[{"href":"https:\/\/www.aurorscalartechnology.com\/en\/wp-json\/wp\/v2\/media?parent=1195"}],"wp:term":[{"taxonomy":"product_cat","embeddable":true,"href":"https:\/\/www.aurorscalartechnology.com\/en\/wp-json\/wp\/v2\/product_cat?post=1195"},{"taxonomy":"product_tag","embeddable":true,"href":"https:\/\/www.aurorscalartechnology.com\/en\/wp-json\/wp\/v2\/product_tag?post=1195"}],"curies":[{"name":"wp","href":"https:\/\/api.w.org\/{rel}","templated":true}]}}