{"id":23356,"date":"2023-08-07T13:34:38","date_gmt":"2023-08-07T13:34:38","guid":{"rendered":"https:\/\/www.aurorscalartechnology.com\/?post_type=product&#038;p=23356"},"modified":"2024-08-06T11:28:20","modified_gmt":"2024-08-06T11:28:20","slug":"desintoxicacion-con-borax-detox","status":"publish","type":"product","link":"https:\/\/www.aurorscalartechnology.com\/es\/producto\/desintoxicacion-con-borax-detox\/","title":{"rendered":"Desintoxicaci\u00f3n con B\u00f3rax- Detox"},"content":{"rendered":"\t\t<div data-elementor-type=\"wp-post\" data-elementor-id=\"23356\" class=\"elementor elementor-23356 elementor-1187\">\n\t\t\t\t\t\t<section class=\"elementor-section elementor-top-section elementor-element elementor-element-ac98f48 elementor-section-boxed elementor-section-height-default elementor-section-height-default\" data-id=\"ac98f48\" data-element_type=\"section\" data-e-type=\"section\">\n\t\t\t\t\t\t<div class=\"elementor-container elementor-column-gap-default\">\n\t\t\t\t\t<div class=\"elementor-column elementor-col-33 elementor-top-column elementor-element elementor-element-a9c3cf6\" data-id=\"a9c3cf6\" data-element_type=\"column\" data-e-type=\"column\">\n\t\t\t<div class=\"elementor-widget-wrap elementor-element-populated\">\n\t\t\t\t\t\t<div class=\"elementor-element elementor-element-5e343f4 elementor-widget elementor-widget-pressmart-heading\" data-id=\"5e343f4\" data-element_type=\"widget\" data-e-type=\"widget\" data-widget_type=\"pressmart-heading.default\">\n\t\t\t\t<div class=\"elementor-widget-container\">\n\t\t\t\t\t<div id=\"pressmart-header-31511\" class=\"pressmart-element pressmart-heading text-left separator-none separator-between-heading\">\t\n\t\t\t\n\t\t\t<div class=\"heading-wrap\">\n\t\t\t<span class=\"separator-left\"><\/span>\n\t\t\t<h4 class=\"heading-title\">Desintoxicaci\u00f3n con b\u00f3rax - Detox<\/h4>\t\t\t<span class=\"separator-right\"><\/span>\n\t\t\t\t\t<\/div>\n\t\t\n    <\/div>\t\t\t\t<\/div>\n\t\t\t\t<\/div>\n\t\t\t\t<div class=\"elementor-element elementor-element-93eceae elementor-widget elementor-widget-text-editor\" data-id=\"93eceae\" data-element_type=\"widget\" data-e-type=\"widget\" data-widget_type=\"text-editor.default\">\n\t\t\t\t<div class=\"elementor-widget-container\">\n\t\t\t\t\t\t\t\t\t<p>Vencer a la artritis y la osteoporosis. Este es el t\u00edtulo del libro del Dr. Rex E. Newnham sobre las enfermedades que se dicen incurables. As\u00ed que no es cierto, todo es posible, \u00a1s\u00f3lo que no se aplica a todo el mundo, por supuesto!<br \/>Una mala alimentaci\u00f3n suele ser la causa. Pero el estr\u00e9s y dormir poco tambi\u00e9n pueden tener un gran impacto. Estos factores pueden provocar una carencia de boro\/b\u00f3rax, entre otros.<br \/>El boro se encuentra en las zanahorias, las peras, las manzanas, las uvas, los frutos secos y los cereales. El Dr. Rex Newnham descubri\u00f3 a principios de los a\u00f1os 80 que las personas sanas necesitan 6 miligramos de boro al d\u00eda y las personas que quieren curar enfermedades carenciales necesitan 10 miligramos.<br \/>Pudo demostrarlo en todo el mundo comparando la dieta estudiada con el n\u00famero de casos en una regi\u00f3n donde la artritis y otras dolencias son comunes.<br \/>Por ejemplo, descubri\u00f3 que en Jamaica todos los alimentos conten\u00edan una cantidad insuficiente de boro (1 miligramo) y el 70% desarrollaba artritis. En EE.UU., Inglaterra, Australia, Nueva Zelanda y Sud\u00e1frica, la dieta conten\u00eda entre 1 y 2 miligramos de boro y el 20% desarrollaba artritis, sobre todo en ancianos.<\/p>\t\t\t\t\t\t\t\t<\/div>\n\t\t\t\t<\/div>\n\t\t\t\t\t<\/div>\n\t\t<\/div>\n\t\t\t\t<div class=\"elementor-column elementor-col-33 elementor-top-column elementor-element elementor-element-ca81899\" data-id=\"ca81899\" data-element_type=\"column\" data-e-type=\"column\">\n\t\t\t<div class=\"elementor-widget-wrap elementor-element-populated\">\n\t\t\t\t\t\t<div class=\"elementor-element elementor-element-7312084 elementor-widget elementor-widget-text-editor\" data-id=\"7312084\" data-element_type=\"widget\" data-e-type=\"widget\" data-widget_type=\"text-editor.default\">\n\t\t\t\t<div class=\"elementor-widget-container\">\n\t\t\t\t\t\t\t\t\t<p>En las poblaciones que no consum\u00edan alimentos procesados y, por tanto, consum\u00edan mucho boro, la enfermedad simplemente no exist\u00eda. Los occidentales son casi todos deficientes en b\u00f3rax\/boro.<br \/>Seg\u00fan el autor del libro, esto todav\u00eda no es prueba suficiente, pero apunta en la direcci\u00f3n que debemos buscar, donde sin duda no debemos perder de vista las combinaciones y sinergias de los distintos minerales.<br \/>El problema es precisamente que todo va terriblemente mal en nuestra dieta moderna. Hay demasiado desorden en nuestra dieta.<\/p>\t\t\t\t\t\t\t\t<\/div>\n\t\t\t\t<\/div>\n\t\t\t\t<div class=\"elementor-element elementor-element-0ce70ac elementor-widget elementor-widget-pressmart-heading\" data-id=\"0ce70ac\" data-element_type=\"widget\" data-e-type=\"widget\" data-widget_type=\"pressmart-heading.default\">\n\t\t\t\t<div class=\"elementor-widget-container\">\n\t\t\t\t\t<div id=\"pressmart-header-53878\" class=\"pressmart-element pressmart-heading text-left separator-none separator-between-heading\">\t\n\t\t\t\n\t\t\t<div class=\"heading-wrap\">\n\t\t\t<span class=\"separator-left\"><\/span>\n\t\t\t<h4 class=\"heading-title\">\u00bfQu\u00e9 es el b\u00f3rax?<\/h4>\t\t\t<span class=\"separator-right\"><\/span>\n\t\t\t\t\t<\/div>\n\t\t\n    <\/div>\t\t\t\t<\/div>\n\t\t\t\t<\/div>\n\t\t\t\t<div class=\"elementor-element elementor-element-0550820 elementor-widget elementor-widget-text-editor\" data-id=\"0550820\" data-element_type=\"widget\" data-e-type=\"widget\" data-widget_type=\"text-editor.default\">\n\t\t\t\t<div class=\"elementor-widget-container\">\n\t\t\t\t\t\t\t\t\t<p>Boraks (heksahydrat tetraboranu sodu lub boran sodu) jest naturalnie wyst\u0119puj\u0105cym minera\u0142em sk\u0142adaj\u0105cym si\u0119 z sodu, boru, tlenu i wody. Jest stosowany jako \u015brodek leczniczy od ponad 4000 lat. Wi\u0119kszo\u015b\u0107 produkowanego boraksu jest wydobywana z jezior. Wyst\u0119puje w du\u017cych ilo\u015bciach w zachodnich Stanach Zjednoczonych, w krajach \u015br\u00f3dziemnomorskich, takich jak Kazachstan i region Tybetu w Chinach. Turcja jest jednym z najwi\u0119kszych komercyjnych producent\u00f3w boran\u00f3w.<br \/>Bor ma tendencj\u0119 do koncentracji\/wzmacniania ko\u015bci, szkliwa z\u0119b\u00f3w, paznokci, \u015bledziony i przytarczyc. Jest szybko i \u0142atwo wydalany, g\u0142\u00f3wnie z moczem. Oznacza to, \u017ce wymagane jest regularne przyjmowanie boru\/boraksu.<\/p>\t\t\t\t\t\t\t\t<\/div>\n\t\t\t\t<\/div>\n\t\t\t\t\t<\/div>\n\t\t<\/div>\n\t\t\t\t<div class=\"elementor-column elementor-col-33 elementor-top-column elementor-element elementor-element-c29160e\" data-id=\"c29160e\" data-element_type=\"column\" data-e-type=\"column\">\n\t\t\t<div class=\"elementor-widget-wrap elementor-element-populated\">\n\t\t\t\t\t\t<div class=\"elementor-element elementor-element-27dae99 elementor-widget elementor-widget-text-editor\" data-id=\"27dae99\" data-element_type=\"widget\" data-e-type=\"widget\" data-widget_type=\"text-editor.default\">\n\t\t\t\t<div class=\"elementor-widget-container\">\n\t\t\t\t\t\t\t\t\t<p>El b\u00f3rax puede proteger contra la acumulaci\u00f3n de fl\u00faor en el organismo; es eficaz como ant\u00eddoto contra la toxicidad del fl\u00faor; y puede eliminar el fl\u00faor del organismo.<br \/>Tiene actividad antimicrobiana. El b\u00f3rax es t\u00f3xico para insectos, par\u00e1sitos, protozoos y bacterias.<br \/>Es eficaz contra hongos y mohos, tanto internos como externos.<br \/>Tiene efecto antiv\u00edrico.<br \/>Estimula la producci\u00f3n hormonal y estabiliza los estr\u00f3genos.<br \/>Refuerza el sistema inmunitario. Favorece la cicatrizaci\u00f3n de las heridas.<br \/>Reduce la inflamaci\u00f3n.<br \/>Afrodis\u00edaco para hombres y mujeres. Puede tener un efecto positivo en la libido baja. El boro estimula la producci\u00f3n de testosterona y DHT y normaliza el estr\u00f3geno.<br \/>Ayuda a eliminar toxinas. Protege contra los metales pesados.<br \/>Act\u00faa como estabilizador de los niveles de calcio, silicio, cobre y magnesio e inhibe la calcificaci\u00f3n. Una cantidad suficiente de b\u00f3rax\/b\u00f3rax normaliza los niveles de calcio y puede prevenir tanto la calcificaci\u00f3n anormal como la debilidad \u00f3sea. El boro\/b\u00f3rax inhibe la acumulaci\u00f3n de cobre inorg\u00e1nico en los huesos y previene la p\u00e9rdida de masa \u00f3sea. El boro favorece la absorci\u00f3n de diversos minerales, especialmente el calcio y el silicio. Las personas con bajas cantidades de b\u00f3rax\/boro en su dieta pueden desarrollar diversos trastornos \u00f3seos, cut\u00e1neos y del tejido conjuntivo.<br \/>Mejora la atenci\u00f3n y la concentraci\u00f3n, actuando sobre la memoria a corto y largo plazo, la percepci\u00f3n, la coordinaci\u00f3n mano-ojo y la destreza. (12,14)<\/p>\t\t\t\t\t\t\t\t<\/div>\n\t\t\t\t<\/div>\n\t\t\t\t\t<\/div>\n\t\t<\/div>\n\t\t\t\t\t<\/div>\n\t\t<\/section>\n\t\t\t\t<\/div>\n\t\t","protected":false},"excerpt":{"rendered":"<p>El B\u00f3rax Detox sirve para desintoxicar el organismo. Esto se hace de una manera sencilla y sin ning\u00fan esfuerzo. El contenido en PPM del B\u00f3rax es de unos 175 PPM. Contenido 500 ml<\/p>\n","protected":false},"featured_media":2009,"template":"","meta":[],"product_cat":[357,281],"product_tag":[],"class_list":{"0":"post-23356","1":"product","2":"type-product","3":"status-publish","4":"has-post-thumbnail","6":"product_cat-borax-boron-es","7":"product_cat-todos-los-productos","8":"product_shipping_class-post-pakket-es","10":"first","11":"instock","12":"taxable","13":"shipping-taxable","14":"purchasable","15":"product-type-variable"},"yoast_head":"<!-- This site is optimized with the Yoast SEO plugin v27.4 - https:\/\/yoast.com\/product\/yoast-seo-wordpress\/ -->\n<title>Desintoxicaci\u00f3n con B\u00f3rax- Detox - Auror Scalar Technology<\/title>\n<meta name=\"robots\" content=\"index, follow, max-snippet:-1, max-image-preview:large, max-video-preview:-1\" \/>\n<link rel=\"canonical\" href=\"https:\/\/www.aurorscalartechnology.com\/es\/producto\/desintoxicacion-con-borax-detox\/\" \/>\n<meta property=\"og:locale\" content=\"es_ES\" \/>\n<meta property=\"og:type\" content=\"article\" \/>\n<meta property=\"og:title\" content=\"Desintoxicaci\u00f3n con B\u00f3rax- Detox - Auror Scalar Technology\" \/>\n<meta property=\"og:description\" content=\"El B\u00f3rax Detox sirve para desintoxicar el organismo. Esto se hace de una manera sencilla y sin ning\u00fan esfuerzo. El contenido en PPM del B\u00f3rax es de unos 175 PPM. Contenido 500 ml\" \/>\n<meta property=\"og:url\" content=\"https:\/\/www.aurorscalartechnology.com\/es\/producto\/desintoxicacion-con-borax-detox\/\" \/>\n<meta property=\"og:site_name\" content=\"Auror Scalar Technology\" \/>\n<meta property=\"article:modified_time\" content=\"2024-08-06T11:28:20+00:00\" \/>\n<meta property=\"og:image\" content=\"https:\/\/www.aurorscalartechnology.com\/wp-content\/uploads\/2023\/08\/borax-600x600-1.jpeg\" \/>\n\t<meta property=\"og:image:width\" content=\"600\" \/>\n\t<meta property=\"og:image:height\" content=\"600\" \/>\n\t<meta property=\"og:image:type\" content=\"image\/jpeg\" \/>\n<meta name=\"twitter:card\" content=\"summary_large_image\" \/>\n<meta name=\"twitter:label1\" content=\"Tiempo de lectura\" \/>\n\t<meta name=\"twitter:data1\" content=\"3 minutos\" \/>\n<script type=\"application\/ld+json\" class=\"yoast-schema-graph\">{\"@context\":\"https:\\\/\\\/schema.org\",\"@graph\":[{\"@type\":\"WebPage\",\"@id\":\"https:\\\/\\\/www.aurorscalartechnology.com\\\/es\\\/producto\\\/desintoxicacion-con-borax-detox\\\/\",\"url\":\"https:\\\/\\\/www.aurorscalartechnology.com\\\/es\\\/producto\\\/desintoxicacion-con-borax-detox\\\/\",\"name\":\"Desintoxicaci\u00f3n con B\u00f3rax- Detox - Auror Scalar Technology\",\"isPartOf\":{\"@id\":\"https:\\\/\\\/www.aurorscalartechnology.com\\\/es\\\/#website\"},\"primaryImageOfPage\":{\"@id\":\"https:\\\/\\\/www.aurorscalartechnology.com\\\/es\\\/producto\\\/desintoxicacion-con-borax-detox\\\/#primaryimage\"},\"image\":{\"@id\":\"https:\\\/\\\/www.aurorscalartechnology.com\\\/es\\\/producto\\\/desintoxicacion-con-borax-detox\\\/#primaryimage\"},\"thumbnailUrl\":\"https:\\\/\\\/www.aurorscalartechnology.com\\\/wp-content\\\/uploads\\\/2023\\\/08\\\/borax-600x600-1.jpeg\",\"datePublished\":\"2023-08-07T13:34:38+00:00\",\"dateModified\":\"2024-08-06T11:28:20+00:00\",\"breadcrumb\":{\"@id\":\"https:\\\/\\\/www.aurorscalartechnology.com\\\/es\\\/producto\\\/desintoxicacion-con-borax-detox\\\/#breadcrumb\"},\"inLanguage\":\"es\",\"potentialAction\":[{\"@type\":\"ReadAction\",\"target\":[\"https:\\\/\\\/www.aurorscalartechnology.com\\\/es\\\/producto\\\/desintoxicacion-con-borax-detox\\\/\"]}]},{\"@type\":\"ImageObject\",\"inLanguage\":\"es\",\"@id\":\"https:\\\/\\\/www.aurorscalartechnology.com\\\/es\\\/producto\\\/desintoxicacion-con-borax-detox\\\/#primaryimage\",\"url\":\"https:\\\/\\\/www.aurorscalartechnology.com\\\/wp-content\\\/uploads\\\/2023\\\/08\\\/borax-600x600-1.jpeg\",\"contentUrl\":\"https:\\\/\\\/www.aurorscalartechnology.com\\\/wp-content\\\/uploads\\\/2023\\\/08\\\/borax-600x600-1.jpeg\",\"width\":600,\"height\":600},{\"@type\":\"BreadcrumbList\",\"@id\":\"https:\\\/\\\/www.aurorscalartechnology.com\\\/es\\\/producto\\\/desintoxicacion-con-borax-detox\\\/#breadcrumb\",\"itemListElement\":[{\"@type\":\"ListItem\",\"position\":1,\"name\":\"Home\",\"item\":\"https:\\\/\\\/www.aurorscalartechnology.com\\\/es\\\/\"},{\"@type\":\"ListItem\",\"position\":2,\"name\":\"Tienda\",\"item\":\"https:\\\/\\\/www.aurorscalartechnology.com\\\/es\\\/tienda\\\/\"},{\"@type\":\"ListItem\",\"position\":3,\"name\":\"Desintoxicaci\u00f3n con B\u00f3rax- Detox\"}]},{\"@type\":\"WebSite\",\"@id\":\"https:\\\/\\\/www.aurorscalartechnology.com\\\/es\\\/#website\",\"url\":\"https:\\\/\\\/www.aurorscalartechnology.com\\\/es\\\/\",\"name\":\"Auror Scalar Technology\",\"description\":\"\",\"potentialAction\":[{\"@type\":\"SearchAction\",\"target\":{\"@type\":\"EntryPoint\",\"urlTemplate\":\"https:\\\/\\\/www.aurorscalartechnology.com\\\/es\\\/?s={search_term_string}\"},\"query-input\":{\"@type\":\"PropertyValueSpecification\",\"valueRequired\":true,\"valueName\":\"search_term_string\"}}],\"inLanguage\":\"es\"}]}<\/script>\n<!-- \/ Yoast SEO plugin. -->","yoast_head_json":{"title":"Desintoxicaci\u00f3n con B\u00f3rax- Detox - Auror Scalar Technology","robots":{"index":"index","follow":"follow","max-snippet":"max-snippet:-1","max-image-preview":"max-image-preview:large","max-video-preview":"max-video-preview:-1"},"canonical":"https:\/\/www.aurorscalartechnology.com\/es\/producto\/desintoxicacion-con-borax-detox\/","og_locale":"es_ES","og_type":"article","og_title":"Desintoxicaci\u00f3n con B\u00f3rax- Detox - Auror Scalar Technology","og_description":"El B\u00f3rax Detox sirve para desintoxicar el organismo. Esto se hace de una manera sencilla y sin ning\u00fan esfuerzo. El contenido en PPM del B\u00f3rax es de unos 175 PPM. Contenido 500 ml","og_url":"https:\/\/www.aurorscalartechnology.com\/es\/producto\/desintoxicacion-con-borax-detox\/","og_site_name":"Auror Scalar Technology","article_modified_time":"2024-08-06T11:28:20+00:00","og_image":[{"width":600,"height":600,"url":"https:\/\/www.aurorscalartechnology.com\/wp-content\/uploads\/2023\/08\/borax-600x600-1.jpeg","type":"image\/jpeg"}],"twitter_card":"summary_large_image","twitter_misc":{"Tiempo de lectura":"3 minutos"},"schema":{"@context":"https:\/\/schema.org","@graph":[{"@type":"WebPage","@id":"https:\/\/www.aurorscalartechnology.com\/es\/producto\/desintoxicacion-con-borax-detox\/","url":"https:\/\/www.aurorscalartechnology.com\/es\/producto\/desintoxicacion-con-borax-detox\/","name":"Desintoxicaci\u00f3n con B\u00f3rax- Detox - Auror Scalar Technology","isPartOf":{"@id":"https:\/\/www.aurorscalartechnology.com\/es\/#website"},"primaryImageOfPage":{"@id":"https:\/\/www.aurorscalartechnology.com\/es\/producto\/desintoxicacion-con-borax-detox\/#primaryimage"},"image":{"@id":"https:\/\/www.aurorscalartechnology.com\/es\/producto\/desintoxicacion-con-borax-detox\/#primaryimage"},"thumbnailUrl":"https:\/\/www.aurorscalartechnology.com\/wp-content\/uploads\/2023\/08\/borax-600x600-1.jpeg","datePublished":"2023-08-07T13:34:38+00:00","dateModified":"2024-08-06T11:28:20+00:00","breadcrumb":{"@id":"https:\/\/www.aurorscalartechnology.com\/es\/producto\/desintoxicacion-con-borax-detox\/#breadcrumb"},"inLanguage":"es","potentialAction":[{"@type":"ReadAction","target":["https:\/\/www.aurorscalartechnology.com\/es\/producto\/desintoxicacion-con-borax-detox\/"]}]},{"@type":"ImageObject","inLanguage":"es","@id":"https:\/\/www.aurorscalartechnology.com\/es\/producto\/desintoxicacion-con-borax-detox\/#primaryimage","url":"https:\/\/www.aurorscalartechnology.com\/wp-content\/uploads\/2023\/08\/borax-600x600-1.jpeg","contentUrl":"https:\/\/www.aurorscalartechnology.com\/wp-content\/uploads\/2023\/08\/borax-600x600-1.jpeg","width":600,"height":600},{"@type":"BreadcrumbList","@id":"https:\/\/www.aurorscalartechnology.com\/es\/producto\/desintoxicacion-con-borax-detox\/#breadcrumb","itemListElement":[{"@type":"ListItem","position":1,"name":"Home","item":"https:\/\/www.aurorscalartechnology.com\/es\/"},{"@type":"ListItem","position":2,"name":"Tienda","item":"https:\/\/www.aurorscalartechnology.com\/es\/tienda\/"},{"@type":"ListItem","position":3,"name":"Desintoxicaci\u00f3n con B\u00f3rax- Detox"}]},{"@type":"WebSite","@id":"https:\/\/www.aurorscalartechnology.com\/es\/#website","url":"https:\/\/www.aurorscalartechnology.com\/es\/","name":"Auror Scalar Technology","description":"","potentialAction":[{"@type":"SearchAction","target":{"@type":"EntryPoint","urlTemplate":"https:\/\/www.aurorscalartechnology.com\/es\/?s={search_term_string}"},"query-input":{"@type":"PropertyValueSpecification","valueRequired":true,"valueName":"search_term_string"}}],"inLanguage":"es"}]}},"_links":{"self":[{"href":"https:\/\/www.aurorscalartechnology.com\/es\/wp-json\/wp\/v2\/product\/23356","targetHints":{"allow":["GET"]}}],"collection":[{"href":"https:\/\/www.aurorscalartechnology.com\/es\/wp-json\/wp\/v2\/product"}],"about":[{"href":"https:\/\/www.aurorscalartechnology.com\/es\/wp-json\/wp\/v2\/types\/product"}],"version-history":[{"count":5,"href":"https:\/\/www.aurorscalartechnology.com\/es\/wp-json\/wp\/v2\/product\/23356\/revisions"}],"predecessor-version":[{"id":23362,"href":"https:\/\/www.aurorscalartechnology.com\/es\/wp-json\/wp\/v2\/product\/23356\/revisions\/23362"}],"wp:featuredmedia":[{"embeddable":true,"href":"https:\/\/www.aurorscalartechnology.com\/es\/wp-json\/wp\/v2\/media\/2009"}],"wp:attachment":[{"href":"https:\/\/www.aurorscalartechnology.com\/es\/wp-json\/wp\/v2\/media?parent=23356"}],"wp:term":[{"taxonomy":"product_cat","embeddable":true,"href":"https:\/\/www.aurorscalartechnology.com\/es\/wp-json\/wp\/v2\/product_cat?post=23356"},{"taxonomy":"product_tag","embeddable":true,"href":"https:\/\/www.aurorscalartechnology.com\/es\/wp-json\/wp\/v2\/product_tag?post=23356"}],"curies":[{"name":"wp","href":"https:\/\/api.w.org\/{rel}","templated":true}]}}