{"id":2348,"date":"2022-04-27T12:46:40","date_gmt":"2022-04-27T10:46:40","guid":{"rendered":"https:\/\/www.aurorscalartechnology.com\/product\/h-v-r-formula\/"},"modified":"2024-07-23T13:36:03","modified_gmt":"2024-07-23T13:36:03","slug":"h-v-r-formula","status":"publish","type":"product","link":"https:\/\/www.aurorscalartechnology.com\/es\/producto\/h-v-r-formula\/","title":{"rendered":"H V R FORMULA con Carbono, proca\u00edna y Ta-65"},"content":{"rendered":"\t\t<div data-elementor-type=\"wp-post\" data-elementor-id=\"2348\" class=\"elementor elementor-2348 elementor-397\">\n\t\t\t\t\t\t<section class=\"elementor-section elementor-top-section elementor-element elementor-element-ac98f48 elementor-section-boxed elementor-section-height-default elementor-section-height-default\" data-id=\"ac98f48\" data-element_type=\"section\" data-e-type=\"section\">\n\t\t\t\t\t\t<div class=\"elementor-container elementor-column-gap-default\">\n\t\t\t\t\t<div class=\"elementor-column elementor-col-33 elementor-top-column elementor-element elementor-element-a9c3cf6\" data-id=\"a9c3cf6\" data-element_type=\"column\" data-e-type=\"column\">\n\t\t\t<div class=\"elementor-widget-wrap elementor-element-populated\">\n\t\t\t\t\t\t<div class=\"elementor-element elementor-element-5e343f4 elementor-widget elementor-widget-pressmart-heading\" data-id=\"5e343f4\" data-element_type=\"widget\" data-e-type=\"widget\" data-widget_type=\"pressmart-heading.default\">\n\t\t\t\t<div class=\"elementor-widget-container\">\n\t\t\t\t\t<div id=\"pressmart-header-23709\" class=\"pressmart-element pressmart-heading text-left separator-none separator-between-heading\">\t\n\t\t\t\n\t\t\t<div class=\"heading-wrap\">\n\t\t\t<span class=\"separator-left\"><\/span>\n\t\t\t<h4 class=\"heading-title\">La fuente de la juventud<\/h4>\t\t\t<span class=\"separator-right\"><\/span>\n\t\t\t\t\t<\/div>\n\t\t\n    <\/div>\t\t\t\t<\/div>\n\t\t\t\t<\/div>\n\t\t\t\t<div class=\"elementor-element elementor-element-93eceae elementor-widget elementor-widget-text-editor\" data-id=\"93eceae\" data-element_type=\"widget\" data-e-type=\"widget\" data-widget_type=\"text-editor.default\">\n\t\t\t\t<div class=\"elementor-widget-container\">\n\t\t\t\t\t\t\t\t\t<p>-de Solomon Soul-<\/p><p>El que beba de la fuente de la eterna juventud, volver\u00e1 a ser joven. Eso dice la leyenda. El deseo de detener el tiempo ha existido siempre. Her\u00f3doto habr\u00eda encontrado la fuente del rejuvenecimiento en el interior de Etiop\u00eda, el explorador Juan Ponce de Le\u00f3n encontr\u00f3 el tesoro, por as\u00ed decirlo, en las Bahamas.<\/p><p>Desde que el hombre existe, sue\u00f1a con contener el envejecimiento. Para rejuvenecerse a s\u00ed mismo de manera permanente y, as\u00ed, ir por delante de todas las enfermedades, ya que, como sostienen los expertos en envejecimiento Ray Kurzweil y Aubrey de Grey: la enfermedad m\u00e1s amenazante para el ser humano es el propio envejecimiento. Si lo detienes, las enfermedades no tendr\u00e1n nada que hacer contigo. Seg\u00fan los expertos, la ciencia avanza a pasos agigantados en este momento. Kurzweil y De Grey afirman que ya hay personas andando por la tierra que no morir\u00e1n de envejecimiento.<\/p><p><strong>Prolongaci\u00f3n de la vida<\/strong><br \/>El conocimiento en el terreno de la prolongaci\u00f3n de vida procede de la antig\u00fcedad. Mientras el ser humano sue\u00f1e con la eterna juventud, habr\u00e1 mentes inteligentes encargadas de desarrollar un remedio contra el envejecimiento. Un medio que garantice una piel tersa, fomente el crecimiento del pelo, rejuvenezca los \u00f3rganos\u2026 una medicina que conserve para siempre la condici\u00f3n de un lozano veintea\u00f1ero.<br \/>Antiguamente hab\u00eda druidas y alquimistas, los especialistas en el \u00e1mbito de la salud y el rejuvenecimiento. Los alquimistas buscaban la \u00abprima materia\u00bb. O bien la materia primaria de la que est\u00e1n compuestas todas las cosas. Esta materia tambi\u00e9n se conoc\u00eda como la piedra filosofal o el elixir de la vida.<\/p>\t\t\t\t\t\t\t\t<\/div>\n\t\t\t\t<\/div>\n\t\t\t\t\t<\/div>\n\t\t<\/div>\n\t\t\t\t<div class=\"elementor-column elementor-col-33 elementor-top-column elementor-element elementor-element-ca81899\" data-id=\"ca81899\" data-element_type=\"column\" data-e-type=\"column\">\n\t\t\t<div class=\"elementor-widget-wrap elementor-element-populated\">\n\t\t\t\t\t\t<div class=\"elementor-element elementor-element-ccc627e elementor-widget elementor-widget-pressmart-heading\" data-id=\"ccc627e\" data-element_type=\"widget\" data-e-type=\"widget\" data-widget_type=\"pressmart-heading.default\">\n\t\t\t\t<div class=\"elementor-widget-container\">\n\t\t\t\t\t<div id=\"pressmart-header-42009\" class=\"pressmart-element pressmart-heading text-left separator-none separator-between-heading\">\t\n\t\t\t\n\t\t\t<div class=\"heading-wrap\">\n\t\t\t<span class=\"separator-left\"><\/span>\n\t\t\t<h4 class=\"heading-title\">Inmortalidad<\/h4>\t\t\t<span class=\"separator-right\"><\/span>\n\t\t\t\t\t<\/div>\n\t\t\n    <\/div>\t\t\t\t<\/div>\n\t\t\t\t<\/div>\n\t\t\t\t<div class=\"elementor-element elementor-element-7312084 elementor-widget elementor-widget-text-editor\" data-id=\"7312084\" data-element_type=\"widget\" data-e-type=\"widget\" data-widget_type=\"text-editor.default\">\n\t\t\t\t<div class=\"elementor-widget-container\">\n\t\t\t\t\t\t\t\t\t<p>Los alquimistas eran qu\u00edmicos que, con una f\u00f3rmula creadora secreta, imitaban y aceleraban los procesos de la naturaleza. En sus libros puede leerse c\u00f3mo transformaban el plomo en oro. Su objetivo era consumar la \u00abGran Obra\u00bb, lo que era, en otras palabras, el descubrimiento de la piedra filosofal; la que contendr\u00eda el secreto de la inmortalidad.<\/p><p><strong>Prima materia<\/strong><br \/>La leyenda dice que hay alquimistas que lo lograron hace tiempo. Llevan viviendo miles de a\u00f1os entre nosotros, sin envejecer y sin que sepamos qui\u00e9nes son. Suena como un emocionante cuento de hadas; no obstante, puede que sea verdad que la prima materia fuera descubierta hace mucho tiempo. El tejido del que est\u00e1 compuesta toda la materia del universo. \u00bfY si tomar esta materia primaria frenara realmente el envejecimiento?<\/p><p><strong>Carbono<\/strong><br \/>Con el conocimiento de ahora, el carbono ocupa el puesto m\u00e1s adecuado para ser la prima materia que buscaban los alquimistas. Despu\u00e9s del ox\u00edgeno (56\u00a0%), el carbono, con un 23\u00a0%, es el \u00e1tomo m\u00e1s abundante en el cuerpo humano.<br \/>Esta denominaci\u00f3n solo se introdujo cuando los qu\u00edmicos, a finales del siglo\u00a0XVIII, consideraron la alquimia como una ciencia. Los alquimistas hablaban su propio idioma. Se serv\u00edan de s\u00edmbolos y met\u00e1foras, su conocimiento era solo accesible para los investigadores iniciados.<\/p><p><strong>Oro y plata coloidales<\/strong><br \/>Los alquimistas fueron considerados por la Iglesia como una amenaza durante mucho tiempo. No solo trabajaban en perfeccionar la materia, tambi\u00e9n aspiraban al crecimiento espiritual. El perfeccionamiento del alma ten\u00eda como objetivo alcanzar la iluminaci\u00f3n. La Iglesia condenaba esta \u00abcompetencia con Dios\u00bb. Por esa raz\u00f3n, la alquimia estuvo prohibida durante mucho tiempo. El conocimiento acerca de c\u00f3mo transformar los metales inferiores en metales superiores, como la plata y el oro, fue custodiado por los alquimistas como el Santo Grial.<br \/>Incluso el \u00faltimo gran alquimista, Sir Isaac Newton, busco en secreto la piedra filosofal para alcanzar la iluminaci\u00f3n y ser inmortal. Nunca la encontr\u00f3. S\u00ed contribuy\u00f3 indirectamente al descubrimiento de la electr\u00f3lisis. Ello permiti\u00f3 a\u00f1os despu\u00e9s producir oro, plata y platino coloidales, lo cual es una bendici\u00f3n para el alquimista de hoy en d\u00eda, que a\u00f1ade metales nobles coloidales f\u00e1cilmente a sus alimentos para rejuvenecer.<\/p>\t\t\t\t\t\t\t\t<\/div>\n\t\t\t\t<\/div>\n\t\t\t\t\t<\/div>\n\t\t<\/div>\n\t\t\t\t<div class=\"elementor-column elementor-col-33 elementor-top-column elementor-element elementor-element-c29160e\" data-id=\"c29160e\" data-element_type=\"column\" data-e-type=\"column\">\n\t\t\t<div class=\"elementor-widget-wrap elementor-element-populated\">\n\t\t\t\t\t\t<div class=\"elementor-element elementor-element-2b8009d elementor-widget elementor-widget-pressmart-heading\" data-id=\"2b8009d\" data-element_type=\"widget\" data-e-type=\"widget\" data-widget_type=\"pressmart-heading.default\">\n\t\t\t\t<div class=\"elementor-widget-container\">\n\t\t\t\t\t<div id=\"pressmart-header-21237\" class=\"pressmart-element pressmart-heading text-left separator-none separator-between-heading\">\t\n\t\t\t\n\t\t\t<div class=\"heading-wrap\">\n\t\t\t<span class=\"separator-left\"><\/span>\n\t\t\t<h4 class=\"heading-title\">Oferta temporal: 2\u00d7200 ml con \u20ac50 descuento.<\/h4>\t\t\t<span class=\"separator-right\"><\/span>\n\t\t\t\t\t<\/div>\n\t\t\n    <\/div>\t\t\t\t<\/div>\n\t\t\t\t<\/div>\n\t\t\t\t<div class=\"elementor-element elementor-element-27dae99 elementor-widget elementor-widget-text-editor\" data-id=\"27dae99\" data-element_type=\"widget\" data-e-type=\"widget\" data-widget_type=\"text-editor.default\">\n\t\t\t\t<div class=\"elementor-widget-container\">\n\t\t\t\t\t\t\t\t\t<p>Una botella de 200 ml es suficiente por aproximadamente 4 meses. 1000 ml (1 L) es suficiente por casi 2 a\u00f1os para una persona. Los costos son entonces de \u20ac 22.00 por mes.<\/p><p>(ahorras \u20ac 275, -)<\/p>\t\t\t\t\t\t\t\t<\/div>\n\t\t\t\t<\/div>\n\t\t\t\t\t<\/div>\n\t\t<\/div>\n\t\t\t\t\t<\/div>\n\t\t<\/section>\n\t\t\t\t<\/div>\n\t\t","protected":false},"excerpt":{"rendered":"<p><strong>F\u00f3rmula H V R con TA65 y Carbono\/carbono y proca\u00edna<\/strong><\/p>\n<p>Descripci\u00f3n<br \/>\nH V R FORMULA es un complemento nutricional l\u00edquido.<\/p>\n<p>Ingredientes: Agua purificada, Carbono\/carbono 0aproximadamente 400PPM, sales, TA 65, Astragal\u00f3sido\/Ciclastragenol, Ormus\/Oro en polvo blanco, Proca\u00edna, Argirelina, DHEA, \u00c1cido hialur\u00f3nico, Mononucleoci\u00f3n de nicotiamida, Hidroxiapatita, \u00f1ame silvestre, Yodo, Aloe Vera, Ormus. vitamina C, magnesio, Equin\u00e1cea y Amino\u00e1cidos. Minerales y oligoelementos (los m\u00e1s importantes): Azufre, bromuro, litio, boro, carbono, vanadio, cromo, selenio, manganeso, hierro, n\u00edquel, cobalto, esta\u00f1o, cloruro, sodio, magnesio, potasio, silicio, f\u00f3sforo, zinc, yodo, molibdeno, cobre, zinc, indio y muchos otros. HVR FORMULA no contiene levadura, lactosa, conservantes, fragancias, colorantes ni sabores sint\u00e9ticos.<\/p>\n<p>Oferta temporal 2x200ml con 50\u20ac de descuento<br \/>\nEche tambi\u00e9n un vistazo al importante complejo mineral indispensable que tenemos, que tambi\u00e9n se puede pedir en combinaci\u00f3n con la F\u00f3rmula HVR. El Complejo Mineral reforzar\u00e1 enormemente el efecto de la F\u00f3rmula HVR. Con la combinaci\u00f3n de la F\u00f3rmula HVR y el Complejo Mineral, lograr\u00e1 un rejuvenecimiento a\u00fan m\u00e1s r\u00e1pido. Se puede suponer que cualquier persona que tenga o tenga canas sufre de una deficiencia de minerales. La f\u00f3rmula HVR en combinaci\u00f3n con The Mineral Complex funciona bien contra las canas y existe una buena posibilidad de que las canas recuperen su color original.<\/p>\n<p>Una botella de 200 ml es suficiente para aproximadamente 4 meses, 1000 ml (1 litro) es suficiente para casi 2 a\u00f1os para 1 persona, el coste es de 22,00 \u20ac al mes (ahorro de 275,00 \u20ac).<\/p>\n","protected":false},"featured_media":22679,"template":"","meta":[],"product_cat":[282,281],"product_tag":[],"class_list":{"0":"post-2348","1":"product","2":"type-product","3":"status-publish","4":"has-post-thumbnail","6":"product_cat-hvr-formula-es","7":"product_cat-todos-los-productos","8":"product_shipping_class-post-pakket-es","10":"first","11":"instock","12":"sale","13":"featured","14":"taxable","15":"shipping-taxable","16":"purchasable","17":"product-type-variable"},"yoast_head":"<!-- This site is optimized with the Yoast SEO plugin v27.4 - https:\/\/yoast.com\/product\/yoast-seo-wordpress\/ -->\n<title>H V R FORMULA con Carbono, proca\u00edna y Ta-65 - Auror Scalar Technology<\/title>\n<meta name=\"robots\" content=\"index, follow, max-snippet:-1, max-image-preview:large, max-video-preview:-1\" \/>\n<link rel=\"canonical\" href=\"https:\/\/www.aurorscalartechnology.com\/es\/producto\/h-v-r-formula\/\" \/>\n<meta property=\"og:locale\" content=\"es_ES\" \/>\n<meta property=\"og:type\" content=\"article\" \/>\n<meta property=\"og:title\" content=\"H V R FORMULA con Carbono, proca\u00edna y Ta-65 - Auror Scalar Technology\" \/>\n<meta property=\"og:description\" content=\"F\u00f3rmula H V R con TA65 y Carbono\/carbono y proca\u00edna  Descripci\u00f3n H V R FORMULA es un complemento nutricional l\u00edquido.  Ingredientes: Agua purificada, Carbono\/carbono 0aproximadamente 400PPM, sales, TA 65, Astragal\u00f3sido\/Ciclastragenol, Ormus\/Oro en polvo blanco, Proca\u00edna, Argirelina, DHEA, \u00c1cido hialur\u00f3nico, Mononucleoci\u00f3n de nicotiamida, Hidroxiapatita, \u00f1ame silvestre, Yodo, Aloe Vera, Ormus. vitamina C, magnesio, Equin\u00e1cea y Amino\u00e1cidos. Minerales y oligoelementos (los m\u00e1s importantes): Azufre, bromuro, litio, boro, carbono, vanadio, cromo, selenio, manganeso, hierro, n\u00edquel, cobalto, esta\u00f1o, cloruro, sodio, magnesio, potasio, silicio, f\u00f3sforo, zinc, yodo, molibdeno, cobre, zinc, indio y muchos otros. HVR FORMULA no contiene levadura, lactosa, conservantes, fragancias, colorantes ni sabores sint\u00e9ticos.  Oferta temporal 2x200ml con 50\u20ac de descuento Eche tambi\u00e9n un vistazo al importante complejo mineral indispensable que tenemos, que tambi\u00e9n se puede pedir en combinaci\u00f3n con la F\u00f3rmula HVR. El Complejo Mineral reforzar\u00e1 enormemente el efecto de la F\u00f3rmula HVR. Con la combinaci\u00f3n de la F\u00f3rmula HVR y el Complejo Mineral, lograr\u00e1 un rejuvenecimiento a\u00fan m\u00e1s r\u00e1pido. Se puede suponer que cualquier persona que tenga o tenga canas sufre de una deficiencia de minerales. La f\u00f3rmula HVR en combinaci\u00f3n con The Mineral Complex funciona bien contra las canas y existe una buena posibilidad de que las canas recuperen su color original.  Una botella de 200 ml es suficiente para aproximadamente 4 meses, 1000 ml (1 litro) es suficiente para casi 2 a\u00f1os para 1 persona, el coste es de 22,00 \u20ac al mes (ahorro de 275,00 \u20ac).\" \/>\n<meta property=\"og:url\" content=\"https:\/\/www.aurorscalartechnology.com\/es\/producto\/h-v-r-formula\/\" \/>\n<meta property=\"og:site_name\" content=\"Auror Scalar Technology\" \/>\n<meta property=\"article:modified_time\" content=\"2024-07-23T13:36:03+00:00\" \/>\n<meta property=\"og:image\" content=\"https:\/\/www.aurorscalartechnology.com\/wp-content\/uploads\/2024\/05\/17a-scaled.jpg\" \/>\n\t<meta property=\"og:image:width\" content=\"2155\" \/>\n\t<meta property=\"og:image:height\" content=\"2560\" \/>\n\t<meta property=\"og:image:type\" content=\"image\/jpeg\" \/>\n<meta name=\"twitter:card\" content=\"summary_large_image\" \/>\n<meta name=\"twitter:label1\" content=\"Tiempo de lectura\" \/>\n\t<meta name=\"twitter:data1\" content=\"4 minutos\" \/>\n<script type=\"application\/ld+json\" class=\"yoast-schema-graph\">{\"@context\":\"https:\\\/\\\/schema.org\",\"@graph\":[{\"@type\":\"WebPage\",\"@id\":\"https:\\\/\\\/www.aurorscalartechnology.com\\\/es\\\/producto\\\/h-v-r-formula\\\/\",\"url\":\"https:\\\/\\\/www.aurorscalartechnology.com\\\/es\\\/producto\\\/h-v-r-formula\\\/\",\"name\":\"H V R FORMULA con Carbono, proca\u00edna y Ta-65 - Auror Scalar Technology\",\"isPartOf\":{\"@id\":\"https:\\\/\\\/www.aurorscalartechnology.com\\\/es\\\/#website\"},\"primaryImageOfPage\":{\"@id\":\"https:\\\/\\\/www.aurorscalartechnology.com\\\/es\\\/producto\\\/h-v-r-formula\\\/#primaryimage\"},\"image\":{\"@id\":\"https:\\\/\\\/www.aurorscalartechnology.com\\\/es\\\/producto\\\/h-v-r-formula\\\/#primaryimage\"},\"thumbnailUrl\":\"https:\\\/\\\/www.aurorscalartechnology.com\\\/wp-content\\\/uploads\\\/2024\\\/05\\\/17a-scaled.jpg\",\"datePublished\":\"2022-04-27T10:46:40+00:00\",\"dateModified\":\"2024-07-23T13:36:03+00:00\",\"breadcrumb\":{\"@id\":\"https:\\\/\\\/www.aurorscalartechnology.com\\\/es\\\/producto\\\/h-v-r-formula\\\/#breadcrumb\"},\"inLanguage\":\"es\",\"potentialAction\":[{\"@type\":\"ReadAction\",\"target\":[\"https:\\\/\\\/www.aurorscalartechnology.com\\\/es\\\/producto\\\/h-v-r-formula\\\/\"]}]},{\"@type\":\"ImageObject\",\"inLanguage\":\"es\",\"@id\":\"https:\\\/\\\/www.aurorscalartechnology.com\\\/es\\\/producto\\\/h-v-r-formula\\\/#primaryimage\",\"url\":\"https:\\\/\\\/www.aurorscalartechnology.com\\\/wp-content\\\/uploads\\\/2024\\\/05\\\/17a-scaled.jpg\",\"contentUrl\":\"https:\\\/\\\/www.aurorscalartechnology.com\\\/wp-content\\\/uploads\\\/2024\\\/05\\\/17a-scaled.jpg\",\"width\":2155,\"height\":2560},{\"@type\":\"BreadcrumbList\",\"@id\":\"https:\\\/\\\/www.aurorscalartechnology.com\\\/es\\\/producto\\\/h-v-r-formula\\\/#breadcrumb\",\"itemListElement\":[{\"@type\":\"ListItem\",\"position\":1,\"name\":\"Home\",\"item\":\"https:\\\/\\\/www.aurorscalartechnology.com\\\/es\\\/\"},{\"@type\":\"ListItem\",\"position\":2,\"name\":\"Tienda\",\"item\":\"https:\\\/\\\/www.aurorscalartechnology.com\\\/es\\\/tienda\\\/\"},{\"@type\":\"ListItem\",\"position\":3,\"name\":\"H V R FORMULA con Carbono, proca\u00edna y Ta-65\"}]},{\"@type\":\"WebSite\",\"@id\":\"https:\\\/\\\/www.aurorscalartechnology.com\\\/es\\\/#website\",\"url\":\"https:\\\/\\\/www.aurorscalartechnology.com\\\/es\\\/\",\"name\":\"Auror Scalar Technology\",\"description\":\"\",\"potentialAction\":[{\"@type\":\"SearchAction\",\"target\":{\"@type\":\"EntryPoint\",\"urlTemplate\":\"https:\\\/\\\/www.aurorscalartechnology.com\\\/es\\\/?s={search_term_string}\"},\"query-input\":{\"@type\":\"PropertyValueSpecification\",\"valueRequired\":true,\"valueName\":\"search_term_string\"}}],\"inLanguage\":\"es\"}]}<\/script>\n<!-- \/ Yoast SEO plugin. -->","yoast_head_json":{"title":"H V R FORMULA con Carbono, proca\u00edna y Ta-65 - Auror Scalar Technology","robots":{"index":"index","follow":"follow","max-snippet":"max-snippet:-1","max-image-preview":"max-image-preview:large","max-video-preview":"max-video-preview:-1"},"canonical":"https:\/\/www.aurorscalartechnology.com\/es\/producto\/h-v-r-formula\/","og_locale":"es_ES","og_type":"article","og_title":"H V R FORMULA con Carbono, proca\u00edna y Ta-65 - Auror Scalar Technology","og_description":"F\u00f3rmula H V R con TA65 y Carbono\/carbono y proca\u00edna  Descripci\u00f3n H V R FORMULA es un complemento nutricional l\u00edquido.  Ingredientes: Agua purificada, Carbono\/carbono 0aproximadamente 400PPM, sales, TA 65, Astragal\u00f3sido\/Ciclastragenol, Ormus\/Oro en polvo blanco, Proca\u00edna, Argirelina, DHEA, \u00c1cido hialur\u00f3nico, Mononucleoci\u00f3n de nicotiamida, Hidroxiapatita, \u00f1ame silvestre, Yodo, Aloe Vera, Ormus. vitamina C, magnesio, Equin\u00e1cea y Amino\u00e1cidos. Minerales y oligoelementos (los m\u00e1s importantes): Azufre, bromuro, litio, boro, carbono, vanadio, cromo, selenio, manganeso, hierro, n\u00edquel, cobalto, esta\u00f1o, cloruro, sodio, magnesio, potasio, silicio, f\u00f3sforo, zinc, yodo, molibdeno, cobre, zinc, indio y muchos otros. HVR FORMULA no contiene levadura, lactosa, conservantes, fragancias, colorantes ni sabores sint\u00e9ticos.  Oferta temporal 2x200ml con 50\u20ac de descuento Eche tambi\u00e9n un vistazo al importante complejo mineral indispensable que tenemos, que tambi\u00e9n se puede pedir en combinaci\u00f3n con la F\u00f3rmula HVR. El Complejo Mineral reforzar\u00e1 enormemente el efecto de la F\u00f3rmula HVR. Con la combinaci\u00f3n de la F\u00f3rmula HVR y el Complejo Mineral, lograr\u00e1 un rejuvenecimiento a\u00fan m\u00e1s r\u00e1pido. Se puede suponer que cualquier persona que tenga o tenga canas sufre de una deficiencia de minerales. La f\u00f3rmula HVR en combinaci\u00f3n con The Mineral Complex funciona bien contra las canas y existe una buena posibilidad de que las canas recuperen su color original.  Una botella de 200 ml es suficiente para aproximadamente 4 meses, 1000 ml (1 litro) es suficiente para casi 2 a\u00f1os para 1 persona, el coste es de 22,00 \u20ac al mes (ahorro de 275,00 \u20ac).","og_url":"https:\/\/www.aurorscalartechnology.com\/es\/producto\/h-v-r-formula\/","og_site_name":"Auror Scalar Technology","article_modified_time":"2024-07-23T13:36:03+00:00","og_image":[{"width":2155,"height":2560,"url":"https:\/\/www.aurorscalartechnology.com\/wp-content\/uploads\/2024\/05\/17a-scaled.jpg","type":"image\/jpeg"}],"twitter_card":"summary_large_image","twitter_misc":{"Tiempo de lectura":"4 minutos"},"schema":{"@context":"https:\/\/schema.org","@graph":[{"@type":"WebPage","@id":"https:\/\/www.aurorscalartechnology.com\/es\/producto\/h-v-r-formula\/","url":"https:\/\/www.aurorscalartechnology.com\/es\/producto\/h-v-r-formula\/","name":"H V R FORMULA con Carbono, proca\u00edna y Ta-65 - Auror Scalar Technology","isPartOf":{"@id":"https:\/\/www.aurorscalartechnology.com\/es\/#website"},"primaryImageOfPage":{"@id":"https:\/\/www.aurorscalartechnology.com\/es\/producto\/h-v-r-formula\/#primaryimage"},"image":{"@id":"https:\/\/www.aurorscalartechnology.com\/es\/producto\/h-v-r-formula\/#primaryimage"},"thumbnailUrl":"https:\/\/www.aurorscalartechnology.com\/wp-content\/uploads\/2024\/05\/17a-scaled.jpg","datePublished":"2022-04-27T10:46:40+00:00","dateModified":"2024-07-23T13:36:03+00:00","breadcrumb":{"@id":"https:\/\/www.aurorscalartechnology.com\/es\/producto\/h-v-r-formula\/#breadcrumb"},"inLanguage":"es","potentialAction":[{"@type":"ReadAction","target":["https:\/\/www.aurorscalartechnology.com\/es\/producto\/h-v-r-formula\/"]}]},{"@type":"ImageObject","inLanguage":"es","@id":"https:\/\/www.aurorscalartechnology.com\/es\/producto\/h-v-r-formula\/#primaryimage","url":"https:\/\/www.aurorscalartechnology.com\/wp-content\/uploads\/2024\/05\/17a-scaled.jpg","contentUrl":"https:\/\/www.aurorscalartechnology.com\/wp-content\/uploads\/2024\/05\/17a-scaled.jpg","width":2155,"height":2560},{"@type":"BreadcrumbList","@id":"https:\/\/www.aurorscalartechnology.com\/es\/producto\/h-v-r-formula\/#breadcrumb","itemListElement":[{"@type":"ListItem","position":1,"name":"Home","item":"https:\/\/www.aurorscalartechnology.com\/es\/"},{"@type":"ListItem","position":2,"name":"Tienda","item":"https:\/\/www.aurorscalartechnology.com\/es\/tienda\/"},{"@type":"ListItem","position":3,"name":"H V R FORMULA con Carbono, proca\u00edna y Ta-65"}]},{"@type":"WebSite","@id":"https:\/\/www.aurorscalartechnology.com\/es\/#website","url":"https:\/\/www.aurorscalartechnology.com\/es\/","name":"Auror Scalar Technology","description":"","potentialAction":[{"@type":"SearchAction","target":{"@type":"EntryPoint","urlTemplate":"https:\/\/www.aurorscalartechnology.com\/es\/?s={search_term_string}"},"query-input":{"@type":"PropertyValueSpecification","valueRequired":true,"valueName":"search_term_string"}}],"inLanguage":"es"}]}},"_links":{"self":[{"href":"https:\/\/www.aurorscalartechnology.com\/es\/wp-json\/wp\/v2\/product\/2348","targetHints":{"allow":["GET"]}}],"collection":[{"href":"https:\/\/www.aurorscalartechnology.com\/es\/wp-json\/wp\/v2\/product"}],"about":[{"href":"https:\/\/www.aurorscalartechnology.com\/es\/wp-json\/wp\/v2\/types\/product"}],"version-history":[{"count":1,"href":"https:\/\/www.aurorscalartechnology.com\/es\/wp-json\/wp\/v2\/product\/2348\/revisions"}],"predecessor-version":[{"id":23129,"href":"https:\/\/www.aurorscalartechnology.com\/es\/wp-json\/wp\/v2\/product\/2348\/revisions\/23129"}],"wp:featuredmedia":[{"embeddable":true,"href":"https:\/\/www.aurorscalartechnology.com\/es\/wp-json\/wp\/v2\/media\/22679"}],"wp:attachment":[{"href":"https:\/\/www.aurorscalartechnology.com\/es\/wp-json\/wp\/v2\/media?parent=2348"}],"wp:term":[{"taxonomy":"product_cat","embeddable":true,"href":"https:\/\/www.aurorscalartechnology.com\/es\/wp-json\/wp\/v2\/product_cat?post=2348"},{"taxonomy":"product_tag","embeddable":true,"href":"https:\/\/www.aurorscalartechnology.com\/es\/wp-json\/wp\/v2\/product_tag?post=2348"}],"curies":[{"name":"wp","href":"https:\/\/api.w.org\/{rel}","templated":true}]}}