{"id":23482,"date":"2023-08-08T08:44:57","date_gmt":"2023-08-08T08:44:57","guid":{"rendered":"https:\/\/www.aurorscalartechnology.com\/?post_type=product&#038;p=23482"},"modified":"2024-08-09T15:28:03","modified_gmt":"2024-08-09T15:28:03","slug":"hair-growth-oil-hair-growth-serum-with-methylene-blue-methylene-blue","status":"publish","type":"product","link":"https:\/\/www.aurorscalartechnology.com\/es\/producto\/hair-growth-oil-hair-growth-serum-with-methylene-blue-methylene-blue\/","title":{"rendered":"Hair growth oil\/hair growth serum with Methylene Blue\/Methylene Blue"},"content":{"rendered":"\t\t<div data-elementor-type=\"wp-post\" data-elementor-id=\"23482\" class=\"elementor elementor-23482 elementor-1283\">\n\t\t\t\t\t\t<section class=\"elementor-section elementor-top-section elementor-element elementor-element-ac98f48 elementor-section-boxed elementor-section-height-default elementor-section-height-default\" data-id=\"ac98f48\" data-element_type=\"section\" data-e-type=\"section\">\n\t\t\t\t\t\t<div class=\"elementor-container elementor-column-gap-default\">\n\t\t\t\t\t<div class=\"elementor-column elementor-col-33 elementor-top-column elementor-element elementor-element-a9c3cf6\" data-id=\"a9c3cf6\" data-element_type=\"column\" data-e-type=\"column\">\n\t\t\t<div class=\"elementor-widget-wrap elementor-element-populated\">\n\t\t\t\t\t\t<div class=\"elementor-element elementor-element-5e343f4 elementor-widget elementor-widget-pressmart-heading\" data-id=\"5e343f4\" data-element_type=\"widget\" data-e-type=\"widget\" data-widget_type=\"pressmart-heading.default\">\n\t\t\t\t<div class=\"elementor-widget-container\">\n\t\t\t\t\t<div id=\"pressmart-header-68644\" class=\"pressmart-element pressmart-heading text-left separator-none separator-between-heading\">\t\n\t\t\t\n\t\t\t<div class=\"heading-wrap\">\n\t\t\t<span class=\"separator-left\"><\/span>\n\t\t\t<h4 class=\"heading-title\">Suero capilar (remedio para el crecimiento del cabello) con azul de metileno para el crecimiento del cabello y un pelo m\u00e1s grueso y sano<\/h4>\t\t\t<span class=\"separator-right\"><\/span>\n\t\t\t\t\t<\/div>\n\t\t\n    <\/div>\t\t\t\t<\/div>\n\t\t\t\t<\/div>\n\t\t\t\t<div class=\"elementor-element elementor-element-93eceae elementor-widget elementor-widget-text-editor\" data-id=\"93eceae\" data-element_type=\"widget\" data-e-type=\"widget\" data-widget_type=\"text-editor.default\">\n\t\t\t\t<div class=\"elementor-widget-container\">\n\t\t\t\t\t\t\t\t\t<p>Este remedio pretende estimular y limpiar el cuero cabelludo para dar m\u00e1s brillo y volumen al cabello y mejorar su estado. Incluso para quienes tienen el pelo ralo o calvo, el cabello puede volver a crecer gradualmente y los resultados pueden verse en un plazo de 2 a 6 meses. Para obtener buenos resultados, utilice el aceite al menos 5-7 veces por semana durante los primeros meses. Se recomienda masajear suavemente las zonas tratadas por la noche antes de acostarse. Por supuesto, el resultado no ser\u00e1 el mismo para todo el mundo, ya que cada persona es diferente y reacciona de forma distinta.<\/p><p>\u00bfC\u00f3mo afecta el aceite\/suero al crecimiento del cabello?<\/p><ul><li>Estimula el crecimiento y el grosor del cabello<\/li><li>Restaura la salud del cabello y del cuero cabelludo<\/li><li>Restaura el cabello seco, da\u00f1ado y quebradizo<\/li><li>Activa el crecimiento del cabello.<\/li><\/ul><p>Si busca una forma natural de estimular el crecimiento del cabello, el azul de metileno y las sustancias mencionadas anteriormente pueden ser la soluci\u00f3n para usted. El azul de metileno es un f\u00e1rmaco utilizado a menudo en medicina para diversos fines, como la tinci\u00f3n de tejidos, el tratamiento de la metahemoglobinemia y como agente antif\u00fangico. Sin embargo, estudios recientes han demostrado que el azul de metileno puede tener efectos beneficiosos sobre el crecimiento del cabello.<\/p><p>Los estudios sugieren que el azul de metileno ayuda a estimular el crecimiento del cabello al aumentar el flujo sangu\u00edneo al cuero cabelludo y estimular la actividad de los fol\u00edculos pilosos.<\/p>\t\t\t\t\t\t\t\t<\/div>\n\t\t\t\t<\/div>\n\t\t\t\t\t<\/div>\n\t\t<\/div>\n\t\t\t\t<div class=\"elementor-column elementor-col-33 elementor-top-column elementor-element elementor-element-ca81899\" data-id=\"ca81899\" data-element_type=\"column\" data-e-type=\"column\">\n\t\t\t<div class=\"elementor-widget-wrap elementor-element-populated\">\n\t\t\t\t\t\t<div class=\"elementor-element elementor-element-9eb8d12 elementor-widget elementor-widget-pressmart-heading\" data-id=\"9eb8d12\" data-element_type=\"widget\" data-e-type=\"widget\" data-widget_type=\"pressmart-heading.default\">\n\t\t\t\t<div class=\"elementor-widget-container\">\n\t\t\t\t\t<div id=\"pressmart-header-97646\" class=\"pressmart-element pressmart-heading text-left separator-none separator-between-heading\">\t\n\t\t\t\n\t\t\t<div class=\"heading-wrap\">\n\t\t\t<span class=\"separator-left\"><\/span>\n\t\t\t<h4 class=\"heading-title\">\u00bfQu\u00e9 es el azul de metileno?<\/h4>\t\t\t<span class=\"separator-right\"><\/span>\n\t\t\t\t\t<\/div>\n\t\t\n    <\/div>\t\t\t\t<\/div>\n\t\t\t\t<\/div>\n\t\t\t\t<div class=\"elementor-element elementor-element-7312084 elementor-widget elementor-widget-text-editor\" data-id=\"7312084\" data-element_type=\"widget\" data-e-type=\"widget\" data-widget_type=\"text-editor.default\">\n\t\t\t\t<div class=\"elementor-widget-container\">\n\t\t\t\t\t\t\t\t\t<p>El azul de metileno es un colorante sint\u00e9tico, inodoro y no t\u00f3xico que se ha utilizado con diversos fines, como f\u00e1rmaco, colorante de laboratorio y colorante industrial. Es un derivado de la fenotiazina que contiene un anillo de tiazina y suele ser de color azul. Debido a sus propiedades \u00fanicas y a sus diversos usos, el azul de metileno es cada vez m\u00e1s popular en diversos campos, como la est\u00e9tica y la sanidad.<\/p>\t\t\t\t\t\t\t\t<\/div>\n\t\t\t\t<\/div>\n\t\t\t\t<div class=\"elementor-element elementor-element-ca08910 elementor-widget elementor-widget-pressmart-heading\" data-id=\"ca08910\" data-element_type=\"widget\" data-e-type=\"widget\" data-widget_type=\"pressmart-heading.default\">\n\t\t\t\t<div class=\"elementor-widget-container\">\n\t\t\t\t\t<div id=\"pressmart-header-7630\" class=\"pressmart-element pressmart-heading text-left separator-none separator-between-heading\">\t\n\t\t\t\n\t\t\t<div class=\"heading-wrap\">\n\t\t\t<span class=\"separator-left\"><\/span>\n\t\t\t<h4 class=\"heading-title\">\u00bfC\u00f3mo favorece el azul de metileno el crecimiento del cabello?<\/h4>\t\t\t<span class=\"separator-right\"><\/span>\n\t\t\t\t\t<\/div>\n\t\t\n    <\/div>\t\t\t\t<\/div>\n\t\t\t\t<\/div>\n\t\t\t\t<div class=\"elementor-element elementor-element-a0a335d elementor-widget elementor-widget-text-editor\" data-id=\"a0a335d\" data-element_type=\"widget\" data-e-type=\"widget\" data-widget_type=\"text-editor.default\">\n\t\t\t\t<div class=\"elementor-widget-container\">\n\t\t\t\t\t\t\t\t\t<p>El azul de metileno es un compuesto qu\u00edmico vers\u00e1til con aplicaciones en diversas \u00e1reas de investigaci\u00f3n. Estudios recientes han demostrado que el azul de metileno tambi\u00e9n tiene propiedades que favorecen el crecimiento y la restauraci\u00f3n del cabello. Pero, \u00bfc\u00f3mo consigue el azul de metileno estos resultados?<\/p>\t\t\t\t\t\t\t\t<\/div>\n\t\t\t\t<\/div>\n\t\t\t\t\t<\/div>\n\t\t<\/div>\n\t\t\t\t<div class=\"elementor-column elementor-col-33 elementor-top-column elementor-element elementor-element-c29160e\" data-id=\"c29160e\" data-element_type=\"column\" data-e-type=\"column\">\n\t\t\t<div class=\"elementor-widget-wrap elementor-element-populated\">\n\t\t\t\t\t\t<div class=\"elementor-element elementor-element-cb727b6 elementor-widget elementor-widget-pressmart-heading\" data-id=\"cb727b6\" data-element_type=\"widget\" data-e-type=\"widget\" data-widget_type=\"pressmart-heading.default\">\n\t\t\t\t<div class=\"elementor-widget-container\">\n\t\t\t\t\t<div id=\"pressmart-header-66615\" class=\"pressmart-element pressmart-heading text-left separator-none separator-between-heading\">\t\n\t\t\t\n\t\t\t<div class=\"heading-wrap\">\n\t\t\t<span class=\"separator-left\"><\/span>\n\t\t\t<h4 class=\"heading-title\">Estimula los fol\u00edculos pilosos<\/h4>\t\t\t<span class=\"separator-right\"><\/span>\n\t\t\t\t\t<\/div>\n\t\t\n    <\/div>\t\t\t\t<\/div>\n\t\t\t\t<\/div>\n\t\t\t\t<div class=\"elementor-element elementor-element-019da56 elementor-widget elementor-widget-text-editor\" data-id=\"019da56\" data-element_type=\"widget\" data-e-type=\"widget\" data-widget_type=\"text-editor.default\">\n\t\t\t\t<div class=\"elementor-widget-container\">\n\t\t\t\t\t\t\t\t\t<p>El azul de metileno estimula los fol\u00edculos pilosos aumentando la producci\u00f3n de trifosfato de adenosina (ATP), la mol\u00e9cula responsable de suministrar energ\u00eda a las c\u00e9lulas. Al aumentar los niveles de ATP en los fol\u00edculos pilosos, el azul de metileno favorece el metabolismo celular, lo que conduce a un mayor crecimiento del cabello.<br \/>Adem\u00e1s, el compuesto tambi\u00e9n aumenta la producci\u00f3n de especies reactivas de ox\u00edgeno (ROS), que se sabe que favorecen el crecimiento del pelo. Las mol\u00e9culas ROS ayudan a crear un entorno ideal para el crecimiento del cabello al promover la actividad antioxidante y reducir el estr\u00e9s oxidativo, que puede inhibir el crecimiento y la regeneraci\u00f3n de los fol\u00edculos pilosos.<\/p>\t\t\t\t\t\t\t\t<\/div>\n\t\t\t\t<\/div>\n\t\t\t\t\t<\/div>\n\t\t<\/div>\n\t\t\t\t\t<\/div>\n\t\t<\/section>\n\t\t\t\t<\/div>\n\t\t","protected":false},"excerpt":{"rendered":"<p>Aceite\/suero para el crecimiento del cabello<br \/>\n&#8211; Estimula el crecimiento y el grosor del cabello<br \/>\n&#8211; Restaura la salud del cabello y del cuero cabelludo<br \/>\n&#8211; Restaura el cabello seco, da\u00f1ado y quebradizo<br \/>\n&#8211; Activa el crecimiento del cabello.<br \/>\nIngredientes suero para el crecimiento del cabello<br \/>\nPetr\u00f3leo, azul de metileno, niacinamida, cafe\u00edna, vaselina, aceite de jojoba, alcanfor, aceite de arg\u00e1n, carb\u00f3n\/carb\u00f3n y aceite de almendras.<\/p>\n","protected":false},"featured_media":19872,"template":"","meta":[],"product_cat":[382,281],"product_tag":[],"class_list":{"0":"post-23482","1":"product","2":"type-product","3":"status-publish","4":"has-post-thumbnail","6":"product_cat-producto-para-el-crecimiento-del-cabello","7":"product_cat-todos-los-productos","8":"product_shipping_class-post-pakket-es","10":"first","11":"instock","12":"taxable","13":"shipping-taxable","14":"purchasable","15":"product-type-variable"},"yoast_head":"<!-- This site is optimized with the Yoast SEO plugin v27.4 - https:\/\/yoast.com\/product\/yoast-seo-wordpress\/ -->\n<title>Hair growth oil\/hair growth serum with Methylene Blue\/Methylene Blue - Auror Scalar Technology<\/title>\n<meta name=\"robots\" content=\"index, follow, max-snippet:-1, max-image-preview:large, max-video-preview:-1\" \/>\n<link rel=\"canonical\" href=\"https:\/\/www.aurorscalartechnology.com\/es\/producto\/hair-growth-oil-hair-growth-serum-with-methylene-blue-methylene-blue\/\" \/>\n<meta property=\"og:locale\" content=\"es_ES\" \/>\n<meta property=\"og:type\" content=\"article\" \/>\n<meta property=\"og:title\" content=\"Hair growth oil\/hair growth serum with Methylene Blue\/Methylene Blue - Auror Scalar Technology\" \/>\n<meta property=\"og:description\" content=\"Aceite\/suero para el crecimiento del cabello - Estimula el crecimiento y el grosor del cabello - Restaura la salud del cabello y del cuero cabelludo - Restaura el cabello seco, da\u00f1ado y quebradizo - Activa el crecimiento del cabello. Ingredientes suero para el crecimiento del cabello Petr\u00f3leo, azul de metileno, niacinamida, cafe\u00edna, vaselina, aceite de jojoba, alcanfor, aceite de arg\u00e1n, carb\u00f3n\/carb\u00f3n y aceite de almendras.\" \/>\n<meta property=\"og:url\" content=\"https:\/\/www.aurorscalartechnology.com\/es\/producto\/hair-growth-oil-hair-growth-serum-with-methylene-blue-methylene-blue\/\" \/>\n<meta property=\"og:site_name\" content=\"Auror Scalar Technology\" \/>\n<meta property=\"article:modified_time\" content=\"2024-08-09T15:28:03+00:00\" \/>\n<meta property=\"og:image\" content=\"https:\/\/www.aurorscalartechnology.com\/wp-content\/uploads\/2023\/08\/Haargroei-scaled.jpg\" \/>\n\t<meta property=\"og:image:width\" content=\"1877\" \/>\n\t<meta property=\"og:image:height\" content=\"2560\" \/>\n\t<meta property=\"og:image:type\" content=\"image\/jpeg\" \/>\n<meta name=\"twitter:card\" content=\"summary_large_image\" \/>\n<meta name=\"twitter:label1\" content=\"Tiempo de lectura\" \/>\n\t<meta name=\"twitter:data1\" content=\"3 minutos\" \/>\n<script type=\"application\/ld+json\" class=\"yoast-schema-graph\">{\"@context\":\"https:\\\/\\\/schema.org\",\"@graph\":[{\"@type\":\"WebPage\",\"@id\":\"https:\\\/\\\/www.aurorscalartechnology.com\\\/es\\\/producto\\\/hair-growth-oil-hair-growth-serum-with-methylene-blue-methylene-blue\\\/\",\"url\":\"https:\\\/\\\/www.aurorscalartechnology.com\\\/es\\\/producto\\\/hair-growth-oil-hair-growth-serum-with-methylene-blue-methylene-blue\\\/\",\"name\":\"Hair growth oil\\\/hair growth serum with Methylene Blue\\\/Methylene Blue - Auror Scalar Technology\",\"isPartOf\":{\"@id\":\"https:\\\/\\\/www.aurorscalartechnology.com\\\/es\\\/#website\"},\"primaryImageOfPage\":{\"@id\":\"https:\\\/\\\/www.aurorscalartechnology.com\\\/es\\\/producto\\\/hair-growth-oil-hair-growth-serum-with-methylene-blue-methylene-blue\\\/#primaryimage\"},\"image\":{\"@id\":\"https:\\\/\\\/www.aurorscalartechnology.com\\\/es\\\/producto\\\/hair-growth-oil-hair-growth-serum-with-methylene-blue-methylene-blue\\\/#primaryimage\"},\"thumbnailUrl\":\"https:\\\/\\\/www.aurorscalartechnology.com\\\/wp-content\\\/uploads\\\/2023\\\/08\\\/Haargroei-scaled.jpg\",\"datePublished\":\"2023-08-08T08:44:57+00:00\",\"dateModified\":\"2024-08-09T15:28:03+00:00\",\"breadcrumb\":{\"@id\":\"https:\\\/\\\/www.aurorscalartechnology.com\\\/es\\\/producto\\\/hair-growth-oil-hair-growth-serum-with-methylene-blue-methylene-blue\\\/#breadcrumb\"},\"inLanguage\":\"es\",\"potentialAction\":[{\"@type\":\"ReadAction\",\"target\":[\"https:\\\/\\\/www.aurorscalartechnology.com\\\/es\\\/producto\\\/hair-growth-oil-hair-growth-serum-with-methylene-blue-methylene-blue\\\/\"]}]},{\"@type\":\"ImageObject\",\"inLanguage\":\"es\",\"@id\":\"https:\\\/\\\/www.aurorscalartechnology.com\\\/es\\\/producto\\\/hair-growth-oil-hair-growth-serum-with-methylene-blue-methylene-blue\\\/#primaryimage\",\"url\":\"https:\\\/\\\/www.aurorscalartechnology.com\\\/wp-content\\\/uploads\\\/2023\\\/08\\\/Haargroei-scaled.jpg\",\"contentUrl\":\"https:\\\/\\\/www.aurorscalartechnology.com\\\/wp-content\\\/uploads\\\/2023\\\/08\\\/Haargroei-scaled.jpg\",\"width\":1877,\"height\":2560},{\"@type\":\"BreadcrumbList\",\"@id\":\"https:\\\/\\\/www.aurorscalartechnology.com\\\/es\\\/producto\\\/hair-growth-oil-hair-growth-serum-with-methylene-blue-methylene-blue\\\/#breadcrumb\",\"itemListElement\":[{\"@type\":\"ListItem\",\"position\":1,\"name\":\"Home\",\"item\":\"https:\\\/\\\/www.aurorscalartechnology.com\\\/es\\\/\"},{\"@type\":\"ListItem\",\"position\":2,\"name\":\"Tienda\",\"item\":\"https:\\\/\\\/www.aurorscalartechnology.com\\\/es\\\/tienda\\\/\"},{\"@type\":\"ListItem\",\"position\":3,\"name\":\"Hair growth oil\\\/hair growth serum with Methylene Blue\\\/Methylene Blue\"}]},{\"@type\":\"WebSite\",\"@id\":\"https:\\\/\\\/www.aurorscalartechnology.com\\\/es\\\/#website\",\"url\":\"https:\\\/\\\/www.aurorscalartechnology.com\\\/es\\\/\",\"name\":\"Auror Scalar Technology\",\"description\":\"\",\"potentialAction\":[{\"@type\":\"SearchAction\",\"target\":{\"@type\":\"EntryPoint\",\"urlTemplate\":\"https:\\\/\\\/www.aurorscalartechnology.com\\\/es\\\/?s={search_term_string}\"},\"query-input\":{\"@type\":\"PropertyValueSpecification\",\"valueRequired\":true,\"valueName\":\"search_term_string\"}}],\"inLanguage\":\"es\"}]}<\/script>\n<!-- \/ Yoast SEO plugin. -->","yoast_head_json":{"title":"Hair growth oil\/hair growth serum with Methylene Blue\/Methylene Blue - Auror Scalar Technology","robots":{"index":"index","follow":"follow","max-snippet":"max-snippet:-1","max-image-preview":"max-image-preview:large","max-video-preview":"max-video-preview:-1"},"canonical":"https:\/\/www.aurorscalartechnology.com\/es\/producto\/hair-growth-oil-hair-growth-serum-with-methylene-blue-methylene-blue\/","og_locale":"es_ES","og_type":"article","og_title":"Hair growth oil\/hair growth serum with Methylene Blue\/Methylene Blue - Auror Scalar Technology","og_description":"Aceite\/suero para el crecimiento del cabello - Estimula el crecimiento y el grosor del cabello - Restaura la salud del cabello y del cuero cabelludo - Restaura el cabello seco, da\u00f1ado y quebradizo - Activa el crecimiento del cabello. Ingredientes suero para el crecimiento del cabello Petr\u00f3leo, azul de metileno, niacinamida, cafe\u00edna, vaselina, aceite de jojoba, alcanfor, aceite de arg\u00e1n, carb\u00f3n\/carb\u00f3n y aceite de almendras.","og_url":"https:\/\/www.aurorscalartechnology.com\/es\/producto\/hair-growth-oil-hair-growth-serum-with-methylene-blue-methylene-blue\/","og_site_name":"Auror Scalar Technology","article_modified_time":"2024-08-09T15:28:03+00:00","og_image":[{"width":1877,"height":2560,"url":"https:\/\/www.aurorscalartechnology.com\/wp-content\/uploads\/2023\/08\/Haargroei-scaled.jpg","type":"image\/jpeg"}],"twitter_card":"summary_large_image","twitter_misc":{"Tiempo de lectura":"3 minutos"},"schema":{"@context":"https:\/\/schema.org","@graph":[{"@type":"WebPage","@id":"https:\/\/www.aurorscalartechnology.com\/es\/producto\/hair-growth-oil-hair-growth-serum-with-methylene-blue-methylene-blue\/","url":"https:\/\/www.aurorscalartechnology.com\/es\/producto\/hair-growth-oil-hair-growth-serum-with-methylene-blue-methylene-blue\/","name":"Hair growth oil\/hair growth serum with Methylene Blue\/Methylene Blue - Auror Scalar Technology","isPartOf":{"@id":"https:\/\/www.aurorscalartechnology.com\/es\/#website"},"primaryImageOfPage":{"@id":"https:\/\/www.aurorscalartechnology.com\/es\/producto\/hair-growth-oil-hair-growth-serum-with-methylene-blue-methylene-blue\/#primaryimage"},"image":{"@id":"https:\/\/www.aurorscalartechnology.com\/es\/producto\/hair-growth-oil-hair-growth-serum-with-methylene-blue-methylene-blue\/#primaryimage"},"thumbnailUrl":"https:\/\/www.aurorscalartechnology.com\/wp-content\/uploads\/2023\/08\/Haargroei-scaled.jpg","datePublished":"2023-08-08T08:44:57+00:00","dateModified":"2024-08-09T15:28:03+00:00","breadcrumb":{"@id":"https:\/\/www.aurorscalartechnology.com\/es\/producto\/hair-growth-oil-hair-growth-serum-with-methylene-blue-methylene-blue\/#breadcrumb"},"inLanguage":"es","potentialAction":[{"@type":"ReadAction","target":["https:\/\/www.aurorscalartechnology.com\/es\/producto\/hair-growth-oil-hair-growth-serum-with-methylene-blue-methylene-blue\/"]}]},{"@type":"ImageObject","inLanguage":"es","@id":"https:\/\/www.aurorscalartechnology.com\/es\/producto\/hair-growth-oil-hair-growth-serum-with-methylene-blue-methylene-blue\/#primaryimage","url":"https:\/\/www.aurorscalartechnology.com\/wp-content\/uploads\/2023\/08\/Haargroei-scaled.jpg","contentUrl":"https:\/\/www.aurorscalartechnology.com\/wp-content\/uploads\/2023\/08\/Haargroei-scaled.jpg","width":1877,"height":2560},{"@type":"BreadcrumbList","@id":"https:\/\/www.aurorscalartechnology.com\/es\/producto\/hair-growth-oil-hair-growth-serum-with-methylene-blue-methylene-blue\/#breadcrumb","itemListElement":[{"@type":"ListItem","position":1,"name":"Home","item":"https:\/\/www.aurorscalartechnology.com\/es\/"},{"@type":"ListItem","position":2,"name":"Tienda","item":"https:\/\/www.aurorscalartechnology.com\/es\/tienda\/"},{"@type":"ListItem","position":3,"name":"Hair growth oil\/hair growth serum with Methylene Blue\/Methylene Blue"}]},{"@type":"WebSite","@id":"https:\/\/www.aurorscalartechnology.com\/es\/#website","url":"https:\/\/www.aurorscalartechnology.com\/es\/","name":"Auror Scalar Technology","description":"","potentialAction":[{"@type":"SearchAction","target":{"@type":"EntryPoint","urlTemplate":"https:\/\/www.aurorscalartechnology.com\/es\/?s={search_term_string}"},"query-input":{"@type":"PropertyValueSpecification","valueRequired":true,"valueName":"search_term_string"}}],"inLanguage":"es"}]}},"_links":{"self":[{"href":"https:\/\/www.aurorscalartechnology.com\/es\/wp-json\/wp\/v2\/product\/23482","targetHints":{"allow":["GET"]}}],"collection":[{"href":"https:\/\/www.aurorscalartechnology.com\/es\/wp-json\/wp\/v2\/product"}],"about":[{"href":"https:\/\/www.aurorscalartechnology.com\/es\/wp-json\/wp\/v2\/types\/product"}],"version-history":[{"count":4,"href":"https:\/\/www.aurorscalartechnology.com\/es\/wp-json\/wp\/v2\/product\/23482\/revisions"}],"predecessor-version":[{"id":23488,"href":"https:\/\/www.aurorscalartechnology.com\/es\/wp-json\/wp\/v2\/product\/23482\/revisions\/23488"}],"wp:featuredmedia":[{"embeddable":true,"href":"https:\/\/www.aurorscalartechnology.com\/es\/wp-json\/wp\/v2\/media\/19872"}],"wp:attachment":[{"href":"https:\/\/www.aurorscalartechnology.com\/es\/wp-json\/wp\/v2\/media?parent=23482"}],"wp:term":[{"taxonomy":"product_cat","embeddable":true,"href":"https:\/\/www.aurorscalartechnology.com\/es\/wp-json\/wp\/v2\/product_cat?post=23482"},{"taxonomy":"product_tag","embeddable":true,"href":"https:\/\/www.aurorscalartechnology.com\/es\/wp-json\/wp\/v2\/product_tag?post=23482"}],"curies":[{"name":"wp","href":"https:\/\/api.w.org\/{rel}","templated":true}]}}