{"id":24201,"date":"2024-11-21T12:46:32","date_gmt":"2024-11-21T12:46:32","guid":{"rendered":"https:\/\/www.aurorscalartechnology.com\/?post_type=product&#038;p=24201"},"modified":"2024-11-21T12:53:26","modified_gmt":"2024-11-21T12:53:26","slug":"suplemento-potenciador-mineral-kopie","status":"publish","type":"product","link":"https:\/\/www.aurorscalartechnology.com\/es\/producto\/suplemento-potenciador-mineral-kopie\/","title":{"rendered":"Suplemento potenciador mineral (kopie)"},"content":{"rendered":"<p>Suplemento potenciador mineral Auror Scalar Technology<\/p>\n<p>&nbsp;<\/p>\n<p>Un complemento que elimina y rejuvenece las carencias. Esta es la mejor manera de resumir el efecto de este potenciador mineral \u00fanico. Auror Scalar Technology responde a los riesgos de nuestro tiempo con el suplemento. Vivimos en un mundo donde la gente experimenta demasiado estr\u00e9s. No s\u00f3lo por factores externos, el estr\u00e9s emocional, como el miedo, las preocupaciones y la tristeza, tambi\u00e9n repercuten en el organismo. Seg\u00fan la ciencia, el cuerpo debe estar relajado ocho de cada diez horas. Para la mayor\u00eda de las personas, la relaci\u00f3n entre descanso y tensi\u00f3n es invertida. El estr\u00e9s se ha vuelto cr\u00f3nico. Esto significa que el cuerpo no puede recuperarse lo suficiente y se comete una sobreexplotaci\u00f3n. Las reservas utilizadas ya no se reponen. La nutrici\u00f3n normal se queda corta.<\/p>\n<p>El suplemento potenciador de minerales Auror Scalar Technology ha sido desarrollado para obtener las sustancias que devuelven al organismo su equilibrio natural.<\/p>\n<p>Junto con la F\u00f3rmula HVR contiene todos los minerales que el cuerpo no produce por s\u00ed mismo, pero s\u00ed necesita.<\/p>\n<p>Al igual que con HVR, los metales de este refuerzo se han a\u00f1adido en forma coloidal, para que el cuerpo absorba las sustancias sin esfuerzo.<\/p>\n<p>Lo cual es especialmente importante con el cobalto; el ingrediente activo de la vitamina B12. Una cuarta parte de la poblaci\u00f3n holandesa sufre una deficiencia de vitamina B12, lo que provoca anemia. Si el cobalto coloidal se administra en la dosis adecuada, tiene un efecto s\u00faper rejuvenecedor. Incluso tiene un efecto rejuvenecedor m\u00e1s fuerte que el oro. Al igual que el manganeso, que tambi\u00e9n se ha a\u00f1adido a este refuerzo. Por tanto, estas sustancias garantizan tanto la recuperaci\u00f3n como el rejuvenecimiento del organismo.<\/p>\n<p>Ese rejuvenecimiento llega al nivel m\u00e1s profundo. Las c\u00e9lulas vuelven a su estado original con este bombardeo mineral y el ADN tambi\u00e9n se recupera. Esto da fuerza y \u200b\u200bproporciona rejuvenecimiento tanto interior como exterior. Piense en una piel suave, un cabello m\u00e1s grueso y una apariencia joven y saludable.<\/p>\n<p>Un cuerpo en el que todas las vitaminas, minerales y oligoelementos est\u00e1n en el nivel adecuado, tambi\u00e9n hay m\u00e1s claridad mental y una sensaci\u00f3n de relajaci\u00f3n y bienestar.<\/p>\n<p>La combinaci\u00f3n equilibrada de minerales y oligoelementos tambi\u00e9n fortalece el sistema inmunol\u00f3gico. Esto hace innecesaria la desintoxicaci\u00f3n del organismo. El refuerzo fortalece tanto el sistema inmunol\u00f3gico que el cuerpo se limpia y previene enfermedades. Con la combinaci\u00f3n de la f\u00f3rmula HVR y el complejo mineral, se lograr\u00e1 un rejuvenecimiento a\u00fan m\u00e1s r\u00e1pido. Se puede suponer que cualquier persona que tenga o tenga canas sufre de una deficiencia de minerales. Este producto junto con la F\u00f3rmula HVR funciona bien contra las canas y la flacidez de la piel y existe una buena posibilidad de que las canas recuperen su color original.<\/p>\n<p>No se encuentra disponible en ning\u00fan otro lugar un suplemento nutricional de minerales\/oligoelementos m\u00e1s completo y eficaz.<\/p>\n","protected":false},"excerpt":{"rendered":"<p>Complejo mineral coloidal<br \/>\nProducto anterior<\/p>\n<p>Descripci\u00f3n<br \/>\nCobre coloidal, hierro, zinc, tantalio, esta\u00f1o, indio, manganeso, cromo y cobalto. (todo 99,99% puro y coloidal). La experiencia es que cualquier persona que tenga canas tiene una deficiencia de minerales y oligoelementos, por lo que tambi\u00e9n puede recuperar su color de cabello original. Y si piensas un poco m\u00e1s all\u00e1 de tu nariz, te dar\u00e1s cuenta de que el proceso de regeneraci\u00f3n (rejuvenecimiento) ha comenzado y tendr\u00e1 un efecto positivo en todos los frentes tanto del cuerpo como de la mente. Para lograr los mejores resultados, se recomienda utilizar tambi\u00e9n la F\u00f3rmula HVR. El precio de 200 ml es 100,00\u20ac<\/p>\n","protected":false},"featured_media":22686,"template":"","meta":[],"product_cat":[281],"product_tag":[],"class_list":{"0":"post-24201","1":"product","2":"type-product","3":"status-publish","4":"has-post-thumbnail","6":"product_cat-todos-los-productos","8":"first","9":"instock","10":"shipping-taxable","11":"purchasable","12":"product-type-variable"},"yoast_head":"<!-- This site is optimized with the Yoast SEO plugin v27.4 - https:\/\/yoast.com\/product\/yoast-seo-wordpress\/ -->\n<title>Suplemento potenciador mineral (kopie) - Auror Scalar Technology<\/title>\n<meta name=\"robots\" content=\"index, follow, max-snippet:-1, max-image-preview:large, max-video-preview:-1\" \/>\n<link rel=\"canonical\" href=\"https:\/\/www.aurorscalartechnology.com\/es\/producto\/suplemento-potenciador-mineral-kopie\/\" \/>\n<meta property=\"og:locale\" content=\"es_ES\" \/>\n<meta property=\"og:type\" content=\"article\" \/>\n<meta property=\"og:title\" content=\"Suplemento potenciador mineral (kopie) - Auror Scalar Technology\" \/>\n<meta property=\"og:description\" content=\"Complejo mineral coloidal Producto anterior  Descripci\u00f3n Cobre coloidal, hierro, zinc, tantalio, esta\u00f1o, indio, manganeso, cromo y cobalto. (todo 99,99% puro y coloidal). La experiencia es que cualquier persona que tenga canas tiene una deficiencia de minerales y oligoelementos, por lo que tambi\u00e9n puede recuperar su color de cabello original. Y si piensas un poco m\u00e1s all\u00e1 de tu nariz, te dar\u00e1s cuenta de que el proceso de regeneraci\u00f3n (rejuvenecimiento) ha comenzado y tendr\u00e1 un efecto positivo en todos los frentes tanto del cuerpo como de la mente. Para lograr los mejores resultados, se recomienda utilizar tambi\u00e9n la F\u00f3rmula HVR. El precio de 200 ml es 100,00\u20ac\" \/>\n<meta property=\"og:url\" content=\"https:\/\/www.aurorscalartechnology.com\/es\/producto\/suplemento-potenciador-mineral-kopie\/\" \/>\n<meta property=\"og:site_name\" content=\"Auror Scalar Technology\" \/>\n<meta property=\"article:modified_time\" content=\"2024-11-21T12:53:26+00:00\" \/>\n<meta property=\"og:image\" content=\"https:\/\/www.aurorscalartechnology.com\/wp-content\/uploads\/2024\/05\/21a-scaled.jpg\" \/>\n\t<meta property=\"og:image:width\" content=\"1855\" \/>\n\t<meta property=\"og:image:height\" content=\"2560\" \/>\n\t<meta property=\"og:image:type\" content=\"image\/jpeg\" \/>\n<meta name=\"twitter:card\" content=\"summary_large_image\" \/>\n<meta name=\"twitter:label1\" content=\"Tiempo de lectura\" \/>\n\t<meta name=\"twitter:data1\" content=\"3 minutos\" \/>\n<script type=\"application\/ld+json\" class=\"yoast-schema-graph\">{\"@context\":\"https:\\\/\\\/schema.org\",\"@graph\":[{\"@type\":\"WebPage\",\"@id\":\"https:\\\/\\\/www.aurorscalartechnology.com\\\/es\\\/producto\\\/suplemento-potenciador-mineral-kopie\\\/\",\"url\":\"https:\\\/\\\/www.aurorscalartechnology.com\\\/es\\\/producto\\\/suplemento-potenciador-mineral-kopie\\\/\",\"name\":\"Suplemento potenciador mineral (kopie) - Auror Scalar Technology\",\"isPartOf\":{\"@id\":\"https:\\\/\\\/www.aurorscalartechnology.com\\\/es\\\/#website\"},\"primaryImageOfPage\":{\"@id\":\"https:\\\/\\\/www.aurorscalartechnology.com\\\/es\\\/producto\\\/suplemento-potenciador-mineral-kopie\\\/#primaryimage\"},\"image\":{\"@id\":\"https:\\\/\\\/www.aurorscalartechnology.com\\\/es\\\/producto\\\/suplemento-potenciador-mineral-kopie\\\/#primaryimage\"},\"thumbnailUrl\":\"https:\\\/\\\/www.aurorscalartechnology.com\\\/wp-content\\\/uploads\\\/2024\\\/05\\\/21a-scaled.jpg\",\"datePublished\":\"2024-11-21T12:46:32+00:00\",\"dateModified\":\"2024-11-21T12:53:26+00:00\",\"breadcrumb\":{\"@id\":\"https:\\\/\\\/www.aurorscalartechnology.com\\\/es\\\/producto\\\/suplemento-potenciador-mineral-kopie\\\/#breadcrumb\"},\"inLanguage\":\"es\",\"potentialAction\":[{\"@type\":\"ReadAction\",\"target\":[\"https:\\\/\\\/www.aurorscalartechnology.com\\\/es\\\/producto\\\/suplemento-potenciador-mineral-kopie\\\/\"]}]},{\"@type\":\"ImageObject\",\"inLanguage\":\"es\",\"@id\":\"https:\\\/\\\/www.aurorscalartechnology.com\\\/es\\\/producto\\\/suplemento-potenciador-mineral-kopie\\\/#primaryimage\",\"url\":\"https:\\\/\\\/www.aurorscalartechnology.com\\\/wp-content\\\/uploads\\\/2024\\\/05\\\/21a-scaled.jpg\",\"contentUrl\":\"https:\\\/\\\/www.aurorscalartechnology.com\\\/wp-content\\\/uploads\\\/2024\\\/05\\\/21a-scaled.jpg\",\"width\":1855,\"height\":2560},{\"@type\":\"BreadcrumbList\",\"@id\":\"https:\\\/\\\/www.aurorscalartechnology.com\\\/es\\\/producto\\\/suplemento-potenciador-mineral-kopie\\\/#breadcrumb\",\"itemListElement\":[{\"@type\":\"ListItem\",\"position\":1,\"name\":\"Home\",\"item\":\"https:\\\/\\\/www.aurorscalartechnology.com\\\/es\\\/\"},{\"@type\":\"ListItem\",\"position\":2,\"name\":\"Tienda\",\"item\":\"https:\\\/\\\/www.aurorscalartechnology.com\\\/es\\\/tienda\\\/\"},{\"@type\":\"ListItem\",\"position\":3,\"name\":\"Suplemento potenciador mineral (kopie)\"}]},{\"@type\":\"WebSite\",\"@id\":\"https:\\\/\\\/www.aurorscalartechnology.com\\\/es\\\/#website\",\"url\":\"https:\\\/\\\/www.aurorscalartechnology.com\\\/es\\\/\",\"name\":\"Auror Scalar Technology\",\"description\":\"\",\"potentialAction\":[{\"@type\":\"SearchAction\",\"target\":{\"@type\":\"EntryPoint\",\"urlTemplate\":\"https:\\\/\\\/www.aurorscalartechnology.com\\\/es\\\/?s={search_term_string}\"},\"query-input\":{\"@type\":\"PropertyValueSpecification\",\"valueRequired\":true,\"valueName\":\"search_term_string\"}}],\"inLanguage\":\"es\"}]}<\/script>\n<!-- \/ Yoast SEO plugin. -->","yoast_head_json":{"title":"Suplemento potenciador mineral (kopie) - Auror Scalar Technology","robots":{"index":"index","follow":"follow","max-snippet":"max-snippet:-1","max-image-preview":"max-image-preview:large","max-video-preview":"max-video-preview:-1"},"canonical":"https:\/\/www.aurorscalartechnology.com\/es\/producto\/suplemento-potenciador-mineral-kopie\/","og_locale":"es_ES","og_type":"article","og_title":"Suplemento potenciador mineral (kopie) - Auror Scalar Technology","og_description":"Complejo mineral coloidal Producto anterior  Descripci\u00f3n Cobre coloidal, hierro, zinc, tantalio, esta\u00f1o, indio, manganeso, cromo y cobalto. (todo 99,99% puro y coloidal). La experiencia es que cualquier persona que tenga canas tiene una deficiencia de minerales y oligoelementos, por lo que tambi\u00e9n puede recuperar su color de cabello original. Y si piensas un poco m\u00e1s all\u00e1 de tu nariz, te dar\u00e1s cuenta de que el proceso de regeneraci\u00f3n (rejuvenecimiento) ha comenzado y tendr\u00e1 un efecto positivo en todos los frentes tanto del cuerpo como de la mente. Para lograr los mejores resultados, se recomienda utilizar tambi\u00e9n la F\u00f3rmula HVR. El precio de 200 ml es 100,00\u20ac","og_url":"https:\/\/www.aurorscalartechnology.com\/es\/producto\/suplemento-potenciador-mineral-kopie\/","og_site_name":"Auror Scalar Technology","article_modified_time":"2024-11-21T12:53:26+00:00","og_image":[{"width":1855,"height":2560,"url":"https:\/\/www.aurorscalartechnology.com\/wp-content\/uploads\/2024\/05\/21a-scaled.jpg","type":"image\/jpeg"}],"twitter_card":"summary_large_image","twitter_misc":{"Tiempo de lectura":"3 minutos"},"schema":{"@context":"https:\/\/schema.org","@graph":[{"@type":"WebPage","@id":"https:\/\/www.aurorscalartechnology.com\/es\/producto\/suplemento-potenciador-mineral-kopie\/","url":"https:\/\/www.aurorscalartechnology.com\/es\/producto\/suplemento-potenciador-mineral-kopie\/","name":"Suplemento potenciador mineral (kopie) - Auror Scalar Technology","isPartOf":{"@id":"https:\/\/www.aurorscalartechnology.com\/es\/#website"},"primaryImageOfPage":{"@id":"https:\/\/www.aurorscalartechnology.com\/es\/producto\/suplemento-potenciador-mineral-kopie\/#primaryimage"},"image":{"@id":"https:\/\/www.aurorscalartechnology.com\/es\/producto\/suplemento-potenciador-mineral-kopie\/#primaryimage"},"thumbnailUrl":"https:\/\/www.aurorscalartechnology.com\/wp-content\/uploads\/2024\/05\/21a-scaled.jpg","datePublished":"2024-11-21T12:46:32+00:00","dateModified":"2024-11-21T12:53:26+00:00","breadcrumb":{"@id":"https:\/\/www.aurorscalartechnology.com\/es\/producto\/suplemento-potenciador-mineral-kopie\/#breadcrumb"},"inLanguage":"es","potentialAction":[{"@type":"ReadAction","target":["https:\/\/www.aurorscalartechnology.com\/es\/producto\/suplemento-potenciador-mineral-kopie\/"]}]},{"@type":"ImageObject","inLanguage":"es","@id":"https:\/\/www.aurorscalartechnology.com\/es\/producto\/suplemento-potenciador-mineral-kopie\/#primaryimage","url":"https:\/\/www.aurorscalartechnology.com\/wp-content\/uploads\/2024\/05\/21a-scaled.jpg","contentUrl":"https:\/\/www.aurorscalartechnology.com\/wp-content\/uploads\/2024\/05\/21a-scaled.jpg","width":1855,"height":2560},{"@type":"BreadcrumbList","@id":"https:\/\/www.aurorscalartechnology.com\/es\/producto\/suplemento-potenciador-mineral-kopie\/#breadcrumb","itemListElement":[{"@type":"ListItem","position":1,"name":"Home","item":"https:\/\/www.aurorscalartechnology.com\/es\/"},{"@type":"ListItem","position":2,"name":"Tienda","item":"https:\/\/www.aurorscalartechnology.com\/es\/tienda\/"},{"@type":"ListItem","position":3,"name":"Suplemento potenciador mineral (kopie)"}]},{"@type":"WebSite","@id":"https:\/\/www.aurorscalartechnology.com\/es\/#website","url":"https:\/\/www.aurorscalartechnology.com\/es\/","name":"Auror Scalar Technology","description":"","potentialAction":[{"@type":"SearchAction","target":{"@type":"EntryPoint","urlTemplate":"https:\/\/www.aurorscalartechnology.com\/es\/?s={search_term_string}"},"query-input":{"@type":"PropertyValueSpecification","valueRequired":true,"valueName":"search_term_string"}}],"inLanguage":"es"}]}},"_links":{"self":[{"href":"https:\/\/www.aurorscalartechnology.com\/es\/wp-json\/wp\/v2\/product\/24201","targetHints":{"allow":["GET"]}}],"collection":[{"href":"https:\/\/www.aurorscalartechnology.com\/es\/wp-json\/wp\/v2\/product"}],"about":[{"href":"https:\/\/www.aurorscalartechnology.com\/es\/wp-json\/wp\/v2\/types\/product"}],"version-history":[{"count":1,"href":"https:\/\/www.aurorscalartechnology.com\/es\/wp-json\/wp\/v2\/product\/24201\/revisions"}],"predecessor-version":[{"id":24228,"href":"https:\/\/www.aurorscalartechnology.com\/es\/wp-json\/wp\/v2\/product\/24201\/revisions\/24228"}],"wp:featuredmedia":[{"embeddable":true,"href":"https:\/\/www.aurorscalartechnology.com\/es\/wp-json\/wp\/v2\/media\/22686"}],"wp:attachment":[{"href":"https:\/\/www.aurorscalartechnology.com\/es\/wp-json\/wp\/v2\/media?parent=24201"}],"wp:term":[{"taxonomy":"product_cat","embeddable":true,"href":"https:\/\/www.aurorscalartechnology.com\/es\/wp-json\/wp\/v2\/product_cat?post=24201"},{"taxonomy":"product_tag","embeddable":true,"href":"https:\/\/www.aurorscalartechnology.com\/es\/wp-json\/wp\/v2\/product_tag?post=24201"}],"curies":[{"name":"wp","href":"https:\/\/api.w.org\/{rel}","templated":true}]}}