{"id":2445,"date":"2023-08-07T13:21:21","date_gmt":"2023-08-07T11:21:21","guid":{"rendered":"https:\/\/www.aurorscalartechnology.com\/product\/ormus-white-powder-gold\/"},"modified":"2023-08-30T14:30:00","modified_gmt":"2023-08-30T14:30:00","slug":"ormus-white-powder-gold","status":"publish","type":"product","link":"https:\/\/www.aurorscalartechnology.com\/es\/producto\/ormus-white-powder-gold\/","title":{"rendered":"Ormus (White Powder Gold)"},"content":{"rendered":"\t\t<div data-elementor-type=\"wp-post\" data-elementor-id=\"2445\" class=\"elementor elementor-2445 elementor-1181\">\n\t\t\t\t\t\t<section class=\"elementor-section elementor-top-section elementor-element elementor-element-ac98f48 elementor-section-boxed elementor-section-height-default elementor-section-height-default\" data-id=\"ac98f48\" data-element_type=\"section\" data-e-type=\"section\">\n\t\t\t\t\t\t<div class=\"elementor-container elementor-column-gap-default\">\n\t\t\t\t\t<div class=\"elementor-column elementor-col-33 elementor-top-column elementor-element elementor-element-a9c3cf6\" data-id=\"a9c3cf6\" data-element_type=\"column\" data-e-type=\"column\">\n\t\t\t<div class=\"elementor-widget-wrap elementor-element-populated\">\n\t\t\t\t\t\t<div class=\"elementor-element elementor-element-93eceae elementor-widget elementor-widget-text-editor\" data-id=\"93eceae\" data-element_type=\"widget\" data-e-type=\"widget\" data-widget_type=\"text-editor.default\">\n\t\t\t\t<div class=\"elementor-widget-container\">\n\t\t\t\t\t\t\t\t\t<h3 class=\"fusion-responsive-typography-calculated\" data-fontsize=\"16\" data-lineheight=\"24px\">White Powder Gold\/Ormus<\/h3><p>White Powder Gold, tambi\u00e9n llamado Ormus, la Piedra Filosofal o el Elixir de Vida, causa un cambio en el cuerpo. Crea una transmutaci\u00f3n en la estructura celular, que causa que las c\u00e9lulas contienen m\u00e1s luz. Ormus funciona en todos los niveles multidimensionales y puede restablecer el equilibro de los hemisferios cerebrales izquierda y derecha. Ormus es un producto antienvejecimiento tambi\u00e9n, que es la raz\u00f3n por la cual White Powder Gold es a\u00f1adido a nuestro producto Rejuvenation Formula Gold (agua de oro). Tambi\u00e9n gracias a esta adici\u00f3n al agua dorada, es un producto \u00fanico. M\u00e1s informaci\u00f3n se lee en nuestra p\u00e1gina web.<\/p>\t\t\t\t\t\t\t\t<\/div>\n\t\t\t\t<\/div>\n\t\t\t\t\t<\/div>\n\t\t<\/div>\n\t\t\t\t<div class=\"elementor-column elementor-col-33 elementor-top-column elementor-element elementor-element-ca81899\" data-id=\"ca81899\" data-element_type=\"column\" data-e-type=\"column\">\n\t\t\t<div class=\"elementor-widget-wrap elementor-element-populated\">\n\t\t\t\t\t\t<div class=\"elementor-element elementor-element-7312084 elementor-widget elementor-widget-text-editor\" data-id=\"7312084\" data-element_type=\"widget\" data-e-type=\"widget\" data-widget_type=\"text-editor.default\">\n\t\t\t\t<div class=\"elementor-widget-container\">\n\t\t\t\t\t\t\t\t\t<h3 class=\"fusion-responsive-typography-calculated\" data-fontsize=\"16\" data-lineheight=\"24px\">White Powder Gold\/Ormus provoca los sentidos<\/h3><p>Ormus puede provocar los sentidos dormidos. Todo el mundo tiene estos; la clarividencia, la telepat\u00eda, etc. Todos pod\u00edan ver auras antes de ser programado. White Powder Gold ayuda a aumentar el n\u00famero los sentidos activos de 5 a 12. Sin embargo, que una persona ve o siente depende del n\u00famero de los sentidos activos.<\/p><p>\u00a0<\/p><p>Ormus tiene una gran influencia en el aura y los flujos en\u00e9rgicos del aspecto f\u00edsico. Ormus coordina la harmon\u00eda y el equilibro del cuerpo y esp\u00edritu, por lo cual puedes concentrar y recordar cosas mejor, y se relaja tu esp\u00edritu.<\/p>\t\t\t\t\t\t\t\t<\/div>\n\t\t\t\t<\/div>\n\t\t\t\t\t<\/div>\n\t\t<\/div>\n\t\t\t\t<div class=\"elementor-column elementor-col-33 elementor-top-column elementor-element elementor-element-c29160e\" data-id=\"c29160e\" data-element_type=\"column\" data-e-type=\"column\">\n\t\t\t<div class=\"elementor-widget-wrap elementor-element-populated\">\n\t\t\t\t\t\t<div class=\"elementor-element elementor-element-27dae99 elementor-widget elementor-widget-text-editor\" data-id=\"27dae99\" data-element_type=\"widget\" data-e-type=\"widget\" data-widget_type=\"text-editor.default\">\n\t\t\t\t<div class=\"elementor-widget-container\">\n\t\t\t\t\t\t\t\t\t<h3 class=\"fusion-responsive-typography-calculated\" data-fontsize=\"16\" data-lineheight=\"24px\"><strong>Vitalidad\/claridad mental con White Powder Gold\/Ormus<\/strong><\/h3><p>Ormus puede influir la vitalidad y claridad mental fuertemente; puede activar las cadenas de ADN, por lo que obtenemos una conexi\u00f3n m\u00e1s fuerte con nuestra fuente de energ\u00eda interior. Cadenas de ADN son estructuras cristalinas que env\u00edan y reciben informaci\u00f3n.<\/p><p>\u00a0<\/p><p>White Powder Gold de Auror Scalar Technology BV est\u00e1 provisto de oro, platino, plata, indio, cobre, hierro, zinc, titanio, vanadio, iridio y rodio. Es un producto superior y contiene oro monoat\u00f3mico. Con eso, adiciones est\u00e1n hecho, que ayuden con la reparaci\u00f3n del trabajo del ADN y con enviar y recibir informaci\u00f3n. Influencia los sentidos, la vitalidad, la sensaci\u00f3n de tranquilidad, la claridad mental y la conciencia.<\/p><p>Las personas que toman White Powder Gold (Ormus) y quien sin capaces de combinarlo con la espiritualidad, el f\u00edsico y el metaf\u00edsico, est\u00e1n muy satisfechos y pueden lograr resultados fenomenales. Antes de pedir este producto, mira nuestro producto High Vitality Rejuvenation.<\/p><p>\u00a0<\/p><p>Para m\u00e1s informaci\u00f3n, mira\u00a0www.whitepowdergold.com<\/p><p>Una botella de White Powder Gold de 100 ml cuesta \u20ac80.<br \/>Se necesita solamente 3 a 5 gotas por d\u00eda.<\/p>\t\t\t\t\t\t\t\t<\/div>\n\t\t\t\t<\/div>\n\t\t\t\t\t<\/div>\n\t\t<\/div>\n\t\t\t\t\t<\/div>\n\t\t<\/section>\n\t\t\t\t<\/div>\n\t\t","protected":false},"excerpt":{"rendered":"<p>Ormus influencia el aura y los flujos en\u00e9rgicos del aspecto f\u00edsico positivamente. Ormus coordina la harmon\u00eda y el equilibro del cuerpo y esp\u00edritu, por lo cual puedes concentrar y recordar cosas mejor, y se relaja tu esp\u00edritu.<\/p>\n","protected":false},"featured_media":2003,"template":"","meta":[],"product_cat":[313,281],"product_tag":[],"class_list":{"0":"post-2445","1":"product","2":"type-product","3":"status-publish","4":"has-post-thumbnail","6":"product_cat-ormus-es","7":"product_cat-todos-los-productos","8":"product_shipping_class-post-pakket-es","10":"first","11":"instock","12":"taxable","13":"shipping-taxable","14":"purchasable","15":"product-type-simple"},"yoast_head":"<!-- This site is optimized with the Yoast SEO plugin v27.4 - https:\/\/yoast.com\/product\/yoast-seo-wordpress\/ -->\n<title>Ormus (White Powder Gold) - Auror Scalar Technology<\/title>\n<meta name=\"robots\" content=\"index, follow, max-snippet:-1, max-image-preview:large, max-video-preview:-1\" \/>\n<link rel=\"canonical\" href=\"https:\/\/www.aurorscalartechnology.com\/es\/producto\/ormus-white-powder-gold\/\" \/>\n<meta property=\"og:locale\" content=\"es_ES\" \/>\n<meta property=\"og:type\" content=\"article\" \/>\n<meta property=\"og:title\" content=\"Ormus (White Powder Gold) - Auror Scalar Technology\" \/>\n<meta property=\"og:description\" content=\"Ormus influencia el aura y los flujos en\u00e9rgicos del aspecto f\u00edsico positivamente. Ormus coordina la harmon\u00eda y el equilibro del cuerpo y esp\u00edritu, por lo cual puedes concentrar y recordar cosas mejor, y se relaja tu esp\u00edritu.\" \/>\n<meta property=\"og:url\" content=\"https:\/\/www.aurorscalartechnology.com\/es\/producto\/ormus-white-powder-gold\/\" \/>\n<meta property=\"og:site_name\" content=\"Auror Scalar Technology\" \/>\n<meta property=\"article:modified_time\" content=\"2023-08-30T14:30:00+00:00\" \/>\n<meta property=\"og:image\" content=\"https:\/\/www.aurorscalartechnology.com\/wp-content\/uploads\/2023\/08\/Ormus-1.png\" \/>\n\t<meta property=\"og:image:width\" content=\"500\" \/>\n\t<meta property=\"og:image:height\" content=\"500\" \/>\n\t<meta property=\"og:image:type\" content=\"image\/png\" \/>\n<meta name=\"twitter:card\" content=\"summary_large_image\" \/>\n<meta name=\"twitter:label1\" content=\"Tiempo de lectura\" \/>\n\t<meta name=\"twitter:data1\" content=\"2 minutos\" \/>\n<script type=\"application\/ld+json\" class=\"yoast-schema-graph\">{\"@context\":\"https:\\\/\\\/schema.org\",\"@graph\":[{\"@type\":\"WebPage\",\"@id\":\"https:\\\/\\\/www.aurorscalartechnology.com\\\/es\\\/producto\\\/ormus-white-powder-gold\\\/\",\"url\":\"https:\\\/\\\/www.aurorscalartechnology.com\\\/es\\\/producto\\\/ormus-white-powder-gold\\\/\",\"name\":\"Ormus (White Powder Gold) - Auror Scalar Technology\",\"isPartOf\":{\"@id\":\"https:\\\/\\\/www.aurorscalartechnology.com\\\/es\\\/#website\"},\"primaryImageOfPage\":{\"@id\":\"https:\\\/\\\/www.aurorscalartechnology.com\\\/es\\\/producto\\\/ormus-white-powder-gold\\\/#primaryimage\"},\"image\":{\"@id\":\"https:\\\/\\\/www.aurorscalartechnology.com\\\/es\\\/producto\\\/ormus-white-powder-gold\\\/#primaryimage\"},\"thumbnailUrl\":\"https:\\\/\\\/www.aurorscalartechnology.com\\\/wp-content\\\/uploads\\\/2023\\\/08\\\/Ormus-1.png\",\"datePublished\":\"2023-08-07T11:21:21+00:00\",\"dateModified\":\"2023-08-30T14:30:00+00:00\",\"breadcrumb\":{\"@id\":\"https:\\\/\\\/www.aurorscalartechnology.com\\\/es\\\/producto\\\/ormus-white-powder-gold\\\/#breadcrumb\"},\"inLanguage\":\"es\",\"potentialAction\":[{\"@type\":\"ReadAction\",\"target\":[\"https:\\\/\\\/www.aurorscalartechnology.com\\\/es\\\/producto\\\/ormus-white-powder-gold\\\/\"]}]},{\"@type\":\"ImageObject\",\"inLanguage\":\"es\",\"@id\":\"https:\\\/\\\/www.aurorscalartechnology.com\\\/es\\\/producto\\\/ormus-white-powder-gold\\\/#primaryimage\",\"url\":\"https:\\\/\\\/www.aurorscalartechnology.com\\\/wp-content\\\/uploads\\\/2023\\\/08\\\/Ormus-1.png\",\"contentUrl\":\"https:\\\/\\\/www.aurorscalartechnology.com\\\/wp-content\\\/uploads\\\/2023\\\/08\\\/Ormus-1.png\",\"width\":500,\"height\":500},{\"@type\":\"BreadcrumbList\",\"@id\":\"https:\\\/\\\/www.aurorscalartechnology.com\\\/es\\\/producto\\\/ormus-white-powder-gold\\\/#breadcrumb\",\"itemListElement\":[{\"@type\":\"ListItem\",\"position\":1,\"name\":\"Home\",\"item\":\"https:\\\/\\\/www.aurorscalartechnology.com\\\/es\\\/\"},{\"@type\":\"ListItem\",\"position\":2,\"name\":\"Tienda\",\"item\":\"https:\\\/\\\/www.aurorscalartechnology.com\\\/es\\\/tienda\\\/\"},{\"@type\":\"ListItem\",\"position\":3,\"name\":\"Ormus (White Powder Gold)\"}]},{\"@type\":\"WebSite\",\"@id\":\"https:\\\/\\\/www.aurorscalartechnology.com\\\/es\\\/#website\",\"url\":\"https:\\\/\\\/www.aurorscalartechnology.com\\\/es\\\/\",\"name\":\"Auror Scalar Technology\",\"description\":\"\",\"potentialAction\":[{\"@type\":\"SearchAction\",\"target\":{\"@type\":\"EntryPoint\",\"urlTemplate\":\"https:\\\/\\\/www.aurorscalartechnology.com\\\/es\\\/?s={search_term_string}\"},\"query-input\":{\"@type\":\"PropertyValueSpecification\",\"valueRequired\":true,\"valueName\":\"search_term_string\"}}],\"inLanguage\":\"es\"}]}<\/script>\n<!-- \/ Yoast SEO plugin. -->","yoast_head_json":{"title":"Ormus (White Powder Gold) - Auror Scalar Technology","robots":{"index":"index","follow":"follow","max-snippet":"max-snippet:-1","max-image-preview":"max-image-preview:large","max-video-preview":"max-video-preview:-1"},"canonical":"https:\/\/www.aurorscalartechnology.com\/es\/producto\/ormus-white-powder-gold\/","og_locale":"es_ES","og_type":"article","og_title":"Ormus (White Powder Gold) - Auror Scalar Technology","og_description":"Ormus influencia el aura y los flujos en\u00e9rgicos del aspecto f\u00edsico positivamente. Ormus coordina la harmon\u00eda y el equilibro del cuerpo y esp\u00edritu, por lo cual puedes concentrar y recordar cosas mejor, y se relaja tu esp\u00edritu.","og_url":"https:\/\/www.aurorscalartechnology.com\/es\/producto\/ormus-white-powder-gold\/","og_site_name":"Auror Scalar Technology","article_modified_time":"2023-08-30T14:30:00+00:00","og_image":[{"width":500,"height":500,"url":"https:\/\/www.aurorscalartechnology.com\/wp-content\/uploads\/2023\/08\/Ormus-1.png","type":"image\/png"}],"twitter_card":"summary_large_image","twitter_misc":{"Tiempo de lectura":"2 minutos"},"schema":{"@context":"https:\/\/schema.org","@graph":[{"@type":"WebPage","@id":"https:\/\/www.aurorscalartechnology.com\/es\/producto\/ormus-white-powder-gold\/","url":"https:\/\/www.aurorscalartechnology.com\/es\/producto\/ormus-white-powder-gold\/","name":"Ormus (White Powder Gold) - Auror Scalar Technology","isPartOf":{"@id":"https:\/\/www.aurorscalartechnology.com\/es\/#website"},"primaryImageOfPage":{"@id":"https:\/\/www.aurorscalartechnology.com\/es\/producto\/ormus-white-powder-gold\/#primaryimage"},"image":{"@id":"https:\/\/www.aurorscalartechnology.com\/es\/producto\/ormus-white-powder-gold\/#primaryimage"},"thumbnailUrl":"https:\/\/www.aurorscalartechnology.com\/wp-content\/uploads\/2023\/08\/Ormus-1.png","datePublished":"2023-08-07T11:21:21+00:00","dateModified":"2023-08-30T14:30:00+00:00","breadcrumb":{"@id":"https:\/\/www.aurorscalartechnology.com\/es\/producto\/ormus-white-powder-gold\/#breadcrumb"},"inLanguage":"es","potentialAction":[{"@type":"ReadAction","target":["https:\/\/www.aurorscalartechnology.com\/es\/producto\/ormus-white-powder-gold\/"]}]},{"@type":"ImageObject","inLanguage":"es","@id":"https:\/\/www.aurorscalartechnology.com\/es\/producto\/ormus-white-powder-gold\/#primaryimage","url":"https:\/\/www.aurorscalartechnology.com\/wp-content\/uploads\/2023\/08\/Ormus-1.png","contentUrl":"https:\/\/www.aurorscalartechnology.com\/wp-content\/uploads\/2023\/08\/Ormus-1.png","width":500,"height":500},{"@type":"BreadcrumbList","@id":"https:\/\/www.aurorscalartechnology.com\/es\/producto\/ormus-white-powder-gold\/#breadcrumb","itemListElement":[{"@type":"ListItem","position":1,"name":"Home","item":"https:\/\/www.aurorscalartechnology.com\/es\/"},{"@type":"ListItem","position":2,"name":"Tienda","item":"https:\/\/www.aurorscalartechnology.com\/es\/tienda\/"},{"@type":"ListItem","position":3,"name":"Ormus (White Powder Gold)"}]},{"@type":"WebSite","@id":"https:\/\/www.aurorscalartechnology.com\/es\/#website","url":"https:\/\/www.aurorscalartechnology.com\/es\/","name":"Auror Scalar Technology","description":"","potentialAction":[{"@type":"SearchAction","target":{"@type":"EntryPoint","urlTemplate":"https:\/\/www.aurorscalartechnology.com\/es\/?s={search_term_string}"},"query-input":{"@type":"PropertyValueSpecification","valueRequired":true,"valueName":"search_term_string"}}],"inLanguage":"es"}]}},"_links":{"self":[{"href":"https:\/\/www.aurorscalartechnology.com\/es\/wp-json\/wp\/v2\/product\/2445","targetHints":{"allow":["GET"]}}],"collection":[{"href":"https:\/\/www.aurorscalartechnology.com\/es\/wp-json\/wp\/v2\/product"}],"about":[{"href":"https:\/\/www.aurorscalartechnology.com\/es\/wp-json\/wp\/v2\/types\/product"}],"version-history":[{"count":0,"href":"https:\/\/www.aurorscalartechnology.com\/es\/wp-json\/wp\/v2\/product\/2445\/revisions"}],"wp:featuredmedia":[{"embeddable":true,"href":"https:\/\/www.aurorscalartechnology.com\/es\/wp-json\/wp\/v2\/media\/2003"}],"wp:attachment":[{"href":"https:\/\/www.aurorscalartechnology.com\/es\/wp-json\/wp\/v2\/media?parent=2445"}],"wp:term":[{"taxonomy":"product_cat","embeddable":true,"href":"https:\/\/www.aurorscalartechnology.com\/es\/wp-json\/wp\/v2\/product_cat?post=2445"},{"taxonomy":"product_tag","embeddable":true,"href":"https:\/\/www.aurorscalartechnology.com\/es\/wp-json\/wp\/v2\/product_tag?post=2445"}],"curies":[{"name":"wp","href":"https:\/\/api.w.org\/{rel}","templated":true}]}}