{"id":2540,"date":"2023-08-08T07:48:36","date_gmt":"2023-08-08T05:48:36","guid":{"rendered":"https:\/\/www.aurorscalartechnology.com\/product\/etmitis-huis-ontstoorder-van-aardstralen-en-elektrosmog\/"},"modified":"2023-08-31T13:39:34","modified_gmt":"2023-08-31T13:39:34","slug":"etmitis-huis-ontstoorder-van-aardstralen-en-elektrosmog","status":"publish","type":"product","link":"https:\/\/www.aurorscalartechnology.com\/es\/producto\/etmitis-huis-ontstoorder-van-aardstralen-en-elektrosmog\/","title":{"rendered":"Supresor Etmitis para el hogar"},"content":{"rendered":"\t\t<div data-elementor-type=\"wp-post\" data-elementor-id=\"2540\" class=\"elementor elementor-2540 elementor-1252\">\n\t\t\t\t\t\t<section class=\"elementor-section elementor-top-section elementor-element elementor-element-ac98f48 elementor-section-boxed elementor-section-height-default elementor-section-height-default\" data-id=\"ac98f48\" data-element_type=\"section\" data-e-type=\"section\">\n\t\t\t\t\t\t<div class=\"elementor-container elementor-column-gap-default\">\n\t\t\t\t\t<div class=\"elementor-column elementor-col-100 elementor-top-column elementor-element elementor-element-ca81899\" data-id=\"ca81899\" data-element_type=\"column\" data-e-type=\"column\">\n\t\t\t<div class=\"elementor-widget-wrap elementor-element-populated\">\n\t\t\t\t\t\t<div class=\"elementor-element elementor-element-7312084 elementor-widget elementor-widget-text-editor\" data-id=\"7312084\" data-element_type=\"widget\" data-e-type=\"widget\" data-widget_type=\"text-editor.default\">\n\t\t\t\t<div class=\"elementor-widget-container\">\n\t\t\t\t\t\t\t\t\t<p>El supresor Etmitis para el hogar, para lograr un entorno de radiaci\u00f3n seguro natural dentro de y en torno a su casa. Un producto equilibrado que puede colocarse en su hogar para lograr un entorno armonioso para las personas, los animales y las plantas. El alcance (radio) del dispositivo Etmitis es de aproximadamente 1200 metros y puede atravesar el hormig\u00f3n y el metal. La tecnolog\u00eda del Etmitis est\u00e1 concebida para proteger o incrementar la energ\u00eda\/vitalidad de las personas y de los animales. El supresor Etmitis es adecuado para granjas y explotaciones ganaderas o av\u00edcolas. En la mayor\u00eda de los casos pueden sentirse los efectos del Etmitis nada m\u00e1s conectarlo. Como si de pronto llegara la calma a las personas, los animales y a todo el entorno.<\/p><p>La tecnolog\u00eda Etmitis combate\/neutraliza la radiaci\u00f3n presente como la terrestre, de los tel\u00e9fonos m\u00f3viles, equipos inal\u00e1mbricos o la de las antenas. La radiaci\u00f3n es como si se transformara, se convirtiera, de forma que no se sufren consecuencias indeseadas. Prot\u00e9jase de cualquier tipo de radiaci\u00f3n negativa con Etmitis, que emite una amplia escala de frecuencias armoniosas, incluida la frecuencia terrestre mediante una bobina Tesla. La frecuencia terrestre tambi\u00e9n se denomina resonancia Schumann. La frecuencia natural terrestre se ve dominada\/oprimida en muchos lugares por radiaci\u00f3n da\u00f1ina, por lo que muchas personas pueden sufrir diversas molestias. El Etmitis es un dispositivo que devuelve la armon\u00eda al entorno de forma que no se sufran m\u00e1s consecuencias indeseadas derivadas de la radiaci\u00f3n negativa. Es una soluci\u00f3n eficaz que devuelve la vitalidad y la calma a las personas.\u00a0 Esta tecnolog\u00eda se combina con la tecnolog\u00eda de Royal Rife, Nikola Tesla y Wilheim Reich. El Etmitis pesa unos 3 kg, tiene una altura de unos 34 cm y un di\u00e1metro de 9 cm. Para m\u00e1s informaci\u00f3n siempre puede ponerse en contacto con nosotros por correo electr\u00f3nico o por tel\u00e9fono. En caso de que el Etmitis no cumpla sus expectativas en el plazo de 1 o 2 meses, puede devolv\u00e9rnoslo. Le devolveremos su dinero, siempre que el supresor Etmitis no est\u00e9 da\u00f1ado, menos 100 \u20ac por costes administrativos.<\/p>\t\t\t\t\t\t\t\t<\/div>\n\t\t\t\t<\/div>\n\t\t\t\t\t<\/div>\n\t\t<\/div>\n\t\t\t\t\t<\/div>\n\t\t<\/section>\n\t\t\t\t<\/div>\n\t\t","protected":false},"excerpt":{"rendered":"<p>La tecnolog\u00eda Etmitis combate (neutraliza) la radiaci\u00f3n presente como la de los tel\u00e9fonos m\u00f3viles, equipos inal\u00e1mbricos o la de las antenas. Etmitis se ocupa de que no se sufran consecuencias indeseadas procedentes de la radiaci\u00f3n.<\/p>\n","protected":false},"featured_media":2057,"template":"","meta":[],"product_cat":[336,281],"product_tag":[],"class_list":{"0":"post-2540","1":"product","2":"type-product","3":"status-publish","4":"has-post-thumbnail","6":"product_cat-etmitis-es","7":"product_cat-todos-los-productos","8":"product_shipping_class-post-pakket-es","10":"first","11":"instock","12":"taxable","13":"shipping-taxable","14":"purchasable","15":"product-type-simple"},"yoast_head":"<!-- This site is optimized with the Yoast SEO plugin v27.4 - https:\/\/yoast.com\/product\/yoast-seo-wordpress\/ -->\n<title>Supresor Etmitis para el hogar - Auror Scalar Technology<\/title>\n<meta name=\"robots\" content=\"index, follow, max-snippet:-1, max-image-preview:large, max-video-preview:-1\" \/>\n<link rel=\"canonical\" href=\"https:\/\/www.aurorscalartechnology.com\/es\/producto\/etmitis-huis-ontstoorder-van-aardstralen-en-elektrosmog\/\" \/>\n<meta property=\"og:locale\" content=\"es_ES\" \/>\n<meta property=\"og:type\" content=\"article\" \/>\n<meta property=\"og:title\" content=\"Supresor Etmitis para el hogar - Auror Scalar Technology\" \/>\n<meta property=\"og:description\" content=\"La tecnolog\u00eda Etmitis combate (neutraliza) la radiaci\u00f3n presente como la de los tel\u00e9fonos m\u00f3viles, equipos inal\u00e1mbricos o la de las antenas. Etmitis se ocupa de que no se sufran consecuencias indeseadas procedentes de la radiaci\u00f3n.\" \/>\n<meta property=\"og:url\" content=\"https:\/\/www.aurorscalartechnology.com\/es\/producto\/etmitis-huis-ontstoorder-van-aardstralen-en-elektrosmog\/\" \/>\n<meta property=\"og:site_name\" content=\"Auror Scalar Technology\" \/>\n<meta property=\"article:modified_time\" content=\"2023-08-31T13:39:34+00:00\" \/>\n<meta property=\"og:image\" content=\"https:\/\/www.aurorscalartechnology.com\/wp-content\/uploads\/2023\/08\/etmitis-1-600x600-1.jpeg\" \/>\n\t<meta property=\"og:image:width\" content=\"600\" \/>\n\t<meta property=\"og:image:height\" content=\"600\" \/>\n\t<meta property=\"og:image:type\" content=\"image\/jpeg\" \/>\n<meta name=\"twitter:card\" content=\"summary_large_image\" \/>\n<meta name=\"twitter:label1\" content=\"Tiempo de lectura\" \/>\n\t<meta name=\"twitter:data1\" content=\"2 minutos\" \/>\n<script type=\"application\/ld+json\" class=\"yoast-schema-graph\">{\"@context\":\"https:\\\/\\\/schema.org\",\"@graph\":[{\"@type\":\"WebPage\",\"@id\":\"https:\\\/\\\/www.aurorscalartechnology.com\\\/es\\\/producto\\\/etmitis-huis-ontstoorder-van-aardstralen-en-elektrosmog\\\/\",\"url\":\"https:\\\/\\\/www.aurorscalartechnology.com\\\/es\\\/producto\\\/etmitis-huis-ontstoorder-van-aardstralen-en-elektrosmog\\\/\",\"name\":\"Supresor Etmitis para el hogar - Auror Scalar Technology\",\"isPartOf\":{\"@id\":\"https:\\\/\\\/www.aurorscalartechnology.com\\\/es\\\/#website\"},\"primaryImageOfPage\":{\"@id\":\"https:\\\/\\\/www.aurorscalartechnology.com\\\/es\\\/producto\\\/etmitis-huis-ontstoorder-van-aardstralen-en-elektrosmog\\\/#primaryimage\"},\"image\":{\"@id\":\"https:\\\/\\\/www.aurorscalartechnology.com\\\/es\\\/producto\\\/etmitis-huis-ontstoorder-van-aardstralen-en-elektrosmog\\\/#primaryimage\"},\"thumbnailUrl\":\"https:\\\/\\\/www.aurorscalartechnology.com\\\/wp-content\\\/uploads\\\/2023\\\/08\\\/etmitis-1-600x600-1.jpeg\",\"datePublished\":\"2023-08-08T05:48:36+00:00\",\"dateModified\":\"2023-08-31T13:39:34+00:00\",\"breadcrumb\":{\"@id\":\"https:\\\/\\\/www.aurorscalartechnology.com\\\/es\\\/producto\\\/etmitis-huis-ontstoorder-van-aardstralen-en-elektrosmog\\\/#breadcrumb\"},\"inLanguage\":\"es\",\"potentialAction\":[{\"@type\":\"ReadAction\",\"target\":[\"https:\\\/\\\/www.aurorscalartechnology.com\\\/es\\\/producto\\\/etmitis-huis-ontstoorder-van-aardstralen-en-elektrosmog\\\/\"]}]},{\"@type\":\"ImageObject\",\"inLanguage\":\"es\",\"@id\":\"https:\\\/\\\/www.aurorscalartechnology.com\\\/es\\\/producto\\\/etmitis-huis-ontstoorder-van-aardstralen-en-elektrosmog\\\/#primaryimage\",\"url\":\"https:\\\/\\\/www.aurorscalartechnology.com\\\/wp-content\\\/uploads\\\/2023\\\/08\\\/etmitis-1-600x600-1.jpeg\",\"contentUrl\":\"https:\\\/\\\/www.aurorscalartechnology.com\\\/wp-content\\\/uploads\\\/2023\\\/08\\\/etmitis-1-600x600-1.jpeg\",\"width\":600,\"height\":600},{\"@type\":\"BreadcrumbList\",\"@id\":\"https:\\\/\\\/www.aurorscalartechnology.com\\\/es\\\/producto\\\/etmitis-huis-ontstoorder-van-aardstralen-en-elektrosmog\\\/#breadcrumb\",\"itemListElement\":[{\"@type\":\"ListItem\",\"position\":1,\"name\":\"Home\",\"item\":\"https:\\\/\\\/www.aurorscalartechnology.com\\\/es\\\/\"},{\"@type\":\"ListItem\",\"position\":2,\"name\":\"Tienda\",\"item\":\"https:\\\/\\\/www.aurorscalartechnology.com\\\/es\\\/tienda\\\/\"},{\"@type\":\"ListItem\",\"position\":3,\"name\":\"Supresor Etmitis para el hogar\"}]},{\"@type\":\"WebSite\",\"@id\":\"https:\\\/\\\/www.aurorscalartechnology.com\\\/es\\\/#website\",\"url\":\"https:\\\/\\\/www.aurorscalartechnology.com\\\/es\\\/\",\"name\":\"Auror Scalar Technology\",\"description\":\"\",\"potentialAction\":[{\"@type\":\"SearchAction\",\"target\":{\"@type\":\"EntryPoint\",\"urlTemplate\":\"https:\\\/\\\/www.aurorscalartechnology.com\\\/es\\\/?s={search_term_string}\"},\"query-input\":{\"@type\":\"PropertyValueSpecification\",\"valueRequired\":true,\"valueName\":\"search_term_string\"}}],\"inLanguage\":\"es\"}]}<\/script>\n<!-- \/ Yoast SEO plugin. -->","yoast_head_json":{"title":"Supresor Etmitis para el hogar - Auror Scalar Technology","robots":{"index":"index","follow":"follow","max-snippet":"max-snippet:-1","max-image-preview":"max-image-preview:large","max-video-preview":"max-video-preview:-1"},"canonical":"https:\/\/www.aurorscalartechnology.com\/es\/producto\/etmitis-huis-ontstoorder-van-aardstralen-en-elektrosmog\/","og_locale":"es_ES","og_type":"article","og_title":"Supresor Etmitis para el hogar - Auror Scalar Technology","og_description":"La tecnolog\u00eda Etmitis combate (neutraliza) la radiaci\u00f3n presente como la de los tel\u00e9fonos m\u00f3viles, equipos inal\u00e1mbricos o la de las antenas. Etmitis se ocupa de que no se sufran consecuencias indeseadas procedentes de la radiaci\u00f3n.","og_url":"https:\/\/www.aurorscalartechnology.com\/es\/producto\/etmitis-huis-ontstoorder-van-aardstralen-en-elektrosmog\/","og_site_name":"Auror Scalar Technology","article_modified_time":"2023-08-31T13:39:34+00:00","og_image":[{"width":600,"height":600,"url":"https:\/\/www.aurorscalartechnology.com\/wp-content\/uploads\/2023\/08\/etmitis-1-600x600-1.jpeg","type":"image\/jpeg"}],"twitter_card":"summary_large_image","twitter_misc":{"Tiempo de lectura":"2 minutos"},"schema":{"@context":"https:\/\/schema.org","@graph":[{"@type":"WebPage","@id":"https:\/\/www.aurorscalartechnology.com\/es\/producto\/etmitis-huis-ontstoorder-van-aardstralen-en-elektrosmog\/","url":"https:\/\/www.aurorscalartechnology.com\/es\/producto\/etmitis-huis-ontstoorder-van-aardstralen-en-elektrosmog\/","name":"Supresor Etmitis para el hogar - Auror Scalar Technology","isPartOf":{"@id":"https:\/\/www.aurorscalartechnology.com\/es\/#website"},"primaryImageOfPage":{"@id":"https:\/\/www.aurorscalartechnology.com\/es\/producto\/etmitis-huis-ontstoorder-van-aardstralen-en-elektrosmog\/#primaryimage"},"image":{"@id":"https:\/\/www.aurorscalartechnology.com\/es\/producto\/etmitis-huis-ontstoorder-van-aardstralen-en-elektrosmog\/#primaryimage"},"thumbnailUrl":"https:\/\/www.aurorscalartechnology.com\/wp-content\/uploads\/2023\/08\/etmitis-1-600x600-1.jpeg","datePublished":"2023-08-08T05:48:36+00:00","dateModified":"2023-08-31T13:39:34+00:00","breadcrumb":{"@id":"https:\/\/www.aurorscalartechnology.com\/es\/producto\/etmitis-huis-ontstoorder-van-aardstralen-en-elektrosmog\/#breadcrumb"},"inLanguage":"es","potentialAction":[{"@type":"ReadAction","target":["https:\/\/www.aurorscalartechnology.com\/es\/producto\/etmitis-huis-ontstoorder-van-aardstralen-en-elektrosmog\/"]}]},{"@type":"ImageObject","inLanguage":"es","@id":"https:\/\/www.aurorscalartechnology.com\/es\/producto\/etmitis-huis-ontstoorder-van-aardstralen-en-elektrosmog\/#primaryimage","url":"https:\/\/www.aurorscalartechnology.com\/wp-content\/uploads\/2023\/08\/etmitis-1-600x600-1.jpeg","contentUrl":"https:\/\/www.aurorscalartechnology.com\/wp-content\/uploads\/2023\/08\/etmitis-1-600x600-1.jpeg","width":600,"height":600},{"@type":"BreadcrumbList","@id":"https:\/\/www.aurorscalartechnology.com\/es\/producto\/etmitis-huis-ontstoorder-van-aardstralen-en-elektrosmog\/#breadcrumb","itemListElement":[{"@type":"ListItem","position":1,"name":"Home","item":"https:\/\/www.aurorscalartechnology.com\/es\/"},{"@type":"ListItem","position":2,"name":"Tienda","item":"https:\/\/www.aurorscalartechnology.com\/es\/tienda\/"},{"@type":"ListItem","position":3,"name":"Supresor Etmitis para el hogar"}]},{"@type":"WebSite","@id":"https:\/\/www.aurorscalartechnology.com\/es\/#website","url":"https:\/\/www.aurorscalartechnology.com\/es\/","name":"Auror Scalar Technology","description":"","potentialAction":[{"@type":"SearchAction","target":{"@type":"EntryPoint","urlTemplate":"https:\/\/www.aurorscalartechnology.com\/es\/?s={search_term_string}"},"query-input":{"@type":"PropertyValueSpecification","valueRequired":true,"valueName":"search_term_string"}}],"inLanguage":"es"}]}},"_links":{"self":[{"href":"https:\/\/www.aurorscalartechnology.com\/es\/wp-json\/wp\/v2\/product\/2540","targetHints":{"allow":["GET"]}}],"collection":[{"href":"https:\/\/www.aurorscalartechnology.com\/es\/wp-json\/wp\/v2\/product"}],"about":[{"href":"https:\/\/www.aurorscalartechnology.com\/es\/wp-json\/wp\/v2\/types\/product"}],"version-history":[{"count":0,"href":"https:\/\/www.aurorscalartechnology.com\/es\/wp-json\/wp\/v2\/product\/2540\/revisions"}],"wp:featuredmedia":[{"embeddable":true,"href":"https:\/\/www.aurorscalartechnology.com\/es\/wp-json\/wp\/v2\/media\/2057"}],"wp:attachment":[{"href":"https:\/\/www.aurorscalartechnology.com\/es\/wp-json\/wp\/v2\/media?parent=2540"}],"wp:term":[{"taxonomy":"product_cat","embeddable":true,"href":"https:\/\/www.aurorscalartechnology.com\/es\/wp-json\/wp\/v2\/product_cat?post=2540"},{"taxonomy":"product_tag","embeddable":true,"href":"https:\/\/www.aurorscalartechnology.com\/es\/wp-json\/wp\/v2\/product_tag?post=2540"}],"curies":[{"name":"wp","href":"https:\/\/api.w.org\/{rel}","templated":true}]}}