{"id":2619,"date":"2023-08-08T08:19:18","date_gmt":"2023-08-08T08:19:18","guid":{"rendered":"https:\/\/www.aurorscalartechnology.com\/product\/colloidal-gold-colloidaal-goud-goudwater\/"},"modified":"2024-09-02T09:50:21","modified_gmt":"2024-09-02T09:50:21","slug":"colloidal-gold-colloidaal-goud-goudwater","status":"publish","type":"product","link":"https:\/\/www.aurorscalartechnology.com\/es\/producto\/colloidal-gold-colloidaal-goud-goudwater\/","title":{"rendered":"Oro coloidal, Oro coloidal, Agua de oro"},"content":{"rendered":"\t\t<div data-elementor-type=\"wp-post\" data-elementor-id=\"2619\" class=\"elementor elementor-2619 elementor-1265\">\n\t\t\t\t\t\t<section class=\"elementor-section elementor-top-section elementor-element elementor-element-ac98f48 elementor-section-boxed elementor-section-height-default elementor-section-height-default\" data-id=\"ac98f48\" data-element_type=\"section\" data-e-type=\"section\">\n\t\t\t\t\t\t<div class=\"elementor-container elementor-column-gap-default\">\n\t\t\t\t\t<div class=\"elementor-column elementor-col-100 elementor-top-column elementor-element elementor-element-c29160e\" data-id=\"c29160e\" data-element_type=\"column\" data-e-type=\"column\">\n\t\t\t<div class=\"elementor-widget-wrap elementor-element-populated\">\n\t\t\t\t\t\t<div class=\"elementor-element elementor-element-019da56 elementor-widget elementor-widget-text-editor\" data-id=\"019da56\" data-element_type=\"widget\" data-e-type=\"widget\" data-widget_type=\"text-editor.default\">\n\t\t\t\t<div class=\"elementor-widget-container\">\n\t\t\t\t\t\t\t\t\t<p><strong>Oro coloidal\/agua de oro<\/strong><\/p><p>Durante mucho tiempo, la Iglesia consider\u00f3 a los alquimistas una amenaza. No solo trabajaban en perfeccionar la materia, sino que adem\u00e1s aspiraban al crecimiento espiritual y a la inmortalidad. El perfeccionamiento del alma ten\u00eda como objetivo alcanzar la iluminaci\u00f3n. La Iglesia condenaba esta \u00abcompetencia con Dios\u00bb. Por esa raz\u00f3n, la alquimia estuvo prohibida durante mucho tiempo. El conocimiento acerca de c\u00f3mo transformar los metales inferiores en metales superiores, como la plata y el oro, fue custodiado por los alquimistas como el Santo Grial. Incluso el \u00faltimo gran alquimista, Sir Isaac Newton, busc\u00f3 en secreto la piedra filosofal para alcanzar la iluminaci\u00f3n y ser inmortal. Nunca la encontr\u00f3. S\u00ed contribuy\u00f3 indirectamente al descubrimiento de la electr\u00f3lisis. Ello permiti\u00f3 a\u00f1os despu\u00e9s producir oro, plata y platino coloidales, lo cual es una bendici\u00f3n para el alquimista de hoy en d\u00eda, que a\u00f1ade metales nobles coloidales f\u00e1cilmente a sus alimentos para rejuvenecer.Hemos descubierto que el oro no es la \u00fanica sustancia que ayuda a rejuvenecer el cuerpo y por eso hemos desarrollado un complejo mineral coloidal que es mucho m\u00e1s eficaz que el agua de oro sola en el campo del rejuvenecimiento y el desarrollo mental. Por lo tanto, recomendamos utilizar esto en lugar del agua de oro coloidal.<\/p><p><strong>Informaci\u00f3n adicional<\/strong><\/p><p>Por desgracia, a causa de la legislaci\u00f3n europea en materia de declaraci\u00f3n de propiedades para la salud, no podemos ofrecer aqu\u00ed informaci\u00f3n completa sobre la aplicaci\u00f3n de este producto. Le aconsejamos que busque en Internet otros efectos que pueden tener estos productos. Podemos atenderle por tel\u00e9fono, de modo que si tiene cualquier duda sobre el uso y la aplicaci\u00f3n de este producto, ll\u00e1menos al n\u00famero: 0031-402521107<\/p><p><strong>Advertencias<\/strong><\/p><p>Es importante mantener una dieta variada y equilibrada y un estilo de vida saludable. Los suplementos alimenticios no sustituyen una dieta variada. Mant\u00e9ngase fuera del alcance de los ni\u00f1os. Si est\u00e1 embarazada, en per\u00edodo de lactancia, o en caso de enfermedad o consumo de medicamentos, consulte a su m\u00e9dico, farmac\u00e9utico o experto. No supere la dosis diaria recomendada.<\/p>\t\t\t\t\t\t\t\t<\/div>\n\t\t\t\t<\/div>\n\t\t\t\t\t<\/div>\n\t\t<\/div>\n\t\t\t\t\t<\/div>\n\t\t<\/section>\n\t\t\t\t<\/div>\n\t\t","protected":false},"excerpt":{"rendered":"<p>El agua de oro coloidal, tambi\u00e9n conocida como agua de oro, contiene una soluci\u00f3n de oro puro en forma coloidal y contiene al menos 35 ppm de oro coloidal. El precio de 500 ml es de 45,00 euros. Productos individuales que s\u00f3lo contienen una \u00fanica sustancia, por ejemplo, s\u00f3lo oro. Estos productos tienen un efecto mucho menos eficaz sobre el cuerpo y la mente que un producto que contenga varias sustancias, lo que se debe al hecho de que las sustancias interact\u00faan entre s\u00ed y entran en una reacci\u00f3n que hace que el efecto sea mucho m\u00e1s fuerte. Hemos comprobado que el iridio, el tantalio y el cobalto tienen un efecto rejuvenecedor sobre el cuerpo y la mente m\u00e1s fuerte que el oro. Por lo tanto, antes de comprar este producto, le recomiendo que eche un vistazo a nuestro complejo mineral, que es sin duda 100 veces m\u00e1s eficaz en el cuerpo y la mente que esta agua de oro. El complejo mineral puede parecer m\u00e1s caro a primera vista, pero dura m\u00e1s, unos 4 meses en total (120 d\u00edas). El agua de oro, en cambio, dura 50 d\u00edas. El coste inicial es mayor, pero se beneficiar\u00e1 mucho m\u00e1s en todos los sentidos.<\/p>\n","protected":false},"featured_media":20496,"template":"","meta":[],"product_cat":[344,307,281],"product_tag":[],"class_list":{"0":"post-2619","1":"product","2":"type-product","3":"status-publish","4":"has-post-thumbnail","6":"product_cat-agua-de-oro","7":"product_cat-collogeniaal-es","8":"product_cat-todos-los-productos","9":"product_shipping_class-post-pakket-es","11":"first","12":"instock","13":"taxable","14":"shipping-taxable","15":"purchasable","16":"product-type-variable"},"yoast_head":"<!-- This site is optimized with the Yoast SEO plugin v27.4 - https:\/\/yoast.com\/product\/yoast-seo-wordpress\/ -->\n<title>Oro coloidal, Oro coloidal, Agua de oro - Auror Scalar Technology<\/title>\n<meta name=\"robots\" content=\"index, follow, max-snippet:-1, max-image-preview:large, max-video-preview:-1\" \/>\n<link rel=\"canonical\" href=\"https:\/\/www.aurorscalartechnology.com\/es\/producto\/colloidal-gold-colloidaal-goud-goudwater\/\" \/>\n<meta property=\"og:locale\" content=\"es_ES\" \/>\n<meta property=\"og:type\" content=\"article\" \/>\n<meta property=\"og:title\" content=\"Oro coloidal, Oro coloidal, Agua de oro - Auror Scalar Technology\" \/>\n<meta property=\"og:description\" content=\"El agua de oro coloidal, tambi\u00e9n conocida como agua de oro, contiene una soluci\u00f3n de oro puro en forma coloidal y contiene al menos 35 ppm de oro coloidal. El precio de 500 ml es de 45,00 euros. Productos individuales que s\u00f3lo contienen una \u00fanica sustancia, por ejemplo, s\u00f3lo oro. Estos productos tienen un efecto mucho menos eficaz sobre el cuerpo y la mente que un producto que contenga varias sustancias, lo que se debe al hecho de que las sustancias interact\u00faan entre s\u00ed y entran en una reacci\u00f3n que hace que el efecto sea mucho m\u00e1s fuerte. Hemos comprobado que el iridio, el tantalio y el cobalto tienen un efecto rejuvenecedor sobre el cuerpo y la mente m\u00e1s fuerte que el oro. Por lo tanto, antes de comprar este producto, le recomiendo que eche un vistazo a nuestro complejo mineral, que es sin duda 100 veces m\u00e1s eficaz en el cuerpo y la mente que esta agua de oro. El complejo mineral puede parecer m\u00e1s caro a primera vista, pero dura m\u00e1s, unos 4 meses en total (120 d\u00edas). El agua de oro, en cambio, dura 50 d\u00edas. El coste inicial es mayor, pero se beneficiar\u00e1 mucho m\u00e1s en todos los sentidos.\" \/>\n<meta property=\"og:url\" content=\"https:\/\/www.aurorscalartechnology.com\/es\/producto\/colloidal-gold-colloidaal-goud-goudwater\/\" \/>\n<meta property=\"og:site_name\" content=\"Auror Scalar Technology\" \/>\n<meta property=\"article:modified_time\" content=\"2024-09-02T09:50:21+00:00\" \/>\n<meta property=\"og:image\" content=\"https:\/\/www.aurorscalartechnology.com\/wp-content\/uploads\/2017\/08\/Goudwater-scaled.jpg\" \/>\n\t<meta property=\"og:image:width\" content=\"1946\" \/>\n\t<meta property=\"og:image:height\" content=\"2560\" \/>\n\t<meta property=\"og:image:type\" content=\"image\/jpeg\" \/>\n<meta name=\"twitter:card\" content=\"summary_large_image\" \/>\n<meta name=\"twitter:label1\" content=\"Tiempo de lectura\" \/>\n\t<meta name=\"twitter:data1\" content=\"2 minutos\" \/>\n<script type=\"application\/ld+json\" class=\"yoast-schema-graph\">{\"@context\":\"https:\\\/\\\/schema.org\",\"@graph\":[{\"@type\":\"WebPage\",\"@id\":\"https:\\\/\\\/www.aurorscalartechnology.com\\\/es\\\/producto\\\/colloidal-gold-colloidaal-goud-goudwater\\\/\",\"url\":\"https:\\\/\\\/www.aurorscalartechnology.com\\\/es\\\/producto\\\/colloidal-gold-colloidaal-goud-goudwater\\\/\",\"name\":\"Oro coloidal, Oro coloidal, Agua de oro - Auror Scalar Technology\",\"isPartOf\":{\"@id\":\"https:\\\/\\\/www.aurorscalartechnology.com\\\/es\\\/#website\"},\"primaryImageOfPage\":{\"@id\":\"https:\\\/\\\/www.aurorscalartechnology.com\\\/es\\\/producto\\\/colloidal-gold-colloidaal-goud-goudwater\\\/#primaryimage\"},\"image\":{\"@id\":\"https:\\\/\\\/www.aurorscalartechnology.com\\\/es\\\/producto\\\/colloidal-gold-colloidaal-goud-goudwater\\\/#primaryimage\"},\"thumbnailUrl\":\"https:\\\/\\\/www.aurorscalartechnology.com\\\/wp-content\\\/uploads\\\/2017\\\/08\\\/Goudwater-scaled.jpg\",\"datePublished\":\"2023-08-08T08:19:18+00:00\",\"dateModified\":\"2024-09-02T09:50:21+00:00\",\"breadcrumb\":{\"@id\":\"https:\\\/\\\/www.aurorscalartechnology.com\\\/es\\\/producto\\\/colloidal-gold-colloidaal-goud-goudwater\\\/#breadcrumb\"},\"inLanguage\":\"es\",\"potentialAction\":[{\"@type\":\"ReadAction\",\"target\":[\"https:\\\/\\\/www.aurorscalartechnology.com\\\/es\\\/producto\\\/colloidal-gold-colloidaal-goud-goudwater\\\/\"]}]},{\"@type\":\"ImageObject\",\"inLanguage\":\"es\",\"@id\":\"https:\\\/\\\/www.aurorscalartechnology.com\\\/es\\\/producto\\\/colloidal-gold-colloidaal-goud-goudwater\\\/#primaryimage\",\"url\":\"https:\\\/\\\/www.aurorscalartechnology.com\\\/wp-content\\\/uploads\\\/2017\\\/08\\\/Goudwater-scaled.jpg\",\"contentUrl\":\"https:\\\/\\\/www.aurorscalartechnology.com\\\/wp-content\\\/uploads\\\/2017\\\/08\\\/Goudwater-scaled.jpg\",\"width\":1946,\"height\":2560},{\"@type\":\"BreadcrumbList\",\"@id\":\"https:\\\/\\\/www.aurorscalartechnology.com\\\/es\\\/producto\\\/colloidal-gold-colloidaal-goud-goudwater\\\/#breadcrumb\",\"itemListElement\":[{\"@type\":\"ListItem\",\"position\":1,\"name\":\"Home\",\"item\":\"https:\\\/\\\/www.aurorscalartechnology.com\\\/es\\\/\"},{\"@type\":\"ListItem\",\"position\":2,\"name\":\"Tienda\",\"item\":\"https:\\\/\\\/www.aurorscalartechnology.com\\\/es\\\/tienda\\\/\"},{\"@type\":\"ListItem\",\"position\":3,\"name\":\"Oro coloidal, Oro coloidal, Agua de oro\"}]},{\"@type\":\"WebSite\",\"@id\":\"https:\\\/\\\/www.aurorscalartechnology.com\\\/es\\\/#website\",\"url\":\"https:\\\/\\\/www.aurorscalartechnology.com\\\/es\\\/\",\"name\":\"Auror Scalar Technology\",\"description\":\"\",\"potentialAction\":[{\"@type\":\"SearchAction\",\"target\":{\"@type\":\"EntryPoint\",\"urlTemplate\":\"https:\\\/\\\/www.aurorscalartechnology.com\\\/es\\\/?s={search_term_string}\"},\"query-input\":{\"@type\":\"PropertyValueSpecification\",\"valueRequired\":true,\"valueName\":\"search_term_string\"}}],\"inLanguage\":\"es\"}]}<\/script>\n<!-- \/ Yoast SEO plugin. -->","yoast_head_json":{"title":"Oro coloidal, Oro coloidal, Agua de oro - Auror Scalar Technology","robots":{"index":"index","follow":"follow","max-snippet":"max-snippet:-1","max-image-preview":"max-image-preview:large","max-video-preview":"max-video-preview:-1"},"canonical":"https:\/\/www.aurorscalartechnology.com\/es\/producto\/colloidal-gold-colloidaal-goud-goudwater\/","og_locale":"es_ES","og_type":"article","og_title":"Oro coloidal, Oro coloidal, Agua de oro - Auror Scalar Technology","og_description":"El agua de oro coloidal, tambi\u00e9n conocida como agua de oro, contiene una soluci\u00f3n de oro puro en forma coloidal y contiene al menos 35 ppm de oro coloidal. El precio de 500 ml es de 45,00 euros. Productos individuales que s\u00f3lo contienen una \u00fanica sustancia, por ejemplo, s\u00f3lo oro. Estos productos tienen un efecto mucho menos eficaz sobre el cuerpo y la mente que un producto que contenga varias sustancias, lo que se debe al hecho de que las sustancias interact\u00faan entre s\u00ed y entran en una reacci\u00f3n que hace que el efecto sea mucho m\u00e1s fuerte. Hemos comprobado que el iridio, el tantalio y el cobalto tienen un efecto rejuvenecedor sobre el cuerpo y la mente m\u00e1s fuerte que el oro. Por lo tanto, antes de comprar este producto, le recomiendo que eche un vistazo a nuestro complejo mineral, que es sin duda 100 veces m\u00e1s eficaz en el cuerpo y la mente que esta agua de oro. El complejo mineral puede parecer m\u00e1s caro a primera vista, pero dura m\u00e1s, unos 4 meses en total (120 d\u00edas). El agua de oro, en cambio, dura 50 d\u00edas. El coste inicial es mayor, pero se beneficiar\u00e1 mucho m\u00e1s en todos los sentidos.","og_url":"https:\/\/www.aurorscalartechnology.com\/es\/producto\/colloidal-gold-colloidaal-goud-goudwater\/","og_site_name":"Auror Scalar Technology","article_modified_time":"2024-09-02T09:50:21+00:00","og_image":[{"width":1946,"height":2560,"url":"https:\/\/www.aurorscalartechnology.com\/wp-content\/uploads\/2017\/08\/Goudwater-scaled.jpg","type":"image\/jpeg"}],"twitter_card":"summary_large_image","twitter_misc":{"Tiempo de lectura":"2 minutos"},"schema":{"@context":"https:\/\/schema.org","@graph":[{"@type":"WebPage","@id":"https:\/\/www.aurorscalartechnology.com\/es\/producto\/colloidal-gold-colloidaal-goud-goudwater\/","url":"https:\/\/www.aurorscalartechnology.com\/es\/producto\/colloidal-gold-colloidaal-goud-goudwater\/","name":"Oro coloidal, Oro coloidal, Agua de oro - Auror Scalar Technology","isPartOf":{"@id":"https:\/\/www.aurorscalartechnology.com\/es\/#website"},"primaryImageOfPage":{"@id":"https:\/\/www.aurorscalartechnology.com\/es\/producto\/colloidal-gold-colloidaal-goud-goudwater\/#primaryimage"},"image":{"@id":"https:\/\/www.aurorscalartechnology.com\/es\/producto\/colloidal-gold-colloidaal-goud-goudwater\/#primaryimage"},"thumbnailUrl":"https:\/\/www.aurorscalartechnology.com\/wp-content\/uploads\/2017\/08\/Goudwater-scaled.jpg","datePublished":"2023-08-08T08:19:18+00:00","dateModified":"2024-09-02T09:50:21+00:00","breadcrumb":{"@id":"https:\/\/www.aurorscalartechnology.com\/es\/producto\/colloidal-gold-colloidaal-goud-goudwater\/#breadcrumb"},"inLanguage":"es","potentialAction":[{"@type":"ReadAction","target":["https:\/\/www.aurorscalartechnology.com\/es\/producto\/colloidal-gold-colloidaal-goud-goudwater\/"]}]},{"@type":"ImageObject","inLanguage":"es","@id":"https:\/\/www.aurorscalartechnology.com\/es\/producto\/colloidal-gold-colloidaal-goud-goudwater\/#primaryimage","url":"https:\/\/www.aurorscalartechnology.com\/wp-content\/uploads\/2017\/08\/Goudwater-scaled.jpg","contentUrl":"https:\/\/www.aurorscalartechnology.com\/wp-content\/uploads\/2017\/08\/Goudwater-scaled.jpg","width":1946,"height":2560},{"@type":"BreadcrumbList","@id":"https:\/\/www.aurorscalartechnology.com\/es\/producto\/colloidal-gold-colloidaal-goud-goudwater\/#breadcrumb","itemListElement":[{"@type":"ListItem","position":1,"name":"Home","item":"https:\/\/www.aurorscalartechnology.com\/es\/"},{"@type":"ListItem","position":2,"name":"Tienda","item":"https:\/\/www.aurorscalartechnology.com\/es\/tienda\/"},{"@type":"ListItem","position":3,"name":"Oro coloidal, Oro coloidal, Agua de oro"}]},{"@type":"WebSite","@id":"https:\/\/www.aurorscalartechnology.com\/es\/#website","url":"https:\/\/www.aurorscalartechnology.com\/es\/","name":"Auror Scalar Technology","description":"","potentialAction":[{"@type":"SearchAction","target":{"@type":"EntryPoint","urlTemplate":"https:\/\/www.aurorscalartechnology.com\/es\/?s={search_term_string}"},"query-input":{"@type":"PropertyValueSpecification","valueRequired":true,"valueName":"search_term_string"}}],"inLanguage":"es"}]}},"_links":{"self":[{"href":"https:\/\/www.aurorscalartechnology.com\/es\/wp-json\/wp\/v2\/product\/2619","targetHints":{"allow":["GET"]}}],"collection":[{"href":"https:\/\/www.aurorscalartechnology.com\/es\/wp-json\/wp\/v2\/product"}],"about":[{"href":"https:\/\/www.aurorscalartechnology.com\/es\/wp-json\/wp\/v2\/types\/product"}],"version-history":[{"count":8,"href":"https:\/\/www.aurorscalartechnology.com\/es\/wp-json\/wp\/v2\/product\/2619\/revisions"}],"predecessor-version":[{"id":23651,"href":"https:\/\/www.aurorscalartechnology.com\/es\/wp-json\/wp\/v2\/product\/2619\/revisions\/23651"}],"wp:featuredmedia":[{"embeddable":true,"href":"https:\/\/www.aurorscalartechnology.com\/es\/wp-json\/wp\/v2\/media\/20496"}],"wp:attachment":[{"href":"https:\/\/www.aurorscalartechnology.com\/es\/wp-json\/wp\/v2\/media?parent=2619"}],"wp:term":[{"taxonomy":"product_cat","embeddable":true,"href":"https:\/\/www.aurorscalartechnology.com\/es\/wp-json\/wp\/v2\/product_cat?post=2619"},{"taxonomy":"product_tag","embeddable":true,"href":"https:\/\/www.aurorscalartechnology.com\/es\/wp-json\/wp\/v2\/product_tag?post=2619"}],"curies":[{"name":"wp","href":"https:\/\/api.w.org\/{rel}","templated":true}]}}