{"id":26705,"date":"2024-08-28T13:35:52","date_gmt":"2024-08-28T13:35:52","guid":{"rendered":"https:\/\/www.aurorscalartechnology.com\/?post_type=product&#038;p=26705"},"modified":"2025-11-18T12:10:42","modified_gmt":"2025-11-18T11:10:42","slug":"suero-elixir-de-acido-hialuronico-y-toxina-botulinica-de-alta-tecnologia-eficaz-contra-la-flacidez-de-la-piel-y-las-arrugas","status":"publish","type":"product","link":"https:\/\/www.aurorscalartechnology.com\/es\/producto\/suero-elixir-de-acido-hialuronico-y-toxina-botulinica-de-alta-tecnologia-eficaz-contra-la-flacidez-de-la-piel-y-las-arrugas\/","title":{"rendered":"El \u00e1cido hialur\u00f3nico con toxina botul\u00ednica cuesta 90,00 \u20ac por 100 ml y 200,00 \u20ac por 250 ml."},"content":{"rendered":"\t\t<div data-elementor-type=\"wp-post\" data-elementor-id=\"26705\" class=\"elementor elementor-26705 elementor-23608\">\n\t\t\t\t\t\t<section class=\"elementor-section elementor-top-section elementor-element elementor-element-284f35a4 elementor-section-boxed elementor-section-height-default elementor-section-height-default\" data-id=\"284f35a4\" data-element_type=\"section\" data-e-type=\"section\">\n\t\t\t\t\t\t<div class=\"elementor-container elementor-column-gap-default\">\n\t\t\t\t\t<div class=\"elementor-column elementor-col-100 elementor-top-column elementor-element elementor-element-5de55ef\" data-id=\"5de55ef\" data-element_type=\"column\" data-e-type=\"column\">\n\t\t\t<div class=\"elementor-widget-wrap elementor-element-populated\">\n\t\t\t\t\t\t<div class=\"elementor-element elementor-element-7b0c4e00 elementor-widget elementor-widget-text-editor\" data-id=\"7b0c4e00\" data-element_type=\"widget\" data-e-type=\"widget\" data-widget_type=\"text-editor.default\">\n\t\t\t\t<div class=\"elementor-widget-container\">\n\t\t\t\t\t\t\t\t\t<p><b><strong>\u00c1cido hialur\u00f3nico con toxina botul\u00ednica S\u00e9rum\/Elixir<\/strong><\/b><\/p><p>Este suero\/elixir de alta tecnolog\u00eda tiene notables propiedades antioxidantes y desintoxicantes en lo que respecta a la flacidez de la piel y las arrugas. Tambi\u00e9n puede ayudar a prevenir que las arrugas se hagan m\u00e1s profundas. Este suero\/elixir es muy recomendable para prevenir el envejecimiento de la piel. Los resultados visibles se pueden observar aproximadamente despu\u00e9s de un mes de uso.<\/p><p><b>\u00bfQu\u00e9 es la toxina botul\u00ednica?<\/b><\/p><p>La toxina botul\u00ednica es una prote\u00edna natural producida por la bacteria Clostridium botulinum. Anteriormente, la toxina botul\u00ednica solo se conoc\u00eda como una prote\u00edna peligrosa: si los alimentos se contaminan con la prote\u00edna botul\u00ednica, pueden provocar botulismo, una enfermedad grave y potencialmente mortal. Sin embargo, en los \u00faltimos 40 a\u00f1os, los investigadores han logrado transformar la prote\u00edna botul\u00ednica en un medicamento eficaz y seguro contra diversas afecciones, siempre y cuando se administre en la dosis adecuada. Existen varias formas de botulina, pero la que utilizamos para aplicar sobre la piel es diferente de la toxina botul\u00ednica que se inyecta. Esta \u00faltima tambi\u00e9n puede causar problemas de salud.<\/p><p><b><strong>Toxina botul\u00ednica<\/strong><\/b><\/p><p>Creado para minimizar o eliminar las l\u00edneas y arrugas de la piel, este revolucionario tratamiento facial (tratamiento corporal) es una de las claves para rejuvenecer y restaurar la vitalidad de la piel, tanto por fuera como por dentro.<\/p><p>Con solo una breve intervenci\u00f3n, se puede experimentar una reducci\u00f3n significativa de las arrugas y una mejora claramente visible de la elasticidad de la piel del rostro. Tambi\u00e9n se notar\u00e1 que la piel adquiere un tono m\u00e1s saludable. Podr\u00e1 dejar de preocuparse por los signos del envejecimiento, lo que le proporcionar\u00e1 una sensaci\u00f3n notablemente m\u00e1s relajada y un aspecto mucho m\u00e1s joven.<\/p><p>Este suero antienvejecimiento con toxina botul\u00ednica, \u00e1cido hialur\u00f3nico y una mezcla de minerales ha sido desarrollado por nosotros para el rejuvenecimiento corporal. Me parece una locura que personas de 60, 70 u 80 a\u00f1os, o de cualquier otra edad, tengan que andar con un andador y parezcan, por decirlo de alguna manera, un mont\u00f3n de carne arrugada. Esta f\u00f3rmula es un producto seguro y fiable. Con nosotros, puede estar seguro de que obtendr\u00e1 un producto de calidad que cumple con los m\u00e1s altos est\u00e1ndares para mantener el cuerpo lo m\u00e1s vital y joven posible durante el mayor tiempo posible.<\/p><p><b><strong>\u00bfQu\u00e9 hace el \u00e1cido hialur\u00f3nico?<\/strong><\/b><\/p><ul><li>Fortalece la piel gracias a los antioxidantes.<\/li><li>Acelera la regeneraci\u00f3n y la reestructuraci\u00f3n de la piel.<\/li><li>Ayuda a desintoxicar la piel.<\/li><li>Tiene un efecto antiinflamatorio sobre la piel.<\/li><li>Adem\u00e1s, tambi\u00e9n ayuda a reducir y prevenir las arrugas.<\/li><li>Combate las quemaduras y el picor de la piel.<\/li><\/ul><p><b><strong>\u00bfCu\u00e1les son los ingredientes?<\/strong><\/b><\/p><ul><li>Toxina botul\u00ednica: rellena las arrugas, lo que hace que la piel luzca m\u00e1s tersa. Tambi\u00e9n puede reafirmar la piel fl\u00e1cida.<\/li><li>\u00c1cido hialur\u00f3nico: un hidratante natural que mejora la absorci\u00f3n de humedad y contrarresta la p\u00e9rdida de humedad, lo que le da a la piel un aspecto saludable y firme.<\/li><li>Procaina: antienvejecimiento (profesora Ana Aslan).<\/li><li>Bicarbonato s\u00f3dico.<\/li><li>Platino: estimula la renovaci\u00f3n celular y neutraliza los radicales libres.<\/li><li>Cobre: es bueno para el tejido conectivo de la piel.<\/li><li>Zinc: no solo es importante para la capacidad de recuperaci\u00f3n de la piel, sino que tambi\u00e9n controla y regula la cantidad de testosterona en el cuerpo. La testosterona desempe\u00f1a un papel importante en la aparici\u00f3n del acn\u00e9, entre otras cosas.<\/li><li>Oro: para un bonito rejuvenecimiento de la piel.<\/li><\/ul>\t\t\t\t\t\t\t\t<\/div>\n\t\t\t\t<\/div>\n\t\t\t\t\t<\/div>\n\t\t<\/div>\n\t\t\t\t\t<\/div>\n\t\t<\/section>\n\t\t\t\t<\/div>\n\t\t","protected":false},"excerpt":{"rendered":"<p><b>Descripci\u00f3n<\/b><\/p>\n<p>Este suero\/elixir de \u00e1cido hialur\u00f3nico y toxina botul\u00ednica de alta tecnolog\u00eda tiene notables propiedades antioxidantes y desintoxicantes en lo que respecta a la flacidez de la piel y las arrugas. Tambi\u00e9n puede ayudar a prevenir que las arrugas se hagan m\u00e1s profundas. Este s\u00e9rum\/elixir es muy recomendable para prevenir el envejecimiento de la piel. El precio por 100 ml es de 90,0 \u20ac.<\/p>\n","protected":false},"featured_media":25811,"template":"","meta":[],"product_cat":[281],"product_tag":[],"class_list":{"0":"post-26705","1":"product","2":"type-product","3":"status-publish","4":"has-post-thumbnail","6":"product_cat-todos-los-productos","8":"first","9":"instock","10":"sale","11":"taxable","12":"shipping-taxable","13":"purchasable","14":"product-type-variable"},"yoast_head":"<!-- This site is optimized with the Yoast SEO plugin v27.4 - https:\/\/yoast.com\/product\/yoast-seo-wordpress\/ -->\n<title>El \u00e1cido hialur\u00f3nico con toxina botul\u00ednica cuesta 90,00 \u20ac por 100 ml y 200,00 \u20ac por 250 ml. - Auror Scalar Technology<\/title>\n<meta name=\"description\" content=\"Descripci\u00f3nEste suero\/elixir de \u00e1cido hialur\u00f3nico y toxina botul\u00ednica de alta tecnolog\u00eda es eficaz contra la flacidez de la piel y las arrugas.\" \/>\n<meta name=\"robots\" content=\"index, follow, max-snippet:-1, max-image-preview:large, max-video-preview:-1\" \/>\n<link rel=\"canonical\" href=\"https:\/\/www.aurorscalartechnology.com\/es\/producto\/suero-elixir-de-acido-hialuronico-y-toxina-botulinica-de-alta-tecnologia-eficaz-contra-la-flacidez-de-la-piel-y-las-arrugas\/\" \/>\n<meta property=\"og:locale\" content=\"es_ES\" \/>\n<meta property=\"og:type\" content=\"article\" \/>\n<meta property=\"og:title\" content=\"El \u00e1cido hialur\u00f3nico con toxina botul\u00ednica cuesta 90,00 \u20ac por 100 ml y 200,00 \u20ac por 250 ml. - Auror Scalar Technology\" \/>\n<meta property=\"og:description\" content=\"Descripci\u00f3nEste suero\/elixir de \u00e1cido hialur\u00f3nico y toxina botul\u00ednica de alta tecnolog\u00eda es eficaz contra la flacidez de la piel y las arrugas.\" \/>\n<meta property=\"og:url\" content=\"https:\/\/www.aurorscalartechnology.com\/es\/producto\/suero-elixir-de-acido-hialuronico-y-toxina-botulinica-de-alta-tecnologia-eficaz-contra-la-flacidez-de-la-piel-y-las-arrugas\/\" \/>\n<meta property=\"og:site_name\" content=\"Auror Scalar Technology\" \/>\n<meta property=\"article:modified_time\" content=\"2025-11-18T11:10:42+00:00\" \/>\n<meta property=\"og:image\" content=\"https:\/\/www.aurorscalartechnology.com\/wp-content\/uploads\/2023\/08\/Botox-scaled.jpg\" \/>\n\t<meta property=\"og:image:width\" content=\"1316\" \/>\n\t<meta property=\"og:image:height\" content=\"2560\" \/>\n\t<meta property=\"og:image:type\" content=\"image\/jpeg\" \/>\n<meta name=\"twitter:card\" content=\"summary_large_image\" \/>\n<meta name=\"twitter:label1\" content=\"Tiempo de lectura\" \/>\n\t<meta name=\"twitter:data1\" content=\"3 minutos\" \/>\n<script type=\"application\/ld+json\" class=\"yoast-schema-graph\">{\"@context\":\"https:\\\/\\\/schema.org\",\"@graph\":[{\"@type\":\"WebPage\",\"@id\":\"https:\\\/\\\/www.aurorscalartechnology.com\\\/es\\\/producto\\\/suero-elixir-de-acido-hialuronico-y-toxina-botulinica-de-alta-tecnologia-eficaz-contra-la-flacidez-de-la-piel-y-las-arrugas\\\/\",\"url\":\"https:\\\/\\\/www.aurorscalartechnology.com\\\/es\\\/producto\\\/suero-elixir-de-acido-hialuronico-y-toxina-botulinica-de-alta-tecnologia-eficaz-contra-la-flacidez-de-la-piel-y-las-arrugas\\\/\",\"name\":\"El \u00e1cido hialur\u00f3nico con toxina botul\u00ednica cuesta 90,00 \u20ac por 100 ml y 200,00 \u20ac por 250 ml. - Auror Scalar Technology\",\"isPartOf\":{\"@id\":\"https:\\\/\\\/www.aurorscalartechnology.com\\\/es\\\/#website\"},\"primaryImageOfPage\":{\"@id\":\"https:\\\/\\\/www.aurorscalartechnology.com\\\/es\\\/producto\\\/suero-elixir-de-acido-hialuronico-y-toxina-botulinica-de-alta-tecnologia-eficaz-contra-la-flacidez-de-la-piel-y-las-arrugas\\\/#primaryimage\"},\"image\":{\"@id\":\"https:\\\/\\\/www.aurorscalartechnology.com\\\/es\\\/producto\\\/suero-elixir-de-acido-hialuronico-y-toxina-botulinica-de-alta-tecnologia-eficaz-contra-la-flacidez-de-la-piel-y-las-arrugas\\\/#primaryimage\"},\"thumbnailUrl\":\"https:\\\/\\\/www.aurorscalartechnology.com\\\/wp-content\\\/uploads\\\/2023\\\/08\\\/Botox-scaled.jpg\",\"datePublished\":\"2024-08-28T13:35:52+00:00\",\"dateModified\":\"2025-11-18T11:10:42+00:00\",\"description\":\"Descripci\u00f3nEste suero\\\/elixir de \u00e1cido hialur\u00f3nico y toxina botul\u00ednica de alta tecnolog\u00eda es eficaz contra la flacidez de la piel y las arrugas.\",\"breadcrumb\":{\"@id\":\"https:\\\/\\\/www.aurorscalartechnology.com\\\/es\\\/producto\\\/suero-elixir-de-acido-hialuronico-y-toxina-botulinica-de-alta-tecnologia-eficaz-contra-la-flacidez-de-la-piel-y-las-arrugas\\\/#breadcrumb\"},\"inLanguage\":\"es\",\"potentialAction\":[{\"@type\":\"ReadAction\",\"target\":[\"https:\\\/\\\/www.aurorscalartechnology.com\\\/es\\\/producto\\\/suero-elixir-de-acido-hialuronico-y-toxina-botulinica-de-alta-tecnologia-eficaz-contra-la-flacidez-de-la-piel-y-las-arrugas\\\/\"]}]},{\"@type\":\"ImageObject\",\"inLanguage\":\"es\",\"@id\":\"https:\\\/\\\/www.aurorscalartechnology.com\\\/es\\\/producto\\\/suero-elixir-de-acido-hialuronico-y-toxina-botulinica-de-alta-tecnologia-eficaz-contra-la-flacidez-de-la-piel-y-las-arrugas\\\/#primaryimage\",\"url\":\"https:\\\/\\\/www.aurorscalartechnology.com\\\/wp-content\\\/uploads\\\/2023\\\/08\\\/Botox-scaled.jpg\",\"contentUrl\":\"https:\\\/\\\/www.aurorscalartechnology.com\\\/wp-content\\\/uploads\\\/2023\\\/08\\\/Botox-scaled.jpg\",\"width\":1316,\"height\":2560},{\"@type\":\"BreadcrumbList\",\"@id\":\"https:\\\/\\\/www.aurorscalartechnology.com\\\/es\\\/producto\\\/suero-elixir-de-acido-hialuronico-y-toxina-botulinica-de-alta-tecnologia-eficaz-contra-la-flacidez-de-la-piel-y-las-arrugas\\\/#breadcrumb\",\"itemListElement\":[{\"@type\":\"ListItem\",\"position\":1,\"name\":\"Home\",\"item\":\"https:\\\/\\\/www.aurorscalartechnology.com\\\/es\\\/\"},{\"@type\":\"ListItem\",\"position\":2,\"name\":\"Tienda\",\"item\":\"https:\\\/\\\/www.aurorscalartechnology.com\\\/es\\\/tienda\\\/\"},{\"@type\":\"ListItem\",\"position\":3,\"name\":\"El \u00e1cido hialur\u00f3nico con toxina botul\u00ednica cuesta 90,00 \u20ac por 100 ml y 200,00 \u20ac por 250 ml.\"}]},{\"@type\":\"WebSite\",\"@id\":\"https:\\\/\\\/www.aurorscalartechnology.com\\\/es\\\/#website\",\"url\":\"https:\\\/\\\/www.aurorscalartechnology.com\\\/es\\\/\",\"name\":\"Auror Scalar Technology\",\"description\":\"\",\"potentialAction\":[{\"@type\":\"SearchAction\",\"target\":{\"@type\":\"EntryPoint\",\"urlTemplate\":\"https:\\\/\\\/www.aurorscalartechnology.com\\\/es\\\/?s={search_term_string}\"},\"query-input\":{\"@type\":\"PropertyValueSpecification\",\"valueRequired\":true,\"valueName\":\"search_term_string\"}}],\"inLanguage\":\"es\"}]}<\/script>\n<!-- \/ Yoast SEO plugin. -->","yoast_head_json":{"title":"El \u00e1cido hialur\u00f3nico con toxina botul\u00ednica cuesta 90,00 \u20ac por 100 ml y 200,00 \u20ac por 250 ml. - Auror Scalar Technology","description":"Descripci\u00f3nEste suero\/elixir de \u00e1cido hialur\u00f3nico y toxina botul\u00ednica de alta tecnolog\u00eda es eficaz contra la flacidez de la piel y las arrugas.","robots":{"index":"index","follow":"follow","max-snippet":"max-snippet:-1","max-image-preview":"max-image-preview:large","max-video-preview":"max-video-preview:-1"},"canonical":"https:\/\/www.aurorscalartechnology.com\/es\/producto\/suero-elixir-de-acido-hialuronico-y-toxina-botulinica-de-alta-tecnologia-eficaz-contra-la-flacidez-de-la-piel-y-las-arrugas\/","og_locale":"es_ES","og_type":"article","og_title":"El \u00e1cido hialur\u00f3nico con toxina botul\u00ednica cuesta 90,00 \u20ac por 100 ml y 200,00 \u20ac por 250 ml. - Auror Scalar Technology","og_description":"Descripci\u00f3nEste suero\/elixir de \u00e1cido hialur\u00f3nico y toxina botul\u00ednica de alta tecnolog\u00eda es eficaz contra la flacidez de la piel y las arrugas.","og_url":"https:\/\/www.aurorscalartechnology.com\/es\/producto\/suero-elixir-de-acido-hialuronico-y-toxina-botulinica-de-alta-tecnologia-eficaz-contra-la-flacidez-de-la-piel-y-las-arrugas\/","og_site_name":"Auror Scalar Technology","article_modified_time":"2025-11-18T11:10:42+00:00","og_image":[{"width":1316,"height":2560,"url":"https:\/\/www.aurorscalartechnology.com\/wp-content\/uploads\/2023\/08\/Botox-scaled.jpg","type":"image\/jpeg"}],"twitter_card":"summary_large_image","twitter_misc":{"Tiempo de lectura":"3 minutos"},"schema":{"@context":"https:\/\/schema.org","@graph":[{"@type":"WebPage","@id":"https:\/\/www.aurorscalartechnology.com\/es\/producto\/suero-elixir-de-acido-hialuronico-y-toxina-botulinica-de-alta-tecnologia-eficaz-contra-la-flacidez-de-la-piel-y-las-arrugas\/","url":"https:\/\/www.aurorscalartechnology.com\/es\/producto\/suero-elixir-de-acido-hialuronico-y-toxina-botulinica-de-alta-tecnologia-eficaz-contra-la-flacidez-de-la-piel-y-las-arrugas\/","name":"El \u00e1cido hialur\u00f3nico con toxina botul\u00ednica cuesta 90,00 \u20ac por 100 ml y 200,00 \u20ac por 250 ml. - Auror Scalar Technology","isPartOf":{"@id":"https:\/\/www.aurorscalartechnology.com\/es\/#website"},"primaryImageOfPage":{"@id":"https:\/\/www.aurorscalartechnology.com\/es\/producto\/suero-elixir-de-acido-hialuronico-y-toxina-botulinica-de-alta-tecnologia-eficaz-contra-la-flacidez-de-la-piel-y-las-arrugas\/#primaryimage"},"image":{"@id":"https:\/\/www.aurorscalartechnology.com\/es\/producto\/suero-elixir-de-acido-hialuronico-y-toxina-botulinica-de-alta-tecnologia-eficaz-contra-la-flacidez-de-la-piel-y-las-arrugas\/#primaryimage"},"thumbnailUrl":"https:\/\/www.aurorscalartechnology.com\/wp-content\/uploads\/2023\/08\/Botox-scaled.jpg","datePublished":"2024-08-28T13:35:52+00:00","dateModified":"2025-11-18T11:10:42+00:00","description":"Descripci\u00f3nEste suero\/elixir de \u00e1cido hialur\u00f3nico y toxina botul\u00ednica de alta tecnolog\u00eda es eficaz contra la flacidez de la piel y las arrugas.","breadcrumb":{"@id":"https:\/\/www.aurorscalartechnology.com\/es\/producto\/suero-elixir-de-acido-hialuronico-y-toxina-botulinica-de-alta-tecnologia-eficaz-contra-la-flacidez-de-la-piel-y-las-arrugas\/#breadcrumb"},"inLanguage":"es","potentialAction":[{"@type":"ReadAction","target":["https:\/\/www.aurorscalartechnology.com\/es\/producto\/suero-elixir-de-acido-hialuronico-y-toxina-botulinica-de-alta-tecnologia-eficaz-contra-la-flacidez-de-la-piel-y-las-arrugas\/"]}]},{"@type":"ImageObject","inLanguage":"es","@id":"https:\/\/www.aurorscalartechnology.com\/es\/producto\/suero-elixir-de-acido-hialuronico-y-toxina-botulinica-de-alta-tecnologia-eficaz-contra-la-flacidez-de-la-piel-y-las-arrugas\/#primaryimage","url":"https:\/\/www.aurorscalartechnology.com\/wp-content\/uploads\/2023\/08\/Botox-scaled.jpg","contentUrl":"https:\/\/www.aurorscalartechnology.com\/wp-content\/uploads\/2023\/08\/Botox-scaled.jpg","width":1316,"height":2560},{"@type":"BreadcrumbList","@id":"https:\/\/www.aurorscalartechnology.com\/es\/producto\/suero-elixir-de-acido-hialuronico-y-toxina-botulinica-de-alta-tecnologia-eficaz-contra-la-flacidez-de-la-piel-y-las-arrugas\/#breadcrumb","itemListElement":[{"@type":"ListItem","position":1,"name":"Home","item":"https:\/\/www.aurorscalartechnology.com\/es\/"},{"@type":"ListItem","position":2,"name":"Tienda","item":"https:\/\/www.aurorscalartechnology.com\/es\/tienda\/"},{"@type":"ListItem","position":3,"name":"El \u00e1cido hialur\u00f3nico con toxina botul\u00ednica cuesta 90,00 \u20ac por 100 ml y 200,00 \u20ac por 250 ml."}]},{"@type":"WebSite","@id":"https:\/\/www.aurorscalartechnology.com\/es\/#website","url":"https:\/\/www.aurorscalartechnology.com\/es\/","name":"Auror Scalar Technology","description":"","potentialAction":[{"@type":"SearchAction","target":{"@type":"EntryPoint","urlTemplate":"https:\/\/www.aurorscalartechnology.com\/es\/?s={search_term_string}"},"query-input":{"@type":"PropertyValueSpecification","valueRequired":true,"valueName":"search_term_string"}}],"inLanguage":"es"}]}},"_links":{"self":[{"href":"https:\/\/www.aurorscalartechnology.com\/es\/wp-json\/wp\/v2\/product\/26705","targetHints":{"allow":["GET"]}}],"collection":[{"href":"https:\/\/www.aurorscalartechnology.com\/es\/wp-json\/wp\/v2\/product"}],"about":[{"href":"https:\/\/www.aurorscalartechnology.com\/es\/wp-json\/wp\/v2\/types\/product"}],"version-history":[{"count":4,"href":"https:\/\/www.aurorscalartechnology.com\/es\/wp-json\/wp\/v2\/product\/26705\/revisions"}],"predecessor-version":[{"id":26712,"href":"https:\/\/www.aurorscalartechnology.com\/es\/wp-json\/wp\/v2\/product\/26705\/revisions\/26712"}],"wp:featuredmedia":[{"embeddable":true,"href":"https:\/\/www.aurorscalartechnology.com\/es\/wp-json\/wp\/v2\/media\/25811"}],"wp:attachment":[{"href":"https:\/\/www.aurorscalartechnology.com\/es\/wp-json\/wp\/v2\/media?parent=26705"}],"wp:term":[{"taxonomy":"product_cat","embeddable":true,"href":"https:\/\/www.aurorscalartechnology.com\/es\/wp-json\/wp\/v2\/product_cat?post=26705"},{"taxonomy":"product_tag","embeddable":true,"href":"https:\/\/www.aurorscalartechnology.com\/es\/wp-json\/wp\/v2\/product_tag?post=26705"}],"curies":[{"name":"wp","href":"https:\/\/api.w.org\/{rel}","templated":true}]}}