{"id":26713,"date":"2025-02-04T14:26:06","date_gmt":"2025-02-04T13:26:06","guid":{"rendered":"https:\/\/www.aurorscalartechnology.com\/?post_type=product&#038;p=26713"},"modified":"2025-11-20T10:03:16","modified_gmt":"2025-11-20T09:03:16","slug":"descripcion-msm-para-una-piel-y-articulaciones-sanas-y-para-la-desintoxicacion","status":"publish","type":"product","link":"https:\/\/www.aurorscalartechnology.com\/es\/producto\/descripcion-msm-para-una-piel-y-articulaciones-sanas-y-para-la-desintoxicacion\/","title":{"rendered":"MSM (metilsulfonilmetano) coloidal 500 ml 50,00 \u20ac"},"content":{"rendered":"\t\t<div data-elementor-type=\"wp-post\" data-elementor-id=\"26713\" class=\"elementor elementor-26713 elementor-24602\">\n\t\t\t\t\t\t<section class=\"elementor-section elementor-top-section elementor-element elementor-element-8dc5481 elementor-section-boxed elementor-section-height-default elementor-section-height-default\" data-id=\"8dc5481\" data-element_type=\"section\" data-e-type=\"section\">\n\t\t\t\t\t\t<div class=\"elementor-container elementor-column-gap-default\">\n\t\t\t\t\t<div class=\"elementor-column elementor-col-100 elementor-top-column elementor-element elementor-element-d8a3e21\" data-id=\"d8a3e21\" data-element_type=\"column\" data-e-type=\"column\">\n\t\t\t<div class=\"elementor-widget-wrap elementor-element-populated\">\n\t\t\t\t\t\t<div class=\"elementor-element elementor-element-2ef0537 elementor-widget elementor-widget-heading\" data-id=\"2ef0537\" data-element_type=\"widget\" data-e-type=\"widget\" data-widget_type=\"heading.default\">\n\t\t\t\t<div class=\"elementor-widget-container\">\n\t\t\t\t\t<h2 class=\"elementor-heading-title elementor-size-default\">A\u00f1ade aqu\u00ed tu texto de cabecera\n\u00bfQu\u00e9 es el MSM?\n\n<\/h2>\t\t\t\t<\/div>\n\t\t\t\t<\/div>\n\t\t\t\t\t<\/div>\n\t\t<\/div>\n\t\t\t\t\t<\/div>\n\t\t<\/section>\n\t\t\t\t<section class=\"elementor-section elementor-top-section elementor-element elementor-element-55959a6 elementor-section-boxed elementor-section-height-default elementor-section-height-default\" data-id=\"55959a6\" data-element_type=\"section\" data-e-type=\"section\">\n\t\t\t\t\t\t<div class=\"elementor-container elementor-column-gap-default\">\n\t\t\t\t\t<div class=\"elementor-column elementor-col-50 elementor-top-column elementor-element elementor-element-9e546bc\" data-id=\"9e546bc\" data-element_type=\"column\" data-e-type=\"column\">\n\t\t\t<div class=\"elementor-widget-wrap elementor-element-populated\">\n\t\t\t\t\t\t<div class=\"elementor-element elementor-element-e6a7c57 elementor-widget elementor-widget-text-editor\" data-id=\"e6a7c57\" data-element_type=\"widget\" data-e-type=\"widget\" data-widget_type=\"text-editor.default\">\n\t\t\t\t<div class=\"elementor-widget-container\">\n\t\t\t\t\t\t\t\t\t<p>\u00a0<\/p><p>\u00a0<\/p>\t\t\t\t\t\t\t\t<\/div>\n\t\t\t\t<\/div>\n\t\t\t\t\t<\/div>\n\t\t<\/div>\n\t\t\t\t<div class=\"elementor-column elementor-col-50 elementor-top-column elementor-element elementor-element-9312974\" data-id=\"9312974\" data-element_type=\"column\" data-e-type=\"column\">\n\t\t\t<div class=\"elementor-widget-wrap\">\n\t\t\t\t\t\t\t<\/div>\n\t\t<\/div>\n\t\t\t\t\t<\/div>\n\t\t<\/section>\n\t\t\t\t<section class=\"elementor-section elementor-top-section elementor-element elementor-element-6ee8b28 elementor-section-boxed elementor-section-height-default elementor-section-height-default\" data-id=\"6ee8b28\" data-element_type=\"section\" data-e-type=\"section\">\n\t\t\t\t\t\t<div class=\"elementor-container elementor-column-gap-default\">\n\t\t\t\t\t<div class=\"elementor-column elementor-col-100 elementor-top-column elementor-element elementor-element-c91d9c8\" data-id=\"c91d9c8\" data-element_type=\"column\" data-e-type=\"column\">\n\t\t\t<div class=\"elementor-widget-wrap elementor-element-populated\">\n\t\t\t\t\t\t<div class=\"elementor-element elementor-element-00a673e elementor-widget elementor-widget-text-editor\" data-id=\"00a673e\" data-element_type=\"widget\" data-e-type=\"widget\" data-widget_type=\"text-editor.default\">\n\t\t\t\t<div class=\"elementor-widget-container\">\n\t\t\t\t\t\t\t\t\t<p><b><strong>\u00bfQu\u00e9 es el MSM?<\/strong><\/b><\/p><p>El MSM es un compuesto de azufre que se encuentra de forma natural en el cuerpo humano, as\u00ed como en plantas, alimentos y animales. MSM son las siglas de \u00abmetilsulfonilo metano\u00bb, pero tambi\u00e9n se conoce con otros nombres, entre ellos:<\/p><ul><li>Dimetilsulfona<\/li><li>Sulfonilbismetano<\/li><li>Azufre org\u00e1nico<\/li><li>Metilsulfonilo<\/li><li>Dimetilsulf\u00f3xido cristalino<\/li><\/ul><p>Los MSM suelen ser de origen sint\u00e9tico y se derivan de otro compuesto llamado dimetilsulf\u00f3xido (DMSO). El DMSO y el MSM se utilizaron inicialmente en laboratorios como disolventes, pero cuando los cient\u00edficos comenzaron a experimentar con el uso del DMSO como medicamento, tambi\u00e9n experimentaron con el MSM. En 1981, el Dr. Herschler patent\u00f3 el MSM como tratamiento para suavizar y alisar la piel y fortalecer las u\u00f1as.<\/p><p><b><strong>\u00bfC\u00f3mo funciona el MSM?<\/strong><\/b><\/p><p>El cuerpo utiliza el azufre para producir una prote\u00edna llamada col\u00e1geno y un amino\u00e1cido llamado glucosamina. Ambos compuestos ayudan a construir y mantener huesos y articulaciones sanos. El azufre tambi\u00e9n ayuda a producir unas c\u00e9lulas llamadas inmunoglobulinas, necesarias para un sistema inmunol\u00f3gico sano.<\/p><p>El MSM contiene de forma natural un tipo de azufre llamado sulfato, por lo que los expertos afirman que es un donante de azufre, lo que significa que se convierte en azufre o a\u00f1ade m\u00e1s azufre al organismo. Sin embargo, no est\u00e1 del todo claro c\u00f3mo funciona el MSM. Los estudios demuestran que el MSM se absorbe r\u00e1pidamente en todo el organismo, aunque la mayor parte se elimina a trav\u00e9s de la orina.<\/p><p><b><strong>Beneficios del MSM<\/strong><\/b><\/p><p>Las personas toman MSM para tratar muchas afecciones. Las investigaciones que respaldan su uso son prometedoras, pero se necesitan m\u00e1s estudios y de mayor envergadura.<\/p><p>El MSM es un suplemento muy utilizado para las articulaciones y la artritis. Algunos estudios demuestran que puede ayudar a aliviar el dolor articular y muscular. Por lo tanto, es bueno para las personas que practican mucho deporte.<\/p><p>Otro estudio piloto administr\u00f3 MSM o una pastilla de placebo a pacientes con osteoartritis de rodilla durante 12 semanas. Aproximadamente el 25 % de los pacientes que tomaron MSM experimentaron una reducci\u00f3n del dolor y una mejora en el movimiento y la funci\u00f3n de la rodilla. No se observaron cambios en la rigidez articular.<\/p><p>Otro estudio administr\u00f3 a los pacientes una dosis elevada de 6000 miligramos de MSM para la artrosis de rodilla. Redujo el dolor y ayud\u00f3 a mejorar la funci\u00f3n sin efectos secundarios. Estudios de este tipo sugieren que podr\u00eda ser \u00fatil, pero se necesita m\u00e1s investigaci\u00f3n.<\/p><p><b><strong>Puede ayudar a reducir la inflamaci\u00f3n<\/strong><\/b><\/p><p>Los investigadores probaron el MSM in vitro en c\u00e9lulas inmunitarias. El MSM bloque\u00f3 el crecimiento de las c\u00e9lulas que causan la inflamaci\u00f3n y bloque\u00f3 las enzimas que producen radicales libres, mol\u00e9culas inestables que causan da\u00f1o f\u00edsico.<\/p><p>En otro estudio, los investigadores probaron los efectos del MSM sobre la inflamaci\u00f3n despu\u00e9s del ejercicio. Algunos hombres sanos tomaron suplementos de MSM durante 28 d\u00edas, mientras que otros tomaron un suplemento placebo. Al final del mes, cada grupo realiz\u00f3 una ronda de ejercicios intensivos. Los que tomaron MSM ten\u00edan niveles m\u00e1s bajos de marcadores de inflamaci\u00f3n en sangre inmediatamente despu\u00e9s del ejercicio.<\/p><p><b><strong>Puede actuar como antioxidante<\/strong><\/b><\/p><p>El MSM tambi\u00e9n podr\u00eda actuar como antioxidante y ayudar a bloquear las prote\u00ednas y enzimas que producen radicales libres.<\/p><p><b><strong>Tambi\u00e9n puede ayudar a la desintoxicaci\u00f3n<\/strong><\/b><\/p><p>El cuerpo une el azufre a ciertos compuestos de los medicamentos, lo que los hace solubles en agua y f\u00e1ciles de eliminar a trav\u00e9s de la orina u otros m\u00e9todos. Este proceso se denomina sulfuraci\u00f3n y es importante para algunos medicamentos, como el paracetamol. Los estudios demuestran que el MSM puede contribuir a este proceso y ayudar a desintoxicar el paracetamol y otras toxinas , lo que puede ser \u00fatil en casos de intoxicaci\u00f3n.<\/p><p><b><strong>\u00bfTiene el MSM efectos secundarios?<\/strong><\/b><\/p><p>Probablemente, el MSM es seguro para su consumo oral durante un m\u00e1ximo de 6 meses. Sin embargo, no hay suficiente informaci\u00f3n para saber si el MSM es seguro durante el embarazo y la lactancia , por lo que debe evitarse en estos momentos.<\/p><p><b>El MSM tambi\u00e9n puede causar efectos secundarios<\/b>.<\/p><p>Los efectos secundarios de los suplementos de MSM pueden incluir: problemas digestivos, como n\u00e1useas, diarrea, hinchaz\u00f3n y dolor de est\u00f3mago.<\/p><p><b><strong>Interferencia con la medicaci\u00f3n<\/strong><\/b><\/p><p><a href=\"https:\/\/www.medicinenet.com\/vitamins_and_calcium_supplements\/article.htm\">Los suplementos diet\u00e9ticos<\/a> pueden interactuar con su medicaci\u00f3n. Aunque el MSM es seguro, debe consultar primero con su m\u00e9dico. El MSM puede interactuar con las v\u00edas de desintoxicaci\u00f3n de su medicamento, lo que puede afectar a su medicaci\u00f3n. Tambi\u00e9n puede interactuar con los anticoagulantes, lo que puede aumentar el riesgo de hemorragias.<\/p>\t\t\t\t\t\t\t\t<\/div>\n\t\t\t\t<\/div>\n\t\t\t\t\t<\/div>\n\t\t<\/div>\n\t\t\t\t\t<\/div>\n\t\t<\/section>\n\t\t\t\t<\/div>\n\t\t","protected":false},"excerpt":{"rendered":"<p><b>Descripci\u00f3n<\/b><\/p>\n<p>El MSM es un suplemento alimenticio que se promociona a menudo para la salud de la piel y las articulaciones y para la desintoxicaci\u00f3n. Es un producto coloidal que facilita su absorci\u00f3n por el organismo. El precio por 500 ml es de 50,00 \u20ac.<\/p>\n","protected":false},"featured_media":25825,"template":"","meta":[],"product_cat":[281],"product_tag":[],"class_list":{"0":"post-26713","1":"product","2":"type-product","3":"status-publish","4":"has-post-thumbnail","6":"product_cat-todos-los-productos","8":"first","9":"instock","10":"taxable","11":"shipping-taxable","12":"purchasable","13":"product-type-simple"},"yoast_head":"<!-- This site is optimized with the Yoast SEO plugin v27.4 - https:\/\/yoast.com\/product\/yoast-seo-wordpress\/ -->\n<title>MSM (metilsulfonilmetano) coloidal 500 ml 50,00 \u20ac - Auror Scalar Technology<\/title>\n<meta name=\"description\" content=\"Descripci\u00f3nEl MSM es un suplemento alimenticio que se promociona a menudo para la salud de la piel y las articulaciones, as\u00ed como para la desintoxicaci\u00f3n.\" \/>\n<meta name=\"robots\" content=\"index, follow, max-snippet:-1, max-image-preview:large, max-video-preview:-1\" \/>\n<link rel=\"canonical\" href=\"https:\/\/www.aurorscalartechnology.com\/es\/producto\/descripcion-msm-para-una-piel-y-articulaciones-sanas-y-para-la-desintoxicacion\/\" \/>\n<meta property=\"og:locale\" content=\"es_ES\" \/>\n<meta property=\"og:type\" content=\"article\" \/>\n<meta property=\"og:title\" content=\"MSM (metilsulfonilmetano) coloidal 500 ml 50,00 \u20ac - Auror Scalar Technology\" \/>\n<meta property=\"og:description\" content=\"Descripci\u00f3nEl MSM es un suplemento alimenticio que se promociona a menudo para la salud de la piel y las articulaciones, as\u00ed como para la desintoxicaci\u00f3n.\" \/>\n<meta property=\"og:url\" content=\"https:\/\/www.aurorscalartechnology.com\/es\/producto\/descripcion-msm-para-una-piel-y-articulaciones-sanas-y-para-la-desintoxicacion\/\" \/>\n<meta property=\"og:site_name\" content=\"Auror Scalar Technology\" \/>\n<meta property=\"article:modified_time\" content=\"2025-11-20T09:03:16+00:00\" \/>\n<meta property=\"og:image\" content=\"https:\/\/www.aurorscalartechnology.com\/wp-content\/uploads\/2023\/08\/MSM-scaled.jpg\" \/>\n\t<meta property=\"og:image:width\" content=\"1868\" \/>\n\t<meta property=\"og:image:height\" content=\"2560\" \/>\n\t<meta property=\"og:image:type\" content=\"image\/jpeg\" \/>\n<meta name=\"twitter:card\" content=\"summary_large_image\" \/>\n<meta name=\"twitter:label1\" content=\"Tiempo de lectura\" \/>\n\t<meta name=\"twitter:data1\" content=\"4 minutos\" \/>\n<script type=\"application\/ld+json\" class=\"yoast-schema-graph\">{\"@context\":\"https:\\\/\\\/schema.org\",\"@graph\":[{\"@type\":\"WebPage\",\"@id\":\"https:\\\/\\\/www.aurorscalartechnology.com\\\/es\\\/producto\\\/descripcion-msm-para-una-piel-y-articulaciones-sanas-y-para-la-desintoxicacion\\\/\",\"url\":\"https:\\\/\\\/www.aurorscalartechnology.com\\\/es\\\/producto\\\/descripcion-msm-para-una-piel-y-articulaciones-sanas-y-para-la-desintoxicacion\\\/\",\"name\":\"MSM (metilsulfonilmetano) coloidal 500 ml 50,00 \u20ac - Auror Scalar Technology\",\"isPartOf\":{\"@id\":\"https:\\\/\\\/www.aurorscalartechnology.com\\\/es\\\/#website\"},\"primaryImageOfPage\":{\"@id\":\"https:\\\/\\\/www.aurorscalartechnology.com\\\/es\\\/producto\\\/descripcion-msm-para-una-piel-y-articulaciones-sanas-y-para-la-desintoxicacion\\\/#primaryimage\"},\"image\":{\"@id\":\"https:\\\/\\\/www.aurorscalartechnology.com\\\/es\\\/producto\\\/descripcion-msm-para-una-piel-y-articulaciones-sanas-y-para-la-desintoxicacion\\\/#primaryimage\"},\"thumbnailUrl\":\"https:\\\/\\\/www.aurorscalartechnology.com\\\/wp-content\\\/uploads\\\/2023\\\/08\\\/MSM-scaled.jpg\",\"datePublished\":\"2025-02-04T13:26:06+00:00\",\"dateModified\":\"2025-11-20T09:03:16+00:00\",\"description\":\"Descripci\u00f3nEl MSM es un suplemento alimenticio que se promociona a menudo para la salud de la piel y las articulaciones, as\u00ed como para la desintoxicaci\u00f3n.\",\"breadcrumb\":{\"@id\":\"https:\\\/\\\/www.aurorscalartechnology.com\\\/es\\\/producto\\\/descripcion-msm-para-una-piel-y-articulaciones-sanas-y-para-la-desintoxicacion\\\/#breadcrumb\"},\"inLanguage\":\"es\",\"potentialAction\":[{\"@type\":\"ReadAction\",\"target\":[\"https:\\\/\\\/www.aurorscalartechnology.com\\\/es\\\/producto\\\/descripcion-msm-para-una-piel-y-articulaciones-sanas-y-para-la-desintoxicacion\\\/\"]}]},{\"@type\":\"ImageObject\",\"inLanguage\":\"es\",\"@id\":\"https:\\\/\\\/www.aurorscalartechnology.com\\\/es\\\/producto\\\/descripcion-msm-para-una-piel-y-articulaciones-sanas-y-para-la-desintoxicacion\\\/#primaryimage\",\"url\":\"https:\\\/\\\/www.aurorscalartechnology.com\\\/wp-content\\\/uploads\\\/2023\\\/08\\\/MSM-scaled.jpg\",\"contentUrl\":\"https:\\\/\\\/www.aurorscalartechnology.com\\\/wp-content\\\/uploads\\\/2023\\\/08\\\/MSM-scaled.jpg\",\"width\":1868,\"height\":2560},{\"@type\":\"BreadcrumbList\",\"@id\":\"https:\\\/\\\/www.aurorscalartechnology.com\\\/es\\\/producto\\\/descripcion-msm-para-una-piel-y-articulaciones-sanas-y-para-la-desintoxicacion\\\/#breadcrumb\",\"itemListElement\":[{\"@type\":\"ListItem\",\"position\":1,\"name\":\"Home\",\"item\":\"https:\\\/\\\/www.aurorscalartechnology.com\\\/es\\\/\"},{\"@type\":\"ListItem\",\"position\":2,\"name\":\"Tienda\",\"item\":\"https:\\\/\\\/www.aurorscalartechnology.com\\\/es\\\/tienda\\\/\"},{\"@type\":\"ListItem\",\"position\":3,\"name\":\"MSM (metilsulfonilmetano) coloidal 500 ml 50,00 \u20ac\"}]},{\"@type\":\"WebSite\",\"@id\":\"https:\\\/\\\/www.aurorscalartechnology.com\\\/es\\\/#website\",\"url\":\"https:\\\/\\\/www.aurorscalartechnology.com\\\/es\\\/\",\"name\":\"Auror Scalar Technology\",\"description\":\"\",\"potentialAction\":[{\"@type\":\"SearchAction\",\"target\":{\"@type\":\"EntryPoint\",\"urlTemplate\":\"https:\\\/\\\/www.aurorscalartechnology.com\\\/es\\\/?s={search_term_string}\"},\"query-input\":{\"@type\":\"PropertyValueSpecification\",\"valueRequired\":true,\"valueName\":\"search_term_string\"}}],\"inLanguage\":\"es\"}]}<\/script>\n<!-- \/ Yoast SEO plugin. -->","yoast_head_json":{"title":"MSM (metilsulfonilmetano) coloidal 500 ml 50,00 \u20ac - Auror Scalar Technology","description":"Descripci\u00f3nEl MSM es un suplemento alimenticio que se promociona a menudo para la salud de la piel y las articulaciones, as\u00ed como para la desintoxicaci\u00f3n.","robots":{"index":"index","follow":"follow","max-snippet":"max-snippet:-1","max-image-preview":"max-image-preview:large","max-video-preview":"max-video-preview:-1"},"canonical":"https:\/\/www.aurorscalartechnology.com\/es\/producto\/descripcion-msm-para-una-piel-y-articulaciones-sanas-y-para-la-desintoxicacion\/","og_locale":"es_ES","og_type":"article","og_title":"MSM (metilsulfonilmetano) coloidal 500 ml 50,00 \u20ac - Auror Scalar Technology","og_description":"Descripci\u00f3nEl MSM es un suplemento alimenticio que se promociona a menudo para la salud de la piel y las articulaciones, as\u00ed como para la desintoxicaci\u00f3n.","og_url":"https:\/\/www.aurorscalartechnology.com\/es\/producto\/descripcion-msm-para-una-piel-y-articulaciones-sanas-y-para-la-desintoxicacion\/","og_site_name":"Auror Scalar Technology","article_modified_time":"2025-11-20T09:03:16+00:00","og_image":[{"width":1868,"height":2560,"url":"https:\/\/www.aurorscalartechnology.com\/wp-content\/uploads\/2023\/08\/MSM-scaled.jpg","type":"image\/jpeg"}],"twitter_card":"summary_large_image","twitter_misc":{"Tiempo de lectura":"4 minutos"},"schema":{"@context":"https:\/\/schema.org","@graph":[{"@type":"WebPage","@id":"https:\/\/www.aurorscalartechnology.com\/es\/producto\/descripcion-msm-para-una-piel-y-articulaciones-sanas-y-para-la-desintoxicacion\/","url":"https:\/\/www.aurorscalartechnology.com\/es\/producto\/descripcion-msm-para-una-piel-y-articulaciones-sanas-y-para-la-desintoxicacion\/","name":"MSM (metilsulfonilmetano) coloidal 500 ml 50,00 \u20ac - Auror Scalar Technology","isPartOf":{"@id":"https:\/\/www.aurorscalartechnology.com\/es\/#website"},"primaryImageOfPage":{"@id":"https:\/\/www.aurorscalartechnology.com\/es\/producto\/descripcion-msm-para-una-piel-y-articulaciones-sanas-y-para-la-desintoxicacion\/#primaryimage"},"image":{"@id":"https:\/\/www.aurorscalartechnology.com\/es\/producto\/descripcion-msm-para-una-piel-y-articulaciones-sanas-y-para-la-desintoxicacion\/#primaryimage"},"thumbnailUrl":"https:\/\/www.aurorscalartechnology.com\/wp-content\/uploads\/2023\/08\/MSM-scaled.jpg","datePublished":"2025-02-04T13:26:06+00:00","dateModified":"2025-11-20T09:03:16+00:00","description":"Descripci\u00f3nEl MSM es un suplemento alimenticio que se promociona a menudo para la salud de la piel y las articulaciones, as\u00ed como para la desintoxicaci\u00f3n.","breadcrumb":{"@id":"https:\/\/www.aurorscalartechnology.com\/es\/producto\/descripcion-msm-para-una-piel-y-articulaciones-sanas-y-para-la-desintoxicacion\/#breadcrumb"},"inLanguage":"es","potentialAction":[{"@type":"ReadAction","target":["https:\/\/www.aurorscalartechnology.com\/es\/producto\/descripcion-msm-para-una-piel-y-articulaciones-sanas-y-para-la-desintoxicacion\/"]}]},{"@type":"ImageObject","inLanguage":"es","@id":"https:\/\/www.aurorscalartechnology.com\/es\/producto\/descripcion-msm-para-una-piel-y-articulaciones-sanas-y-para-la-desintoxicacion\/#primaryimage","url":"https:\/\/www.aurorscalartechnology.com\/wp-content\/uploads\/2023\/08\/MSM-scaled.jpg","contentUrl":"https:\/\/www.aurorscalartechnology.com\/wp-content\/uploads\/2023\/08\/MSM-scaled.jpg","width":1868,"height":2560},{"@type":"BreadcrumbList","@id":"https:\/\/www.aurorscalartechnology.com\/es\/producto\/descripcion-msm-para-una-piel-y-articulaciones-sanas-y-para-la-desintoxicacion\/#breadcrumb","itemListElement":[{"@type":"ListItem","position":1,"name":"Home","item":"https:\/\/www.aurorscalartechnology.com\/es\/"},{"@type":"ListItem","position":2,"name":"Tienda","item":"https:\/\/www.aurorscalartechnology.com\/es\/tienda\/"},{"@type":"ListItem","position":3,"name":"MSM (metilsulfonilmetano) coloidal 500 ml 50,00 \u20ac"}]},{"@type":"WebSite","@id":"https:\/\/www.aurorscalartechnology.com\/es\/#website","url":"https:\/\/www.aurorscalartechnology.com\/es\/","name":"Auror Scalar Technology","description":"","potentialAction":[{"@type":"SearchAction","target":{"@type":"EntryPoint","urlTemplate":"https:\/\/www.aurorscalartechnology.com\/es\/?s={search_term_string}"},"query-input":{"@type":"PropertyValueSpecification","valueRequired":true,"valueName":"search_term_string"}}],"inLanguage":"es"}]}},"_links":{"self":[{"href":"https:\/\/www.aurorscalartechnology.com\/es\/wp-json\/wp\/v2\/product\/26713","targetHints":{"allow":["GET"]}}],"collection":[{"href":"https:\/\/www.aurorscalartechnology.com\/es\/wp-json\/wp\/v2\/product"}],"about":[{"href":"https:\/\/www.aurorscalartechnology.com\/es\/wp-json\/wp\/v2\/types\/product"}],"version-history":[{"count":4,"href":"https:\/\/www.aurorscalartechnology.com\/es\/wp-json\/wp\/v2\/product\/26713\/revisions"}],"predecessor-version":[{"id":26728,"href":"https:\/\/www.aurorscalartechnology.com\/es\/wp-json\/wp\/v2\/product\/26713\/revisions\/26728"}],"wp:featuredmedia":[{"embeddable":true,"href":"https:\/\/www.aurorscalartechnology.com\/es\/wp-json\/wp\/v2\/media\/25825"}],"wp:attachment":[{"href":"https:\/\/www.aurorscalartechnology.com\/es\/wp-json\/wp\/v2\/media?parent=26713"}],"wp:term":[{"taxonomy":"product_cat","embeddable":true,"href":"https:\/\/www.aurorscalartechnology.com\/es\/wp-json\/wp\/v2\/product_cat?post=26713"},{"taxonomy":"product_tag","embeddable":true,"href":"https:\/\/www.aurorscalartechnology.com\/es\/wp-json\/wp\/v2\/product_tag?post=26713"}],"curies":[{"name":"wp","href":"https:\/\/api.w.org\/{rel}","templated":true}]}}