{"id":26729,"date":"2024-04-09T14:02:58","date_gmt":"2024-04-09T12:02:58","guid":{"rendered":"https:\/\/www.aurorscalartechnology.com\/?post_type=product&#038;p=26729"},"modified":"2025-11-21T13:39:00","modified_gmt":"2025-11-21T12:39:00","slug":"germanio-para-desintoxicar-el-cuerpo-esto-se-hace-de-forma-sencilla-sin-ningun-esfuerzo","status":"publish","type":"product","link":"https:\/\/www.aurorscalartechnology.com\/es\/producto\/germanio-para-desintoxicar-el-cuerpo-esto-se-hace-de-forma-sencilla-sin-ningun-esfuerzo\/","title":{"rendered":"Germanio coloidal 80 PPM 50,00 \u20ac"},"content":{"rendered":"\t\t<div data-elementor-type=\"wp-post\" data-elementor-id=\"26729\" class=\"elementor elementor-26729 elementor-22103\">\n\t\t\t\t\t\t<section class=\"elementor-section elementor-top-section elementor-element elementor-element-9d6acf1 elementor-section-boxed elementor-section-height-default elementor-section-height-default\" data-id=\"9d6acf1\" data-element_type=\"section\" data-e-type=\"section\">\n\t\t\t\t\t\t<div class=\"elementor-container elementor-column-gap-default\">\n\t\t\t\t\t<div class=\"elementor-column elementor-col-100 elementor-top-column elementor-element elementor-element-8c31759\" data-id=\"8c31759\" data-element_type=\"column\" data-e-type=\"column\">\n\t\t\t<div class=\"elementor-widget-wrap elementor-element-populated\">\n\t\t\t\t\t\t<div class=\"elementor-element elementor-element-bc9d127 elementor-widget elementor-widget-text-editor\" data-id=\"bc9d127\" data-element_type=\"widget\" data-e-type=\"widget\" data-widget_type=\"text-editor.default\">\n\t\t\t\t<div class=\"elementor-widget-container\">\n\t\t\t\t\t\t\t\t\t<p><b><u><strong>Complejo de minerales coloidales y oligoelementos 250 ml 50 \u20ac<\/strong><\/u><\/b><\/p><p>Contiene: agua, 50 ppm de cobre coloidal, hierro, zinc, tantalio, germanio, esta\u00f1o, indio, manganeso, cromo y cobalto (todos con una pureza del 99,99 % y coloidales).<\/p><h3><b>\u00bfQu\u00e9 es un producto coloidal?<\/b><\/h3><p><b>Definici\u00f3n<\/b>: un producto coloidal es una mezcla en la que peque\u00f1as part\u00edculas (coloides) de una sustancia se distribuyen de forma definitiva en un l\u00edquido, sin disolverse. Las part\u00edculas permanecen en suspensi\u00f3n gracias a la repulsi\u00f3n electrost\u00e1tica u otras fuerzas estabilizadoras.<\/p><ul><li><b>Tama\u00f1o de las part\u00edculas<\/b>: Las part\u00edculas coloidales tienen un di\u00e1metro de entre <b>1 y 1000 nan\u00f3metros (nm)<\/b>. Esto las hace m\u00e1s grandes que las mol\u00e9culas, pero lo suficientemente peque\u00f1as como para no hundirse en el fondo.<\/li><li><b>Ejemplos<\/b>: plata o oro coloidal, leche (part\u00edculas de grasa y prote\u00ednas en agua), mayonesa (aceite en agua).<\/li><li><b>Propiedades<\/b>: los coloides muestran el <b>efecto Tyndall<\/b> (dispersi\u00f3n de la luz, lo que puede hacer que parezcan turbios). Son estables gracias a mecanismos como el <b>potencial zeta<\/b> (repulsi\u00f3n electrost\u00e1tica). En el caso de la plata o el oro coloidales, se trata a menudo de part\u00edculas met\u00e1licas (\u00e1tomos o grupos) en agua destilada, con un color t\u00edpico marr\u00f3n verdoso (plata) o rojo (oro) dependiendo de la concentraci\u00f3n.<\/li><li><b>Aplicaciones<\/b> : En productos sanitarios (uso externo, como en el caso de la plata coloidal para su efecto antibacteriano), alimentos, aplicaciones cosm\u00e9ticas e industriales.<\/li><\/ul>\t\t\t\t\t\t\t\t<\/div>\n\t\t\t\t<\/div>\n\t\t\t\t\t<\/div>\n\t\t<\/div>\n\t\t\t\t\t<\/div>\n\t\t<\/section>\n\t\t\t\t<\/div>\n\t\t","protected":false},"excerpt":{"rendered":"<p>Germanio coloidal 80PPM<\/p>\n<p>Germanio para desintoxicar el cuerpo. Esto se hace de forma sencilla, sin ning\u00fan esfuerzo. Para todos aquellos que quieran saber m\u00e1s sobre una sustancia concreta, recomiendo que pregunten a <a href=\"https:\/\/grok.com\/\">Grok<\/a> o en https:\/\/chatgpt.com\/. El contenido de PPM del germanio es de aproximadamente 80 PPM. Contenido: 500 ml. Precio: 50,00 \u20ac.<\/p>\n","protected":false},"featured_media":22664,"template":"","meta":[],"product_cat":[281],"product_tag":[],"class_list":{"0":"post-26729","1":"product","2":"type-product","3":"status-publish","4":"has-post-thumbnail","6":"product_cat-todos-los-productos","8":"first","9":"instock","10":"shipping-taxable","11":"purchasable","12":"product-type-simple"},"yoast_head":"<!-- This site is optimized with the Yoast SEO plugin v27.4 - https:\/\/yoast.com\/product\/yoast-seo-wordpress\/ -->\n<title>Germanio coloidal 80 PPM 50,00 \u20ac - Auror Scalar Technology<\/title>\n<meta name=\"description\" content=\"Germanio para desintoxicar el cuerpo. Esto se hace de forma sencilla, sin ning\u00fan esfuerzo.\" \/>\n<meta name=\"robots\" content=\"index, follow, max-snippet:-1, max-image-preview:large, max-video-preview:-1\" \/>\n<link rel=\"canonical\" href=\"https:\/\/www.aurorscalartechnology.com\/es\/producto\/germanio-para-desintoxicar-el-cuerpo-esto-se-hace-de-forma-sencilla-sin-ningun-esfuerzo\/\" \/>\n<meta property=\"og:locale\" content=\"es_ES\" \/>\n<meta property=\"og:type\" content=\"article\" \/>\n<meta property=\"og:title\" content=\"Germanio coloidal 80 PPM 50,00 \u20ac - Auror Scalar Technology\" \/>\n<meta property=\"og:description\" content=\"Germanio para desintoxicar el cuerpo. Esto se hace de forma sencilla, sin ning\u00fan esfuerzo.\" \/>\n<meta property=\"og:url\" content=\"https:\/\/www.aurorscalartechnology.com\/es\/producto\/germanio-para-desintoxicar-el-cuerpo-esto-se-hace-de-forma-sencilla-sin-ningun-esfuerzo\/\" \/>\n<meta property=\"og:site_name\" content=\"Auror Scalar Technology\" \/>\n<meta property=\"article:modified_time\" content=\"2025-11-21T12:39:00+00:00\" \/>\n<meta property=\"og:image\" content=\"https:\/\/www.aurorscalartechnology.com\/wp-content\/uploads\/2024\/05\/8b-scaled.jpg\" \/>\n\t<meta property=\"og:image:width\" content=\"1798\" \/>\n\t<meta property=\"og:image:height\" content=\"2560\" \/>\n\t<meta property=\"og:image:type\" content=\"image\/jpeg\" \/>\n<meta name=\"twitter:card\" content=\"summary_large_image\" \/>\n<meta name=\"twitter:label1\" content=\"Tiempo de lectura\" \/>\n\t<meta name=\"twitter:data1\" content=\"2 minutos\" \/>\n<script type=\"application\/ld+json\" class=\"yoast-schema-graph\">{\"@context\":\"https:\\\/\\\/schema.org\",\"@graph\":[{\"@type\":\"WebPage\",\"@id\":\"https:\\\/\\\/www.aurorscalartechnology.com\\\/es\\\/producto\\\/germanio-para-desintoxicar-el-cuerpo-esto-se-hace-de-forma-sencilla-sin-ningun-esfuerzo\\\/\",\"url\":\"https:\\\/\\\/www.aurorscalartechnology.com\\\/es\\\/producto\\\/germanio-para-desintoxicar-el-cuerpo-esto-se-hace-de-forma-sencilla-sin-ningun-esfuerzo\\\/\",\"name\":\"Germanio coloidal 80 PPM 50,00 \u20ac - Auror Scalar Technology\",\"isPartOf\":{\"@id\":\"https:\\\/\\\/www.aurorscalartechnology.com\\\/es\\\/#website\"},\"primaryImageOfPage\":{\"@id\":\"https:\\\/\\\/www.aurorscalartechnology.com\\\/es\\\/producto\\\/germanio-para-desintoxicar-el-cuerpo-esto-se-hace-de-forma-sencilla-sin-ningun-esfuerzo\\\/#primaryimage\"},\"image\":{\"@id\":\"https:\\\/\\\/www.aurorscalartechnology.com\\\/es\\\/producto\\\/germanio-para-desintoxicar-el-cuerpo-esto-se-hace-de-forma-sencilla-sin-ningun-esfuerzo\\\/#primaryimage\"},\"thumbnailUrl\":\"https:\\\/\\\/www.aurorscalartechnology.com\\\/wp-content\\\/uploads\\\/2024\\\/05\\\/8b-scaled.jpg\",\"datePublished\":\"2024-04-09T12:02:58+00:00\",\"dateModified\":\"2025-11-21T12:39:00+00:00\",\"description\":\"Germanio para desintoxicar el cuerpo. Esto se hace de forma sencilla, sin ning\u00fan esfuerzo.\",\"breadcrumb\":{\"@id\":\"https:\\\/\\\/www.aurorscalartechnology.com\\\/es\\\/producto\\\/germanio-para-desintoxicar-el-cuerpo-esto-se-hace-de-forma-sencilla-sin-ningun-esfuerzo\\\/#breadcrumb\"},\"inLanguage\":\"es\",\"potentialAction\":[{\"@type\":\"ReadAction\",\"target\":[\"https:\\\/\\\/www.aurorscalartechnology.com\\\/es\\\/producto\\\/germanio-para-desintoxicar-el-cuerpo-esto-se-hace-de-forma-sencilla-sin-ningun-esfuerzo\\\/\"]}]},{\"@type\":\"ImageObject\",\"inLanguage\":\"es\",\"@id\":\"https:\\\/\\\/www.aurorscalartechnology.com\\\/es\\\/producto\\\/germanio-para-desintoxicar-el-cuerpo-esto-se-hace-de-forma-sencilla-sin-ningun-esfuerzo\\\/#primaryimage\",\"url\":\"https:\\\/\\\/www.aurorscalartechnology.com\\\/wp-content\\\/uploads\\\/2024\\\/05\\\/8b-scaled.jpg\",\"contentUrl\":\"https:\\\/\\\/www.aurorscalartechnology.com\\\/wp-content\\\/uploads\\\/2024\\\/05\\\/8b-scaled.jpg\",\"width\":1798,\"height\":2560},{\"@type\":\"BreadcrumbList\",\"@id\":\"https:\\\/\\\/www.aurorscalartechnology.com\\\/es\\\/producto\\\/germanio-para-desintoxicar-el-cuerpo-esto-se-hace-de-forma-sencilla-sin-ningun-esfuerzo\\\/#breadcrumb\",\"itemListElement\":[{\"@type\":\"ListItem\",\"position\":1,\"name\":\"Home\",\"item\":\"https:\\\/\\\/www.aurorscalartechnology.com\\\/es\\\/\"},{\"@type\":\"ListItem\",\"position\":2,\"name\":\"Tienda\",\"item\":\"https:\\\/\\\/www.aurorscalartechnology.com\\\/es\\\/tienda\\\/\"},{\"@type\":\"ListItem\",\"position\":3,\"name\":\"Germanio coloidal 80 PPM 50,00 \u20ac\"}]},{\"@type\":\"WebSite\",\"@id\":\"https:\\\/\\\/www.aurorscalartechnology.com\\\/es\\\/#website\",\"url\":\"https:\\\/\\\/www.aurorscalartechnology.com\\\/es\\\/\",\"name\":\"Auror Scalar Technology\",\"description\":\"\",\"potentialAction\":[{\"@type\":\"SearchAction\",\"target\":{\"@type\":\"EntryPoint\",\"urlTemplate\":\"https:\\\/\\\/www.aurorscalartechnology.com\\\/es\\\/?s={search_term_string}\"},\"query-input\":{\"@type\":\"PropertyValueSpecification\",\"valueRequired\":true,\"valueName\":\"search_term_string\"}}],\"inLanguage\":\"es\"}]}<\/script>\n<!-- \/ Yoast SEO plugin. -->","yoast_head_json":{"title":"Germanio coloidal 80 PPM 50,00 \u20ac - Auror Scalar Technology","description":"Germanio para desintoxicar el cuerpo. Esto se hace de forma sencilla, sin ning\u00fan esfuerzo.","robots":{"index":"index","follow":"follow","max-snippet":"max-snippet:-1","max-image-preview":"max-image-preview:large","max-video-preview":"max-video-preview:-1"},"canonical":"https:\/\/www.aurorscalartechnology.com\/es\/producto\/germanio-para-desintoxicar-el-cuerpo-esto-se-hace-de-forma-sencilla-sin-ningun-esfuerzo\/","og_locale":"es_ES","og_type":"article","og_title":"Germanio coloidal 80 PPM 50,00 \u20ac - Auror Scalar Technology","og_description":"Germanio para desintoxicar el cuerpo. Esto se hace de forma sencilla, sin ning\u00fan esfuerzo.","og_url":"https:\/\/www.aurorscalartechnology.com\/es\/producto\/germanio-para-desintoxicar-el-cuerpo-esto-se-hace-de-forma-sencilla-sin-ningun-esfuerzo\/","og_site_name":"Auror Scalar Technology","article_modified_time":"2025-11-21T12:39:00+00:00","og_image":[{"width":1798,"height":2560,"url":"https:\/\/www.aurorscalartechnology.com\/wp-content\/uploads\/2024\/05\/8b-scaled.jpg","type":"image\/jpeg"}],"twitter_card":"summary_large_image","twitter_misc":{"Tiempo de lectura":"2 minutos"},"schema":{"@context":"https:\/\/schema.org","@graph":[{"@type":"WebPage","@id":"https:\/\/www.aurorscalartechnology.com\/es\/producto\/germanio-para-desintoxicar-el-cuerpo-esto-se-hace-de-forma-sencilla-sin-ningun-esfuerzo\/","url":"https:\/\/www.aurorscalartechnology.com\/es\/producto\/germanio-para-desintoxicar-el-cuerpo-esto-se-hace-de-forma-sencilla-sin-ningun-esfuerzo\/","name":"Germanio coloidal 80 PPM 50,00 \u20ac - Auror Scalar Technology","isPartOf":{"@id":"https:\/\/www.aurorscalartechnology.com\/es\/#website"},"primaryImageOfPage":{"@id":"https:\/\/www.aurorscalartechnology.com\/es\/producto\/germanio-para-desintoxicar-el-cuerpo-esto-se-hace-de-forma-sencilla-sin-ningun-esfuerzo\/#primaryimage"},"image":{"@id":"https:\/\/www.aurorscalartechnology.com\/es\/producto\/germanio-para-desintoxicar-el-cuerpo-esto-se-hace-de-forma-sencilla-sin-ningun-esfuerzo\/#primaryimage"},"thumbnailUrl":"https:\/\/www.aurorscalartechnology.com\/wp-content\/uploads\/2024\/05\/8b-scaled.jpg","datePublished":"2024-04-09T12:02:58+00:00","dateModified":"2025-11-21T12:39:00+00:00","description":"Germanio para desintoxicar el cuerpo. Esto se hace de forma sencilla, sin ning\u00fan esfuerzo.","breadcrumb":{"@id":"https:\/\/www.aurorscalartechnology.com\/es\/producto\/germanio-para-desintoxicar-el-cuerpo-esto-se-hace-de-forma-sencilla-sin-ningun-esfuerzo\/#breadcrumb"},"inLanguage":"es","potentialAction":[{"@type":"ReadAction","target":["https:\/\/www.aurorscalartechnology.com\/es\/producto\/germanio-para-desintoxicar-el-cuerpo-esto-se-hace-de-forma-sencilla-sin-ningun-esfuerzo\/"]}]},{"@type":"ImageObject","inLanguage":"es","@id":"https:\/\/www.aurorscalartechnology.com\/es\/producto\/germanio-para-desintoxicar-el-cuerpo-esto-se-hace-de-forma-sencilla-sin-ningun-esfuerzo\/#primaryimage","url":"https:\/\/www.aurorscalartechnology.com\/wp-content\/uploads\/2024\/05\/8b-scaled.jpg","contentUrl":"https:\/\/www.aurorscalartechnology.com\/wp-content\/uploads\/2024\/05\/8b-scaled.jpg","width":1798,"height":2560},{"@type":"BreadcrumbList","@id":"https:\/\/www.aurorscalartechnology.com\/es\/producto\/germanio-para-desintoxicar-el-cuerpo-esto-se-hace-de-forma-sencilla-sin-ningun-esfuerzo\/#breadcrumb","itemListElement":[{"@type":"ListItem","position":1,"name":"Home","item":"https:\/\/www.aurorscalartechnology.com\/es\/"},{"@type":"ListItem","position":2,"name":"Tienda","item":"https:\/\/www.aurorscalartechnology.com\/es\/tienda\/"},{"@type":"ListItem","position":3,"name":"Germanio coloidal 80 PPM 50,00 \u20ac"}]},{"@type":"WebSite","@id":"https:\/\/www.aurorscalartechnology.com\/es\/#website","url":"https:\/\/www.aurorscalartechnology.com\/es\/","name":"Auror Scalar Technology","description":"","potentialAction":[{"@type":"SearchAction","target":{"@type":"EntryPoint","urlTemplate":"https:\/\/www.aurorscalartechnology.com\/es\/?s={search_term_string}"},"query-input":{"@type":"PropertyValueSpecification","valueRequired":true,"valueName":"search_term_string"}}],"inLanguage":"es"}]}},"_links":{"self":[{"href":"https:\/\/www.aurorscalartechnology.com\/es\/wp-json\/wp\/v2\/product\/26729","targetHints":{"allow":["GET"]}}],"collection":[{"href":"https:\/\/www.aurorscalartechnology.com\/es\/wp-json\/wp\/v2\/product"}],"about":[{"href":"https:\/\/www.aurorscalartechnology.com\/es\/wp-json\/wp\/v2\/types\/product"}],"version-history":[{"count":16,"href":"https:\/\/www.aurorscalartechnology.com\/es\/wp-json\/wp\/v2\/product\/26729\/revisions"}],"predecessor-version":[{"id":26755,"href":"https:\/\/www.aurorscalartechnology.com\/es\/wp-json\/wp\/v2\/product\/26729\/revisions\/26755"}],"wp:featuredmedia":[{"embeddable":true,"href":"https:\/\/www.aurorscalartechnology.com\/es\/wp-json\/wp\/v2\/media\/22664"}],"wp:attachment":[{"href":"https:\/\/www.aurorscalartechnology.com\/es\/wp-json\/wp\/v2\/media?parent=26729"}],"wp:term":[{"taxonomy":"product_cat","embeddable":true,"href":"https:\/\/www.aurorscalartechnology.com\/es\/wp-json\/wp\/v2\/product_cat?post=26729"},{"taxonomy":"product_tag","embeddable":true,"href":"https:\/\/www.aurorscalartechnology.com\/es\/wp-json\/wp\/v2\/product_tag?post=26729"}],"curies":[{"name":"wp","href":"https:\/\/api.w.org\/{rel}","templated":true}]}}