{"id":26767,"date":"2024-05-15T11:26:32","date_gmt":"2024-05-15T09:26:32","guid":{"rendered":"https:\/\/www.aurorscalartechnology.com\/?post_type=product&#038;p=26767"},"modified":"2025-11-21T14:04:20","modified_gmt":"2025-11-21T13:04:20","slug":"una-forma-natural-de-conseguir-unas-cejas-y-pestanas-mas-densas-largas-bonitas-y-fuertes","status":"publish","type":"product","link":"https:\/\/www.aurorscalartechnology.com\/es\/producto\/una-forma-natural-de-conseguir-unas-cejas-y-pestanas-mas-densas-largas-bonitas-y-fuertes\/","title":{"rendered":"S\u00e9rum para el crecimiento de las pesta\u00f1as\/Eyelash serum Growth 50,00 \u20ac"},"content":{"rendered":"\t\t<div data-elementor-type=\"wp-post\" data-elementor-id=\"26767\" class=\"elementor elementor-26767 elementor-22422\">\n\t\t\t\t\t\t<section class=\"elementor-section elementor-top-section elementor-element elementor-element-79f3dec3 elementor-section-boxed elementor-section-height-default elementor-section-height-default\" data-id=\"79f3dec3\" data-element_type=\"section\" data-e-type=\"section\">\n\t\t\t\t\t\t<div class=\"elementor-container elementor-column-gap-default\">\n\t\t\t\t\t<div class=\"elementor-column elementor-col-100 elementor-top-column elementor-element elementor-element-720696e3\" data-id=\"720696e3\" data-element_type=\"column\" data-e-type=\"column\">\n\t\t\t<div class=\"elementor-widget-wrap elementor-element-populated\">\n\t\t\t\t\t\t<div class=\"elementor-element elementor-element-16aff27a elementor-widget elementor-widget-text-editor\" data-id=\"16aff27a\" data-element_type=\"widget\" data-e-type=\"widget\" data-widget_type=\"text-editor.default\">\n\t\t\t\t<div class=\"elementor-widget-container\">\n\t\t\t\t\t\t\t\t\t<p>Una forma natural de conseguir unas cejas y pesta\u00f1as m\u00e1s densas, largas, fuertes y bonitas . Se aplica una gota en un dedo , se toca con un dedo de la otra mano y se extiende con los dedos sobre las pesta\u00f1as y las cejas. El precio de 70 ml es de 50,00 \u20ac.<\/p>\t\t\t\t\t\t\t\t<\/div>\n\t\t\t\t<\/div>\n\t\t\t\t\t<\/div>\n\t\t<\/div>\n\t\t\t\t\t<\/div>\n\t\t<\/section>\n\t\t\t\t<\/div>\n\t\t","protected":false},"excerpt":{"rendered":"<p>Una forma natural de conseguir unas cejas y pesta\u00f1as m\u00e1s densas, largas, bonitas y fuertes. Aplica una gota en tu dedo y exti\u00e9ndela con un dedo de la otra mano sobre las cejas y pesta\u00f1as.<br \/>\nEl s\u00e9rum para pesta\u00f1as contiene: glicerina, aceite de almendras, jojoba, aceite de arg\u00e1n, cafe\u00edna, niacinamida, romero, azul de metileno, \u00e1cido hialur\u00f3nico y col\u00e1geno.<br \/>\nUn frasco de 70 ml cuesta 50,00 \u20ac.<\/p>\n","protected":false},"featured_media":22693,"template":"","meta":[],"product_cat":[364,281],"product_tag":[],"class_list":{"0":"post-26767","1":"product","2":"type-product","3":"status-publish","4":"has-post-thumbnail","6":"product_cat-et-2-es","7":"product_cat-todos-los-productos","9":"first","10":"instock","11":"shipping-taxable","12":"purchasable","13":"product-type-simple"},"yoast_head":"<!-- This site is optimized with the Yoast SEO plugin v27.4 - https:\/\/yoast.com\/product\/yoast-seo-wordpress\/ -->\n<title>S\u00e9rum para el crecimiento de las pesta\u00f1as\/Eyelash serum Growth 50,00 \u20ac - Auror Scalar Technology<\/title>\n<meta name=\"description\" content=\"Una forma natural de conseguir unas cejas y pesta\u00f1as m\u00e1s densas, largas, bonitas y fuertes.\" \/>\n<meta name=\"robots\" content=\"index, follow, max-snippet:-1, max-image-preview:large, max-video-preview:-1\" \/>\n<link rel=\"canonical\" href=\"https:\/\/www.aurorscalartechnology.com\/es\/producto\/una-forma-natural-de-conseguir-unas-cejas-y-pestanas-mas-densas-largas-bonitas-y-fuertes\/\" \/>\n<meta property=\"og:locale\" content=\"es_ES\" \/>\n<meta property=\"og:type\" content=\"article\" \/>\n<meta property=\"og:title\" content=\"S\u00e9rum para el crecimiento de las pesta\u00f1as\/Eyelash serum Growth 50,00 \u20ac - Auror Scalar Technology\" \/>\n<meta property=\"og:description\" content=\"Una forma natural de conseguir unas cejas y pesta\u00f1as m\u00e1s densas, largas, bonitas y fuertes.\" \/>\n<meta property=\"og:url\" content=\"https:\/\/www.aurorscalartechnology.com\/es\/producto\/una-forma-natural-de-conseguir-unas-cejas-y-pestanas-mas-densas-largas-bonitas-y-fuertes\/\" \/>\n<meta property=\"og:site_name\" content=\"Auror Scalar Technology\" \/>\n<meta property=\"article:modified_time\" content=\"2025-11-21T13:04:20+00:00\" \/>\n<meta property=\"og:image\" content=\"https:\/\/www.aurorscalartechnology.com\/wp-content\/uploads\/2024\/05\/24a.jpg\" \/>\n\t<meta property=\"og:image:width\" content=\"1607\" \/>\n\t<meta property=\"og:image:height\" content=\"2111\" \/>\n\t<meta property=\"og:image:type\" content=\"image\/jpeg\" \/>\n<meta name=\"twitter:card\" content=\"summary_large_image\" \/>\n<meta name=\"twitter:label1\" content=\"Tiempo de lectura\" \/>\n\t<meta name=\"twitter:data1\" content=\"1 minuto\" \/>\n<script type=\"application\/ld+json\" class=\"yoast-schema-graph\">{\"@context\":\"https:\\\/\\\/schema.org\",\"@graph\":[{\"@type\":\"WebPage\",\"@id\":\"https:\\\/\\\/www.aurorscalartechnology.com\\\/es\\\/producto\\\/una-forma-natural-de-conseguir-unas-cejas-y-pestanas-mas-densas-largas-bonitas-y-fuertes\\\/\",\"url\":\"https:\\\/\\\/www.aurorscalartechnology.com\\\/es\\\/producto\\\/una-forma-natural-de-conseguir-unas-cejas-y-pestanas-mas-densas-largas-bonitas-y-fuertes\\\/\",\"name\":\"S\u00e9rum para el crecimiento de las pesta\u00f1as\\\/Eyelash serum Growth 50,00 \u20ac - Auror Scalar Technology\",\"isPartOf\":{\"@id\":\"https:\\\/\\\/www.aurorscalartechnology.com\\\/es\\\/#website\"},\"primaryImageOfPage\":{\"@id\":\"https:\\\/\\\/www.aurorscalartechnology.com\\\/es\\\/producto\\\/una-forma-natural-de-conseguir-unas-cejas-y-pestanas-mas-densas-largas-bonitas-y-fuertes\\\/#primaryimage\"},\"image\":{\"@id\":\"https:\\\/\\\/www.aurorscalartechnology.com\\\/es\\\/producto\\\/una-forma-natural-de-conseguir-unas-cejas-y-pestanas-mas-densas-largas-bonitas-y-fuertes\\\/#primaryimage\"},\"thumbnailUrl\":\"https:\\\/\\\/www.aurorscalartechnology.com\\\/wp-content\\\/uploads\\\/2024\\\/05\\\/24a.jpg\",\"datePublished\":\"2024-05-15T09:26:32+00:00\",\"dateModified\":\"2025-11-21T13:04:20+00:00\",\"description\":\"Una forma natural de conseguir unas cejas y pesta\u00f1as m\u00e1s densas, largas, bonitas y fuertes.\",\"breadcrumb\":{\"@id\":\"https:\\\/\\\/www.aurorscalartechnology.com\\\/es\\\/producto\\\/una-forma-natural-de-conseguir-unas-cejas-y-pestanas-mas-densas-largas-bonitas-y-fuertes\\\/#breadcrumb\"},\"inLanguage\":\"es\",\"potentialAction\":[{\"@type\":\"ReadAction\",\"target\":[\"https:\\\/\\\/www.aurorscalartechnology.com\\\/es\\\/producto\\\/una-forma-natural-de-conseguir-unas-cejas-y-pestanas-mas-densas-largas-bonitas-y-fuertes\\\/\"]}]},{\"@type\":\"ImageObject\",\"inLanguage\":\"es\",\"@id\":\"https:\\\/\\\/www.aurorscalartechnology.com\\\/es\\\/producto\\\/una-forma-natural-de-conseguir-unas-cejas-y-pestanas-mas-densas-largas-bonitas-y-fuertes\\\/#primaryimage\",\"url\":\"https:\\\/\\\/www.aurorscalartechnology.com\\\/wp-content\\\/uploads\\\/2024\\\/05\\\/24a.jpg\",\"contentUrl\":\"https:\\\/\\\/www.aurorscalartechnology.com\\\/wp-content\\\/uploads\\\/2024\\\/05\\\/24a.jpg\",\"width\":1607,\"height\":2111},{\"@type\":\"BreadcrumbList\",\"@id\":\"https:\\\/\\\/www.aurorscalartechnology.com\\\/es\\\/producto\\\/una-forma-natural-de-conseguir-unas-cejas-y-pestanas-mas-densas-largas-bonitas-y-fuertes\\\/#breadcrumb\",\"itemListElement\":[{\"@type\":\"ListItem\",\"position\":1,\"name\":\"Home\",\"item\":\"https:\\\/\\\/www.aurorscalartechnology.com\\\/es\\\/\"},{\"@type\":\"ListItem\",\"position\":2,\"name\":\"Tienda\",\"item\":\"https:\\\/\\\/www.aurorscalartechnology.com\\\/es\\\/tienda\\\/\"},{\"@type\":\"ListItem\",\"position\":3,\"name\":\"S\u00e9rum para el crecimiento de las pesta\u00f1as\\\/Eyelash serum Growth 50,00 \u20ac\"}]},{\"@type\":\"WebSite\",\"@id\":\"https:\\\/\\\/www.aurorscalartechnology.com\\\/es\\\/#website\",\"url\":\"https:\\\/\\\/www.aurorscalartechnology.com\\\/es\\\/\",\"name\":\"Auror Scalar Technology\",\"description\":\"\",\"potentialAction\":[{\"@type\":\"SearchAction\",\"target\":{\"@type\":\"EntryPoint\",\"urlTemplate\":\"https:\\\/\\\/www.aurorscalartechnology.com\\\/es\\\/?s={search_term_string}\"},\"query-input\":{\"@type\":\"PropertyValueSpecification\",\"valueRequired\":true,\"valueName\":\"search_term_string\"}}],\"inLanguage\":\"es\"}]}<\/script>\n<!-- \/ Yoast SEO plugin. -->","yoast_head_json":{"title":"S\u00e9rum para el crecimiento de las pesta\u00f1as\/Eyelash serum Growth 50,00 \u20ac - Auror Scalar Technology","description":"Una forma natural de conseguir unas cejas y pesta\u00f1as m\u00e1s densas, largas, bonitas y fuertes.","robots":{"index":"index","follow":"follow","max-snippet":"max-snippet:-1","max-image-preview":"max-image-preview:large","max-video-preview":"max-video-preview:-1"},"canonical":"https:\/\/www.aurorscalartechnology.com\/es\/producto\/una-forma-natural-de-conseguir-unas-cejas-y-pestanas-mas-densas-largas-bonitas-y-fuertes\/","og_locale":"es_ES","og_type":"article","og_title":"S\u00e9rum para el crecimiento de las pesta\u00f1as\/Eyelash serum Growth 50,00 \u20ac - Auror Scalar Technology","og_description":"Una forma natural de conseguir unas cejas y pesta\u00f1as m\u00e1s densas, largas, bonitas y fuertes.","og_url":"https:\/\/www.aurorscalartechnology.com\/es\/producto\/una-forma-natural-de-conseguir-unas-cejas-y-pestanas-mas-densas-largas-bonitas-y-fuertes\/","og_site_name":"Auror Scalar Technology","article_modified_time":"2025-11-21T13:04:20+00:00","og_image":[{"width":1607,"height":2111,"url":"https:\/\/www.aurorscalartechnology.com\/wp-content\/uploads\/2024\/05\/24a.jpg","type":"image\/jpeg"}],"twitter_card":"summary_large_image","twitter_misc":{"Tiempo de lectura":"1 minuto"},"schema":{"@context":"https:\/\/schema.org","@graph":[{"@type":"WebPage","@id":"https:\/\/www.aurorscalartechnology.com\/es\/producto\/una-forma-natural-de-conseguir-unas-cejas-y-pestanas-mas-densas-largas-bonitas-y-fuertes\/","url":"https:\/\/www.aurorscalartechnology.com\/es\/producto\/una-forma-natural-de-conseguir-unas-cejas-y-pestanas-mas-densas-largas-bonitas-y-fuertes\/","name":"S\u00e9rum para el crecimiento de las pesta\u00f1as\/Eyelash serum Growth 50,00 \u20ac - Auror Scalar Technology","isPartOf":{"@id":"https:\/\/www.aurorscalartechnology.com\/es\/#website"},"primaryImageOfPage":{"@id":"https:\/\/www.aurorscalartechnology.com\/es\/producto\/una-forma-natural-de-conseguir-unas-cejas-y-pestanas-mas-densas-largas-bonitas-y-fuertes\/#primaryimage"},"image":{"@id":"https:\/\/www.aurorscalartechnology.com\/es\/producto\/una-forma-natural-de-conseguir-unas-cejas-y-pestanas-mas-densas-largas-bonitas-y-fuertes\/#primaryimage"},"thumbnailUrl":"https:\/\/www.aurorscalartechnology.com\/wp-content\/uploads\/2024\/05\/24a.jpg","datePublished":"2024-05-15T09:26:32+00:00","dateModified":"2025-11-21T13:04:20+00:00","description":"Una forma natural de conseguir unas cejas y pesta\u00f1as m\u00e1s densas, largas, bonitas y fuertes.","breadcrumb":{"@id":"https:\/\/www.aurorscalartechnology.com\/es\/producto\/una-forma-natural-de-conseguir-unas-cejas-y-pestanas-mas-densas-largas-bonitas-y-fuertes\/#breadcrumb"},"inLanguage":"es","potentialAction":[{"@type":"ReadAction","target":["https:\/\/www.aurorscalartechnology.com\/es\/producto\/una-forma-natural-de-conseguir-unas-cejas-y-pestanas-mas-densas-largas-bonitas-y-fuertes\/"]}]},{"@type":"ImageObject","inLanguage":"es","@id":"https:\/\/www.aurorscalartechnology.com\/es\/producto\/una-forma-natural-de-conseguir-unas-cejas-y-pestanas-mas-densas-largas-bonitas-y-fuertes\/#primaryimage","url":"https:\/\/www.aurorscalartechnology.com\/wp-content\/uploads\/2024\/05\/24a.jpg","contentUrl":"https:\/\/www.aurorscalartechnology.com\/wp-content\/uploads\/2024\/05\/24a.jpg","width":1607,"height":2111},{"@type":"BreadcrumbList","@id":"https:\/\/www.aurorscalartechnology.com\/es\/producto\/una-forma-natural-de-conseguir-unas-cejas-y-pestanas-mas-densas-largas-bonitas-y-fuertes\/#breadcrumb","itemListElement":[{"@type":"ListItem","position":1,"name":"Home","item":"https:\/\/www.aurorscalartechnology.com\/es\/"},{"@type":"ListItem","position":2,"name":"Tienda","item":"https:\/\/www.aurorscalartechnology.com\/es\/tienda\/"},{"@type":"ListItem","position":3,"name":"S\u00e9rum para el crecimiento de las pesta\u00f1as\/Eyelash serum Growth 50,00 \u20ac"}]},{"@type":"WebSite","@id":"https:\/\/www.aurorscalartechnology.com\/es\/#website","url":"https:\/\/www.aurorscalartechnology.com\/es\/","name":"Auror Scalar Technology","description":"","potentialAction":[{"@type":"SearchAction","target":{"@type":"EntryPoint","urlTemplate":"https:\/\/www.aurorscalartechnology.com\/es\/?s={search_term_string}"},"query-input":{"@type":"PropertyValueSpecification","valueRequired":true,"valueName":"search_term_string"}}],"inLanguage":"es"}]}},"_links":{"self":[{"href":"https:\/\/www.aurorscalartechnology.com\/es\/wp-json\/wp\/v2\/product\/26767","targetHints":{"allow":["GET"]}}],"collection":[{"href":"https:\/\/www.aurorscalartechnology.com\/es\/wp-json\/wp\/v2\/product"}],"about":[{"href":"https:\/\/www.aurorscalartechnology.com\/es\/wp-json\/wp\/v2\/types\/product"}],"version-history":[{"count":4,"href":"https:\/\/www.aurorscalartechnology.com\/es\/wp-json\/wp\/v2\/product\/26767\/revisions"}],"predecessor-version":[{"id":26771,"href":"https:\/\/www.aurorscalartechnology.com\/es\/wp-json\/wp\/v2\/product\/26767\/revisions\/26771"}],"wp:featuredmedia":[{"embeddable":true,"href":"https:\/\/www.aurorscalartechnology.com\/es\/wp-json\/wp\/v2\/media\/22693"}],"wp:attachment":[{"href":"https:\/\/www.aurorscalartechnology.com\/es\/wp-json\/wp\/v2\/media?parent=26767"}],"wp:term":[{"taxonomy":"product_cat","embeddable":true,"href":"https:\/\/www.aurorscalartechnology.com\/es\/wp-json\/wp\/v2\/product_cat?post=26767"},{"taxonomy":"product_tag","embeddable":true,"href":"https:\/\/www.aurorscalartechnology.com\/es\/wp-json\/wp\/v2\/product_tag?post=26767"}],"curies":[{"name":"wp","href":"https:\/\/api.w.org\/{rel}","templated":true}]}}