{"id":26772,"date":"2024-07-01T10:26:39","date_gmt":"2024-07-01T08:26:39","guid":{"rendered":"https:\/\/www.aurorscalartechnology.com\/?post_type=product&#038;p=26772"},"modified":"2025-11-21T15:50:44","modified_gmt":"2025-11-21T14:50:44","slug":"la-technologie-e-t-2-combat-les-rayonnements-emis-par-les-telephones-mobiles-les-telephones-dect-ou-les-antennes-relais","status":"publish","type":"product","link":"https:\/\/www.aurorscalartechnology.com\/es\/producto\/la-technologie-e-t-2-combat-les-rayonnements-emis-par-les-telephones-mobiles-les-telephones-dect-ou-les-antennes-relais\/","title":{"rendered":"E. T. 2 suppresseur domestique et appareil \u00e0 fr\u00e9quence 1 850,00 \u20ac"},"content":{"rendered":"\t\t<div data-elementor-type=\"wp-post\" data-elementor-id=\"26772\" class=\"elementor elementor-26772 elementor-22884\">\n\t\t\t\t\t\t<section class=\"elementor-section elementor-top-section elementor-element elementor-element-ac98f48 elementor-section-boxed elementor-section-height-default elementor-section-height-default\" data-id=\"ac98f48\" data-element_type=\"section\" data-e-type=\"section\">\n\t\t\t\t\t\t<div class=\"elementor-container elementor-column-gap-default\">\n\t\t\t\t\t<div class=\"elementor-column elementor-col-33 elementor-top-column elementor-element elementor-element-a9c3cf6\" data-id=\"a9c3cf6\" data-element_type=\"column\" data-e-type=\"column\">\n\t\t\t<div class=\"elementor-widget-wrap elementor-element-populated\">\n\t\t\t\t\t\t<div class=\"elementor-element elementor-element-5e343f4 elementor-widget elementor-widget-pressmart-heading\" data-id=\"5e343f4\" data-element_type=\"widget\" data-e-type=\"widget\" data-widget_type=\"pressmart-heading.default\">\n\t\t\t\t<div class=\"elementor-widget-container\">\n\t\t\t\t\t<div id=\"pressmart-header-85424\" class=\"pressmart-element pressmart-heading text-left separator-none separator-between-heading\">\t\n\t\t\t\n\t\t\t<div class=\"heading-wrap\">\n\t\t\t<span class=\"separator-left\"><\/span>\n\t\t\t<h4 class=\"heading-title\">E.T. 2 suppresseur de parasites domestiques\/appareil \u00e0 fr\u00e9quence<\/h4>\t\t\t<span class=\"separator-right\"><\/span>\n\t\t\t\t\t<\/div>\n\t\t\n    <\/div>\t\t\t\t<\/div>\n\t\t\t\t<\/div>\n\t\t\t\t<div class=\"elementor-element elementor-element-93eceae elementor-widget elementor-widget-text-editor\" data-id=\"93eceae\" data-element_type=\"widget\" data-e-type=\"widget\" data-widget_type=\"text-editor.default\">\n\t\t\t\t<div class=\"elementor-widget-container\">\n\t\t\t\t\t\t\t\t\t<p>L&#8217;E.T. 2 est entre autres un d\u00e9sactivateur domestique et un appareil \u00e0 fr\u00e9quence, pour un environnement naturel et sain en termes de rayonnement dans et autour de la maison. Un produit \u00e9quilibr\u00e9 qui peut \u00eatre plac\u00e9 dans la maison, par exemple sous votre lit ou sous votre chaise, pour une sensation d&#8217;harmonie pour les humains, les animaux et les plantes. La port\u00e9e (rayon) de l&#8217;E.T. 2 est d&#8217;environ 2000 m\u00e8tres autour de l&#8217;E.T. 2 et traverse le b\u00e9ton et le m\u00e9tal. La technologie de l&#8217;E.T. 2 est destin\u00e9e \u00e0 maintenir ou \u00e0 augmenter l&#8217;\u00e9nergie\/la vitalit\u00e9 des \u00eatres humains et des animaux. Dans la plupart des cas, lorsque l&#8217;E.T.2 est connect\u00e9, l&#8217;effet est imm\u00e9diatement perceptible. C&#8217;est comme si une paix soudaine s&#8217;installait chez les humains, les animaux et dans l&#8217;environnement. Les fleurs, les plantes et les fruits pousseront \u00e9galement plus vite et mieux, de sorte que vos plantes potag\u00e8res donneront des r\u00e9sultats plus nombreux et meilleurs.<\/p>\t\t\t\t\t\t\t\t<\/div>\n\t\t\t\t<\/div>\n\t\t\t\t\t<\/div>\n\t\t<\/div>\n\t\t\t\t<div class=\"elementor-column elementor-col-33 elementor-top-column elementor-element elementor-element-ca81899\" data-id=\"ca81899\" data-element_type=\"column\" data-e-type=\"column\">\n\t\t\t<div class=\"elementor-widget-wrap elementor-element-populated\">\n\t\t\t\t\t\t<div class=\"elementor-element elementor-element-9eb8d12 elementor-widget elementor-widget-pressmart-heading\" data-id=\"9eb8d12\" data-element_type=\"widget\" data-e-type=\"widget\" data-widget_type=\"pressmart-heading.default\">\n\t\t\t\t<div class=\"elementor-widget-container\">\n\t\t\t\t\t<div id=\"pressmart-header-58398\" class=\"pressmart-element pressmart-heading text-left separator-none separator-between-heading\">\t\n\t\t\t\n\t\t\t<div class=\"heading-wrap\">\n\t\t\t<span class=\"separator-left\"><\/span>\n\t\t\t<h4 class=\"heading-title\">Alimentation et boissons.<\/h4>\t\t\t<span class=\"separator-right\"><\/span>\n\t\t\t\t\t<\/div>\n\t\t\n    <\/div>\t\t\t\t<\/div>\n\t\t\t\t<\/div>\n\t\t\t\t<div class=\"elementor-element elementor-element-7312084 elementor-widget elementor-widget-text-editor\" data-id=\"7312084\" data-element_type=\"widget\" data-e-type=\"widget\" data-widget_type=\"text-editor.default\">\n\t\t\t\t<div class=\"elementor-widget-container\">\n\t\t\t\t\t\t\t\t\t<p>Vous pouvez placer tous les aliments et boissons sur l&#8217;appareil pendant 15 \u00e0 20 minutes. Cela augmentera la fr\u00e9quence des aliments et leur donnera ainsi plus d&#8217;\u00e9nergie, ce qui rendra leur consommation plus saine pour les humains et les animaux.<\/p><p>\u00a0<\/p>\t\t\t\t\t\t\t\t<\/div>\n\t\t\t\t<\/div>\n\t\t\t\t<div class=\"elementor-element elementor-element-ca08910 elementor-widget elementor-widget-pressmart-heading\" data-id=\"ca08910\" data-element_type=\"widget\" data-e-type=\"widget\" data-widget_type=\"pressmart-heading.default\">\n\t\t\t\t<div class=\"elementor-widget-container\">\n\t\t\t\t\t<div id=\"pressmart-header-96501\" class=\"pressmart-element pressmart-heading text-left separator-none separator-between-heading\">\t\n\t\t\t\n\t\t\t<div class=\"heading-wrap\">\n\t\t\t<span class=\"separator-left\"><\/span>\n\t\t\t<h4 class=\"heading-title\">Neutraliza la radiaci\u00f3n negativa.<\/h4>\t\t\t<span class=\"separator-right\"><\/span>\n\t\t\t\t\t<\/div>\n\t\t\n    <\/div>\t\t\t\t<\/div>\n\t\t\t\t<\/div>\n\t\t\t\t<div class=\"elementor-element elementor-element-a0a335d elementor-widget elementor-widget-text-editor\" data-id=\"a0a335d\" data-element_type=\"widget\" data-e-type=\"widget\" data-widget_type=\"text-editor.default\">\n\t\t\t\t<div class=\"elementor-widget-container\">\n\t\t\t\t\t\t\t\t\t<p>La tecnolog\u00eda E.T. 2 combate\/neutraliza, entre otras cosas, la radiaci\u00f3n presente, como la de los rayos terrestres, los tel\u00e9fonos m\u00f3viles, los tel\u00e9fonos DECT, el wifi o las antenas de telefon\u00eda m\u00f3vil. La radiaci\u00f3n se transforma, por as\u00ed decirlo, de modo que ya no se sufre la radiaci\u00f3n negativa. Por supuesto, todo lo inal\u00e1mbrico es muy f\u00e1cil y adem\u00e1s no hay cables innecesarios por las paredes de la casa. Al utilizar este dispositivo en su hogar, podr\u00e1 navegar por Internet y llamar por tel\u00e9fono de forma inal\u00e1mbrica y segura, sin que ello suponga ning\u00fan da\u00f1o para su cuerpo.<br \/>Para aquellas personas que deseen obtener m\u00e1s informaci\u00f3n sobre los tratamientos de terapia de resonancia y sobre los equipos que desarrollamos, recomendamos concertar una cita para venir un jueves o un s\u00e1bado a ver y probar estos equipos tan especiales. Todo el mundo es bienvenido y, si lo desea, tambi\u00e9n puede adquirir el equipo. La terapia de resonancia que hemos desarrollado es una combinaci\u00f3n de: Nikola Tesla, Royal Rife, George Lakhovsky, Wilhelm Reich y Mehran Keshe, de la fundaci\u00f3n Keshe. El equipo Keshe est\u00e1 relacionado con la ciencia del plasma y son las bobinas Magravs las que generan la energ\u00eda del plasma. Si viene aqu\u00ed, tambi\u00e9n podr\u00e1 experimentar el efecto de los diferentes aparatos, entre los que se encuentran el E.T. 2, el E.T. 3 y el E.T. 4. Tambi\u00e9n ofrecemos tratamientos de resonancia los jueves y s\u00e1bados para diversas dolencias. Un tratamiento de 1,5 horas cuesta 38,00 \u20ac. Somos los \u00fanicos que ofrecemos estos aparatos y tratamientos en los Pa\u00edses Bajos y fuera de ellos. Siempre puede enviarnos un correo electr\u00f3nico o llamarnos por tel\u00e9fono para obtener m\u00e1s informaci\u00f3n sobre el tratamiento y\/o los aparatos de frecuencia. N\u00famero de tel\u00e9fono: 040-2521107 y nuestra direcci\u00f3n de correo electr\u00f3nico es: aurorscalartechnology@kpnmail.nl.<\/p>\t\t\t\t\t\t\t\t<\/div>\n\t\t\t\t<\/div>\n\t\t\t\t\t<\/div>\n\t\t<\/div>\n\t\t\t\t<div class=\"elementor-column elementor-col-33 elementor-top-column elementor-element elementor-element-c29160e\" data-id=\"c29160e\" data-element_type=\"column\" data-e-type=\"column\">\n\t\t\t<div class=\"elementor-widget-wrap elementor-element-populated\">\n\t\t\t\t\t\t<div class=\"elementor-element elementor-element-cb727b6 elementor-widget elementor-widget-pressmart-heading\" data-id=\"cb727b6\" data-element_type=\"widget\" data-e-type=\"widget\" data-widget_type=\"pressmart-heading.default\">\n\t\t\t\t<div class=\"elementor-widget-container\">\n\t\t\t\t\t<div id=\"pressmart-header-26400\" class=\"pressmart-element pressmart-heading text-left separator-none separator-between-heading\">\t\n\t\t\t\n\t\t\t<div class=\"heading-wrap\">\n\t\t\t<span class=\"separator-left\"><\/span>\n\t\t\t<h4 class=\"heading-title\">Prot\u00e9jase contra la radiaci\u00f3n nociva<\/h4>\t\t\t<span class=\"separator-right\"><\/span>\n\t\t\t\t\t<\/div>\n\t\t\n    <\/div>\t\t\t\t<\/div>\n\t\t\t\t<\/div>\n\t\t\t\t<div class=\"elementor-element elementor-element-019da56 elementor-widget elementor-widget-text-editor\" data-id=\"019da56\" data-element_type=\"widget\" data-e-type=\"widget\" data-widget_type=\"text-editor.default\">\n\t\t\t\t<div class=\"elementor-widget-container\">\n\t\t\t\t\t\t\t\t\t<p>Prot\u00e9jase de todas las radiaciones negativas con el E.T. 2, que emite una amplia gama de frecuencias armoniosas, incluida la frecuencia terrestre, mediante dos bobinas Tesla. La frecuencia terrestre tambi\u00e9n se conoce como resonancia Schumann. La frecuencia natural de la Tierra se ve actualmente dominada\/suprimida en muchos lugares por radiaciones nocivas, lo que puede provocar todo tipo de molestias en las personas. El E.T. 2 es un dispositivo que devuelve la armon\u00eda al entorno, eliminando los efectos de la radiaci\u00f3n negativa y devolviendo la vitalidad y la tranquilidad a las personas. Esta tecnolog\u00eda se combina con la tecnolog\u00eda de Royal Rife, Nikola Tesla y Wilhelm Reich. El E.T. 2 pesa aproximadamente 7 kilos, tiene una altura de 10 cm, una longitud de 50 cm y una anchura de 32 cm. Para m\u00e1s informaci\u00f3n, no dude en enviarnos un correo electr\u00f3nico o llamarnos por tel\u00e9fono. Si el E.T. 2 no cumple con sus expectativas en un plazo de 1 a 2 meses, puede devolverlo previa consulta. Se le devolver\u00e1 el dinero, siempre y cuando el E.T. 2 no presente da\u00f1os, menos 300,00 \u20ac en concepto de gastos de administraci\u00f3n.<\/p>\t\t\t\t\t\t\t\t<\/div>\n\t\t\t\t<\/div>\n\t\t\t\t\t<\/div>\n\t\t<\/div>\n\t\t\t\t\t<\/div>\n\t\t<\/section>\n\t\t\t\t<\/div>\n\t\t","protected":false},"excerpt":{"rendered":"<p>La technologie <b>E.T. 2<\/b> combat notamment les rayonnements \u00e9mis par les t\u00e9l\u00e9phones portables, les t\u00e9l\u00e9phones DECT ou les antennes-relais, mais veille \u00e9galement \u00e0 ce que ces rayonnements ne causent plus de nuisances. Il s&#8217;agit \u00e9galement d&#8217;un appareil \u00e0 fr\u00e9quences qui favorise l&#8217;harmonie entre les \u00eatres humains, les animaux et les plantes. Il apporte ainsi plus de calme et d&#8217;harmonie dans votre maison et votre environnement. Ses dimensions sont les suivantes : longueur 55 cm, largeur 32 cm et hauteur 10 cm. Le prix de l&#8217;E.T.2 est de 1 850,00 \u20ac.<\/p>\n","protected":false},"featured_media":25832,"template":"","meta":[],"product_cat":[364,281],"product_tag":[],"class_list":{"0":"post-26772","1":"product","2":"type-product","3":"status-publish","4":"has-post-thumbnail","6":"product_cat-et-2-es","7":"product_cat-todos-los-productos","8":"product_shipping_class-post-pakket-es","10":"first","11":"instock","12":"taxable","13":"shipping-taxable","14":"purchasable","15":"product-type-simple"},"yoast_head":"<!-- This site is optimized with the Yoast SEO plugin v27.4 - https:\/\/yoast.com\/product\/yoast-seo-wordpress\/ -->\n<title>E. T. 2 suppresseur domestique et appareil \u00e0 fr\u00e9quence 1 850,00 \u20ac - Auror Scalar Technology<\/title>\n<meta name=\"description\" content=\"La technologie E.T. 2 combat notamment les rayonnements \u00e9mis par les t\u00e9l\u00e9phones portables, les t\u00e9l\u00e9phones DECT ou les antennes-relais,\" \/>\n<meta name=\"robots\" content=\"index, follow, max-snippet:-1, max-image-preview:large, max-video-preview:-1\" \/>\n<link rel=\"canonical\" href=\"https:\/\/www.aurorscalartechnology.com\/es\/producto\/la-technologie-e-t-2-combat-les-rayonnements-emis-par-les-telephones-mobiles-les-telephones-dect-ou-les-antennes-relais\/\" \/>\n<meta property=\"og:locale\" content=\"es_ES\" \/>\n<meta property=\"og:type\" content=\"article\" \/>\n<meta property=\"og:title\" content=\"E. T. 2 suppresseur domestique et appareil \u00e0 fr\u00e9quence 1 850,00 \u20ac - Auror Scalar Technology\" \/>\n<meta property=\"og:description\" content=\"La technologie E.T. 2 combat notamment les rayonnements \u00e9mis par les t\u00e9l\u00e9phones portables, les t\u00e9l\u00e9phones DECT ou les antennes-relais,\" \/>\n<meta property=\"og:url\" content=\"https:\/\/www.aurorscalartechnology.com\/es\/producto\/la-technologie-e-t-2-combat-les-rayonnements-emis-par-les-telephones-mobiles-les-telephones-dect-ou-les-antennes-relais\/\" \/>\n<meta property=\"og:site_name\" content=\"Auror Scalar Technology\" \/>\n<meta property=\"article:modified_time\" content=\"2025-11-21T14:50:44+00:00\" \/>\n<meta property=\"og:image\" content=\"https:\/\/www.aurorscalartechnology.com\/wp-content\/uploads\/2023\/08\/E.T.2-scaled.jpg\" \/>\n\t<meta property=\"og:image:width\" content=\"2560\" \/>\n\t<meta property=\"og:image:height\" content=\"1631\" \/>\n\t<meta property=\"og:image:type\" content=\"image\/jpeg\" \/>\n<meta name=\"twitter:card\" content=\"summary_large_image\" \/>\n<meta name=\"twitter:label1\" content=\"Tiempo de lectura\" \/>\n\t<meta name=\"twitter:data1\" content=\"4 minutos\" \/>\n<script type=\"application\/ld+json\" class=\"yoast-schema-graph\">{\"@context\":\"https:\\\/\\\/schema.org\",\"@graph\":[{\"@type\":\"WebPage\",\"@id\":\"https:\\\/\\\/www.aurorscalartechnology.com\\\/es\\\/producto\\\/la-technologie-e-t-2-combat-les-rayonnements-emis-par-les-telephones-mobiles-les-telephones-dect-ou-les-antennes-relais\\\/\",\"url\":\"https:\\\/\\\/www.aurorscalartechnology.com\\\/es\\\/producto\\\/la-technologie-e-t-2-combat-les-rayonnements-emis-par-les-telephones-mobiles-les-telephones-dect-ou-les-antennes-relais\\\/\",\"name\":\"E. T. 2 suppresseur domestique et appareil \u00e0 fr\u00e9quence 1 850,00 \u20ac - Auror Scalar Technology\",\"isPartOf\":{\"@id\":\"https:\\\/\\\/www.aurorscalartechnology.com\\\/es\\\/#website\"},\"primaryImageOfPage\":{\"@id\":\"https:\\\/\\\/www.aurorscalartechnology.com\\\/es\\\/producto\\\/la-technologie-e-t-2-combat-les-rayonnements-emis-par-les-telephones-mobiles-les-telephones-dect-ou-les-antennes-relais\\\/#primaryimage\"},\"image\":{\"@id\":\"https:\\\/\\\/www.aurorscalartechnology.com\\\/es\\\/producto\\\/la-technologie-e-t-2-combat-les-rayonnements-emis-par-les-telephones-mobiles-les-telephones-dect-ou-les-antennes-relais\\\/#primaryimage\"},\"thumbnailUrl\":\"https:\\\/\\\/www.aurorscalartechnology.com\\\/wp-content\\\/uploads\\\/2023\\\/08\\\/E.T.2-scaled.jpg\",\"datePublished\":\"2024-07-01T08:26:39+00:00\",\"dateModified\":\"2025-11-21T14:50:44+00:00\",\"description\":\"La technologie E.T. 2 combat notamment les rayonnements \u00e9mis par les t\u00e9l\u00e9phones portables, les t\u00e9l\u00e9phones DECT ou les antennes-relais,\",\"breadcrumb\":{\"@id\":\"https:\\\/\\\/www.aurorscalartechnology.com\\\/es\\\/producto\\\/la-technologie-e-t-2-combat-les-rayonnements-emis-par-les-telephones-mobiles-les-telephones-dect-ou-les-antennes-relais\\\/#breadcrumb\"},\"inLanguage\":\"es\",\"potentialAction\":[{\"@type\":\"ReadAction\",\"target\":[\"https:\\\/\\\/www.aurorscalartechnology.com\\\/es\\\/producto\\\/la-technologie-e-t-2-combat-les-rayonnements-emis-par-les-telephones-mobiles-les-telephones-dect-ou-les-antennes-relais\\\/\"]}]},{\"@type\":\"ImageObject\",\"inLanguage\":\"es\",\"@id\":\"https:\\\/\\\/www.aurorscalartechnology.com\\\/es\\\/producto\\\/la-technologie-e-t-2-combat-les-rayonnements-emis-par-les-telephones-mobiles-les-telephones-dect-ou-les-antennes-relais\\\/#primaryimage\",\"url\":\"https:\\\/\\\/www.aurorscalartechnology.com\\\/wp-content\\\/uploads\\\/2023\\\/08\\\/E.T.2-scaled.jpg\",\"contentUrl\":\"https:\\\/\\\/www.aurorscalartechnology.com\\\/wp-content\\\/uploads\\\/2023\\\/08\\\/E.T.2-scaled.jpg\",\"width\":2560,\"height\":1631},{\"@type\":\"BreadcrumbList\",\"@id\":\"https:\\\/\\\/www.aurorscalartechnology.com\\\/es\\\/producto\\\/la-technologie-e-t-2-combat-les-rayonnements-emis-par-les-telephones-mobiles-les-telephones-dect-ou-les-antennes-relais\\\/#breadcrumb\",\"itemListElement\":[{\"@type\":\"ListItem\",\"position\":1,\"name\":\"Home\",\"item\":\"https:\\\/\\\/www.aurorscalartechnology.com\\\/es\\\/\"},{\"@type\":\"ListItem\",\"position\":2,\"name\":\"Tienda\",\"item\":\"https:\\\/\\\/www.aurorscalartechnology.com\\\/es\\\/tienda\\\/\"},{\"@type\":\"ListItem\",\"position\":3,\"name\":\"E. T. 2 suppresseur domestique et appareil \u00e0 fr\u00e9quence 1 850,00 \u20ac\"}]},{\"@type\":\"WebSite\",\"@id\":\"https:\\\/\\\/www.aurorscalartechnology.com\\\/es\\\/#website\",\"url\":\"https:\\\/\\\/www.aurorscalartechnology.com\\\/es\\\/\",\"name\":\"Auror Scalar Technology\",\"description\":\"\",\"potentialAction\":[{\"@type\":\"SearchAction\",\"target\":{\"@type\":\"EntryPoint\",\"urlTemplate\":\"https:\\\/\\\/www.aurorscalartechnology.com\\\/es\\\/?s={search_term_string}\"},\"query-input\":{\"@type\":\"PropertyValueSpecification\",\"valueRequired\":true,\"valueName\":\"search_term_string\"}}],\"inLanguage\":\"es\"}]}<\/script>\n<!-- \/ Yoast SEO plugin. -->","yoast_head_json":{"title":"E. T. 2 suppresseur domestique et appareil \u00e0 fr\u00e9quence 1 850,00 \u20ac - Auror Scalar Technology","description":"La technologie E.T. 2 combat notamment les rayonnements \u00e9mis par les t\u00e9l\u00e9phones portables, les t\u00e9l\u00e9phones DECT ou les antennes-relais,","robots":{"index":"index","follow":"follow","max-snippet":"max-snippet:-1","max-image-preview":"max-image-preview:large","max-video-preview":"max-video-preview:-1"},"canonical":"https:\/\/www.aurorscalartechnology.com\/es\/producto\/la-technologie-e-t-2-combat-les-rayonnements-emis-par-les-telephones-mobiles-les-telephones-dect-ou-les-antennes-relais\/","og_locale":"es_ES","og_type":"article","og_title":"E. T. 2 suppresseur domestique et appareil \u00e0 fr\u00e9quence 1 850,00 \u20ac - Auror Scalar Technology","og_description":"La technologie E.T. 2 combat notamment les rayonnements \u00e9mis par les t\u00e9l\u00e9phones portables, les t\u00e9l\u00e9phones DECT ou les antennes-relais,","og_url":"https:\/\/www.aurorscalartechnology.com\/es\/producto\/la-technologie-e-t-2-combat-les-rayonnements-emis-par-les-telephones-mobiles-les-telephones-dect-ou-les-antennes-relais\/","og_site_name":"Auror Scalar Technology","article_modified_time":"2025-11-21T14:50:44+00:00","og_image":[{"width":2560,"height":1631,"url":"https:\/\/www.aurorscalartechnology.com\/wp-content\/uploads\/2023\/08\/E.T.2-scaled.jpg","type":"image\/jpeg"}],"twitter_card":"summary_large_image","twitter_misc":{"Tiempo de lectura":"4 minutos"},"schema":{"@context":"https:\/\/schema.org","@graph":[{"@type":"WebPage","@id":"https:\/\/www.aurorscalartechnology.com\/es\/producto\/la-technologie-e-t-2-combat-les-rayonnements-emis-par-les-telephones-mobiles-les-telephones-dect-ou-les-antennes-relais\/","url":"https:\/\/www.aurorscalartechnology.com\/es\/producto\/la-technologie-e-t-2-combat-les-rayonnements-emis-par-les-telephones-mobiles-les-telephones-dect-ou-les-antennes-relais\/","name":"E. T. 2 suppresseur domestique et appareil \u00e0 fr\u00e9quence 1 850,00 \u20ac - Auror Scalar Technology","isPartOf":{"@id":"https:\/\/www.aurorscalartechnology.com\/es\/#website"},"primaryImageOfPage":{"@id":"https:\/\/www.aurorscalartechnology.com\/es\/producto\/la-technologie-e-t-2-combat-les-rayonnements-emis-par-les-telephones-mobiles-les-telephones-dect-ou-les-antennes-relais\/#primaryimage"},"image":{"@id":"https:\/\/www.aurorscalartechnology.com\/es\/producto\/la-technologie-e-t-2-combat-les-rayonnements-emis-par-les-telephones-mobiles-les-telephones-dect-ou-les-antennes-relais\/#primaryimage"},"thumbnailUrl":"https:\/\/www.aurorscalartechnology.com\/wp-content\/uploads\/2023\/08\/E.T.2-scaled.jpg","datePublished":"2024-07-01T08:26:39+00:00","dateModified":"2025-11-21T14:50:44+00:00","description":"La technologie E.T. 2 combat notamment les rayonnements \u00e9mis par les t\u00e9l\u00e9phones portables, les t\u00e9l\u00e9phones DECT ou les antennes-relais,","breadcrumb":{"@id":"https:\/\/www.aurorscalartechnology.com\/es\/producto\/la-technologie-e-t-2-combat-les-rayonnements-emis-par-les-telephones-mobiles-les-telephones-dect-ou-les-antennes-relais\/#breadcrumb"},"inLanguage":"es","potentialAction":[{"@type":"ReadAction","target":["https:\/\/www.aurorscalartechnology.com\/es\/producto\/la-technologie-e-t-2-combat-les-rayonnements-emis-par-les-telephones-mobiles-les-telephones-dect-ou-les-antennes-relais\/"]}]},{"@type":"ImageObject","inLanguage":"es","@id":"https:\/\/www.aurorscalartechnology.com\/es\/producto\/la-technologie-e-t-2-combat-les-rayonnements-emis-par-les-telephones-mobiles-les-telephones-dect-ou-les-antennes-relais\/#primaryimage","url":"https:\/\/www.aurorscalartechnology.com\/wp-content\/uploads\/2023\/08\/E.T.2-scaled.jpg","contentUrl":"https:\/\/www.aurorscalartechnology.com\/wp-content\/uploads\/2023\/08\/E.T.2-scaled.jpg","width":2560,"height":1631},{"@type":"BreadcrumbList","@id":"https:\/\/www.aurorscalartechnology.com\/es\/producto\/la-technologie-e-t-2-combat-les-rayonnements-emis-par-les-telephones-mobiles-les-telephones-dect-ou-les-antennes-relais\/#breadcrumb","itemListElement":[{"@type":"ListItem","position":1,"name":"Home","item":"https:\/\/www.aurorscalartechnology.com\/es\/"},{"@type":"ListItem","position":2,"name":"Tienda","item":"https:\/\/www.aurorscalartechnology.com\/es\/tienda\/"},{"@type":"ListItem","position":3,"name":"E. T. 2 suppresseur domestique et appareil \u00e0 fr\u00e9quence 1 850,00 \u20ac"}]},{"@type":"WebSite","@id":"https:\/\/www.aurorscalartechnology.com\/es\/#website","url":"https:\/\/www.aurorscalartechnology.com\/es\/","name":"Auror Scalar Technology","description":"","potentialAction":[{"@type":"SearchAction","target":{"@type":"EntryPoint","urlTemplate":"https:\/\/www.aurorscalartechnology.com\/es\/?s={search_term_string}"},"query-input":{"@type":"PropertyValueSpecification","valueRequired":true,"valueName":"search_term_string"}}],"inLanguage":"es"}]}},"_links":{"self":[{"href":"https:\/\/www.aurorscalartechnology.com\/es\/wp-json\/wp\/v2\/product\/26772","targetHints":{"allow":["GET"]}}],"collection":[{"href":"https:\/\/www.aurorscalartechnology.com\/es\/wp-json\/wp\/v2\/product"}],"about":[{"href":"https:\/\/www.aurorscalartechnology.com\/es\/wp-json\/wp\/v2\/types\/product"}],"version-history":[{"count":7,"href":"https:\/\/www.aurorscalartechnology.com\/es\/wp-json\/wp\/v2\/product\/26772\/revisions"}],"predecessor-version":[{"id":26780,"href":"https:\/\/www.aurorscalartechnology.com\/es\/wp-json\/wp\/v2\/product\/26772\/revisions\/26780"}],"wp:featuredmedia":[{"embeddable":true,"href":"https:\/\/www.aurorscalartechnology.com\/es\/wp-json\/wp\/v2\/media\/25832"}],"wp:attachment":[{"href":"https:\/\/www.aurorscalartechnology.com\/es\/wp-json\/wp\/v2\/media?parent=26772"}],"wp:term":[{"taxonomy":"product_cat","embeddable":true,"href":"https:\/\/www.aurorscalartechnology.com\/es\/wp-json\/wp\/v2\/product_cat?post=26772"},{"taxonomy":"product_tag","embeddable":true,"href":"https:\/\/www.aurorscalartechnology.com\/es\/wp-json\/wp\/v2\/product_tag?post=26772"}],"curies":[{"name":"wp","href":"https:\/\/api.w.org\/{rel}","templated":true}]}}