{"id":27031,"date":"2025-12-30T14:27:18","date_gmt":"2025-12-30T13:27:18","guid":{"rendered":"https:\/\/www.aurorscalartechnology.com\/?post_type=product&#038;p=27031"},"modified":"2026-01-21T14:16:49","modified_gmt":"2026-01-21T13:16:49","slug":"medbed-matjes-40-40","status":"publish","type":"product","link":"https:\/\/www.aurorscalartechnology.com\/es\/producto\/medbed-matjes-40-40\/","title":{"rendered":"Medbed Matjes 40&#215;40"},"content":{"rendered":"\t\t<div data-elementor-type=\"wp-post\" data-elementor-id=\"27031\" class=\"elementor elementor-27031\">\n\t\t\t\t\t\t<section class=\"elementor-section elementor-top-section elementor-element elementor-element-805475e elementor-section-boxed elementor-section-height-default elementor-section-height-default\" data-id=\"805475e\" data-element_type=\"section\" data-e-type=\"section\">\n\t\t\t\t\t\t<div class=\"elementor-container elementor-column-gap-default\">\n\t\t\t\t\t<div class=\"elementor-column elementor-col-100 elementor-top-column elementor-element elementor-element-b334862\" data-id=\"b334862\" data-element_type=\"column\" data-e-type=\"column\">\n\t\t\t<div class=\"elementor-widget-wrap elementor-element-populated\">\n\t\t\t\t\t\t<div class=\"elementor-element elementor-element-85b6943 elementor-widget elementor-widget-text-editor\" data-id=\"85b6943\" data-element_type=\"widget\" data-e-type=\"widget\" data-widget_type=\"text-editor.default\">\n\t\t\t\t<div class=\"elementor-widget-container\">\n\t\t\t\t\t\t\t\t\t<p>\u00a0<\/p><p>Begin 2026 lanceer ik een revolutionair nieuw apparaat \u2013 een echte gamechanger!<\/p><p>Vergelijkbare apparaten bestaan al, maar dit exemplaar pakt het totaal anders aan: puur helend en regeneratief. Het draait onder andere op Magrav-technologie, Tesla spoelen en kristallen, het boost je fysiek \u00e9n mentaal. Het apparaat genereerd onder andere plasma energie, fotonen en helende scalaire golven. Er kunnen tot drie resonantiematten op aangesloten worden die je onder je hoeslaken kunt leggen voor een nachtelijk MED-bed. Ja, die MEd bedden waar al jaren over wordt gefluisterd en beloofd. Foto&#8217;s vliegen de wereld over, maar ik bestaan ze wel echt: als ze \u00e9cht bestaan, waren ze er allang geweest.<\/p><p>Twee matten\/lakens van 2 meter lengte voor in jouw bed en een extra mat voor op je stoel. De snoeren aan de matten\/lakens, kun je beter zeggen want ze zijn heel dun, deze zijn ongeveer 2.5 meter lang, het gewicht is ongeveer 14 kilo. Het apparaat is in doorsnede 30 cm en 35 cm hoog. Het snoer van het apparaat naar het stopcontact is ongeveer 1.5 meter lang. De lakens zijn heel dun en omdat er koolstof in zit moeten voorzichtig gewassen worden en ook niet te vaak. Beter is het om het alleen met een vochtig doekje te reinigen. De lakens bevatten een snoer van 2.5 meer lengte. Dubbele knock-out: het zuivert je huis van negatieve energie \u00e9n fungeert als gezondheidsbooster. Laat &#8216;m 24\/7 draaien voor max effect. Drie matten tegelijk mogelijk. Prijs?<\/p><p>Het apparaat gaat \u20ac2350,00 kosten en \u00e9\u00e9n matje van 40\/40cm kost \u20ac 25,00 en een resonantie laken voor onder jouw hoeslaken van 2meter lang en 40 cm breed kost \u20ac 45,00<\/p><p>Revolutionair? Absoluut. Mensen melden n\u00fa al dat gewrichtspijn na \u00e9\u00e9n sessie keldert. Hier mijn ervaring met dit apparaat, dat straks op de markt komt, Zelf ben ik keihard onderuit gegaan: mijn 39 kilo Amerikaanse Stafford (lief als wat, maar beresterk) spot een kat, sprint ervandoor \u2013 ik erachteraan, over twee muurtjes heb ik moeten springen. Dat lukte maar half, dus knal tegen een stenen muurtje. Daarna veel pijn en mank lopen. Na \u00e9\u00e9n sessie op de mat: pijn gehalveerd, geen mank gedoe meer. Na twee-drie sessies op de mat en het probleem is opgelost. Meestal duurt zoiets enkele weken tot maanden. Ik spring weer als een jonge god! En mensen met ernstige gezondheid klachten? Na \u00e9\u00e9n ronde zie ik mensen: betere kleur, meer energie. Uiteraard is niet iedereen gelijk en zal ook niet iedereen hetzelfde reageren. Dat is het: totale regeneratie van lichaam en geest. Wil je een apparaat op voorhand reserveren dan kan dat door een email te zenden met adres gegevens en telefoonnummer naar: <a href=\"mailto:aurorscalartechnology@kpnmail.nl\">aurorscalartechnology@kpnmail.nl<\/a> Zodra ze beschikbaar zijn dan nemen wij contact met jou op.<\/p>\t\t\t\t\t\t\t\t<\/div>\n\t\t\t\t<\/div>\n\t\t\t\t\t<\/div>\n\t\t<\/div>\n\t\t\t\t\t<\/div>\n\t\t<\/section>\n\t\t\t\t<\/div>\n\t\t","protected":false},"excerpt":{"rendered":"<p>Begin 2026 hebben wij een revolutionair nieuw apparaat gelanceerd\u2013 een echte gamechanger!<\/p>\n<p>Vergelijkbare apparaten bestaan al, maar dit exemplaar pakt het totaal anders aan: puur helend en regeneratief. Het draait onder andere op Magrav-technologie, Tesla spoelen en kristallen, het boost je fysiek \u00e9n mentaal. Het apparaat genereerd onder andere plasma energie, fotonen en helende scalaire golven. Er kunnen tot drie resonantiematten op aangesloten worden die je onder je hoeslaken kunt leggen voor een nachtelijk MED-bed. Let wel dat bij deze matjes\/laken wel ook het apparaat dienen te worden aangeschaft, anders werken de matjes\/lakens niet.<\/p>\n<p>&nbsp;<\/p>\n<p>&nbsp;<\/p>\n","protected":false},"featured_media":27092,"template":"","meta":[],"product_cat":[240,560],"product_tag":[],"class_list":{"0":"post-27031","1":"product","2":"type-product","3":"status-publish","4":"has-post-thumbnail","6":"product_cat-alle-producten","7":"product_cat-apparatuur","9":"first","10":"instock","11":"taxable","12":"shipping-taxable","13":"purchasable","14":"product-type-simple"},"yoast_head":"<!-- This site is optimized with the Yoast SEO plugin v27.4 - https:\/\/yoast.com\/product\/yoast-seo-wordpress\/ -->\n<title>Medbed Matjes 40x40 - Auror Scalar Technology<\/title>\n<meta name=\"description\" content=\"Medbed matjes in maat 40x40cm. Te bestellen per stuk via onze webshop.\" \/>\n<meta name=\"robots\" content=\"index, follow, max-snippet:-1, max-image-preview:large, max-video-preview:-1\" \/>\n<link rel=\"canonical\" href=\"https:\/\/www.aurorscalartechnology.com\/es\/producto\/medbed-matjes-40-40\/\" \/>\n<meta property=\"og:locale\" content=\"es_ES\" \/>\n<meta property=\"og:type\" content=\"article\" \/>\n<meta property=\"og:title\" content=\"Medbed Matjes 40x40 - Auror Scalar Technology\" \/>\n<meta property=\"og:description\" content=\"Medbed matjes in maat 40x40cm. Te bestellen per stuk via onze webshop.\" \/>\n<meta property=\"og:url\" content=\"https:\/\/www.aurorscalartechnology.com\/es\/producto\/medbed-matjes-40-40\/\" \/>\n<meta property=\"og:site_name\" content=\"Auror Scalar Technology\" \/>\n<meta property=\"article:modified_time\" content=\"2026-01-21T13:16:49+00:00\" \/>\n<meta name=\"twitter:card\" content=\"summary_large_image\" \/>\n<meta name=\"twitter:label1\" content=\"Tiempo de lectura\" \/>\n\t<meta name=\"twitter:data1\" content=\"3 minutos\" \/>\n<script type=\"application\/ld+json\" class=\"yoast-schema-graph\">{\"@context\":\"https:\\\/\\\/schema.org\",\"@graph\":[{\"@type\":\"WebPage\",\"@id\":\"https:\\\/\\\/www.aurorscalartechnology.com\\\/es\\\/producto\\\/medbed-matjes-40-40\\\/\",\"url\":\"https:\\\/\\\/www.aurorscalartechnology.com\\\/es\\\/producto\\\/medbed-matjes-40-40\\\/\",\"name\":\"Medbed Matjes 40x40 - Auror Scalar Technology\",\"isPartOf\":{\"@id\":\"https:\\\/\\\/www.aurorscalartechnology.com\\\/es\\\/#website\"},\"primaryImageOfPage\":{\"@id\":\"https:\\\/\\\/www.aurorscalartechnology.com\\\/es\\\/producto\\\/medbed-matjes-40-40\\\/#primaryimage\"},\"image\":{\"@id\":\"https:\\\/\\\/www.aurorscalartechnology.com\\\/es\\\/producto\\\/medbed-matjes-40-40\\\/#primaryimage\"},\"thumbnailUrl\":\"https:\\\/\\\/www.aurorscalartechnology.com\\\/wp-content\\\/uploads\\\/2025\\\/12\\\/mat-laken-40-cm.avif\",\"datePublished\":\"2025-12-30T13:27:18+00:00\",\"dateModified\":\"2026-01-21T13:16:49+00:00\",\"description\":\"Medbed matjes in maat 40x40cm. Te bestellen per stuk via onze webshop.\",\"breadcrumb\":{\"@id\":\"https:\\\/\\\/www.aurorscalartechnology.com\\\/es\\\/producto\\\/medbed-matjes-40-40\\\/#breadcrumb\"},\"inLanguage\":\"es\",\"potentialAction\":[{\"@type\":\"ReadAction\",\"target\":[\"https:\\\/\\\/www.aurorscalartechnology.com\\\/es\\\/producto\\\/medbed-matjes-40-40\\\/\"]}]},{\"@type\":\"ImageObject\",\"inLanguage\":\"es\",\"@id\":\"https:\\\/\\\/www.aurorscalartechnology.com\\\/es\\\/producto\\\/medbed-matjes-40-40\\\/#primaryimage\",\"url\":\"https:\\\/\\\/www.aurorscalartechnology.com\\\/wp-content\\\/uploads\\\/2025\\\/12\\\/mat-laken-40-cm.avif\",\"contentUrl\":\"https:\\\/\\\/www.aurorscalartechnology.com\\\/wp-content\\\/uploads\\\/2025\\\/12\\\/mat-laken-40-cm.avif\",\"width\":1280,\"height\":1707},{\"@type\":\"BreadcrumbList\",\"@id\":\"https:\\\/\\\/www.aurorscalartechnology.com\\\/es\\\/producto\\\/medbed-matjes-40-40\\\/#breadcrumb\",\"itemListElement\":[{\"@type\":\"ListItem\",\"position\":1,\"name\":\"Home\",\"item\":\"https:\\\/\\\/www.aurorscalartechnology.com\\\/es\\\/\"},{\"@type\":\"ListItem\",\"position\":2,\"name\":\"Tienda\",\"item\":\"https:\\\/\\\/www.aurorscalartechnology.com\\\/es\\\/tienda\\\/\"},{\"@type\":\"ListItem\",\"position\":3,\"name\":\"Medbed Matjes 40&#215;40\"}]},{\"@type\":\"WebSite\",\"@id\":\"https:\\\/\\\/www.aurorscalartechnology.com\\\/es\\\/#website\",\"url\":\"https:\\\/\\\/www.aurorscalartechnology.com\\\/es\\\/\",\"name\":\"Auror Scalar Technology\",\"description\":\"\",\"potentialAction\":[{\"@type\":\"SearchAction\",\"target\":{\"@type\":\"EntryPoint\",\"urlTemplate\":\"https:\\\/\\\/www.aurorscalartechnology.com\\\/es\\\/?s={search_term_string}\"},\"query-input\":{\"@type\":\"PropertyValueSpecification\",\"valueRequired\":true,\"valueName\":\"search_term_string\"}}],\"inLanguage\":\"es\"}]}<\/script>\n<!-- \/ Yoast SEO plugin. -->","yoast_head_json":{"title":"Medbed Matjes 40x40 - Auror Scalar Technology","description":"Medbed matjes in maat 40x40cm. Te bestellen per stuk via onze webshop.","robots":{"index":"index","follow":"follow","max-snippet":"max-snippet:-1","max-image-preview":"max-image-preview:large","max-video-preview":"max-video-preview:-1"},"canonical":"https:\/\/www.aurorscalartechnology.com\/es\/producto\/medbed-matjes-40-40\/","og_locale":"es_ES","og_type":"article","og_title":"Medbed Matjes 40x40 - Auror Scalar Technology","og_description":"Medbed matjes in maat 40x40cm. Te bestellen per stuk via onze webshop.","og_url":"https:\/\/www.aurorscalartechnology.com\/es\/producto\/medbed-matjes-40-40\/","og_site_name":"Auror Scalar Technology","article_modified_time":"2026-01-21T13:16:49+00:00","twitter_card":"summary_large_image","twitter_misc":{"Tiempo de lectura":"3 minutos"},"schema":{"@context":"https:\/\/schema.org","@graph":[{"@type":"WebPage","@id":"https:\/\/www.aurorscalartechnology.com\/es\/producto\/medbed-matjes-40-40\/","url":"https:\/\/www.aurorscalartechnology.com\/es\/producto\/medbed-matjes-40-40\/","name":"Medbed Matjes 40x40 - Auror Scalar Technology","isPartOf":{"@id":"https:\/\/www.aurorscalartechnology.com\/es\/#website"},"primaryImageOfPage":{"@id":"https:\/\/www.aurorscalartechnology.com\/es\/producto\/medbed-matjes-40-40\/#primaryimage"},"image":{"@id":"https:\/\/www.aurorscalartechnology.com\/es\/producto\/medbed-matjes-40-40\/#primaryimage"},"thumbnailUrl":"https:\/\/www.aurorscalartechnology.com\/wp-content\/uploads\/2025\/12\/mat-laken-40-cm.avif","datePublished":"2025-12-30T13:27:18+00:00","dateModified":"2026-01-21T13:16:49+00:00","description":"Medbed matjes in maat 40x40cm. Te bestellen per stuk via onze webshop.","breadcrumb":{"@id":"https:\/\/www.aurorscalartechnology.com\/es\/producto\/medbed-matjes-40-40\/#breadcrumb"},"inLanguage":"es","potentialAction":[{"@type":"ReadAction","target":["https:\/\/www.aurorscalartechnology.com\/es\/producto\/medbed-matjes-40-40\/"]}]},{"@type":"ImageObject","inLanguage":"es","@id":"https:\/\/www.aurorscalartechnology.com\/es\/producto\/medbed-matjes-40-40\/#primaryimage","url":"https:\/\/www.aurorscalartechnology.com\/wp-content\/uploads\/2025\/12\/mat-laken-40-cm.avif","contentUrl":"https:\/\/www.aurorscalartechnology.com\/wp-content\/uploads\/2025\/12\/mat-laken-40-cm.avif","width":1280,"height":1707},{"@type":"BreadcrumbList","@id":"https:\/\/www.aurorscalartechnology.com\/es\/producto\/medbed-matjes-40-40\/#breadcrumb","itemListElement":[{"@type":"ListItem","position":1,"name":"Home","item":"https:\/\/www.aurorscalartechnology.com\/es\/"},{"@type":"ListItem","position":2,"name":"Tienda","item":"https:\/\/www.aurorscalartechnology.com\/es\/tienda\/"},{"@type":"ListItem","position":3,"name":"Medbed Matjes 40&#215;40"}]},{"@type":"WebSite","@id":"https:\/\/www.aurorscalartechnology.com\/es\/#website","url":"https:\/\/www.aurorscalartechnology.com\/es\/","name":"Auror Scalar Technology","description":"","potentialAction":[{"@type":"SearchAction","target":{"@type":"EntryPoint","urlTemplate":"https:\/\/www.aurorscalartechnology.com\/es\/?s={search_term_string}"},"query-input":{"@type":"PropertyValueSpecification","valueRequired":true,"valueName":"search_term_string"}}],"inLanguage":"es"}]}},"_links":{"self":[{"href":"https:\/\/www.aurorscalartechnology.com\/es\/wp-json\/wp\/v2\/product\/27031","targetHints":{"allow":["GET"]}}],"collection":[{"href":"https:\/\/www.aurorscalartechnology.com\/es\/wp-json\/wp\/v2\/product"}],"about":[{"href":"https:\/\/www.aurorscalartechnology.com\/es\/wp-json\/wp\/v2\/types\/product"}],"version-history":[{"count":3,"href":"https:\/\/www.aurorscalartechnology.com\/es\/wp-json\/wp\/v2\/product\/27031\/revisions"}],"predecessor-version":[{"id":27195,"href":"https:\/\/www.aurorscalartechnology.com\/es\/wp-json\/wp\/v2\/product\/27031\/revisions\/27195"}],"wp:featuredmedia":[{"embeddable":true,"href":"https:\/\/www.aurorscalartechnology.com\/es\/wp-json\/wp\/v2\/media\/27092"}],"wp:attachment":[{"href":"https:\/\/www.aurorscalartechnology.com\/es\/wp-json\/wp\/v2\/media?parent=27031"}],"wp:term":[{"taxonomy":"product_cat","embeddable":true,"href":"https:\/\/www.aurorscalartechnology.com\/es\/wp-json\/wp\/v2\/product_cat?post=27031"},{"taxonomy":"product_tag","embeddable":true,"href":"https:\/\/www.aurorscalartechnology.com\/es\/wp-json\/wp\/v2\/product_tag?post=27031"}],"curies":[{"name":"wp","href":"https:\/\/api.w.org\/{rel}","templated":true}]}}