{"id":27782,"date":"2026-05-12T14:04:21","date_gmt":"2026-05-12T12:04:21","guid":{"rendered":"https:\/\/www.aurorscalartechnology.com\/?post_type=product&#038;p=27782"},"modified":"2026-05-12T14:15:51","modified_gmt":"2026-05-12T12:15:51","slug":"generador-tensor-flower-of-life","status":"publish","type":"product","link":"https:\/\/www.aurorscalartechnology.com\/es\/producto\/generador-tensor-flower-of-life\/","title":{"rendered":"Generador Tensor Flower of Life"},"content":{"rendered":"","protected":false},"excerpt":{"rendered":"<p>Generador Tensor Flower of Life<\/p>\n<h5>El precio es de 275,00 \u20ac<\/h5>\n<p>Este Flower of Life se puede conectar al sistema MedBed y, por lo tanto, emitir\u00e1 un campo m\u00e1s potente que sin el sistema MedBed. El dispositivo est\u00e1 compuesto por: alambre de cobre esta\u00f1ado y alambre de cobre rojo, y su di\u00e1metro es de 27 cent\u00edmetros<\/p>\n<p>La Flower of Life tiene efectos, entre otros, en:<\/p>\n<p>* mejora la energ\u00eda en tu interior<\/p>\n<p>* ayuda a equilibrar el campo energ\u00e9tico<\/p>\n<p>* ayuda a la conexi\u00f3n con la tierra<\/p>\n<p>* ayuda a conectar con tu fuerza interior<\/p>\n<p>* ayuda a abrir la gl\u00e1ndula pineal<\/p>\n<p>* ayuda a conectar con lo invisible<\/p>\n<p>* funciona bien para fortalecer el sistema inmunol\u00f3gico<\/p>\n<p>* ayuda a atraer lo material<\/p>\n<p>* tiene un efecto calmante y relajante<\/p>\n<p><sup>*<\/sup> ayuda a equilibrar el cerebro<\/p>\n","protected":false},"featured_media":27770,"template":"","meta":[],"product_cat":[222],"product_tag":[],"class_list":{"0":"post-27782","1":"product","2":"type-product","3":"status-publish","4":"has-post-thumbnail","6":"product_cat-sin-categorizar","8":"first","9":"instock","10":"taxable","11":"shipping-taxable","12":"product-type-simple"},"yoast_head":"<!-- This site is optimized with the Yoast SEO plugin v27.6 - https:\/\/yoast.com\/product\/yoast-seo-wordpress\/ -->\n<title>Generador Tensor Flower of Life - Auror Scalar Technology<\/title>\n<meta name=\"robots\" content=\"index, follow, max-snippet:-1, max-image-preview:large, max-video-preview:-1\" \/>\n<link rel=\"canonical\" href=\"https:\/\/www.aurorscalartechnology.com\/es\/producto\/generador-tensor-flower-of-life\/\" \/>\n<meta property=\"og:locale\" content=\"es_ES\" \/>\n<meta property=\"og:type\" content=\"article\" \/>\n<meta property=\"og:title\" content=\"Generador Tensor Flower of Life - Auror Scalar Technology\" \/>\n<meta property=\"og:description\" content=\"Generador Tensor Flower of Life El precio es de 275,00 \u20ac Este Flower of Life se puede conectar al sistema MedBed y, por lo tanto, emitir\u00e1 un campo m\u00e1s potente que sin el sistema MedBed. El dispositivo est\u00e1 compuesto por: alambre de cobre esta\u00f1ado y alambre de cobre rojo, y su di\u00e1metro es de 27 cent\u00edmetros  La Flower of Life tiene efectos, entre otros, en:  * mejora la energ\u00eda en tu interior  * ayuda a equilibrar el campo energ\u00e9tico  * ayuda a la conexi\u00f3n con la tierra  * ayuda a conectar con tu fuerza interior  * ayuda a abrir la gl\u00e1ndula pineal  * ayuda a conectar con lo invisible  * funciona bien para fortalecer el sistema inmunol\u00f3gico  * ayuda a atraer lo material  * tiene un efecto calmante y relajante  * ayuda a equilibrar el cerebro\" \/>\n<meta property=\"og:url\" content=\"https:\/\/www.aurorscalartechnology.com\/es\/producto\/generador-tensor-flower-of-life\/\" \/>\n<meta property=\"og:site_name\" content=\"Auror Scalar Technology\" \/>\n<meta property=\"article:modified_time\" content=\"2026-05-12T12:15:51+00:00\" \/>\n<meta property=\"og:image\" content=\"https:\/\/www.aurorscalartechnology.com\/wp-content\/uploads\/2026\/05\/Tensor-regenerator-scaled.jpg\" \/>\n\t<meta property=\"og:image:width\" content=\"1987\" \/>\n\t<meta property=\"og:image:height\" content=\"2560\" \/>\n\t<meta property=\"og:image:type\" content=\"image\/jpeg\" \/>\n<meta name=\"twitter:card\" content=\"summary_large_image\" \/>\n<script type=\"application\/ld+json\" class=\"yoast-schema-graph\">{\"@context\":\"https:\\\/\\\/schema.org\",\"@graph\":[{\"@type\":\"WebPage\",\"@id\":\"https:\\\/\\\/www.aurorscalartechnology.com\\\/es\\\/producto\\\/generador-tensor-flower-of-life\\\/\",\"url\":\"https:\\\/\\\/www.aurorscalartechnology.com\\\/es\\\/producto\\\/generador-tensor-flower-of-life\\\/\",\"name\":\"Generador Tensor Flower of Life - Auror Scalar Technology\",\"isPartOf\":{\"@id\":\"https:\\\/\\\/www.aurorscalartechnology.com\\\/es\\\/#website\"},\"primaryImageOfPage\":{\"@id\":\"https:\\\/\\\/www.aurorscalartechnology.com\\\/es\\\/producto\\\/generador-tensor-flower-of-life\\\/#primaryimage\"},\"image\":{\"@id\":\"https:\\\/\\\/www.aurorscalartechnology.com\\\/es\\\/producto\\\/generador-tensor-flower-of-life\\\/#primaryimage\"},\"thumbnailUrl\":\"https:\\\/\\\/www.aurorscalartechnology.com\\\/wp-content\\\/uploads\\\/2026\\\/05\\\/Tensor-regenerator-scaled.jpg\",\"datePublished\":\"2026-05-12T12:04:21+00:00\",\"dateModified\":\"2026-05-12T12:15:51+00:00\",\"breadcrumb\":{\"@id\":\"https:\\\/\\\/www.aurorscalartechnology.com\\\/es\\\/producto\\\/generador-tensor-flower-of-life\\\/#breadcrumb\"},\"inLanguage\":\"es\",\"potentialAction\":[{\"@type\":\"ReadAction\",\"target\":[\"https:\\\/\\\/www.aurorscalartechnology.com\\\/es\\\/producto\\\/generador-tensor-flower-of-life\\\/\"]}]},{\"@type\":\"ImageObject\",\"inLanguage\":\"es\",\"@id\":\"https:\\\/\\\/www.aurorscalartechnology.com\\\/es\\\/producto\\\/generador-tensor-flower-of-life\\\/#primaryimage\",\"url\":\"https:\\\/\\\/www.aurorscalartechnology.com\\\/wp-content\\\/uploads\\\/2026\\\/05\\\/Tensor-regenerator-scaled.jpg\",\"contentUrl\":\"https:\\\/\\\/www.aurorscalartechnology.com\\\/wp-content\\\/uploads\\\/2026\\\/05\\\/Tensor-regenerator-scaled.jpg\",\"width\":1987,\"height\":2560},{\"@type\":\"BreadcrumbList\",\"@id\":\"https:\\\/\\\/www.aurorscalartechnology.com\\\/es\\\/producto\\\/generador-tensor-flower-of-life\\\/#breadcrumb\",\"itemListElement\":[{\"@type\":\"ListItem\",\"position\":1,\"name\":\"Home\",\"item\":\"https:\\\/\\\/www.aurorscalartechnology.com\\\/es\\\/\"},{\"@type\":\"ListItem\",\"position\":2,\"name\":\"Tienda\",\"item\":\"https:\\\/\\\/www.aurorscalartechnology.com\\\/es\\\/tienda\\\/\"},{\"@type\":\"ListItem\",\"position\":3,\"name\":\"Generador Tensor Flower of Life\"}]},{\"@type\":\"WebSite\",\"@id\":\"https:\\\/\\\/www.aurorscalartechnology.com\\\/es\\\/#website\",\"url\":\"https:\\\/\\\/www.aurorscalartechnology.com\\\/es\\\/\",\"name\":\"Auror Scalar Technology\",\"description\":\"\",\"potentialAction\":[{\"@type\":\"SearchAction\",\"target\":{\"@type\":\"EntryPoint\",\"urlTemplate\":\"https:\\\/\\\/www.aurorscalartechnology.com\\\/es\\\/?s={search_term_string}\"},\"query-input\":{\"@type\":\"PropertyValueSpecification\",\"valueRequired\":true,\"valueName\":\"search_term_string\"}}],\"inLanguage\":\"es\"}]}<\/script>\n<!-- \/ Yoast SEO plugin. -->","yoast_head_json":{"title":"Generador Tensor Flower of Life - Auror Scalar Technology","robots":{"index":"index","follow":"follow","max-snippet":"max-snippet:-1","max-image-preview":"max-image-preview:large","max-video-preview":"max-video-preview:-1"},"canonical":"https:\/\/www.aurorscalartechnology.com\/es\/producto\/generador-tensor-flower-of-life\/","og_locale":"es_ES","og_type":"article","og_title":"Generador Tensor Flower of Life - Auror Scalar Technology","og_description":"Generador Tensor Flower of Life El precio es de 275,00 \u20ac Este Flower of Life se puede conectar al sistema MedBed y, por lo tanto, emitir\u00e1 un campo m\u00e1s potente que sin el sistema MedBed. El dispositivo est\u00e1 compuesto por: alambre de cobre esta\u00f1ado y alambre de cobre rojo, y su di\u00e1metro es de 27 cent\u00edmetros  La Flower of Life tiene efectos, entre otros, en:  * mejora la energ\u00eda en tu interior  * ayuda a equilibrar el campo energ\u00e9tico  * ayuda a la conexi\u00f3n con la tierra  * ayuda a conectar con tu fuerza interior  * ayuda a abrir la gl\u00e1ndula pineal  * ayuda a conectar con lo invisible  * funciona bien para fortalecer el sistema inmunol\u00f3gico  * ayuda a atraer lo material  * tiene un efecto calmante y relajante  * ayuda a equilibrar el cerebro","og_url":"https:\/\/www.aurorscalartechnology.com\/es\/producto\/generador-tensor-flower-of-life\/","og_site_name":"Auror Scalar Technology","article_modified_time":"2026-05-12T12:15:51+00:00","og_image":[{"width":1987,"height":2560,"url":"https:\/\/www.aurorscalartechnology.com\/wp-content\/uploads\/2026\/05\/Tensor-regenerator-scaled.jpg","type":"image\/jpeg"}],"twitter_card":"summary_large_image","schema":{"@context":"https:\/\/schema.org","@graph":[{"@type":"WebPage","@id":"https:\/\/www.aurorscalartechnology.com\/es\/producto\/generador-tensor-flower-of-life\/","url":"https:\/\/www.aurorscalartechnology.com\/es\/producto\/generador-tensor-flower-of-life\/","name":"Generador Tensor Flower of Life - Auror Scalar Technology","isPartOf":{"@id":"https:\/\/www.aurorscalartechnology.com\/es\/#website"},"primaryImageOfPage":{"@id":"https:\/\/www.aurorscalartechnology.com\/es\/producto\/generador-tensor-flower-of-life\/#primaryimage"},"image":{"@id":"https:\/\/www.aurorscalartechnology.com\/es\/producto\/generador-tensor-flower-of-life\/#primaryimage"},"thumbnailUrl":"https:\/\/www.aurorscalartechnology.com\/wp-content\/uploads\/2026\/05\/Tensor-regenerator-scaled.jpg","datePublished":"2026-05-12T12:04:21+00:00","dateModified":"2026-05-12T12:15:51+00:00","breadcrumb":{"@id":"https:\/\/www.aurorscalartechnology.com\/es\/producto\/generador-tensor-flower-of-life\/#breadcrumb"},"inLanguage":"es","potentialAction":[{"@type":"ReadAction","target":["https:\/\/www.aurorscalartechnology.com\/es\/producto\/generador-tensor-flower-of-life\/"]}]},{"@type":"ImageObject","inLanguage":"es","@id":"https:\/\/www.aurorscalartechnology.com\/es\/producto\/generador-tensor-flower-of-life\/#primaryimage","url":"https:\/\/www.aurorscalartechnology.com\/wp-content\/uploads\/2026\/05\/Tensor-regenerator-scaled.jpg","contentUrl":"https:\/\/www.aurorscalartechnology.com\/wp-content\/uploads\/2026\/05\/Tensor-regenerator-scaled.jpg","width":1987,"height":2560},{"@type":"BreadcrumbList","@id":"https:\/\/www.aurorscalartechnology.com\/es\/producto\/generador-tensor-flower-of-life\/#breadcrumb","itemListElement":[{"@type":"ListItem","position":1,"name":"Home","item":"https:\/\/www.aurorscalartechnology.com\/es\/"},{"@type":"ListItem","position":2,"name":"Tienda","item":"https:\/\/www.aurorscalartechnology.com\/es\/tienda\/"},{"@type":"ListItem","position":3,"name":"Generador Tensor Flower of Life"}]},{"@type":"WebSite","@id":"https:\/\/www.aurorscalartechnology.com\/es\/#website","url":"https:\/\/www.aurorscalartechnology.com\/es\/","name":"Auror Scalar Technology","description":"","potentialAction":[{"@type":"SearchAction","target":{"@type":"EntryPoint","urlTemplate":"https:\/\/www.aurorscalartechnology.com\/es\/?s={search_term_string}"},"query-input":{"@type":"PropertyValueSpecification","valueRequired":true,"valueName":"search_term_string"}}],"inLanguage":"es"}]}},"_links":{"self":[{"href":"https:\/\/www.aurorscalartechnology.com\/es\/wp-json\/wp\/v2\/product\/27782","targetHints":{"allow":["GET"]}}],"collection":[{"href":"https:\/\/www.aurorscalartechnology.com\/es\/wp-json\/wp\/v2\/product"}],"about":[{"href":"https:\/\/www.aurorscalartechnology.com\/es\/wp-json\/wp\/v2\/types\/product"}],"version-history":[{"count":1,"href":"https:\/\/www.aurorscalartechnology.com\/es\/wp-json\/wp\/v2\/product\/27782\/revisions"}],"predecessor-version":[{"id":27783,"href":"https:\/\/www.aurorscalartechnology.com\/es\/wp-json\/wp\/v2\/product\/27782\/revisions\/27783"}],"wp:featuredmedia":[{"embeddable":true,"href":"https:\/\/www.aurorscalartechnology.com\/es\/wp-json\/wp\/v2\/media\/27770"}],"wp:attachment":[{"href":"https:\/\/www.aurorscalartechnology.com\/es\/wp-json\/wp\/v2\/media?parent=27782"}],"wp:term":[{"taxonomy":"product_cat","embeddable":true,"href":"https:\/\/www.aurorscalartechnology.com\/es\/wp-json\/wp\/v2\/product_cat?post=27782"},{"taxonomy":"product_tag","embeddable":true,"href":"https:\/\/www.aurorscalartechnology.com\/es\/wp-json\/wp\/v2\/product_tag?post=27782"}],"curies":[{"name":"wp","href":"https:\/\/api.w.org\/{rel}","templated":true}]}}