{"id":23344,"date":"2023-09-24T09:20:19","date_gmt":"2023-09-24T09:20:19","guid":{"rendered":"https:\/\/www.aurorscalartechnology.com\/?post_type=product&#038;p=23344"},"modified":"2024-08-06T10:55:55","modified_gmt":"2024-08-06T10:55:55","slug":"bleu-de-methylene-bleu-de-methylene-avec-carbone-carbone","status":"publish","type":"product","link":"https:\/\/www.aurorscalartechnology.com\/fr\/produit\/bleu-de-methylene-bleu-de-methylene-avec-carbone-carbone\/","title":{"rendered":"Bleu de m\u00e9thyl\u00e8ne\/Bleu de m\u00e9thyl\u00e8ne avec carbone\/Carbone"},"content":{"rendered":"<p><b><strong>L&rsquo;histoire d&rsquo;un m\u00e9dicament miracle, le bleu de m\u00e9thyl\u00e8ne aka Methylene blue<\/strong><\/b><br \/>\nOn raconte que le bleu de m\u00e9thyl\u00e8ne est un suppl\u00e9ment qui prolonge la vie et qu&rsquo;il serait \u00e9galement bon march\u00e9. Il s&rsquo;agirait donc d&rsquo;un m\u00e9dicament qui prolonge la vie et qui assurerait, entre autres, le bon fonctionnement de la m\u00e9moire et une meilleure humeur. C&rsquo;est presque trop beau pour \u00eatre vrai et qui n&rsquo;en voudrait pas. Mais il semble que ce soit possible avec le bleu de m\u00e9thyl\u00e8ne, si l&rsquo;on en croit les histoires.<br \/>\nLa particularit\u00e9 du bleu de m\u00e9thyl\u00e8ne est qu&rsquo;il agit au niveau cellulaire. Cela fait des si\u00e8cles que l&rsquo;on cherche le m\u00e9dicament qui aurait un impact positif important sur les centrales \u00e9nerg\u00e9tiques de nos cellules, les mitochondries. L&rsquo;id\u00e9e est que si l&rsquo;on maintient les centrales \u00e0 un niveau suffisant et qu&rsquo;on les alimente avec des substances r\u00e9g\u00e9n\u00e9ratrices, il est possible de r\u00e9g\u00e9n\u00e9rer les cellules et donc, en fin de compte, de les rajeunir.<br \/>\nLe bleu de m\u00e9thyl\u00e8ne se distingue par sa couleur bleue et on peut m\u00eame teindre des v\u00eatements en bleu gr\u00e2ce \u00e0 sa longue dur\u00e9e de vie. Si vous prenez le m\u00e9dicament, vous pouvez avoir la langue bleue pendant la premi\u00e8re heure et l&rsquo;urine peut \u00e9galement \u00eatre color\u00e9e en bleu. Le bleu de m\u00e9thyl\u00e8ne est \u00e9galement consid\u00e9r\u00e9 comme un antioxydant et, en outre, c&rsquo;est le premier m\u00e9dicament artificiel contre la malaria (1891) et il semble que le m\u00e9dicament hydroxychloroquine (HCQ) en soit d\u00e9riv\u00e9.<br \/>\nDes scientifiques am\u00e9ricains d\u00e9crivent en 2021 les recherches existantes sur le bleu de m\u00e9thyl\u00e8ne et \u00e9crivent qu&rsquo;il poss\u00e8de \u00e9galement de nombreuses propri\u00e9t\u00e9s b\u00e9n\u00e9fiques plus superficielles, notamment qu&rsquo;il aide \u00e0 prot\u00e9ger contre la lumi\u00e8re du soleil, qu&rsquo;il ralentit le vieillissement de la peau et qu&rsquo;il contribue \u00e0 acc\u00e9l\u00e9rer la cicatrisation des plaies.<br \/>\nLe bleu de m\u00e9thyl\u00e8ne est peut-\u00eatre un ph\u00e9nom\u00e8ne nouveau pour vous, mais pas pour les aquariophiles. Ils l&rsquo;utilisent pour d\u00e9sinfecter l&rsquo;eau et prot\u00e9ger leurs poissons des infections fongiques. Le colorant bleu est \u00e9galement familier aux lecteurs de la revue scientifique The Lancet. On y lit, en 2018, qu&rsquo;une recherche de l&rsquo;h\u00f4pital Radboud montre que le bleu de m\u00e9thyl\u00e8ne parvient \u00e0 gu\u00e9rir des patients atteints de paludisme en quarante-huit heures. D&rsquo;autres recherches montrent m\u00eame sa capacit\u00e9 \u00e0 cibler avec succ\u00e8s le cancer.<br \/>\nEn ce qui concerne le bleu de m\u00e9thyl\u00e8ne, on parle souvent en termes de milligrammes par kilo. Mais la pratique veut que l&rsquo;on prenne des gouttes de bleu de m\u00e9thyl\u00e8ne en solution. Comment cela fonctionne-t-il ? Avec un gramme de poudre de bleu de m\u00e9thyl\u00e8ne, vous pouvez pr\u00e9parer une solution fine \u00e0 base de 100 millilitres d&rsquo;eau. Selon Mark Sloan, qui a \u00e9tudi\u00e9 le sujet de pr\u00e8s, chaque goutte repr\u00e9sente environ un demi-milligramme. Dix gouttes \u00e9quivalent donc \u00e0 cinq milligrammes de bleu de m\u00e9thyl\u00e8ne. Au bout d&rsquo;environ cinq heures, le m\u00e9dicament s&rsquo;estompe et une nouvelle dose peut \u00eatre prise si n\u00e9cessaire.<br \/>\n<b><strong>Date de p\u00e9remption<\/strong><\/b><br \/>\nLe bleu de m\u00e9thyl\u00e8ne liquide n&rsquo;a pas de date de p\u00e9remption, il reste bon.<br \/>\n<b><strong>Quand ne pas l&rsquo;utiliser<\/strong><\/b><br \/>\n\u00c0 des doses de 2 milligrammes par kilo de poids corporel, le bleu de m\u00e9thyl\u00e8ne peut commencer \u00e0 agir comme un inhibiteur de la MAO. Mao signifie monoamine oxydase et son inhibition affecte la s\u00e9rotonine. Pour cette raison, il est d\u00e9conseill\u00e9 d&rsquo;utiliser le m\u00e9dicament en combinaison avec des ISRS, c&rsquo;est-\u00e0-dire des antid\u00e9presseurs. Les b\u00e9b\u00e9s et les femmes enceintes ont \u00e9galement int\u00e9r\u00eat \u00e0 \u00e9viter ce m\u00e9dicament par mesure de pr\u00e9caution.<\/p>\n","protected":false},"excerpt":{"rendered":"<p>Nous fournissons une solution pure de bleu de m\u00e9thyl\u00e8ne \u00e0 1 % (qualit\u00e9 alimentaire) avec du carbone\/carbone. Elle poss\u00e8de des propri\u00e9t\u00e9s bact\u00e9ricides et fongicides pour traiter les infections bact\u00e9riennes et fongiques externes chez les poissons, ainsi que certains parasites cutan\u00e9s, tels que l&rsquo;ichtyophthyrus. Il est utilis\u00e9 pour l&rsquo;a\u00e9romonose, la branchomycose, la gyrodactylose, l&rsquo;ichtyophthyriose, la kostioze, la plistoforose, la saprolegniose, l&rsquo;hilodonellose, la t\u00e9trahymenose, la trikhodiniose et agit partiellement sur les ectoparasites. Le m\u00e9dicament est utilis\u00e9 sous la forme de 2 ml de solution \u00e0 1 % pour 10 l d&rsquo;eau, la dur\u00e9e du traitement est d&rsquo;un mois maximum. \u00c0 la fin du traitement, des filtres \u00e0 charbon actif sont utilis\u00e9s pour \u00e9liminer le bleu de l&rsquo;eau de l&rsquo;aquarium. Un flacon de bleu de m\u00e9thyl\u00e8ne contient 100 ml<\/p>\n","protected":false},"featured_media":19974,"template":"","meta":[],"product_cat":[249],"product_tag":[],"class_list":{"0":"post-23344","1":"product","2":"type-product","3":"status-publish","4":"has-post-thumbnail","6":"product_cat-tous-les-produits","8":"first","9":"instock","10":"taxable","11":"shipping-taxable","12":"purchasable","13":"product-type-simple"},"yoast_head":"<!-- This site is optimized with the Yoast SEO plugin v27.4 - https:\/\/yoast.com\/product\/yoast-seo-wordpress\/ -->\n<title>Bleu de m\u00e9thyl\u00e8ne\/Bleu de m\u00e9thyl\u00e8ne avec carbone\/Carbone - Auror Scalar Technology<\/title>\n<meta name=\"robots\" content=\"index, follow, max-snippet:-1, max-image-preview:large, max-video-preview:-1\" \/>\n<link rel=\"canonical\" href=\"https:\/\/www.aurorscalartechnology.com\/fr\/produit\/bleu-de-methylene-bleu-de-methylene-avec-carbone-carbone\/\" \/>\n<meta property=\"og:locale\" content=\"fr_FR\" \/>\n<meta property=\"og:type\" content=\"article\" \/>\n<meta property=\"og:title\" content=\"Bleu de m\u00e9thyl\u00e8ne\/Bleu de m\u00e9thyl\u00e8ne avec carbone\/Carbone - Auror Scalar Technology\" \/>\n<meta property=\"og:description\" content=\"Nous fournissons une solution pure de bleu de m\u00e9thyl\u00e8ne \u00e0 1 % (qualit\u00e9 alimentaire) avec du carbone\/carbone. Elle poss\u00e8de des propri\u00e9t\u00e9s bact\u00e9ricides et fongicides pour traiter les infections bact\u00e9riennes et fongiques externes chez les poissons, ainsi que certains parasites cutan\u00e9s, tels que l&#039;ichtyophthyrus. Il est utilis\u00e9 pour l&#039;a\u00e9romonose, la branchomycose, la gyrodactylose, l&#039;ichtyophthyriose, la kostioze, la plistoforose, la saprolegniose, l&#039;hilodonellose, la t\u00e9trahymenose, la trikhodiniose et agit partiellement sur les ectoparasites. Le m\u00e9dicament est utilis\u00e9 sous la forme de 2 ml de solution \u00e0 1 % pour 10 l d&#039;eau, la dur\u00e9e du traitement est d&#039;un mois maximum. \u00c0 la fin du traitement, des filtres \u00e0 charbon actif sont utilis\u00e9s pour \u00e9liminer le bleu de l&#039;eau de l&#039;aquarium. Un flacon de bleu de m\u00e9thyl\u00e8ne contient 100 ml\" \/>\n<meta property=\"og:url\" content=\"https:\/\/www.aurorscalartechnology.com\/fr\/produit\/bleu-de-methylene-bleu-de-methylene-avec-carbone-carbone\/\" \/>\n<meta property=\"og:site_name\" content=\"Auror Scalar Technology\" \/>\n<meta property=\"article:modified_time\" content=\"2024-08-06T10:55:55+00:00\" \/>\n<meta property=\"og:image\" content=\"https:\/\/www.aurorscalartechnology.com\/wp-content\/uploads\/2023\/09\/Methyleen-scaled.jpg\" \/>\n\t<meta property=\"og:image:width\" content=\"1620\" \/>\n\t<meta property=\"og:image:height\" content=\"2560\" \/>\n\t<meta property=\"og:image:type\" content=\"image\/jpeg\" \/>\n<meta name=\"twitter:card\" content=\"summary_large_image\" \/>\n<meta name=\"twitter:label1\" content=\"Dur\u00e9e de lecture estim\u00e9e\" \/>\n\t<meta name=\"twitter:data1\" content=\"3 minutes\" \/>\n<script type=\"application\/ld+json\" class=\"yoast-schema-graph\">{\"@context\":\"https:\\\/\\\/schema.org\",\"@graph\":[{\"@type\":\"WebPage\",\"@id\":\"https:\\\/\\\/www.aurorscalartechnology.com\\\/fr\\\/produit\\\/bleu-de-methylene-bleu-de-methylene-avec-carbone-carbone\\\/\",\"url\":\"https:\\\/\\\/www.aurorscalartechnology.com\\\/fr\\\/produit\\\/bleu-de-methylene-bleu-de-methylene-avec-carbone-carbone\\\/\",\"name\":\"Bleu de m\u00e9thyl\u00e8ne\\\/Bleu de m\u00e9thyl\u00e8ne avec carbone\\\/Carbone - Auror Scalar Technology\",\"isPartOf\":{\"@id\":\"https:\\\/\\\/www.aurorscalartechnology.com\\\/fr\\\/#website\"},\"primaryImageOfPage\":{\"@id\":\"https:\\\/\\\/www.aurorscalartechnology.com\\\/fr\\\/produit\\\/bleu-de-methylene-bleu-de-methylene-avec-carbone-carbone\\\/#primaryimage\"},\"image\":{\"@id\":\"https:\\\/\\\/www.aurorscalartechnology.com\\\/fr\\\/produit\\\/bleu-de-methylene-bleu-de-methylene-avec-carbone-carbone\\\/#primaryimage\"},\"thumbnailUrl\":\"https:\\\/\\\/www.aurorscalartechnology.com\\\/wp-content\\\/uploads\\\/2023\\\/09\\\/Methyleen-scaled.jpg\",\"datePublished\":\"2023-09-24T09:20:19+00:00\",\"dateModified\":\"2024-08-06T10:55:55+00:00\",\"breadcrumb\":{\"@id\":\"https:\\\/\\\/www.aurorscalartechnology.com\\\/fr\\\/produit\\\/bleu-de-methylene-bleu-de-methylene-avec-carbone-carbone\\\/#breadcrumb\"},\"inLanguage\":\"fr-FR\",\"potentialAction\":[{\"@type\":\"ReadAction\",\"target\":[\"https:\\\/\\\/www.aurorscalartechnology.com\\\/fr\\\/produit\\\/bleu-de-methylene-bleu-de-methylene-avec-carbone-carbone\\\/\"]}]},{\"@type\":\"ImageObject\",\"inLanguage\":\"fr-FR\",\"@id\":\"https:\\\/\\\/www.aurorscalartechnology.com\\\/fr\\\/produit\\\/bleu-de-methylene-bleu-de-methylene-avec-carbone-carbone\\\/#primaryimage\",\"url\":\"https:\\\/\\\/www.aurorscalartechnology.com\\\/wp-content\\\/uploads\\\/2023\\\/09\\\/Methyleen-scaled.jpg\",\"contentUrl\":\"https:\\\/\\\/www.aurorscalartechnology.com\\\/wp-content\\\/uploads\\\/2023\\\/09\\\/Methyleen-scaled.jpg\",\"width\":1620,\"height\":2560},{\"@type\":\"BreadcrumbList\",\"@id\":\"https:\\\/\\\/www.aurorscalartechnology.com\\\/fr\\\/produit\\\/bleu-de-methylene-bleu-de-methylene-avec-carbone-carbone\\\/#breadcrumb\",\"itemListElement\":[{\"@type\":\"ListItem\",\"position\":1,\"name\":\"Home\",\"item\":\"https:\\\/\\\/www.aurorscalartechnology.com\\\/fr\\\/\"},{\"@type\":\"ListItem\",\"position\":2,\"name\":\"Boutique\",\"item\":\"https:\\\/\\\/www.aurorscalartechnology.com\\\/fr\\\/boutique\\\/\"},{\"@type\":\"ListItem\",\"position\":3,\"name\":\"Bleu de m\u00e9thyl\u00e8ne\\\/Bleu de m\u00e9thyl\u00e8ne avec carbone\\\/Carbone\"}]},{\"@type\":\"WebSite\",\"@id\":\"https:\\\/\\\/www.aurorscalartechnology.com\\\/fr\\\/#website\",\"url\":\"https:\\\/\\\/www.aurorscalartechnology.com\\\/fr\\\/\",\"name\":\"Auror Scalar Technology\",\"description\":\"\",\"potentialAction\":[{\"@type\":\"SearchAction\",\"target\":{\"@type\":\"EntryPoint\",\"urlTemplate\":\"https:\\\/\\\/www.aurorscalartechnology.com\\\/fr\\\/?s={search_term_string}\"},\"query-input\":{\"@type\":\"PropertyValueSpecification\",\"valueRequired\":true,\"valueName\":\"search_term_string\"}}],\"inLanguage\":\"fr-FR\"}]}<\/script>\n<!-- \/ Yoast SEO plugin. -->","yoast_head_json":{"title":"Bleu de m\u00e9thyl\u00e8ne\/Bleu de m\u00e9thyl\u00e8ne avec carbone\/Carbone - Auror Scalar Technology","robots":{"index":"index","follow":"follow","max-snippet":"max-snippet:-1","max-image-preview":"max-image-preview:large","max-video-preview":"max-video-preview:-1"},"canonical":"https:\/\/www.aurorscalartechnology.com\/fr\/produit\/bleu-de-methylene-bleu-de-methylene-avec-carbone-carbone\/","og_locale":"fr_FR","og_type":"article","og_title":"Bleu de m\u00e9thyl\u00e8ne\/Bleu de m\u00e9thyl\u00e8ne avec carbone\/Carbone - Auror Scalar Technology","og_description":"Nous fournissons une solution pure de bleu de m\u00e9thyl\u00e8ne \u00e0 1 % (qualit\u00e9 alimentaire) avec du carbone\/carbone. Elle poss\u00e8de des propri\u00e9t\u00e9s bact\u00e9ricides et fongicides pour traiter les infections bact\u00e9riennes et fongiques externes chez les poissons, ainsi que certains parasites cutan\u00e9s, tels que l'ichtyophthyrus. Il est utilis\u00e9 pour l'a\u00e9romonose, la branchomycose, la gyrodactylose, l'ichtyophthyriose, la kostioze, la plistoforose, la saprolegniose, l'hilodonellose, la t\u00e9trahymenose, la trikhodiniose et agit partiellement sur les ectoparasites. Le m\u00e9dicament est utilis\u00e9 sous la forme de 2 ml de solution \u00e0 1 % pour 10 l d'eau, la dur\u00e9e du traitement est d'un mois maximum. \u00c0 la fin du traitement, des filtres \u00e0 charbon actif sont utilis\u00e9s pour \u00e9liminer le bleu de l'eau de l'aquarium. Un flacon de bleu de m\u00e9thyl\u00e8ne contient 100 ml","og_url":"https:\/\/www.aurorscalartechnology.com\/fr\/produit\/bleu-de-methylene-bleu-de-methylene-avec-carbone-carbone\/","og_site_name":"Auror Scalar Technology","article_modified_time":"2024-08-06T10:55:55+00:00","og_image":[{"width":1620,"height":2560,"url":"https:\/\/www.aurorscalartechnology.com\/wp-content\/uploads\/2023\/09\/Methyleen-scaled.jpg","type":"image\/jpeg"}],"twitter_card":"summary_large_image","twitter_misc":{"Dur\u00e9e de lecture estim\u00e9e":"3 minutes"},"schema":{"@context":"https:\/\/schema.org","@graph":[{"@type":"WebPage","@id":"https:\/\/www.aurorscalartechnology.com\/fr\/produit\/bleu-de-methylene-bleu-de-methylene-avec-carbone-carbone\/","url":"https:\/\/www.aurorscalartechnology.com\/fr\/produit\/bleu-de-methylene-bleu-de-methylene-avec-carbone-carbone\/","name":"Bleu de m\u00e9thyl\u00e8ne\/Bleu de m\u00e9thyl\u00e8ne avec carbone\/Carbone - Auror Scalar Technology","isPartOf":{"@id":"https:\/\/www.aurorscalartechnology.com\/fr\/#website"},"primaryImageOfPage":{"@id":"https:\/\/www.aurorscalartechnology.com\/fr\/produit\/bleu-de-methylene-bleu-de-methylene-avec-carbone-carbone\/#primaryimage"},"image":{"@id":"https:\/\/www.aurorscalartechnology.com\/fr\/produit\/bleu-de-methylene-bleu-de-methylene-avec-carbone-carbone\/#primaryimage"},"thumbnailUrl":"https:\/\/www.aurorscalartechnology.com\/wp-content\/uploads\/2023\/09\/Methyleen-scaled.jpg","datePublished":"2023-09-24T09:20:19+00:00","dateModified":"2024-08-06T10:55:55+00:00","breadcrumb":{"@id":"https:\/\/www.aurorscalartechnology.com\/fr\/produit\/bleu-de-methylene-bleu-de-methylene-avec-carbone-carbone\/#breadcrumb"},"inLanguage":"fr-FR","potentialAction":[{"@type":"ReadAction","target":["https:\/\/www.aurorscalartechnology.com\/fr\/produit\/bleu-de-methylene-bleu-de-methylene-avec-carbone-carbone\/"]}]},{"@type":"ImageObject","inLanguage":"fr-FR","@id":"https:\/\/www.aurorscalartechnology.com\/fr\/produit\/bleu-de-methylene-bleu-de-methylene-avec-carbone-carbone\/#primaryimage","url":"https:\/\/www.aurorscalartechnology.com\/wp-content\/uploads\/2023\/09\/Methyleen-scaled.jpg","contentUrl":"https:\/\/www.aurorscalartechnology.com\/wp-content\/uploads\/2023\/09\/Methyleen-scaled.jpg","width":1620,"height":2560},{"@type":"BreadcrumbList","@id":"https:\/\/www.aurorscalartechnology.com\/fr\/produit\/bleu-de-methylene-bleu-de-methylene-avec-carbone-carbone\/#breadcrumb","itemListElement":[{"@type":"ListItem","position":1,"name":"Home","item":"https:\/\/www.aurorscalartechnology.com\/fr\/"},{"@type":"ListItem","position":2,"name":"Boutique","item":"https:\/\/www.aurorscalartechnology.com\/fr\/boutique\/"},{"@type":"ListItem","position":3,"name":"Bleu de m\u00e9thyl\u00e8ne\/Bleu de m\u00e9thyl\u00e8ne avec carbone\/Carbone"}]},{"@type":"WebSite","@id":"https:\/\/www.aurorscalartechnology.com\/fr\/#website","url":"https:\/\/www.aurorscalartechnology.com\/fr\/","name":"Auror Scalar Technology","description":"","potentialAction":[{"@type":"SearchAction","target":{"@type":"EntryPoint","urlTemplate":"https:\/\/www.aurorscalartechnology.com\/fr\/?s={search_term_string}"},"query-input":{"@type":"PropertyValueSpecification","valueRequired":true,"valueName":"search_term_string"}}],"inLanguage":"fr-FR"}]}},"_links":{"self":[{"href":"https:\/\/www.aurorscalartechnology.com\/fr\/wp-json\/wp\/v2\/product\/23344","targetHints":{"allow":["GET"]}}],"collection":[{"href":"https:\/\/www.aurorscalartechnology.com\/fr\/wp-json\/wp\/v2\/product"}],"about":[{"href":"https:\/\/www.aurorscalartechnology.com\/fr\/wp-json\/wp\/v2\/types\/product"}],"version-history":[{"count":1,"href":"https:\/\/www.aurorscalartechnology.com\/fr\/wp-json\/wp\/v2\/product\/23344\/revisions"}],"predecessor-version":[{"id":23345,"href":"https:\/\/www.aurorscalartechnology.com\/fr\/wp-json\/wp\/v2\/product\/23344\/revisions\/23345"}],"wp:featuredmedia":[{"embeddable":true,"href":"https:\/\/www.aurorscalartechnology.com\/fr\/wp-json\/wp\/v2\/media\/19974"}],"wp:attachment":[{"href":"https:\/\/www.aurorscalartechnology.com\/fr\/wp-json\/wp\/v2\/media?parent=23344"}],"wp:term":[{"taxonomy":"product_cat","embeddable":true,"href":"https:\/\/www.aurorscalartechnology.com\/fr\/wp-json\/wp\/v2\/product_cat?post=23344"},{"taxonomy":"product_tag","embeddable":true,"href":"https:\/\/www.aurorscalartechnology.com\/fr\/wp-json\/wp\/v2\/product_tag?post=23344"}],"curies":[{"name":"wp","href":"https:\/\/api.w.org\/{rel}","templated":true}]}}