{"id":24189,"date":"2024-11-21T12:44:20","date_gmt":"2024-11-21T12:44:20","guid":{"rendered":"https:\/\/www.aurorscalartechnology.com\/?post_type=product&#038;p=24189"},"modified":"2024-11-21T13:00:59","modified_gmt":"2024-11-21T13:00:59","slug":"formule-hvr-et-complexe-mineral-200ml-e22500-kopie","status":"publish","type":"product","link":"https:\/\/www.aurorscalartechnology.com\/fr\/produit\/formule-hvr-et-complexe-mineral-200ml-e22500-kopie\/","title":{"rendered":"Formule HVR et complexe min\u00e9ral 200ml \u20ac225,00 (kopie)"},"content":{"rendered":"\t\t<div data-elementor-type=\"wp-post\" data-elementor-id=\"24189\" class=\"elementor elementor-24189\">\n\t\t\t\t\t\t<section class=\"elementor-section elementor-top-section elementor-element elementor-element-1d6e277 elementor-section-boxed elementor-section-height-default elementor-section-height-default\" data-id=\"1d6e277\" data-element_type=\"section\" data-e-type=\"section\">\n\t\t\t\t\t\t<div class=\"elementor-container elementor-column-gap-default\">\n\t\t\t\t\t<div class=\"elementor-column elementor-col-100 elementor-top-column elementor-element elementor-element-5559bd8\" data-id=\"5559bd8\" data-element_type=\"column\" data-e-type=\"column\">\n\t\t\t<div class=\"elementor-widget-wrap elementor-element-populated\">\n\t\t\t\t\t\t<div class=\"elementor-element elementor-element-19404f3 elementor-widget__width-initial elementor-widget elementor-widget-text-editor\" data-id=\"19404f3\" data-element_type=\"widget\" data-e-type=\"widget\" data-widget_type=\"text-editor.default\">\n\t\t\t\t<div class=\"elementor-widget-container\">\n\t\t\t\t\t\t\t\t\t<p>La formule HVR et le complexe de min\u00e9raux sont bas\u00e9s sur une longue vie pour pr\u00e9venir les probl\u00e8mes physiques et mentaux. Un corps n&rsquo;est pas fait pour vivre 50, 60 ou 70 ans, un corps doit pouvoir durer au moins 130 ans et avec une qualit\u00e9 de vie. Vitalit\u00e9, joie de vivre et long\u00e9vit\u00e9, c&rsquo;est pour cela que ces deux produits ont \u00e9t\u00e9 d\u00e9velopp\u00e9s et qu&rsquo;il est pr\u00e9f\u00e9rable de les utiliser ensemble. Bien s\u00fbr, nous ne connaissons pas notre sch\u00e9ma directeur, ce qui signifie que nous ne savons pas quel sera notre parcours de vie, qui est en grande partie d\u00e9j\u00e0 fix\u00e9. Cela joue \u00e9galement un r\u00f4le important dans notre vie. Les deux flacons contiennent 200 ml et durent environ quatre mois si l&rsquo;on utilise la dose recommand\u00e9e, car il est \u00e9galement possible d&rsquo;en consommer davantage. Pour plus d&rsquo;informations, il est pr\u00e9f\u00e9rable de lire la description de chaque produit sur ce site.<\/p>\t\t\t\t\t\t\t\t<\/div>\n\t\t\t\t<\/div>\n\t\t\t\t\t<\/div>\n\t\t<\/div>\n\t\t\t\t\t<\/div>\n\t\t<\/section>\n\t\t\t\t<\/div>\n\t\t","protected":false},"excerpt":{"rendered":"<p><b>Description du produit<\/b><\/p>\n<p>H V R Formula with TA65 and Carbon\/ carbon and procaine 200ml + Colloidal Mineral Complex 200ml. Normalement 250 euros, maintenant temporairement avec 25 euros de r\u00e9duction.<\/p>\n","protected":false},"featured_media":22733,"template":"","meta":[],"product_cat":[249],"product_tag":[],"class_list":{"0":"post-24189","1":"product","2":"type-product","3":"status-publish","4":"has-post-thumbnail","6":"product_cat-tous-les-produits","8":"first","9":"instock","10":"sale","11":"taxable","12":"shipping-taxable","13":"purchasable","14":"product-type-simple"},"yoast_head":"<!-- This site is optimized with the Yoast SEO plugin v27.4 - https:\/\/yoast.com\/product\/yoast-seo-wordpress\/ -->\n<title>Formule HVR et complexe min\u00e9ral 200ml \u20ac225,00 (kopie) - Auror Scalar Technology<\/title>\n<meta name=\"robots\" content=\"index, follow, max-snippet:-1, max-image-preview:large, max-video-preview:-1\" \/>\n<link rel=\"canonical\" href=\"https:\/\/www.aurorscalartechnology.com\/fr\/produit\/formule-hvr-et-complexe-mineral-200ml-e22500-kopie\/\" \/>\n<meta property=\"og:locale\" content=\"fr_FR\" \/>\n<meta property=\"og:type\" content=\"article\" \/>\n<meta property=\"og:title\" content=\"Formule HVR et complexe min\u00e9ral 200ml \u20ac225,00 (kopie) - Auror Scalar Technology\" \/>\n<meta property=\"og:description\" content=\"Description du produit  H V R Formula with TA65 and Carbon\/ carbon and procaine 200ml + Colloidal Mineral Complex 200ml. Normalement 250 euros, maintenant temporairement avec 25 euros de r\u00e9duction.\" \/>\n<meta property=\"og:url\" content=\"https:\/\/www.aurorscalartechnology.com\/fr\/produit\/formule-hvr-et-complexe-mineral-200ml-e22500-kopie\/\" \/>\n<meta property=\"og:site_name\" content=\"Auror Scalar Technology\" \/>\n<meta property=\"article:modified_time\" content=\"2024-11-21T13:00:59+00:00\" \/>\n<meta property=\"og:image\" content=\"https:\/\/www.aurorscalartechnology.com\/wp-content\/uploads\/2024\/05\/14b-1-scaled.jpg\" \/>\n\t<meta property=\"og:image:width\" content=\"2560\" \/>\n\t<meta property=\"og:image:height\" content=\"2019\" \/>\n\t<meta property=\"og:image:type\" content=\"image\/jpeg\" \/>\n<meta name=\"twitter:card\" content=\"summary_large_image\" \/>\n<meta name=\"twitter:label1\" content=\"Dur\u00e9e de lecture estim\u00e9e\" \/>\n\t<meta name=\"twitter:data1\" content=\"1 minute\" \/>\n<script type=\"application\/ld+json\" class=\"yoast-schema-graph\">{\"@context\":\"https:\\\/\\\/schema.org\",\"@graph\":[{\"@type\":\"WebPage\",\"@id\":\"https:\\\/\\\/www.aurorscalartechnology.com\\\/fr\\\/produit\\\/formule-hvr-et-complexe-mineral-200ml-e22500-kopie\\\/\",\"url\":\"https:\\\/\\\/www.aurorscalartechnology.com\\\/fr\\\/produit\\\/formule-hvr-et-complexe-mineral-200ml-e22500-kopie\\\/\",\"name\":\"Formule HVR et complexe min\u00e9ral 200ml \u20ac225,00 (kopie) - Auror Scalar Technology\",\"isPartOf\":{\"@id\":\"https:\\\/\\\/www.aurorscalartechnology.com\\\/fr\\\/#website\"},\"primaryImageOfPage\":{\"@id\":\"https:\\\/\\\/www.aurorscalartechnology.com\\\/fr\\\/produit\\\/formule-hvr-et-complexe-mineral-200ml-e22500-kopie\\\/#primaryimage\"},\"image\":{\"@id\":\"https:\\\/\\\/www.aurorscalartechnology.com\\\/fr\\\/produit\\\/formule-hvr-et-complexe-mineral-200ml-e22500-kopie\\\/#primaryimage\"},\"thumbnailUrl\":\"https:\\\/\\\/www.aurorscalartechnology.com\\\/wp-content\\\/uploads\\\/2024\\\/05\\\/14b-1-scaled.jpg\",\"datePublished\":\"2024-11-21T12:44:20+00:00\",\"dateModified\":\"2024-11-21T13:00:59+00:00\",\"breadcrumb\":{\"@id\":\"https:\\\/\\\/www.aurorscalartechnology.com\\\/fr\\\/produit\\\/formule-hvr-et-complexe-mineral-200ml-e22500-kopie\\\/#breadcrumb\"},\"inLanguage\":\"fr-FR\",\"potentialAction\":[{\"@type\":\"ReadAction\",\"target\":[\"https:\\\/\\\/www.aurorscalartechnology.com\\\/fr\\\/produit\\\/formule-hvr-et-complexe-mineral-200ml-e22500-kopie\\\/\"]}]},{\"@type\":\"ImageObject\",\"inLanguage\":\"fr-FR\",\"@id\":\"https:\\\/\\\/www.aurorscalartechnology.com\\\/fr\\\/produit\\\/formule-hvr-et-complexe-mineral-200ml-e22500-kopie\\\/#primaryimage\",\"url\":\"https:\\\/\\\/www.aurorscalartechnology.com\\\/wp-content\\\/uploads\\\/2024\\\/05\\\/14b-1-scaled.jpg\",\"contentUrl\":\"https:\\\/\\\/www.aurorscalartechnology.com\\\/wp-content\\\/uploads\\\/2024\\\/05\\\/14b-1-scaled.jpg\",\"width\":2560,\"height\":2019},{\"@type\":\"BreadcrumbList\",\"@id\":\"https:\\\/\\\/www.aurorscalartechnology.com\\\/fr\\\/produit\\\/formule-hvr-et-complexe-mineral-200ml-e22500-kopie\\\/#breadcrumb\",\"itemListElement\":[{\"@type\":\"ListItem\",\"position\":1,\"name\":\"Home\",\"item\":\"https:\\\/\\\/www.aurorscalartechnology.com\\\/fr\\\/\"},{\"@type\":\"ListItem\",\"position\":2,\"name\":\"Boutique\",\"item\":\"https:\\\/\\\/www.aurorscalartechnology.com\\\/fr\\\/boutique\\\/\"},{\"@type\":\"ListItem\",\"position\":3,\"name\":\"Formule HVR et complexe min\u00e9ral 200ml \u20ac225,00 (kopie)\"}]},{\"@type\":\"WebSite\",\"@id\":\"https:\\\/\\\/www.aurorscalartechnology.com\\\/fr\\\/#website\",\"url\":\"https:\\\/\\\/www.aurorscalartechnology.com\\\/fr\\\/\",\"name\":\"Auror Scalar Technology\",\"description\":\"\",\"potentialAction\":[{\"@type\":\"SearchAction\",\"target\":{\"@type\":\"EntryPoint\",\"urlTemplate\":\"https:\\\/\\\/www.aurorscalartechnology.com\\\/fr\\\/?s={search_term_string}\"},\"query-input\":{\"@type\":\"PropertyValueSpecification\",\"valueRequired\":true,\"valueName\":\"search_term_string\"}}],\"inLanguage\":\"fr-FR\"}]}<\/script>\n<!-- \/ Yoast SEO plugin. -->","yoast_head_json":{"title":"Formule HVR et complexe min\u00e9ral 200ml \u20ac225,00 (kopie) - Auror Scalar Technology","robots":{"index":"index","follow":"follow","max-snippet":"max-snippet:-1","max-image-preview":"max-image-preview:large","max-video-preview":"max-video-preview:-1"},"canonical":"https:\/\/www.aurorscalartechnology.com\/fr\/produit\/formule-hvr-et-complexe-mineral-200ml-e22500-kopie\/","og_locale":"fr_FR","og_type":"article","og_title":"Formule HVR et complexe min\u00e9ral 200ml \u20ac225,00 (kopie) - Auror Scalar Technology","og_description":"Description du produit  H V R Formula with TA65 and Carbon\/ carbon and procaine 200ml + Colloidal Mineral Complex 200ml. Normalement 250 euros, maintenant temporairement avec 25 euros de r\u00e9duction.","og_url":"https:\/\/www.aurorscalartechnology.com\/fr\/produit\/formule-hvr-et-complexe-mineral-200ml-e22500-kopie\/","og_site_name":"Auror Scalar Technology","article_modified_time":"2024-11-21T13:00:59+00:00","og_image":[{"width":2560,"height":2019,"url":"https:\/\/www.aurorscalartechnology.com\/wp-content\/uploads\/2024\/05\/14b-1-scaled.jpg","type":"image\/jpeg"}],"twitter_card":"summary_large_image","twitter_misc":{"Dur\u00e9e de lecture estim\u00e9e":"1 minute"},"schema":{"@context":"https:\/\/schema.org","@graph":[{"@type":"WebPage","@id":"https:\/\/www.aurorscalartechnology.com\/fr\/produit\/formule-hvr-et-complexe-mineral-200ml-e22500-kopie\/","url":"https:\/\/www.aurorscalartechnology.com\/fr\/produit\/formule-hvr-et-complexe-mineral-200ml-e22500-kopie\/","name":"Formule HVR et complexe min\u00e9ral 200ml \u20ac225,00 (kopie) - Auror Scalar Technology","isPartOf":{"@id":"https:\/\/www.aurorscalartechnology.com\/fr\/#website"},"primaryImageOfPage":{"@id":"https:\/\/www.aurorscalartechnology.com\/fr\/produit\/formule-hvr-et-complexe-mineral-200ml-e22500-kopie\/#primaryimage"},"image":{"@id":"https:\/\/www.aurorscalartechnology.com\/fr\/produit\/formule-hvr-et-complexe-mineral-200ml-e22500-kopie\/#primaryimage"},"thumbnailUrl":"https:\/\/www.aurorscalartechnology.com\/wp-content\/uploads\/2024\/05\/14b-1-scaled.jpg","datePublished":"2024-11-21T12:44:20+00:00","dateModified":"2024-11-21T13:00:59+00:00","breadcrumb":{"@id":"https:\/\/www.aurorscalartechnology.com\/fr\/produit\/formule-hvr-et-complexe-mineral-200ml-e22500-kopie\/#breadcrumb"},"inLanguage":"fr-FR","potentialAction":[{"@type":"ReadAction","target":["https:\/\/www.aurorscalartechnology.com\/fr\/produit\/formule-hvr-et-complexe-mineral-200ml-e22500-kopie\/"]}]},{"@type":"ImageObject","inLanguage":"fr-FR","@id":"https:\/\/www.aurorscalartechnology.com\/fr\/produit\/formule-hvr-et-complexe-mineral-200ml-e22500-kopie\/#primaryimage","url":"https:\/\/www.aurorscalartechnology.com\/wp-content\/uploads\/2024\/05\/14b-1-scaled.jpg","contentUrl":"https:\/\/www.aurorscalartechnology.com\/wp-content\/uploads\/2024\/05\/14b-1-scaled.jpg","width":2560,"height":2019},{"@type":"BreadcrumbList","@id":"https:\/\/www.aurorscalartechnology.com\/fr\/produit\/formule-hvr-et-complexe-mineral-200ml-e22500-kopie\/#breadcrumb","itemListElement":[{"@type":"ListItem","position":1,"name":"Home","item":"https:\/\/www.aurorscalartechnology.com\/fr\/"},{"@type":"ListItem","position":2,"name":"Boutique","item":"https:\/\/www.aurorscalartechnology.com\/fr\/boutique\/"},{"@type":"ListItem","position":3,"name":"Formule HVR et complexe min\u00e9ral 200ml \u20ac225,00 (kopie)"}]},{"@type":"WebSite","@id":"https:\/\/www.aurorscalartechnology.com\/fr\/#website","url":"https:\/\/www.aurorscalartechnology.com\/fr\/","name":"Auror Scalar Technology","description":"","potentialAction":[{"@type":"SearchAction","target":{"@type":"EntryPoint","urlTemplate":"https:\/\/www.aurorscalartechnology.com\/fr\/?s={search_term_string}"},"query-input":{"@type":"PropertyValueSpecification","valueRequired":true,"valueName":"search_term_string"}}],"inLanguage":"fr-FR"}]}},"_links":{"self":[{"href":"https:\/\/www.aurorscalartechnology.com\/fr\/wp-json\/wp\/v2\/product\/24189","targetHints":{"allow":["GET"]}}],"collection":[{"href":"https:\/\/www.aurorscalartechnology.com\/fr\/wp-json\/wp\/v2\/product"}],"about":[{"href":"https:\/\/www.aurorscalartechnology.com\/fr\/wp-json\/wp\/v2\/types\/product"}],"version-history":[{"count":1,"href":"https:\/\/www.aurorscalartechnology.com\/fr\/wp-json\/wp\/v2\/product\/24189\/revisions"}],"predecessor-version":[{"id":24238,"href":"https:\/\/www.aurorscalartechnology.com\/fr\/wp-json\/wp\/v2\/product\/24189\/revisions\/24238"}],"wp:featuredmedia":[{"embeddable":true,"href":"https:\/\/www.aurorscalartechnology.com\/fr\/wp-json\/wp\/v2\/media\/22733"}],"wp:attachment":[{"href":"https:\/\/www.aurorscalartechnology.com\/fr\/wp-json\/wp\/v2\/media?parent=24189"}],"wp:term":[{"taxonomy":"product_cat","embeddable":true,"href":"https:\/\/www.aurorscalartechnology.com\/fr\/wp-json\/wp\/v2\/product_cat?post=24189"},{"taxonomy":"product_tag","embeddable":true,"href":"https:\/\/www.aurorscalartechnology.com\/fr\/wp-json\/wp\/v2\/product_tag?post=24189"}],"curies":[{"name":"wp","href":"https:\/\/api.w.org\/{rel}","templated":true}]}}