{"id":2469,"date":"2023-08-07T13:34:38","date_gmt":"2023-08-07T13:34:38","guid":{"rendered":"https:\/\/www.aurorscalartechnology.com\/product\/ontgiften-met-borax-detox\/"},"modified":"2023-08-31T12:33:33","modified_gmt":"2023-08-31T12:33:33","slug":"ontgiften-met-borax-detox","status":"publish","type":"product","link":"https:\/\/www.aurorscalartechnology.com\/fr\/produit\/ontgiften-met-borax-detox\/","title":{"rendered":"D\u00e9toxification avec Borax Detox 150 PPM"},"content":{"rendered":"\t\t<div data-elementor-type=\"wp-post\" data-elementor-id=\"2469\" class=\"elementor elementor-2469 elementor-1187\">\n\t\t\t\t\t\t<section class=\"elementor-section elementor-top-section elementor-element elementor-element-ac98f48 elementor-section-boxed elementor-section-height-default elementor-section-height-default\" data-id=\"ac98f48\" data-element_type=\"section\" data-e-type=\"section\">\n\t\t\t\t\t\t<div class=\"elementor-container elementor-column-gap-default\">\n\t\t\t\t\t<div class=\"elementor-column elementor-col-33 elementor-top-column elementor-element elementor-element-a9c3cf6\" data-id=\"a9c3cf6\" data-element_type=\"column\" data-e-type=\"column\">\n\t\t\t<div class=\"elementor-widget-wrap elementor-element-populated\">\n\t\t\t\t\t\t<div class=\"elementor-element elementor-element-93eceae elementor-widget elementor-widget-text-editor\" data-id=\"93eceae\" data-element_type=\"widget\" data-e-type=\"widget\" data-widget_type=\"text-editor.default\">\n\t\t\t\t<div class=\"elementor-widget-container\">\n\t\t\t\t\t\t\t\t\t<h3 class=\"fusion-responsive-typography-calculated\" data-fontsize=\"16\" data-lineheight=\"24px\">D\u00e9toxification avec Borax \u2013 Detox<\/h3><p>\u00c9liminer l\u2019arthrite et l\u2019ost\u00e9oporose. Tel est le titre du livre du docteur Rex E. Newnham sur des maladies que beaucoup pensent \u00eatre incurables. Rien n\u2019est moins vrai et tout est possible, mais pas pour tout le monde, bien entendu !<\/p><p>Ce sont souvent une alimentation de mauvaise qualit\u00e9 et de mauvais choix alimentaires qui en sont \u00e0 l\u2019origine. Mais le stress et le manque de sommeil peuvent \u00e9galement avoir une grande influence. Ces facteurs peuvent conduire \u00e0 un manque entre autres de bore\/ borax.<br \/>Le bore se trouve dans les carottes, poires, pommes, raisins, noix et c\u00e9r\u00e9ales. Le docteur Rex Newnham a d\u00e9couvert au d\u00e9but des ann\u00e9es quatre-vingt que les personnes saines avaient besoin de 6 milligrammes de bore par jour et les personnes souhaitant se r\u00e9tablir de ces troubles et maladies de 10 milligrammes.<\/p><p>Il a pu le d\u00e9montrer dans le monde entier en comparant le mode d\u2019alimentation avec le nombre de cas d\u2019arthrite et autres troubles dans les r\u00e9gions o\u00f9 ces maladies sont tr\u00e8s r\u00e9pandues.<br \/>C\u2019est ainsi qu\u2019il constata que tous les aliments en Jama\u00efque ne contenaient pas suffisamment de bore (1 milligramme) et que 70 % de la population souffraient d\u2019arthrite. Aux \u00c9tats-Unis, en Angleterre, en Australie, en Nouvelle Z\u00e9lande et en Afrique du Sud, les aliments contiennent entre 1 et 2 milligrammes de bore et l\u2019arthrite y affecte 20 % de la population, essentiellement les personnes \u00e2g\u00e9es.<\/p><p>Chez les populations ne consommant pas de nourriture produite et absorbant donc des doses largement suffisantes de bore, ces maladies \u00e9taient tout simplement absentes. Le d\u00e9ficit en bore\/borax affecte presque tous les Occidentaux.<\/p><p>Selon l\u2019auteur de cet ouvrage, ces preuves ne sont pas encore suffisantes mais indiquent l\u2019orientation \u00e0 donner \u00e0 la recherche, ne perdant pas de vue la combinaison et la synergie des diff\u00e9rents min\u00e9raux.<\/p><p>Le probl\u00e8me est que c\u2019est pr\u00e9cis\u00e9ment dans notre alimentation moderne que tout va le plus mal. Notre nourriture fait l\u2019objet de trop de manipulations.<\/p>\t\t\t\t\t\t\t\t<\/div>\n\t\t\t\t<\/div>\n\t\t\t\t\t<\/div>\n\t\t<\/div>\n\t\t\t\t<div class=\"elementor-column elementor-col-33 elementor-top-column elementor-element elementor-element-ca81899\" data-id=\"ca81899\" data-element_type=\"column\" data-e-type=\"column\">\n\t\t\t<div class=\"elementor-widget-wrap elementor-element-populated\">\n\t\t\t\t\t\t<div class=\"elementor-element elementor-element-0550820 elementor-widget elementor-widget-text-editor\" data-id=\"0550820\" data-element_type=\"widget\" data-e-type=\"widget\" data-widget_type=\"text-editor.default\">\n\t\t\t\t<div class=\"elementor-widget-container\">\n\t\t\t\t\t\t\t\t\t<h3 class=\"fusion-responsive-typography-calculated\" data-fontsize=\"16\" data-lineheight=\"24px\">Qu\u2019est-ce que le borax ?<\/h3><p>Le borax (t\u00e9traborate de sodium d\u00e9cahydrat\u00e9 ou borate de sodium) est un min\u00e9ral naturel courant compos\u00e9 de sodium, bore, oxyg\u00e8ne et eau. Il est utilis\u00e9 en tant que m\u00e9dicament depuis plus de 4 000 ans. L\u2019essentiel du borax produit est extrait de lacs. Il est extrait en grandes quantit\u00e9s dans l\u2019ouest des \u00c9tats-Unis, dans les pays m\u00e9diterran\u00e9ens comme le Kazakhstan est dans la r\u00e9gion chinoise du Tibet. La Turquie est un des plus gros producteurs commerciaux de borates.<\/p><p>Le bore a tendance \u00e0 se concentrer \/ renforcer dans les os, l\u2019\u00e9mail dentaire, les ongles, la rate et la glande parathyro\u00efde. Il est rapidement et facilement lib\u00e9r\u00e9, essentiellement via l\u2019urine. Cela signifie qu\u2019une absorption r\u00e9guli\u00e8re de bore \/ borax est n\u00e9cessaire.<\/p>\t\t\t\t\t\t\t\t<\/div>\n\t\t\t\t<\/div>\n\t\t\t\t\t<\/div>\n\t\t<\/div>\n\t\t\t\t<div class=\"elementor-column elementor-col-33 elementor-top-column elementor-element elementor-element-c29160e\" data-id=\"c29160e\" data-element_type=\"column\" data-e-type=\"column\">\n\t\t\t<div class=\"elementor-widget-wrap elementor-element-populated\">\n\t\t\t\t\t\t<div class=\"elementor-element elementor-element-27dae99 elementor-widget elementor-widget-text-editor\" data-id=\"27dae99\" data-element_type=\"widget\" data-e-type=\"widget\" data-widget_type=\"text-editor.default\">\n\t\t\t\t<div class=\"elementor-widget-container\">\n\t\t\t\t\t\t\t\t\t<p>Le borax peut offrir une protection contre l\u2019accumulation de fluorures dans l\u2019organisme ; il est efficace en tant que contrepoison dans la toxicit\u00e9 des fluorures et peut les \u00e9liminer de l\u2019organisme.<br \/>Le borax a un effet antimicrobien. Le borax est un poison pour les insectes, parasites, protozoaires et bact\u00e9ries.<br \/>Il est efficace contre les moisissures et champignons, tant internes qu\u2019externes.<br \/>Antivirus.<br \/>Stimule la production d\u2019hormones et stabilise les \u0153strog\u00e8nes.<br \/>Renforce le syst\u00e8me immunitaire, favorise la gu\u00e9rison des plaies.<br \/>R\u00e9duit les inflammations.<br \/>Aphrodisiaque pour les hommes et les femmes. Peut avoir un effet positif sur une faible libido. Le bore stimule la production de testost\u00e9rone et de DHT et normalise les \u0153strog\u00e8nes.<br \/>Aide \u00e0 \u00e9liminer les toxines. Offre une protection contre les m\u00e9taux lourds.<br \/>Fonctionne comme un stabilisateur des niveaux de calcium, silicium, cuivre et magn\u00e9sium, freine la calcification. Suffisamment de borax \/ bore normalise la teneur en calcium et peut \u00e9viter tant un d\u00e9p\u00f4t anormal de calcaire que la fragilit\u00e9 des os. Le bore \/ borax freine l\u2019accumulation de cuivre inorganique dans les os et \u00e9vite les pertes osseuses. Le bore \/ borax aide lors de l\u2019assimilation de divers min\u00e9raux, surtout le calcium et le silicium. Trop peu de borax \/ bore dans le r\u00e9gime alimentaire peut entra\u00eener diverses affections des os, de la peau et des tissus conjonctifs.<br \/>Am\u00e9liore l\u2019attention et la concentration, agit sur la m\u00e9moire courte et longue, sur la perception, la coordination et la dext\u00e9rit\u00e9 manuelle. (12,14)<\/p><p>Le borax ou bore est un bon moyen de d\u00e9toxication, facile \u00e0 utiliser. Un flacon d\u2019un demi-litre est suffisant pour environ deux mois et co\u00fbte\u00a0 25,00 \u20ac.<\/p><p>Il est par ailleurs bon d\u2019utiliser la Rejuvenation Formula Gold (Goldwater) pour augmenter la vitalit\u00e9 et renforcer le syst\u00e8me immunitaire.<\/p><p>Pour plus de renseignements, rechercher Borax Detox sur Google<\/p><p>Avertissement\u00a0:<br \/>Le bore \/ borax ne peut bien \u00e9videmment pas r\u00e9soudre tous les probl\u00e8mes de sant\u00e9. Pour les troubles persistants ou r\u00e9currents, il est imp\u00e9ratif de consulter son m\u00e9decin traitant ou th\u00e9rapeute.<\/p>\t\t\t\t\t\t\t\t<\/div>\n\t\t\t\t<\/div>\n\t\t\t\t\t<\/div>\n\t\t<\/div>\n\t\t\t\t\t<\/div>\n\t\t<\/section>\n\t\t\t\t<\/div>\n\t\t","protected":false},"excerpt":{"rendered":"<p>Borax Detox est destin\u00e9 \u00e0 d\u00e9toxifier l\u2019organisme. Ce processus est simple et ne demande aucun effort. Contenu 500 ml<\/p>\n","protected":false},"featured_media":2005,"template":"","meta":[],"product_cat":[315,249],"product_tag":[],"class_list":{"0":"post-2469","1":"product","2":"type-product","3":"status-publish","4":"has-post-thumbnail","6":"product_cat-borax-boron-fr","7":"product_cat-tous-les-produits","9":"first","10":"instock","11":"taxable","12":"shipping-taxable","13":"purchasable","14":"product-type-variable"},"yoast_head":"<!-- This site is optimized with the Yoast SEO plugin v27.4 - https:\/\/yoast.com\/product\/yoast-seo-wordpress\/ -->\n<title>D\u00e9toxification avec Borax Detox 150 PPM - Auror Scalar Technology<\/title>\n<meta name=\"robots\" content=\"index, follow, max-snippet:-1, max-image-preview:large, max-video-preview:-1\" \/>\n<link rel=\"canonical\" href=\"https:\/\/www.aurorscalartechnology.com\/fr\/produit\/ontgiften-met-borax-detox\/\" \/>\n<meta property=\"og:locale\" content=\"fr_FR\" \/>\n<meta property=\"og:type\" content=\"article\" \/>\n<meta property=\"og:title\" content=\"D\u00e9toxification avec Borax Detox 150 PPM - Auror Scalar Technology\" \/>\n<meta property=\"og:description\" content=\"Borax Detox est destin\u00e9 \u00e0 d\u00e9toxifier l\u2019organisme. Ce processus est simple et ne demande aucun effort. Contenu 500 ml\" \/>\n<meta property=\"og:url\" content=\"https:\/\/www.aurorscalartechnology.com\/fr\/produit\/ontgiften-met-borax-detox\/\" \/>\n<meta property=\"og:site_name\" content=\"Auror Scalar Technology\" \/>\n<meta property=\"article:modified_time\" content=\"2023-08-31T12:33:33+00:00\" \/>\n<meta property=\"og:image\" content=\"https:\/\/www.aurorscalartechnology.com\/wp-content\/uploads\/2023\/08\/borax-600x600-1.jpeg\" \/>\n\t<meta property=\"og:image:width\" content=\"600\" \/>\n\t<meta property=\"og:image:height\" content=\"600\" \/>\n\t<meta property=\"og:image:type\" content=\"image\/jpeg\" \/>\n<meta name=\"twitter:card\" content=\"summary_large_image\" \/>\n<meta name=\"twitter:label1\" content=\"Dur\u00e9e de lecture estim\u00e9e\" \/>\n\t<meta name=\"twitter:data1\" content=\"4 minutes\" \/>\n<script type=\"application\/ld+json\" class=\"yoast-schema-graph\">{\"@context\":\"https:\\\/\\\/schema.org\",\"@graph\":[{\"@type\":\"WebPage\",\"@id\":\"https:\\\/\\\/www.aurorscalartechnology.com\\\/fr\\\/produit\\\/ontgiften-met-borax-detox\\\/\",\"url\":\"https:\\\/\\\/www.aurorscalartechnology.com\\\/fr\\\/produit\\\/ontgiften-met-borax-detox\\\/\",\"name\":\"D\u00e9toxification avec Borax Detox 150 PPM - Auror Scalar Technology\",\"isPartOf\":{\"@id\":\"https:\\\/\\\/www.aurorscalartechnology.com\\\/fr\\\/#website\"},\"primaryImageOfPage\":{\"@id\":\"https:\\\/\\\/www.aurorscalartechnology.com\\\/fr\\\/produit\\\/ontgiften-met-borax-detox\\\/#primaryimage\"},\"image\":{\"@id\":\"https:\\\/\\\/www.aurorscalartechnology.com\\\/fr\\\/produit\\\/ontgiften-met-borax-detox\\\/#primaryimage\"},\"thumbnailUrl\":\"https:\\\/\\\/www.aurorscalartechnology.com\\\/wp-content\\\/uploads\\\/2023\\\/08\\\/borax-600x600-1.jpeg\",\"datePublished\":\"2023-08-07T13:34:38+00:00\",\"dateModified\":\"2023-08-31T12:33:33+00:00\",\"breadcrumb\":{\"@id\":\"https:\\\/\\\/www.aurorscalartechnology.com\\\/fr\\\/produit\\\/ontgiften-met-borax-detox\\\/#breadcrumb\"},\"inLanguage\":\"fr-FR\",\"potentialAction\":[{\"@type\":\"ReadAction\",\"target\":[\"https:\\\/\\\/www.aurorscalartechnology.com\\\/fr\\\/produit\\\/ontgiften-met-borax-detox\\\/\"]}]},{\"@type\":\"ImageObject\",\"inLanguage\":\"fr-FR\",\"@id\":\"https:\\\/\\\/www.aurorscalartechnology.com\\\/fr\\\/produit\\\/ontgiften-met-borax-detox\\\/#primaryimage\",\"url\":\"https:\\\/\\\/www.aurorscalartechnology.com\\\/wp-content\\\/uploads\\\/2023\\\/08\\\/borax-600x600-1.jpeg\",\"contentUrl\":\"https:\\\/\\\/www.aurorscalartechnology.com\\\/wp-content\\\/uploads\\\/2023\\\/08\\\/borax-600x600-1.jpeg\",\"width\":600,\"height\":600},{\"@type\":\"BreadcrumbList\",\"@id\":\"https:\\\/\\\/www.aurorscalartechnology.com\\\/fr\\\/produit\\\/ontgiften-met-borax-detox\\\/#breadcrumb\",\"itemListElement\":[{\"@type\":\"ListItem\",\"position\":1,\"name\":\"Home\",\"item\":\"https:\\\/\\\/www.aurorscalartechnology.com\\\/fr\\\/\"},{\"@type\":\"ListItem\",\"position\":2,\"name\":\"Boutique\",\"item\":\"https:\\\/\\\/www.aurorscalartechnology.com\\\/fr\\\/boutique\\\/\"},{\"@type\":\"ListItem\",\"position\":3,\"name\":\"D\u00e9toxification avec Borax Detox 150 PPM\"}]},{\"@type\":\"WebSite\",\"@id\":\"https:\\\/\\\/www.aurorscalartechnology.com\\\/fr\\\/#website\",\"url\":\"https:\\\/\\\/www.aurorscalartechnology.com\\\/fr\\\/\",\"name\":\"Auror Scalar Technology\",\"description\":\"\",\"potentialAction\":[{\"@type\":\"SearchAction\",\"target\":{\"@type\":\"EntryPoint\",\"urlTemplate\":\"https:\\\/\\\/www.aurorscalartechnology.com\\\/fr\\\/?s={search_term_string}\"},\"query-input\":{\"@type\":\"PropertyValueSpecification\",\"valueRequired\":true,\"valueName\":\"search_term_string\"}}],\"inLanguage\":\"fr-FR\"}]}<\/script>\n<!-- \/ Yoast SEO plugin. -->","yoast_head_json":{"title":"D\u00e9toxification avec Borax Detox 150 PPM - Auror Scalar Technology","robots":{"index":"index","follow":"follow","max-snippet":"max-snippet:-1","max-image-preview":"max-image-preview:large","max-video-preview":"max-video-preview:-1"},"canonical":"https:\/\/www.aurorscalartechnology.com\/fr\/produit\/ontgiften-met-borax-detox\/","og_locale":"fr_FR","og_type":"article","og_title":"D\u00e9toxification avec Borax Detox 150 PPM - Auror Scalar Technology","og_description":"Borax Detox est destin\u00e9 \u00e0 d\u00e9toxifier l\u2019organisme. Ce processus est simple et ne demande aucun effort. Contenu 500 ml","og_url":"https:\/\/www.aurorscalartechnology.com\/fr\/produit\/ontgiften-met-borax-detox\/","og_site_name":"Auror Scalar Technology","article_modified_time":"2023-08-31T12:33:33+00:00","og_image":[{"width":600,"height":600,"url":"https:\/\/www.aurorscalartechnology.com\/wp-content\/uploads\/2023\/08\/borax-600x600-1.jpeg","type":"image\/jpeg"}],"twitter_card":"summary_large_image","twitter_misc":{"Dur\u00e9e de lecture estim\u00e9e":"4 minutes"},"schema":{"@context":"https:\/\/schema.org","@graph":[{"@type":"WebPage","@id":"https:\/\/www.aurorscalartechnology.com\/fr\/produit\/ontgiften-met-borax-detox\/","url":"https:\/\/www.aurorscalartechnology.com\/fr\/produit\/ontgiften-met-borax-detox\/","name":"D\u00e9toxification avec Borax Detox 150 PPM - Auror Scalar Technology","isPartOf":{"@id":"https:\/\/www.aurorscalartechnology.com\/fr\/#website"},"primaryImageOfPage":{"@id":"https:\/\/www.aurorscalartechnology.com\/fr\/produit\/ontgiften-met-borax-detox\/#primaryimage"},"image":{"@id":"https:\/\/www.aurorscalartechnology.com\/fr\/produit\/ontgiften-met-borax-detox\/#primaryimage"},"thumbnailUrl":"https:\/\/www.aurorscalartechnology.com\/wp-content\/uploads\/2023\/08\/borax-600x600-1.jpeg","datePublished":"2023-08-07T13:34:38+00:00","dateModified":"2023-08-31T12:33:33+00:00","breadcrumb":{"@id":"https:\/\/www.aurorscalartechnology.com\/fr\/produit\/ontgiften-met-borax-detox\/#breadcrumb"},"inLanguage":"fr-FR","potentialAction":[{"@type":"ReadAction","target":["https:\/\/www.aurorscalartechnology.com\/fr\/produit\/ontgiften-met-borax-detox\/"]}]},{"@type":"ImageObject","inLanguage":"fr-FR","@id":"https:\/\/www.aurorscalartechnology.com\/fr\/produit\/ontgiften-met-borax-detox\/#primaryimage","url":"https:\/\/www.aurorscalartechnology.com\/wp-content\/uploads\/2023\/08\/borax-600x600-1.jpeg","contentUrl":"https:\/\/www.aurorscalartechnology.com\/wp-content\/uploads\/2023\/08\/borax-600x600-1.jpeg","width":600,"height":600},{"@type":"BreadcrumbList","@id":"https:\/\/www.aurorscalartechnology.com\/fr\/produit\/ontgiften-met-borax-detox\/#breadcrumb","itemListElement":[{"@type":"ListItem","position":1,"name":"Home","item":"https:\/\/www.aurorscalartechnology.com\/fr\/"},{"@type":"ListItem","position":2,"name":"Boutique","item":"https:\/\/www.aurorscalartechnology.com\/fr\/boutique\/"},{"@type":"ListItem","position":3,"name":"D\u00e9toxification avec Borax Detox 150 PPM"}]},{"@type":"WebSite","@id":"https:\/\/www.aurorscalartechnology.com\/fr\/#website","url":"https:\/\/www.aurorscalartechnology.com\/fr\/","name":"Auror Scalar Technology","description":"","potentialAction":[{"@type":"SearchAction","target":{"@type":"EntryPoint","urlTemplate":"https:\/\/www.aurorscalartechnology.com\/fr\/?s={search_term_string}"},"query-input":{"@type":"PropertyValueSpecification","valueRequired":true,"valueName":"search_term_string"}}],"inLanguage":"fr-FR"}]}},"_links":{"self":[{"href":"https:\/\/www.aurorscalartechnology.com\/fr\/wp-json\/wp\/v2\/product\/2469","targetHints":{"allow":["GET"]}}],"collection":[{"href":"https:\/\/www.aurorscalartechnology.com\/fr\/wp-json\/wp\/v2\/product"}],"about":[{"href":"https:\/\/www.aurorscalartechnology.com\/fr\/wp-json\/wp\/v2\/types\/product"}],"version-history":[{"count":0,"href":"https:\/\/www.aurorscalartechnology.com\/fr\/wp-json\/wp\/v2\/product\/2469\/revisions"}],"wp:featuredmedia":[{"embeddable":true,"href":"https:\/\/www.aurorscalartechnology.com\/fr\/wp-json\/wp\/v2\/media\/2005"}],"wp:attachment":[{"href":"https:\/\/www.aurorscalartechnology.com\/fr\/wp-json\/wp\/v2\/media?parent=2469"}],"wp:term":[{"taxonomy":"product_cat","embeddable":true,"href":"https:\/\/www.aurorscalartechnology.com\/fr\/wp-json\/wp\/v2\/product_cat?post=2469"},{"taxonomy":"product_tag","embeddable":true,"href":"https:\/\/www.aurorscalartechnology.com\/fr\/wp-json\/wp\/v2\/product_tag?post=2469"}],"curies":[{"name":"wp","href":"https:\/\/api.w.org\/{rel}","templated":true}]}}