{"id":2497,"date":"2023-08-07T13:46:58","date_gmt":"2023-08-07T11:46:58","guid":{"rendered":"https:\/\/www.aurorscalartechnology.com\/product\/vitality-balance-argireline-dag-en-nachtcreme\/"},"modified":"2023-08-31T12:51:19","modified_gmt":"2023-08-31T12:51:19","slug":"vitality-balance-argireline-dag-en-nachtcreme","status":"publish","type":"product","link":"https:\/\/www.aurorscalartechnology.com\/fr\/produit\/vitality-balance-argireline-dag-en-nachtcreme\/","title":{"rendered":"Vitality Balance \/ cr\u00e8me \u00e0 l\u2019argireline"},"content":{"rendered":"\t\t<div data-elementor-type=\"wp-post\" data-elementor-id=\"2497\" class=\"elementor elementor-2497 elementor-1195\">\n\t\t\t\t\t\t<section class=\"elementor-section elementor-top-section elementor-element elementor-element-ac98f48 elementor-section-boxed elementor-section-height-default elementor-section-height-default\" data-id=\"ac98f48\" data-element_type=\"section\" data-e-type=\"section\">\n\t\t\t\t\t\t<div class=\"elementor-container elementor-column-gap-default\">\n\t\t\t\t\t<div class=\"elementor-column elementor-col-50 elementor-top-column elementor-element elementor-element-a9c3cf6\" data-id=\"a9c3cf6\" data-element_type=\"column\" data-e-type=\"column\">\n\t\t\t<div class=\"elementor-widget-wrap elementor-element-populated\">\n\t\t\t\t\t\t<div class=\"elementor-element elementor-element-93eceae elementor-widget elementor-widget-text-editor\" data-id=\"93eceae\" data-element_type=\"widget\" data-e-type=\"widget\" data-widget_type=\"text-editor.default\">\n\t\t\t\t<div class=\"elementor-widget-container\">\n\t\t\t\t\t\t\t\t\t<h3 class=\"fusion-responsive-typography-calculated\" data-fontsize=\"16\" data-lineheight=\"24px\">Action de la cr\u00e8me antirides Vitality Balance<\/h3><p>La cr\u00e8me antirides Vitality Balance est entre autres enrichie d\u2019argireline et rend la peau belle et lisse. L\u2019argireline est une substance connue dans le secteur des produits cosm\u00e9tiques pour son pouvoir antirides. La cr\u00e8me antirides Vitality Balance est une cr\u00e8me rajeunissante pour la peau. Il convient dans la plupart des cas d\u2019appliquer la cr\u00e8me antirides Vitality Balance durant une \u00e0 quatre semaines pour constater que la peau est plus tendue et que les rides et taches de pigmentation se r\u00e9duisent. Une couleur de peau malsaine peut devenir saine car la cr\u00e8me a \u00e9galement un effet positif sur la circulation sanguine. Dans la plupart des cas, de petites diff\u00e9rences se manifestent d\u00e9j\u00e0 au bout d\u2019une semaine. Le processus est bien entendu plus rapide chez les uns que chez les autres, chaque organisme r\u00e9agissant diff\u00e9remment. Un traitement prolong\u00e9 avec cette cr\u00e8me peut adoucir de plus en plus les rides et finir par les faire dispara\u00eetre. Il s\u2019agit d\u2019un produit naturel qui a donc besoin de temps pour agir. Plus la cr\u00e8me est utilis\u00e9e longtemps et plus les rides s\u2019estompent. Pour renforcer le processus, il est possible d\u2019utiliser en parall\u00e8le de l\u2019or collo\u00efdal ou Goldwater (Rejuvenation Formula Gold) qui veille \u00e0 un meilleur effet depuis l\u2019int\u00e9rieur. La cr\u00e8me antirides Vitality Balance peut \u00eatre utilis\u00e9e tant par les femmes que les hommes. La cr\u00e8me antirides Vitality Balance peut \u00e9galement \u00eatre utilis\u00e9e en tant que baume \u00e0 l\u00e8vres. Le vieillissement entre autres de la peau est d\u00fb \u00e0 un d\u00e9s\u00e9quilibre et constitue un ph\u00e9nom\u00e8ne fr\u00e9quent dans nos soci\u00e9t\u00e9s. Entre autres trop d\u2019efforts physiques et mentaux, stress, tabac, \u00e9motions, aliments modifi\u00e9s, produits chimiques, pollution environnementale etc. Toutes ces influences d\u00e9r\u00e8glent l\u2019organisme, affectant entre autres\u00a0 le syst\u00e8me endocrinien. Parmi les glandes impliqu\u00e9es dans le syst\u00e8me endocrinien, on trouve l\u2019\u00e9piphyse ou glande pin\u00e9ale, l\u2019hypophyse, l\u2019hypothalamus, la glande thyro\u00efde et les glandes parathyro\u00efdes, le thymus, le pancr\u00e9as, les glandes surr\u00e9nales et les gonades.<\/p>\t\t\t\t\t\t\t\t<\/div>\n\t\t\t\t<\/div>\n\t\t\t\t\t<\/div>\n\t\t<\/div>\n\t\t\t\t<div class=\"elementor-column elementor-col-50 elementor-top-column elementor-element elementor-element-ca81899\" data-id=\"ca81899\" data-element_type=\"column\" data-e-type=\"column\">\n\t\t\t<div class=\"elementor-widget-wrap elementor-element-populated\">\n\t\t\t\t\t\t<div class=\"elementor-element elementor-element-7312084 elementor-widget elementor-widget-text-editor\" data-id=\"7312084\" data-element_type=\"widget\" data-e-type=\"widget\" data-widget_type=\"text-editor.default\">\n\t\t\t\t<div class=\"elementor-widget-container\">\n\t\t\t\t\t\t\t\t\t<h3 class=\"fusion-responsive-typography-calculated\" data-fontsize=\"16\" data-lineheight=\"24px\">Composition de la cr\u00e8me antirides Vitality Balance<\/h3><p>Argireline 0,5 %<\/p><p>C60 0,5 %<br \/>Or collo\u00efdal, argent, platine et indium<br \/>Acide hyaluronique<br \/>Magn\u00e9sium<br \/>Vanille<br \/>Vitamine A<br \/>Vitamine C<br \/>Vitamine E<br \/>Huile de coprah<br \/>Vaseline<br \/>Igname sauvage<\/p><p>La cr\u00e8me Vitality Balance ne contient pas d\u2019hormones ni de produits chimiques.<\/p><h3 class=\"fusion-responsive-typography-calculated\" data-fontsize=\"16\" data-lineheight=\"24px\">\u00a0\u00a0\u00a0\u00a0\u00a0\u00a0\u00a0\u00a0\u00a0\u00a0\u00a0\u00a0\u00a0\u00a0\u00a0\u00a0\u00a0\u00a0\u00a0\u00a0\u00a0\u00a0\u00a0\u00a0\u00a0\u00a0\u00a0\u00a0\u00a0\u00a0\u00a0\u00a0\u00a0\u00a0\u00a0<\/h3><p>La cr\u00e8me antirides Vitality Balance doit \u00eatre appliqu\u00e9e une \u00e0 deux fois par jour sur le visage et le cou. Apposer quelques gouttes de cr\u00e8mes \u00e9parses sur le visage afin que la chaleur du corps augmente et que la cr\u00e8me soit plus facile \u00e0 \u00e9taler. La quantit\u00e9 requise de cr\u00e8me est tr\u00e8s limit\u00e9e et le produit n\u2019a pas besoin de p\u00e9n\u00e9trer dans la peau, comme c\u2019est le cas pour d\u2019autres cr\u00e8mes. Vitality Balance est une cr\u00e8me de jour et de nuit qui peut \u00eatre utilis\u00e9e tant par les hommes que les femmes.<\/p><p>Le produit peut \u00e9galement \u00eatre utilis\u00e9 sur les tissus cicatriciels et les taches inesth\u00e9tiques sur la peau.<\/p><p>Le produit est garanti exempt d\u2019agents de conservation et de parfums, colorants et ar\u00f4mes synth\u00e9tiques. Prix pour 50 ml 25,00 \u20ac.<\/p>\t\t\t\t\t\t\t\t<\/div>\n\t\t\t\t<\/div>\n\t\t\t\t\t<\/div>\n\t\t<\/div>\n\t\t\t\t\t<\/div>\n\t\t<\/section>\n\t\t\t\t<\/div>\n\t\t","protected":false},"excerpt":{"rendered":"<p>La cr\u00e8me antirides Vitality Balance est entre autres enrichie d\u2019argireline et rend la peau belle et lisse. L\u2019argireline est une substance connue dans le secteur des produits cosm\u00e9tiques pour son pouvoir antirides. La cr\u00e8me antirides Vitality Balance est une cr\u00e8me rajeunissante pour la peau.<\/p>\n","protected":false},"featured_media":2011,"template":"","meta":[],"product_cat":[318,249],"product_tag":[],"class_list":{"0":"post-2497","1":"product","2":"type-product","3":"status-publish","4":"has-post-thumbnail","6":"product_cat-creme-de-jour-et-de-nuit","7":"product_cat-tous-les-produits","9":"first","10":"instock","11":"taxable","12":"shipping-taxable","13":"purchasable","14":"product-type-variable"},"yoast_head":"<!-- This site is optimized with the Yoast SEO plugin v27.4 - https:\/\/yoast.com\/product\/yoast-seo-wordpress\/ -->\n<title>Vitality Balance \/ cr\u00e8me \u00e0 l\u2019argireline - Auror Scalar Technology<\/title>\n<meta name=\"robots\" content=\"index, follow, max-snippet:-1, max-image-preview:large, max-video-preview:-1\" \/>\n<link rel=\"canonical\" href=\"https:\/\/www.aurorscalartechnology.com\/fr\/produit\/vitality-balance-argireline-dag-en-nachtcreme\/\" \/>\n<meta property=\"og:locale\" content=\"fr_FR\" \/>\n<meta property=\"og:type\" content=\"article\" \/>\n<meta property=\"og:title\" content=\"Vitality Balance \/ cr\u00e8me \u00e0 l\u2019argireline - Auror Scalar Technology\" \/>\n<meta property=\"og:description\" content=\"La cr\u00e8me antirides Vitality Balance est entre autres enrichie d\u2019argireline et rend la peau belle et lisse. L\u2019argireline est une substance connue dans le secteur des produits cosm\u00e9tiques pour son pouvoir antirides. La cr\u00e8me antirides Vitality Balance est une cr\u00e8me rajeunissante pour la peau.\" \/>\n<meta property=\"og:url\" content=\"https:\/\/www.aurorscalartechnology.com\/fr\/produit\/vitality-balance-argireline-dag-en-nachtcreme\/\" \/>\n<meta property=\"og:site_name\" content=\"Auror Scalar Technology\" \/>\n<meta property=\"article:modified_time\" content=\"2023-08-31T12:51:19+00:00\" \/>\n<meta property=\"og:image\" content=\"https:\/\/www.aurorscalartechnology.com\/wp-content\/uploads\/2023\/08\/vitalitybalance-auror-600x600-1.jpeg\" \/>\n\t<meta property=\"og:image:width\" content=\"600\" \/>\n\t<meta property=\"og:image:height\" content=\"600\" \/>\n\t<meta property=\"og:image:type\" content=\"image\/jpeg\" \/>\n<meta name=\"twitter:card\" content=\"summary_large_image\" \/>\n<meta name=\"twitter:label1\" content=\"Dur\u00e9e de lecture estim\u00e9e\" \/>\n\t<meta name=\"twitter:data1\" content=\"3 minutes\" \/>\n<script type=\"application\/ld+json\" class=\"yoast-schema-graph\">{\"@context\":\"https:\\\/\\\/schema.org\",\"@graph\":[{\"@type\":\"WebPage\",\"@id\":\"https:\\\/\\\/www.aurorscalartechnology.com\\\/fr\\\/produit\\\/vitality-balance-argireline-dag-en-nachtcreme\\\/\",\"url\":\"https:\\\/\\\/www.aurorscalartechnology.com\\\/fr\\\/produit\\\/vitality-balance-argireline-dag-en-nachtcreme\\\/\",\"name\":\"Vitality Balance \\\/ cr\u00e8me \u00e0 l\u2019argireline - Auror Scalar Technology\",\"isPartOf\":{\"@id\":\"https:\\\/\\\/www.aurorscalartechnology.com\\\/fr\\\/#website\"},\"primaryImageOfPage\":{\"@id\":\"https:\\\/\\\/www.aurorscalartechnology.com\\\/fr\\\/produit\\\/vitality-balance-argireline-dag-en-nachtcreme\\\/#primaryimage\"},\"image\":{\"@id\":\"https:\\\/\\\/www.aurorscalartechnology.com\\\/fr\\\/produit\\\/vitality-balance-argireline-dag-en-nachtcreme\\\/#primaryimage\"},\"thumbnailUrl\":\"https:\\\/\\\/www.aurorscalartechnology.com\\\/wp-content\\\/uploads\\\/2023\\\/08\\\/vitalitybalance-auror-600x600-1.jpeg\",\"datePublished\":\"2023-08-07T11:46:58+00:00\",\"dateModified\":\"2023-08-31T12:51:19+00:00\",\"breadcrumb\":{\"@id\":\"https:\\\/\\\/www.aurorscalartechnology.com\\\/fr\\\/produit\\\/vitality-balance-argireline-dag-en-nachtcreme\\\/#breadcrumb\"},\"inLanguage\":\"fr-FR\",\"potentialAction\":[{\"@type\":\"ReadAction\",\"target\":[\"https:\\\/\\\/www.aurorscalartechnology.com\\\/fr\\\/produit\\\/vitality-balance-argireline-dag-en-nachtcreme\\\/\"]}]},{\"@type\":\"ImageObject\",\"inLanguage\":\"fr-FR\",\"@id\":\"https:\\\/\\\/www.aurorscalartechnology.com\\\/fr\\\/produit\\\/vitality-balance-argireline-dag-en-nachtcreme\\\/#primaryimage\",\"url\":\"https:\\\/\\\/www.aurorscalartechnology.com\\\/wp-content\\\/uploads\\\/2023\\\/08\\\/vitalitybalance-auror-600x600-1.jpeg\",\"contentUrl\":\"https:\\\/\\\/www.aurorscalartechnology.com\\\/wp-content\\\/uploads\\\/2023\\\/08\\\/vitalitybalance-auror-600x600-1.jpeg\",\"width\":600,\"height\":600},{\"@type\":\"BreadcrumbList\",\"@id\":\"https:\\\/\\\/www.aurorscalartechnology.com\\\/fr\\\/produit\\\/vitality-balance-argireline-dag-en-nachtcreme\\\/#breadcrumb\",\"itemListElement\":[{\"@type\":\"ListItem\",\"position\":1,\"name\":\"Home\",\"item\":\"https:\\\/\\\/www.aurorscalartechnology.com\\\/fr\\\/\"},{\"@type\":\"ListItem\",\"position\":2,\"name\":\"Boutique\",\"item\":\"https:\\\/\\\/www.aurorscalartechnology.com\\\/fr\\\/boutique\\\/\"},{\"@type\":\"ListItem\",\"position\":3,\"name\":\"Vitality Balance \\\/ cr\u00e8me \u00e0 l\u2019argireline\"}]},{\"@type\":\"WebSite\",\"@id\":\"https:\\\/\\\/www.aurorscalartechnology.com\\\/fr\\\/#website\",\"url\":\"https:\\\/\\\/www.aurorscalartechnology.com\\\/fr\\\/\",\"name\":\"Auror Scalar Technology\",\"description\":\"\",\"potentialAction\":[{\"@type\":\"SearchAction\",\"target\":{\"@type\":\"EntryPoint\",\"urlTemplate\":\"https:\\\/\\\/www.aurorscalartechnology.com\\\/fr\\\/?s={search_term_string}\"},\"query-input\":{\"@type\":\"PropertyValueSpecification\",\"valueRequired\":true,\"valueName\":\"search_term_string\"}}],\"inLanguage\":\"fr-FR\"}]}<\/script>\n<!-- \/ Yoast SEO plugin. -->","yoast_head_json":{"title":"Vitality Balance \/ cr\u00e8me \u00e0 l\u2019argireline - Auror Scalar Technology","robots":{"index":"index","follow":"follow","max-snippet":"max-snippet:-1","max-image-preview":"max-image-preview:large","max-video-preview":"max-video-preview:-1"},"canonical":"https:\/\/www.aurorscalartechnology.com\/fr\/produit\/vitality-balance-argireline-dag-en-nachtcreme\/","og_locale":"fr_FR","og_type":"article","og_title":"Vitality Balance \/ cr\u00e8me \u00e0 l\u2019argireline - Auror Scalar Technology","og_description":"La cr\u00e8me antirides Vitality Balance est entre autres enrichie d\u2019argireline et rend la peau belle et lisse. L\u2019argireline est une substance connue dans le secteur des produits cosm\u00e9tiques pour son pouvoir antirides. La cr\u00e8me antirides Vitality Balance est une cr\u00e8me rajeunissante pour la peau.","og_url":"https:\/\/www.aurorscalartechnology.com\/fr\/produit\/vitality-balance-argireline-dag-en-nachtcreme\/","og_site_name":"Auror Scalar Technology","article_modified_time":"2023-08-31T12:51:19+00:00","og_image":[{"width":600,"height":600,"url":"https:\/\/www.aurorscalartechnology.com\/wp-content\/uploads\/2023\/08\/vitalitybalance-auror-600x600-1.jpeg","type":"image\/jpeg"}],"twitter_card":"summary_large_image","twitter_misc":{"Dur\u00e9e de lecture estim\u00e9e":"3 minutes"},"schema":{"@context":"https:\/\/schema.org","@graph":[{"@type":"WebPage","@id":"https:\/\/www.aurorscalartechnology.com\/fr\/produit\/vitality-balance-argireline-dag-en-nachtcreme\/","url":"https:\/\/www.aurorscalartechnology.com\/fr\/produit\/vitality-balance-argireline-dag-en-nachtcreme\/","name":"Vitality Balance \/ cr\u00e8me \u00e0 l\u2019argireline - Auror Scalar Technology","isPartOf":{"@id":"https:\/\/www.aurorscalartechnology.com\/fr\/#website"},"primaryImageOfPage":{"@id":"https:\/\/www.aurorscalartechnology.com\/fr\/produit\/vitality-balance-argireline-dag-en-nachtcreme\/#primaryimage"},"image":{"@id":"https:\/\/www.aurorscalartechnology.com\/fr\/produit\/vitality-balance-argireline-dag-en-nachtcreme\/#primaryimage"},"thumbnailUrl":"https:\/\/www.aurorscalartechnology.com\/wp-content\/uploads\/2023\/08\/vitalitybalance-auror-600x600-1.jpeg","datePublished":"2023-08-07T11:46:58+00:00","dateModified":"2023-08-31T12:51:19+00:00","breadcrumb":{"@id":"https:\/\/www.aurorscalartechnology.com\/fr\/produit\/vitality-balance-argireline-dag-en-nachtcreme\/#breadcrumb"},"inLanguage":"fr-FR","potentialAction":[{"@type":"ReadAction","target":["https:\/\/www.aurorscalartechnology.com\/fr\/produit\/vitality-balance-argireline-dag-en-nachtcreme\/"]}]},{"@type":"ImageObject","inLanguage":"fr-FR","@id":"https:\/\/www.aurorscalartechnology.com\/fr\/produit\/vitality-balance-argireline-dag-en-nachtcreme\/#primaryimage","url":"https:\/\/www.aurorscalartechnology.com\/wp-content\/uploads\/2023\/08\/vitalitybalance-auror-600x600-1.jpeg","contentUrl":"https:\/\/www.aurorscalartechnology.com\/wp-content\/uploads\/2023\/08\/vitalitybalance-auror-600x600-1.jpeg","width":600,"height":600},{"@type":"BreadcrumbList","@id":"https:\/\/www.aurorscalartechnology.com\/fr\/produit\/vitality-balance-argireline-dag-en-nachtcreme\/#breadcrumb","itemListElement":[{"@type":"ListItem","position":1,"name":"Home","item":"https:\/\/www.aurorscalartechnology.com\/fr\/"},{"@type":"ListItem","position":2,"name":"Boutique","item":"https:\/\/www.aurorscalartechnology.com\/fr\/boutique\/"},{"@type":"ListItem","position":3,"name":"Vitality Balance \/ cr\u00e8me \u00e0 l\u2019argireline"}]},{"@type":"WebSite","@id":"https:\/\/www.aurorscalartechnology.com\/fr\/#website","url":"https:\/\/www.aurorscalartechnology.com\/fr\/","name":"Auror Scalar Technology","description":"","potentialAction":[{"@type":"SearchAction","target":{"@type":"EntryPoint","urlTemplate":"https:\/\/www.aurorscalartechnology.com\/fr\/?s={search_term_string}"},"query-input":{"@type":"PropertyValueSpecification","valueRequired":true,"valueName":"search_term_string"}}],"inLanguage":"fr-FR"}]}},"_links":{"self":[{"href":"https:\/\/www.aurorscalartechnology.com\/fr\/wp-json\/wp\/v2\/product\/2497","targetHints":{"allow":["GET"]}}],"collection":[{"href":"https:\/\/www.aurorscalartechnology.com\/fr\/wp-json\/wp\/v2\/product"}],"about":[{"href":"https:\/\/www.aurorscalartechnology.com\/fr\/wp-json\/wp\/v2\/types\/product"}],"version-history":[{"count":0,"href":"https:\/\/www.aurorscalartechnology.com\/fr\/wp-json\/wp\/v2\/product\/2497\/revisions"}],"wp:featuredmedia":[{"embeddable":true,"href":"https:\/\/www.aurorscalartechnology.com\/fr\/wp-json\/wp\/v2\/media\/2011"}],"wp:attachment":[{"href":"https:\/\/www.aurorscalartechnology.com\/fr\/wp-json\/wp\/v2\/media?parent=2497"}],"wp:term":[{"taxonomy":"product_cat","embeddable":true,"href":"https:\/\/www.aurorscalartechnology.com\/fr\/wp-json\/wp\/v2\/product_cat?post=2497"},{"taxonomy":"product_tag","embeddable":true,"href":"https:\/\/www.aurorscalartechnology.com\/fr\/wp-json\/wp\/v2\/product_tag?post=2497"}],"curies":[{"name":"wp","href":"https:\/\/api.w.org\/{rel}","templated":true}]}}