{"id":2568,"date":"2023-08-08T07:58:07","date_gmt":"2023-08-08T05:58:07","guid":{"rendered":"https:\/\/www.aurorscalartechnology.com\/product\/collageniaal\/"},"modified":"2023-11-28T11:24:15","modified_gmt":"2023-11-28T11:24:15","slug":"collageniaal","status":"publish","type":"product","link":"https:\/\/www.aurorscalartechnology.com\/fr\/produit\/collageniaal\/","title":{"rendered":"Collageniaal"},"content":{"rendered":"\t\t<div data-elementor-type=\"wp-post\" data-elementor-id=\"2568\" class=\"elementor elementor-2568 elementor-1258\">\n\t\t\t\t\t\t<section class=\"elementor-section elementor-top-section elementor-element elementor-element-ac98f48 elementor-section-boxed elementor-section-height-default elementor-section-height-default\" data-id=\"ac98f48\" data-element_type=\"section\" data-e-type=\"section\">\n\t\t\t\t\t\t<div class=\"elementor-container elementor-column-gap-default\">\n\t\t\t\t\t<div class=\"elementor-column elementor-col-33 elementor-top-column elementor-element elementor-element-a9c3cf6\" data-id=\"a9c3cf6\" data-element_type=\"column\" data-e-type=\"column\">\n\t\t\t<div class=\"elementor-widget-wrap elementor-element-populated\">\n\t\t\t\t\t\t<div class=\"elementor-element elementor-element-0e77920 elementor-widget elementor-widget-pressmart-heading\" data-id=\"0e77920\" data-element_type=\"widget\" data-e-type=\"widget\" data-widget_type=\"pressmart-heading.default\">\n\t\t\t\t<div class=\"elementor-widget-container\">\n\t\t\t\t\t<div id=\"pressmart-header-96127\" class=\"pressmart-element pressmart-heading text-left separator-none separator-between-heading\">\t\n\t\t\t\n\t\t\t<div class=\"heading-wrap\">\n\t\t\t<span class=\"separator-left\"><\/span>\n\t\t\t<h4 class=\"heading-title\">COLLAG\u00c9NIAL, le rem\u00e8de antirides<\/h4>\t\t\t<span class=\"separator-right\"><\/span>\n\t\t\t\t\t<\/div>\n\t\t\n    <\/div>\t\t\t\t<\/div>\n\t\t\t\t<\/div>\n\t\t\t\t<div class=\"elementor-element elementor-element-b20bf28 elementor-widget elementor-widget-text-editor\" data-id=\"b20bf28\" data-element_type=\"widget\" data-e-type=\"widget\" data-widget_type=\"text-editor.default\">\n\t\t\t\t<div class=\"elementor-widget-container\">\n\t\t\t\t\t\t\t\t\t<p>\u00c0 l\u2019heure actuelle, le collag\u00e8ne est indissociable du march\u00e9 de la beaut\u00e9 et de la sant\u00e9.<\/p><ul><li>Qu\u2019est-ce que le collag\u00e8ne ?<\/li><li>Quels sont ses effets\u00a0?<\/li><li>L\u2019action du collag\u00e8ne.<\/li><li>Les r\u00e9sultats du collag\u00e8ne.<\/li><\/ul><p>\u00a0<\/p><p><strong>Qu\u2019est-ce que le collag\u00e8ne ?\u00a0<\/strong><\/p><p>Le collag\u00e8ne est une importante prot\u00e9ine collante pr\u00e9sente dans notre corps. (Colla = colle et signifie \u00e9galement lier). Nos articulations, os, muscles, cheveux, ongles, notre tissu conjonctif et notre peau sont tous constitu\u00e9s de collag\u00e8ne. Le collag\u00e8ne joue donc un r\u00f4le essentiel pour de nombreux organes de notre corps ! Notre organisme produit lui-m\u00eame du collag\u00e8ne, mais apr\u00e8s notre 25<sup>e<\/sup>\u00a0ann\u00e9e, la production commence \u00e0 diminuer r\u00e9guli\u00e8rement, ce qui provoque notamment un grain de peau plus grossier, des rides et un rel\u00e2chement cutan\u00e9. Le collag\u00e8ne apporte \u00e9lasticit\u00e9 et fermet\u00e9 \u00e0 tous nos tissus conjonctifs, dont la peau, les cheveux, les tendons, les articulations, le cartilage et les os. Les fibres de collag\u00e8ne dans la peau sont essentielles pour la peau, pour la structure de nos cheveux ainsi que pour la fermet\u00e9 de la peau et des cheveux\u00a0; au fil de l\u2019\u00e2ge, cela joue un r\u00f4le de plus en plus important dans notre vie.<\/p>\t\t\t\t\t\t\t\t<\/div>\n\t\t\t\t<\/div>\n\t\t\t\t\t<\/div>\n\t\t<\/div>\n\t\t\t\t<div class=\"elementor-column elementor-col-33 elementor-top-column elementor-element elementor-element-ca81899\" data-id=\"ca81899\" data-element_type=\"column\" data-e-type=\"column\">\n\t\t\t<div class=\"elementor-widget-wrap elementor-element-populated\">\n\t\t\t\t\t\t<div class=\"elementor-element elementor-element-9eb8d12 elementor-widget elementor-widget-pressmart-heading\" data-id=\"9eb8d12\" data-element_type=\"widget\" data-e-type=\"widget\" data-widget_type=\"pressmart-heading.default\">\n\t\t\t\t<div class=\"elementor-widget-container\">\n\t\t\t\t\t<div id=\"pressmart-header-88560\" class=\"pressmart-element pressmart-heading text-left separator-none separator-between-heading\">\t\n\t\t\t\n\t\t\t<div class=\"heading-wrap\">\n\t\t\t<span class=\"separator-left\"><\/span>\n\t\t\t<h4 class=\"heading-title\">Quels sont les types de collag\u00e8nes\u00a0?\u00a0<\/h4>\t\t\t<span class=\"separator-right\"><\/span>\n\t\t\t\t\t<\/div>\n\t\t\n    <\/div>\t\t\t\t<\/div>\n\t\t\t\t<\/div>\n\t\t\t\t<div class=\"elementor-element elementor-element-7312084 elementor-widget elementor-widget-text-editor\" data-id=\"7312084\" data-element_type=\"widget\" data-e-type=\"widget\" data-widget_type=\"text-editor.default\">\n\t\t\t\t<div class=\"elementor-widget-container\">\n\t\t\t\t\t\t\t\t\t<p>Il existe plus de 28 types de collag\u00e8nes, les collag\u00e8nes de type 1 et 2 \u00e9tant les plus importants. 90\u00a0% de l\u2019ensemble du collag\u00e8ne pr\u00e9sent est de type 1.<\/p><ul><li>Le\u00a0<strong>collag\u00e8ne de type\u00a01<\/strong>\u00a0se trouve essentiellement dans la peau, les cheveux, les ongles, les os, le cartilage, le tissu conjonctif, les ligaments, les tendons et les vaisseaux sanguins.<\/li><li>Le\u00a0<strong>collag\u00e8ne de type 2<\/strong>\u00a0est pr\u00e9sent dans les articulations, les disques intervert\u00e9braux, les c\u00f4tes, le nez, le larynx et la trach\u00e9e.<\/li><li>Le\u00a0<strong>collag\u00e8ne de type\u00a03<\/strong>\u00a0se trouve dans la peau, les vaisseaux sanguins et les tissus pour la gu\u00e9rison des plaies.<\/li><\/ul><p>\u00a0<\/p><p>Cela d\u00e9pend de la source du collag\u00e8ne et des types que contient un produit \u00e0 base de collag\u00e8ne. Le collag\u00e8ne bovin contient du collag\u00e8ne de type 1 et de type 3. Le collag\u00e8ne de poisson contient essentiellement du collag\u00e8ne de type 1 et 2, mais aussi de l\u2019hydroxyproline. L\u2019hydroxyproline est un acide amin\u00e9\u00a0; c\u2019est un composant important de la peau, des parois des vaisseaux sanguins et d\u2019autres tissus conjonctifs.<\/p><p><strong>Collag\u00e8ne de poisson.<\/strong><\/p><p>Le collag\u00e8ne de poisson est la forme la plus pure de collag\u00e8ne. Sa structure est comparable \u00e0 celle de la peau humaine. C\u2019est aussi le collag\u00e8ne que nous utilisons avec quelques autres substances dont les suivantes\u00a0: hydroxyproline, argireline, acide hyaluronique, shilajit, cuivre, zinc, magn\u00e9sium et carbone.<\/p><p>Le\u00a0<strong>collag\u00e8ne<\/strong>\u00a0entre notamment dans la composition de divers produits\u00a0: suppl\u00e9ments, poudres, boissons, cr\u00e8mes, masques, etc.<\/p><p>Comme la production naturelle de collag\u00e8ne commence \u00e0 diminuer apr\u00e8s notre 25<sup>e<\/sup>\u00a0ann\u00e9e, entra\u00eenant le d\u00e9but du processus de vieillissement \u00ab\u00a0naturel\u00a0\u00bb, il est recommand\u00e9 de stimuler la production de collag\u00e8ne non seulement de l\u2019ext\u00e9rieur, mais aussi de l\u2019int\u00e9rieur. En effet, il ne suffit pas de r\u00e9nover la fa\u00e7ade d\u2019une maison pour la maintenir en \u00e9tat, la r\u00e9novation int\u00e9rieure est \u00e9galement tr\u00e8s importante \u00e0 cet effet. C\u2019est pourquoi il est conseill\u00e9 d\u2019opter pour le collag\u00e8ne dans sa forme la plus pure, avec des additifs tels que collag\u00e8ne de poisson, hydroxyproline, argireline, acide hyaluronique, shilajit, cuivre, zinc, magn\u00e9sium et carbone. La formule HVR a \u00e9galement une action importante contre la formation de rides et le rel\u00e2chement cutan\u00e9 et stimule la croissance des cheveux.<\/p><p><strong>TCM (triglyc\u00e9rides \u00e0 cha\u00eene moyenne)<\/strong><\/p><p>Les acides gras \u00e0 cha\u00eene moyenne qui restent dans l\u2019huile de noix de coco fractionn\u00e9e sont appel\u00e9s TCM. Ces cha\u00eenes moyennes d\u2019acides gras apportent rapidement plus d\u2019\u00e9nergie\u00a0; c\u2019est pourquoi les repas contenant des TCM connaissent un int\u00e9r\u00eat croissant chez les sportifs. Par ailleurs, les TCM am\u00e9liorent la structure de la peau, peuvent booster tout type de cheveux et offrent \u00e9galement une protection suppl\u00e9mentaire contre la peau s\u00e8che.<\/p><p><strong>Shilajit<\/strong><\/p><p>Contient plus de 85 min\u00e9raux et oligo\u00e9l\u00e9ments sous forme ionique et organique, dont\u00a0: magn\u00e9sium, calcium, phosphore, fer et de nombreuses vitamines\u00a0: A, E, B1, B2, B3, B6, B12, C et bien d\u2019autres.<\/p><p><strong>Cuivre collo\u00efdal<\/strong><\/p><p>Le cuivre collo\u00efdal peut contribuer \u00e0 maintenir la pigmentation des cheveux ou \u00e0 leur redonner leur couleur d\u2019origine. Le cuivre assure \u00e9galement le maintien des vaisseaux sanguins, ce qui est important pour la pr\u00e9servation et la repousse des cheveux.<\/p><p><strong>Zinc et magn\u00e9sium<\/strong><\/p><p>Le zinc et le magn\u00e9sium sont essentiels pour la production de collag\u00e8ne. Le zinc joue \u00e9galement un r\u00f4le important pour freiner l\u2019apparition des cheveux gris et pour stimuler la croissance des cheveux.<\/p>\t\t\t\t\t\t\t\t<\/div>\n\t\t\t\t<\/div>\n\t\t\t\t\t<\/div>\n\t\t<\/div>\n\t\t\t\t<div class=\"elementor-column elementor-col-33 elementor-top-column elementor-element elementor-element-c29160e\" data-id=\"c29160e\" data-element_type=\"column\" data-e-type=\"column\">\n\t\t\t<div class=\"elementor-widget-wrap elementor-element-populated\">\n\t\t\t\t\t\t<div class=\"elementor-element elementor-element-cb727b6 elementor-widget elementor-widget-pressmart-heading\" data-id=\"cb727b6\" data-element_type=\"widget\" data-e-type=\"widget\" data-widget_type=\"pressmart-heading.default\">\n\t\t\t\t<div class=\"elementor-widget-container\">\n\t\t\t\t\t<div id=\"pressmart-header-98735\" class=\"pressmart-element pressmart-heading text-left separator-none separator-between-heading\">\t\n\t\t\t\n\t\t\t<div class=\"heading-wrap\">\n\t\t\t<span class=\"separator-left\"><\/span>\n\t\t\t<h4 class=\"heading-title\">Du silicium pour une plus belle peau.<\/h4>\t\t\t<span class=\"separator-right\"><\/span>\n\t\t\t\t\t<\/div>\n\t\t\n    <\/div>\t\t\t\t<\/div>\n\t\t\t\t<\/div>\n\t\t\t\t<div class=\"elementor-element elementor-element-019da56 elementor-widget elementor-widget-text-editor\" data-id=\"019da56\" data-element_type=\"widget\" data-e-type=\"widget\" data-widget_type=\"text-editor.default\">\n\t\t\t\t<div class=\"elementor-widget-container\">\n\t\t\t\t\t\t\t\t\t<p>Le silicium prot\u00e8ge les prot\u00e9ines d\u2019\u00e9lastine et de collag\u00e8ne de la peau, ce qui lui redonne son \u00e9lasticit\u00e9 et contribue \u00e0 la diminution des rides. Une carence en silicium est imm\u00e9diatement perceptible, car cela se traduit notamment par des rides, des cheveux secs et des ongles fragiles. Le collag\u00e8ne, une prot\u00e9ine collante, est un composant majeur du tissu conjonctif de l\u2019organisme. Le collag\u00e8ne soutient la peau dans la pr\u00e9vention des rides. Le silicium est l\u2019un des composants essentiels du tissu conjonctif. L\u2019\u00e9lastine est une prot\u00e9ine qui garantit l\u2019\u00e9lasticit\u00e9 de la peau et lui permet de retrouver sa forme initiale apr\u00e8s un sourire ou un froncement de sourcils. L\u2019\u00e9lastine et le collag\u00e8ne sont deux \u00e9l\u00e9ments essentiels pour votre peau et sont notamment n\u00e9cessaires \u00e0 son \u00e9lasticit\u00e9, sa fermet\u00e9 et sa r\u00e9g\u00e9n\u00e9ration. Outre la pr\u00e9vention des rides, le silicium contribue \u00e9galement \u00e0 la r\u00e9duction de la cellulite. L\u2019on pense souvent que la cellulite est le r\u00e9sultat d\u2019un exc\u00e8s de poids, mais c\u2019est totalement faux. Il s\u2019agit en fait d\u2019une accumulation de graisse, d\u2019eau et de d\u00e9chets. Cela exerce une tension sur le tissu conjonctif, ce qui provoque des creux et bosses dans la peau. Le silicium renforce le tissu conjonctif, r\u00e9duisant ainsi la cellulite.<\/p><p><strong>Alaria esculenta<\/strong><\/p><p>Alaria esculenta (algue brune) est un ingr\u00e9dient anti-\u00e2ge actif qui peut r\u00e9duire les niveaux de prog\u00e9rine dans la peau jusqu\u2019\u00e0 79 % chez les adultes. La prog\u00e9rine provoque en effet le vieillissement de la peau.<\/p><p>\u00a0<\/p><p><strong>Quels sont les r\u00e9sultats du collag\u00e8ne de poisson\u00a0?\u00a0<\/strong><\/p><p>Le collag\u00e8ne assure la fermet\u00e9 de la peau, ce qui se traduit par une peau plus ferme, plus pleine, plus lisse, hydrat\u00e9e et \u00e9clatante !<\/p><p><strong>Utilisation du collag\u00e8ne<\/strong><\/p><p>L\u2019utilisation quotidienne de Collag\u00e9nial est fortement recommand\u00e9e pour maintenir et obtenir une croissance saine des cheveux et une meilleure structure de la peau, plus ferme. Vous pouvez \u00e9galement vaporiser quotidiennement ce produit \u00e0 base de collag\u00e8ne sur votre peau, le laisser s\u00e9cher quelques instants puis appliquer votre cr\u00e8me de jour\/nuit habituelle.<\/p><p><strong>Ingr\u00e9dients sur les autocollants<\/strong><\/p><p>\u00c9tant donn\u00e9 que des modifications sont souvent apport\u00e9es, telles que l\u2019adjonction de nouvelles substances \u00e0 la formule, il n\u2019est pas possible d\u2019adapter les autocollants imm\u00e9diatement. C\u2019est pourquoi les modifications les plus r\u00e9centes sont mentionn\u00e9es sur le site.<\/p>\t\t\t\t\t\t\t\t<\/div>\n\t\t\t\t<\/div>\n\t\t\t\t\t<\/div>\n\t\t<\/div>\n\t\t\t\t\t<\/div>\n\t\t<\/section>\n\t\t\t\t<\/div>\n\t\t","protected":false},"excerpt":{"rendered":"<p><strong>Collag\u00e9nial, collag\u00e8ne avec hydroxyproline, argireline, acide hyaluronique, shilajit, cuivre collo\u00efdal et carbone <\/strong><\/p>\n<p>&nbsp;<\/p>\n<p>Le collag\u00e8ne de poisson est la forme la plus pure de collag\u00e8ne. Sa structure est comparable \u00e0 celle de la peau humaine. C&rsquo;est aussi le collag\u00e8ne que nous utilisons avec quelques autres substances dont les suivantes\u00a0: hydroxyproline, argireline, acide hyaluronique, shilajit, cuivre collo\u00efdal, carbone, silicium, poudre de TCM et Alaria esculenta (algue brune)<\/p>\n","protected":false},"featured_media":2059,"template":"","meta":[],"product_cat":[337,249],"product_tag":[],"class_list":{"0":"post-2568","1":"product","2":"type-product","3":"status-publish","4":"has-post-thumbnail","6":"product_cat-collogeniaal-fr","7":"product_cat-tous-les-produits","9":"first","10":"instock","11":"featured","12":"taxable","13":"shipping-taxable","14":"purchasable","15":"product-type-variable"},"yoast_head":"<!-- This site is optimized with the Yoast SEO plugin v27.4 - https:\/\/yoast.com\/product\/yoast-seo-wordpress\/ -->\n<title>Collageniaal - Auror Scalar Technology<\/title>\n<meta name=\"description\" content=\"Collag\u00e9nial, collag\u00e8ne avec hydroxyproline, argireline, acide hyaluronique, shilajit, cuivre collo\u00efdal et carbone Le collag\u00e8ne de poisson est la forme la plus pure de collag\u00e8ne. Sa structure est comparable \u00e0 celle de la peau humaine. C&#039;est aussi le collag\u00e8ne que nous utilisons avec quelques autres substances dont les suivantes : hydroxyproline, argireline, acide hyaluronique, shilajit, cuivre collo\u00efdal, carbone, silicium, poudre de TCM et Alaria esculenta (algue brune)\" \/>\n<meta name=\"robots\" content=\"index, follow, max-snippet:-1, max-image-preview:large, max-video-preview:-1\" \/>\n<link rel=\"canonical\" href=\"https:\/\/www.aurorscalartechnology.com\/fr\/produit\/collageniaal\/\" \/>\n<meta property=\"og:locale\" content=\"fr_FR\" \/>\n<meta property=\"og:type\" content=\"article\" \/>\n<meta property=\"og:title\" content=\"Collageniaal - Auror Scalar Technology\" \/>\n<meta property=\"og:description\" content=\"Collag\u00e9nial, collag\u00e8ne avec hydroxyproline, argireline, acide hyaluronique, shilajit, cuivre collo\u00efdal et carbone Le collag\u00e8ne de poisson est la forme la plus pure de collag\u00e8ne. Sa structure est comparable \u00e0 celle de la peau humaine. C&#039;est aussi le collag\u00e8ne que nous utilisons avec quelques autres substances dont les suivantes : hydroxyproline, argireline, acide hyaluronique, shilajit, cuivre collo\u00efdal, carbone, silicium, poudre de TCM et Alaria esculenta (algue brune)\" \/>\n<meta property=\"og:url\" content=\"https:\/\/www.aurorscalartechnology.com\/fr\/produit\/collageniaal\/\" \/>\n<meta property=\"og:site_name\" content=\"Auror Scalar Technology\" \/>\n<meta property=\"article:modified_time\" content=\"2023-11-28T11:24:15+00:00\" \/>\n<meta property=\"og:image\" content=\"https:\/\/www.aurorscalartechnology.com\/wp-content\/uploads\/2023\/08\/Collageniaal.png\" \/>\n\t<meta property=\"og:image:width\" content=\"500\" \/>\n\t<meta property=\"og:image:height\" content=\"500\" \/>\n\t<meta property=\"og:image:type\" content=\"image\/png\" \/>\n<meta name=\"twitter:card\" content=\"summary_large_image\" \/>\n<meta name=\"twitter:label1\" content=\"Dur\u00e9e de lecture estim\u00e9e\" \/>\n\t<meta name=\"twitter:data1\" content=\"6 minutes\" \/>\n<script type=\"application\/ld+json\" class=\"yoast-schema-graph\">{\"@context\":\"https:\\\/\\\/schema.org\",\"@graph\":[{\"@type\":\"WebPage\",\"@id\":\"https:\\\/\\\/www.aurorscalartechnology.com\\\/fr\\\/produit\\\/collageniaal\\\/\",\"url\":\"https:\\\/\\\/www.aurorscalartechnology.com\\\/fr\\\/produit\\\/collageniaal\\\/\",\"name\":\"Collageniaal - Auror Scalar Technology\",\"isPartOf\":{\"@id\":\"https:\\\/\\\/www.aurorscalartechnology.com\\\/fr\\\/#website\"},\"primaryImageOfPage\":{\"@id\":\"https:\\\/\\\/www.aurorscalartechnology.com\\\/fr\\\/produit\\\/collageniaal\\\/#primaryimage\"},\"image\":{\"@id\":\"https:\\\/\\\/www.aurorscalartechnology.com\\\/fr\\\/produit\\\/collageniaal\\\/#primaryimage\"},\"thumbnailUrl\":\"https:\\\/\\\/www.aurorscalartechnology.com\\\/wp-content\\\/uploads\\\/2023\\\/08\\\/Collageniaal.png\",\"datePublished\":\"2023-08-08T05:58:07+00:00\",\"dateModified\":\"2023-11-28T11:24:15+00:00\",\"description\":\"Collag\u00e9nial, collag\u00e8ne avec hydroxyproline, argireline, acide hyaluronique, shilajit, cuivre collo\u00efdal et carbone Le collag\u00e8ne de poisson est la forme la plus pure de collag\u00e8ne. Sa structure est comparable \u00e0 celle de la peau humaine. C'est aussi le collag\u00e8ne que nous utilisons avec quelques autres substances dont les suivantes : hydroxyproline, argireline, acide hyaluronique, shilajit, cuivre collo\u00efdal, carbone, silicium, poudre de TCM et Alaria esculenta (algue brune)\",\"breadcrumb\":{\"@id\":\"https:\\\/\\\/www.aurorscalartechnology.com\\\/fr\\\/produit\\\/collageniaal\\\/#breadcrumb\"},\"inLanguage\":\"fr-FR\",\"potentialAction\":[{\"@type\":\"ReadAction\",\"target\":[\"https:\\\/\\\/www.aurorscalartechnology.com\\\/fr\\\/produit\\\/collageniaal\\\/\"]}]},{\"@type\":\"ImageObject\",\"inLanguage\":\"fr-FR\",\"@id\":\"https:\\\/\\\/www.aurorscalartechnology.com\\\/fr\\\/produit\\\/collageniaal\\\/#primaryimage\",\"url\":\"https:\\\/\\\/www.aurorscalartechnology.com\\\/wp-content\\\/uploads\\\/2023\\\/08\\\/Collageniaal.png\",\"contentUrl\":\"https:\\\/\\\/www.aurorscalartechnology.com\\\/wp-content\\\/uploads\\\/2023\\\/08\\\/Collageniaal.png\",\"width\":500,\"height\":500},{\"@type\":\"BreadcrumbList\",\"@id\":\"https:\\\/\\\/www.aurorscalartechnology.com\\\/fr\\\/produit\\\/collageniaal\\\/#breadcrumb\",\"itemListElement\":[{\"@type\":\"ListItem\",\"position\":1,\"name\":\"Home\",\"item\":\"https:\\\/\\\/www.aurorscalartechnology.com\\\/fr\\\/\"},{\"@type\":\"ListItem\",\"position\":2,\"name\":\"Boutique\",\"item\":\"https:\\\/\\\/www.aurorscalartechnology.com\\\/fr\\\/boutique\\\/\"},{\"@type\":\"ListItem\",\"position\":3,\"name\":\"Collageniaal\"}]},{\"@type\":\"WebSite\",\"@id\":\"https:\\\/\\\/www.aurorscalartechnology.com\\\/fr\\\/#website\",\"url\":\"https:\\\/\\\/www.aurorscalartechnology.com\\\/fr\\\/\",\"name\":\"Auror Scalar Technology\",\"description\":\"\",\"potentialAction\":[{\"@type\":\"SearchAction\",\"target\":{\"@type\":\"EntryPoint\",\"urlTemplate\":\"https:\\\/\\\/www.aurorscalartechnology.com\\\/fr\\\/?s={search_term_string}\"},\"query-input\":{\"@type\":\"PropertyValueSpecification\",\"valueRequired\":true,\"valueName\":\"search_term_string\"}}],\"inLanguage\":\"fr-FR\"}]}<\/script>\n<!-- \/ Yoast SEO plugin. -->","yoast_head_json":{"title":"Collageniaal - Auror Scalar Technology","description":"Collag\u00e9nial, collag\u00e8ne avec hydroxyproline, argireline, acide hyaluronique, shilajit, cuivre collo\u00efdal et carbone Le collag\u00e8ne de poisson est la forme la plus pure de collag\u00e8ne. Sa structure est comparable \u00e0 celle de la peau humaine. C'est aussi le collag\u00e8ne que nous utilisons avec quelques autres substances dont les suivantes : hydroxyproline, argireline, acide hyaluronique, shilajit, cuivre collo\u00efdal, carbone, silicium, poudre de TCM et Alaria esculenta (algue brune)","robots":{"index":"index","follow":"follow","max-snippet":"max-snippet:-1","max-image-preview":"max-image-preview:large","max-video-preview":"max-video-preview:-1"},"canonical":"https:\/\/www.aurorscalartechnology.com\/fr\/produit\/collageniaal\/","og_locale":"fr_FR","og_type":"article","og_title":"Collageniaal - Auror Scalar Technology","og_description":"Collag\u00e9nial, collag\u00e8ne avec hydroxyproline, argireline, acide hyaluronique, shilajit, cuivre collo\u00efdal et carbone Le collag\u00e8ne de poisson est la forme la plus pure de collag\u00e8ne. Sa structure est comparable \u00e0 celle de la peau humaine. C'est aussi le collag\u00e8ne que nous utilisons avec quelques autres substances dont les suivantes : hydroxyproline, argireline, acide hyaluronique, shilajit, cuivre collo\u00efdal, carbone, silicium, poudre de TCM et Alaria esculenta (algue brune)","og_url":"https:\/\/www.aurorscalartechnology.com\/fr\/produit\/collageniaal\/","og_site_name":"Auror Scalar Technology","article_modified_time":"2023-11-28T11:24:15+00:00","og_image":[{"width":500,"height":500,"url":"https:\/\/www.aurorscalartechnology.com\/wp-content\/uploads\/2023\/08\/Collageniaal.png","type":"image\/png"}],"twitter_card":"summary_large_image","twitter_misc":{"Dur\u00e9e de lecture estim\u00e9e":"6 minutes"},"schema":{"@context":"https:\/\/schema.org","@graph":[{"@type":"WebPage","@id":"https:\/\/www.aurorscalartechnology.com\/fr\/produit\/collageniaal\/","url":"https:\/\/www.aurorscalartechnology.com\/fr\/produit\/collageniaal\/","name":"Collageniaal - Auror Scalar Technology","isPartOf":{"@id":"https:\/\/www.aurorscalartechnology.com\/fr\/#website"},"primaryImageOfPage":{"@id":"https:\/\/www.aurorscalartechnology.com\/fr\/produit\/collageniaal\/#primaryimage"},"image":{"@id":"https:\/\/www.aurorscalartechnology.com\/fr\/produit\/collageniaal\/#primaryimage"},"thumbnailUrl":"https:\/\/www.aurorscalartechnology.com\/wp-content\/uploads\/2023\/08\/Collageniaal.png","datePublished":"2023-08-08T05:58:07+00:00","dateModified":"2023-11-28T11:24:15+00:00","description":"Collag\u00e9nial, collag\u00e8ne avec hydroxyproline, argireline, acide hyaluronique, shilajit, cuivre collo\u00efdal et carbone Le collag\u00e8ne de poisson est la forme la plus pure de collag\u00e8ne. Sa structure est comparable \u00e0 celle de la peau humaine. C'est aussi le collag\u00e8ne que nous utilisons avec quelques autres substances dont les suivantes : hydroxyproline, argireline, acide hyaluronique, shilajit, cuivre collo\u00efdal, carbone, silicium, poudre de TCM et Alaria esculenta (algue brune)","breadcrumb":{"@id":"https:\/\/www.aurorscalartechnology.com\/fr\/produit\/collageniaal\/#breadcrumb"},"inLanguage":"fr-FR","potentialAction":[{"@type":"ReadAction","target":["https:\/\/www.aurorscalartechnology.com\/fr\/produit\/collageniaal\/"]}]},{"@type":"ImageObject","inLanguage":"fr-FR","@id":"https:\/\/www.aurorscalartechnology.com\/fr\/produit\/collageniaal\/#primaryimage","url":"https:\/\/www.aurorscalartechnology.com\/wp-content\/uploads\/2023\/08\/Collageniaal.png","contentUrl":"https:\/\/www.aurorscalartechnology.com\/wp-content\/uploads\/2023\/08\/Collageniaal.png","width":500,"height":500},{"@type":"BreadcrumbList","@id":"https:\/\/www.aurorscalartechnology.com\/fr\/produit\/collageniaal\/#breadcrumb","itemListElement":[{"@type":"ListItem","position":1,"name":"Home","item":"https:\/\/www.aurorscalartechnology.com\/fr\/"},{"@type":"ListItem","position":2,"name":"Boutique","item":"https:\/\/www.aurorscalartechnology.com\/fr\/boutique\/"},{"@type":"ListItem","position":3,"name":"Collageniaal"}]},{"@type":"WebSite","@id":"https:\/\/www.aurorscalartechnology.com\/fr\/#website","url":"https:\/\/www.aurorscalartechnology.com\/fr\/","name":"Auror Scalar Technology","description":"","potentialAction":[{"@type":"SearchAction","target":{"@type":"EntryPoint","urlTemplate":"https:\/\/www.aurorscalartechnology.com\/fr\/?s={search_term_string}"},"query-input":{"@type":"PropertyValueSpecification","valueRequired":true,"valueName":"search_term_string"}}],"inLanguage":"fr-FR"}]}},"_links":{"self":[{"href":"https:\/\/www.aurorscalartechnology.com\/fr\/wp-json\/wp\/v2\/product\/2568","targetHints":{"allow":["GET"]}}],"collection":[{"href":"https:\/\/www.aurorscalartechnology.com\/fr\/wp-json\/wp\/v2\/product"}],"about":[{"href":"https:\/\/www.aurorscalartechnology.com\/fr\/wp-json\/wp\/v2\/types\/product"}],"version-history":[{"count":0,"href":"https:\/\/www.aurorscalartechnology.com\/fr\/wp-json\/wp\/v2\/product\/2568\/revisions"}],"wp:featuredmedia":[{"embeddable":true,"href":"https:\/\/www.aurorscalartechnology.com\/fr\/wp-json\/wp\/v2\/media\/2059"}],"wp:attachment":[{"href":"https:\/\/www.aurorscalartechnology.com\/fr\/wp-json\/wp\/v2\/media?parent=2568"}],"wp:term":[{"taxonomy":"product_cat","embeddable":true,"href":"https:\/\/www.aurorscalartechnology.com\/fr\/wp-json\/wp\/v2\/product_cat?post=2568"},{"taxonomy":"product_tag","embeddable":true,"href":"https:\/\/www.aurorscalartechnology.com\/fr\/wp-json\/wp\/v2\/product_tag?post=2568"}],"curies":[{"name":"wp","href":"https:\/\/api.w.org\/{rel}","templated":true}]}}