{"id":26462,"date":"2025-02-18T14:13:52","date_gmt":"2025-02-18T13:13:52","guid":{"rendered":"https:\/\/www.aurorscalartechnology.com\/?post_type=product&#038;p=26462"},"modified":"2025-10-29T14:49:25","modified_gmt":"2025-10-29T13:49:25","slug":"monohydrate-de-creatine-e-2500-pour-1000-ml","status":"publish","type":"product","link":"https:\/\/www.aurorscalartechnology.com\/fr\/produit\/monohydrate-de-creatine-e-2500-pour-1000-ml\/","title":{"rendered":"MONOHYDRATE DE CR\u00c9ATINE \u20ac 25,00  pour 1000 ml"},"content":{"rendered":"\t\t<div data-elementor-type=\"wp-post\" data-elementor-id=\"26462\" class=\"elementor elementor-26462 elementor-24703\">\n\t\t\t\t\t\t<section class=\"elementor-section elementor-top-section elementor-element elementor-element-06e7c6a elementor-section-boxed elementor-section-height-default elementor-section-height-default\" data-id=\"06e7c6a\" data-element_type=\"section\" data-e-type=\"section\">\n\t\t\t\t\t\t<div class=\"elementor-container elementor-column-gap-default\">\n\t\t\t\t\t<div class=\"elementor-column elementor-col-100 elementor-top-column elementor-element elementor-element-9474490\" data-id=\"9474490\" data-element_type=\"column\" data-e-type=\"column\">\n\t\t\t<div class=\"elementor-widget-wrap elementor-element-populated\">\n\t\t\t\t\t\t<div class=\"elementor-element elementor-element-d27f395 elementor-widget elementor-widget-text-editor\" data-id=\"d27f395\" data-element_type=\"widget\" data-e-type=\"widget\" data-widget_type=\"text-editor.default\">\n\t\t\t\t<div class=\"elementor-widget-container\">\n\t\t\t\t\t\t\t\t\t<p><b><strong>Le fonctionnement de la cr\u00e9atine monohydrate<\/strong><\/b><\/p><h1><b>Un aper\u00e7u d\u00e9taill\u00e9 des avantages et de l&rsquo;utilisation de la cr\u00e9atine<\/b><\/h1><p>La cr\u00e9atine est un compl\u00e9ment alimentaire tr\u00e8s appr\u00e9ci\u00e9 des athl\u00e8tes et des amateurs de fitness en raison de ses bienfaits av\u00e9r\u00e9s sur la croissance musculaire, la r\u00e9cup\u00e9ration et les performances. Il s&rsquo;agit d&rsquo;une substance naturelle que l&rsquo;on trouve principalement dans les muscles et le cerveau. Le corps produit de la cr\u00e9atine \u00e0 partir des acides amin\u00e9s glycine, arginine et m\u00e9thionine, mais elle peut \u00e9galement \u00eatre obtenue par l&rsquo;alimentation, notamment \u00e0 partir de la viande et du poisson.<\/p><h1><b><strong>Qu&rsquo;est-ce que la cr\u00e9atine ?<\/strong><\/b><\/h1><p>La cr\u00e9atine est un compos\u00e9 organique qui contribue \u00e0 l&rsquo;approvisionnement en \u00e9nergie des cellules, en particulier des cellules musculaires. Elle intervient dans la r\u00e9g\u00e9n\u00e9ration de l&rsquo;ad\u00e9nosine triphosphate (ATP), la principale source d&rsquo;\u00e9nergie pour les r\u00e9actions cellulaires. Le phosphate de cr\u00e9atine, la forme stock\u00e9e de la cr\u00e9atine dans les muscles, transf\u00e8re un groupe phosphate \u00e0 l&rsquo;ADP pour r\u00e9g\u00e9n\u00e9rer l&rsquo;ATP, ce qui est crucial lors d&rsquo;efforts intenses et courts tels que l&rsquo;halt\u00e9rophilie et le sprint.<\/p><h1><b>Les avantages de la cr\u00e9atine<\/b><\/h1><p>La cr\u00e9atine pr\u00e9sente une s\u00e9rie d&rsquo;avantages qui en font un compl\u00e9ment pr\u00e9cieux pour les sportifs :<\/p><h2><b>R\u00e9cup\u00e9ration musculaire<\/b><\/h2><p>La cr\u00e9atine aide \u00e0 acc\u00e9l\u00e9rer la r\u00e9cup\u00e9ration musculaire apr\u00e8s l&rsquo;effort. En effet, elle augmente la production d&rsquo;ATP, ce qui permet aux cellules de r\u00e9g\u00e9n\u00e9rer plus rapidement leur \u00e9nergie et de r\u00e9cup\u00e9rer apr\u00e8s des s\u00e9ances d&rsquo;entra\u00eenement intensives.<\/p><h2><b>R\u00e9tention d&rsquo;eau<\/b><\/h2><p>La cr\u00e9atine attire l&rsquo;eau vers les cellules musculaires, ce qui entra\u00eene une augmentation du volume cellulaire. Ce processus, connu sous le nom d&rsquo;hydratation cellulaire, peut contribuer \u00e0 une meilleure croissance et une meilleure r\u00e9cup\u00e9ration musculaires. L&rsquo;augmentation des niveaux d&rsquo;hydratation garantit aux cellules musculaires un environnement optimal pour la synth\u00e8se des prot\u00e9ines et d&rsquo;autres processus anaboliques.<\/p><h2><b>\u00c9nergie rapide pour les muscles<\/b><\/h2><p>L&rsquo;un des avantages les plus \u00e9tudi\u00e9s de la cr\u00e9atine est sa capacit\u00e9 \u00e0 fournir une \u00e9nergie rapide aux muscles. Lors d&rsquo;efforts courts et intenses, tels que l&rsquo;halt\u00e9rophilie, le sprint ou le saut, les muscles \u00e9puisent rapidement leurs r\u00e9serves d&rsquo;ATP. Le phosphate de cr\u00e9atine aide \u00e0 reconstituer ces r\u00e9serves, afin que les muscles disposent de suffisamment d&rsquo;\u00e9nergie pendant les 6 \u00e0 8 premi\u00e8res secondes d&rsquo;activit\u00e9 intense.<\/p>\t\t\t\t\t\t\t\t<\/div>\n\t\t\t\t<\/div>\n\t\t\t\t\t<\/div>\n\t\t<\/div>\n\t\t\t\t\t<\/div>\n\t\t<\/section>\n\t\t\t\t<\/div>\n\t\t","protected":false},"excerpt":{"rendered":"<p><b>Description<\/b><\/p>\n<p>La cr\u00e9atine liquide (nanocollo\u00efdale) est de loin la meilleure forme de cr\u00e9atine. En effet, les particules plus petites sont mieux absorb\u00e9es que les poudres ou les comprim\u00e9s. C&rsquo;est pourquoi la cr\u00e9atine que nous vendons est fabriqu\u00e9e sous cette forme.<\/p>\n<p>Le prix de la cr\u00e9atine monohydrate pour 1000 cc est de 25,00 \u20ac.<\/p>\n","protected":false},"featured_media":25835,"template":"","meta":[],"product_cat":[249],"product_tag":[],"class_list":{"0":"post-26462","1":"product","2":"type-product","3":"status-publish","4":"has-post-thumbnail","6":"product_cat-tous-les-produits","8":"first","9":"instock","10":"taxable","11":"shipping-taxable","12":"purchasable","13":"product-type-simple"},"yoast_head":"<!-- This site is optimized with the Yoast SEO plugin v27.4 - https:\/\/yoast.com\/product\/yoast-seo-wordpress\/ -->\n<title>MONOHYDRATE DE CR\u00c9ATINE \u20ac 25,00 pour 1000 ml - Auror Scalar Technology<\/title>\n<meta name=\"description\" content=\"Creatine is een populair supplement onder atleten en fitnessliefhebbers vanwege zijn bewezen voordelen voor spiergroei, herstel en prestatie\" \/>\n<meta name=\"robots\" content=\"index, follow, max-snippet:-1, max-image-preview:large, max-video-preview:-1\" \/>\n<link rel=\"canonical\" href=\"https:\/\/www.aurorscalartechnology.com\/fr\/produit\/monohydrate-de-creatine-e-2500-pour-1000-ml\/\" \/>\n<meta property=\"og:locale\" content=\"fr_FR\" \/>\n<meta property=\"og:type\" content=\"article\" \/>\n<meta property=\"og:title\" content=\"MONOHYDRATE DE CR\u00c9ATINE \u20ac 25,00 pour 1000 ml - Auror Scalar Technology\" \/>\n<meta property=\"og:description\" content=\"Creatine is een populair supplement onder atleten en fitnessliefhebbers vanwege zijn bewezen voordelen voor spiergroei, herstel en prestatie\" \/>\n<meta property=\"og:url\" content=\"https:\/\/www.aurorscalartechnology.com\/fr\/produit\/monohydrate-de-creatine-e-2500-pour-1000-ml\/\" \/>\n<meta property=\"og:site_name\" content=\"Auror Scalar Technology\" \/>\n<meta property=\"article:modified_time\" content=\"2025-10-29T13:49:25+00:00\" \/>\n<meta property=\"og:image\" content=\"https:\/\/www.aurorscalartechnology.com\/wp-content\/uploads\/2023\/08\/Creatine-scaled.jpg\" \/>\n\t<meta property=\"og:image:width\" content=\"1837\" \/>\n\t<meta property=\"og:image:height\" content=\"2560\" \/>\n\t<meta property=\"og:image:type\" content=\"image\/jpeg\" \/>\n<meta name=\"twitter:card\" content=\"summary_large_image\" \/>\n<meta name=\"twitter:label1\" content=\"Dur\u00e9e de lecture estim\u00e9e\" \/>\n\t<meta name=\"twitter:data1\" content=\"2 minutes\" \/>\n<script type=\"application\/ld+json\" class=\"yoast-schema-graph\">{\"@context\":\"https:\\\/\\\/schema.org\",\"@graph\":[{\"@type\":\"WebPage\",\"@id\":\"https:\\\/\\\/www.aurorscalartechnology.com\\\/fr\\\/produit\\\/monohydrate-de-creatine-e-2500-pour-1000-ml\\\/\",\"url\":\"https:\\\/\\\/www.aurorscalartechnology.com\\\/fr\\\/produit\\\/monohydrate-de-creatine-e-2500-pour-1000-ml\\\/\",\"name\":\"MONOHYDRATE DE CR\u00c9ATINE \u20ac 25,00 pour 1000 ml - Auror Scalar Technology\",\"isPartOf\":{\"@id\":\"https:\\\/\\\/www.aurorscalartechnology.com\\\/fr\\\/#website\"},\"primaryImageOfPage\":{\"@id\":\"https:\\\/\\\/www.aurorscalartechnology.com\\\/fr\\\/produit\\\/monohydrate-de-creatine-e-2500-pour-1000-ml\\\/#primaryimage\"},\"image\":{\"@id\":\"https:\\\/\\\/www.aurorscalartechnology.com\\\/fr\\\/produit\\\/monohydrate-de-creatine-e-2500-pour-1000-ml\\\/#primaryimage\"},\"thumbnailUrl\":\"https:\\\/\\\/www.aurorscalartechnology.com\\\/wp-content\\\/uploads\\\/2023\\\/08\\\/Creatine-scaled.jpg\",\"datePublished\":\"2025-02-18T13:13:52+00:00\",\"dateModified\":\"2025-10-29T13:49:25+00:00\",\"description\":\"Creatine is een populair supplement onder atleten en fitnessliefhebbers vanwege zijn bewezen voordelen voor spiergroei, herstel en prestatie\",\"breadcrumb\":{\"@id\":\"https:\\\/\\\/www.aurorscalartechnology.com\\\/fr\\\/produit\\\/monohydrate-de-creatine-e-2500-pour-1000-ml\\\/#breadcrumb\"},\"inLanguage\":\"fr-FR\",\"potentialAction\":[{\"@type\":\"ReadAction\",\"target\":[\"https:\\\/\\\/www.aurorscalartechnology.com\\\/fr\\\/produit\\\/monohydrate-de-creatine-e-2500-pour-1000-ml\\\/\"]}]},{\"@type\":\"ImageObject\",\"inLanguage\":\"fr-FR\",\"@id\":\"https:\\\/\\\/www.aurorscalartechnology.com\\\/fr\\\/produit\\\/monohydrate-de-creatine-e-2500-pour-1000-ml\\\/#primaryimage\",\"url\":\"https:\\\/\\\/www.aurorscalartechnology.com\\\/wp-content\\\/uploads\\\/2023\\\/08\\\/Creatine-scaled.jpg\",\"contentUrl\":\"https:\\\/\\\/www.aurorscalartechnology.com\\\/wp-content\\\/uploads\\\/2023\\\/08\\\/Creatine-scaled.jpg\",\"width\":1837,\"height\":2560},{\"@type\":\"BreadcrumbList\",\"@id\":\"https:\\\/\\\/www.aurorscalartechnology.com\\\/fr\\\/produit\\\/monohydrate-de-creatine-e-2500-pour-1000-ml\\\/#breadcrumb\",\"itemListElement\":[{\"@type\":\"ListItem\",\"position\":1,\"name\":\"Home\",\"item\":\"https:\\\/\\\/www.aurorscalartechnology.com\\\/fr\\\/\"},{\"@type\":\"ListItem\",\"position\":2,\"name\":\"Boutique\",\"item\":\"https:\\\/\\\/www.aurorscalartechnology.com\\\/fr\\\/boutique\\\/\"},{\"@type\":\"ListItem\",\"position\":3,\"name\":\"MONOHYDRATE DE CR\u00c9ATINE \u20ac 25,00 pour 1000 ml\"}]},{\"@type\":\"WebSite\",\"@id\":\"https:\\\/\\\/www.aurorscalartechnology.com\\\/fr\\\/#website\",\"url\":\"https:\\\/\\\/www.aurorscalartechnology.com\\\/fr\\\/\",\"name\":\"Auror Scalar Technology\",\"description\":\"\",\"potentialAction\":[{\"@type\":\"SearchAction\",\"target\":{\"@type\":\"EntryPoint\",\"urlTemplate\":\"https:\\\/\\\/www.aurorscalartechnology.com\\\/fr\\\/?s={search_term_string}\"},\"query-input\":{\"@type\":\"PropertyValueSpecification\",\"valueRequired\":true,\"valueName\":\"search_term_string\"}}],\"inLanguage\":\"fr-FR\"}]}<\/script>\n<!-- \/ Yoast SEO plugin. -->","yoast_head_json":{"title":"MONOHYDRATE DE CR\u00c9ATINE \u20ac 25,00 pour 1000 ml - Auror Scalar Technology","description":"Creatine is een populair supplement onder atleten en fitnessliefhebbers vanwege zijn bewezen voordelen voor spiergroei, herstel en prestatie","robots":{"index":"index","follow":"follow","max-snippet":"max-snippet:-1","max-image-preview":"max-image-preview:large","max-video-preview":"max-video-preview:-1"},"canonical":"https:\/\/www.aurorscalartechnology.com\/fr\/produit\/monohydrate-de-creatine-e-2500-pour-1000-ml\/","og_locale":"fr_FR","og_type":"article","og_title":"MONOHYDRATE DE CR\u00c9ATINE \u20ac 25,00 pour 1000 ml - Auror Scalar Technology","og_description":"Creatine is een populair supplement onder atleten en fitnessliefhebbers vanwege zijn bewezen voordelen voor spiergroei, herstel en prestatie","og_url":"https:\/\/www.aurorscalartechnology.com\/fr\/produit\/monohydrate-de-creatine-e-2500-pour-1000-ml\/","og_site_name":"Auror Scalar Technology","article_modified_time":"2025-10-29T13:49:25+00:00","og_image":[{"width":1837,"height":2560,"url":"https:\/\/www.aurorscalartechnology.com\/wp-content\/uploads\/2023\/08\/Creatine-scaled.jpg","type":"image\/jpeg"}],"twitter_card":"summary_large_image","twitter_misc":{"Dur\u00e9e de lecture estim\u00e9e":"2 minutes"},"schema":{"@context":"https:\/\/schema.org","@graph":[{"@type":"WebPage","@id":"https:\/\/www.aurorscalartechnology.com\/fr\/produit\/monohydrate-de-creatine-e-2500-pour-1000-ml\/","url":"https:\/\/www.aurorscalartechnology.com\/fr\/produit\/monohydrate-de-creatine-e-2500-pour-1000-ml\/","name":"MONOHYDRATE DE CR\u00c9ATINE \u20ac 25,00 pour 1000 ml - Auror Scalar Technology","isPartOf":{"@id":"https:\/\/www.aurorscalartechnology.com\/fr\/#website"},"primaryImageOfPage":{"@id":"https:\/\/www.aurorscalartechnology.com\/fr\/produit\/monohydrate-de-creatine-e-2500-pour-1000-ml\/#primaryimage"},"image":{"@id":"https:\/\/www.aurorscalartechnology.com\/fr\/produit\/monohydrate-de-creatine-e-2500-pour-1000-ml\/#primaryimage"},"thumbnailUrl":"https:\/\/www.aurorscalartechnology.com\/wp-content\/uploads\/2023\/08\/Creatine-scaled.jpg","datePublished":"2025-02-18T13:13:52+00:00","dateModified":"2025-10-29T13:49:25+00:00","description":"Creatine is een populair supplement onder atleten en fitnessliefhebbers vanwege zijn bewezen voordelen voor spiergroei, herstel en prestatie","breadcrumb":{"@id":"https:\/\/www.aurorscalartechnology.com\/fr\/produit\/monohydrate-de-creatine-e-2500-pour-1000-ml\/#breadcrumb"},"inLanguage":"fr-FR","potentialAction":[{"@type":"ReadAction","target":["https:\/\/www.aurorscalartechnology.com\/fr\/produit\/monohydrate-de-creatine-e-2500-pour-1000-ml\/"]}]},{"@type":"ImageObject","inLanguage":"fr-FR","@id":"https:\/\/www.aurorscalartechnology.com\/fr\/produit\/monohydrate-de-creatine-e-2500-pour-1000-ml\/#primaryimage","url":"https:\/\/www.aurorscalartechnology.com\/wp-content\/uploads\/2023\/08\/Creatine-scaled.jpg","contentUrl":"https:\/\/www.aurorscalartechnology.com\/wp-content\/uploads\/2023\/08\/Creatine-scaled.jpg","width":1837,"height":2560},{"@type":"BreadcrumbList","@id":"https:\/\/www.aurorscalartechnology.com\/fr\/produit\/monohydrate-de-creatine-e-2500-pour-1000-ml\/#breadcrumb","itemListElement":[{"@type":"ListItem","position":1,"name":"Home","item":"https:\/\/www.aurorscalartechnology.com\/fr\/"},{"@type":"ListItem","position":2,"name":"Boutique","item":"https:\/\/www.aurorscalartechnology.com\/fr\/boutique\/"},{"@type":"ListItem","position":3,"name":"MONOHYDRATE DE CR\u00c9ATINE \u20ac 25,00 pour 1000 ml"}]},{"@type":"WebSite","@id":"https:\/\/www.aurorscalartechnology.com\/fr\/#website","url":"https:\/\/www.aurorscalartechnology.com\/fr\/","name":"Auror Scalar Technology","description":"","potentialAction":[{"@type":"SearchAction","target":{"@type":"EntryPoint","urlTemplate":"https:\/\/www.aurorscalartechnology.com\/fr\/?s={search_term_string}"},"query-input":{"@type":"PropertyValueSpecification","valueRequired":true,"valueName":"search_term_string"}}],"inLanguage":"fr-FR"}]}},"_links":{"self":[{"href":"https:\/\/www.aurorscalartechnology.com\/fr\/wp-json\/wp\/v2\/product\/26462","targetHints":{"allow":["GET"]}}],"collection":[{"href":"https:\/\/www.aurorscalartechnology.com\/fr\/wp-json\/wp\/v2\/product"}],"about":[{"href":"https:\/\/www.aurorscalartechnology.com\/fr\/wp-json\/wp\/v2\/types\/product"}],"version-history":[{"count":17,"href":"https:\/\/www.aurorscalartechnology.com\/fr\/wp-json\/wp\/v2\/product\/26462\/revisions"}],"predecessor-version":[{"id":26482,"href":"https:\/\/www.aurorscalartechnology.com\/fr\/wp-json\/wp\/v2\/product\/26462\/revisions\/26482"}],"wp:featuredmedia":[{"embeddable":true,"href":"https:\/\/www.aurorscalartechnology.com\/fr\/wp-json\/wp\/v2\/media\/25835"}],"wp:attachment":[{"href":"https:\/\/www.aurorscalartechnology.com\/fr\/wp-json\/wp\/v2\/media?parent=26462"}],"wp:term":[{"taxonomy":"product_cat","embeddable":true,"href":"https:\/\/www.aurorscalartechnology.com\/fr\/wp-json\/wp\/v2\/product_cat?post=26462"},{"taxonomy":"product_tag","embeddable":true,"href":"https:\/\/www.aurorscalartechnology.com\/fr\/wp-json\/wp\/v2\/product_tag?post=26462"}],"curies":[{"name":"wp","href":"https:\/\/api.w.org\/{rel}","templated":true}]}}