{"id":26492,"date":"2024-08-28T13:35:52","date_gmt":"2024-08-28T13:35:52","guid":{"rendered":"https:\/\/www.aurorscalartechnology.com\/?post_type=product&#038;p=26492"},"modified":"2026-03-04T17:24:45","modified_gmt":"2026-03-04T16:24:45","slug":"lacide-hyaluronique-avec-toxine-botulique-100-ml-coute-9000-e-et-250-ml-20000-e","status":"publish","type":"product","link":"https:\/\/www.aurorscalartechnology.com\/fr\/produit\/lacide-hyaluronique-avec-toxine-botulique-100-ml-coute-9000-e-et-250-ml-20000-e\/","title":{"rendered":"L&rsquo;acide hyaluronique avec toxine botulique 100 ml co\u00fbte 90,00 \u20ac et 250 ml 200,00 \u20ac."},"content":{"rendered":"\t\t<div data-elementor-type=\"wp-post\" data-elementor-id=\"26492\" class=\"elementor elementor-26492 elementor-23608\">\n\t\t\t\t\t\t<section class=\"elementor-section elementor-top-section elementor-element elementor-element-284f35a4 elementor-section-boxed elementor-section-height-default elementor-section-height-default\" data-id=\"284f35a4\" data-element_type=\"section\" data-e-type=\"section\">\n\t\t\t\t\t\t<div class=\"elementor-container elementor-column-gap-default\">\n\t\t\t\t\t<div class=\"elementor-column elementor-col-100 elementor-top-column elementor-element elementor-element-5de55ef\" data-id=\"5de55ef\" data-element_type=\"column\" data-e-type=\"column\">\n\t\t\t<div class=\"elementor-widget-wrap elementor-element-populated\">\n\t\t\t\t\t\t<div class=\"elementor-element elementor-element-7b0c4e00 elementor-widget elementor-widget-text-editor\" data-id=\"7b0c4e00\" data-element_type=\"widget\" data-e-type=\"widget\" data-widget_type=\"text-editor.default\">\n\t\t\t\t<div class=\"elementor-widget-container\">\n\t\t\t\t\t\t\t\t\t<p><b><strong>Acide hyaluronique avec s\u00e9rum\/\u00e9lixir \u00e0 la toxine botulique<\/strong><\/b><\/p><p>Ce s\u00e9rum\/\u00e9lixir haute technologie poss\u00e8de des propri\u00e9t\u00e9s antioxydantes et d\u00e9toxifiantes remarquables dans le domaine du rel\u00e2chement cutan\u00e9 et des rides. Il peut \u00e9galement aider \u00e0 pr\u00e9venir l&rsquo;approfondissement des rides. Ce s\u00e9rum\/\u00e9lixir est fortement recommand\u00e9 pour pr\u00e9venir le vieillissement cutan\u00e9. Des r\u00e9sultats visibles peuvent \u00eatre constat\u00e9s apr\u00e8s environ un mois d&rsquo;utilisation.<\/p><p><b>Qu&rsquo;est-ce que la toxine botulique ?<\/b><\/p><p>La toxine botulique est une prot\u00e9ine naturelle produite par la bact\u00e9rie Clostridium Botulinum. Auparavant, la toxine botulique \u00e9tait uniquement connue comme une prot\u00e9ine dangereuse : si les aliments sont contamin\u00e9s par la prot\u00e9ine botulique, cela peut provoquer le botulisme, une maladie grave et potentiellement mortelle. Au cours des 40 derni\u00e8res ann\u00e9es, les chercheurs ont toutefois r\u00e9ussi \u00e0 transformer la prot\u00e9ine botulique en un m\u00e9dicament efficace et s\u00fbr contre diverses affections, \u00e0 condition bien s\u00fbr qu&rsquo;elle soit administr\u00e9e \u00e0 la bonne dose. Il existe plusieurs formes de botuline. Celle que nous utilisons pour appliquer sur la peau est diff\u00e9rente de la toxine botulique inject\u00e9e. Cette derni\u00e8re peut \u00e9galement causer des probl\u00e8mes de sant\u00e9.<\/p><p><b><strong>Toxine botulique<\/strong><\/b><\/p><p>Con\u00e7u pour minimiser ou faire dispara\u00eetre les rides et ridules de la peau, ce traitement facial (traitement corporel) r\u00e9volutionnaire est l&rsquo;une des cl\u00e9s du rajeunissement pour restaurer l&rsquo;apparence et la vitalit\u00e9 de la peau.<\/p><p>En quelques gestes seulement, vous pouvez constater une r\u00e9duction significative des rides et une am\u00e9lioration visible de l&rsquo;\u00e9lasticit\u00e9 de la peau du visage. Vous constaterez \u00e9galement que votre teint est plus sain. Vous pouvez alors oublier vos soucis li\u00e9s aux signes du vieillissement, ce qui vous procure une sensation de d\u00e9tente notable et une apparence beaucoup plus jeune.<\/p><p>Ce s\u00e9rum anti-\u00e2ge \u00e0 la toxine botulique, \u00e0 l&rsquo;acide hyaluronique et \u00e0 un m\u00e9lange de min\u00e9raux a \u00e9t\u00e9 d\u00e9velopp\u00e9 par nos soins pour le rajeunissement physique. Je trouve absurde que des personnes de 60, 70 ou 80 ans, ou quel que soit leur \u00e2ge, doivent se d\u00e9placer avec un d\u00e9ambulateur et ressembler \u00e0 un petit tas de chair rid\u00e9, pour ainsi dire. Cette formule est un produit s\u00fbr et fiable. Chez nous, vous pouvez \u00eatre s\u00fbr d&rsquo;obtenir un produit de qualit\u00e9 qui r\u00e9pond aux normes les plus \u00e9lev\u00e9es afin de maintenir votre corps aussi longtemps que possible en pleine forme et aussi jeune que possible.<\/p><p><b><strong>Que fait l&rsquo;acide hyaluronique ?<\/strong><\/b><\/p><ul><li>Il renforce la peau gr\u00e2ce \u00e0 des antioxydants.<\/li><li>Il acc\u00e9l\u00e8re la r\u00e9g\u00e9n\u00e9ration et la restructuration de la peau.<\/li><li>Il aide \u00e0 d\u00e9toxifier la peau.<\/li><li>Il a un effet anti-inflammatoire sur la peau.<\/li><li>Il aide \u00e9galement \u00e0 r\u00e9duire et \u00e0 pr\u00e9venir les rides.<\/li><li>Il agit contre les br\u00fblures et les d\u00e9mangeaisons de la peau.<\/li><\/ul><p><b><strong>Quels sont les ingr\u00e9dients ?<\/strong><\/b><\/p><ul><li>La toxine botulique : elle comble les rides, ce qui rend la peau plus ferme. Elle permet \u00e9galement de raffermir la peau rel\u00e2ch\u00e9e.<\/li><li>L&rsquo;acide hyaluronique : un hydratant naturel qui am\u00e9liore l&rsquo;absorption de l&rsquo;humidit\u00e9 et pr\u00e9vient la d\u00e9shydratation, donnant \u00e0 la peau un aspect sain et ferme.<\/li><li>Proca\u00efne : anti-\u00e2ge (Professeur Ana Aslan)<\/li><li>Bicarbonate de sodium<\/li><li>Platine : stimule le renouvellement cellulaire et neutralise les radicaux libres.<\/li><li>Cuivre : bon pour le tissu conjonctif de la peau<\/li><li>Zinc : important non seulement pour la capacit\u00e9 de r\u00e9g\u00e9n\u00e9ration de la peau, mais aussi pour contr\u00f4ler et r\u00e9guler la quantit\u00e9 de testost\u00e9rone dans votre corps. La testost\u00e9rone joue un r\u00f4le important dans l&rsquo;apparition de l&rsquo;acn\u00e9, entre autres.<\/li><li>Or : pour un beau rajeunissement de la peau.<\/li><\/ul><p>_<\/p><p>_<\/p>\t\t\t\t\t\t\t\t<\/div>\n\t\t\t\t<\/div>\n\t\t\t\t\t<\/div>\n\t\t<\/div>\n\t\t\t\t\t<\/div>\n\t\t<\/section>\n\t\t\t\t<\/div>\n\t\t","protected":false},"excerpt":{"rendered":"<p><b>Description<\/b><\/p>\n<p>Ce s\u00e9rum\/\u00e9lixir Hi-Tech \u00e0 base d&rsquo;acide hyaluronique et de toxine botulique poss\u00e8de des propri\u00e9t\u00e9s antioxydantes et d\u00e9toxifiantes remarquables dans le domaine du rel\u00e2chement cutan\u00e9 et des rides. Il peut \u00e9galement aider \u00e0 pr\u00e9venir l&rsquo;approfondissement des rides. Ce s\u00e9rum\/\u00e9lixir est fortement recommand\u00e9 pour pr\u00e9venir le vieillissement cutan\u00e9. Le prix pour 100 ml est de 90,00 \u20ac et pour 250 ml de 200,00 \u20ac.<\/p>\n","protected":false},"featured_media":25807,"template":"","meta":[],"product_cat":[249],"product_tag":[],"class_list":{"0":"post-26492","1":"product","2":"type-product","3":"status-publish","4":"has-post-thumbnail","6":"product_cat-tous-les-produits","8":"first","9":"instock","10":"sale","11":"taxable","12":"shipping-taxable","13":"purchasable","14":"product-type-variable"},"yoast_head":"<!-- This site is optimized with the Yoast SEO plugin v27.4 - https:\/\/yoast.com\/product\/yoast-seo-wordpress\/ -->\n<title>L&#039;acide hyaluronique avec toxine botulique 100 ml co\u00fbte 90,00 \u20ac et 250 ml 200,00 \u20ac. - Auror Scalar Technology<\/title>\n<meta name=\"description\" content=\"Le s\u00e9rum\/\u00e9lixir Hi-Tech Hyaluronic Acid-Botulinum Toxin a des propri\u00e9t\u00e9s antioxydantes et d\u00e9toxifiantes sur le rel\u00e2chement cutan\u00e9 et les rides.\" \/>\n<meta name=\"robots\" content=\"index, follow, max-snippet:-1, max-image-preview:large, max-video-preview:-1\" \/>\n<link rel=\"canonical\" href=\"https:\/\/www.aurorscalartechnology.com\/fr\/produit\/lacide-hyaluronique-avec-toxine-botulique-100-ml-coute-9000-e-et-250-ml-20000-e\/\" \/>\n<meta property=\"og:locale\" content=\"fr_FR\" \/>\n<meta property=\"og:type\" content=\"article\" \/>\n<meta property=\"og:title\" content=\"L&#039;acide hyaluronique avec toxine botulique 100 ml co\u00fbte 90,00 \u20ac et 250 ml 200,00 \u20ac. - Auror Scalar Technology\" \/>\n<meta property=\"og:description\" content=\"Le s\u00e9rum\/\u00e9lixir Hi-Tech Hyaluronic Acid-Botulinum Toxin a des propri\u00e9t\u00e9s antioxydantes et d\u00e9toxifiantes sur le rel\u00e2chement cutan\u00e9 et les rides.\" \/>\n<meta property=\"og:url\" content=\"https:\/\/www.aurorscalartechnology.com\/fr\/produit\/lacide-hyaluronique-avec-toxine-botulique-100-ml-coute-9000-e-et-250-ml-20000-e\/\" \/>\n<meta property=\"og:site_name\" content=\"Auror Scalar Technology\" \/>\n<meta property=\"article:modified_time\" content=\"2026-03-04T16:24:45+00:00\" \/>\n<meta property=\"og:image\" content=\"https:\/\/www.aurorscalartechnology.com\/wp-content\/uploads\/2023\/08\/Botox-scaled.jpg\" \/>\n\t<meta property=\"og:image:width\" content=\"1316\" \/>\n\t<meta property=\"og:image:height\" content=\"2560\" \/>\n\t<meta property=\"og:image:type\" content=\"image\/jpeg\" \/>\n<meta name=\"twitter:card\" content=\"summary_large_image\" \/>\n<meta name=\"twitter:label1\" content=\"Dur\u00e9e de lecture estim\u00e9e\" \/>\n\t<meta name=\"twitter:data1\" content=\"3 minutes\" \/>\n<script type=\"application\/ld+json\" class=\"yoast-schema-graph\">{\"@context\":\"https:\\\/\\\/schema.org\",\"@graph\":[{\"@type\":\"WebPage\",\"@id\":\"https:\\\/\\\/www.aurorscalartechnology.com\\\/fr\\\/produit\\\/lacide-hyaluronique-avec-toxine-botulique-100-ml-coute-9000-e-et-250-ml-20000-e\\\/\",\"url\":\"https:\\\/\\\/www.aurorscalartechnology.com\\\/fr\\\/produit\\\/lacide-hyaluronique-avec-toxine-botulique-100-ml-coute-9000-e-et-250-ml-20000-e\\\/\",\"name\":\"L'acide hyaluronique avec toxine botulique 100 ml co\u00fbte 90,00 \u20ac et 250 ml 200,00 \u20ac. - Auror Scalar Technology\",\"isPartOf\":{\"@id\":\"https:\\\/\\\/www.aurorscalartechnology.com\\\/fr\\\/#website\"},\"primaryImageOfPage\":{\"@id\":\"https:\\\/\\\/www.aurorscalartechnology.com\\\/fr\\\/produit\\\/lacide-hyaluronique-avec-toxine-botulique-100-ml-coute-9000-e-et-250-ml-20000-e\\\/#primaryimage\"},\"image\":{\"@id\":\"https:\\\/\\\/www.aurorscalartechnology.com\\\/fr\\\/produit\\\/lacide-hyaluronique-avec-toxine-botulique-100-ml-coute-9000-e-et-250-ml-20000-e\\\/#primaryimage\"},\"thumbnailUrl\":\"https:\\\/\\\/www.aurorscalartechnology.com\\\/wp-content\\\/uploads\\\/2023\\\/08\\\/Botox-scaled.jpg\",\"datePublished\":\"2024-08-28T13:35:52+00:00\",\"dateModified\":\"2026-03-04T16:24:45+00:00\",\"description\":\"Le s\u00e9rum\\\/\u00e9lixir Hi-Tech Hyaluronic Acid-Botulinum Toxin a des propri\u00e9t\u00e9s antioxydantes et d\u00e9toxifiantes sur le rel\u00e2chement cutan\u00e9 et les rides.\",\"breadcrumb\":{\"@id\":\"https:\\\/\\\/www.aurorscalartechnology.com\\\/fr\\\/produit\\\/lacide-hyaluronique-avec-toxine-botulique-100-ml-coute-9000-e-et-250-ml-20000-e\\\/#breadcrumb\"},\"inLanguage\":\"fr-FR\",\"potentialAction\":[{\"@type\":\"ReadAction\",\"target\":[\"https:\\\/\\\/www.aurorscalartechnology.com\\\/fr\\\/produit\\\/lacide-hyaluronique-avec-toxine-botulique-100-ml-coute-9000-e-et-250-ml-20000-e\\\/\"]}]},{\"@type\":\"ImageObject\",\"inLanguage\":\"fr-FR\",\"@id\":\"https:\\\/\\\/www.aurorscalartechnology.com\\\/fr\\\/produit\\\/lacide-hyaluronique-avec-toxine-botulique-100-ml-coute-9000-e-et-250-ml-20000-e\\\/#primaryimage\",\"url\":\"https:\\\/\\\/www.aurorscalartechnology.com\\\/wp-content\\\/uploads\\\/2023\\\/08\\\/Botox-scaled.jpg\",\"contentUrl\":\"https:\\\/\\\/www.aurorscalartechnology.com\\\/wp-content\\\/uploads\\\/2023\\\/08\\\/Botox-scaled.jpg\",\"width\":1316,\"height\":2560},{\"@type\":\"BreadcrumbList\",\"@id\":\"https:\\\/\\\/www.aurorscalartechnology.com\\\/fr\\\/produit\\\/lacide-hyaluronique-avec-toxine-botulique-100-ml-coute-9000-e-et-250-ml-20000-e\\\/#breadcrumb\",\"itemListElement\":[{\"@type\":\"ListItem\",\"position\":1,\"name\":\"Home\",\"item\":\"https:\\\/\\\/www.aurorscalartechnology.com\\\/fr\\\/\"},{\"@type\":\"ListItem\",\"position\":2,\"name\":\"Boutique\",\"item\":\"https:\\\/\\\/www.aurorscalartechnology.com\\\/fr\\\/boutique\\\/\"},{\"@type\":\"ListItem\",\"position\":3,\"name\":\"L&#8217;acide hyaluronique avec toxine botulique 100 ml co\u00fbte 90,00 \u20ac et 250 ml 200,00 \u20ac.\"}]},{\"@type\":\"WebSite\",\"@id\":\"https:\\\/\\\/www.aurorscalartechnology.com\\\/fr\\\/#website\",\"url\":\"https:\\\/\\\/www.aurorscalartechnology.com\\\/fr\\\/\",\"name\":\"Auror Scalar Technology\",\"description\":\"\",\"potentialAction\":[{\"@type\":\"SearchAction\",\"target\":{\"@type\":\"EntryPoint\",\"urlTemplate\":\"https:\\\/\\\/www.aurorscalartechnology.com\\\/fr\\\/?s={search_term_string}\"},\"query-input\":{\"@type\":\"PropertyValueSpecification\",\"valueRequired\":true,\"valueName\":\"search_term_string\"}}],\"inLanguage\":\"fr-FR\"}]}<\/script>\n<!-- \/ Yoast SEO plugin. -->","yoast_head_json":{"title":"L'acide hyaluronique avec toxine botulique 100 ml co\u00fbte 90,00 \u20ac et 250 ml 200,00 \u20ac. - Auror Scalar Technology","description":"Le s\u00e9rum\/\u00e9lixir Hi-Tech Hyaluronic Acid-Botulinum Toxin a des propri\u00e9t\u00e9s antioxydantes et d\u00e9toxifiantes sur le rel\u00e2chement cutan\u00e9 et les rides.","robots":{"index":"index","follow":"follow","max-snippet":"max-snippet:-1","max-image-preview":"max-image-preview:large","max-video-preview":"max-video-preview:-1"},"canonical":"https:\/\/www.aurorscalartechnology.com\/fr\/produit\/lacide-hyaluronique-avec-toxine-botulique-100-ml-coute-9000-e-et-250-ml-20000-e\/","og_locale":"fr_FR","og_type":"article","og_title":"L'acide hyaluronique avec toxine botulique 100 ml co\u00fbte 90,00 \u20ac et 250 ml 200,00 \u20ac. - Auror Scalar Technology","og_description":"Le s\u00e9rum\/\u00e9lixir Hi-Tech Hyaluronic Acid-Botulinum Toxin a des propri\u00e9t\u00e9s antioxydantes et d\u00e9toxifiantes sur le rel\u00e2chement cutan\u00e9 et les rides.","og_url":"https:\/\/www.aurorscalartechnology.com\/fr\/produit\/lacide-hyaluronique-avec-toxine-botulique-100-ml-coute-9000-e-et-250-ml-20000-e\/","og_site_name":"Auror Scalar Technology","article_modified_time":"2026-03-04T16:24:45+00:00","og_image":[{"width":1316,"height":2560,"url":"https:\/\/www.aurorscalartechnology.com\/wp-content\/uploads\/2023\/08\/Botox-scaled.jpg","type":"image\/jpeg"}],"twitter_card":"summary_large_image","twitter_misc":{"Dur\u00e9e de lecture estim\u00e9e":"3 minutes"},"schema":{"@context":"https:\/\/schema.org","@graph":[{"@type":"WebPage","@id":"https:\/\/www.aurorscalartechnology.com\/fr\/produit\/lacide-hyaluronique-avec-toxine-botulique-100-ml-coute-9000-e-et-250-ml-20000-e\/","url":"https:\/\/www.aurorscalartechnology.com\/fr\/produit\/lacide-hyaluronique-avec-toxine-botulique-100-ml-coute-9000-e-et-250-ml-20000-e\/","name":"L'acide hyaluronique avec toxine botulique 100 ml co\u00fbte 90,00 \u20ac et 250 ml 200,00 \u20ac. - Auror Scalar Technology","isPartOf":{"@id":"https:\/\/www.aurorscalartechnology.com\/fr\/#website"},"primaryImageOfPage":{"@id":"https:\/\/www.aurorscalartechnology.com\/fr\/produit\/lacide-hyaluronique-avec-toxine-botulique-100-ml-coute-9000-e-et-250-ml-20000-e\/#primaryimage"},"image":{"@id":"https:\/\/www.aurorscalartechnology.com\/fr\/produit\/lacide-hyaluronique-avec-toxine-botulique-100-ml-coute-9000-e-et-250-ml-20000-e\/#primaryimage"},"thumbnailUrl":"https:\/\/www.aurorscalartechnology.com\/wp-content\/uploads\/2023\/08\/Botox-scaled.jpg","datePublished":"2024-08-28T13:35:52+00:00","dateModified":"2026-03-04T16:24:45+00:00","description":"Le s\u00e9rum\/\u00e9lixir Hi-Tech Hyaluronic Acid-Botulinum Toxin a des propri\u00e9t\u00e9s antioxydantes et d\u00e9toxifiantes sur le rel\u00e2chement cutan\u00e9 et les rides.","breadcrumb":{"@id":"https:\/\/www.aurorscalartechnology.com\/fr\/produit\/lacide-hyaluronique-avec-toxine-botulique-100-ml-coute-9000-e-et-250-ml-20000-e\/#breadcrumb"},"inLanguage":"fr-FR","potentialAction":[{"@type":"ReadAction","target":["https:\/\/www.aurorscalartechnology.com\/fr\/produit\/lacide-hyaluronique-avec-toxine-botulique-100-ml-coute-9000-e-et-250-ml-20000-e\/"]}]},{"@type":"ImageObject","inLanguage":"fr-FR","@id":"https:\/\/www.aurorscalartechnology.com\/fr\/produit\/lacide-hyaluronique-avec-toxine-botulique-100-ml-coute-9000-e-et-250-ml-20000-e\/#primaryimage","url":"https:\/\/www.aurorscalartechnology.com\/wp-content\/uploads\/2023\/08\/Botox-scaled.jpg","contentUrl":"https:\/\/www.aurorscalartechnology.com\/wp-content\/uploads\/2023\/08\/Botox-scaled.jpg","width":1316,"height":2560},{"@type":"BreadcrumbList","@id":"https:\/\/www.aurorscalartechnology.com\/fr\/produit\/lacide-hyaluronique-avec-toxine-botulique-100-ml-coute-9000-e-et-250-ml-20000-e\/#breadcrumb","itemListElement":[{"@type":"ListItem","position":1,"name":"Home","item":"https:\/\/www.aurorscalartechnology.com\/fr\/"},{"@type":"ListItem","position":2,"name":"Boutique","item":"https:\/\/www.aurorscalartechnology.com\/fr\/boutique\/"},{"@type":"ListItem","position":3,"name":"L&#8217;acide hyaluronique avec toxine botulique 100 ml co\u00fbte 90,00 \u20ac et 250 ml 200,00 \u20ac."}]},{"@type":"WebSite","@id":"https:\/\/www.aurorscalartechnology.com\/fr\/#website","url":"https:\/\/www.aurorscalartechnology.com\/fr\/","name":"Auror Scalar Technology","description":"","potentialAction":[{"@type":"SearchAction","target":{"@type":"EntryPoint","urlTemplate":"https:\/\/www.aurorscalartechnology.com\/fr\/?s={search_term_string}"},"query-input":{"@type":"PropertyValueSpecification","valueRequired":true,"valueName":"search_term_string"}}],"inLanguage":"fr-FR"}]}},"_links":{"self":[{"href":"https:\/\/www.aurorscalartechnology.com\/fr\/wp-json\/wp\/v2\/product\/26492","targetHints":{"allow":["GET"]}}],"collection":[{"href":"https:\/\/www.aurorscalartechnology.com\/fr\/wp-json\/wp\/v2\/product"}],"about":[{"href":"https:\/\/www.aurorscalartechnology.com\/fr\/wp-json\/wp\/v2\/types\/product"}],"version-history":[{"count":4,"href":"https:\/\/www.aurorscalartechnology.com\/fr\/wp-json\/wp\/v2\/product\/26492\/revisions"}],"predecessor-version":[{"id":26499,"href":"https:\/\/www.aurorscalartechnology.com\/fr\/wp-json\/wp\/v2\/product\/26492\/revisions\/26499"}],"wp:featuredmedia":[{"embeddable":true,"href":"https:\/\/www.aurorscalartechnology.com\/fr\/wp-json\/wp\/v2\/media\/25807"}],"wp:attachment":[{"href":"https:\/\/www.aurorscalartechnology.com\/fr\/wp-json\/wp\/v2\/media?parent=26492"}],"wp:term":[{"taxonomy":"product_cat","embeddable":true,"href":"https:\/\/www.aurorscalartechnology.com\/fr\/wp-json\/wp\/v2\/product_cat?post=26492"},{"taxonomy":"product_tag","embeddable":true,"href":"https:\/\/www.aurorscalartechnology.com\/fr\/wp-json\/wp\/v2\/product_tag?post=26492"}],"curies":[{"name":"wp","href":"https:\/\/api.w.org\/{rel}","templated":true}]}}