{"id":26500,"date":"2025-02-04T14:26:06","date_gmt":"2025-02-04T13:26:06","guid":{"rendered":"https:\/\/www.aurorscalartechnology.com\/?post_type=product&#038;p=26500"},"modified":"2025-10-31T13:58:51","modified_gmt":"2025-10-31T12:58:51","slug":"msm-methylsulfonylmethane-colloidal","status":"publish","type":"product","link":"https:\/\/www.aurorscalartechnology.com\/fr\/produit\/msm-methylsulfonylmethane-colloidal\/","title":{"rendered":"MSM (Methylsulfonylmethaan) collo\u00efdaal 500ml \u20ac50,00"},"content":{"rendered":"<p><b><strong>Qu&rsquo;est-ce que le MSM ?<\/strong><\/b><\/p>\n<p>Le MSM est un compos\u00e9 soufr\u00e9 pr\u00e9sent naturellement dans votre corps, dans les plantes, les aliments et les animaux. MSM est l&rsquo;abr\u00e9viation de \u00ab methylsulfonylmethane \u00bb, mais il est parfois d\u00e9sign\u00e9 par d&rsquo;autres noms, notamment :<\/p>\n<ul>\n<li>Dim\u00e9thylsulfone<\/li>\n<li>Sulfonylbism\u00e9thane<\/li>\n<li>Soufre organique<\/li>\n<li>Methylsulfone<\/li>\n<li>Dim\u00e9thylsulfoxyde cristallin<\/li>\n<\/ul>\n<p>Les MSM sont g\u00e9n\u00e9ralement fabriqu\u00e9s par l&rsquo;homme et d\u00e9riv\u00e9s d&rsquo;un autre compos\u00e9 appel\u00e9 dim\u00e9thylsulfoxyde (DMSO). Le DMSO et le MSM \u00e9taient initialement utilis\u00e9s en laboratoire comme solvants, mais lorsque les scientifiques ont commenc\u00e9 \u00e0 exp\u00e9rimenter l&rsquo;utilisation du DMSO comme m\u00e9dicament, ils ont \u00e9galement test\u00e9 le MSM. En 1981, le Dr Herschler a brevet\u00e9 le MSM comme traitement pour adoucir et lisser la peau et renforcer les ongles.<\/p>\n<p><b><strong>Comment fonctionne le MSM ?<\/strong><\/b><\/p>\n<p>Votre corps utilise le soufre pour fabriquer une prot\u00e9ine appel\u00e9e collag\u00e8ne et un sucre amin\u00e9 appel\u00e9 glucosamine. Ces deux compos\u00e9s contribuent \u00e0 la formation et au maintien d&rsquo;os et d&rsquo;articulations sains. Le soufre aide \u00e9galement \u00e0 fabriquer des cellules appel\u00e9es immunoglobulines, n\u00e9cessaires au bon fonctionnement du syst\u00e8me immunitaire.<\/p>\n<p>Le MSM contient naturellement un type de soufre appel\u00e9 sulfate. Les experts affirment donc qu&rsquo;il s&rsquo;agit d&rsquo;un donneur de soufre, ce qui signifie qu&rsquo;il est transform\u00e9 en soufre ou qu&rsquo;il ajoute du soufre \u00e0 votre corps. Cependant, le fonctionnement exact du MSM n&rsquo;est pas tout \u00e0 fait clair. Des \u00e9tudes montrent que le MSM est rapidement absorb\u00e9 par l&rsquo;organisme, m\u00eame si la majeure partie est \u00e9limin\u00e9e dans l&rsquo;urine.<\/p>\n<p><b><strong>Bienfaits du MSM<\/strong><\/b><\/p>\n<p>Les gens prennent du MSM pour traiter de nombreux troubles. Les recherches qui soutiennent son utilisation sont prometteuses, mais des \u00e9tudes plus nombreuses et plus approfondies sont n\u00e9cessaires.<\/p>\n<p>Le MSM est un compl\u00e9ment alimentaire couramment utilis\u00e9 pour les articulations et l&rsquo;arthrite. Certaines \u00e9tudes montrent qu&rsquo;il peut aider \u00e0 soulager les douleurs articulaires et musculaires. Il est donc b\u00e9n\u00e9fique pour les personnes qui font beaucoup de sport.<\/p>\n<p>Une autre \u00e9tude pilote a administr\u00e9 du MSM ou un placebo \u00e0 des patients atteints d&rsquo;arthrose du genou pendant 12 semaines. Environ 25 % des patients sous MSM ont ressenti une diminution de la douleur et une am\u00e9lioration de la mobilit\u00e9 et du fonctionnement du genou. Aucun changement n&rsquo;a \u00e9t\u00e9 observ\u00e9 au niveau de la raideur articulaire.<\/p>\n<p>Une autre \u00e9tude a administr\u00e9 aux patients une dose \u00e9lev\u00e9e de 6 000 milligrammes de MSM pour traiter l&rsquo;arthrose du genou. Cela a r\u00e9duit la douleur et am\u00e9lior\u00e9 la fonction articulaire sans effets secondaires. Ces \u00e9tudes sugg\u00e8rent que le MSM pourrait \u00eatre b\u00e9n\u00e9fique, mais des recherches suppl\u00e9mentaires sont n\u00e9cessaires.<\/p>\n<p><b><strong>Peut aider \u00e0 r\u00e9duire l&rsquo;inflammation<\/strong><\/b><\/p>\n<p>Des chercheurs ont test\u00e9 le MSM in vitro sur des cellules immunitaires. Le MSM a bloqu\u00e9 la croissance des cellules responsables de l&rsquo;inflammation et a bloqu\u00e9 les enzymes qui produisent des radicaux libres, des mol\u00e9cules instables qui causent des dommages physiques.<\/p>\n<p>Dans une autre \u00e9tude, les chercheurs ont test\u00e9 les effets du MSM sur l&rsquo;inflammation apr\u00e8s l&rsquo;exercice. Certains hommes en bonne sant\u00e9 ont pris des compl\u00e9ments de MSM pendant 28 jours, tandis que d&rsquo;autres ont pris un compl\u00e9ment placebo. \u00c0 la fin du mois, chaque groupe a effectu\u00e9 une s\u00e9rie d&rsquo;exercices intensifs. Ceux qui avaient pris du MSM pr\u00e9sentaient des taux sanguins de marqueurs inflammatoires plus faibles imm\u00e9diatement apr\u00e8s l&rsquo;exercice.<\/p>\n<p><b><strong>Peut agir comme antioxydant<\/strong><\/b><\/p>\n<p>Le MSM pourrait \u00e9galement agir comme antioxydant et aider \u00e0 bloquer les prot\u00e9ines et les enzymes qui produisent des radicaux libres.<\/p>\n<p><b><strong>Peut \u00e9galement aider \u00e0 la d\u00e9toxification<\/strong><\/b><\/p>\n<p>Votre corps lie le soufre \u00e0 certains compos\u00e9s m\u00e9dicamenteux, les rendant solubles dans l&rsquo;eau et faciles \u00e0 \u00e9liminer par l&rsquo;urine ou d&rsquo;autres moyens. Ce processus, appel\u00e9 sulfuration, est important pour certains m\u00e9dicaments tels que le parac\u00e9tamol. Des \u00e9tudes montrent que le MSM peut contribuer \u00e0 ce processus et aider \u00e0 d\u00e9toxifier le parac\u00e9tamol et d&rsquo;autres toxines , ce qui peut \u00eatre utile en cas d&#8217;empoisonnement.<\/p>\n<p><b><strong>Le MSM a-t-il des effets secondaires ?<\/strong><\/b><\/p>\n<p>Le MSM peut probablement \u00eatre pris par voie orale sans danger pendant 6 mois. Cependant, on ne dispose pas d&rsquo;informations suffisantes pour savoir si le MSM est sans danger pendant la grossesse et l&rsquo;allaitement , il est donc pr\u00e9f\u00e9rable de l&rsquo;\u00e9viter pendant ces p\u00e9riodes.<\/p>\n","protected":false},"excerpt":{"rendered":"<p><b>Description<\/b><\/p>\n<p>Le MSM est un compl\u00e9ment alimentaire souvent recommand\u00e9 pour la sant\u00e9 de la peau et des articulations, ainsi que pour la d\u00e9toxification. Il s&rsquo;agit d&rsquo;un produit collo\u00efdal qui facilite son absorption par l&rsquo;organisme. Le prix pour 500 ml est de 50,00 \u20ac.<\/p>\n","protected":false},"featured_media":25821,"template":"","meta":[],"product_cat":[249],"product_tag":[],"class_list":{"0":"post-26500","1":"product","2":"type-product","3":"status-publish","4":"has-post-thumbnail","6":"product_cat-tous-les-produits","8":"first","9":"instock","10":"taxable","11":"shipping-taxable","12":"purchasable","13":"product-type-simple"},"yoast_head":"<!-- This site is optimized with the Yoast SEO plugin v27.4 - https:\/\/yoast.com\/product\/yoast-seo-wordpress\/ -->\n<title>MSM (Methylsulfonylmethaan) collo\u00efdaal 500ml \u20ac50,00 - Auror Scalar Technology<\/title>\n<meta name=\"description\" content=\"Le MSM est un compl\u00e9ment alimentaire souvent recommand\u00e9 pour la sant\u00e9 de la peau et des articulations, ainsi que pour la d\u00e9toxification.\" \/>\n<meta name=\"robots\" content=\"index, follow, max-snippet:-1, max-image-preview:large, max-video-preview:-1\" \/>\n<link rel=\"canonical\" href=\"https:\/\/www.aurorscalartechnology.com\/fr\/produit\/msm-methylsulfonylmethane-colloidal\/\" \/>\n<meta property=\"og:locale\" content=\"fr_FR\" \/>\n<meta property=\"og:type\" content=\"article\" \/>\n<meta property=\"og:title\" content=\"MSM (Methylsulfonylmethaan) collo\u00efdaal 500ml \u20ac50,00 - Auror Scalar Technology\" \/>\n<meta property=\"og:description\" content=\"Le MSM est un compl\u00e9ment alimentaire souvent recommand\u00e9 pour la sant\u00e9 de la peau et des articulations, ainsi que pour la d\u00e9toxification.\" \/>\n<meta property=\"og:url\" content=\"https:\/\/www.aurorscalartechnology.com\/fr\/produit\/msm-methylsulfonylmethane-colloidal\/\" \/>\n<meta property=\"og:site_name\" content=\"Auror Scalar Technology\" \/>\n<meta property=\"article:modified_time\" content=\"2025-10-31T12:58:51+00:00\" \/>\n<meta property=\"og:image\" content=\"https:\/\/www.aurorscalartechnology.com\/wp-content\/uploads\/2023\/08\/MSM-scaled.jpg\" \/>\n\t<meta property=\"og:image:width\" content=\"1868\" \/>\n\t<meta property=\"og:image:height\" content=\"2560\" \/>\n\t<meta property=\"og:image:type\" content=\"image\/jpeg\" \/>\n<meta name=\"twitter:card\" content=\"summary_large_image\" \/>\n<meta name=\"twitter:label1\" content=\"Dur\u00e9e de lecture estim\u00e9e\" \/>\n\t<meta name=\"twitter:data1\" content=\"4 minutes\" \/>\n<script type=\"application\/ld+json\" class=\"yoast-schema-graph\">{\"@context\":\"https:\\\/\\\/schema.org\",\"@graph\":[{\"@type\":\"WebPage\",\"@id\":\"https:\\\/\\\/www.aurorscalartechnology.com\\\/fr\\\/produit\\\/msm-methylsulfonylmethane-colloidal\\\/\",\"url\":\"https:\\\/\\\/www.aurorscalartechnology.com\\\/fr\\\/produit\\\/msm-methylsulfonylmethane-colloidal\\\/\",\"name\":\"MSM (Methylsulfonylmethaan) collo\u00efdaal 500ml \u20ac50,00 - Auror Scalar Technology\",\"isPartOf\":{\"@id\":\"https:\\\/\\\/www.aurorscalartechnology.com\\\/fr\\\/#website\"},\"primaryImageOfPage\":{\"@id\":\"https:\\\/\\\/www.aurorscalartechnology.com\\\/fr\\\/produit\\\/msm-methylsulfonylmethane-colloidal\\\/#primaryimage\"},\"image\":{\"@id\":\"https:\\\/\\\/www.aurorscalartechnology.com\\\/fr\\\/produit\\\/msm-methylsulfonylmethane-colloidal\\\/#primaryimage\"},\"thumbnailUrl\":\"https:\\\/\\\/www.aurorscalartechnology.com\\\/wp-content\\\/uploads\\\/2023\\\/08\\\/MSM-scaled.jpg\",\"datePublished\":\"2025-02-04T13:26:06+00:00\",\"dateModified\":\"2025-10-31T12:58:51+00:00\",\"description\":\"Le MSM est un compl\u00e9ment alimentaire souvent recommand\u00e9 pour la sant\u00e9 de la peau et des articulations, ainsi que pour la d\u00e9toxification.\",\"breadcrumb\":{\"@id\":\"https:\\\/\\\/www.aurorscalartechnology.com\\\/fr\\\/produit\\\/msm-methylsulfonylmethane-colloidal\\\/#breadcrumb\"},\"inLanguage\":\"fr-FR\",\"potentialAction\":[{\"@type\":\"ReadAction\",\"target\":[\"https:\\\/\\\/www.aurorscalartechnology.com\\\/fr\\\/produit\\\/msm-methylsulfonylmethane-colloidal\\\/\"]}]},{\"@type\":\"ImageObject\",\"inLanguage\":\"fr-FR\",\"@id\":\"https:\\\/\\\/www.aurorscalartechnology.com\\\/fr\\\/produit\\\/msm-methylsulfonylmethane-colloidal\\\/#primaryimage\",\"url\":\"https:\\\/\\\/www.aurorscalartechnology.com\\\/wp-content\\\/uploads\\\/2023\\\/08\\\/MSM-scaled.jpg\",\"contentUrl\":\"https:\\\/\\\/www.aurorscalartechnology.com\\\/wp-content\\\/uploads\\\/2023\\\/08\\\/MSM-scaled.jpg\",\"width\":1868,\"height\":2560},{\"@type\":\"BreadcrumbList\",\"@id\":\"https:\\\/\\\/www.aurorscalartechnology.com\\\/fr\\\/produit\\\/msm-methylsulfonylmethane-colloidal\\\/#breadcrumb\",\"itemListElement\":[{\"@type\":\"ListItem\",\"position\":1,\"name\":\"Home\",\"item\":\"https:\\\/\\\/www.aurorscalartechnology.com\\\/fr\\\/\"},{\"@type\":\"ListItem\",\"position\":2,\"name\":\"Boutique\",\"item\":\"https:\\\/\\\/www.aurorscalartechnology.com\\\/fr\\\/boutique\\\/\"},{\"@type\":\"ListItem\",\"position\":3,\"name\":\"MSM (Methylsulfonylmethaan) collo\u00efdaal 500ml \u20ac50,00\"}]},{\"@type\":\"WebSite\",\"@id\":\"https:\\\/\\\/www.aurorscalartechnology.com\\\/fr\\\/#website\",\"url\":\"https:\\\/\\\/www.aurorscalartechnology.com\\\/fr\\\/\",\"name\":\"Auror Scalar Technology\",\"description\":\"\",\"potentialAction\":[{\"@type\":\"SearchAction\",\"target\":{\"@type\":\"EntryPoint\",\"urlTemplate\":\"https:\\\/\\\/www.aurorscalartechnology.com\\\/fr\\\/?s={search_term_string}\"},\"query-input\":{\"@type\":\"PropertyValueSpecification\",\"valueRequired\":true,\"valueName\":\"search_term_string\"}}],\"inLanguage\":\"fr-FR\"}]}<\/script>\n<!-- \/ Yoast SEO plugin. -->","yoast_head_json":{"title":"MSM (Methylsulfonylmethaan) collo\u00efdaal 500ml \u20ac50,00 - Auror Scalar Technology","description":"Le MSM est un compl\u00e9ment alimentaire souvent recommand\u00e9 pour la sant\u00e9 de la peau et des articulations, ainsi que pour la d\u00e9toxification.","robots":{"index":"index","follow":"follow","max-snippet":"max-snippet:-1","max-image-preview":"max-image-preview:large","max-video-preview":"max-video-preview:-1"},"canonical":"https:\/\/www.aurorscalartechnology.com\/fr\/produit\/msm-methylsulfonylmethane-colloidal\/","og_locale":"fr_FR","og_type":"article","og_title":"MSM (Methylsulfonylmethaan) collo\u00efdaal 500ml \u20ac50,00 - Auror Scalar Technology","og_description":"Le MSM est un compl\u00e9ment alimentaire souvent recommand\u00e9 pour la sant\u00e9 de la peau et des articulations, ainsi que pour la d\u00e9toxification.","og_url":"https:\/\/www.aurorscalartechnology.com\/fr\/produit\/msm-methylsulfonylmethane-colloidal\/","og_site_name":"Auror Scalar Technology","article_modified_time":"2025-10-31T12:58:51+00:00","og_image":[{"width":1868,"height":2560,"url":"https:\/\/www.aurorscalartechnology.com\/wp-content\/uploads\/2023\/08\/MSM-scaled.jpg","type":"image\/jpeg"}],"twitter_card":"summary_large_image","twitter_misc":{"Dur\u00e9e de lecture estim\u00e9e":"4 minutes"},"schema":{"@context":"https:\/\/schema.org","@graph":[{"@type":"WebPage","@id":"https:\/\/www.aurorscalartechnology.com\/fr\/produit\/msm-methylsulfonylmethane-colloidal\/","url":"https:\/\/www.aurorscalartechnology.com\/fr\/produit\/msm-methylsulfonylmethane-colloidal\/","name":"MSM (Methylsulfonylmethaan) collo\u00efdaal 500ml \u20ac50,00 - Auror Scalar Technology","isPartOf":{"@id":"https:\/\/www.aurorscalartechnology.com\/fr\/#website"},"primaryImageOfPage":{"@id":"https:\/\/www.aurorscalartechnology.com\/fr\/produit\/msm-methylsulfonylmethane-colloidal\/#primaryimage"},"image":{"@id":"https:\/\/www.aurorscalartechnology.com\/fr\/produit\/msm-methylsulfonylmethane-colloidal\/#primaryimage"},"thumbnailUrl":"https:\/\/www.aurorscalartechnology.com\/wp-content\/uploads\/2023\/08\/MSM-scaled.jpg","datePublished":"2025-02-04T13:26:06+00:00","dateModified":"2025-10-31T12:58:51+00:00","description":"Le MSM est un compl\u00e9ment alimentaire souvent recommand\u00e9 pour la sant\u00e9 de la peau et des articulations, ainsi que pour la d\u00e9toxification.","breadcrumb":{"@id":"https:\/\/www.aurorscalartechnology.com\/fr\/produit\/msm-methylsulfonylmethane-colloidal\/#breadcrumb"},"inLanguage":"fr-FR","potentialAction":[{"@type":"ReadAction","target":["https:\/\/www.aurorscalartechnology.com\/fr\/produit\/msm-methylsulfonylmethane-colloidal\/"]}]},{"@type":"ImageObject","inLanguage":"fr-FR","@id":"https:\/\/www.aurorscalartechnology.com\/fr\/produit\/msm-methylsulfonylmethane-colloidal\/#primaryimage","url":"https:\/\/www.aurorscalartechnology.com\/wp-content\/uploads\/2023\/08\/MSM-scaled.jpg","contentUrl":"https:\/\/www.aurorscalartechnology.com\/wp-content\/uploads\/2023\/08\/MSM-scaled.jpg","width":1868,"height":2560},{"@type":"BreadcrumbList","@id":"https:\/\/www.aurorscalartechnology.com\/fr\/produit\/msm-methylsulfonylmethane-colloidal\/#breadcrumb","itemListElement":[{"@type":"ListItem","position":1,"name":"Home","item":"https:\/\/www.aurorscalartechnology.com\/fr\/"},{"@type":"ListItem","position":2,"name":"Boutique","item":"https:\/\/www.aurorscalartechnology.com\/fr\/boutique\/"},{"@type":"ListItem","position":3,"name":"MSM (Methylsulfonylmethaan) collo\u00efdaal 500ml \u20ac50,00"}]},{"@type":"WebSite","@id":"https:\/\/www.aurorscalartechnology.com\/fr\/#website","url":"https:\/\/www.aurorscalartechnology.com\/fr\/","name":"Auror Scalar Technology","description":"","potentialAction":[{"@type":"SearchAction","target":{"@type":"EntryPoint","urlTemplate":"https:\/\/www.aurorscalartechnology.com\/fr\/?s={search_term_string}"},"query-input":{"@type":"PropertyValueSpecification","valueRequired":true,"valueName":"search_term_string"}}],"inLanguage":"fr-FR"}]}},"_links":{"self":[{"href":"https:\/\/www.aurorscalartechnology.com\/fr\/wp-json\/wp\/v2\/product\/26500","targetHints":{"allow":["GET"]}}],"collection":[{"href":"https:\/\/www.aurorscalartechnology.com\/fr\/wp-json\/wp\/v2\/product"}],"about":[{"href":"https:\/\/www.aurorscalartechnology.com\/fr\/wp-json\/wp\/v2\/types\/product"}],"version-history":[{"count":1,"href":"https:\/\/www.aurorscalartechnology.com\/fr\/wp-json\/wp\/v2\/product\/26500\/revisions"}],"predecessor-version":[{"id":26501,"href":"https:\/\/www.aurorscalartechnology.com\/fr\/wp-json\/wp\/v2\/product\/26500\/revisions\/26501"}],"wp:featuredmedia":[{"embeddable":true,"href":"https:\/\/www.aurorscalartechnology.com\/fr\/wp-json\/wp\/v2\/media\/25821"}],"wp:attachment":[{"href":"https:\/\/www.aurorscalartechnology.com\/fr\/wp-json\/wp\/v2\/media?parent=26500"}],"wp:term":[{"taxonomy":"product_cat","embeddable":true,"href":"https:\/\/www.aurorscalartechnology.com\/fr\/wp-json\/wp\/v2\/product_cat?post=26500"},{"taxonomy":"product_tag","embeddable":true,"href":"https:\/\/www.aurorscalartechnology.com\/fr\/wp-json\/wp\/v2\/product_tag?post=26500"}],"curies":[{"name":"wp","href":"https:\/\/api.w.org\/{rel}","templated":true}]}}