{"id":26645,"date":"2024-07-01T10:26:39","date_gmt":"2024-07-01T08:26:39","guid":{"rendered":"https:\/\/www.aurorscalartechnology.com\/?post_type=product&#038;p=26645"},"modified":"2025-11-14T14:49:19","modified_gmt":"2025-11-14T13:49:19","slug":"la-technologie-e-t-2-combat-notamment-les-rayonnements-presents","status":"publish","type":"product","link":"https:\/\/www.aurorscalartechnology.com\/fr\/produit\/la-technologie-e-t-2-combat-notamment-les-rayonnements-presents\/","title":{"rendered":"E. T. 2 suppresseur domestique et appareil \u00e0 fr\u00e9quence \u20ac 1850,00"},"content":{"rendered":"\t\t<div data-elementor-type=\"wp-post\" data-elementor-id=\"26645\" class=\"elementor elementor-26645 elementor-22884\">\n\t\t\t\t\t\t<section class=\"elementor-section elementor-top-section elementor-element elementor-element-ac98f48 elementor-section-boxed elementor-section-height-default elementor-section-height-default\" data-id=\"ac98f48\" data-element_type=\"section\" data-e-type=\"section\">\n\t\t\t\t\t\t<div class=\"elementor-container elementor-column-gap-default\">\n\t\t\t\t\t<div class=\"elementor-column elementor-col-33 elementor-top-column elementor-element elementor-element-a9c3cf6\" data-id=\"a9c3cf6\" data-element_type=\"column\" data-e-type=\"column\">\n\t\t\t<div class=\"elementor-widget-wrap elementor-element-populated\">\n\t\t\t\t\t\t<div class=\"elementor-element elementor-element-5e343f4 elementor-widget elementor-widget-pressmart-heading\" data-id=\"5e343f4\" data-element_type=\"widget\" data-e-type=\"widget\" data-widget_type=\"pressmart-heading.default\">\n\t\t\t\t<div class=\"elementor-widget-container\">\n\t\t\t\t\t<div id=\"pressmart-header-26118\" class=\"pressmart-element pressmart-heading text-left separator-none separator-between-heading\">\t\n\t\t\t\n\t\t\t<div class=\"heading-wrap\">\n\t\t\t<span class=\"separator-left\"><\/span>\n\t\t\t<h4 class=\"heading-title\">E.T. 2 suppresseur de parasites domestiques\/appareil \u00e0 fr\u00e9quence<\/h4>\t\t\t<span class=\"separator-right\"><\/span>\n\t\t\t\t\t<\/div>\n\t\t\n    <\/div>\t\t\t\t<\/div>\n\t\t\t\t<\/div>\n\t\t\t\t<div class=\"elementor-element elementor-element-93eceae elementor-widget elementor-widget-text-editor\" data-id=\"93eceae\" data-element_type=\"widget\" data-e-type=\"widget\" data-widget_type=\"text-editor.default\">\n\t\t\t\t<div class=\"elementor-widget-container\">\n\t\t\t\t\t\t\t\t\t<p>L&rsquo;E.T. 2 est entre autres un d\u00e9sactivateur domestique et un appareil \u00e0 fr\u00e9quence, pour un environnement naturel et sain en termes de rayonnement dans et autour de la maison. Un produit \u00e9quilibr\u00e9 qui peut \u00eatre plac\u00e9 dans la maison, par exemple sous votre lit ou sous votre chaise, pour une sensation d&rsquo;harmonie pour les humains, les animaux et les plantes. La port\u00e9e (rayon) de l&rsquo;E.T. 2 est d&rsquo;environ 2000 m\u00e8tres autour de l&rsquo;E.T. 2 et traverse le b\u00e9ton et le m\u00e9tal. La technologie de l&rsquo;E.T. 2 est destin\u00e9e \u00e0 maintenir ou \u00e0 augmenter l&rsquo;\u00e9nergie\/la vitalit\u00e9 des \u00eatres humains et des animaux. Dans la plupart des cas, lorsque l&rsquo;E.T.2 est connect\u00e9, l&rsquo;effet est imm\u00e9diatement perceptible. C&rsquo;est comme si une paix soudaine s&rsquo;installait chez les humains, les animaux et dans l&rsquo;environnement. Les fleurs, les plantes et les fruits pousseront \u00e9galement plus vite et mieux, de sorte que vos plantes potag\u00e8res donneront des r\u00e9sultats plus nombreux et meilleurs.<\/p>\t\t\t\t\t\t\t\t<\/div>\n\t\t\t\t<\/div>\n\t\t\t\t\t<\/div>\n\t\t<\/div>\n\t\t\t\t<div class=\"elementor-column elementor-col-33 elementor-top-column elementor-element elementor-element-ca81899\" data-id=\"ca81899\" data-element_type=\"column\" data-e-type=\"column\">\n\t\t\t<div class=\"elementor-widget-wrap elementor-element-populated\">\n\t\t\t\t\t\t<div class=\"elementor-element elementor-element-9eb8d12 elementor-widget elementor-widget-pressmart-heading\" data-id=\"9eb8d12\" data-element_type=\"widget\" data-e-type=\"widget\" data-widget_type=\"pressmart-heading.default\">\n\t\t\t\t<div class=\"elementor-widget-container\">\n\t\t\t\t\t<div id=\"pressmart-header-51823\" class=\"pressmart-element pressmart-heading text-left separator-none separator-between-heading\">\t\n\t\t\t\n\t\t\t<div class=\"heading-wrap\">\n\t\t\t<span class=\"separator-left\"><\/span>\n\t\t\t<h4 class=\"heading-title\">Alimentation et boissons.<\/h4>\t\t\t<span class=\"separator-right\"><\/span>\n\t\t\t\t\t<\/div>\n\t\t\n    <\/div>\t\t\t\t<\/div>\n\t\t\t\t<\/div>\n\t\t\t\t<div class=\"elementor-element elementor-element-7312084 elementor-widget elementor-widget-text-editor\" data-id=\"7312084\" data-element_type=\"widget\" data-e-type=\"widget\" data-widget_type=\"text-editor.default\">\n\t\t\t\t<div class=\"elementor-widget-container\">\n\t\t\t\t\t\t\t\t\t<p>Vous pouvez placer tous les aliments et boissons sur l&rsquo;appareil pendant 15 \u00e0 20 minutes. Cela augmentera la fr\u00e9quence des aliments et leur donnera ainsi plus d&rsquo;\u00e9nergie, ce qui rendra leur consommation plus saine pour les humains et les animaux.<\/p>\t\t\t\t\t\t\t\t<\/div>\n\t\t\t\t<\/div>\n\t\t\t\t<div class=\"elementor-element elementor-element-ca08910 elementor-widget elementor-widget-pressmart-heading\" data-id=\"ca08910\" data-element_type=\"widget\" data-e-type=\"widget\" data-widget_type=\"pressmart-heading.default\">\n\t\t\t\t<div class=\"elementor-widget-container\">\n\t\t\t\t\t<div id=\"pressmart-header-3739\" class=\"pressmart-element pressmart-heading text-left separator-none separator-between-heading\">\t\n\t\t\t\n\t\t\t<div class=\"heading-wrap\">\n\t\t\t<span class=\"separator-left\"><\/span>\n\t\t\t<h4 class=\"heading-title\">Neutralise les rayonnements n\u00e9gatifs<\/h4>\t\t\t<span class=\"separator-right\"><\/span>\n\t\t\t\t\t<\/div>\n\t\t\n    <\/div>\t\t\t\t<\/div>\n\t\t\t\t<\/div>\n\t\t\t\t<div class=\"elementor-element elementor-element-a0a335d elementor-widget elementor-widget-text-editor\" data-id=\"a0a335d\" data-element_type=\"widget\" data-e-type=\"widget\" data-widget_type=\"text-editor.default\">\n\t\t\t\t<div class=\"elementor-widget-container\">\n\t\t\t\t\t\t\t\t\t<p>La technologie E.T. 2 combat\/neutralise entre autres les rayonnements pr\u00e9sents tels que ceux provenant des rayons terrestres, des t\u00e9l\u00e9phones mobiles, des t\u00e9l\u00e9phones DECT, du WIFI ou des antennes-relais. Les rayonnements sont en quelque sorte transform\u00e9s, modifi\u00e9s, afin que l&rsquo;on ne soit plus g\u00ean\u00e9 par les rayonnements n\u00e9gatifs. Tout ce qui est sans fil est bien s\u00fbr tr\u00e8s pratique et vous n&rsquo;avez pas de c\u00e2bles inutiles qui tra\u00eenent le long des murs de votre maison. En utilisant cet appareil chez vous, vous pouvez simplement naviguer sur Internet et t\u00e9l\u00e9phoner sans fil en toute s\u00e9curit\u00e9, sans nuire \u00e0 votre sant\u00e9.<br \/>Pour les personnes qui souhaitent en savoir plus sur les traitements par th\u00e9rapie par r\u00e9sonance et sur les appareils que nous d\u00e9veloppons, nous vous recommandons de prendre rendez-vous un jeudi ou un samedi pour venir voir et essayer ces appareils exceptionnels. Tout le monde est le bienvenu et peut, s&rsquo;il le souhaite, acheter l&rsquo;\u00e9quipement. La th\u00e9rapie par r\u00e9sonance que nous avons d\u00e9velopp\u00e9e est une combinaison des travaux de Nikola Tesla, Royal Rife, George Lakhovsky, Wilhelm Reich et Mehran Keshe, de la fondation Keshe. L&rsquo;\u00e9quipement Keshe est li\u00e9 \u00e0 la science du plasma et ce sont les bobines Magravs qui produisent l&rsquo;\u00e9nergie plasma. Si vous venez ici, vous pourrez \u00e9galement d\u00e9couvrir les effets des diff\u00e9rents appareils, notamment les E.T. 2, E.T. 3 et E.T. 4. Nous proposons \u00e9galement des traitements par r\u00e9sonance les jeudis et samedis pour divers maux. Un traitement d&rsquo;une heure et demie co\u00fbte 38,00 \u20ac. Nous sommes les seuls \u00e0 proposer ces appareils et ces traitements aux Pays-Bas et \u00e0 l&rsquo;\u00e9tranger. Vous pouvez toujours nous envoyer un e-mail ou nous appeler pour en savoir plus sur le traitement et\/ou les appareils \u00e0 fr\u00e9quence. Num\u00e9ro de t\u00e9l\u00e9phone : 040-2521107 et notre adresse e-mail est : aurorscalartechnology@kpnmail.nl<\/p>\t\t\t\t\t\t\t\t<\/div>\n\t\t\t\t<\/div>\n\t\t\t\t\t<\/div>\n\t\t<\/div>\n\t\t\t\t<div class=\"elementor-column elementor-col-33 elementor-top-column elementor-element elementor-element-c29160e\" data-id=\"c29160e\" data-element_type=\"column\" data-e-type=\"column\">\n\t\t\t<div class=\"elementor-widget-wrap elementor-element-populated\">\n\t\t\t\t\t\t<div class=\"elementor-element elementor-element-cb727b6 elementor-widget elementor-widget-pressmart-heading\" data-id=\"cb727b6\" data-element_type=\"widget\" data-e-type=\"widget\" data-widget_type=\"pressmart-heading.default\">\n\t\t\t\t<div class=\"elementor-widget-container\">\n\t\t\t\t\t<div id=\"pressmart-header-67229\" class=\"pressmart-element pressmart-heading text-left separator-none separator-between-heading\">\t\n\t\t\t\n\t\t\t<div class=\"heading-wrap\">\n\t\t\t<span class=\"separator-left\"><\/span>\n\t\t\t<h4 class=\"heading-title\">Prot\u00e9gez-vous contre les rayonnements nocifs<\/h4>\t\t\t<span class=\"separator-right\"><\/span>\n\t\t\t\t\t<\/div>\n\t\t\n    <\/div>\t\t\t\t<\/div>\n\t\t\t\t<\/div>\n\t\t\t\t<div class=\"elementor-element elementor-element-019da56 elementor-widget elementor-widget-text-editor\" data-id=\"019da56\" data-element_type=\"widget\" data-e-type=\"widget\" data-widget_type=\"text-editor.default\">\n\t\t\t\t<div class=\"elementor-widget-container\">\n\t\t\t\t\t\t\t\t\t<p>Prot\u00e9gez-vous contre toutes les radiations n\u00e9gatives gr\u00e2ce \u00e0 l&rsquo;E.T. 2, qui \u00e9met un large \u00e9ventail de fr\u00e9quences harmonieuses, dont la fr\u00e9quence terrestre, \u00e0 l&rsquo;aide de deux bobines Tesla. La fr\u00e9quence terrestre est \u00e9galement appel\u00e9e r\u00e9sonance Schumann. La fr\u00e9quence naturelle de la Terre est actuellement domin\u00e9e\/supprim\u00e9e en de nombreux endroits par des radiations nocives, ce qui peut entra\u00eener toutes sortes de troubles chez les personnes. L&rsquo;E.T. 2 est un appareil qui r\u00e9tablit l&rsquo;harmonie dans l&rsquo;environnement, \u00e9liminant ainsi les rayonnements n\u00e9gatifs et redonnant vitalit\u00e9 et tranquillit\u00e9 aux personnes. Cette technologie est combin\u00e9e \u00e0 celle de Royal Rife, Nikola Tesla et Wilhelm Reich. L&rsquo;E.T. 2 p\u00e8se environ 7 kilos, mesure 10 cm de haut, 50 cm de long et 32 cm de large. Pour plus d&rsquo;informations, n&rsquo;h\u00e9sitez pas \u00e0 nous envoyer un e-mail ou \u00e0 nous appeler. Si l&rsquo;E.T. 2 ne r\u00e9pond pas \u00e0 vos attentes dans un d\u00e9lai de 1 \u00e0 2 mois, vous pouvez le renvoyer apr\u00e8s consultation. Vous serez alors rembours\u00e9, \u00e0 condition que le d\u00e9s\u00e9quilibreur domestique E.T. 2 soit intact, moins 300,00 \u20ac de frais administratifs.<\/p>\t\t\t\t\t\t\t\t<\/div>\n\t\t\t\t<\/div>\n\t\t\t\t\t<\/div>\n\t\t<\/div>\n\t\t\t\t\t<\/div>\n\t\t<\/section>\n\t\t\t\t<\/div>\n\t\t","protected":false},"excerpt":{"rendered":"<p><b>Description<\/b><\/p>\n<p>La technologie <b>E.T. 2<\/b> combat notamment les rayonnements \u00e9mis par les t\u00e9l\u00e9phones mobiles, les t\u00e9l\u00e9phones DECT ou les antennes-relais, et permet de ne plus \u00eatre g\u00ean\u00e9 par ces rayonnements. Il s&rsquo;agit \u00e9galement d&rsquo;un appareil \u00e0 fr\u00e9quence qui favorise une vie plus harmonieuse pour les humains, les animaux et les plantes. Il apporte ainsi plus de calme et d&rsquo;harmonie dans votre maison et votre environnement. Ses dimensions sont les suivantes : longueur 55 cm, largeur 32 cm et hauteur 10 cm. Le prix de l&rsquo;E.T.2 est de 1 850,00 \u20ac.<\/p>\n","protected":false},"featured_media":25828,"template":"","meta":[],"product_cat":[360,249],"product_tag":[],"class_list":{"0":"post-26645","1":"product","2":"type-product","3":"status-publish","4":"has-post-thumbnail","6":"product_cat-et-2-fr","7":"product_cat-tous-les-produits","9":"first","10":"instock","11":"taxable","12":"shipping-taxable","13":"purchasable","14":"product-type-simple"},"yoast_head":"<!-- This site is optimized with the Yoast SEO plugin v27.4 - https:\/\/yoast.com\/product\/yoast-seo-wordpress\/ -->\n<title>E. T. 2 suppresseur domestique et appareil \u00e0 fr\u00e9quence \u20ac 1850,00 - Auror Scalar Technology<\/title>\n<meta name=\"description\" content=\"La technologie E.T. 2 combat notamment les rayonnements pr\u00e9sents tels que ceux \u00e9mis par les t\u00e9l\u00e9phones mobiles, les t\u00e9l\u00e9phones DECT ou les antennes-relais.\" \/>\n<meta name=\"robots\" content=\"index, follow, max-snippet:-1, max-image-preview:large, max-video-preview:-1\" \/>\n<link rel=\"canonical\" href=\"https:\/\/www.aurorscalartechnology.com\/fr\/produit\/la-technologie-e-t-2-combat-notamment-les-rayonnements-presents\/\" \/>\n<meta property=\"og:locale\" content=\"fr_FR\" \/>\n<meta property=\"og:type\" content=\"article\" \/>\n<meta property=\"og:title\" content=\"E. T. 2 suppresseur domestique et appareil \u00e0 fr\u00e9quence \u20ac 1850,00 - Auror Scalar Technology\" \/>\n<meta property=\"og:description\" content=\"La technologie E.T. 2 combat notamment les rayonnements pr\u00e9sents tels que ceux \u00e9mis par les t\u00e9l\u00e9phones mobiles, les t\u00e9l\u00e9phones DECT ou les antennes-relais.\" \/>\n<meta property=\"og:url\" content=\"https:\/\/www.aurorscalartechnology.com\/fr\/produit\/la-technologie-e-t-2-combat-notamment-les-rayonnements-presents\/\" \/>\n<meta property=\"og:site_name\" content=\"Auror Scalar Technology\" \/>\n<meta property=\"article:modified_time\" content=\"2025-11-14T13:49:19+00:00\" \/>\n<meta property=\"og:image\" content=\"https:\/\/www.aurorscalartechnology.com\/wp-content\/uploads\/2023\/08\/E.T.2-scaled.jpg\" \/>\n\t<meta property=\"og:image:width\" content=\"2560\" \/>\n\t<meta property=\"og:image:height\" content=\"1631\" \/>\n\t<meta property=\"og:image:type\" content=\"image\/jpeg\" \/>\n<meta name=\"twitter:card\" content=\"summary_large_image\" \/>\n<meta name=\"twitter:label1\" content=\"Dur\u00e9e de lecture estim\u00e9e\" \/>\n\t<meta name=\"twitter:data1\" content=\"4 minutes\" \/>\n<script type=\"application\/ld+json\" class=\"yoast-schema-graph\">{\"@context\":\"https:\\\/\\\/schema.org\",\"@graph\":[{\"@type\":\"WebPage\",\"@id\":\"https:\\\/\\\/www.aurorscalartechnology.com\\\/fr\\\/produit\\\/la-technologie-e-t-2-combat-notamment-les-rayonnements-presents\\\/\",\"url\":\"https:\\\/\\\/www.aurorscalartechnology.com\\\/fr\\\/produit\\\/la-technologie-e-t-2-combat-notamment-les-rayonnements-presents\\\/\",\"name\":\"E. T. 2 suppresseur domestique et appareil \u00e0 fr\u00e9quence \u20ac 1850,00 - Auror Scalar Technology\",\"isPartOf\":{\"@id\":\"https:\\\/\\\/www.aurorscalartechnology.com\\\/fr\\\/#website\"},\"primaryImageOfPage\":{\"@id\":\"https:\\\/\\\/www.aurorscalartechnology.com\\\/fr\\\/produit\\\/la-technologie-e-t-2-combat-notamment-les-rayonnements-presents\\\/#primaryimage\"},\"image\":{\"@id\":\"https:\\\/\\\/www.aurorscalartechnology.com\\\/fr\\\/produit\\\/la-technologie-e-t-2-combat-notamment-les-rayonnements-presents\\\/#primaryimage\"},\"thumbnailUrl\":\"https:\\\/\\\/www.aurorscalartechnology.com\\\/wp-content\\\/uploads\\\/2023\\\/08\\\/E.T.2-scaled.jpg\",\"datePublished\":\"2024-07-01T08:26:39+00:00\",\"dateModified\":\"2025-11-14T13:49:19+00:00\",\"description\":\"La technologie E.T. 2 combat notamment les rayonnements pr\u00e9sents tels que ceux \u00e9mis par les t\u00e9l\u00e9phones mobiles, les t\u00e9l\u00e9phones DECT ou les antennes-relais.\",\"breadcrumb\":{\"@id\":\"https:\\\/\\\/www.aurorscalartechnology.com\\\/fr\\\/produit\\\/la-technologie-e-t-2-combat-notamment-les-rayonnements-presents\\\/#breadcrumb\"},\"inLanguage\":\"fr-FR\",\"potentialAction\":[{\"@type\":\"ReadAction\",\"target\":[\"https:\\\/\\\/www.aurorscalartechnology.com\\\/fr\\\/produit\\\/la-technologie-e-t-2-combat-notamment-les-rayonnements-presents\\\/\"]}]},{\"@type\":\"ImageObject\",\"inLanguage\":\"fr-FR\",\"@id\":\"https:\\\/\\\/www.aurorscalartechnology.com\\\/fr\\\/produit\\\/la-technologie-e-t-2-combat-notamment-les-rayonnements-presents\\\/#primaryimage\",\"url\":\"https:\\\/\\\/www.aurorscalartechnology.com\\\/wp-content\\\/uploads\\\/2023\\\/08\\\/E.T.2-scaled.jpg\",\"contentUrl\":\"https:\\\/\\\/www.aurorscalartechnology.com\\\/wp-content\\\/uploads\\\/2023\\\/08\\\/E.T.2-scaled.jpg\",\"width\":2560,\"height\":1631},{\"@type\":\"BreadcrumbList\",\"@id\":\"https:\\\/\\\/www.aurorscalartechnology.com\\\/fr\\\/produit\\\/la-technologie-e-t-2-combat-notamment-les-rayonnements-presents\\\/#breadcrumb\",\"itemListElement\":[{\"@type\":\"ListItem\",\"position\":1,\"name\":\"Home\",\"item\":\"https:\\\/\\\/www.aurorscalartechnology.com\\\/fr\\\/\"},{\"@type\":\"ListItem\",\"position\":2,\"name\":\"Boutique\",\"item\":\"https:\\\/\\\/www.aurorscalartechnology.com\\\/fr\\\/boutique\\\/\"},{\"@type\":\"ListItem\",\"position\":3,\"name\":\"E. T. 2 suppresseur domestique et appareil \u00e0 fr\u00e9quence \u20ac 1850,00\"}]},{\"@type\":\"WebSite\",\"@id\":\"https:\\\/\\\/www.aurorscalartechnology.com\\\/fr\\\/#website\",\"url\":\"https:\\\/\\\/www.aurorscalartechnology.com\\\/fr\\\/\",\"name\":\"Auror Scalar Technology\",\"description\":\"\",\"potentialAction\":[{\"@type\":\"SearchAction\",\"target\":{\"@type\":\"EntryPoint\",\"urlTemplate\":\"https:\\\/\\\/www.aurorscalartechnology.com\\\/fr\\\/?s={search_term_string}\"},\"query-input\":{\"@type\":\"PropertyValueSpecification\",\"valueRequired\":true,\"valueName\":\"search_term_string\"}}],\"inLanguage\":\"fr-FR\"}]}<\/script>\n<!-- \/ Yoast SEO plugin. -->","yoast_head_json":{"title":"E. T. 2 suppresseur domestique et appareil \u00e0 fr\u00e9quence \u20ac 1850,00 - Auror Scalar Technology","description":"La technologie E.T. 2 combat notamment les rayonnements pr\u00e9sents tels que ceux \u00e9mis par les t\u00e9l\u00e9phones mobiles, les t\u00e9l\u00e9phones DECT ou les antennes-relais.","robots":{"index":"index","follow":"follow","max-snippet":"max-snippet:-1","max-image-preview":"max-image-preview:large","max-video-preview":"max-video-preview:-1"},"canonical":"https:\/\/www.aurorscalartechnology.com\/fr\/produit\/la-technologie-e-t-2-combat-notamment-les-rayonnements-presents\/","og_locale":"fr_FR","og_type":"article","og_title":"E. T. 2 suppresseur domestique et appareil \u00e0 fr\u00e9quence \u20ac 1850,00 - Auror Scalar Technology","og_description":"La technologie E.T. 2 combat notamment les rayonnements pr\u00e9sents tels que ceux \u00e9mis par les t\u00e9l\u00e9phones mobiles, les t\u00e9l\u00e9phones DECT ou les antennes-relais.","og_url":"https:\/\/www.aurorscalartechnology.com\/fr\/produit\/la-technologie-e-t-2-combat-notamment-les-rayonnements-presents\/","og_site_name":"Auror Scalar Technology","article_modified_time":"2025-11-14T13:49:19+00:00","og_image":[{"width":2560,"height":1631,"url":"https:\/\/www.aurorscalartechnology.com\/wp-content\/uploads\/2023\/08\/E.T.2-scaled.jpg","type":"image\/jpeg"}],"twitter_card":"summary_large_image","twitter_misc":{"Dur\u00e9e de lecture estim\u00e9e":"4 minutes"},"schema":{"@context":"https:\/\/schema.org","@graph":[{"@type":"WebPage","@id":"https:\/\/www.aurorscalartechnology.com\/fr\/produit\/la-technologie-e-t-2-combat-notamment-les-rayonnements-presents\/","url":"https:\/\/www.aurorscalartechnology.com\/fr\/produit\/la-technologie-e-t-2-combat-notamment-les-rayonnements-presents\/","name":"E. T. 2 suppresseur domestique et appareil \u00e0 fr\u00e9quence \u20ac 1850,00 - Auror Scalar Technology","isPartOf":{"@id":"https:\/\/www.aurorscalartechnology.com\/fr\/#website"},"primaryImageOfPage":{"@id":"https:\/\/www.aurorscalartechnology.com\/fr\/produit\/la-technologie-e-t-2-combat-notamment-les-rayonnements-presents\/#primaryimage"},"image":{"@id":"https:\/\/www.aurorscalartechnology.com\/fr\/produit\/la-technologie-e-t-2-combat-notamment-les-rayonnements-presents\/#primaryimage"},"thumbnailUrl":"https:\/\/www.aurorscalartechnology.com\/wp-content\/uploads\/2023\/08\/E.T.2-scaled.jpg","datePublished":"2024-07-01T08:26:39+00:00","dateModified":"2025-11-14T13:49:19+00:00","description":"La technologie E.T. 2 combat notamment les rayonnements pr\u00e9sents tels que ceux \u00e9mis par les t\u00e9l\u00e9phones mobiles, les t\u00e9l\u00e9phones DECT ou les antennes-relais.","breadcrumb":{"@id":"https:\/\/www.aurorscalartechnology.com\/fr\/produit\/la-technologie-e-t-2-combat-notamment-les-rayonnements-presents\/#breadcrumb"},"inLanguage":"fr-FR","potentialAction":[{"@type":"ReadAction","target":["https:\/\/www.aurorscalartechnology.com\/fr\/produit\/la-technologie-e-t-2-combat-notamment-les-rayonnements-presents\/"]}]},{"@type":"ImageObject","inLanguage":"fr-FR","@id":"https:\/\/www.aurorscalartechnology.com\/fr\/produit\/la-technologie-e-t-2-combat-notamment-les-rayonnements-presents\/#primaryimage","url":"https:\/\/www.aurorscalartechnology.com\/wp-content\/uploads\/2023\/08\/E.T.2-scaled.jpg","contentUrl":"https:\/\/www.aurorscalartechnology.com\/wp-content\/uploads\/2023\/08\/E.T.2-scaled.jpg","width":2560,"height":1631},{"@type":"BreadcrumbList","@id":"https:\/\/www.aurorscalartechnology.com\/fr\/produit\/la-technologie-e-t-2-combat-notamment-les-rayonnements-presents\/#breadcrumb","itemListElement":[{"@type":"ListItem","position":1,"name":"Home","item":"https:\/\/www.aurorscalartechnology.com\/fr\/"},{"@type":"ListItem","position":2,"name":"Boutique","item":"https:\/\/www.aurorscalartechnology.com\/fr\/boutique\/"},{"@type":"ListItem","position":3,"name":"E. T. 2 suppresseur domestique et appareil \u00e0 fr\u00e9quence \u20ac 1850,00"}]},{"@type":"WebSite","@id":"https:\/\/www.aurorscalartechnology.com\/fr\/#website","url":"https:\/\/www.aurorscalartechnology.com\/fr\/","name":"Auror Scalar Technology","description":"","potentialAction":[{"@type":"SearchAction","target":{"@type":"EntryPoint","urlTemplate":"https:\/\/www.aurorscalartechnology.com\/fr\/?s={search_term_string}"},"query-input":{"@type":"PropertyValueSpecification","valueRequired":true,"valueName":"search_term_string"}}],"inLanguage":"fr-FR"}]}},"_links":{"self":[{"href":"https:\/\/www.aurorscalartechnology.com\/fr\/wp-json\/wp\/v2\/product\/26645","targetHints":{"allow":["GET"]}}],"collection":[{"href":"https:\/\/www.aurorscalartechnology.com\/fr\/wp-json\/wp\/v2\/product"}],"about":[{"href":"https:\/\/www.aurorscalartechnology.com\/fr\/wp-json\/wp\/v2\/types\/product"}],"version-history":[{"count":10,"href":"https:\/\/www.aurorscalartechnology.com\/fr\/wp-json\/wp\/v2\/product\/26645\/revisions"}],"predecessor-version":[{"id":26657,"href":"https:\/\/www.aurorscalartechnology.com\/fr\/wp-json\/wp\/v2\/product\/26645\/revisions\/26657"}],"wp:featuredmedia":[{"embeddable":true,"href":"https:\/\/www.aurorscalartechnology.com\/fr\/wp-json\/wp\/v2\/media\/25828"}],"wp:attachment":[{"href":"https:\/\/www.aurorscalartechnology.com\/fr\/wp-json\/wp\/v2\/media?parent=26645"}],"wp:term":[{"taxonomy":"product_cat","embeddable":true,"href":"https:\/\/www.aurorscalartechnology.com\/fr\/wp-json\/wp\/v2\/product_cat?post=26645"},{"taxonomy":"product_tag","embeddable":true,"href":"https:\/\/www.aurorscalartechnology.com\/fr\/wp-json\/wp\/v2\/product_tag?post=26645"}],"curies":[{"name":"wp","href":"https:\/\/api.w.org\/{rel}","templated":true}]}}