{"id":26686,"date":"2023-08-08T08:44:57","date_gmt":"2023-08-08T08:44:57","guid":{"rendered":"https:\/\/www.aurorscalartechnology.com\/?post_type=product&#038;p=26686"},"modified":"2026-03-03T10:41:52","modified_gmt":"2026-03-03T09:41:52","slug":"haargroeiolie-haargroei-serum-met-methylene-blue-methyleenblauw-250ml-e7000","status":"publish","type":"product","link":"https:\/\/www.aurorscalartechnology.com\/fr\/produit\/haargroeiolie-haargroei-serum-met-methylene-blue-methyleenblauw-250ml-e7000\/","title":{"rendered":"Huile\/s\u00e9rum pour la croissance des cheveux au bleu de m\u00e9thyl\u00e8ne"},"content":{"rendered":"\t\t<div data-elementor-type=\"wp-post\" data-elementor-id=\"26686\" class=\"elementor elementor-26686 elementor-1283\">\n\t\t\t\t\t\t<section class=\"elementor-section elementor-top-section elementor-element elementor-element-ac98f48 elementor-section-boxed elementor-section-height-default elementor-section-height-default\" data-id=\"ac98f48\" data-element_type=\"section\" data-e-type=\"section\">\n\t\t\t\t\t\t<div class=\"elementor-container elementor-column-gap-default\">\n\t\t\t\t\t<div class=\"elementor-column elementor-col-33 elementor-top-column elementor-element elementor-element-a9c3cf6\" data-id=\"a9c3cf6\" data-element_type=\"column\" data-e-type=\"column\">\n\t\t\t<div class=\"elementor-widget-wrap elementor-element-populated\">\n\t\t\t\t\t\t<div class=\"elementor-element elementor-element-5e343f4 elementor-widget elementor-widget-pressmart-heading\" data-id=\"5e343f4\" data-element_type=\"widget\" data-e-type=\"widget\" data-widget_type=\"pressmart-heading.default\">\n\t\t\t\t<div class=\"elementor-widget-container\">\n\t\t\t\t\t<div id=\"pressmart-header-95547\" class=\"pressmart-element pressmart-heading text-left separator-none separator-between-heading\">\t\n\t\t\t\n\t\t\t<div class=\"heading-wrap\">\n\t\t\t<span class=\"separator-left\"><\/span>\n\t\t\t<h4 class=\"heading-title\">S\u00e9rum capillaire (produit favorisant la pousse des cheveux) \u00e0 base de bleu de m\u00e9thyl\u00e8ne pour une pousse plus dense et des cheveux plus \u00e9pais et plus sains<\/h4>\t\t\t<span class=\"separator-right\"><\/span>\n\t\t\t\t\t<\/div>\n\t\t\n    <\/div>\t\t\t\t<\/div>\n\t\t\t\t<\/div>\n\t\t\t\t<div class=\"elementor-element elementor-element-93eceae elementor-widget elementor-widget-text-editor\" data-id=\"93eceae\" data-element_type=\"widget\" data-e-type=\"widget\" data-widget_type=\"text-editor.default\">\n\t\t\t\t<div class=\"elementor-widget-container\">\n\t\t\t\t\t\t\t\t\t<p>Ce produit est destin\u00e9 \u00e0 stimuler et \u00e0 nettoyer le cuir chevelu, ce qui permet de redonner brillance et volume \u00e0 vos cheveux et d&rsquo;am\u00e9liorer leur sant\u00e9. Il est \u00e9galement possible pour les personnes ayant des cheveux fins ou qui sont chauves de voir leurs cheveux repousser progressivement. Ces r\u00e9sultats seront visibles dans un d\u00e9lai de 2 \u00e0 6 mois. Pour obtenir de bons r\u00e9sultats, utilisez l&rsquo;huile au moins 5 \u00e0 7 fois par semaine pendant les premiers mois. Massez l\u00e9g\u00e8rement l&rsquo;huile sur les zones \u00e0 traiter, de pr\u00e9f\u00e9rence le soir avant de vous coucher. Bien s\u00fbr, les r\u00e9sultats ne seront pas les m\u00eames pour tout le monde, car chaque personne est diff\u00e9rente et r\u00e9agira donc diff\u00e9remment.<\/p><p>Que fait l&rsquo;huile\/le s\u00e9rum pour la croissance des cheveux<\/p><ul><li>Stimule des cheveux plus volumineux et plus \u00e9pais<\/li><li>Restaure la sant\u00e9 des cheveux et du cuir chevelu<\/li><li>R\u00e9pare les cheveux secs, ab\u00eem\u00e9s et cassants<\/li><li>Active la croissance des cheveux.<\/li><\/ul><p>Si vous recherchez un moyen naturel de favoriser la croissance des cheveux, le bleu de m\u00e9thyl\u00e8ne associ\u00e9 aux substances mentionn\u00e9es ci-dessus peut \u00eatre la solution qu&rsquo;il vous faut. Le bleu de m\u00e9thyl\u00e8ne est un m\u00e9dicament souvent utilis\u00e9 en m\u00e9decine \u00e0 des fins diverses, notamment pour colorer les tissus, traiter la m\u00e9th\u00e9moglobin\u00e9mie et comme antifongique. Cependant, des \u00e9tudes r\u00e9centes ont montr\u00e9 que le bleu de m\u00e9thyl\u00e8ne peut avoir des effets b\u00e9n\u00e9fiques sur la croissance des cheveux.<\/p><p>Des recherches sugg\u00e8rent que le bleu de m\u00e9thyl\u00e8ne aide \u00e0 stimuler la croissance des cheveux en augmentant l&rsquo;apport sanguin au cuir chevelu et en stimulant l&rsquo;activit\u00e9 des follicules pileux.<\/p>\t\t\t\t\t\t\t\t<\/div>\n\t\t\t\t<\/div>\n\t\t\t\t\t<\/div>\n\t\t<\/div>\n\t\t\t\t<div class=\"elementor-column elementor-col-33 elementor-top-column elementor-element elementor-element-ca81899\" data-id=\"ca81899\" data-element_type=\"column\" data-e-type=\"column\">\n\t\t\t<div class=\"elementor-widget-wrap elementor-element-populated\">\n\t\t\t\t\t\t<div class=\"elementor-element elementor-element-9eb8d12 elementor-widget elementor-widget-pressmart-heading\" data-id=\"9eb8d12\" data-element_type=\"widget\" data-e-type=\"widget\" data-widget_type=\"pressmart-heading.default\">\n\t\t\t\t<div class=\"elementor-widget-container\">\n\t\t\t\t\t<div id=\"pressmart-header-12895\" class=\"pressmart-element pressmart-heading text-left separator-none separator-between-heading\">\t\n\t\t\t\n\t\t\t<div class=\"heading-wrap\">\n\t\t\t<span class=\"separator-left\"><\/span>\n\t\t\t<h4 class=\"heading-title\">Qu'est-ce que le bleu de m\u00e9thyl\u00e8ne?<\/h4>\t\t\t<span class=\"separator-right\"><\/span>\n\t\t\t\t\t<\/div>\n\t\t\n    <\/div>\t\t\t\t<\/div>\n\t\t\t\t<\/div>\n\t\t\t\t<div class=\"elementor-element elementor-element-7312084 elementor-widget elementor-widget-text-editor\" data-id=\"7312084\" data-element_type=\"widget\" data-e-type=\"widget\" data-widget_type=\"text-editor.default\">\n\t\t\t\t<div class=\"elementor-widget-container\">\n\t\t\t\t\t\t\t\t\t<p>Le bleu de m\u00e9thyl\u00e8ne est un colorant synth\u00e9tique, inodore et non toxique, utilis\u00e9 \u00e0 diverses fins, notamment comme m\u00e9dicament, colorant de laboratoire et colorant industriel. Il s&rsquo;agit d&rsquo;un d\u00e9riv\u00e9 de la ph\u00e9nothiazine qui contient un cycle thiazine et qui est souvent de couleur bleue. En raison de ses propri\u00e9t\u00e9s uniques et de ses diverses applications, le bleu de m\u00e9thyl\u00e8ne est devenu de plus en plus populaire dans diff\u00e9rentes industries, notamment dans le secteur de la beaut\u00e9 et de la sant\u00e9.<\/p><h4><b>Comment le bleu de m\u00e9thyl\u00e8ne favorise-t-il la pousse des cheveux ?<\/b><\/h4><p>Le bleu de m\u00e9thyl\u00e8ne est un compos\u00e9 chimique polyvalent qui trouve des applications dans divers domaines de recherche. Des \u00e9tudes r\u00e9centes ont montr\u00e9 que le bleu de m\u00e9thyl\u00e8ne poss\u00e8de \u00e9galement des propri\u00e9t\u00e9s qui favorisent la pousse et la r\u00e9paration des cheveux. Mais comment le bleu de m\u00e9thyl\u00e8ne parvient-il \u00e0 ces r\u00e9sultats ?<\/p><p>\u00a0<\/p>\t\t\t\t\t\t\t\t<\/div>\n\t\t\t\t<\/div>\n\t\t\t\t<div class=\"elementor-element elementor-element-ca08910 elementor-widget elementor-widget-pressmart-heading\" data-id=\"ca08910\" data-element_type=\"widget\" data-e-type=\"widget\" data-widget_type=\"pressmart-heading.default\">\n\t\t\t\t<div class=\"elementor-widget-container\">\n\t\t\t\t\t<div id=\"pressmart-header-33265\" class=\"pressmart-element pressmart-heading text-left separator-none separator-between-heading\">\t\n\t\t\t\n\t\t\t<div class=\"heading-wrap\">\n\t\t\t<span class=\"separator-left\"><\/span>\n\t\t\t<h4 class=\"heading-title\">Comment le bleu de m\u00e9thyl\u00e8ne favorise-t-il la pousse des cheveux ?<\/h4>\t\t\t<span class=\"separator-right\"><\/span>\n\t\t\t\t\t<\/div>\n\t\t\n    <\/div>\t\t\t\t<\/div>\n\t\t\t\t<\/div>\n\t\t\t\t<div class=\"elementor-element elementor-element-a0a335d elementor-widget elementor-widget-text-editor\" data-id=\"a0a335d\" data-element_type=\"widget\" data-e-type=\"widget\" data-widget_type=\"text-editor.default\">\n\t\t\t\t<div class=\"elementor-widget-container\">\n\t\t\t\t\t\t\t\t\t<p>Le bleu de m\u00e9thyl\u00e8ne est un compos\u00e9 chimique polyvalent qui trouve des applications dans divers domaines de recherche. Des \u00e9tudes r\u00e9centes ont montr\u00e9 que le bleu de m\u00e9thyl\u00e8ne poss\u00e8de \u00e9galement des propri\u00e9t\u00e9s qui favorisent la pousse et la r\u00e9g\u00e9n\u00e9ration des cheveux. Mais comment le bleu de m\u00e9thyl\u00e8ne parvient-il \u00e0 ces r\u00e9sultats ?<\/p>\t\t\t\t\t\t\t\t<\/div>\n\t\t\t\t<\/div>\n\t\t\t\t\t<\/div>\n\t\t<\/div>\n\t\t\t\t<div class=\"elementor-column elementor-col-33 elementor-top-column elementor-element elementor-element-c29160e\" data-id=\"c29160e\" data-element_type=\"column\" data-e-type=\"column\">\n\t\t\t<div class=\"elementor-widget-wrap elementor-element-populated\">\n\t\t\t\t\t\t<div class=\"elementor-element elementor-element-cb727b6 elementor-widget elementor-widget-pressmart-heading\" data-id=\"cb727b6\" data-element_type=\"widget\" data-e-type=\"widget\" data-widget_type=\"pressmart-heading.default\">\n\t\t\t\t<div class=\"elementor-widget-container\">\n\t\t\t\t\t<div id=\"pressmart-header-87973\" class=\"pressmart-element pressmart-heading text-left separator-none separator-between-heading\">\t\n\t\t\t\n\t\t\t<div class=\"heading-wrap\">\n\t\t\t<span class=\"separator-left\"><\/span>\n\t\t\t<h4 class=\"heading-title\">Stimule les follicules pileux<\/h4>\t\t\t<span class=\"separator-right\"><\/span>\n\t\t\t\t\t<\/div>\n\t\t\n    <\/div>\t\t\t\t<\/div>\n\t\t\t\t<\/div>\n\t\t\t\t<div class=\"elementor-element elementor-element-019da56 elementor-widget elementor-widget-text-editor\" data-id=\"019da56\" data-element_type=\"widget\" data-e-type=\"widget\" data-widget_type=\"text-editor.default\">\n\t\t\t\t<div class=\"elementor-widget-container\">\n\t\t\t\t\t\t\t\t\t<p>Le bleu de m\u00e9thyl\u00e8ne stimule les follicules pileux en augmentant la production d&rsquo;ad\u00e9nosine triphosphate (ATP), une mol\u00e9cule responsable de l&rsquo;apport d&rsquo;\u00e9nergie aux cellules. En augmentant les niveaux d&rsquo;ATP dans les follicules pileux, le bleu de m\u00e9thyl\u00e8ne favorise le m\u00e9tabolisme cellulaire, ce qui entra\u00eene une augmentation de la croissance des cheveux.<br \/>De plus, ce compos\u00e9 augmente \u00e9galement la production d&rsquo;esp\u00e8ces r\u00e9actives de l&rsquo;oxyg\u00e8ne (ERO), connues pour am\u00e9liorer la croissance des cheveux. Les mol\u00e9cules ERO contribuent \u00e0 cr\u00e9er un environnement id\u00e9al pour la croissance des cheveux en favorisant l&rsquo;activit\u00e9 antioxydante et en r\u00e9duisant le stress oxydatif, qui peut inhiber la croissance et la r\u00e9g\u00e9n\u00e9ration des follicules pileux.<\/p><p>\u00a0<\/p>\t\t\t\t\t\t\t\t<\/div>\n\t\t\t\t<\/div>\n\t\t\t\t\t<\/div>\n\t\t<\/div>\n\t\t\t\t\t<\/div>\n\t\t<\/section>\n\t\t\t\t<\/div>\n\t\t","protected":false},"excerpt":{"rendered":"<p><b>Description<\/b><\/p>\n<p>\u2022 Stimule la pousse de cheveux plus volumineux et plus \u00e9pais<\/p>\n<p>\u2022 Restaure la sant\u00e9 des cheveux et du cuir chevelu<\/p>\n<p>\u2022 R\u00e9pare les cheveux secs, ab\u00eem\u00e9s et cassants<\/p>\n<p>\u2022 Active la pousse des cheveux.<\/p>\n<p>Ingr\u00e9dients du s\u00e9rum pour la croissance des cheveux :<\/p>\n<p>Huile de Bhringraj, p\u00e9trole, bleu de m\u00e9thyl\u00e8ne, niacinamide, caf\u00e9ine, vaseline, huile de jojoba, camphre, huile d&rsquo;argan, carbone et huile d&rsquo;amande.<\/p>\n","protected":false},"featured_media":19868,"template":"","meta":[],"product_cat":[378,249],"product_tag":[],"class_list":{"0":"post-26686","1":"product","2":"type-product","3":"status-publish","4":"has-post-thumbnail","6":"product_cat-produit-de-croissance-capillaire","7":"product_cat-tous-les-produits","8":"product_shipping_class-post","10":"first","11":"instock","12":"taxable","13":"shipping-taxable","14":"purchasable","15":"product-type-variable","16":"has-default-attributes"},"yoast_head":"<!-- This site is optimized with the Yoast SEO plugin v27.4 - https:\/\/yoast.com\/product\/yoast-seo-wordpress\/ -->\n<title>Huile\/s\u00e9rum pour la croissance des cheveux au bleu de m\u00e9thyl\u00e8ne - Auror Scalar Technology<\/title>\n<meta name=\"description\" content=\"Haarserum (haargroei middel) met Methyleenblauw voor haargroei en dikker en gezonder haar\" \/>\n<meta name=\"robots\" content=\"index, follow, max-snippet:-1, max-image-preview:large, max-video-preview:-1\" \/>\n<link rel=\"canonical\" href=\"https:\/\/www.aurorscalartechnology.com\/fr\/produit\/haargroeiolie-haargroei-serum-met-methylene-blue-methyleenblauw-250ml-e7000\/\" \/>\n<meta property=\"og:locale\" content=\"fr_FR\" \/>\n<meta property=\"og:type\" content=\"article\" \/>\n<meta property=\"og:title\" content=\"Huile\/s\u00e9rum pour la croissance des cheveux au bleu de m\u00e9thyl\u00e8ne - Auror Scalar Technology\" \/>\n<meta property=\"og:description\" content=\"Haarserum (haargroei middel) met Methyleenblauw voor haargroei en dikker en gezonder haar\" \/>\n<meta property=\"og:url\" content=\"https:\/\/www.aurorscalartechnology.com\/fr\/produit\/haargroeiolie-haargroei-serum-met-methylene-blue-methyleenblauw-250ml-e7000\/\" \/>\n<meta property=\"og:site_name\" content=\"Auror Scalar Technology\" \/>\n<meta property=\"article:modified_time\" content=\"2026-03-03T09:41:52+00:00\" \/>\n<meta property=\"og:image\" content=\"https:\/\/www.aurorscalartechnology.com\/wp-content\/uploads\/2023\/08\/Haargroei-scaled.jpg\" \/>\n\t<meta property=\"og:image:width\" content=\"1877\" \/>\n\t<meta property=\"og:image:height\" content=\"2560\" \/>\n\t<meta property=\"og:image:type\" content=\"image\/jpeg\" \/>\n<meta name=\"twitter:card\" content=\"summary_large_image\" \/>\n<meta name=\"twitter:label1\" content=\"Dur\u00e9e de lecture estim\u00e9e\" \/>\n\t<meta name=\"twitter:data1\" content=\"4 minutes\" \/>\n<script type=\"application\/ld+json\" class=\"yoast-schema-graph\">{\"@context\":\"https:\\\/\\\/schema.org\",\"@graph\":[{\"@type\":\"WebPage\",\"@id\":\"https:\\\/\\\/www.aurorscalartechnology.com\\\/fr\\\/produit\\\/haargroeiolie-haargroei-serum-met-methylene-blue-methyleenblauw-250ml-e7000\\\/\",\"url\":\"https:\\\/\\\/www.aurorscalartechnology.com\\\/fr\\\/produit\\\/haargroeiolie-haargroei-serum-met-methylene-blue-methyleenblauw-250ml-e7000\\\/\",\"name\":\"Huile\\\/s\u00e9rum pour la croissance des cheveux au bleu de m\u00e9thyl\u00e8ne - Auror Scalar Technology\",\"isPartOf\":{\"@id\":\"https:\\\/\\\/www.aurorscalartechnology.com\\\/fr\\\/#website\"},\"primaryImageOfPage\":{\"@id\":\"https:\\\/\\\/www.aurorscalartechnology.com\\\/fr\\\/produit\\\/haargroeiolie-haargroei-serum-met-methylene-blue-methyleenblauw-250ml-e7000\\\/#primaryimage\"},\"image\":{\"@id\":\"https:\\\/\\\/www.aurorscalartechnology.com\\\/fr\\\/produit\\\/haargroeiolie-haargroei-serum-met-methylene-blue-methyleenblauw-250ml-e7000\\\/#primaryimage\"},\"thumbnailUrl\":\"https:\\\/\\\/www.aurorscalartechnology.com\\\/wp-content\\\/uploads\\\/2023\\\/08\\\/Haargroei-scaled.jpg\",\"datePublished\":\"2023-08-08T08:44:57+00:00\",\"dateModified\":\"2026-03-03T09:41:52+00:00\",\"description\":\"Haarserum (haargroei middel) met Methyleenblauw voor haargroei en dikker en gezonder haar\",\"breadcrumb\":{\"@id\":\"https:\\\/\\\/www.aurorscalartechnology.com\\\/fr\\\/produit\\\/haargroeiolie-haargroei-serum-met-methylene-blue-methyleenblauw-250ml-e7000\\\/#breadcrumb\"},\"inLanguage\":\"fr-FR\",\"potentialAction\":[{\"@type\":\"ReadAction\",\"target\":[\"https:\\\/\\\/www.aurorscalartechnology.com\\\/fr\\\/produit\\\/haargroeiolie-haargroei-serum-met-methylene-blue-methyleenblauw-250ml-e7000\\\/\"]}]},{\"@type\":\"ImageObject\",\"inLanguage\":\"fr-FR\",\"@id\":\"https:\\\/\\\/www.aurorscalartechnology.com\\\/fr\\\/produit\\\/haargroeiolie-haargroei-serum-met-methylene-blue-methyleenblauw-250ml-e7000\\\/#primaryimage\",\"url\":\"https:\\\/\\\/www.aurorscalartechnology.com\\\/wp-content\\\/uploads\\\/2023\\\/08\\\/Haargroei-scaled.jpg\",\"contentUrl\":\"https:\\\/\\\/www.aurorscalartechnology.com\\\/wp-content\\\/uploads\\\/2023\\\/08\\\/Haargroei-scaled.jpg\",\"width\":1877,\"height\":2560},{\"@type\":\"BreadcrumbList\",\"@id\":\"https:\\\/\\\/www.aurorscalartechnology.com\\\/fr\\\/produit\\\/haargroeiolie-haargroei-serum-met-methylene-blue-methyleenblauw-250ml-e7000\\\/#breadcrumb\",\"itemListElement\":[{\"@type\":\"ListItem\",\"position\":1,\"name\":\"Home\",\"item\":\"https:\\\/\\\/www.aurorscalartechnology.com\\\/fr\\\/\"},{\"@type\":\"ListItem\",\"position\":2,\"name\":\"Boutique\",\"item\":\"https:\\\/\\\/www.aurorscalartechnology.com\\\/fr\\\/boutique\\\/\"},{\"@type\":\"ListItem\",\"position\":3,\"name\":\"Huile\\\/s\u00e9rum pour la croissance des cheveux au bleu de m\u00e9thyl\u00e8ne\"}]},{\"@type\":\"WebSite\",\"@id\":\"https:\\\/\\\/www.aurorscalartechnology.com\\\/fr\\\/#website\",\"url\":\"https:\\\/\\\/www.aurorscalartechnology.com\\\/fr\\\/\",\"name\":\"Auror Scalar Technology\",\"description\":\"\",\"potentialAction\":[{\"@type\":\"SearchAction\",\"target\":{\"@type\":\"EntryPoint\",\"urlTemplate\":\"https:\\\/\\\/www.aurorscalartechnology.com\\\/fr\\\/?s={search_term_string}\"},\"query-input\":{\"@type\":\"PropertyValueSpecification\",\"valueRequired\":true,\"valueName\":\"search_term_string\"}}],\"inLanguage\":\"fr-FR\"}]}<\/script>\n<!-- \/ Yoast SEO plugin. -->","yoast_head_json":{"title":"Huile\/s\u00e9rum pour la croissance des cheveux au bleu de m\u00e9thyl\u00e8ne - Auror Scalar Technology","description":"Haarserum (haargroei middel) met Methyleenblauw voor haargroei en dikker en gezonder haar","robots":{"index":"index","follow":"follow","max-snippet":"max-snippet:-1","max-image-preview":"max-image-preview:large","max-video-preview":"max-video-preview:-1"},"canonical":"https:\/\/www.aurorscalartechnology.com\/fr\/produit\/haargroeiolie-haargroei-serum-met-methylene-blue-methyleenblauw-250ml-e7000\/","og_locale":"fr_FR","og_type":"article","og_title":"Huile\/s\u00e9rum pour la croissance des cheveux au bleu de m\u00e9thyl\u00e8ne - Auror Scalar Technology","og_description":"Haarserum (haargroei middel) met Methyleenblauw voor haargroei en dikker en gezonder haar","og_url":"https:\/\/www.aurorscalartechnology.com\/fr\/produit\/haargroeiolie-haargroei-serum-met-methylene-blue-methyleenblauw-250ml-e7000\/","og_site_name":"Auror Scalar Technology","article_modified_time":"2026-03-03T09:41:52+00:00","og_image":[{"width":1877,"height":2560,"url":"https:\/\/www.aurorscalartechnology.com\/wp-content\/uploads\/2023\/08\/Haargroei-scaled.jpg","type":"image\/jpeg"}],"twitter_card":"summary_large_image","twitter_misc":{"Dur\u00e9e de lecture estim\u00e9e":"4 minutes"},"schema":{"@context":"https:\/\/schema.org","@graph":[{"@type":"WebPage","@id":"https:\/\/www.aurorscalartechnology.com\/fr\/produit\/haargroeiolie-haargroei-serum-met-methylene-blue-methyleenblauw-250ml-e7000\/","url":"https:\/\/www.aurorscalartechnology.com\/fr\/produit\/haargroeiolie-haargroei-serum-met-methylene-blue-methyleenblauw-250ml-e7000\/","name":"Huile\/s\u00e9rum pour la croissance des cheveux au bleu de m\u00e9thyl\u00e8ne - Auror Scalar Technology","isPartOf":{"@id":"https:\/\/www.aurorscalartechnology.com\/fr\/#website"},"primaryImageOfPage":{"@id":"https:\/\/www.aurorscalartechnology.com\/fr\/produit\/haargroeiolie-haargroei-serum-met-methylene-blue-methyleenblauw-250ml-e7000\/#primaryimage"},"image":{"@id":"https:\/\/www.aurorscalartechnology.com\/fr\/produit\/haargroeiolie-haargroei-serum-met-methylene-blue-methyleenblauw-250ml-e7000\/#primaryimage"},"thumbnailUrl":"https:\/\/www.aurorscalartechnology.com\/wp-content\/uploads\/2023\/08\/Haargroei-scaled.jpg","datePublished":"2023-08-08T08:44:57+00:00","dateModified":"2026-03-03T09:41:52+00:00","description":"Haarserum (haargroei middel) met Methyleenblauw voor haargroei en dikker en gezonder haar","breadcrumb":{"@id":"https:\/\/www.aurorscalartechnology.com\/fr\/produit\/haargroeiolie-haargroei-serum-met-methylene-blue-methyleenblauw-250ml-e7000\/#breadcrumb"},"inLanguage":"fr-FR","potentialAction":[{"@type":"ReadAction","target":["https:\/\/www.aurorscalartechnology.com\/fr\/produit\/haargroeiolie-haargroei-serum-met-methylene-blue-methyleenblauw-250ml-e7000\/"]}]},{"@type":"ImageObject","inLanguage":"fr-FR","@id":"https:\/\/www.aurorscalartechnology.com\/fr\/produit\/haargroeiolie-haargroei-serum-met-methylene-blue-methyleenblauw-250ml-e7000\/#primaryimage","url":"https:\/\/www.aurorscalartechnology.com\/wp-content\/uploads\/2023\/08\/Haargroei-scaled.jpg","contentUrl":"https:\/\/www.aurorscalartechnology.com\/wp-content\/uploads\/2023\/08\/Haargroei-scaled.jpg","width":1877,"height":2560},{"@type":"BreadcrumbList","@id":"https:\/\/www.aurorscalartechnology.com\/fr\/produit\/haargroeiolie-haargroei-serum-met-methylene-blue-methyleenblauw-250ml-e7000\/#breadcrumb","itemListElement":[{"@type":"ListItem","position":1,"name":"Home","item":"https:\/\/www.aurorscalartechnology.com\/fr\/"},{"@type":"ListItem","position":2,"name":"Boutique","item":"https:\/\/www.aurorscalartechnology.com\/fr\/boutique\/"},{"@type":"ListItem","position":3,"name":"Huile\/s\u00e9rum pour la croissance des cheveux au bleu de m\u00e9thyl\u00e8ne"}]},{"@type":"WebSite","@id":"https:\/\/www.aurorscalartechnology.com\/fr\/#website","url":"https:\/\/www.aurorscalartechnology.com\/fr\/","name":"Auror Scalar Technology","description":"","potentialAction":[{"@type":"SearchAction","target":{"@type":"EntryPoint","urlTemplate":"https:\/\/www.aurorscalartechnology.com\/fr\/?s={search_term_string}"},"query-input":{"@type":"PropertyValueSpecification","valueRequired":true,"valueName":"search_term_string"}}],"inLanguage":"fr-FR"}]}},"_links":{"self":[{"href":"https:\/\/www.aurorscalartechnology.com\/fr\/wp-json\/wp\/v2\/product\/26686","targetHints":{"allow":["GET"]}}],"collection":[{"href":"https:\/\/www.aurorscalartechnology.com\/fr\/wp-json\/wp\/v2\/product"}],"about":[{"href":"https:\/\/www.aurorscalartechnology.com\/fr\/wp-json\/wp\/v2\/types\/product"}],"version-history":[{"count":12,"href":"https:\/\/www.aurorscalartechnology.com\/fr\/wp-json\/wp\/v2\/product\/26686\/revisions"}],"predecessor-version":[{"id":27400,"href":"https:\/\/www.aurorscalartechnology.com\/fr\/wp-json\/wp\/v2\/product\/26686\/revisions\/27400"}],"wp:featuredmedia":[{"embeddable":true,"href":"https:\/\/www.aurorscalartechnology.com\/fr\/wp-json\/wp\/v2\/media\/19868"}],"wp:attachment":[{"href":"https:\/\/www.aurorscalartechnology.com\/fr\/wp-json\/wp\/v2\/media?parent=26686"}],"wp:term":[{"taxonomy":"product_cat","embeddable":true,"href":"https:\/\/www.aurorscalartechnology.com\/fr\/wp-json\/wp\/v2\/product_cat?post=26686"},{"taxonomy":"product_tag","embeddable":true,"href":"https:\/\/www.aurorscalartechnology.com\/fr\/wp-json\/wp\/v2\/product_tag?post=26686"}],"curies":[{"name":"wp","href":"https:\/\/api.w.org\/{rel}","templated":true}]}}