{"id":26810,"date":"2025-11-25T13:35:29","date_gmt":"2025-11-25T12:35:29","guid":{"rendered":"https:\/\/www.aurorscalartechnology.com\/?post_type=product&#038;p=26810"},"modified":"2026-04-13T10:51:57","modified_gmt":"2026-04-13T08:51:57","slug":"medbed-technology","status":"publish","type":"product","link":"https:\/\/www.aurorscalartechnology.com\/fr\/produit\/medbed-technology\/","title":{"rendered":"Medbed Technology?"},"content":{"rendered":"<p>In 2026 hebben wij een revolutionair nieuw apparaat gelanceerd \u2013 een echte gamechanger!<\/p>\n<p>Vergelijkbare apparaten bestaan al, maar dit exemplaar pakt het totaal anders aan: puur helend en regeneratief. Het draait onder andere op Magrav-technologie, Tesla spoelen en kristallen, het boost je fysiek \u00e9n mentaal. Het apparaat genereerd onder andere plasma energie, fotonen en helende scalaire golven. Er kunnen tot drie resonantiematten op aangesloten worden die je onder je hoeslaken kunt leggen voor een nachtelijk MED-bed. Ja, die MEd bedden waar al jaren over wordt gefluisterd en beloofd. Foto\u2019s vliegen de wereld over, maar ik bestaan ze wel echt: als ze \u00e9cht bestaan, waren ze er allang geweest.<\/p>\n<p>Twee matten\/lakens van 40\/40cm en van 2 meter bij 40cm lengte voor in jouw bed en een extra mat voor op je stoel. De snoeren aan de matten\/lakens, kun je beter zeggen want ze zijn heel dun en van van koolstof voorzien, dit omdat koolstof een heel goede geleider van energie is. Het gewicht van de unit is ongeveer 14 kilo en Het apparaat is in doorsnede 30 cm en 35 cm hoog. Het snoer van het apparaat naar het stopcontact is ongeveer 1.5 meter lang. De lakens zijn heel dun en omdat er koolstof in zit, moeten voorzichtig gewassen worden en ook niet te vaak. Beter is het om het alleen met een vochtig doekje te reinigen. De lakens bevatten een snoer van 2.5 meer lengte. Dubbele knock-out: het zuivert je huis van negatieve energie \u00e9n fungeert als gezondheidsbooster. Laat \u2018m dag en nacht draaien voor maximaal effect. Drie matten tegelijk is de mogelijkheid. Om de matten te bestellen moet je even in de webshop op een andere pagina kijken, want deze moet je namelijk apart bestellen, los van het apparaat.<\/p>\n<p>Het apparaat gaat \u20ac2350,00 kosten en \u00e9\u00e9n matje van 40\/40cm kost \u20ac 30,00 voor eventueel op de stoel of voor jouw huisdier en een resonantie laken voor jouw bed onder jouw hoeslaken van 2meter lang en 40 cm breed kost \u20ac 45,00<\/p>\n<p>Revolutionair? Absoluut. Mensen melden n\u00fa al dat gewrichtspijn na \u00e9\u00e9n sessie keldert. Hier mijn ervaring met dit apparaat, dat nu al te koop is, Zelf ben ik keihard onderuit gegaan: mijn 39 kilo Amerikaanse Stafford (lief als wat, maar beresterk) spot een kat, sprint ervandoor \u2013 ik erachteraan, over twee muurtjes heb ik moeten springen. Dat lukte maar half, dus knal tegen een stenen muurtje. Daarna veel pijn en mank lopen. Na \u00e9\u00e9n sessie op de mat: pijn gehalveerd, geen mank gedoe meer. Na twee-drie sessies op de mat en het probleem is opgelost. Meestal duurt zoiets enkele weken tot maanden. Ik spring weer als een jonge god! En mensen met ernstige gezondheid klachten? Na \u00e9\u00e9n ronde zie ik mensen: betere kleur, meer energie. Uiteraard is niet iedereen gelijk en zal ook niet iedereen hetzelfde reageren. Dat is het: totale regeneratie van lichaam en geest.<\/p>\n","protected":false},"excerpt":{"rendered":"<p>In januari 2026 hebben wij een revolutionair nieuw apparaat gelanceerd \u2013 een echte gamechanger!<\/p>\n<p>Vergelijkbare apparaten bestaan al, maar dit exemplaar pakt het totaal anders aan: puur helend en regeneratief. Het draait onder andere op Magrav-technologie, Tesla spoelen en kristallen, het boost je fysiek \u00e9n mentaal. Het apparaat genereerd onder andere plasma energie, fotonen en helende scalaire golven. Er kunnen tot drie resonantiematten op aangesloten worden die je onder je hoeslaken kunt leggen voor een nachtelijk MED-bed<\/p>\n","protected":false},"featured_media":27594,"template":"","meta":[],"product_cat":[240,560,565],"product_tag":[],"class_list":{"0":"post-26810","1":"product","2":"type-product","3":"status-publish","4":"has-post-thumbnail","6":"product_cat-alle-producten","7":"product_cat-apparatuur","8":"product_cat-medbed-technology","10":"first","11":"instock","12":"taxable","13":"shipping-taxable","14":"purchasable","15":"product-type-simple"},"yoast_head":"<!-- This site is optimized with the Yoast SEO plugin v27.4 - https:\/\/yoast.com\/product\/yoast-seo-wordpress\/ -->\n<title>Medbed Technology? - Auror Scalar Technology<\/title>\n<meta name=\"description\" content=\"Magrav-technologie, Tesla spoelen en kristallen, het boost je fysiek \u00e9n mentaal. Revolutionair? Mensen melden n\u00fa al dat gewrichtspijn na \u00e9\u00e9n sessie keldert.\" \/>\n<meta name=\"robots\" content=\"index, follow, max-snippet:-1, max-image-preview:large, max-video-preview:-1\" \/>\n<link rel=\"canonical\" href=\"https:\/\/www.aurorscalartechnology.com\/fr\/produit\/medbed-technology\/\" \/>\n<meta property=\"og:locale\" content=\"fr_FR\" \/>\n<meta property=\"og:type\" content=\"article\" \/>\n<meta property=\"og:title\" content=\"Medbed Technology? - Auror Scalar Technology\" \/>\n<meta property=\"og:description\" content=\"Magrav-technologie, Tesla spoelen en kristallen, het boost je fysiek \u00e9n mentaal. Revolutionair? Mensen melden n\u00fa al dat gewrichtspijn na \u00e9\u00e9n sessie keldert.\" \/>\n<meta property=\"og:url\" content=\"https:\/\/www.aurorscalartechnology.com\/fr\/produit\/medbed-technology\/\" \/>\n<meta property=\"og:site_name\" content=\"Auror Scalar Technology\" \/>\n<meta property=\"article:modified_time\" content=\"2026-04-13T08:51:57+00:00\" \/>\n<meta property=\"og:image\" content=\"https:\/\/www.aurorscalartechnology.com\/wp-content\/uploads\/2025\/11\/Medbed-Foto-scaled.jpg\" \/>\n\t<meta property=\"og:image:width\" content=\"2560\" \/>\n\t<meta property=\"og:image:height\" content=\"2495\" \/>\n\t<meta property=\"og:image:type\" content=\"image\/jpeg\" \/>\n<meta name=\"twitter:card\" content=\"summary_large_image\" \/>\n<meta name=\"twitter:label1\" content=\"Dur\u00e9e de lecture estim\u00e9e\" \/>\n\t<meta name=\"twitter:data1\" content=\"3 minutes\" \/>\n<script type=\"application\/ld+json\" class=\"yoast-schema-graph\">{\"@context\":\"https:\\\/\\\/schema.org\",\"@graph\":[{\"@type\":\"WebPage\",\"@id\":\"https:\\\/\\\/www.aurorscalartechnology.com\\\/fr\\\/produit\\\/medbed-technology\\\/\",\"url\":\"https:\\\/\\\/www.aurorscalartechnology.com\\\/fr\\\/produit\\\/medbed-technology\\\/\",\"name\":\"Medbed Technology? - Auror Scalar Technology\",\"isPartOf\":{\"@id\":\"https:\\\/\\\/www.aurorscalartechnology.com\\\/fr\\\/#website\"},\"primaryImageOfPage\":{\"@id\":\"https:\\\/\\\/www.aurorscalartechnology.com\\\/fr\\\/produit\\\/medbed-technology\\\/#primaryimage\"},\"image\":{\"@id\":\"https:\\\/\\\/www.aurorscalartechnology.com\\\/fr\\\/produit\\\/medbed-technology\\\/#primaryimage\"},\"thumbnailUrl\":\"https:\\\/\\\/www.aurorscalartechnology.com\\\/wp-content\\\/uploads\\\/2025\\\/11\\\/Medbed-Foto-scaled.jpg\",\"datePublished\":\"2025-11-25T12:35:29+00:00\",\"dateModified\":\"2026-04-13T08:51:57+00:00\",\"description\":\"Magrav-technologie, Tesla spoelen en kristallen, het boost je fysiek \u00e9n mentaal. Revolutionair? Mensen melden n\u00fa al dat gewrichtspijn na \u00e9\u00e9n sessie keldert.\",\"breadcrumb\":{\"@id\":\"https:\\\/\\\/www.aurorscalartechnology.com\\\/fr\\\/produit\\\/medbed-technology\\\/#breadcrumb\"},\"inLanguage\":\"fr-FR\",\"potentialAction\":[{\"@type\":\"ReadAction\",\"target\":[\"https:\\\/\\\/www.aurorscalartechnology.com\\\/fr\\\/produit\\\/medbed-technology\\\/\"]}]},{\"@type\":\"ImageObject\",\"inLanguage\":\"fr-FR\",\"@id\":\"https:\\\/\\\/www.aurorscalartechnology.com\\\/fr\\\/produit\\\/medbed-technology\\\/#primaryimage\",\"url\":\"https:\\\/\\\/www.aurorscalartechnology.com\\\/wp-content\\\/uploads\\\/2025\\\/11\\\/Medbed-Foto-scaled.jpg\",\"contentUrl\":\"https:\\\/\\\/www.aurorscalartechnology.com\\\/wp-content\\\/uploads\\\/2025\\\/11\\\/Medbed-Foto-scaled.jpg\",\"width\":2560,\"height\":2495},{\"@type\":\"BreadcrumbList\",\"@id\":\"https:\\\/\\\/www.aurorscalartechnology.com\\\/fr\\\/produit\\\/medbed-technology\\\/#breadcrumb\",\"itemListElement\":[{\"@type\":\"ListItem\",\"position\":1,\"name\":\"Home\",\"item\":\"https:\\\/\\\/www.aurorscalartechnology.com\\\/fr\\\/\"},{\"@type\":\"ListItem\",\"position\":2,\"name\":\"Boutique\",\"item\":\"https:\\\/\\\/www.aurorscalartechnology.com\\\/fr\\\/boutique\\\/\"},{\"@type\":\"ListItem\",\"position\":3,\"name\":\"Medbed Technology?\"}]},{\"@type\":\"WebSite\",\"@id\":\"https:\\\/\\\/www.aurorscalartechnology.com\\\/fr\\\/#website\",\"url\":\"https:\\\/\\\/www.aurorscalartechnology.com\\\/fr\\\/\",\"name\":\"Auror Scalar Technology\",\"description\":\"\",\"potentialAction\":[{\"@type\":\"SearchAction\",\"target\":{\"@type\":\"EntryPoint\",\"urlTemplate\":\"https:\\\/\\\/www.aurorscalartechnology.com\\\/fr\\\/?s={search_term_string}\"},\"query-input\":{\"@type\":\"PropertyValueSpecification\",\"valueRequired\":true,\"valueName\":\"search_term_string\"}}],\"inLanguage\":\"fr-FR\"}]}<\/script>\n<!-- \/ Yoast SEO plugin. -->","yoast_head_json":{"title":"Medbed Technology? - Auror Scalar Technology","description":"Magrav-technologie, Tesla spoelen en kristallen, het boost je fysiek \u00e9n mentaal. Revolutionair? Mensen melden n\u00fa al dat gewrichtspijn na \u00e9\u00e9n sessie keldert.","robots":{"index":"index","follow":"follow","max-snippet":"max-snippet:-1","max-image-preview":"max-image-preview:large","max-video-preview":"max-video-preview:-1"},"canonical":"https:\/\/www.aurorscalartechnology.com\/fr\/produit\/medbed-technology\/","og_locale":"fr_FR","og_type":"article","og_title":"Medbed Technology? - Auror Scalar Technology","og_description":"Magrav-technologie, Tesla spoelen en kristallen, het boost je fysiek \u00e9n mentaal. Revolutionair? Mensen melden n\u00fa al dat gewrichtspijn na \u00e9\u00e9n sessie keldert.","og_url":"https:\/\/www.aurorscalartechnology.com\/fr\/produit\/medbed-technology\/","og_site_name":"Auror Scalar Technology","article_modified_time":"2026-04-13T08:51:57+00:00","og_image":[{"width":2560,"height":2495,"url":"https:\/\/www.aurorscalartechnology.com\/wp-content\/uploads\/2025\/11\/Medbed-Foto-scaled.jpg","type":"image\/jpeg"}],"twitter_card":"summary_large_image","twitter_misc":{"Dur\u00e9e de lecture estim\u00e9e":"3 minutes"},"schema":{"@context":"https:\/\/schema.org","@graph":[{"@type":"WebPage","@id":"https:\/\/www.aurorscalartechnology.com\/fr\/produit\/medbed-technology\/","url":"https:\/\/www.aurorscalartechnology.com\/fr\/produit\/medbed-technology\/","name":"Medbed Technology? - Auror Scalar Technology","isPartOf":{"@id":"https:\/\/www.aurorscalartechnology.com\/fr\/#website"},"primaryImageOfPage":{"@id":"https:\/\/www.aurorscalartechnology.com\/fr\/produit\/medbed-technology\/#primaryimage"},"image":{"@id":"https:\/\/www.aurorscalartechnology.com\/fr\/produit\/medbed-technology\/#primaryimage"},"thumbnailUrl":"https:\/\/www.aurorscalartechnology.com\/wp-content\/uploads\/2025\/11\/Medbed-Foto-scaled.jpg","datePublished":"2025-11-25T12:35:29+00:00","dateModified":"2026-04-13T08:51:57+00:00","description":"Magrav-technologie, Tesla spoelen en kristallen, het boost je fysiek \u00e9n mentaal. Revolutionair? Mensen melden n\u00fa al dat gewrichtspijn na \u00e9\u00e9n sessie keldert.","breadcrumb":{"@id":"https:\/\/www.aurorscalartechnology.com\/fr\/produit\/medbed-technology\/#breadcrumb"},"inLanguage":"fr-FR","potentialAction":[{"@type":"ReadAction","target":["https:\/\/www.aurorscalartechnology.com\/fr\/produit\/medbed-technology\/"]}]},{"@type":"ImageObject","inLanguage":"fr-FR","@id":"https:\/\/www.aurorscalartechnology.com\/fr\/produit\/medbed-technology\/#primaryimage","url":"https:\/\/www.aurorscalartechnology.com\/wp-content\/uploads\/2025\/11\/Medbed-Foto-scaled.jpg","contentUrl":"https:\/\/www.aurorscalartechnology.com\/wp-content\/uploads\/2025\/11\/Medbed-Foto-scaled.jpg","width":2560,"height":2495},{"@type":"BreadcrumbList","@id":"https:\/\/www.aurorscalartechnology.com\/fr\/produit\/medbed-technology\/#breadcrumb","itemListElement":[{"@type":"ListItem","position":1,"name":"Home","item":"https:\/\/www.aurorscalartechnology.com\/fr\/"},{"@type":"ListItem","position":2,"name":"Boutique","item":"https:\/\/www.aurorscalartechnology.com\/fr\/boutique\/"},{"@type":"ListItem","position":3,"name":"Medbed Technology?"}]},{"@type":"WebSite","@id":"https:\/\/www.aurorscalartechnology.com\/fr\/#website","url":"https:\/\/www.aurorscalartechnology.com\/fr\/","name":"Auror Scalar Technology","description":"","potentialAction":[{"@type":"SearchAction","target":{"@type":"EntryPoint","urlTemplate":"https:\/\/www.aurorscalartechnology.com\/fr\/?s={search_term_string}"},"query-input":{"@type":"PropertyValueSpecification","valueRequired":true,"valueName":"search_term_string"}}],"inLanguage":"fr-FR"}]}},"_links":{"self":[{"href":"https:\/\/www.aurorscalartechnology.com\/fr\/wp-json\/wp\/v2\/product\/26810","targetHints":{"allow":["GET"]}}],"collection":[{"href":"https:\/\/www.aurorscalartechnology.com\/fr\/wp-json\/wp\/v2\/product"}],"about":[{"href":"https:\/\/www.aurorscalartechnology.com\/fr\/wp-json\/wp\/v2\/types\/product"}],"version-history":[{"count":52,"href":"https:\/\/www.aurorscalartechnology.com\/fr\/wp-json\/wp\/v2\/product\/26810\/revisions"}],"predecessor-version":[{"id":27449,"href":"https:\/\/www.aurorscalartechnology.com\/fr\/wp-json\/wp\/v2\/product\/26810\/revisions\/27449"}],"wp:featuredmedia":[{"embeddable":true,"href":"https:\/\/www.aurorscalartechnology.com\/fr\/wp-json\/wp\/v2\/media\/27594"}],"wp:attachment":[{"href":"https:\/\/www.aurorscalartechnology.com\/fr\/wp-json\/wp\/v2\/media?parent=26810"}],"wp:term":[{"taxonomy":"product_cat","embeddable":true,"href":"https:\/\/www.aurorscalartechnology.com\/fr\/wp-json\/wp\/v2\/product_cat?post=26810"},{"taxonomy":"product_tag","embeddable":true,"href":"https:\/\/www.aurorscalartechnology.com\/fr\/wp-json\/wp\/v2\/product_tag?post=26810"}],"curies":[{"name":"wp","href":"https:\/\/api.w.org\/{rel}","templated":true}]}}