{"id":27776,"date":"2026-05-12T14:04:21","date_gmt":"2026-05-12T12:04:21","guid":{"rendered":"https:\/\/www.aurorscalartechnology.com\/?post_type=product&#038;p=27776"},"modified":"2026-05-12T14:12:26","modified_gmt":"2026-05-12T12:12:26","slug":"generateur-tensor-flower-of-life","status":"publish","type":"product","link":"https:\/\/www.aurorscalartechnology.com\/fr\/produit\/generateur-tensor-flower-of-life\/","title":{"rendered":"G\u00e9n\u00e9rateur Tensor Flower of Life"},"content":{"rendered":"","protected":false},"excerpt":{"rendered":"<p>G\u00e9n\u00e9rateur Tensor Flower of Life<\/p>\n<h5>Prix : 275,00 \u20ac<\/h5>\n<p>Ce Flower of Life peut \u00eatre connect\u00e9 au syst\u00e8me MedBed et \u00e9mettra ainsi un champ plus puissant que sans le syst\u00e8me MedBed. L&rsquo;appareil se compose de fils de cuivre \u00e9tam\u00e9s et de fils de cuivre rouges, et son diam\u00e8tre est de 27 centim\u00e8tres<\/p>\n<p>Le Flower of Life a notamment les effets suivants :<\/p>\n<p>* am\u00e9liore votre \u00e9nergie int\u00e9rieure<\/p>\n<p>* aide \u00e0 \u00e9quilibrer le champ \u00e9nerg\u00e9tique<\/p>\n<p>* aide \u00e0 l&rsquo;ancrage<\/p>\n<p>* aide \u00e0 puiser dans votre force int\u00e9rieure<\/p>\n<p>* aide \u00e0 ouvrir la glande pin\u00e9ale<\/p>\n<p>* aide \u00e0 entrer en contact avec l&rsquo;invisible<\/p>\n<p>* est efficace pour renforcer le syst\u00e8me immunitaire<\/p>\n<p>* aide \u00e0 attirer le mat\u00e9riel<\/p>\n<p>* a un effet apaisant et calmant<\/p>\n<p><sup>*<\/sup> aide \u00e0 \u00e9quilibrer le cerveau<\/p>\n","protected":false},"featured_media":27766,"template":"","meta":[],"product_cat":[218],"product_tag":[],"class_list":{"0":"post-27776","1":"product","2":"type-product","3":"status-publish","4":"has-post-thumbnail","6":"product_cat-non-classifiee","8":"first","9":"instock","10":"taxable","11":"shipping-taxable","12":"product-type-simple"},"yoast_head":"<!-- This site is optimized with the Yoast SEO plugin v27.6 - https:\/\/yoast.com\/product\/yoast-seo-wordpress\/ -->\n<title>G\u00e9n\u00e9rateur Tensor Flower of Life - Auror Scalar Technology<\/title>\n<meta name=\"robots\" content=\"index, follow, max-snippet:-1, max-image-preview:large, max-video-preview:-1\" \/>\n<link rel=\"canonical\" href=\"https:\/\/www.aurorscalartechnology.com\/fr\/produit\/generateur-tensor-flower-of-life\/\" \/>\n<meta property=\"og:locale\" content=\"fr_FR\" \/>\n<meta property=\"og:type\" content=\"article\" \/>\n<meta property=\"og:title\" content=\"G\u00e9n\u00e9rateur Tensor Flower of Life - Auror Scalar Technology\" \/>\n<meta property=\"og:description\" content=\"G\u00e9n\u00e9rateur Tensor Flower of Life Prix : 275,00 \u20ac Ce Flower of Life peut \u00eatre connect\u00e9 au syst\u00e8me MedBed et \u00e9mettra ainsi un champ plus puissant que sans le syst\u00e8me MedBed. L&#039;appareil se compose de fils de cuivre \u00e9tam\u00e9s et de fils de cuivre rouges, et son diam\u00e8tre est de 27 centim\u00e8tres  Le Flower of Life a notamment les effets suivants :  * am\u00e9liore votre \u00e9nergie int\u00e9rieure  * aide \u00e0 \u00e9quilibrer le champ \u00e9nerg\u00e9tique  * aide \u00e0 l&#039;ancrage  * aide \u00e0 puiser dans votre force int\u00e9rieure  * aide \u00e0 ouvrir la glande pin\u00e9ale  * aide \u00e0 entrer en contact avec l&#039;invisible  * est efficace pour renforcer le syst\u00e8me immunitaire  * aide \u00e0 attirer le mat\u00e9riel  * a un effet apaisant et calmant  * aide \u00e0 \u00e9quilibrer le cerveau\" \/>\n<meta property=\"og:url\" content=\"https:\/\/www.aurorscalartechnology.com\/fr\/produit\/generateur-tensor-flower-of-life\/\" \/>\n<meta property=\"og:site_name\" content=\"Auror Scalar Technology\" \/>\n<meta property=\"article:modified_time\" content=\"2026-05-12T12:12:26+00:00\" \/>\n<meta property=\"og:image\" content=\"https:\/\/www.aurorscalartechnology.com\/wp-content\/uploads\/2026\/05\/Tensor-regenerator-scaled.jpg\" \/>\n\t<meta property=\"og:image:width\" content=\"1987\" \/>\n\t<meta property=\"og:image:height\" content=\"2560\" \/>\n\t<meta property=\"og:image:type\" content=\"image\/jpeg\" \/>\n<meta name=\"twitter:card\" content=\"summary_large_image\" \/>\n<script type=\"application\/ld+json\" class=\"yoast-schema-graph\">{\"@context\":\"https:\\\/\\\/schema.org\",\"@graph\":[{\"@type\":\"WebPage\",\"@id\":\"https:\\\/\\\/www.aurorscalartechnology.com\\\/fr\\\/produit\\\/generateur-tensor-flower-of-life\\\/\",\"url\":\"https:\\\/\\\/www.aurorscalartechnology.com\\\/fr\\\/produit\\\/generateur-tensor-flower-of-life\\\/\",\"name\":\"G\u00e9n\u00e9rateur Tensor Flower of Life - Auror Scalar Technology\",\"isPartOf\":{\"@id\":\"https:\\\/\\\/www.aurorscalartechnology.com\\\/fr\\\/#website\"},\"primaryImageOfPage\":{\"@id\":\"https:\\\/\\\/www.aurorscalartechnology.com\\\/fr\\\/produit\\\/generateur-tensor-flower-of-life\\\/#primaryimage\"},\"image\":{\"@id\":\"https:\\\/\\\/www.aurorscalartechnology.com\\\/fr\\\/produit\\\/generateur-tensor-flower-of-life\\\/#primaryimage\"},\"thumbnailUrl\":\"https:\\\/\\\/www.aurorscalartechnology.com\\\/wp-content\\\/uploads\\\/2026\\\/05\\\/Tensor-regenerator-scaled.jpg\",\"datePublished\":\"2026-05-12T12:04:21+00:00\",\"dateModified\":\"2026-05-12T12:12:26+00:00\",\"breadcrumb\":{\"@id\":\"https:\\\/\\\/www.aurorscalartechnology.com\\\/fr\\\/produit\\\/generateur-tensor-flower-of-life\\\/#breadcrumb\"},\"inLanguage\":\"fr-FR\",\"potentialAction\":[{\"@type\":\"ReadAction\",\"target\":[\"https:\\\/\\\/www.aurorscalartechnology.com\\\/fr\\\/produit\\\/generateur-tensor-flower-of-life\\\/\"]}]},{\"@type\":\"ImageObject\",\"inLanguage\":\"fr-FR\",\"@id\":\"https:\\\/\\\/www.aurorscalartechnology.com\\\/fr\\\/produit\\\/generateur-tensor-flower-of-life\\\/#primaryimage\",\"url\":\"https:\\\/\\\/www.aurorscalartechnology.com\\\/wp-content\\\/uploads\\\/2026\\\/05\\\/Tensor-regenerator-scaled.jpg\",\"contentUrl\":\"https:\\\/\\\/www.aurorscalartechnology.com\\\/wp-content\\\/uploads\\\/2026\\\/05\\\/Tensor-regenerator-scaled.jpg\",\"width\":1987,\"height\":2560},{\"@type\":\"BreadcrumbList\",\"@id\":\"https:\\\/\\\/www.aurorscalartechnology.com\\\/fr\\\/produit\\\/generateur-tensor-flower-of-life\\\/#breadcrumb\",\"itemListElement\":[{\"@type\":\"ListItem\",\"position\":1,\"name\":\"Home\",\"item\":\"https:\\\/\\\/www.aurorscalartechnology.com\\\/fr\\\/\"},{\"@type\":\"ListItem\",\"position\":2,\"name\":\"Boutique\",\"item\":\"https:\\\/\\\/www.aurorscalartechnology.com\\\/fr\\\/boutique\\\/\"},{\"@type\":\"ListItem\",\"position\":3,\"name\":\"G\u00e9n\u00e9rateur Tensor Flower of Life\"}]},{\"@type\":\"WebSite\",\"@id\":\"https:\\\/\\\/www.aurorscalartechnology.com\\\/fr\\\/#website\",\"url\":\"https:\\\/\\\/www.aurorscalartechnology.com\\\/fr\\\/\",\"name\":\"Auror Scalar Technology\",\"description\":\"\",\"potentialAction\":[{\"@type\":\"SearchAction\",\"target\":{\"@type\":\"EntryPoint\",\"urlTemplate\":\"https:\\\/\\\/www.aurorscalartechnology.com\\\/fr\\\/?s={search_term_string}\"},\"query-input\":{\"@type\":\"PropertyValueSpecification\",\"valueRequired\":true,\"valueName\":\"search_term_string\"}}],\"inLanguage\":\"fr-FR\"}]}<\/script>\n<!-- \/ Yoast SEO plugin. -->","yoast_head_json":{"title":"G\u00e9n\u00e9rateur Tensor Flower of Life - Auror Scalar Technology","robots":{"index":"index","follow":"follow","max-snippet":"max-snippet:-1","max-image-preview":"max-image-preview:large","max-video-preview":"max-video-preview:-1"},"canonical":"https:\/\/www.aurorscalartechnology.com\/fr\/produit\/generateur-tensor-flower-of-life\/","og_locale":"fr_FR","og_type":"article","og_title":"G\u00e9n\u00e9rateur Tensor Flower of Life - Auror Scalar Technology","og_description":"G\u00e9n\u00e9rateur Tensor Flower of Life Prix : 275,00 \u20ac Ce Flower of Life peut \u00eatre connect\u00e9 au syst\u00e8me MedBed et \u00e9mettra ainsi un champ plus puissant que sans le syst\u00e8me MedBed. L'appareil se compose de fils de cuivre \u00e9tam\u00e9s et de fils de cuivre rouges, et son diam\u00e8tre est de 27 centim\u00e8tres  Le Flower of Life a notamment les effets suivants :  * am\u00e9liore votre \u00e9nergie int\u00e9rieure  * aide \u00e0 \u00e9quilibrer le champ \u00e9nerg\u00e9tique  * aide \u00e0 l'ancrage  * aide \u00e0 puiser dans votre force int\u00e9rieure  * aide \u00e0 ouvrir la glande pin\u00e9ale  * aide \u00e0 entrer en contact avec l'invisible  * est efficace pour renforcer le syst\u00e8me immunitaire  * aide \u00e0 attirer le mat\u00e9riel  * a un effet apaisant et calmant  * aide \u00e0 \u00e9quilibrer le cerveau","og_url":"https:\/\/www.aurorscalartechnology.com\/fr\/produit\/generateur-tensor-flower-of-life\/","og_site_name":"Auror Scalar Technology","article_modified_time":"2026-05-12T12:12:26+00:00","og_image":[{"width":1987,"height":2560,"url":"https:\/\/www.aurorscalartechnology.com\/wp-content\/uploads\/2026\/05\/Tensor-regenerator-scaled.jpg","type":"image\/jpeg"}],"twitter_card":"summary_large_image","schema":{"@context":"https:\/\/schema.org","@graph":[{"@type":"WebPage","@id":"https:\/\/www.aurorscalartechnology.com\/fr\/produit\/generateur-tensor-flower-of-life\/","url":"https:\/\/www.aurorscalartechnology.com\/fr\/produit\/generateur-tensor-flower-of-life\/","name":"G\u00e9n\u00e9rateur Tensor Flower of Life - Auror Scalar Technology","isPartOf":{"@id":"https:\/\/www.aurorscalartechnology.com\/fr\/#website"},"primaryImageOfPage":{"@id":"https:\/\/www.aurorscalartechnology.com\/fr\/produit\/generateur-tensor-flower-of-life\/#primaryimage"},"image":{"@id":"https:\/\/www.aurorscalartechnology.com\/fr\/produit\/generateur-tensor-flower-of-life\/#primaryimage"},"thumbnailUrl":"https:\/\/www.aurorscalartechnology.com\/wp-content\/uploads\/2026\/05\/Tensor-regenerator-scaled.jpg","datePublished":"2026-05-12T12:04:21+00:00","dateModified":"2026-05-12T12:12:26+00:00","breadcrumb":{"@id":"https:\/\/www.aurorscalartechnology.com\/fr\/produit\/generateur-tensor-flower-of-life\/#breadcrumb"},"inLanguage":"fr-FR","potentialAction":[{"@type":"ReadAction","target":["https:\/\/www.aurorscalartechnology.com\/fr\/produit\/generateur-tensor-flower-of-life\/"]}]},{"@type":"ImageObject","inLanguage":"fr-FR","@id":"https:\/\/www.aurorscalartechnology.com\/fr\/produit\/generateur-tensor-flower-of-life\/#primaryimage","url":"https:\/\/www.aurorscalartechnology.com\/wp-content\/uploads\/2026\/05\/Tensor-regenerator-scaled.jpg","contentUrl":"https:\/\/www.aurorscalartechnology.com\/wp-content\/uploads\/2026\/05\/Tensor-regenerator-scaled.jpg","width":1987,"height":2560},{"@type":"BreadcrumbList","@id":"https:\/\/www.aurorscalartechnology.com\/fr\/produit\/generateur-tensor-flower-of-life\/#breadcrumb","itemListElement":[{"@type":"ListItem","position":1,"name":"Home","item":"https:\/\/www.aurorscalartechnology.com\/fr\/"},{"@type":"ListItem","position":2,"name":"Boutique","item":"https:\/\/www.aurorscalartechnology.com\/fr\/boutique\/"},{"@type":"ListItem","position":3,"name":"G\u00e9n\u00e9rateur Tensor Flower of Life"}]},{"@type":"WebSite","@id":"https:\/\/www.aurorscalartechnology.com\/fr\/#website","url":"https:\/\/www.aurorscalartechnology.com\/fr\/","name":"Auror Scalar Technology","description":"","potentialAction":[{"@type":"SearchAction","target":{"@type":"EntryPoint","urlTemplate":"https:\/\/www.aurorscalartechnology.com\/fr\/?s={search_term_string}"},"query-input":{"@type":"PropertyValueSpecification","valueRequired":true,"valueName":"search_term_string"}}],"inLanguage":"fr-FR"}]}},"_links":{"self":[{"href":"https:\/\/www.aurorscalartechnology.com\/fr\/wp-json\/wp\/v2\/product\/27776","targetHints":{"allow":["GET"]}}],"collection":[{"href":"https:\/\/www.aurorscalartechnology.com\/fr\/wp-json\/wp\/v2\/product"}],"about":[{"href":"https:\/\/www.aurorscalartechnology.com\/fr\/wp-json\/wp\/v2\/types\/product"}],"version-history":[{"count":1,"href":"https:\/\/www.aurorscalartechnology.com\/fr\/wp-json\/wp\/v2\/product\/27776\/revisions"}],"predecessor-version":[{"id":27777,"href":"https:\/\/www.aurorscalartechnology.com\/fr\/wp-json\/wp\/v2\/product\/27776\/revisions\/27777"}],"wp:featuredmedia":[{"embeddable":true,"href":"https:\/\/www.aurorscalartechnology.com\/fr\/wp-json\/wp\/v2\/media\/27766"}],"wp:attachment":[{"href":"https:\/\/www.aurorscalartechnology.com\/fr\/wp-json\/wp\/v2\/media?parent=27776"}],"wp:term":[{"taxonomy":"product_cat","embeddable":true,"href":"https:\/\/www.aurorscalartechnology.com\/fr\/wp-json\/wp\/v2\/product_cat?post=27776"},{"taxonomy":"product_tag","embeddable":true,"href":"https:\/\/www.aurorscalartechnology.com\/fr\/wp-json\/wp\/v2\/product_tag?post=27776"}],"curies":[{"name":"wp","href":"https:\/\/api.w.org\/{rel}","templated":true}]}}