{"id":23307,"date":"2024-05-15T11:26:32","date_gmt":"2024-05-15T09:26:32","guid":{"rendered":"https:\/\/www.aurorscalartechnology.com\/?post_type=product&#038;p=23307"},"modified":"2024-08-05T10:33:40","modified_gmt":"2024-08-05T10:33:40","slug":"siero-per-la-crescita-delle-ciglia-eyelash-serum-growth","status":"publish","type":"product","link":"https:\/\/www.aurorscalartechnology.com\/it\/prodotto\/siero-per-la-crescita-delle-ciglia-eyelash-serum-growth\/","title":{"rendered":"Siero per la crescita delle ciglia\/Eyelash serum Growth"},"content":{"rendered":"","protected":false},"excerpt":{"rendered":"<p><b>Descrizione<\/b><\/p>\n<p>Un metodo naturale per ottenere sopracciglia e ciglia pi\u00f9 piene, pi\u00f9 lunghe, pi\u00f9 belle e pi\u00f9 forti. Se ne mette una goccia sul dito e la si punta con un dito dell&#8217;altra mano, quindi la si spalma sulle sopracciglia e sulle ciglia. Un flacone da 70 ml costa 50,00 euro<\/p>\n","protected":false},"featured_media":22691,"template":"","meta":[],"product_cat":[362,265],"product_tag":[],"class_list":{"0":"post-23307","1":"product","2":"type-product","3":"status-publish","4":"has-post-thumbnail","6":"product_cat-et-2-it","7":"product_cat-tutti-i-prodotti","9":"first","10":"instock","11":"shipping-taxable","12":"purchasable","13":"product-type-simple"},"yoast_head":"<!-- This site is optimized with the Yoast SEO plugin v27.4 - https:\/\/yoast.com\/product\/yoast-seo-wordpress\/ -->\n<title>Siero per la crescita delle ciglia\/Eyelash serum Growth - Auror Scalar Technology<\/title>\n<meta name=\"robots\" content=\"index, follow, max-snippet:-1, max-image-preview:large, max-video-preview:-1\" \/>\n<link rel=\"canonical\" href=\"https:\/\/www.aurorscalartechnology.com\/it\/prodotto\/siero-per-la-crescita-delle-ciglia-eyelash-serum-growth\/\" \/>\n<meta property=\"og:locale\" content=\"it_IT\" \/>\n<meta property=\"og:type\" content=\"article\" \/>\n<meta property=\"og:title\" content=\"Siero per la crescita delle ciglia\/Eyelash serum Growth - Auror Scalar Technology\" \/>\n<meta property=\"og:description\" content=\"Descrizione  Un metodo naturale per ottenere sopracciglia e ciglia pi\u00f9 piene, pi\u00f9 lunghe, pi\u00f9 belle e pi\u00f9 forti. Se ne mette una goccia sul dito e la si punta con un dito dell&#039;altra mano, quindi la si spalma sulle sopracciglia e sulle ciglia. Un flacone da 70 ml costa 50,00 euro\" \/>\n<meta property=\"og:url\" content=\"https:\/\/www.aurorscalartechnology.com\/it\/prodotto\/siero-per-la-crescita-delle-ciglia-eyelash-serum-growth\/\" \/>\n<meta property=\"og:site_name\" content=\"Auror Scalar Technology\" \/>\n<meta property=\"article:modified_time\" content=\"2024-08-05T10:33:40+00:00\" \/>\n<meta property=\"og:image\" content=\"https:\/\/www.aurorscalartechnology.com\/wp-content\/uploads\/2024\/05\/24a.jpg\" \/>\n\t<meta property=\"og:image:width\" content=\"1607\" \/>\n\t<meta property=\"og:image:height\" content=\"2111\" \/>\n\t<meta property=\"og:image:type\" content=\"image\/jpeg\" \/>\n<meta name=\"twitter:card\" content=\"summary_large_image\" \/>\n<script type=\"application\/ld+json\" class=\"yoast-schema-graph\">{\"@context\":\"https:\\\/\\\/schema.org\",\"@graph\":[{\"@type\":\"WebPage\",\"@id\":\"https:\\\/\\\/www.aurorscalartechnology.com\\\/it\\\/prodotto\\\/siero-per-la-crescita-delle-ciglia-eyelash-serum-growth\\\/\",\"url\":\"https:\\\/\\\/www.aurorscalartechnology.com\\\/it\\\/prodotto\\\/siero-per-la-crescita-delle-ciglia-eyelash-serum-growth\\\/\",\"name\":\"Siero per la crescita delle ciglia\\\/Eyelash serum Growth - Auror Scalar Technology\",\"isPartOf\":{\"@id\":\"https:\\\/\\\/www.aurorscalartechnology.com\\\/it\\\/#website\"},\"primaryImageOfPage\":{\"@id\":\"https:\\\/\\\/www.aurorscalartechnology.com\\\/it\\\/prodotto\\\/siero-per-la-crescita-delle-ciglia-eyelash-serum-growth\\\/#primaryimage\"},\"image\":{\"@id\":\"https:\\\/\\\/www.aurorscalartechnology.com\\\/it\\\/prodotto\\\/siero-per-la-crescita-delle-ciglia-eyelash-serum-growth\\\/#primaryimage\"},\"thumbnailUrl\":\"https:\\\/\\\/www.aurorscalartechnology.com\\\/wp-content\\\/uploads\\\/2024\\\/05\\\/24a.jpg\",\"datePublished\":\"2024-05-15T09:26:32+00:00\",\"dateModified\":\"2024-08-05T10:33:40+00:00\",\"breadcrumb\":{\"@id\":\"https:\\\/\\\/www.aurorscalartechnology.com\\\/it\\\/prodotto\\\/siero-per-la-crescita-delle-ciglia-eyelash-serum-growth\\\/#breadcrumb\"},\"inLanguage\":\"it-IT\",\"potentialAction\":[{\"@type\":\"ReadAction\",\"target\":[\"https:\\\/\\\/www.aurorscalartechnology.com\\\/it\\\/prodotto\\\/siero-per-la-crescita-delle-ciglia-eyelash-serum-growth\\\/\"]}]},{\"@type\":\"ImageObject\",\"inLanguage\":\"it-IT\",\"@id\":\"https:\\\/\\\/www.aurorscalartechnology.com\\\/it\\\/prodotto\\\/siero-per-la-crescita-delle-ciglia-eyelash-serum-growth\\\/#primaryimage\",\"url\":\"https:\\\/\\\/www.aurorscalartechnology.com\\\/wp-content\\\/uploads\\\/2024\\\/05\\\/24a.jpg\",\"contentUrl\":\"https:\\\/\\\/www.aurorscalartechnology.com\\\/wp-content\\\/uploads\\\/2024\\\/05\\\/24a.jpg\",\"width\":1607,\"height\":2111},{\"@type\":\"BreadcrumbList\",\"@id\":\"https:\\\/\\\/www.aurorscalartechnology.com\\\/it\\\/prodotto\\\/siero-per-la-crescita-delle-ciglia-eyelash-serum-growth\\\/#breadcrumb\",\"itemListElement\":[{\"@type\":\"ListItem\",\"position\":1,\"name\":\"Home\",\"item\":\"https:\\\/\\\/www.aurorscalartechnology.com\\\/it\\\/\"},{\"@type\":\"ListItem\",\"position\":2,\"name\":\"Negozio\",\"item\":\"https:\\\/\\\/www.aurorscalartechnology.com\\\/it\\\/negozio\\\/\"},{\"@type\":\"ListItem\",\"position\":3,\"name\":\"Siero per la crescita delle ciglia\\\/Eyelash serum Growth\"}]},{\"@type\":\"WebSite\",\"@id\":\"https:\\\/\\\/www.aurorscalartechnology.com\\\/it\\\/#website\",\"url\":\"https:\\\/\\\/www.aurorscalartechnology.com\\\/it\\\/\",\"name\":\"Auror Scalar Technology\",\"description\":\"\",\"potentialAction\":[{\"@type\":\"SearchAction\",\"target\":{\"@type\":\"EntryPoint\",\"urlTemplate\":\"https:\\\/\\\/www.aurorscalartechnology.com\\\/it\\\/?s={search_term_string}\"},\"query-input\":{\"@type\":\"PropertyValueSpecification\",\"valueRequired\":true,\"valueName\":\"search_term_string\"}}],\"inLanguage\":\"it-IT\"}]}<\/script>\n<!-- \/ Yoast SEO plugin. -->","yoast_head_json":{"title":"Siero per la crescita delle ciglia\/Eyelash serum Growth - Auror Scalar Technology","robots":{"index":"index","follow":"follow","max-snippet":"max-snippet:-1","max-image-preview":"max-image-preview:large","max-video-preview":"max-video-preview:-1"},"canonical":"https:\/\/www.aurorscalartechnology.com\/it\/prodotto\/siero-per-la-crescita-delle-ciglia-eyelash-serum-growth\/","og_locale":"it_IT","og_type":"article","og_title":"Siero per la crescita delle ciglia\/Eyelash serum Growth - Auror Scalar Technology","og_description":"Descrizione  Un metodo naturale per ottenere sopracciglia e ciglia pi\u00f9 piene, pi\u00f9 lunghe, pi\u00f9 belle e pi\u00f9 forti. Se ne mette una goccia sul dito e la si punta con un dito dell'altra mano, quindi la si spalma sulle sopracciglia e sulle ciglia. Un flacone da 70 ml costa 50,00 euro","og_url":"https:\/\/www.aurorscalartechnology.com\/it\/prodotto\/siero-per-la-crescita-delle-ciglia-eyelash-serum-growth\/","og_site_name":"Auror Scalar Technology","article_modified_time":"2024-08-05T10:33:40+00:00","og_image":[{"width":1607,"height":2111,"url":"https:\/\/www.aurorscalartechnology.com\/wp-content\/uploads\/2024\/05\/24a.jpg","type":"image\/jpeg"}],"twitter_card":"summary_large_image","schema":{"@context":"https:\/\/schema.org","@graph":[{"@type":"WebPage","@id":"https:\/\/www.aurorscalartechnology.com\/it\/prodotto\/siero-per-la-crescita-delle-ciglia-eyelash-serum-growth\/","url":"https:\/\/www.aurorscalartechnology.com\/it\/prodotto\/siero-per-la-crescita-delle-ciglia-eyelash-serum-growth\/","name":"Siero per la crescita delle ciglia\/Eyelash serum Growth - Auror Scalar Technology","isPartOf":{"@id":"https:\/\/www.aurorscalartechnology.com\/it\/#website"},"primaryImageOfPage":{"@id":"https:\/\/www.aurorscalartechnology.com\/it\/prodotto\/siero-per-la-crescita-delle-ciglia-eyelash-serum-growth\/#primaryimage"},"image":{"@id":"https:\/\/www.aurorscalartechnology.com\/it\/prodotto\/siero-per-la-crescita-delle-ciglia-eyelash-serum-growth\/#primaryimage"},"thumbnailUrl":"https:\/\/www.aurorscalartechnology.com\/wp-content\/uploads\/2024\/05\/24a.jpg","datePublished":"2024-05-15T09:26:32+00:00","dateModified":"2024-08-05T10:33:40+00:00","breadcrumb":{"@id":"https:\/\/www.aurorscalartechnology.com\/it\/prodotto\/siero-per-la-crescita-delle-ciglia-eyelash-serum-growth\/#breadcrumb"},"inLanguage":"it-IT","potentialAction":[{"@type":"ReadAction","target":["https:\/\/www.aurorscalartechnology.com\/it\/prodotto\/siero-per-la-crescita-delle-ciglia-eyelash-serum-growth\/"]}]},{"@type":"ImageObject","inLanguage":"it-IT","@id":"https:\/\/www.aurorscalartechnology.com\/it\/prodotto\/siero-per-la-crescita-delle-ciglia-eyelash-serum-growth\/#primaryimage","url":"https:\/\/www.aurorscalartechnology.com\/wp-content\/uploads\/2024\/05\/24a.jpg","contentUrl":"https:\/\/www.aurorscalartechnology.com\/wp-content\/uploads\/2024\/05\/24a.jpg","width":1607,"height":2111},{"@type":"BreadcrumbList","@id":"https:\/\/www.aurorscalartechnology.com\/it\/prodotto\/siero-per-la-crescita-delle-ciglia-eyelash-serum-growth\/#breadcrumb","itemListElement":[{"@type":"ListItem","position":1,"name":"Home","item":"https:\/\/www.aurorscalartechnology.com\/it\/"},{"@type":"ListItem","position":2,"name":"Negozio","item":"https:\/\/www.aurorscalartechnology.com\/it\/negozio\/"},{"@type":"ListItem","position":3,"name":"Siero per la crescita delle ciglia\/Eyelash serum Growth"}]},{"@type":"WebSite","@id":"https:\/\/www.aurorscalartechnology.com\/it\/#website","url":"https:\/\/www.aurorscalartechnology.com\/it\/","name":"Auror Scalar Technology","description":"","potentialAction":[{"@type":"SearchAction","target":{"@type":"EntryPoint","urlTemplate":"https:\/\/www.aurorscalartechnology.com\/it\/?s={search_term_string}"},"query-input":{"@type":"PropertyValueSpecification","valueRequired":true,"valueName":"search_term_string"}}],"inLanguage":"it-IT"}]}},"_links":{"self":[{"href":"https:\/\/www.aurorscalartechnology.com\/it\/wp-json\/wp\/v2\/product\/23307","targetHints":{"allow":["GET"]}}],"collection":[{"href":"https:\/\/www.aurorscalartechnology.com\/it\/wp-json\/wp\/v2\/product"}],"about":[{"href":"https:\/\/www.aurorscalartechnology.com\/it\/wp-json\/wp\/v2\/types\/product"}],"version-history":[{"count":2,"href":"https:\/\/www.aurorscalartechnology.com\/it\/wp-json\/wp\/v2\/product\/23307\/revisions"}],"predecessor-version":[{"id":23309,"href":"https:\/\/www.aurorscalartechnology.com\/it\/wp-json\/wp\/v2\/product\/23307\/revisions\/23309"}],"wp:featuredmedia":[{"embeddable":true,"href":"https:\/\/www.aurorscalartechnology.com\/it\/wp-json\/wp\/v2\/media\/22691"}],"wp:attachment":[{"href":"https:\/\/www.aurorscalartechnology.com\/it\/wp-json\/wp\/v2\/media?parent=23307"}],"wp:term":[{"taxonomy":"product_cat","embeddable":true,"href":"https:\/\/www.aurorscalartechnology.com\/it\/wp-json\/wp\/v2\/product_cat?post=23307"},{"taxonomy":"product_tag","embeddable":true,"href":"https:\/\/www.aurorscalartechnology.com\/it\/wp-json\/wp\/v2\/product_tag?post=23307"}],"curies":[{"name":"wp","href":"https:\/\/api.w.org\/{rel}","templated":true}]}}