{"id":23317,"date":"2023-09-24T09:20:19","date_gmt":"2023-09-24T09:20:19","guid":{"rendered":"https:\/\/www.aurorscalartechnology.com\/?post_type=product&#038;p=23317"},"modified":"2024-08-05T11:15:07","modified_gmt":"2024-08-05T11:15:07","slug":"blu-di-metilene-blu-di-metilene-con-carbonio","status":"publish","type":"product","link":"https:\/\/www.aurorscalartechnology.com\/it\/prodotto\/blu-di-metilene-blu-di-metilene-con-carbonio\/","title":{"rendered":"Blu di metilene\/blu di metilene con carbonio"},"content":{"rendered":"<p><b><strong>La storia di un farmaco miracoloso, il blu di metilene, alias Methylene blue<\/strong><\/b><br \/>\nSi dice che il blu di metilene sia un integratore che allunga la vita e che sarebbe anche economico. Non \u00e8 detto che sia un farmaco che allunga la vita e che garantisca, tra le altre cose, una memoria ben funzionante e un umore migliore. \u00c8 quasi troppo bello per essere vero e chi non lo vorrebbe. Ma sembra che con il blu di metilene sia possibile, se le storie sono credibili.<br \/>\nCi\u00f2 che rende speciale il blu di metilene \u00e8 che agisce a livello cellulare. Da secoli si cerca un farmaco che abbia un forte impatto positivo sulle centrali elettriche delle nostre cellule, i mitocondri. L&#8217;idea \u00e8 che se si mantengono le centrali elettriche a un livello sufficiente e le si nutre con sostanze rigeneranti, \u00e8 possibile rigenerare le cellule e quindi, in ultima analisi, ringiovanirle.<br \/>\nIl blu di metilene si distingue per il suo colore blu, con il quale si possono persino tingere i vestiti di blu, perch\u00e9 il colore ha una durata di conservazione cos\u00ec elevata. L&#8217;assunzione del farmaco pu\u00f2 lasciare la lingua blu per la prima ora e anche l&#8217;urina pu\u00f2 essere colorata di blu. Il blu di metilene \u00e8 anche considerato un antiossidante e, inoltre, \u00e8 il primo farmaco malarico artificiale (1891) e sembra che il farmaco idrossiclorochina (HCQ) sia derivato da esso.<br \/>\nGli scienziati statunitensi scrivono nel 2021 la ricerca esistente sul blu di metilene e scrivono che ha anche numerose propriet\u00e0 positive pi\u00f9 superficiali, tra cui quella di aiutare a proteggere dai raggi solari, rallentare l&#8217;invecchiamento della pelle e contribuire ad accelerare la guarigione delle ferite.<br \/>\nIl blu di metilene potrebbe essere un fenomeno nuovo per voi, ma non per i proprietari di acquari. Lo usano per disinfettare l&#8217;acqua e proteggere i pesci dalle infezioni fungine. Il colorante blu \u00e8 anche familiare ai lettori della rivista scientifica Lancet. In essa, nel 2018, si legge che una ricerca dell&#8217;ospedale Radboud dimostra che il blu di metilene riesce a curare i pazienti affetti da malaria in quarantotto ore. Altre ricerche dimostrano persino la sua capacit\u00e0 di colpire con successo il cancro.<br \/>\nQuando si parla di blu di metilene, spesso si parla in termini di milligrammi per chilo. Ma in pratica si assumono gocce di blu di metilene in soluzione. Quindi come funziona? Con un grammo di polvere di blu di metilene si pu\u00f2 preparare una soluzione fine a partire da 100 millilitri di acqua. Secondo Mark Sloan, che ha studiato da vicino l&#8217;argomento, ogni goccia rappresenta circa mezzo milligrammo. Dieci gocce equivalgono quindi a cinque milligrammi di blu di metilene. Dopo circa cinque ore il farmaco si esaurisce e, se necessario, si pu\u00f2 assumere un&#8217;altra dose.<br \/>\n<b><strong>Data di scadenza<\/strong><\/b><br \/>\nIl blu di metilene liquido non ha una data di scadenza, rimane buono.<br \/>\n<b><strong>Quando non usare<\/strong><\/b><br \/>\nA dosi di 2 milligrammi per chilo di peso corporeo, il blu di metilene pu\u00f2 iniziare ad agire come un cosiddetto inibitore delle MAO. MAO sta per monoamino ossidasi e la sua inibizione influisce sulla serotonina. Per questo motivo si consiglia di non utilizzare il farmaco in combinazione con gli SSRI, cio\u00e8 gli antidepressivi. Anche i bambini e le donne in gravidanza \u00e8 meglio che evitino il farmaco per sicurezza.<\/p>\n","protected":false},"excerpt":{"rendered":"<p>Forniamo una soluzione pura all&#8217;1% di blu di metilene (grado alimentare) con carbone\/carbone e possiede propriet\u00e0 battericide e fungicide per il trattamento di infezioni batteriche e fungine esterne nei pesci, nonch\u00e9 di alcuni parassiti della pelle &#8211; come l&#8217;ittioftiriosi. Applicato con Aeromonosi, Branchomicosi, Girodattilosi, Ittioftiriosi, Kostioze, Plistoforosi, Saprolegniosi, Hilodonellosi, Tetraimenosi, Trikhodiniosi, agisce parzialmente sugli ectoparassiti. Il farmaco viene utilizzato sotto forma di 2 ml di soluzione all&#8217;1% per 10 l di acqua; il periodo di trattamento \u00e8 fino a 1 mese. Al termine del trattamento, si utilizzano filtri a carbone attivo per rimuovere il blu dall&#8217;acqua dell&#8217;acquario. Un flacone di blu di metilene contiene 100 ml<\/p>\n","protected":false},"featured_media":19976,"template":"","meta":[],"product_cat":[265],"product_tag":[],"class_list":{"0":"post-23317","1":"product","2":"type-product","3":"status-publish","4":"has-post-thumbnail","6":"product_cat-tutti-i-prodotti","7":"product_shipping_class-post-pakket-it","9":"first","10":"instock","11":"taxable","12":"shipping-taxable","13":"purchasable","14":"product-type-simple"},"yoast_head":"<!-- This site is optimized with the Yoast SEO plugin v27.4 - https:\/\/yoast.com\/product\/yoast-seo-wordpress\/ -->\n<title>Blu di metilene\/blu di metilene con carbonio - Auror Scalar Technology<\/title>\n<meta name=\"robots\" content=\"index, follow, max-snippet:-1, max-image-preview:large, max-video-preview:-1\" \/>\n<link rel=\"canonical\" href=\"https:\/\/www.aurorscalartechnology.com\/it\/prodotto\/blu-di-metilene-blu-di-metilene-con-carbonio\/\" \/>\n<meta property=\"og:locale\" content=\"it_IT\" \/>\n<meta property=\"og:type\" content=\"article\" \/>\n<meta property=\"og:title\" content=\"Blu di metilene\/blu di metilene con carbonio - Auror Scalar Technology\" \/>\n<meta property=\"og:description\" content=\"Forniamo una soluzione pura all&#039;1% di blu di metilene (grado alimentare) con carbone\/carbone e possiede propriet\u00e0 battericide e fungicide per il trattamento di infezioni batteriche e fungine esterne nei pesci, nonch\u00e9 di alcuni parassiti della pelle - come l&#039;ittioftiriosi. Applicato con Aeromonosi, Branchomicosi, Girodattilosi, Ittioftiriosi, Kostioze, Plistoforosi, Saprolegniosi, Hilodonellosi, Tetraimenosi, Trikhodiniosi, agisce parzialmente sugli ectoparassiti. Il farmaco viene utilizzato sotto forma di 2 ml di soluzione all&#039;1% per 10 l di acqua; il periodo di trattamento \u00e8 fino a 1 mese. Al termine del trattamento, si utilizzano filtri a carbone attivo per rimuovere il blu dall&#039;acqua dell&#039;acquario. Un flacone di blu di metilene contiene 100 ml\" \/>\n<meta property=\"og:url\" content=\"https:\/\/www.aurorscalartechnology.com\/it\/prodotto\/blu-di-metilene-blu-di-metilene-con-carbonio\/\" \/>\n<meta property=\"og:site_name\" content=\"Auror Scalar Technology\" \/>\n<meta property=\"article:modified_time\" content=\"2024-08-05T11:15:07+00:00\" \/>\n<meta property=\"og:image\" content=\"https:\/\/www.aurorscalartechnology.com\/wp-content\/uploads\/2023\/09\/Methyleen-scaled.jpg\" \/>\n\t<meta property=\"og:image:width\" content=\"1620\" \/>\n\t<meta property=\"og:image:height\" content=\"2560\" \/>\n\t<meta property=\"og:image:type\" content=\"image\/jpeg\" \/>\n<meta name=\"twitter:card\" content=\"summary_large_image\" \/>\n<meta name=\"twitter:label1\" content=\"Tempo di lettura stimato\" \/>\n\t<meta name=\"twitter:data1\" content=\"3 minuti\" \/>\n<script type=\"application\/ld+json\" class=\"yoast-schema-graph\">{\"@context\":\"https:\\\/\\\/schema.org\",\"@graph\":[{\"@type\":\"WebPage\",\"@id\":\"https:\\\/\\\/www.aurorscalartechnology.com\\\/it\\\/prodotto\\\/blu-di-metilene-blu-di-metilene-con-carbonio\\\/\",\"url\":\"https:\\\/\\\/www.aurorscalartechnology.com\\\/it\\\/prodotto\\\/blu-di-metilene-blu-di-metilene-con-carbonio\\\/\",\"name\":\"Blu di metilene\\\/blu di metilene con carbonio - Auror Scalar Technology\",\"isPartOf\":{\"@id\":\"https:\\\/\\\/www.aurorscalartechnology.com\\\/it\\\/#website\"},\"primaryImageOfPage\":{\"@id\":\"https:\\\/\\\/www.aurorscalartechnology.com\\\/it\\\/prodotto\\\/blu-di-metilene-blu-di-metilene-con-carbonio\\\/#primaryimage\"},\"image\":{\"@id\":\"https:\\\/\\\/www.aurorscalartechnology.com\\\/it\\\/prodotto\\\/blu-di-metilene-blu-di-metilene-con-carbonio\\\/#primaryimage\"},\"thumbnailUrl\":\"https:\\\/\\\/www.aurorscalartechnology.com\\\/wp-content\\\/uploads\\\/2023\\\/09\\\/Methyleen-scaled.jpg\",\"datePublished\":\"2023-09-24T09:20:19+00:00\",\"dateModified\":\"2024-08-05T11:15:07+00:00\",\"breadcrumb\":{\"@id\":\"https:\\\/\\\/www.aurorscalartechnology.com\\\/it\\\/prodotto\\\/blu-di-metilene-blu-di-metilene-con-carbonio\\\/#breadcrumb\"},\"inLanguage\":\"it-IT\",\"potentialAction\":[{\"@type\":\"ReadAction\",\"target\":[\"https:\\\/\\\/www.aurorscalartechnology.com\\\/it\\\/prodotto\\\/blu-di-metilene-blu-di-metilene-con-carbonio\\\/\"]}]},{\"@type\":\"ImageObject\",\"inLanguage\":\"it-IT\",\"@id\":\"https:\\\/\\\/www.aurorscalartechnology.com\\\/it\\\/prodotto\\\/blu-di-metilene-blu-di-metilene-con-carbonio\\\/#primaryimage\",\"url\":\"https:\\\/\\\/www.aurorscalartechnology.com\\\/wp-content\\\/uploads\\\/2023\\\/09\\\/Methyleen-scaled.jpg\",\"contentUrl\":\"https:\\\/\\\/www.aurorscalartechnology.com\\\/wp-content\\\/uploads\\\/2023\\\/09\\\/Methyleen-scaled.jpg\",\"width\":1620,\"height\":2560},{\"@type\":\"BreadcrumbList\",\"@id\":\"https:\\\/\\\/www.aurorscalartechnology.com\\\/it\\\/prodotto\\\/blu-di-metilene-blu-di-metilene-con-carbonio\\\/#breadcrumb\",\"itemListElement\":[{\"@type\":\"ListItem\",\"position\":1,\"name\":\"Home\",\"item\":\"https:\\\/\\\/www.aurorscalartechnology.com\\\/it\\\/\"},{\"@type\":\"ListItem\",\"position\":2,\"name\":\"Negozio\",\"item\":\"https:\\\/\\\/www.aurorscalartechnology.com\\\/it\\\/negozio\\\/\"},{\"@type\":\"ListItem\",\"position\":3,\"name\":\"Blu di metilene\\\/blu di metilene con carbonio\"}]},{\"@type\":\"WebSite\",\"@id\":\"https:\\\/\\\/www.aurorscalartechnology.com\\\/it\\\/#website\",\"url\":\"https:\\\/\\\/www.aurorscalartechnology.com\\\/it\\\/\",\"name\":\"Auror Scalar Technology\",\"description\":\"\",\"potentialAction\":[{\"@type\":\"SearchAction\",\"target\":{\"@type\":\"EntryPoint\",\"urlTemplate\":\"https:\\\/\\\/www.aurorscalartechnology.com\\\/it\\\/?s={search_term_string}\"},\"query-input\":{\"@type\":\"PropertyValueSpecification\",\"valueRequired\":true,\"valueName\":\"search_term_string\"}}],\"inLanguage\":\"it-IT\"}]}<\/script>\n<!-- \/ Yoast SEO plugin. -->","yoast_head_json":{"title":"Blu di metilene\/blu di metilene con carbonio - Auror Scalar Technology","robots":{"index":"index","follow":"follow","max-snippet":"max-snippet:-1","max-image-preview":"max-image-preview:large","max-video-preview":"max-video-preview:-1"},"canonical":"https:\/\/www.aurorscalartechnology.com\/it\/prodotto\/blu-di-metilene-blu-di-metilene-con-carbonio\/","og_locale":"it_IT","og_type":"article","og_title":"Blu di metilene\/blu di metilene con carbonio - Auror Scalar Technology","og_description":"Forniamo una soluzione pura all'1% di blu di metilene (grado alimentare) con carbone\/carbone e possiede propriet\u00e0 battericide e fungicide per il trattamento di infezioni batteriche e fungine esterne nei pesci, nonch\u00e9 di alcuni parassiti della pelle - come l'ittioftiriosi. Applicato con Aeromonosi, Branchomicosi, Girodattilosi, Ittioftiriosi, Kostioze, Plistoforosi, Saprolegniosi, Hilodonellosi, Tetraimenosi, Trikhodiniosi, agisce parzialmente sugli ectoparassiti. Il farmaco viene utilizzato sotto forma di 2 ml di soluzione all'1% per 10 l di acqua; il periodo di trattamento \u00e8 fino a 1 mese. Al termine del trattamento, si utilizzano filtri a carbone attivo per rimuovere il blu dall'acqua dell'acquario. Un flacone di blu di metilene contiene 100 ml","og_url":"https:\/\/www.aurorscalartechnology.com\/it\/prodotto\/blu-di-metilene-blu-di-metilene-con-carbonio\/","og_site_name":"Auror Scalar Technology","article_modified_time":"2024-08-05T11:15:07+00:00","og_image":[{"width":1620,"height":2560,"url":"https:\/\/www.aurorscalartechnology.com\/wp-content\/uploads\/2023\/09\/Methyleen-scaled.jpg","type":"image\/jpeg"}],"twitter_card":"summary_large_image","twitter_misc":{"Tempo di lettura stimato":"3 minuti"},"schema":{"@context":"https:\/\/schema.org","@graph":[{"@type":"WebPage","@id":"https:\/\/www.aurorscalartechnology.com\/it\/prodotto\/blu-di-metilene-blu-di-metilene-con-carbonio\/","url":"https:\/\/www.aurorscalartechnology.com\/it\/prodotto\/blu-di-metilene-blu-di-metilene-con-carbonio\/","name":"Blu di metilene\/blu di metilene con carbonio - Auror Scalar Technology","isPartOf":{"@id":"https:\/\/www.aurorscalartechnology.com\/it\/#website"},"primaryImageOfPage":{"@id":"https:\/\/www.aurorscalartechnology.com\/it\/prodotto\/blu-di-metilene-blu-di-metilene-con-carbonio\/#primaryimage"},"image":{"@id":"https:\/\/www.aurorscalartechnology.com\/it\/prodotto\/blu-di-metilene-blu-di-metilene-con-carbonio\/#primaryimage"},"thumbnailUrl":"https:\/\/www.aurorscalartechnology.com\/wp-content\/uploads\/2023\/09\/Methyleen-scaled.jpg","datePublished":"2023-09-24T09:20:19+00:00","dateModified":"2024-08-05T11:15:07+00:00","breadcrumb":{"@id":"https:\/\/www.aurorscalartechnology.com\/it\/prodotto\/blu-di-metilene-blu-di-metilene-con-carbonio\/#breadcrumb"},"inLanguage":"it-IT","potentialAction":[{"@type":"ReadAction","target":["https:\/\/www.aurorscalartechnology.com\/it\/prodotto\/blu-di-metilene-blu-di-metilene-con-carbonio\/"]}]},{"@type":"ImageObject","inLanguage":"it-IT","@id":"https:\/\/www.aurorscalartechnology.com\/it\/prodotto\/blu-di-metilene-blu-di-metilene-con-carbonio\/#primaryimage","url":"https:\/\/www.aurorscalartechnology.com\/wp-content\/uploads\/2023\/09\/Methyleen-scaled.jpg","contentUrl":"https:\/\/www.aurorscalartechnology.com\/wp-content\/uploads\/2023\/09\/Methyleen-scaled.jpg","width":1620,"height":2560},{"@type":"BreadcrumbList","@id":"https:\/\/www.aurorscalartechnology.com\/it\/prodotto\/blu-di-metilene-blu-di-metilene-con-carbonio\/#breadcrumb","itemListElement":[{"@type":"ListItem","position":1,"name":"Home","item":"https:\/\/www.aurorscalartechnology.com\/it\/"},{"@type":"ListItem","position":2,"name":"Negozio","item":"https:\/\/www.aurorscalartechnology.com\/it\/negozio\/"},{"@type":"ListItem","position":3,"name":"Blu di metilene\/blu di metilene con carbonio"}]},{"@type":"WebSite","@id":"https:\/\/www.aurorscalartechnology.com\/it\/#website","url":"https:\/\/www.aurorscalartechnology.com\/it\/","name":"Auror Scalar Technology","description":"","potentialAction":[{"@type":"SearchAction","target":{"@type":"EntryPoint","urlTemplate":"https:\/\/www.aurorscalartechnology.com\/it\/?s={search_term_string}"},"query-input":{"@type":"PropertyValueSpecification","valueRequired":true,"valueName":"search_term_string"}}],"inLanguage":"it-IT"}]}},"_links":{"self":[{"href":"https:\/\/www.aurorscalartechnology.com\/it\/wp-json\/wp\/v2\/product\/23317","targetHints":{"allow":["GET"]}}],"collection":[{"href":"https:\/\/www.aurorscalartechnology.com\/it\/wp-json\/wp\/v2\/product"}],"about":[{"href":"https:\/\/www.aurorscalartechnology.com\/it\/wp-json\/wp\/v2\/types\/product"}],"version-history":[{"count":1,"href":"https:\/\/www.aurorscalartechnology.com\/it\/wp-json\/wp\/v2\/product\/23317\/revisions"}],"predecessor-version":[{"id":23320,"href":"https:\/\/www.aurorscalartechnology.com\/it\/wp-json\/wp\/v2\/product\/23317\/revisions\/23320"}],"wp:featuredmedia":[{"embeddable":true,"href":"https:\/\/www.aurorscalartechnology.com\/it\/wp-json\/wp\/v2\/media\/19976"}],"wp:attachment":[{"href":"https:\/\/www.aurorscalartechnology.com\/it\/wp-json\/wp\/v2\/media?parent=23317"}],"wp:term":[{"taxonomy":"product_cat","embeddable":true,"href":"https:\/\/www.aurorscalartechnology.com\/it\/wp-json\/wp\/v2\/product_cat?post=23317"},{"taxonomy":"product_tag","embeddable":true,"href":"https:\/\/www.aurorscalartechnology.com\/it\/wp-json\/wp\/v2\/product_tag?post=23317"}],"curies":[{"name":"wp","href":"https:\/\/api.w.org\/{rel}","templated":true}]}}