{"id":24203,"date":"2024-11-21T12:46:32","date_gmt":"2024-11-21T12:46:32","guid":{"rendered":"https:\/\/www.aurorscalartechnology.com\/?post_type=product&#038;p=24203"},"modified":"2024-11-21T12:53:29","modified_gmt":"2024-11-21T12:53:29","slug":"integratore-complesso-booster-minerale-kopie","status":"publish","type":"product","link":"https:\/\/www.aurorscalartechnology.com\/it\/prodotto\/integratore-complesso-booster-minerale-kopie\/","title":{"rendered":"Integratore complesso booster minerale (kopie)"},"content":{"rendered":"<p>Integratore booster minerale Auror Scalar Technology<\/p>\n<p>&nbsp;<\/p>\n<p>Un integratore che elimina e ringiovanisce le carenze. Questo \u00e8 il modo migliore per riassumere l&#8217;effetto di questo booster minerale unico. Auror Scalar Technology risponde ai rischi del nostro tempo con il supplemento. Viviamo in un mondo in cui le persone sperimentano troppo stress. Non solo a causa di fattori esterni, anche lo stress emotivo, come paura, preoccupazione e tristezza, ha un impatto sul corpo. Secondo la scienza, il corpo dovrebbe rimanere in uno stato rilassato per otto ore su dieci. Per la maggior parte delle persone, la relazione tra riposo e tensione \u00e8 invertita. Lo stress \u00e8 diventato cronico. Ci\u00f2 significa che il corpo non pu\u00f2 riprendersi sufficientemente e viene commesso uno sfruttamento eccessivo. Le riserve sfruttate non vengono pi\u00f9 ricostituite. La normale alimentazione \u00e8 insufficiente.<\/p>\n<p>L&#8217;integratore Auror Scalar Technology Mineral booster \u00e8 stato sviluppato per ottenere le sostanze che riportano l&#8217;organismo al suo equilibrio naturale.<\/p>\n<p>Insieme alla Formula HVR contiene tutti i minerali di cui il corpo non produce da solo, ma di cui ha bisogno.<\/p>\n<p>Proprio come nel caso dell&#8217;HVR, i metalli in questo booster sono stati aggiunti in forma colloidale, in modo che le sostanze vengano assorbite senza sforzo dal corpo.<\/p>\n<p>Ci\u00f2 \u00e8 particolarmente importante con il cobalto; il principio attivo della vitamina B12. Un quarto della popolazione olandese soffre di carenza di vitamina B12, che provoca anemia. Se somministrato nel giusto dosaggio, il cobalto colloidale ha un effetto super ringiovanente. Ha anche un effetto ringiovanente pi\u00f9 forte dell&#8217;oro. Proprio come il manganese, che \u00e8 stato aggiunto anche a questo booster. Queste sostanze garantiscono quindi sia il recupero che il ringiovanimento del corpo.<\/p>\n<p>Quel ringiovanimento scende al livello pi\u00f9 profondo. Con questo bombardamento minerale le cellule ritornano al loro stato originale e anche il DNA si riprende. Ci\u00f2 d\u00e0 forza e fornisce ringiovanimento sia interiore che esteriore. Pensa a una pelle liscia, capelli pi\u00f9 spessi e un aspetto giovane e sano.<\/p>\n<p>Un corpo in cui tutte le vitamine, i minerali e gli oligoelementi sono al giusto livello, si ottiene anche una maggiore lucidit\u00e0 mentale e una sensazione di relax e benessere.<\/p>\n<p>La combinazione equilibrata di minerali e oligoelementi rafforza anche il sistema immunitario. Ci\u00f2 rende superflua la disintossicazione del corpo. Il booster rende il sistema immunitario cos\u00ec forte che il corpo si pulisce e scongiura le malattie. Con la combinazione della formula HVR e del complesso minerale, il ringiovanimento sar\u00e0 ancora pi\u00f9 rapido. Si pu\u00f2 presumere che chiunque abbia o abbia i capelli grigi soffra di una carenza di minerali. Questo prodotto insieme alla Formula HVR funziona bene contro i capelli grigi e il rilassamento cutaneo e ci sono buone probabilit\u00e0 che i tuoi capelli grigi riacquistino il loro colore originale.<\/p>\n<p>Un integratore nutrizionale di minerali\/oligoelementi pi\u00f9 completo ed efficace non \u00e8 disponibile da nessun&#8217;altra parte.<\/p>\n","protected":false},"excerpt":{"rendered":"<p>Descrizione<br \/>\nRame colloidale, ferro, zinco, tantalio, stagno, indio, manganese, cromo e cobalto. (tutti puri e colloidali al 99,99%). L&#8217;esperienza \u00e8 che chi ha i capelli grigi ha una carenza di minerali e oligoelementi, quindi pu\u00f2 anche riportare il colore originale dei capelli. E se pensate un po&#8217; oltre il vostro naso, vi renderete conto che il processo di rigenerazione (ringiovanimento) \u00e8 iniziato e avr\u00e0 un effetto positivo su tutti i fronti, sia sul corpo che sulla mente. Per ottenere i migliori risultati si consiglia di utilizzare anche la formula HVR. Il prezzo per 200 ml \u00e8 di \u20ac 100,00<\/p>\n","protected":false},"featured_media":22684,"template":"","meta":[],"product_cat":[265],"product_tag":[],"class_list":{"0":"post-24203","1":"product","2":"type-product","3":"status-publish","4":"has-post-thumbnail","6":"product_cat-tutti-i-prodotti","8":"first","9":"instock","10":"shipping-taxable","11":"purchasable","12":"product-type-variable"},"yoast_head":"<!-- This site is optimized with the Yoast SEO plugin v27.4 - https:\/\/yoast.com\/product\/yoast-seo-wordpress\/ -->\n<title>Integratore complesso booster minerale (kopie) - Auror Scalar Technology<\/title>\n<meta name=\"robots\" content=\"index, follow, max-snippet:-1, max-image-preview:large, max-video-preview:-1\" \/>\n<link rel=\"canonical\" href=\"https:\/\/www.aurorscalartechnology.com\/it\/prodotto\/integratore-complesso-booster-minerale-kopie\/\" \/>\n<meta property=\"og:locale\" content=\"it_IT\" \/>\n<meta property=\"og:type\" content=\"article\" \/>\n<meta property=\"og:title\" content=\"Integratore complesso booster minerale (kopie) - Auror Scalar Technology\" \/>\n<meta property=\"og:description\" content=\"Descrizione Rame colloidale, ferro, zinco, tantalio, stagno, indio, manganese, cromo e cobalto. (tutti puri e colloidali al 99,99%). L&#039;esperienza \u00e8 che chi ha i capelli grigi ha una carenza di minerali e oligoelementi, quindi pu\u00f2 anche riportare il colore originale dei capelli. E se pensate un po&#039; oltre il vostro naso, vi renderete conto che il processo di rigenerazione (ringiovanimento) \u00e8 iniziato e avr\u00e0 un effetto positivo su tutti i fronti, sia sul corpo che sulla mente. Per ottenere i migliori risultati si consiglia di utilizzare anche la formula HVR. Il prezzo per 200 ml \u00e8 di \u20ac 100,00\" \/>\n<meta property=\"og:url\" content=\"https:\/\/www.aurorscalartechnology.com\/it\/prodotto\/integratore-complesso-booster-minerale-kopie\/\" \/>\n<meta property=\"og:site_name\" content=\"Auror Scalar Technology\" \/>\n<meta property=\"article:modified_time\" content=\"2024-11-21T12:53:29+00:00\" \/>\n<meta property=\"og:image\" content=\"https:\/\/www.aurorscalartechnology.com\/wp-content\/uploads\/2024\/05\/21a-scaled.jpg\" \/>\n\t<meta property=\"og:image:width\" content=\"1855\" \/>\n\t<meta property=\"og:image:height\" content=\"2560\" \/>\n\t<meta property=\"og:image:type\" content=\"image\/jpeg\" \/>\n<meta name=\"twitter:card\" content=\"summary_large_image\" \/>\n<meta name=\"twitter:label1\" content=\"Tempo di lettura stimato\" \/>\n\t<meta name=\"twitter:data1\" content=\"3 minuti\" \/>\n<script type=\"application\/ld+json\" class=\"yoast-schema-graph\">{\"@context\":\"https:\\\/\\\/schema.org\",\"@graph\":[{\"@type\":\"WebPage\",\"@id\":\"https:\\\/\\\/www.aurorscalartechnology.com\\\/it\\\/prodotto\\\/integratore-complesso-booster-minerale-kopie\\\/\",\"url\":\"https:\\\/\\\/www.aurorscalartechnology.com\\\/it\\\/prodotto\\\/integratore-complesso-booster-minerale-kopie\\\/\",\"name\":\"Integratore complesso booster minerale (kopie) - Auror Scalar Technology\",\"isPartOf\":{\"@id\":\"https:\\\/\\\/www.aurorscalartechnology.com\\\/it\\\/#website\"},\"primaryImageOfPage\":{\"@id\":\"https:\\\/\\\/www.aurorscalartechnology.com\\\/it\\\/prodotto\\\/integratore-complesso-booster-minerale-kopie\\\/#primaryimage\"},\"image\":{\"@id\":\"https:\\\/\\\/www.aurorscalartechnology.com\\\/it\\\/prodotto\\\/integratore-complesso-booster-minerale-kopie\\\/#primaryimage\"},\"thumbnailUrl\":\"https:\\\/\\\/www.aurorscalartechnology.com\\\/wp-content\\\/uploads\\\/2024\\\/05\\\/21a-scaled.jpg\",\"datePublished\":\"2024-11-21T12:46:32+00:00\",\"dateModified\":\"2024-11-21T12:53:29+00:00\",\"breadcrumb\":{\"@id\":\"https:\\\/\\\/www.aurorscalartechnology.com\\\/it\\\/prodotto\\\/integratore-complesso-booster-minerale-kopie\\\/#breadcrumb\"},\"inLanguage\":\"it-IT\",\"potentialAction\":[{\"@type\":\"ReadAction\",\"target\":[\"https:\\\/\\\/www.aurorscalartechnology.com\\\/it\\\/prodotto\\\/integratore-complesso-booster-minerale-kopie\\\/\"]}]},{\"@type\":\"ImageObject\",\"inLanguage\":\"it-IT\",\"@id\":\"https:\\\/\\\/www.aurorscalartechnology.com\\\/it\\\/prodotto\\\/integratore-complesso-booster-minerale-kopie\\\/#primaryimage\",\"url\":\"https:\\\/\\\/www.aurorscalartechnology.com\\\/wp-content\\\/uploads\\\/2024\\\/05\\\/21a-scaled.jpg\",\"contentUrl\":\"https:\\\/\\\/www.aurorscalartechnology.com\\\/wp-content\\\/uploads\\\/2024\\\/05\\\/21a-scaled.jpg\",\"width\":1855,\"height\":2560},{\"@type\":\"BreadcrumbList\",\"@id\":\"https:\\\/\\\/www.aurorscalartechnology.com\\\/it\\\/prodotto\\\/integratore-complesso-booster-minerale-kopie\\\/#breadcrumb\",\"itemListElement\":[{\"@type\":\"ListItem\",\"position\":1,\"name\":\"Home\",\"item\":\"https:\\\/\\\/www.aurorscalartechnology.com\\\/it\\\/\"},{\"@type\":\"ListItem\",\"position\":2,\"name\":\"Negozio\",\"item\":\"https:\\\/\\\/www.aurorscalartechnology.com\\\/it\\\/negozio\\\/\"},{\"@type\":\"ListItem\",\"position\":3,\"name\":\"Integratore complesso booster minerale (kopie)\"}]},{\"@type\":\"WebSite\",\"@id\":\"https:\\\/\\\/www.aurorscalartechnology.com\\\/it\\\/#website\",\"url\":\"https:\\\/\\\/www.aurorscalartechnology.com\\\/it\\\/\",\"name\":\"Auror Scalar Technology\",\"description\":\"\",\"potentialAction\":[{\"@type\":\"SearchAction\",\"target\":{\"@type\":\"EntryPoint\",\"urlTemplate\":\"https:\\\/\\\/www.aurorscalartechnology.com\\\/it\\\/?s={search_term_string}\"},\"query-input\":{\"@type\":\"PropertyValueSpecification\",\"valueRequired\":true,\"valueName\":\"search_term_string\"}}],\"inLanguage\":\"it-IT\"}]}<\/script>\n<!-- \/ Yoast SEO plugin. -->","yoast_head_json":{"title":"Integratore complesso booster minerale (kopie) - Auror Scalar Technology","robots":{"index":"index","follow":"follow","max-snippet":"max-snippet:-1","max-image-preview":"max-image-preview:large","max-video-preview":"max-video-preview:-1"},"canonical":"https:\/\/www.aurorscalartechnology.com\/it\/prodotto\/integratore-complesso-booster-minerale-kopie\/","og_locale":"it_IT","og_type":"article","og_title":"Integratore complesso booster minerale (kopie) - Auror Scalar Technology","og_description":"Descrizione Rame colloidale, ferro, zinco, tantalio, stagno, indio, manganese, cromo e cobalto. (tutti puri e colloidali al 99,99%). L'esperienza \u00e8 che chi ha i capelli grigi ha una carenza di minerali e oligoelementi, quindi pu\u00f2 anche riportare il colore originale dei capelli. E se pensate un po' oltre il vostro naso, vi renderete conto che il processo di rigenerazione (ringiovanimento) \u00e8 iniziato e avr\u00e0 un effetto positivo su tutti i fronti, sia sul corpo che sulla mente. Per ottenere i migliori risultati si consiglia di utilizzare anche la formula HVR. Il prezzo per 200 ml \u00e8 di \u20ac 100,00","og_url":"https:\/\/www.aurorscalartechnology.com\/it\/prodotto\/integratore-complesso-booster-minerale-kopie\/","og_site_name":"Auror Scalar Technology","article_modified_time":"2024-11-21T12:53:29+00:00","og_image":[{"width":1855,"height":2560,"url":"https:\/\/www.aurorscalartechnology.com\/wp-content\/uploads\/2024\/05\/21a-scaled.jpg","type":"image\/jpeg"}],"twitter_card":"summary_large_image","twitter_misc":{"Tempo di lettura stimato":"3 minuti"},"schema":{"@context":"https:\/\/schema.org","@graph":[{"@type":"WebPage","@id":"https:\/\/www.aurorscalartechnology.com\/it\/prodotto\/integratore-complesso-booster-minerale-kopie\/","url":"https:\/\/www.aurorscalartechnology.com\/it\/prodotto\/integratore-complesso-booster-minerale-kopie\/","name":"Integratore complesso booster minerale (kopie) - Auror Scalar Technology","isPartOf":{"@id":"https:\/\/www.aurorscalartechnology.com\/it\/#website"},"primaryImageOfPage":{"@id":"https:\/\/www.aurorscalartechnology.com\/it\/prodotto\/integratore-complesso-booster-minerale-kopie\/#primaryimage"},"image":{"@id":"https:\/\/www.aurorscalartechnology.com\/it\/prodotto\/integratore-complesso-booster-minerale-kopie\/#primaryimage"},"thumbnailUrl":"https:\/\/www.aurorscalartechnology.com\/wp-content\/uploads\/2024\/05\/21a-scaled.jpg","datePublished":"2024-11-21T12:46:32+00:00","dateModified":"2024-11-21T12:53:29+00:00","breadcrumb":{"@id":"https:\/\/www.aurorscalartechnology.com\/it\/prodotto\/integratore-complesso-booster-minerale-kopie\/#breadcrumb"},"inLanguage":"it-IT","potentialAction":[{"@type":"ReadAction","target":["https:\/\/www.aurorscalartechnology.com\/it\/prodotto\/integratore-complesso-booster-minerale-kopie\/"]}]},{"@type":"ImageObject","inLanguage":"it-IT","@id":"https:\/\/www.aurorscalartechnology.com\/it\/prodotto\/integratore-complesso-booster-minerale-kopie\/#primaryimage","url":"https:\/\/www.aurorscalartechnology.com\/wp-content\/uploads\/2024\/05\/21a-scaled.jpg","contentUrl":"https:\/\/www.aurorscalartechnology.com\/wp-content\/uploads\/2024\/05\/21a-scaled.jpg","width":1855,"height":2560},{"@type":"BreadcrumbList","@id":"https:\/\/www.aurorscalartechnology.com\/it\/prodotto\/integratore-complesso-booster-minerale-kopie\/#breadcrumb","itemListElement":[{"@type":"ListItem","position":1,"name":"Home","item":"https:\/\/www.aurorscalartechnology.com\/it\/"},{"@type":"ListItem","position":2,"name":"Negozio","item":"https:\/\/www.aurorscalartechnology.com\/it\/negozio\/"},{"@type":"ListItem","position":3,"name":"Integratore complesso booster minerale (kopie)"}]},{"@type":"WebSite","@id":"https:\/\/www.aurorscalartechnology.com\/it\/#website","url":"https:\/\/www.aurorscalartechnology.com\/it\/","name":"Auror Scalar Technology","description":"","potentialAction":[{"@type":"SearchAction","target":{"@type":"EntryPoint","urlTemplate":"https:\/\/www.aurorscalartechnology.com\/it\/?s={search_term_string}"},"query-input":{"@type":"PropertyValueSpecification","valueRequired":true,"valueName":"search_term_string"}}],"inLanguage":"it-IT"}]}},"_links":{"self":[{"href":"https:\/\/www.aurorscalartechnology.com\/it\/wp-json\/wp\/v2\/product\/24203","targetHints":{"allow":["GET"]}}],"collection":[{"href":"https:\/\/www.aurorscalartechnology.com\/it\/wp-json\/wp\/v2\/product"}],"about":[{"href":"https:\/\/www.aurorscalartechnology.com\/it\/wp-json\/wp\/v2\/types\/product"}],"version-history":[{"count":1,"href":"https:\/\/www.aurorscalartechnology.com\/it\/wp-json\/wp\/v2\/product\/24203\/revisions"}],"predecessor-version":[{"id":24230,"href":"https:\/\/www.aurorscalartechnology.com\/it\/wp-json\/wp\/v2\/product\/24203\/revisions\/24230"}],"wp:featuredmedia":[{"embeddable":true,"href":"https:\/\/www.aurorscalartechnology.com\/it\/wp-json\/wp\/v2\/media\/22684"}],"wp:attachment":[{"href":"https:\/\/www.aurorscalartechnology.com\/it\/wp-json\/wp\/v2\/media?parent=24203"}],"wp:term":[{"taxonomy":"product_cat","embeddable":true,"href":"https:\/\/www.aurorscalartechnology.com\/it\/wp-json\/wp\/v2\/product_cat?post=24203"},{"taxonomy":"product_tag","embeddable":true,"href":"https:\/\/www.aurorscalartechnology.com\/it\/wp-json\/wp\/v2\/product_tag?post=24203"}],"curies":[{"name":"wp","href":"https:\/\/api.w.org\/{rel}","templated":true}]}}