{"id":2501,"date":"2023-08-07T13:46:58","date_gmt":"2023-08-07T11:46:58","guid":{"rendered":"https:\/\/www.aurorscalartechnology.com\/product\/vitality-balance-argireline-dag-en-nachtcreme\/"},"modified":"2023-08-31T12:58:19","modified_gmt":"2023-08-31T12:58:19","slug":"vitality-balance-argireline-dag-en-nachtcreme","status":"publish","type":"product","link":"https:\/\/www.aurorscalartechnology.com\/it\/prodotto\/vitality-balance-argireline-dag-en-nachtcreme\/","title":{"rendered":"Vitality Balance\/Argireline dag en nachtcr\u00e8me"},"content":{"rendered":"\t\t<div data-elementor-type=\"wp-post\" data-elementor-id=\"2501\" class=\"elementor elementor-2501 elementor-1195\">\n\t\t\t\t\t\t<section class=\"elementor-section elementor-top-section elementor-element elementor-element-ac98f48 elementor-section-boxed elementor-section-height-default elementor-section-height-default\" data-id=\"ac98f48\" data-element_type=\"section\" data-e-type=\"section\">\n\t\t\t\t\t\t<div class=\"elementor-container elementor-column-gap-default\">\n\t\t\t\t\t<div class=\"elementor-column elementor-col-33 elementor-top-column elementor-element elementor-element-a9c3cf6\" data-id=\"a9c3cf6\" data-element_type=\"column\" data-e-type=\"column\">\n\t\t\t<div class=\"elementor-widget-wrap elementor-element-populated\">\n\t\t\t\t\t\t<div class=\"elementor-element elementor-element-93eceae elementor-widget elementor-widget-text-editor\" data-id=\"93eceae\" data-element_type=\"widget\" data-e-type=\"widget\" data-widget_type=\"text-editor.default\">\n\t\t\t\t<div class=\"elementor-widget-container\">\n\t\t\t\t\t\t\t\t\t<h3 class=\"fusion-responsive-typography-calculated\" data-fontsize=\"16\" data-lineheight=\"24px\">Cosa fa la crema Vitality-Balance antirughe<\/h3><p>La crema Vitality Balance antirughe \u00e8 arricchita con la crema Argireline e fa s\u00ec che la pelle rimanga sempre piacevolmente liscia. Argireline \u00e8 una sostanza nota nell\u2019industria cosmetica per la riduzione delle rughe. La crema Vitality Balance antirughe \u00e8 una crema che aiuta a ringiovanire la pelle. Nella maggior parte dei casi, \u00e8 consigliato utilizzare la crema antirughe Vitality Balance da una a quattro settimane per notare un rafforzamento della pelle e ridurre le rughe e le macchie pigmentarie. Un colore della pelle poco luminoso pu\u00f2 anche assumere una tonalit\u00e0 pi\u00f9 sana, perch\u00e9 la crema ha anche un effetto positivo sulla circolazione sanguigna. Nella maggior parte dei casi, si inizieranno a notare le prime differenze nel corso della prima settimana. Naturalmente, una determinata persona potr\u00e0 reagire pi\u00f9 velocemente rispetto a un\u2019altra, perch\u00e9 ogni corpo reagisce in modo diverso. Pi\u00f9 viene usata la crema, pi\u00f9 sar\u00e0 possibile notare un ammorbidimento e una conseguente scomparsa delle rughe. \u00c8 un prodotto naturale e ha dunque bisogno di un certo lasso di tempo per mostrare la propria efficacia. Pi\u00f9 a lungo viene utilizzata la crema, pi\u00f9 le rughe si attenueranno. Per rafforzare il processo, si pu\u00f2 anche utilizzare l\u2019oro colloidale\/ l\u2019acqua d\u2019oro (Formula Rejuvenation Gold) a uso interno, che garantisce un migliore funzionamento dall\u2019interno. La crema antirughe Vitality Balance \u00e8 una crema che pu\u00f2 essere utilizzata sia dagli uomini che dalle donne. La crema antirughe Vitality Balance pu\u00f2 essere utilizzata anche come burro cacao.\u00a0 L\u2019invecchiamento della pelle, tra le altre cose, \u00e8 causato da un alto livello di squilibrio che \u00e8 molto comune nella nostra societ\u00e0. Questo avviene anche a causa di un eccessivo sforzo fisico e psicologico, stress, il fumo, emozioni, cambiamenti nelle abitudini alimentari, utilizzo di prodotti chimici, una cattiva alimentazione, inquinamento ecc. A causa di tutte queste influenze il corpo e il suo equilibrio ormonale risultano sbilanciati. Alcune delle ghiandole coinvolte nella gestione ormonale sono l\u2019epifisi o ghiandola pineale, l\u2019ipofisi, l\u2019ipofisi, l\u2019ipotalamo, la tiroide e la paratiroide, il timo, il pancreas, le ghiandole surrenali e le gonadi.<\/p>\t\t\t\t\t\t\t\t<\/div>\n\t\t\t\t<\/div>\n\t\t\t\t\t<\/div>\n\t\t<\/div>\n\t\t\t\t<div class=\"elementor-column elementor-col-33 elementor-top-column elementor-element elementor-element-ca81899\" data-id=\"ca81899\" data-element_type=\"column\" data-e-type=\"column\">\n\t\t\t<div class=\"elementor-widget-wrap elementor-element-populated\">\n\t\t\t\t\t\t<div class=\"elementor-element elementor-element-7312084 elementor-widget elementor-widget-text-editor\" data-id=\"7312084\" data-element_type=\"widget\" data-e-type=\"widget\" data-widget_type=\"text-editor.default\">\n\t\t\t\t<div class=\"elementor-widget-container\">\n\t\t\t\t\t\t\t\t\t<h3 class=\"fusion-responsive-typography-calculated\" data-fontsize=\"16\" data-lineheight=\"24px\">Cosa contiene la crema Vitality-Balance antirughe<\/h3><p>Argireline o.5%<\/p><p>C60 0.5%<br \/>Oro colloidale, argento, platino e indio<br \/>Acido ialuronico<br \/>Magnesio<br \/>Vaniglia<br \/>Vitamina A<br \/>Vitamina C<br \/>Vitamina E<br \/>Olio di cocco<br \/>Vasellina<br \/>Igname selvatico<\/p><p>La crema Vitality Balance non contiene nessun ormone n\u00e9 elemento chimico.<\/p>\t\t\t\t\t\t\t\t<\/div>\n\t\t\t\t<\/div>\n\t\t\t\t\t<\/div>\n\t\t<\/div>\n\t\t\t\t<div class=\"elementor-column elementor-col-33 elementor-top-column elementor-element elementor-element-c29160e\" data-id=\"c29160e\" data-element_type=\"column\" data-e-type=\"column\">\n\t\t\t<div class=\"elementor-widget-wrap elementor-element-populated\">\n\t\t\t\t\t\t<div class=\"elementor-element elementor-element-27dae99 elementor-widget elementor-widget-text-editor\" data-id=\"27dae99\" data-element_type=\"widget\" data-e-type=\"widget\" data-widget_type=\"text-editor.default\">\n\t\t\t\t<div class=\"elementor-widget-container\">\n\t\t\t\t\t\t\t\t\t<h3 class=\"fusion-responsive-typography-calculated\" data-fontsize=\"16\" data-lineheight=\"24px\">Come utilizzarla<\/h3><p>La crema antirughe Vitality Balance deve essere applicata 1 o 2 volte al giorno sul viso e sul collo. Applicare qualche punto di crema qua e l\u00e0 sul viso e sul collo in modo che assorba il calore della pelle e risulti di facile applicazione. Bisogna utilizzare poca crema, dal momento che non \u00e8 necessario che sia assorbita dalla pelle come nel caso delle altre creme. La Vitality Balance \u00e8 una crema notturna e diurna e pu\u00f2 essere utilizzata sia da uomini che da donne.<\/p><p>Il prodotto viene anche utilizzato per: tessuto cicatriziale e macchie antiestetiche sulla pelle.<\/p><p>Il prodotto \u00e8 completamente privo di: conservanti, profumi sintetici, coloranti e aromi. Prezzo per 50 ml \u20ac 25.=<\/p>\t\t\t\t\t\t\t\t<\/div>\n\t\t\t\t<\/div>\n\t\t\t\t\t<\/div>\n\t\t<\/div>\n\t\t\t\t\t<\/div>\n\t\t<\/section>\n\t\t\t\t<\/div>\n\t\t","protected":false},"excerpt":{"rendered":"<p>De Vitality Balance anti-rimpel cr\u00e8me is ondermeer verrijkt met Argireline en zorgt voor een mooie gladde huid. Argireline is een stof die in de cosmetica branche bekend staat om het verminderen van rinpels. De Vitality Balance anti-rimpel cr\u00e8me is een huid verjongende cr\u00e8me.<\/p>\n","protected":false},"featured_media":2013,"template":"","meta":[],"product_cat":[322,265],"product_tag":[],"class_list":{"0":"post-2501","1":"product","2":"type-product","3":"status-publish","4":"has-post-thumbnail","6":"product_cat-crema-giorno-e-notte","7":"product_cat-tutti-i-prodotti","8":"product_shipping_class-post-pakket-it","10":"first","11":"instock","12":"taxable","13":"shipping-taxable","14":"purchasable","15":"product-type-variable"},"yoast_head":"<!-- This site is optimized with the Yoast SEO plugin v27.4 - https:\/\/yoast.com\/product\/yoast-seo-wordpress\/ -->\n<title>Vitality Balance\/Argireline dag en nachtcr\u00e8me - Auror Scalar Technology<\/title>\n<meta name=\"robots\" content=\"index, follow, max-snippet:-1, max-image-preview:large, max-video-preview:-1\" \/>\n<link rel=\"canonical\" href=\"https:\/\/www.aurorscalartechnology.com\/it\/prodotto\/vitality-balance-argireline-dag-en-nachtcreme\/\" \/>\n<meta property=\"og:locale\" content=\"it_IT\" \/>\n<meta property=\"og:type\" content=\"article\" \/>\n<meta property=\"og:title\" content=\"Vitality Balance\/Argireline dag en nachtcr\u00e8me - Auror Scalar Technology\" \/>\n<meta property=\"og:description\" content=\"De Vitality Balance anti-rimpel cr\u00e8me is ondermeer verrijkt met Argireline en zorgt voor een mooie gladde huid. Argireline is een stof die in de cosmetica branche bekend staat om het verminderen van rinpels. De Vitality Balance anti-rimpel cr\u00e8me is een huid verjongende cr\u00e8me.\" \/>\n<meta property=\"og:url\" content=\"https:\/\/www.aurorscalartechnology.com\/it\/prodotto\/vitality-balance-argireline-dag-en-nachtcreme\/\" \/>\n<meta property=\"og:site_name\" content=\"Auror Scalar Technology\" \/>\n<meta property=\"article:modified_time\" content=\"2023-08-31T12:58:19+00:00\" \/>\n<meta property=\"og:image\" content=\"https:\/\/www.aurorscalartechnology.com\/wp-content\/uploads\/2023\/08\/vitalitybalance-auror-600x600-1.jpeg\" \/>\n\t<meta property=\"og:image:width\" content=\"600\" \/>\n\t<meta property=\"og:image:height\" content=\"600\" \/>\n\t<meta property=\"og:image:type\" content=\"image\/jpeg\" \/>\n<meta name=\"twitter:card\" content=\"summary_large_image\" \/>\n<meta name=\"twitter:label1\" content=\"Tempo di lettura stimato\" \/>\n\t<meta name=\"twitter:data1\" content=\"2 minuti\" \/>\n<script type=\"application\/ld+json\" class=\"yoast-schema-graph\">{\"@context\":\"https:\\\/\\\/schema.org\",\"@graph\":[{\"@type\":\"WebPage\",\"@id\":\"https:\\\/\\\/www.aurorscalartechnology.com\\\/it\\\/prodotto\\\/vitality-balance-argireline-dag-en-nachtcreme\\\/\",\"url\":\"https:\\\/\\\/www.aurorscalartechnology.com\\\/it\\\/prodotto\\\/vitality-balance-argireline-dag-en-nachtcreme\\\/\",\"name\":\"Vitality Balance\\\/Argireline dag en nachtcr\u00e8me - Auror Scalar Technology\",\"isPartOf\":{\"@id\":\"https:\\\/\\\/www.aurorscalartechnology.com\\\/it\\\/#website\"},\"primaryImageOfPage\":{\"@id\":\"https:\\\/\\\/www.aurorscalartechnology.com\\\/it\\\/prodotto\\\/vitality-balance-argireline-dag-en-nachtcreme\\\/#primaryimage\"},\"image\":{\"@id\":\"https:\\\/\\\/www.aurorscalartechnology.com\\\/it\\\/prodotto\\\/vitality-balance-argireline-dag-en-nachtcreme\\\/#primaryimage\"},\"thumbnailUrl\":\"https:\\\/\\\/www.aurorscalartechnology.com\\\/wp-content\\\/uploads\\\/2023\\\/08\\\/vitalitybalance-auror-600x600-1.jpeg\",\"datePublished\":\"2023-08-07T11:46:58+00:00\",\"dateModified\":\"2023-08-31T12:58:19+00:00\",\"breadcrumb\":{\"@id\":\"https:\\\/\\\/www.aurorscalartechnology.com\\\/it\\\/prodotto\\\/vitality-balance-argireline-dag-en-nachtcreme\\\/#breadcrumb\"},\"inLanguage\":\"it-IT\",\"potentialAction\":[{\"@type\":\"ReadAction\",\"target\":[\"https:\\\/\\\/www.aurorscalartechnology.com\\\/it\\\/prodotto\\\/vitality-balance-argireline-dag-en-nachtcreme\\\/\"]}]},{\"@type\":\"ImageObject\",\"inLanguage\":\"it-IT\",\"@id\":\"https:\\\/\\\/www.aurorscalartechnology.com\\\/it\\\/prodotto\\\/vitality-balance-argireline-dag-en-nachtcreme\\\/#primaryimage\",\"url\":\"https:\\\/\\\/www.aurorscalartechnology.com\\\/wp-content\\\/uploads\\\/2023\\\/08\\\/vitalitybalance-auror-600x600-1.jpeg\",\"contentUrl\":\"https:\\\/\\\/www.aurorscalartechnology.com\\\/wp-content\\\/uploads\\\/2023\\\/08\\\/vitalitybalance-auror-600x600-1.jpeg\",\"width\":600,\"height\":600},{\"@type\":\"BreadcrumbList\",\"@id\":\"https:\\\/\\\/www.aurorscalartechnology.com\\\/it\\\/prodotto\\\/vitality-balance-argireline-dag-en-nachtcreme\\\/#breadcrumb\",\"itemListElement\":[{\"@type\":\"ListItem\",\"position\":1,\"name\":\"Home\",\"item\":\"https:\\\/\\\/www.aurorscalartechnology.com\\\/it\\\/\"},{\"@type\":\"ListItem\",\"position\":2,\"name\":\"Negozio\",\"item\":\"https:\\\/\\\/www.aurorscalartechnology.com\\\/it\\\/negozio\\\/\"},{\"@type\":\"ListItem\",\"position\":3,\"name\":\"Vitality Balance\\\/Argireline dag en nachtcr\u00e8me\"}]},{\"@type\":\"WebSite\",\"@id\":\"https:\\\/\\\/www.aurorscalartechnology.com\\\/it\\\/#website\",\"url\":\"https:\\\/\\\/www.aurorscalartechnology.com\\\/it\\\/\",\"name\":\"Auror Scalar Technology\",\"description\":\"\",\"potentialAction\":[{\"@type\":\"SearchAction\",\"target\":{\"@type\":\"EntryPoint\",\"urlTemplate\":\"https:\\\/\\\/www.aurorscalartechnology.com\\\/it\\\/?s={search_term_string}\"},\"query-input\":{\"@type\":\"PropertyValueSpecification\",\"valueRequired\":true,\"valueName\":\"search_term_string\"}}],\"inLanguage\":\"it-IT\"}]}<\/script>\n<!-- \/ Yoast SEO plugin. -->","yoast_head_json":{"title":"Vitality Balance\/Argireline dag en nachtcr\u00e8me - Auror Scalar Technology","robots":{"index":"index","follow":"follow","max-snippet":"max-snippet:-1","max-image-preview":"max-image-preview:large","max-video-preview":"max-video-preview:-1"},"canonical":"https:\/\/www.aurorscalartechnology.com\/it\/prodotto\/vitality-balance-argireline-dag-en-nachtcreme\/","og_locale":"it_IT","og_type":"article","og_title":"Vitality Balance\/Argireline dag en nachtcr\u00e8me - Auror Scalar Technology","og_description":"De Vitality Balance anti-rimpel cr\u00e8me is ondermeer verrijkt met Argireline en zorgt voor een mooie gladde huid. Argireline is een stof die in de cosmetica branche bekend staat om het verminderen van rinpels. De Vitality Balance anti-rimpel cr\u00e8me is een huid verjongende cr\u00e8me.","og_url":"https:\/\/www.aurorscalartechnology.com\/it\/prodotto\/vitality-balance-argireline-dag-en-nachtcreme\/","og_site_name":"Auror Scalar Technology","article_modified_time":"2023-08-31T12:58:19+00:00","og_image":[{"width":600,"height":600,"url":"https:\/\/www.aurorscalartechnology.com\/wp-content\/uploads\/2023\/08\/vitalitybalance-auror-600x600-1.jpeg","type":"image\/jpeg"}],"twitter_card":"summary_large_image","twitter_misc":{"Tempo di lettura stimato":"2 minuti"},"schema":{"@context":"https:\/\/schema.org","@graph":[{"@type":"WebPage","@id":"https:\/\/www.aurorscalartechnology.com\/it\/prodotto\/vitality-balance-argireline-dag-en-nachtcreme\/","url":"https:\/\/www.aurorscalartechnology.com\/it\/prodotto\/vitality-balance-argireline-dag-en-nachtcreme\/","name":"Vitality Balance\/Argireline dag en nachtcr\u00e8me - Auror Scalar Technology","isPartOf":{"@id":"https:\/\/www.aurorscalartechnology.com\/it\/#website"},"primaryImageOfPage":{"@id":"https:\/\/www.aurorscalartechnology.com\/it\/prodotto\/vitality-balance-argireline-dag-en-nachtcreme\/#primaryimage"},"image":{"@id":"https:\/\/www.aurorscalartechnology.com\/it\/prodotto\/vitality-balance-argireline-dag-en-nachtcreme\/#primaryimage"},"thumbnailUrl":"https:\/\/www.aurorscalartechnology.com\/wp-content\/uploads\/2023\/08\/vitalitybalance-auror-600x600-1.jpeg","datePublished":"2023-08-07T11:46:58+00:00","dateModified":"2023-08-31T12:58:19+00:00","breadcrumb":{"@id":"https:\/\/www.aurorscalartechnology.com\/it\/prodotto\/vitality-balance-argireline-dag-en-nachtcreme\/#breadcrumb"},"inLanguage":"it-IT","potentialAction":[{"@type":"ReadAction","target":["https:\/\/www.aurorscalartechnology.com\/it\/prodotto\/vitality-balance-argireline-dag-en-nachtcreme\/"]}]},{"@type":"ImageObject","inLanguage":"it-IT","@id":"https:\/\/www.aurorscalartechnology.com\/it\/prodotto\/vitality-balance-argireline-dag-en-nachtcreme\/#primaryimage","url":"https:\/\/www.aurorscalartechnology.com\/wp-content\/uploads\/2023\/08\/vitalitybalance-auror-600x600-1.jpeg","contentUrl":"https:\/\/www.aurorscalartechnology.com\/wp-content\/uploads\/2023\/08\/vitalitybalance-auror-600x600-1.jpeg","width":600,"height":600},{"@type":"BreadcrumbList","@id":"https:\/\/www.aurorscalartechnology.com\/it\/prodotto\/vitality-balance-argireline-dag-en-nachtcreme\/#breadcrumb","itemListElement":[{"@type":"ListItem","position":1,"name":"Home","item":"https:\/\/www.aurorscalartechnology.com\/it\/"},{"@type":"ListItem","position":2,"name":"Negozio","item":"https:\/\/www.aurorscalartechnology.com\/it\/negozio\/"},{"@type":"ListItem","position":3,"name":"Vitality Balance\/Argireline dag en nachtcr\u00e8me"}]},{"@type":"WebSite","@id":"https:\/\/www.aurorscalartechnology.com\/it\/#website","url":"https:\/\/www.aurorscalartechnology.com\/it\/","name":"Auror Scalar Technology","description":"","potentialAction":[{"@type":"SearchAction","target":{"@type":"EntryPoint","urlTemplate":"https:\/\/www.aurorscalartechnology.com\/it\/?s={search_term_string}"},"query-input":{"@type":"PropertyValueSpecification","valueRequired":true,"valueName":"search_term_string"}}],"inLanguage":"it-IT"}]}},"_links":{"self":[{"href":"https:\/\/www.aurorscalartechnology.com\/it\/wp-json\/wp\/v2\/product\/2501","targetHints":{"allow":["GET"]}}],"collection":[{"href":"https:\/\/www.aurorscalartechnology.com\/it\/wp-json\/wp\/v2\/product"}],"about":[{"href":"https:\/\/www.aurorscalartechnology.com\/it\/wp-json\/wp\/v2\/types\/product"}],"version-history":[{"count":0,"href":"https:\/\/www.aurorscalartechnology.com\/it\/wp-json\/wp\/v2\/product\/2501\/revisions"}],"wp:featuredmedia":[{"embeddable":true,"href":"https:\/\/www.aurorscalartechnology.com\/it\/wp-json\/wp\/v2\/media\/2013"}],"wp:attachment":[{"href":"https:\/\/www.aurorscalartechnology.com\/it\/wp-json\/wp\/v2\/media?parent=2501"}],"wp:term":[{"taxonomy":"product_cat","embeddable":true,"href":"https:\/\/www.aurorscalartechnology.com\/it\/wp-json\/wp\/v2\/product_cat?post=2501"},{"taxonomy":"product_tag","embeddable":true,"href":"https:\/\/www.aurorscalartechnology.com\/it\/wp-json\/wp\/v2\/product_tag?post=2501"}],"curies":[{"name":"wp","href":"https:\/\/api.w.org\/{rel}","templated":true}]}}