{"id":22829,"date":"2024-05-22T08:17:51","date_gmt":"2024-05-22T08:17:51","guid":{"rendered":"https:\/\/www.aurorscalartechnology.com\/product\/hvr-formula-en-mineralen-complex-200ml\/"},"modified":"2024-08-20T12:00:07","modified_gmt":"2024-08-20T12:00:07","slug":"hvr-formula-en-mineralen-complex-200ml","status":"publish","type":"product","link":"https:\/\/www.aurorscalartechnology.com\/pl\/produkt\/hvr-formula-en-mineralen-complex-200ml\/","title":{"rendered":"HVR formula en mineralen complex 200ml"},"content":{"rendered":"\t\t<div data-elementor-type=\"wp-post\" data-elementor-id=\"22829\" class=\"elementor elementor-22829 elementor-22476\">\n\t\t\t\t\t\t<section class=\"elementor-section elementor-top-section elementor-element elementor-element-734933e elementor-section-boxed elementor-section-height-default elementor-section-height-default\" data-id=\"734933e\" data-element_type=\"section\" data-e-type=\"section\">\n\t\t\t\t\t\t<div class=\"elementor-container elementor-column-gap-default\">\n\t\t\t\t\t<div class=\"elementor-column elementor-col-100 elementor-top-column elementor-element elementor-element-b445639\" data-id=\"b445639\" data-element_type=\"column\" data-e-type=\"column\">\n\t\t\t<div class=\"elementor-widget-wrap elementor-element-populated\">\n\t\t\t\t\t\t<div class=\"elementor-element elementor-element-f4d3c9b elementor-widget__width-initial elementor-widget elementor-widget-text-editor\" data-id=\"f4d3c9b\" data-element_type=\"widget\" data-e-type=\"widget\" data-widget_type=\"text-editor.default\">\n\t\t\t\t<div class=\"elementor-widget-container\">\n\t\t\t\t\t\t\t\t\t<p>HVR Formula i Minerals Complex opieraj\u0105 si\u0119 na d\u0142ugim \u017cyciu, aby zapobiega\u0107 problemom fizycznym i psychicznym. Cia\u0142o nie jest stworzone do \u017cycia 50, 60 czy 70 lat, cia\u0142o powinno by\u0107 w stanie przetrwa\u0107 co najmniej 130 lat i to przy zachowaniu jako\u015bci \u017cycia. Witalno\u015b\u0107, rado\u015b\u0107 \u017cycia i d\u0142uga \u017cywotno\u015b\u0107 &#8211; w\u0142a\u015bnie po to opracowano te dwa produkty i najlepiej stosowa\u0107 je razem. Oczywi\u015bcie nie znamy naszego planu, co oznacza, \u017ce nie wiemy, jaki b\u0119dzie przebieg naszego \u017cycia, kt\u00f3ry w du\u017cej mierze jest ju\u017c ustalony. To r\u00f3wnie\u017c odgrywa du\u017c\u0105 rol\u0119 w naszym \u017cyciu. Obie butelki zawieraj\u0105 200 ml i wystarcz\u0105 na oko\u0142o cztery miesi\u0105ce, je\u015bli zastosuje si\u0119 zalecan\u0105 dawk\u0119, poniewa\u017c dozwolona jest r\u00f3wnie\u017c wi\u0119ksza ilo\u015b\u0107. Aby uzyska\u0107 wi\u0119cej informacji, najlepiej przeczyta\u0107 opis ka\u017cdego produktu na tej stronie.<\/p>\t\t\t\t\t\t\t\t<\/div>\n\t\t\t\t<\/div>\n\t\t\t\t\t<\/div>\n\t\t<\/div>\n\t\t\t\t\t<\/div>\n\t\t<\/section>\n\t\t\t\t<\/div>\n\t\t","protected":false},"excerpt":{"rendered":"<p>H V R Formula z TA65 i w\u0119glem\/w\u0119glem i prokain\u0105 200ml + Koloidalny Kompleks Mineralny 200ml. Normalnie 250 euro, teraz tymczasowo obni\u017cona o 25 euro.<\/p>\n","protected":false},"featured_media":22736,"template":"","meta":[],"product_cat":[273],"product_tag":[],"class_list":{"0":"post-22829","1":"product","2":"type-product","3":"status-publish","4":"has-post-thumbnail","6":"product_cat-wszystkie-produkty","8":"first","9":"instock","10":"sale","11":"featured","12":"taxable","13":"shipping-taxable","14":"purchasable","15":"product-type-variable"},"yoast_head":"<!-- This site is optimized with the Yoast SEO plugin v27.4 - https:\/\/yoast.com\/product\/yoast-seo-wordpress\/ -->\n<title>HVR formula en mineralen complex 200ml - Auror Scalar Technology<\/title>\n<meta name=\"robots\" content=\"index, follow, max-snippet:-1, max-image-preview:large, max-video-preview:-1\" \/>\n<link rel=\"canonical\" href=\"https:\/\/www.aurorscalartechnology.com\/pl\/produkt\/hvr-formula-en-mineralen-complex-200ml\/\" \/>\n<meta property=\"og:locale\" content=\"pl_PL\" \/>\n<meta property=\"og:type\" content=\"article\" \/>\n<meta property=\"og:title\" content=\"HVR formula en mineralen complex 200ml - Auror Scalar Technology\" \/>\n<meta property=\"og:description\" content=\"H V R Formula z TA65 i w\u0119glem\/w\u0119glem i prokain\u0105 200ml + Koloidalny Kompleks Mineralny 200ml. Normalnie 250 euro, teraz tymczasowo obni\u017cona o 25 euro.\" \/>\n<meta property=\"og:url\" content=\"https:\/\/www.aurorscalartechnology.com\/pl\/produkt\/hvr-formula-en-mineralen-complex-200ml\/\" \/>\n<meta property=\"og:site_name\" content=\"Auror Scalar Technology\" \/>\n<meta property=\"article:modified_time\" content=\"2024-08-20T12:00:07+00:00\" \/>\n<meta property=\"og:image\" content=\"https:\/\/www.aurorscalartechnology.com\/wp-content\/uploads\/2024\/05\/14b-1-scaled.jpg\" \/>\n\t<meta property=\"og:image:width\" content=\"2560\" \/>\n\t<meta property=\"og:image:height\" content=\"2019\" \/>\n\t<meta property=\"og:image:type\" content=\"image\/jpeg\" \/>\n<meta name=\"twitter:card\" content=\"summary_large_image\" \/>\n<meta name=\"twitter:label1\" content=\"Szacowany czas czytania\" \/>\n\t<meta name=\"twitter:data1\" content=\"1 minuta\" \/>\n<script type=\"application\/ld+json\" class=\"yoast-schema-graph\">{\"@context\":\"https:\\\/\\\/schema.org\",\"@graph\":[{\"@type\":\"WebPage\",\"@id\":\"https:\\\/\\\/www.aurorscalartechnology.com\\\/pl\\\/produkt\\\/hvr-formula-en-mineralen-complex-200ml\\\/\",\"url\":\"https:\\\/\\\/www.aurorscalartechnology.com\\\/pl\\\/produkt\\\/hvr-formula-en-mineralen-complex-200ml\\\/\",\"name\":\"HVR formula en mineralen complex 200ml - Auror Scalar Technology\",\"isPartOf\":{\"@id\":\"https:\\\/\\\/www.aurorscalartechnology.com\\\/pl\\\/#website\"},\"primaryImageOfPage\":{\"@id\":\"https:\\\/\\\/www.aurorscalartechnology.com\\\/pl\\\/produkt\\\/hvr-formula-en-mineralen-complex-200ml\\\/#primaryimage\"},\"image\":{\"@id\":\"https:\\\/\\\/www.aurorscalartechnology.com\\\/pl\\\/produkt\\\/hvr-formula-en-mineralen-complex-200ml\\\/#primaryimage\"},\"thumbnailUrl\":\"https:\\\/\\\/www.aurorscalartechnology.com\\\/wp-content\\\/uploads\\\/2024\\\/05\\\/14b-1-scaled.jpg\",\"datePublished\":\"2024-05-22T08:17:51+00:00\",\"dateModified\":\"2024-08-20T12:00:07+00:00\",\"breadcrumb\":{\"@id\":\"https:\\\/\\\/www.aurorscalartechnology.com\\\/pl\\\/produkt\\\/hvr-formula-en-mineralen-complex-200ml\\\/#breadcrumb\"},\"inLanguage\":\"pl-PL\",\"potentialAction\":[{\"@type\":\"ReadAction\",\"target\":[\"https:\\\/\\\/www.aurorscalartechnology.com\\\/pl\\\/produkt\\\/hvr-formula-en-mineralen-complex-200ml\\\/\"]}]},{\"@type\":\"ImageObject\",\"inLanguage\":\"pl-PL\",\"@id\":\"https:\\\/\\\/www.aurorscalartechnology.com\\\/pl\\\/produkt\\\/hvr-formula-en-mineralen-complex-200ml\\\/#primaryimage\",\"url\":\"https:\\\/\\\/www.aurorscalartechnology.com\\\/wp-content\\\/uploads\\\/2024\\\/05\\\/14b-1-scaled.jpg\",\"contentUrl\":\"https:\\\/\\\/www.aurorscalartechnology.com\\\/wp-content\\\/uploads\\\/2024\\\/05\\\/14b-1-scaled.jpg\",\"width\":2560,\"height\":2019},{\"@type\":\"BreadcrumbList\",\"@id\":\"https:\\\/\\\/www.aurorscalartechnology.com\\\/pl\\\/produkt\\\/hvr-formula-en-mineralen-complex-200ml\\\/#breadcrumb\",\"itemListElement\":[{\"@type\":\"ListItem\",\"position\":1,\"name\":\"Home\",\"item\":\"https:\\\/\\\/www.aurorscalartechnology.com\\\/pl\\\/\"},{\"@type\":\"ListItem\",\"position\":2,\"name\":\"Sklep\",\"item\":\"https:\\\/\\\/www.aurorscalartechnology.com\\\/pl\\\/sklep\\\/\"},{\"@type\":\"ListItem\",\"position\":3,\"name\":\"HVR formula en mineralen complex 200ml\"}]},{\"@type\":\"WebSite\",\"@id\":\"https:\\\/\\\/www.aurorscalartechnology.com\\\/pl\\\/#website\",\"url\":\"https:\\\/\\\/www.aurorscalartechnology.com\\\/pl\\\/\",\"name\":\"Auror Scalar Technology\",\"description\":\"\",\"potentialAction\":[{\"@type\":\"SearchAction\",\"target\":{\"@type\":\"EntryPoint\",\"urlTemplate\":\"https:\\\/\\\/www.aurorscalartechnology.com\\\/pl\\\/?s={search_term_string}\"},\"query-input\":{\"@type\":\"PropertyValueSpecification\",\"valueRequired\":true,\"valueName\":\"search_term_string\"}}],\"inLanguage\":\"pl-PL\"}]}<\/script>\n<!-- \/ Yoast SEO plugin. -->","yoast_head_json":{"title":"HVR formula en mineralen complex 200ml - Auror Scalar Technology","robots":{"index":"index","follow":"follow","max-snippet":"max-snippet:-1","max-image-preview":"max-image-preview:large","max-video-preview":"max-video-preview:-1"},"canonical":"https:\/\/www.aurorscalartechnology.com\/pl\/produkt\/hvr-formula-en-mineralen-complex-200ml\/","og_locale":"pl_PL","og_type":"article","og_title":"HVR formula en mineralen complex 200ml - Auror Scalar Technology","og_description":"H V R Formula z TA65 i w\u0119glem\/w\u0119glem i prokain\u0105 200ml + Koloidalny Kompleks Mineralny 200ml. Normalnie 250 euro, teraz tymczasowo obni\u017cona o 25 euro.","og_url":"https:\/\/www.aurorscalartechnology.com\/pl\/produkt\/hvr-formula-en-mineralen-complex-200ml\/","og_site_name":"Auror Scalar Technology","article_modified_time":"2024-08-20T12:00:07+00:00","og_image":[{"width":2560,"height":2019,"url":"https:\/\/www.aurorscalartechnology.com\/wp-content\/uploads\/2024\/05\/14b-1-scaled.jpg","type":"image\/jpeg"}],"twitter_card":"summary_large_image","twitter_misc":{"Szacowany czas czytania":"1 minuta"},"schema":{"@context":"https:\/\/schema.org","@graph":[{"@type":"WebPage","@id":"https:\/\/www.aurorscalartechnology.com\/pl\/produkt\/hvr-formula-en-mineralen-complex-200ml\/","url":"https:\/\/www.aurorscalartechnology.com\/pl\/produkt\/hvr-formula-en-mineralen-complex-200ml\/","name":"HVR formula en mineralen complex 200ml - Auror Scalar Technology","isPartOf":{"@id":"https:\/\/www.aurorscalartechnology.com\/pl\/#website"},"primaryImageOfPage":{"@id":"https:\/\/www.aurorscalartechnology.com\/pl\/produkt\/hvr-formula-en-mineralen-complex-200ml\/#primaryimage"},"image":{"@id":"https:\/\/www.aurorscalartechnology.com\/pl\/produkt\/hvr-formula-en-mineralen-complex-200ml\/#primaryimage"},"thumbnailUrl":"https:\/\/www.aurorscalartechnology.com\/wp-content\/uploads\/2024\/05\/14b-1-scaled.jpg","datePublished":"2024-05-22T08:17:51+00:00","dateModified":"2024-08-20T12:00:07+00:00","breadcrumb":{"@id":"https:\/\/www.aurorscalartechnology.com\/pl\/produkt\/hvr-formula-en-mineralen-complex-200ml\/#breadcrumb"},"inLanguage":"pl-PL","potentialAction":[{"@type":"ReadAction","target":["https:\/\/www.aurorscalartechnology.com\/pl\/produkt\/hvr-formula-en-mineralen-complex-200ml\/"]}]},{"@type":"ImageObject","inLanguage":"pl-PL","@id":"https:\/\/www.aurorscalartechnology.com\/pl\/produkt\/hvr-formula-en-mineralen-complex-200ml\/#primaryimage","url":"https:\/\/www.aurorscalartechnology.com\/wp-content\/uploads\/2024\/05\/14b-1-scaled.jpg","contentUrl":"https:\/\/www.aurorscalartechnology.com\/wp-content\/uploads\/2024\/05\/14b-1-scaled.jpg","width":2560,"height":2019},{"@type":"BreadcrumbList","@id":"https:\/\/www.aurorscalartechnology.com\/pl\/produkt\/hvr-formula-en-mineralen-complex-200ml\/#breadcrumb","itemListElement":[{"@type":"ListItem","position":1,"name":"Home","item":"https:\/\/www.aurorscalartechnology.com\/pl\/"},{"@type":"ListItem","position":2,"name":"Sklep","item":"https:\/\/www.aurorscalartechnology.com\/pl\/sklep\/"},{"@type":"ListItem","position":3,"name":"HVR formula en mineralen complex 200ml"}]},{"@type":"WebSite","@id":"https:\/\/www.aurorscalartechnology.com\/pl\/#website","url":"https:\/\/www.aurorscalartechnology.com\/pl\/","name":"Auror Scalar Technology","description":"","potentialAction":[{"@type":"SearchAction","target":{"@type":"EntryPoint","urlTemplate":"https:\/\/www.aurorscalartechnology.com\/pl\/?s={search_term_string}"},"query-input":{"@type":"PropertyValueSpecification","valueRequired":true,"valueName":"search_term_string"}}],"inLanguage":"pl-PL"}]}},"_links":{"self":[{"href":"https:\/\/www.aurorscalartechnology.com\/pl\/wp-json\/wp\/v2\/product\/22829","targetHints":{"allow":["GET"]}}],"collection":[{"href":"https:\/\/www.aurorscalartechnology.com\/pl\/wp-json\/wp\/v2\/product"}],"about":[{"href":"https:\/\/www.aurorscalartechnology.com\/pl\/wp-json\/wp\/v2\/types\/product"}],"version-history":[{"count":6,"href":"https:\/\/www.aurorscalartechnology.com\/pl\/wp-json\/wp\/v2\/product\/22829\/revisions"}],"predecessor-version":[{"id":23547,"href":"https:\/\/www.aurorscalartechnology.com\/pl\/wp-json\/wp\/v2\/product\/22829\/revisions\/23547"}],"wp:featuredmedia":[{"embeddable":true,"href":"https:\/\/www.aurorscalartechnology.com\/pl\/wp-json\/wp\/v2\/media\/22736"}],"wp:attachment":[{"href":"https:\/\/www.aurorscalartechnology.com\/pl\/wp-json\/wp\/v2\/media?parent=22829"}],"wp:term":[{"taxonomy":"product_cat","embeddable":true,"href":"https:\/\/www.aurorscalartechnology.com\/pl\/wp-json\/wp\/v2\/product_cat?post=22829"},{"taxonomy":"product_tag","embeddable":true,"href":"https:\/\/www.aurorscalartechnology.com\/pl\/wp-json\/wp\/v2\/product_tag?post=22829"}],"curies":[{"name":"wp","href":"https:\/\/api.w.org\/{rel}","templated":true}]}}