{"id":23350,"date":"2023-08-07T13:34:38","date_gmt":"2023-08-07T13:34:38","guid":{"rendered":"https:\/\/www.aurorscalartechnology.com\/?post_type=product&#038;p=23350"},"modified":"2024-08-06T11:14:52","modified_gmt":"2024-08-06T11:14:52","slug":"detoksykacja-za-pomoca-borax-detox-150-ppm","status":"publish","type":"product","link":"https:\/\/www.aurorscalartechnology.com\/pl\/produkt\/detoksykacja-za-pomoca-borax-detox-150-ppm\/","title":{"rendered":"Detoksykacja za pomoc\u0105 Borax Detox 150 PPM"},"content":{"rendered":"\t\t<div data-elementor-type=\"wp-post\" data-elementor-id=\"23350\" class=\"elementor elementor-23350 elementor-1187\">\n\t\t\t\t\t\t<section class=\"elementor-section elementor-top-section elementor-element elementor-element-ac98f48 elementor-section-boxed elementor-section-height-default elementor-section-height-default\" data-id=\"ac98f48\" data-element_type=\"section\" data-e-type=\"section\">\n\t\t\t\t\t\t<div class=\"elementor-container elementor-column-gap-default\">\n\t\t\t\t\t<div class=\"elementor-column elementor-col-33 elementor-top-column elementor-element elementor-element-a9c3cf6\" data-id=\"a9c3cf6\" data-element_type=\"column\" data-e-type=\"column\">\n\t\t\t<div class=\"elementor-widget-wrap elementor-element-populated\">\n\t\t\t\t\t\t<div class=\"elementor-element elementor-element-5e343f4 elementor-widget elementor-widget-pressmart-heading\" data-id=\"5e343f4\" data-element_type=\"widget\" data-e-type=\"widget\" data-widget_type=\"pressmart-heading.default\">\n\t\t\t\t<div class=\"elementor-widget-container\">\n\t\t\t\t\t<div id=\"pressmart-header-9138\" class=\"pressmart-element pressmart-heading text-left separator-none separator-between-heading\">\t\n\t\t\t\n\t\t\t<div class=\"heading-wrap\">\n\t\t\t<span class=\"separator-left\"><\/span>\n\t\t\t<h4 class=\"heading-title\">Detoksykacja za pomoc\u0105 boraksu - Detox<\/h4>\t\t\t<span class=\"separator-right\"><\/span>\n\t\t\t\t\t<\/div>\n\t\t\n    <\/div>\t\t\t\t<\/div>\n\t\t\t\t<\/div>\n\t\t\t\t<div class=\"elementor-element elementor-element-93eceae elementor-widget elementor-widget-text-editor\" data-id=\"93eceae\" data-element_type=\"widget\" data-e-type=\"widget\" data-widget_type=\"text-editor.default\">\n\t\t\t\t<div class=\"elementor-widget-container\">\n\t\t\t\t\t\t\t\t\t<p>Pokonaj artretyzm i osteoporoz\u0119. To tytu\u0142 ksi\u0105\u017cki dr Rexa E. Newnhama o chorobach, o kt\u00f3rych m\u00f3wi si\u0119, \u017ce s\u0105 nieuleczalne. Tak wi\u0119c nie jest to prawd\u0105, wszystko jest mo\u017cliwe, tylko oczywi\u015bcie nie dotyczy to wszystkich!<br \/>Z\u0142a dieta i wybory \u017cywieniowe s\u0105 cz\u0119sto tego przyczyn\u0105. Ale stres i zbyt ma\u0142a ilo\u015b\u0107 snu r\u00f3wnie\u017c mog\u0105 mie\u0107 du\u017cy wp\u0142yw. Czynniki te mog\u0105 prowadzi\u0107 do niedoboru boru\/ boraksu, mi\u0119dzy innymi<br \/>Bor znajduje si\u0119 w marchwi, gruszkach, jab\u0142kach, winogronach, orzechach i zbo\u017cach. Dr Rex Newnham odkry\u0142 na pocz\u0105tku lat 80-tych, \u017ce zdrowi ludzie potrzebuj\u0105 6 miligram\u00f3w boru dziennie, a osoby, kt\u00f3re chc\u0105 wyleczy\u0107 si\u0119 z chor\u00f3b niedoborowych &#8211; 10 miligram\u00f3w.<br \/>By\u0142 w stanie wykaza\u0107 to na ca\u0142ym \u015bwiecie, por\u00f3wnuj\u0105c badan\u0105 diet\u0119 z liczb\u0105 przypadk\u00f3w w regionie, w kt\u00f3rym zapalenie staw\u00f3w i inne dolegliwo\u015bci s\u0105 powszechne.<br \/>Na przyk\u0142ad, odkry\u0142, \u017ce na Jamajce ca\u0142a \u017cywno\u015b\u0107 zawiera\u0142a niewystarczaj\u0105c\u0105 ilo\u015b\u0107 boru (1 miligram), a 70% zachorowa\u0142o na zapalenie staw\u00f3w. W USA, Anglii, Australii, Nowej Zelandii i RPA dieta zawiera\u0142a od 1 do 2 miligram\u00f3w boru, a u 20% rozwin\u0119\u0142o si\u0119 zapalenie staw\u00f3w, g\u0142\u00f3wnie u os\u00f3b starszych.<\/p>\t\t\t\t\t\t\t\t<\/div>\n\t\t\t\t<\/div>\n\t\t\t\t\t<\/div>\n\t\t<\/div>\n\t\t\t\t<div class=\"elementor-column elementor-col-33 elementor-top-column elementor-element elementor-element-ca81899\" data-id=\"ca81899\" data-element_type=\"column\" data-e-type=\"column\">\n\t\t\t<div class=\"elementor-widget-wrap elementor-element-populated\">\n\t\t\t\t\t\t<div class=\"elementor-element elementor-element-7312084 elementor-widget elementor-widget-text-editor\" data-id=\"7312084\" data-element_type=\"widget\" data-e-type=\"widget\" data-widget_type=\"text-editor.default\">\n\t\t\t\t<div class=\"elementor-widget-container\">\n\t\t\t\t\t\t\t\t\t<p>W populacjach, kt\u00f3re nie spo\u017cywa\u0142y przetworzonej \u017cywno\u015bci, a tym samym spo\u017cywa\u0142y du\u017co boru, choroba po prostu nie istnia\u0142a. Ludzie Zachodu prawie wszyscy maj\u0105 niedob\u00f3r boraksu\/boru.<br \/>Wed\u0142ug autora ksi\u0105\u017cki nie jest to jeszcze wystarczaj\u0105cy dow\u00f3d, ale wskazuje kierunek, w kt\u00f3rym powinni\u015bmy go szuka\u0107, gdzie z pewno\u015bci\u0105 nie nale\u017cy traci\u0107 z oczu kombinacji i synergii r\u00f3\u017cnych minera\u0142\u00f3w.<br \/>Problem polega w\u0142a\u015bnie na tym, \u017ce w naszej nowoczesnej diecie wszystko idzie fatalnie. W naszej diecie jest za du\u017co ba\u0142aganu.<\/p>\t\t\t\t\t\t\t\t<\/div>\n\t\t\t\t<\/div>\n\t\t\t\t<div class=\"elementor-element elementor-element-0ce70ac elementor-widget elementor-widget-pressmart-heading\" data-id=\"0ce70ac\" data-element_type=\"widget\" data-e-type=\"widget\" data-widget_type=\"pressmart-heading.default\">\n\t\t\t\t<div class=\"elementor-widget-container\">\n\t\t\t\t\t<div id=\"pressmart-header-15196\" class=\"pressmart-element pressmart-heading text-left separator-none separator-between-heading\">\t\n\t\t\t\n\t\t\t<div class=\"heading-wrap\">\n\t\t\t<span class=\"separator-left\"><\/span>\n\t\t\t<h4 class=\"heading-title\">Czym jest boraks?<\/h4>\t\t\t<span class=\"separator-right\"><\/span>\n\t\t\t\t\t<\/div>\n\t\t\n    <\/div>\t\t\t\t<\/div>\n\t\t\t\t<\/div>\n\t\t\t\t<div class=\"elementor-element elementor-element-0550820 elementor-widget elementor-widget-text-editor\" data-id=\"0550820\" data-element_type=\"widget\" data-e-type=\"widget\" data-widget_type=\"text-editor.default\">\n\t\t\t\t<div class=\"elementor-widget-container\">\n\t\t\t\t\t\t\t\t\t<p>Boraks (heksahydrat tetraboranu sodu lub boran sodu) jest naturalnie wyst\u0119puj\u0105cym minera\u0142em sk\u0142adaj\u0105cym si\u0119 z sodu, boru, tlenu i wody. Jest stosowany jako \u015brodek leczniczy od ponad 4000 lat. Wi\u0119kszo\u015b\u0107 produkowanego boraksu jest wydobywana z jezior. Wyst\u0119puje w du\u017cych ilo\u015bciach w zachodnich Stanach Zjednoczonych, w krajach \u015br\u00f3dziemnomorskich, takich jak Kazachstan i region Tybetu w Chinach. Turcja jest jednym z najwi\u0119kszych komercyjnych producent\u00f3w boran\u00f3w.<br \/>Bor ma tendencj\u0119 do koncentracji\/wzmacniania ko\u015bci, szkliwa z\u0119b\u00f3w, paznokci, \u015bledziony i przytarczyc. Jest szybko i \u0142atwo wydalany, g\u0142\u00f3wnie z moczem. Oznacza to, \u017ce wymagane jest regularne przyjmowanie boru\/boraksu.<\/p>\t\t\t\t\t\t\t\t<\/div>\n\t\t\t\t<\/div>\n\t\t\t\t\t<\/div>\n\t\t<\/div>\n\t\t\t\t<div class=\"elementor-column elementor-col-33 elementor-top-column elementor-element elementor-element-c29160e\" data-id=\"c29160e\" data-element_type=\"column\" data-e-type=\"column\">\n\t\t\t<div class=\"elementor-widget-wrap elementor-element-populated\">\n\t\t\t\t\t\t<div class=\"elementor-element elementor-element-27dae99 elementor-widget elementor-widget-text-editor\" data-id=\"27dae99\" data-element_type=\"widget\" data-e-type=\"widget\" data-widget_type=\"text-editor.default\">\n\t\t\t\t<div class=\"elementor-widget-container\">\n\t\t\t\t\t\t\t\t\t<p>Boraks mo\u017ce chroni\u0107 przed gromadzeniem si\u0119 fluork\u00f3w w organizmie; jest skuteczny jako antidotum w przypadku toksyczno\u015bci fluork\u00f3w; i mo\u017ce usuwa\u0107 fluorki z organizmu.<br \/>Ma dzia\u0142anie przeciwbakteryjne. Boraks jest toksyczny dla owad\u00f3w, paso\u017cyt\u00f3w, pierwotniak\u00f3w i bakterii.<br \/>Skuteczny przeciwko grzybom i ple\u015bniom, zar\u00f3wno wewn\u0119trznym, jak i zewn\u0119trznym.<br \/>Dzia\u0142a antywirusowo.<br \/>Stymuluje produkcj\u0119 hormon\u00f3w i stabilizuje estrogen.<br \/>Wzmacnia uk\u0142ad odporno\u015bciowy. Wspomaga gojenie si\u0119 ran.<br \/>Zmniejsza stan zapalny.<br \/>Afrodyzjak dla m\u0119\u017cczyzn i kobiet. Mo\u017ce mie\u0107 pozytywny wp\u0142yw na niskie libido. Bor stymuluje produkcj\u0119 testosteronu i DHT oraz normalizuje estrogen.<br \/>Pomaga usuwa\u0107 toksyny. Zapewnia ochron\u0119 przed metalami ci\u0119\u017ckimi.<br \/>Dzia\u0142a jako stabilizator poziomu wapnia, krzemu, miedzi i magnezu, hamuje zwapnienie. Wystarczaj\u0105ca ilo\u015b\u0107 boraksu\/boraxu normalizuje poziom wapnia i mo\u017ce zapobiega\u0107 zar\u00f3wno nieprawid\u0142owemu zwapnieniu, jak i os\u0142abieniu ko\u015bci. Bor\/boraks hamuje gromadzenie si\u0119 miedzi nieorganicznej w ko\u015bciach i zapobiega utracie masy kostnej. Bor pomaga przyswaja\u0107 r\u00f3\u017cne minera\u0142y, zw\u0142aszcza wap\u0144 i krzem. U os\u00f3b z ma\u0142\u0105 ilo\u015bci\u0105 boraksu\/boronu w diecie mog\u0105 rozwin\u0105\u0107 si\u0119 r\u00f3\u017cne zaburzenia ko\u015bci, sk\u00f3ry i tkanki \u0142\u0105cznej.<br \/>Poprawia uwag\u0119 i koncentracj\u0119, pracuj\u0105c zar\u00f3wno nad pami\u0119ci\u0105 kr\u00f3tko-, jak i d\u0142ugoterminow\u0105, percepcj\u0105, koordynacj\u0105 r\u0119ka-oko i zr\u0119czno\u015bci\u0105. (12,14)<\/p>\t\t\t\t\t\t\t\t<\/div>\n\t\t\t\t<\/div>\n\t\t\t\t\t<\/div>\n\t\t<\/div>\n\t\t\t\t\t<\/div>\n\t\t<\/section>\n\t\t\t\t<\/div>\n\t\t","protected":false},"excerpt":{"rendered":"<p>Borax Detox ma na celu detoksykacj\u0119 organizmu. Odbywa si\u0119 to w prosty spos\u00f3b, bez \u017cadnego wysi\u0142ku. Zawarto\u015b\u0107 PPM boraksu wynosi oko\u0142o 175 PPM. Zawarto\u015b\u0107 500 ml<\/p>\n","protected":false},"featured_media":2008,"template":"","meta":[],"product_cat":[356,273],"product_tag":[],"class_list":{"0":"post-23350","1":"product","2":"type-product","3":"status-publish","4":"has-post-thumbnail","6":"product_cat-borax-boron-pl","7":"product_cat-wszystkie-produkty","9":"first","10":"instock","11":"taxable","12":"shipping-taxable","13":"purchasable","14":"product-type-variable"},"yoast_head":"<!-- This site is optimized with the Yoast SEO plugin v27.4 - https:\/\/yoast.com\/product\/yoast-seo-wordpress\/ -->\n<title>Detoksykacja za pomoc\u0105 Borax Detox 150 PPM - Auror Scalar Technology<\/title>\n<meta name=\"robots\" content=\"index, follow, max-snippet:-1, max-image-preview:large, max-video-preview:-1\" \/>\n<link rel=\"canonical\" href=\"https:\/\/www.aurorscalartechnology.com\/pl\/produkt\/detoksykacja-za-pomoca-borax-detox-150-ppm\/\" \/>\n<meta property=\"og:locale\" content=\"pl_PL\" \/>\n<meta property=\"og:type\" content=\"article\" \/>\n<meta property=\"og:title\" content=\"Detoksykacja za pomoc\u0105 Borax Detox 150 PPM - Auror Scalar Technology\" \/>\n<meta property=\"og:description\" content=\"Borax Detox ma na celu detoksykacj\u0119 organizmu. Odbywa si\u0119 to w prosty spos\u00f3b, bez \u017cadnego wysi\u0142ku. Zawarto\u015b\u0107 PPM boraksu wynosi oko\u0142o 175 PPM. Zawarto\u015b\u0107 500 ml\" \/>\n<meta property=\"og:url\" content=\"https:\/\/www.aurorscalartechnology.com\/pl\/produkt\/detoksykacja-za-pomoca-borax-detox-150-ppm\/\" \/>\n<meta property=\"og:site_name\" content=\"Auror Scalar Technology\" \/>\n<meta property=\"article:modified_time\" content=\"2024-08-06T11:14:52+00:00\" \/>\n<meta property=\"og:image\" content=\"https:\/\/www.aurorscalartechnology.com\/wp-content\/uploads\/2023\/08\/borax-600x600-1.jpeg\" \/>\n\t<meta property=\"og:image:width\" content=\"600\" \/>\n\t<meta property=\"og:image:height\" content=\"600\" \/>\n\t<meta property=\"og:image:type\" content=\"image\/jpeg\" \/>\n<meta name=\"twitter:card\" content=\"summary_large_image\" \/>\n<meta name=\"twitter:label1\" content=\"Szacowany czas czytania\" \/>\n\t<meta name=\"twitter:data1\" content=\"4 minuty\" \/>\n<script type=\"application\/ld+json\" class=\"yoast-schema-graph\">{\"@context\":\"https:\\\/\\\/schema.org\",\"@graph\":[{\"@type\":\"WebPage\",\"@id\":\"https:\\\/\\\/www.aurorscalartechnology.com\\\/pl\\\/produkt\\\/detoksykacja-za-pomoca-borax-detox-150-ppm\\\/\",\"url\":\"https:\\\/\\\/www.aurorscalartechnology.com\\\/pl\\\/produkt\\\/detoksykacja-za-pomoca-borax-detox-150-ppm\\\/\",\"name\":\"Detoksykacja za pomoc\u0105 Borax Detox 150 PPM - Auror Scalar Technology\",\"isPartOf\":{\"@id\":\"https:\\\/\\\/www.aurorscalartechnology.com\\\/pl\\\/#website\"},\"primaryImageOfPage\":{\"@id\":\"https:\\\/\\\/www.aurorscalartechnology.com\\\/pl\\\/produkt\\\/detoksykacja-za-pomoca-borax-detox-150-ppm\\\/#primaryimage\"},\"image\":{\"@id\":\"https:\\\/\\\/www.aurorscalartechnology.com\\\/pl\\\/produkt\\\/detoksykacja-za-pomoca-borax-detox-150-ppm\\\/#primaryimage\"},\"thumbnailUrl\":\"https:\\\/\\\/www.aurorscalartechnology.com\\\/wp-content\\\/uploads\\\/2023\\\/08\\\/borax-600x600-1.jpeg\",\"datePublished\":\"2023-08-07T13:34:38+00:00\",\"dateModified\":\"2024-08-06T11:14:52+00:00\",\"breadcrumb\":{\"@id\":\"https:\\\/\\\/www.aurorscalartechnology.com\\\/pl\\\/produkt\\\/detoksykacja-za-pomoca-borax-detox-150-ppm\\\/#breadcrumb\"},\"inLanguage\":\"pl-PL\",\"potentialAction\":[{\"@type\":\"ReadAction\",\"target\":[\"https:\\\/\\\/www.aurorscalartechnology.com\\\/pl\\\/produkt\\\/detoksykacja-za-pomoca-borax-detox-150-ppm\\\/\"]}]},{\"@type\":\"ImageObject\",\"inLanguage\":\"pl-PL\",\"@id\":\"https:\\\/\\\/www.aurorscalartechnology.com\\\/pl\\\/produkt\\\/detoksykacja-za-pomoca-borax-detox-150-ppm\\\/#primaryimage\",\"url\":\"https:\\\/\\\/www.aurorscalartechnology.com\\\/wp-content\\\/uploads\\\/2023\\\/08\\\/borax-600x600-1.jpeg\",\"contentUrl\":\"https:\\\/\\\/www.aurorscalartechnology.com\\\/wp-content\\\/uploads\\\/2023\\\/08\\\/borax-600x600-1.jpeg\",\"width\":600,\"height\":600},{\"@type\":\"BreadcrumbList\",\"@id\":\"https:\\\/\\\/www.aurorscalartechnology.com\\\/pl\\\/produkt\\\/detoksykacja-za-pomoca-borax-detox-150-ppm\\\/#breadcrumb\",\"itemListElement\":[{\"@type\":\"ListItem\",\"position\":1,\"name\":\"Home\",\"item\":\"https:\\\/\\\/www.aurorscalartechnology.com\\\/pl\\\/\"},{\"@type\":\"ListItem\",\"position\":2,\"name\":\"Sklep\",\"item\":\"https:\\\/\\\/www.aurorscalartechnology.com\\\/pl\\\/sklep\\\/\"},{\"@type\":\"ListItem\",\"position\":3,\"name\":\"Detoksykacja za pomoc\u0105 Borax Detox 150 PPM\"}]},{\"@type\":\"WebSite\",\"@id\":\"https:\\\/\\\/www.aurorscalartechnology.com\\\/pl\\\/#website\",\"url\":\"https:\\\/\\\/www.aurorscalartechnology.com\\\/pl\\\/\",\"name\":\"Auror Scalar Technology\",\"description\":\"\",\"potentialAction\":[{\"@type\":\"SearchAction\",\"target\":{\"@type\":\"EntryPoint\",\"urlTemplate\":\"https:\\\/\\\/www.aurorscalartechnology.com\\\/pl\\\/?s={search_term_string}\"},\"query-input\":{\"@type\":\"PropertyValueSpecification\",\"valueRequired\":true,\"valueName\":\"search_term_string\"}}],\"inLanguage\":\"pl-PL\"}]}<\/script>\n<!-- \/ Yoast SEO plugin. -->","yoast_head_json":{"title":"Detoksykacja za pomoc\u0105 Borax Detox 150 PPM - Auror Scalar Technology","robots":{"index":"index","follow":"follow","max-snippet":"max-snippet:-1","max-image-preview":"max-image-preview:large","max-video-preview":"max-video-preview:-1"},"canonical":"https:\/\/www.aurorscalartechnology.com\/pl\/produkt\/detoksykacja-za-pomoca-borax-detox-150-ppm\/","og_locale":"pl_PL","og_type":"article","og_title":"Detoksykacja za pomoc\u0105 Borax Detox 150 PPM - Auror Scalar Technology","og_description":"Borax Detox ma na celu detoksykacj\u0119 organizmu. Odbywa si\u0119 to w prosty spos\u00f3b, bez \u017cadnego wysi\u0142ku. Zawarto\u015b\u0107 PPM boraksu wynosi oko\u0142o 175 PPM. Zawarto\u015b\u0107 500 ml","og_url":"https:\/\/www.aurorscalartechnology.com\/pl\/produkt\/detoksykacja-za-pomoca-borax-detox-150-ppm\/","og_site_name":"Auror Scalar Technology","article_modified_time":"2024-08-06T11:14:52+00:00","og_image":[{"width":600,"height":600,"url":"https:\/\/www.aurorscalartechnology.com\/wp-content\/uploads\/2023\/08\/borax-600x600-1.jpeg","type":"image\/jpeg"}],"twitter_card":"summary_large_image","twitter_misc":{"Szacowany czas czytania":"4 minuty"},"schema":{"@context":"https:\/\/schema.org","@graph":[{"@type":"WebPage","@id":"https:\/\/www.aurorscalartechnology.com\/pl\/produkt\/detoksykacja-za-pomoca-borax-detox-150-ppm\/","url":"https:\/\/www.aurorscalartechnology.com\/pl\/produkt\/detoksykacja-za-pomoca-borax-detox-150-ppm\/","name":"Detoksykacja za pomoc\u0105 Borax Detox 150 PPM - Auror Scalar Technology","isPartOf":{"@id":"https:\/\/www.aurorscalartechnology.com\/pl\/#website"},"primaryImageOfPage":{"@id":"https:\/\/www.aurorscalartechnology.com\/pl\/produkt\/detoksykacja-za-pomoca-borax-detox-150-ppm\/#primaryimage"},"image":{"@id":"https:\/\/www.aurorscalartechnology.com\/pl\/produkt\/detoksykacja-za-pomoca-borax-detox-150-ppm\/#primaryimage"},"thumbnailUrl":"https:\/\/www.aurorscalartechnology.com\/wp-content\/uploads\/2023\/08\/borax-600x600-1.jpeg","datePublished":"2023-08-07T13:34:38+00:00","dateModified":"2024-08-06T11:14:52+00:00","breadcrumb":{"@id":"https:\/\/www.aurorscalartechnology.com\/pl\/produkt\/detoksykacja-za-pomoca-borax-detox-150-ppm\/#breadcrumb"},"inLanguage":"pl-PL","potentialAction":[{"@type":"ReadAction","target":["https:\/\/www.aurorscalartechnology.com\/pl\/produkt\/detoksykacja-za-pomoca-borax-detox-150-ppm\/"]}]},{"@type":"ImageObject","inLanguage":"pl-PL","@id":"https:\/\/www.aurorscalartechnology.com\/pl\/produkt\/detoksykacja-za-pomoca-borax-detox-150-ppm\/#primaryimage","url":"https:\/\/www.aurorscalartechnology.com\/wp-content\/uploads\/2023\/08\/borax-600x600-1.jpeg","contentUrl":"https:\/\/www.aurorscalartechnology.com\/wp-content\/uploads\/2023\/08\/borax-600x600-1.jpeg","width":600,"height":600},{"@type":"BreadcrumbList","@id":"https:\/\/www.aurorscalartechnology.com\/pl\/produkt\/detoksykacja-za-pomoca-borax-detox-150-ppm\/#breadcrumb","itemListElement":[{"@type":"ListItem","position":1,"name":"Home","item":"https:\/\/www.aurorscalartechnology.com\/pl\/"},{"@type":"ListItem","position":2,"name":"Sklep","item":"https:\/\/www.aurorscalartechnology.com\/pl\/sklep\/"},{"@type":"ListItem","position":3,"name":"Detoksykacja za pomoc\u0105 Borax Detox 150 PPM"}]},{"@type":"WebSite","@id":"https:\/\/www.aurorscalartechnology.com\/pl\/#website","url":"https:\/\/www.aurorscalartechnology.com\/pl\/","name":"Auror Scalar Technology","description":"","potentialAction":[{"@type":"SearchAction","target":{"@type":"EntryPoint","urlTemplate":"https:\/\/www.aurorscalartechnology.com\/pl\/?s={search_term_string}"},"query-input":{"@type":"PropertyValueSpecification","valueRequired":true,"valueName":"search_term_string"}}],"inLanguage":"pl-PL"}]}},"_links":{"self":[{"href":"https:\/\/www.aurorscalartechnology.com\/pl\/wp-json\/wp\/v2\/product\/23350","targetHints":{"allow":["GET"]}}],"collection":[{"href":"https:\/\/www.aurorscalartechnology.com\/pl\/wp-json\/wp\/v2\/product"}],"about":[{"href":"https:\/\/www.aurorscalartechnology.com\/pl\/wp-json\/wp\/v2\/types\/product"}],"version-history":[{"count":4,"href":"https:\/\/www.aurorscalartechnology.com\/pl\/wp-json\/wp\/v2\/product\/23350\/revisions"}],"predecessor-version":[{"id":23355,"href":"https:\/\/www.aurorscalartechnology.com\/pl\/wp-json\/wp\/v2\/product\/23350\/revisions\/23355"}],"wp:featuredmedia":[{"embeddable":true,"href":"https:\/\/www.aurorscalartechnology.com\/pl\/wp-json\/wp\/v2\/media\/2008"}],"wp:attachment":[{"href":"https:\/\/www.aurorscalartechnology.com\/pl\/wp-json\/wp\/v2\/media?parent=23350"}],"wp:term":[{"taxonomy":"product_cat","embeddable":true,"href":"https:\/\/www.aurorscalartechnology.com\/pl\/wp-json\/wp\/v2\/product_cat?post=23350"},{"taxonomy":"product_tag","embeddable":true,"href":"https:\/\/www.aurorscalartechnology.com\/pl\/wp-json\/wp\/v2\/product_tag?post=23350"}],"curies":[{"name":"wp","href":"https:\/\/api.w.org\/{rel}","templated":true}]}}