{"id":2341,"date":"2022-04-27T12:46:40","date_gmt":"2022-04-27T10:46:40","guid":{"rendered":"https:\/\/www.aurorscalartechnology.com\/product\/h-v-r-formula\/"},"modified":"2024-07-23T13:34:39","modified_gmt":"2024-07-23T13:34:39","slug":"h-v-r-formula","status":"publish","type":"product","link":"https:\/\/www.aurorscalartechnology.com\/pl\/produkt\/h-v-r-formula\/","title":{"rendered":"H V R FORMULA z w\u0119glem, prokain\u0105 i Ta-65"},"content":{"rendered":"\t\t<div data-elementor-type=\"wp-post\" data-elementor-id=\"2341\" class=\"elementor elementor-2341 elementor-397\">\n\t\t\t\t\t\t<section class=\"elementor-section elementor-top-section elementor-element elementor-element-ac98f48 elementor-section-boxed elementor-section-height-default elementor-section-height-default\" data-id=\"ac98f48\" data-element_type=\"section\" data-e-type=\"section\">\n\t\t\t\t\t\t<div class=\"elementor-container elementor-column-gap-default\">\n\t\t\t\t\t<div class=\"elementor-column elementor-col-33 elementor-top-column elementor-element elementor-element-a9c3cf6\" data-id=\"a9c3cf6\" data-element_type=\"column\" data-e-type=\"column\">\n\t\t\t<div class=\"elementor-widget-wrap elementor-element-populated\">\n\t\t\t\t\t\t<div class=\"elementor-element elementor-element-5e343f4 elementor-widget elementor-widget-pressmart-heading\" data-id=\"5e343f4\" data-element_type=\"widget\" data-e-type=\"widget\" data-widget_type=\"pressmart-heading.default\">\n\t\t\t\t<div class=\"elementor-widget-container\">\n\t\t\t\t\t<div id=\"pressmart-header-5439\" class=\"pressmart-element pressmart-heading text-left separator-none separator-between-heading\">\t\n\t\t\t\n\t\t\t<div class=\"heading-wrap\">\n\t\t\t<span class=\"separator-left\"><\/span>\n\t\t\t<h4 class=\"heading-title\">Fontanna M\u0142odo\u015bci<\/h4>\t\t\t<span class=\"separator-right\"><\/span>\n\t\t\t\t\t<\/div>\n\t\t\n    <\/div>\t\t\t\t<\/div>\n\t\t\t\t<\/div>\n\t\t\t\t<div class=\"elementor-element elementor-element-93eceae elementor-widget elementor-widget-text-editor\" data-id=\"93eceae\" data-element_type=\"widget\" data-e-type=\"widget\" data-widget_type=\"text-editor.default\">\n\t\t\t\t<div class=\"elementor-widget-container\">\n\t\t\t\t\t\t\t\t\t<p>-autorstwa Solomona Soula-<\/p><p>Ten, kto pije z fontanny wiecznej m\u0142odo\u015bci, stanie si\u0119 znowu m\u0142ody. Tak m\u00f3wi legenda. Pragnienie zatrzymania czasu towarzyszy cz\u0142owiekowi od wiek\u00f3w. M\u00f3wi si\u0119, \u017ce Herodot odnalaz\u0142 \u017ar\u00f3d\u0142o odm\u0142odzenia w g\u0142\u0119bi Etiopii, a odkrywca Juan Ponce de Le\u00f3n podobno znalaz\u0142 ten skarb na Bahamach.<\/p><p>Odk\u0105d cz\u0142owiek istnieje, marzy\u0142 o pokonaniu procesu starzenia si\u0119. Aby trwale si\u0119 odm\u0142odzi\u0107 si\u0119, a dzi\u0119ki temu zapobiec wszystkim chorobom. Wed\u0142ug wsp\u00f3\u0142czesnych ekspert\u00f3w zajmuj\u0105cych si\u0119 zagadnieniami starzenia si\u0119 \u2013 Raya Kurzweila i Aubreya de Greya \u2013 najbardziej zagra\u017caj\u0105c\u0105 cz\u0142owiekowi chorob\u0105 jest w\u0142a\u015bnie starzenie si\u0119. Je\u017celi uda si\u0119 zatrzyma\u0107 ten proces, choroby nie b\u0119d\u0105 ju\u017c mog\u0142y opanowa\u0107 cia\u0142a. Zdaniem ekspert\u00f3w w nauce dokonuje si\u0119 obecnie ogromnych post\u0119p\u00f3w \u2013 Kurzweil i de Grey przekonuj\u0105, \u017ce na \u015bwiecie istniej\u0105 ju\u017c ludzie, kt\u00f3rym uda\u0142o si\u0119 zatrzyma\u0107 proces starzenia si\u0119.<\/p><p><strong>Przed\u0142u\u017cenie \u017cycia<\/strong><br \/>Wiedza na temat przed\u0142u\u017cania \u017cycia si\u0119ga czas\u00f3w staro\u017cytnych. Od zarania dziej\u00f3w ludzie marz\u0105 o wiecznej m\u0142odo\u015bci, a m\u0105dre umys\u0142y pr\u00f3buj\u0105 opracowa\u0107 lekarstwo powstrzymuj\u0105ce starzenie si\u0119. Chodzi o preparat, kt\u00f3ry zagwarantuje g\u0142adk\u0105 sk\u00f3r\u0119, b\u0119dzie wspomaga\u0142 wzrost w\u0142os\u00f3w, odm\u0142adza\u0142 organy\u2026 Lek, kt\u00f3ry na zawsze utrzyma cz\u0142owieka w szczytowej kondycji dwudziestolatka.<br \/>W czasach staro\u017cytnych specjalistami od zdrowia i odm\u0142adzania byli druidzi i alchemicy. Poszukiwali oni materii prima, pierwotnej substancji, z kt\u00f3rej sk\u0142adaj\u0105 si\u0119 wszystkie inne substancje. Materia\u0142 ten nazywano r\u00f3wnie\u017c kamieniem filozoficznym lub wod\u0105 \u017cycia.<\/p>\t\t\t\t\t\t\t\t<\/div>\n\t\t\t\t<\/div>\n\t\t\t\t\t<\/div>\n\t\t<\/div>\n\t\t\t\t<div class=\"elementor-column elementor-col-33 elementor-top-column elementor-element elementor-element-ca81899\" data-id=\"ca81899\" data-element_type=\"column\" data-e-type=\"column\">\n\t\t\t<div class=\"elementor-widget-wrap elementor-element-populated\">\n\t\t\t\t\t\t<div class=\"elementor-element elementor-element-ccc627e elementor-widget elementor-widget-pressmart-heading\" data-id=\"ccc627e\" data-element_type=\"widget\" data-e-type=\"widget\" data-widget_type=\"pressmart-heading.default\">\n\t\t\t\t<div class=\"elementor-widget-container\">\n\t\t\t\t\t<div id=\"pressmart-header-23530\" class=\"pressmart-element pressmart-heading text-left separator-none separator-between-heading\">\t\n\t\t\t\n\t\t\t<div class=\"heading-wrap\">\n\t\t\t<span class=\"separator-left\"><\/span>\n\t\t\t<h4 class=\"heading-title\">Nie\u015bmiertelno\u015b\u0107<\/h4>\t\t\t<span class=\"separator-right\"><\/span>\n\t\t\t\t\t<\/div>\n\t\t\n    <\/div>\t\t\t\t<\/div>\n\t\t\t\t<\/div>\n\t\t\t\t<div class=\"elementor-element elementor-element-7312084 elementor-widget elementor-widget-text-editor\" data-id=\"7312084\" data-element_type=\"widget\" data-e-type=\"widget\" data-widget_type=\"text-editor.default\">\n\t\t\t\t<div class=\"elementor-widget-container\">\n\t\t\t\t\t\t\t\t\t<p>Alchemicy byli chemikami, kt\u00f3rzy stosowali tajemn\u0105 formu\u0142\u0119 wytwarzania, aby na\u015bladowa\u0107 i przyspiesza\u0107 procesy zachodz\u0105ce w naturze. W ich ksi\u0105\u017ckach mo\u017cna znale\u017a\u0107 informacje o tym, jak zamieni\u0107 o\u0142\u00f3w w z\u0142oto. Celem alchemik\u00f3w by\u0142o doko\u0144czenie \u201eWielkiego Dzie\u0142a\u201d \u2013 czyli odkrycie kamienia filozoficznego, kt\u00f3ry zawiera\u0142by sekret nie\u015bmiertelno\u015bci.<\/p><p><strong>Prima materia<\/strong><br \/>Legenda g\u0142osi, \u017ce istniej\u0105 alchemicy, kt\u00f3rzy ju\u017c dawno dokonali tego zadania. \u017byj\u0105 w\u015br\u00f3d nas od tysi\u0119cy lat, nie starzej\u0105 si\u0119, a my nie wiemy kim s\u0105. Brzmi to jak fascynuj\u0105ca bajka, ale jednak \u2013 mo\u017ce by\u0107 po prostu prawd\u0105, \u017ce prima materia zosta\u0142a ju\u017c dawno odkryta. Substancja, kt\u00f3ra tworzy ca\u0142\u0105 materi\u0119 w naszym wszech\u015bwiecie. A co, je\u015bli przyjmowanie tej podstawowej substancji faktycznie powstrzymuje proces starzenia si\u0119?<\/p><p><strong>W\u0119giel<\/strong><br \/>Bazuj\u0105c na dzisiejszej wiedzy mo\u017cna uzna\u0107, \u017ce w\u0119giel najpe\u0142niej kwalifikuje si\u0119 jako prima materia, kt\u00f3rej szukali alchemicy. Po tlenie (56%), w\u0119giel (carbon) jest najobficiej (23%) wyst\u0119puj\u0105cym w ludzkim ciele pierwiastkiem.<br \/>Nazwa ta zosta\u0142a wprowadzona dopiero pod koniec XVIII wieku, gdy chemia zast\u0105pi\u0142a alchemi\u0119 jako nauk\u0119. Alchemicy mieli sw\u00f3j w\u0142asny j\u0119zyk \u2013 pos\u0142ugiwali si\u0119 symbolami i metaforami, a ich wiedza by\u0142a dost\u0119pna tylko dla wtajemniczonych badaczy.<\/p><p><strong>Z\u0142oto i srebro koloidalne<\/strong><br \/>Alchemicy d\u0142ugo byli postrzegani przez Ko\u015bci\u00f3\u0142 jako zagro\u017cenie. Zajmowali si\u0119 oni nie tylko doskonaleniem materii, d\u0105\u017cyli tak\u017ce do rozwoju duchowego. Doskonal\u0105c umys\u0142, cz\u0142owiek zmierza do osi\u0105gni\u0119cia o\u015bwiecenia. Ko\u015bci\u00f3\u0142 pot\u0119pia\u0142 t\u0119 \u201erywalizacj\u0119 z Bogiem\u201d. Dlatego alchemia przez d\u0142ugi czas by\u0142a zakazana. Wiedza o przekszta\u0142caniu metali ni\u017cszych w wy\u017csze, takie jak srebro i z\u0142oto, by\u0142a strze\u017cona przez alchemik\u00f3w jako \u015bwi\u0119ty Graal.<br \/>Nawet ostatni wielki alchemik, sir Isaac Newton, potajemnie poszukiwa\u0142 kamienia filozoficznego, aby osi\u0105gn\u0105\u0107 o\u015bwiecenie i sta\u0107 si\u0119 nie\u015bmiertelnym \u2013 nigdy jednak go nie znalaz\u0142. Po\u015brednio przyczyni\u0142 si\u0119 on do wynalezienia elektrolizy, dzi\u0119ki czemu po latach mo\u017cliwa by\u0142a produkcja koloidalnego z\u0142ota, srebra i platyny. Jest to b\u0142ogos\u0142awie\u0144stwem dla dzisiejszego alchemika, kt\u00f3ry po prostu dodaje koloidalne metale szlachetne do swojej diety, aby si\u0119 odm\u0142odzi\u0107.<\/p>\t\t\t\t\t\t\t\t<\/div>\n\t\t\t\t<\/div>\n\t\t\t\t\t<\/div>\n\t\t<\/div>\n\t\t\t\t<div class=\"elementor-column elementor-col-33 elementor-top-column elementor-element elementor-element-c29160e\" data-id=\"c29160e\" data-element_type=\"column\" data-e-type=\"column\">\n\t\t\t<div class=\"elementor-widget-wrap elementor-element-populated\">\n\t\t\t\t\t\t<div class=\"elementor-element elementor-element-2b8009d elementor-widget elementor-widget-pressmart-heading\" data-id=\"2b8009d\" data-element_type=\"widget\" data-e-type=\"widget\" data-widget_type=\"pressmart-heading.default\">\n\t\t\t\t<div class=\"elementor-widget-container\">\n\t\t\t\t\t<div id=\"pressmart-header-2807\" class=\"pressmart-element pressmart-heading text-left separator-none separator-between-heading\">\t\n\t\t\t\n\t\t\t<div class=\"heading-wrap\">\n\t\t\t<span class=\"separator-left\"><\/span>\n\t\t\t<h4 class=\"heading-title\">Tymczasowa oferta: 2x200ml z zyskiem \u20ac 50,-<\/h4>\t\t\t<span class=\"separator-right\"><\/span>\n\t\t\t\t\t<\/div>\n\t\t\n    <\/div>\t\t\t\t<\/div>\n\t\t\t\t<\/div>\n\t\t\t\t<div class=\"elementor-element elementor-element-27dae99 elementor-widget elementor-widget-text-editor\" data-id=\"27dae99\" data-element_type=\"widget\" data-e-type=\"widget\" data-widget_type=\"text-editor.default\">\n\t\t\t\t<div class=\"elementor-widget-container\">\n\t\t\t\t\t\t\t\t\t<p>Butelka o pojemno\u015bci 200ml wystarcza na mniej wi\u0119cej cztery miesi\u0105ce, 1000 ml (1 litr) jest wystarczaj\u0105c\u0105 dawk\u0105 na dwa lata (dla jednej osoby) i kosztuje \u20ac22.00 miesi\u0119cznie.<\/p><p>(oszcz\u0119dno\u015b\u0107 \u20ac275,-)<\/p>\t\t\t\t\t\t\t\t<\/div>\n\t\t\t\t<\/div>\n\t\t\t\t\t<\/div>\n\t\t<\/div>\n\t\t\t\t\t<\/div>\n\t\t<\/section>\n\t\t\t\t<\/div>\n\t\t","protected":false},"excerpt":{"rendered":"<p><strong>Formu\u0142a HVR z TA65 i w\u0119glem\/w\u0119glem i prokain\u0105<\/strong><\/p>\n<p>Opis<br \/>\nH V R FORMULA to p\u0142ynny suplement diety.<\/p>\n<p>Sk\u0142adniki: Woda oczyszczona, w\u0119giel\/w\u0119giel 0 ok. 400PPM, sole, TA 65, astragalozyd\/cyklastragenol, ormus\/bia\u0142y proszek z\u0142oto, prokaina, argirelina, DHEA, kwas hialuronowy, mononukleotion nikotiamidu, hydroksyapatyt, dziki pochrzyn, jod, aloes, ormus, witamina C, magnez, je\u017c\u00f3wka i aminokwasy. Minera\u0142y i pierwiastki \u015bladowe (najwa\u017cniejsze): Siarka, bromek, lit, bor, w\u0119giel, wanad, chrom, selen, mangan, \u017celazo, nikiel, kobalt, cyna, chlorek, s\u00f3d, magnez, potas, krzem, fosfor, cynk, jod, molibden, mied\u017a, cynk, ind i wiele innych. HVR FORMU\u0141A nie zawiera dro\u017cd\u017cy, laktozy, konserwant\u00f3w, syntetycznych substancji zapachowych, barwnik\u00f3w i aromat\u00f3w.<\/p>\n<p>Oferta tymczasowa 2x200ml ze zni\u017ck\u0105 50\u20ac<br \/>\nPrzyjrzyj si\u0119 tak\u017ce wa\u017cnemu, niezb\u0119dnemu kompleksowi minera\u0142\u00f3w, kt\u00f3ry posiadamy, kt\u00f3ry mo\u017cna zam\u00f3wi\u0107 r\u00f3wnie\u017c w po\u0142\u0105czeniu z Formu\u0142\u0105 HVR. Kompleks Mineralny znacznie wzmocni dzia\u0142anie Formu\u0142y HVR. Dzi\u0119ki po\u0142\u0105czeniu Formu\u0142y HVR i Kompleksu Mineralnego b\u0119dzie to dzia\u0142a\u0107 na rzecz jeszcze szybszego odm\u0142odzenia. Mo\u017cna za\u0142o\u017cy\u0107, \u017ce ka\u017cdy, kto ma lub ma siwe w\u0142osy, cierpi na niedob\u00f3r minera\u0142\u00f3w. Formu\u0142a HVR w po\u0142\u0105czeniu z The Mineral Complex \u015bwietnie radzi sobie z siwymi w\u0142osami i jest du\u017ca szansa, \u017ce \u200b\u200bTwoje siwe w\u0142osy odzyskaj\u0105 sw\u00f3j pierwotny kolor.<\/p>\n<p>Butelka 200 ml wystarcza na oko\u0142o 4 miesi\u0105ce, 1000 ml (1 litr) wystarcza na prawie 2 lata dla 1 osoby, koszt wynosi 22,00 \u20ac miesi\u0119cznie (oszcz\u0119dno\u015b\u0107 275,00 \u20ac).<\/p>\n<p>&nbsp;<\/p>\n<p>&nbsp;<\/p>\n<p>&nbsp;<\/p>\n","protected":false},"featured_media":22678,"template":"","meta":[],"product_cat":[274,273],"product_tag":[],"class_list":{"0":"post-2341","1":"product","2":"type-product","3":"status-publish","4":"has-post-thumbnail","6":"product_cat-hvr-formula-pl","7":"product_cat-wszystkie-produkty","9":"first","10":"instock","11":"sale","12":"featured","13":"taxable","14":"shipping-taxable","15":"purchasable","16":"product-type-variable"},"yoast_head":"<!-- This site is optimized with the Yoast SEO plugin v27.4 - https:\/\/yoast.com\/product\/yoast-seo-wordpress\/ -->\n<title>H V R FORMULA z w\u0119glem, prokain\u0105 i Ta-65 - Auror Scalar Technology<\/title>\n<meta name=\"robots\" content=\"index, follow, max-snippet:-1, max-image-preview:large, max-video-preview:-1\" \/>\n<link rel=\"canonical\" href=\"https:\/\/www.aurorscalartechnology.com\/pl\/produkt\/h-v-r-formula\/\" \/>\n<meta property=\"og:locale\" content=\"pl_PL\" \/>\n<meta property=\"og:type\" content=\"article\" \/>\n<meta property=\"og:title\" content=\"H V R FORMULA z w\u0119glem, prokain\u0105 i Ta-65 - Auror Scalar Technology\" \/>\n<meta property=\"og:description\" content=\"Formu\u0142a HVR z TA65 i w\u0119glem\/w\u0119glem i prokain\u0105  Opis H V R FORMULA to p\u0142ynny suplement diety.  Sk\u0142adniki: Woda oczyszczona, w\u0119giel\/w\u0119giel 0 ok. 400PPM, sole, TA 65, astragalozyd\/cyklastragenol, ormus\/bia\u0142y proszek z\u0142oto, prokaina, argirelina, DHEA, kwas hialuronowy, mononukleotion nikotiamidu, hydroksyapatyt, dziki pochrzyn, jod, aloes, ormus, witamina C, magnez, je\u017c\u00f3wka i aminokwasy. Minera\u0142y i pierwiastki \u015bladowe (najwa\u017cniejsze): Siarka, bromek, lit, bor, w\u0119giel, wanad, chrom, selen, mangan, \u017celazo, nikiel, kobalt, cyna, chlorek, s\u00f3d, magnez, potas, krzem, fosfor, cynk, jod, molibden, mied\u017a, cynk, ind i wiele innych. HVR FORMU\u0141A nie zawiera dro\u017cd\u017cy, laktozy, konserwant\u00f3w, syntetycznych substancji zapachowych, barwnik\u00f3w i aromat\u00f3w.  Oferta tymczasowa 2x200ml ze zni\u017ck\u0105 50\u20ac Przyjrzyj si\u0119 tak\u017ce wa\u017cnemu, niezb\u0119dnemu kompleksowi minera\u0142\u00f3w, kt\u00f3ry posiadamy, kt\u00f3ry mo\u017cna zam\u00f3wi\u0107 r\u00f3wnie\u017c w po\u0142\u0105czeniu z Formu\u0142\u0105 HVR. Kompleks Mineralny znacznie wzmocni dzia\u0142anie Formu\u0142y HVR. Dzi\u0119ki po\u0142\u0105czeniu Formu\u0142y HVR i Kompleksu Mineralnego b\u0119dzie to dzia\u0142a\u0107 na rzecz jeszcze szybszego odm\u0142odzenia. Mo\u017cna za\u0142o\u017cy\u0107, \u017ce ka\u017cdy, kto ma lub ma siwe w\u0142osy, cierpi na niedob\u00f3r minera\u0142\u00f3w. Formu\u0142a HVR w po\u0142\u0105czeniu z The Mineral Complex \u015bwietnie radzi sobie z siwymi w\u0142osami i jest du\u017ca szansa, \u017ce \u200b\u200bTwoje siwe w\u0142osy odzyskaj\u0105 sw\u00f3j pierwotny kolor.  Butelka 200 ml wystarcza na oko\u0142o 4 miesi\u0105ce, 1000 ml (1 litr) wystarcza na prawie 2 lata dla 1 osoby, koszt wynosi 22,00 \u20ac miesi\u0119cznie (oszcz\u0119dno\u015b\u0107 275,00 \u20ac).  &nbsp;  &nbsp;  &nbsp;\" \/>\n<meta property=\"og:url\" content=\"https:\/\/www.aurorscalartechnology.com\/pl\/produkt\/h-v-r-formula\/\" \/>\n<meta property=\"og:site_name\" content=\"Auror Scalar Technology\" \/>\n<meta property=\"article:modified_time\" content=\"2024-07-23T13:34:39+00:00\" \/>\n<meta property=\"og:image\" content=\"https:\/\/www.aurorscalartechnology.com\/wp-content\/uploads\/2024\/05\/17a-scaled.jpg\" \/>\n\t<meta property=\"og:image:width\" content=\"2155\" \/>\n\t<meta property=\"og:image:height\" content=\"2560\" \/>\n\t<meta property=\"og:image:type\" content=\"image\/jpeg\" \/>\n<meta name=\"twitter:card\" content=\"summary_large_image\" \/>\n<meta name=\"twitter:label1\" content=\"Szacowany czas czytania\" \/>\n\t<meta name=\"twitter:data1\" content=\"3 minuty\" \/>\n<script type=\"application\/ld+json\" class=\"yoast-schema-graph\">{\"@context\":\"https:\\\/\\\/schema.org\",\"@graph\":[{\"@type\":\"WebPage\",\"@id\":\"https:\\\/\\\/www.aurorscalartechnology.com\\\/pl\\\/produkt\\\/h-v-r-formula\\\/\",\"url\":\"https:\\\/\\\/www.aurorscalartechnology.com\\\/pl\\\/produkt\\\/h-v-r-formula\\\/\",\"name\":\"H V R FORMULA z w\u0119glem, prokain\u0105 i Ta-65 - Auror Scalar Technology\",\"isPartOf\":{\"@id\":\"https:\\\/\\\/www.aurorscalartechnology.com\\\/pl\\\/#website\"},\"primaryImageOfPage\":{\"@id\":\"https:\\\/\\\/www.aurorscalartechnology.com\\\/pl\\\/produkt\\\/h-v-r-formula\\\/#primaryimage\"},\"image\":{\"@id\":\"https:\\\/\\\/www.aurorscalartechnology.com\\\/pl\\\/produkt\\\/h-v-r-formula\\\/#primaryimage\"},\"thumbnailUrl\":\"https:\\\/\\\/www.aurorscalartechnology.com\\\/wp-content\\\/uploads\\\/2024\\\/05\\\/17a-scaled.jpg\",\"datePublished\":\"2022-04-27T10:46:40+00:00\",\"dateModified\":\"2024-07-23T13:34:39+00:00\",\"breadcrumb\":{\"@id\":\"https:\\\/\\\/www.aurorscalartechnology.com\\\/pl\\\/produkt\\\/h-v-r-formula\\\/#breadcrumb\"},\"inLanguage\":\"pl-PL\",\"potentialAction\":[{\"@type\":\"ReadAction\",\"target\":[\"https:\\\/\\\/www.aurorscalartechnology.com\\\/pl\\\/produkt\\\/h-v-r-formula\\\/\"]}]},{\"@type\":\"ImageObject\",\"inLanguage\":\"pl-PL\",\"@id\":\"https:\\\/\\\/www.aurorscalartechnology.com\\\/pl\\\/produkt\\\/h-v-r-formula\\\/#primaryimage\",\"url\":\"https:\\\/\\\/www.aurorscalartechnology.com\\\/wp-content\\\/uploads\\\/2024\\\/05\\\/17a-scaled.jpg\",\"contentUrl\":\"https:\\\/\\\/www.aurorscalartechnology.com\\\/wp-content\\\/uploads\\\/2024\\\/05\\\/17a-scaled.jpg\",\"width\":2155,\"height\":2560},{\"@type\":\"BreadcrumbList\",\"@id\":\"https:\\\/\\\/www.aurorscalartechnology.com\\\/pl\\\/produkt\\\/h-v-r-formula\\\/#breadcrumb\",\"itemListElement\":[{\"@type\":\"ListItem\",\"position\":1,\"name\":\"Home\",\"item\":\"https:\\\/\\\/www.aurorscalartechnology.com\\\/pl\\\/\"},{\"@type\":\"ListItem\",\"position\":2,\"name\":\"Sklep\",\"item\":\"https:\\\/\\\/www.aurorscalartechnology.com\\\/pl\\\/sklep\\\/\"},{\"@type\":\"ListItem\",\"position\":3,\"name\":\"H V R FORMULA z w\u0119glem, prokain\u0105 i Ta-65\"}]},{\"@type\":\"WebSite\",\"@id\":\"https:\\\/\\\/www.aurorscalartechnology.com\\\/pl\\\/#website\",\"url\":\"https:\\\/\\\/www.aurorscalartechnology.com\\\/pl\\\/\",\"name\":\"Auror Scalar Technology\",\"description\":\"\",\"potentialAction\":[{\"@type\":\"SearchAction\",\"target\":{\"@type\":\"EntryPoint\",\"urlTemplate\":\"https:\\\/\\\/www.aurorscalartechnology.com\\\/pl\\\/?s={search_term_string}\"},\"query-input\":{\"@type\":\"PropertyValueSpecification\",\"valueRequired\":true,\"valueName\":\"search_term_string\"}}],\"inLanguage\":\"pl-PL\"}]}<\/script>\n<!-- \/ Yoast SEO plugin. -->","yoast_head_json":{"title":"H V R FORMULA z w\u0119glem, prokain\u0105 i Ta-65 - Auror Scalar Technology","robots":{"index":"index","follow":"follow","max-snippet":"max-snippet:-1","max-image-preview":"max-image-preview:large","max-video-preview":"max-video-preview:-1"},"canonical":"https:\/\/www.aurorscalartechnology.com\/pl\/produkt\/h-v-r-formula\/","og_locale":"pl_PL","og_type":"article","og_title":"H V R FORMULA z w\u0119glem, prokain\u0105 i Ta-65 - Auror Scalar Technology","og_description":"Formu\u0142a HVR z TA65 i w\u0119glem\/w\u0119glem i prokain\u0105  Opis H V R FORMULA to p\u0142ynny suplement diety.  Sk\u0142adniki: Woda oczyszczona, w\u0119giel\/w\u0119giel 0 ok. 400PPM, sole, TA 65, astragalozyd\/cyklastragenol, ormus\/bia\u0142y proszek z\u0142oto, prokaina, argirelina, DHEA, kwas hialuronowy, mononukleotion nikotiamidu, hydroksyapatyt, dziki pochrzyn, jod, aloes, ormus, witamina C, magnez, je\u017c\u00f3wka i aminokwasy. Minera\u0142y i pierwiastki \u015bladowe (najwa\u017cniejsze): Siarka, bromek, lit, bor, w\u0119giel, wanad, chrom, selen, mangan, \u017celazo, nikiel, kobalt, cyna, chlorek, s\u00f3d, magnez, potas, krzem, fosfor, cynk, jod, molibden, mied\u017a, cynk, ind i wiele innych. HVR FORMU\u0141A nie zawiera dro\u017cd\u017cy, laktozy, konserwant\u00f3w, syntetycznych substancji zapachowych, barwnik\u00f3w i aromat\u00f3w.  Oferta tymczasowa 2x200ml ze zni\u017ck\u0105 50\u20ac Przyjrzyj si\u0119 tak\u017ce wa\u017cnemu, niezb\u0119dnemu kompleksowi minera\u0142\u00f3w, kt\u00f3ry posiadamy, kt\u00f3ry mo\u017cna zam\u00f3wi\u0107 r\u00f3wnie\u017c w po\u0142\u0105czeniu z Formu\u0142\u0105 HVR. Kompleks Mineralny znacznie wzmocni dzia\u0142anie Formu\u0142y HVR. Dzi\u0119ki po\u0142\u0105czeniu Formu\u0142y HVR i Kompleksu Mineralnego b\u0119dzie to dzia\u0142a\u0107 na rzecz jeszcze szybszego odm\u0142odzenia. Mo\u017cna za\u0142o\u017cy\u0107, \u017ce ka\u017cdy, kto ma lub ma siwe w\u0142osy, cierpi na niedob\u00f3r minera\u0142\u00f3w. Formu\u0142a HVR w po\u0142\u0105czeniu z The Mineral Complex \u015bwietnie radzi sobie z siwymi w\u0142osami i jest du\u017ca szansa, \u017ce \u200b\u200bTwoje siwe w\u0142osy odzyskaj\u0105 sw\u00f3j pierwotny kolor.  Butelka 200 ml wystarcza na oko\u0142o 4 miesi\u0105ce, 1000 ml (1 litr) wystarcza na prawie 2 lata dla 1 osoby, koszt wynosi 22,00 \u20ac miesi\u0119cznie (oszcz\u0119dno\u015b\u0107 275,00 \u20ac).  &nbsp;  &nbsp;  &nbsp;","og_url":"https:\/\/www.aurorscalartechnology.com\/pl\/produkt\/h-v-r-formula\/","og_site_name":"Auror Scalar Technology","article_modified_time":"2024-07-23T13:34:39+00:00","og_image":[{"width":2155,"height":2560,"url":"https:\/\/www.aurorscalartechnology.com\/wp-content\/uploads\/2024\/05\/17a-scaled.jpg","type":"image\/jpeg"}],"twitter_card":"summary_large_image","twitter_misc":{"Szacowany czas czytania":"3 minuty"},"schema":{"@context":"https:\/\/schema.org","@graph":[{"@type":"WebPage","@id":"https:\/\/www.aurorscalartechnology.com\/pl\/produkt\/h-v-r-formula\/","url":"https:\/\/www.aurorscalartechnology.com\/pl\/produkt\/h-v-r-formula\/","name":"H V R FORMULA z w\u0119glem, prokain\u0105 i Ta-65 - Auror Scalar Technology","isPartOf":{"@id":"https:\/\/www.aurorscalartechnology.com\/pl\/#website"},"primaryImageOfPage":{"@id":"https:\/\/www.aurorscalartechnology.com\/pl\/produkt\/h-v-r-formula\/#primaryimage"},"image":{"@id":"https:\/\/www.aurorscalartechnology.com\/pl\/produkt\/h-v-r-formula\/#primaryimage"},"thumbnailUrl":"https:\/\/www.aurorscalartechnology.com\/wp-content\/uploads\/2024\/05\/17a-scaled.jpg","datePublished":"2022-04-27T10:46:40+00:00","dateModified":"2024-07-23T13:34:39+00:00","breadcrumb":{"@id":"https:\/\/www.aurorscalartechnology.com\/pl\/produkt\/h-v-r-formula\/#breadcrumb"},"inLanguage":"pl-PL","potentialAction":[{"@type":"ReadAction","target":["https:\/\/www.aurorscalartechnology.com\/pl\/produkt\/h-v-r-formula\/"]}]},{"@type":"ImageObject","inLanguage":"pl-PL","@id":"https:\/\/www.aurorscalartechnology.com\/pl\/produkt\/h-v-r-formula\/#primaryimage","url":"https:\/\/www.aurorscalartechnology.com\/wp-content\/uploads\/2024\/05\/17a-scaled.jpg","contentUrl":"https:\/\/www.aurorscalartechnology.com\/wp-content\/uploads\/2024\/05\/17a-scaled.jpg","width":2155,"height":2560},{"@type":"BreadcrumbList","@id":"https:\/\/www.aurorscalartechnology.com\/pl\/produkt\/h-v-r-formula\/#breadcrumb","itemListElement":[{"@type":"ListItem","position":1,"name":"Home","item":"https:\/\/www.aurorscalartechnology.com\/pl\/"},{"@type":"ListItem","position":2,"name":"Sklep","item":"https:\/\/www.aurorscalartechnology.com\/pl\/sklep\/"},{"@type":"ListItem","position":3,"name":"H V R FORMULA z w\u0119glem, prokain\u0105 i Ta-65"}]},{"@type":"WebSite","@id":"https:\/\/www.aurorscalartechnology.com\/pl\/#website","url":"https:\/\/www.aurorscalartechnology.com\/pl\/","name":"Auror Scalar Technology","description":"","potentialAction":[{"@type":"SearchAction","target":{"@type":"EntryPoint","urlTemplate":"https:\/\/www.aurorscalartechnology.com\/pl\/?s={search_term_string}"},"query-input":{"@type":"PropertyValueSpecification","valueRequired":true,"valueName":"search_term_string"}}],"inLanguage":"pl-PL"}]}},"_links":{"self":[{"href":"https:\/\/www.aurorscalartechnology.com\/pl\/wp-json\/wp\/v2\/product\/2341","targetHints":{"allow":["GET"]}}],"collection":[{"href":"https:\/\/www.aurorscalartechnology.com\/pl\/wp-json\/wp\/v2\/product"}],"about":[{"href":"https:\/\/www.aurorscalartechnology.com\/pl\/wp-json\/wp\/v2\/types\/product"}],"version-history":[{"count":2,"href":"https:\/\/www.aurorscalartechnology.com\/pl\/wp-json\/wp\/v2\/product\/2341\/revisions"}],"predecessor-version":[{"id":23128,"href":"https:\/\/www.aurorscalartechnology.com\/pl\/wp-json\/wp\/v2\/product\/2341\/revisions\/23128"}],"wp:featuredmedia":[{"embeddable":true,"href":"https:\/\/www.aurorscalartechnology.com\/pl\/wp-json\/wp\/v2\/media\/22678"}],"wp:attachment":[{"href":"https:\/\/www.aurorscalartechnology.com\/pl\/wp-json\/wp\/v2\/media?parent=2341"}],"wp:term":[{"taxonomy":"product_cat","embeddable":true,"href":"https:\/\/www.aurorscalartechnology.com\/pl\/wp-json\/wp\/v2\/product_cat?post=2341"},{"taxonomy":"product_tag","embeddable":true,"href":"https:\/\/www.aurorscalartechnology.com\/pl\/wp-json\/wp\/v2\/product_tag?post=2341"}],"curies":[{"name":"wp","href":"https:\/\/api.w.org\/{rel}","templated":true}]}}