{"id":23457,"date":"2023-08-08T08:44:57","date_gmt":"2023-08-08T08:44:57","guid":{"rendered":"https:\/\/www.aurorscalartechnology.com\/?post_type=product&#038;p=23457"},"modified":"2024-08-09T11:31:40","modified_gmt":"2024-08-09T11:31:40","slug":"olejek-na-porost-wlosow-serum-na-porost-wlosow-z-blekitem-metylenowym-blekitem-metylenowym","status":"publish","type":"product","link":"https:\/\/www.aurorscalartechnology.com\/pl\/produkt\/olejek-na-porost-wlosow-serum-na-porost-wlosow-z-blekitem-metylenowym-blekitem-metylenowym\/","title":{"rendered":"Olejek na porost w\u0142os\u00f3w \/ serum na porost w\u0142os\u00f3w z b\u0142\u0119kitem metylenowym \/ b\u0142\u0119kitem metylenowym"},"content":{"rendered":"\t\t<div data-elementor-type=\"wp-post\" data-elementor-id=\"23457\" class=\"elementor elementor-23457 elementor-1283\">\n\t\t\t\t\t\t<section class=\"elementor-section elementor-top-section elementor-element elementor-element-ac98f48 elementor-section-boxed elementor-section-height-default elementor-section-height-default\" data-id=\"ac98f48\" data-element_type=\"section\" data-e-type=\"section\">\n\t\t\t\t\t\t<div class=\"elementor-container elementor-column-gap-default\">\n\t\t\t\t\t<div class=\"elementor-column elementor-col-33 elementor-top-column elementor-element elementor-element-a9c3cf6\" data-id=\"a9c3cf6\" data-element_type=\"column\" data-e-type=\"column\">\n\t\t\t<div class=\"elementor-widget-wrap elementor-element-populated\">\n\t\t\t\t\t\t<div class=\"elementor-element elementor-element-5e343f4 elementor-widget elementor-widget-pressmart-heading\" data-id=\"5e343f4\" data-element_type=\"widget\" data-e-type=\"widget\" data-widget_type=\"pressmart-heading.default\">\n\t\t\t\t<div class=\"elementor-widget-container\">\n\t\t\t\t\t<div id=\"pressmart-header-34746\" class=\"pressmart-element pressmart-heading text-left separator-none separator-between-heading\">\t\n\t\t\t\n\t\t\t<div class=\"heading-wrap\">\n\t\t\t<span class=\"separator-left\"><\/span>\n\t\t\t<h4 class=\"heading-title\">Serum do w\u0142os\u00f3w (\u015brodek na porost w\u0142os\u00f3w) z b\u0142\u0119kitem metylenowym na porost w\u0142os\u00f3w i grubsze, zdrowsze w\u0142osy<\/h4>\t\t\t<span class=\"separator-right\"><\/span>\n\t\t\t\t\t<\/div>\n\t\t\n    <\/div>\t\t\t\t<\/div>\n\t\t\t\t<\/div>\n\t\t\t\t<div class=\"elementor-element elementor-element-93eceae elementor-widget elementor-widget-text-editor\" data-id=\"93eceae\" data-element_type=\"widget\" data-e-type=\"widget\" data-widget_type=\"text-editor.default\">\n\t\t\t\t<div class=\"elementor-widget-container\">\n\t\t\t\t\t\t\t\t\t<p>\u015arodek ten ma na celu stymulacj\u0119 i oczyszczenie sk\u00f3ry g\u0142owy, aby nada\u0107 w\u0142osom wi\u0119cej blasku i obj\u0119to\u015bci oraz poprawi\u0107 ich kondycj\u0119. Nawet w przypadku os\u00f3b z przerzedzonymi lub \u0142ysiej\u0105cymi w\u0142osami, w\u0142osy mog\u0105 stopniowo powraca\u0107, a rezultaty mo\u017cna zauwa\u017cy\u0107 w ci\u0105gu 2-6 miesi\u0119cy. Aby uzyska\u0107 dobre wyniki, nale\u017cy stosowa\u0107 olejek co najmniej 5-7 razy w tygodniu przez pierwsze kilka miesi\u0119cy. Zaleca si\u0119 delikatne wmasowywanie olejku w miejsca poddawane zabiegowi wieczorem przed p\u00f3j\u015bciem spa\u0107. Oczywi\u015bcie wynik nie b\u0119dzie taki sam dla wszystkich, poniewa\u017c ka\u017cda osoba jest inna i reaguje inaczej.<\/p><p>Jak olejek\/serum wp\u0142ywa na porost w\u0142os\u00f3w?<\/p><ul><li>Stymuluje pe\u0142niejsze i grubsze w\u0142osy<\/li><li>Przywraca zdrowy stan w\u0142os\u00f3w i sk\u00f3ry g\u0142owy<\/li><li>Przywraca suche, zniszczone i \u0142amliwe w\u0142osy<\/li><li>Aktywuje wzrost w\u0142os\u00f3w.<\/li><\/ul><p>Je\u015bli szukasz naturalnego sposobu na pobudzenie wzrostu w\u0142os\u00f3w, b\u0142\u0119kit metylenowy i wy\u017cej wymienione substancje mog\u0105 by\u0107 rozwi\u0105zaniem dla Ciebie. B\u0142\u0119kit metylenowy jest lekiem cz\u0119sto stosowanym w medycynie do r\u00f3\u017cnych cel\u00f3w, w tym do barwienia tkanek, leczenia methemoglobinemii i jako \u015brodek przeciwgrzybiczy. Ostatnie badania wykaza\u0142y jednak, \u017ce b\u0142\u0119kit metylenowy mo\u017ce mie\u0107 korzystny wp\u0142yw na wzrost w\u0142os\u00f3w.<\/p><p>Badania sugeruj\u0105, \u017ce b\u0142\u0119kit metylenowy pomaga stymulowa\u0107 wzrost w\u0142os\u00f3w poprzez zwi\u0119kszenie przep\u0142ywu krwi do sk\u00f3ry g\u0142owy i stymulowanie aktywno\u015bci mieszk\u00f3w w\u0142osowych.<\/p>\t\t\t\t\t\t\t\t<\/div>\n\t\t\t\t<\/div>\n\t\t\t\t\t<\/div>\n\t\t<\/div>\n\t\t\t\t<div class=\"elementor-column elementor-col-33 elementor-top-column elementor-element elementor-element-ca81899\" data-id=\"ca81899\" data-element_type=\"column\" data-e-type=\"column\">\n\t\t\t<div class=\"elementor-widget-wrap elementor-element-populated\">\n\t\t\t\t\t\t<div class=\"elementor-element elementor-element-9eb8d12 elementor-widget elementor-widget-pressmart-heading\" data-id=\"9eb8d12\" data-element_type=\"widget\" data-e-type=\"widget\" data-widget_type=\"pressmart-heading.default\">\n\t\t\t\t<div class=\"elementor-widget-container\">\n\t\t\t\t\t<div id=\"pressmart-header-21774\" class=\"pressmart-element pressmart-heading text-left separator-none separator-between-heading\">\t\n\t\t\t\n\t\t\t<div class=\"heading-wrap\">\n\t\t\t<span class=\"separator-left\"><\/span>\n\t\t\t<h4 class=\"heading-title\">Czym jest b\u0142\u0119kit metylenowy?<\/h4>\t\t\t<span class=\"separator-right\"><\/span>\n\t\t\t\t\t<\/div>\n\t\t\n    <\/div>\t\t\t\t<\/div>\n\t\t\t\t<\/div>\n\t\t\t\t<div class=\"elementor-element elementor-element-7312084 elementor-widget elementor-widget-text-editor\" data-id=\"7312084\" data-element_type=\"widget\" data-e-type=\"widget\" data-widget_type=\"text-editor.default\">\n\t\t\t\t<div class=\"elementor-widget-container\">\n\t\t\t\t\t\t\t\t\t<p>B\u0142\u0119kit metylenowy to syntetyczny, bezwonny i nietoksyczny barwnik, kt\u00f3ry by\u0142 u\u017cywany do r\u00f3\u017cnych cel\u00f3w, w tym jako lek, barwnik laboratoryjny i barwnik przemys\u0142owy. Jest to pochodna fenotiazyny zawieraj\u0105ca pier\u015bcie\u0144 tiazynowy i cz\u0119sto ma niebieski kolor. Ze wzgl\u0119du na swoje unikalne w\u0142a\u015bciwo\u015bci i r\u00f3\u017cne zastosowania, b\u0142\u0119kit metylenowy staje si\u0119 coraz bardziej popularny w r\u00f3\u017cnych dziedzinach, w tym w estetyce i opiece zdrowotnej.<\/p>\t\t\t\t\t\t\t\t<\/div>\n\t\t\t\t<\/div>\n\t\t\t\t<div class=\"elementor-element elementor-element-ca08910 elementor-widget elementor-widget-pressmart-heading\" data-id=\"ca08910\" data-element_type=\"widget\" data-e-type=\"widget\" data-widget_type=\"pressmart-heading.default\">\n\t\t\t\t<div class=\"elementor-widget-container\">\n\t\t\t\t\t<div id=\"pressmart-header-44470\" class=\"pressmart-element pressmart-heading text-left separator-none separator-between-heading\">\t\n\t\t\t\n\t\t\t<div class=\"heading-wrap\">\n\t\t\t<span class=\"separator-left\"><\/span>\n\t\t\t<h4 class=\"heading-title\">W jaki spos\u00f3b b\u0142\u0119kit metylenowy wspomaga wzrost w\u0142os\u00f3w?<\/h4>\t\t\t<span class=\"separator-right\"><\/span>\n\t\t\t\t\t<\/div>\n\t\t\n    <\/div>\t\t\t\t<\/div>\n\t\t\t\t<\/div>\n\t\t\t\t<div class=\"elementor-element elementor-element-a0a335d elementor-widget elementor-widget-text-editor\" data-id=\"a0a335d\" data-element_type=\"widget\" data-e-type=\"widget\" data-widget_type=\"text-editor.default\">\n\t\t\t\t<div class=\"elementor-widget-container\">\n\t\t\t\t\t\t\t\t\t<p>B\u0142\u0119kit metylenowy jest wszechstronnym zwi\u0105zkiem chemicznym o zastosowaniach w r\u00f3\u017cnych obszarach badawczych. Ostatnie badania wykaza\u0142y, \u017ce b\u0142\u0119kit metylenowy ma r\u00f3wnie\u017c w\u0142a\u015bciwo\u015bci wspomagaj\u0105ce wzrost i odbudow\u0119 w\u0142os\u00f3w. Ale w jaki spos\u00f3b b\u0142\u0119kit metylenowy osi\u0105ga te wyniki?<\/p>\t\t\t\t\t\t\t\t<\/div>\n\t\t\t\t<\/div>\n\t\t\t\t\t<\/div>\n\t\t<\/div>\n\t\t\t\t<div class=\"elementor-column elementor-col-33 elementor-top-column elementor-element elementor-element-c29160e\" data-id=\"c29160e\" data-element_type=\"column\" data-e-type=\"column\">\n\t\t\t<div class=\"elementor-widget-wrap elementor-element-populated\">\n\t\t\t\t\t\t<div class=\"elementor-element elementor-element-cb727b6 elementor-widget elementor-widget-pressmart-heading\" data-id=\"cb727b6\" data-element_type=\"widget\" data-e-type=\"widget\" data-widget_type=\"pressmart-heading.default\">\n\t\t\t\t<div class=\"elementor-widget-container\">\n\t\t\t\t\t<div id=\"pressmart-header-29311\" class=\"pressmart-element pressmart-heading text-left separator-none separator-between-heading\">\t\n\t\t\t\n\t\t\t<div class=\"heading-wrap\">\n\t\t\t<span class=\"separator-left\"><\/span>\n\t\t\t<h4 class=\"heading-title\">Stymuluje mieszki w\u0142osowe<\/h4>\t\t\t<span class=\"separator-right\"><\/span>\n\t\t\t\t\t<\/div>\n\t\t\n    <\/div>\t\t\t\t<\/div>\n\t\t\t\t<\/div>\n\t\t\t\t<div class=\"elementor-element elementor-element-019da56 elementor-widget elementor-widget-text-editor\" data-id=\"019da56\" data-element_type=\"widget\" data-e-type=\"widget\" data-widget_type=\"text-editor.default\">\n\t\t\t\t<div class=\"elementor-widget-container\">\n\t\t\t\t\t\t\t\t\t<p>B\u0142\u0119kit metylenowy stymuluje mieszki w\u0142osowe poprzez zwi\u0119kszenie produkcji adenozynotrifosforanu (ATP), cz\u0105steczki odpowiedzialnej za dostarczanie energii do kom\u00f3rek. Zwi\u0119kszaj\u0105c poziom ATP w mieszkach w\u0142osowych, b\u0142\u0119kit metylenowy promuje metabolizm kom\u00f3rkowy, prowadz\u0105c do zwi\u0119kszonego wzrostu w\u0142os\u00f3w.<br \/>Ponadto zwi\u0105zek ten zwi\u0119ksza r\u00f3wnie\u017c wytwarzanie reaktywnych form tlenu (ROS), o kt\u00f3rych wiadomo, \u017ce promuj\u0105 wzrost w\u0142os\u00f3w. Cz\u0105steczki ROS pomagaj\u0105 stworzy\u0107 idealne \u015brodowisko dla wzrostu w\u0142os\u00f3w, promuj\u0105c aktywno\u015b\u0107 przeciwutleniaczy i zmniejszaj\u0105c stres oksydacyjny, kt\u00f3ry mo\u017ce hamowa\u0107 wzrost i regeneracj\u0119 mieszk\u00f3w w\u0142osowych.<\/p>\t\t\t\t\t\t\t\t<\/div>\n\t\t\t\t<\/div>\n\t\t\t\t\t<\/div>\n\t\t<\/div>\n\t\t\t\t\t<\/div>\n\t\t<\/section>\n\t\t\t\t<\/div>\n\t\t","protected":false},"excerpt":{"rendered":"<h1><b>\u20ac 70,00<\/b><\/h1>\n<p>Opis<\/p>\n<p>Olejek\/serum na porost w\u0142os\u00f3w<br \/>\n&#8211; Stymuluje pe\u0142niejsze, grubsze w\u0142osy<br \/>\n&#8211; Przywraca zdrowy stan w\u0142os\u00f3w i sk\u00f3ry g\u0142owy<br \/>\n&#8211; Przywraca suche, zniszczone, \u0142amliwe w\u0142osy<br \/>\n&#8211; Aktywuje wzrost w\u0142os\u00f3w<br \/>\nSk\u0142adniki serum na porost w\u0142os\u00f3w<br \/>\nRopa naftowa, b\u0142\u0119kit metylenowy, niacynamid, kofeina, wazelina, olej jojoba, kamfora, olej arganowy, w\u0119giel i olej migda\u0142owy.<\/p>\n","protected":false},"featured_media":19871,"template":"","meta":[],"product_cat":[381,273],"product_tag":[],"class_list":{"0":"post-23457","1":"product","2":"type-product","3":"status-publish","4":"has-post-thumbnail","6":"product_cat-preparat-stymulujacy-wzrost-wlosow","7":"product_cat-wszystkie-produkty","9":"first","10":"instock","11":"taxable","12":"shipping-taxable","13":"purchasable","14":"product-type-variable"},"yoast_head":"<!-- This site is optimized with the Yoast SEO plugin v27.4 - https:\/\/yoast.com\/product\/yoast-seo-wordpress\/ -->\n<title>Olejek na porost w\u0142os\u00f3w \/ serum na porost w\u0142os\u00f3w z b\u0142\u0119kitem metylenowym \/ b\u0142\u0119kitem metylenowym - Auror Scalar Technology<\/title>\n<meta name=\"robots\" content=\"index, follow, max-snippet:-1, max-image-preview:large, max-video-preview:-1\" \/>\n<link rel=\"canonical\" href=\"https:\/\/www.aurorscalartechnology.com\/pl\/produkt\/olejek-na-porost-wlosow-serum-na-porost-wlosow-z-blekitem-metylenowym-blekitem-metylenowym\/\" \/>\n<meta property=\"og:locale\" content=\"pl_PL\" \/>\n<meta property=\"og:type\" content=\"article\" \/>\n<meta property=\"og:title\" content=\"Olejek na porost w\u0142os\u00f3w \/ serum na porost w\u0142os\u00f3w z b\u0142\u0119kitem metylenowym \/ b\u0142\u0119kitem metylenowym - Auror Scalar Technology\" \/>\n<meta property=\"og:description\" content=\"\u20ac 70,00 Opis  Olejek\/serum na porost w\u0142os\u00f3w - Stymuluje pe\u0142niejsze, grubsze w\u0142osy - Przywraca zdrowy stan w\u0142os\u00f3w i sk\u00f3ry g\u0142owy - Przywraca suche, zniszczone, \u0142amliwe w\u0142osy - Aktywuje wzrost w\u0142os\u00f3w Sk\u0142adniki serum na porost w\u0142os\u00f3w Ropa naftowa, b\u0142\u0119kit metylenowy, niacynamid, kofeina, wazelina, olej jojoba, kamfora, olej arganowy, w\u0119giel i olej migda\u0142owy.\" \/>\n<meta property=\"og:url\" content=\"https:\/\/www.aurorscalartechnology.com\/pl\/produkt\/olejek-na-porost-wlosow-serum-na-porost-wlosow-z-blekitem-metylenowym-blekitem-metylenowym\/\" \/>\n<meta property=\"og:site_name\" content=\"Auror Scalar Technology\" \/>\n<meta property=\"article:modified_time\" content=\"2024-08-09T11:31:40+00:00\" \/>\n<meta property=\"og:image\" content=\"https:\/\/www.aurorscalartechnology.com\/wp-content\/uploads\/2023\/08\/Haargroei-scaled.jpg\" \/>\n\t<meta property=\"og:image:width\" content=\"1877\" \/>\n\t<meta property=\"og:image:height\" content=\"2560\" \/>\n\t<meta property=\"og:image:type\" content=\"image\/jpeg\" \/>\n<meta name=\"twitter:card\" content=\"summary_large_image\" \/>\n<meta name=\"twitter:label1\" content=\"Szacowany czas czytania\" \/>\n\t<meta name=\"twitter:data1\" content=\"3 minuty\" \/>\n<script type=\"application\/ld+json\" class=\"yoast-schema-graph\">{\"@context\":\"https:\\\/\\\/schema.org\",\"@graph\":[{\"@type\":\"WebPage\",\"@id\":\"https:\\\/\\\/www.aurorscalartechnology.com\\\/pl\\\/produkt\\\/olejek-na-porost-wlosow-serum-na-porost-wlosow-z-blekitem-metylenowym-blekitem-metylenowym\\\/\",\"url\":\"https:\\\/\\\/www.aurorscalartechnology.com\\\/pl\\\/produkt\\\/olejek-na-porost-wlosow-serum-na-porost-wlosow-z-blekitem-metylenowym-blekitem-metylenowym\\\/\",\"name\":\"Olejek na porost w\u0142os\u00f3w \\\/ serum na porost w\u0142os\u00f3w z b\u0142\u0119kitem metylenowym \\\/ b\u0142\u0119kitem metylenowym - Auror Scalar Technology\",\"isPartOf\":{\"@id\":\"https:\\\/\\\/www.aurorscalartechnology.com\\\/pl\\\/#website\"},\"primaryImageOfPage\":{\"@id\":\"https:\\\/\\\/www.aurorscalartechnology.com\\\/pl\\\/produkt\\\/olejek-na-porost-wlosow-serum-na-porost-wlosow-z-blekitem-metylenowym-blekitem-metylenowym\\\/#primaryimage\"},\"image\":{\"@id\":\"https:\\\/\\\/www.aurorscalartechnology.com\\\/pl\\\/produkt\\\/olejek-na-porost-wlosow-serum-na-porost-wlosow-z-blekitem-metylenowym-blekitem-metylenowym\\\/#primaryimage\"},\"thumbnailUrl\":\"https:\\\/\\\/www.aurorscalartechnology.com\\\/wp-content\\\/uploads\\\/2023\\\/08\\\/Haargroei-scaled.jpg\",\"datePublished\":\"2023-08-08T08:44:57+00:00\",\"dateModified\":\"2024-08-09T11:31:40+00:00\",\"breadcrumb\":{\"@id\":\"https:\\\/\\\/www.aurorscalartechnology.com\\\/pl\\\/produkt\\\/olejek-na-porost-wlosow-serum-na-porost-wlosow-z-blekitem-metylenowym-blekitem-metylenowym\\\/#breadcrumb\"},\"inLanguage\":\"pl-PL\",\"potentialAction\":[{\"@type\":\"ReadAction\",\"target\":[\"https:\\\/\\\/www.aurorscalartechnology.com\\\/pl\\\/produkt\\\/olejek-na-porost-wlosow-serum-na-porost-wlosow-z-blekitem-metylenowym-blekitem-metylenowym\\\/\"]}]},{\"@type\":\"ImageObject\",\"inLanguage\":\"pl-PL\",\"@id\":\"https:\\\/\\\/www.aurorscalartechnology.com\\\/pl\\\/produkt\\\/olejek-na-porost-wlosow-serum-na-porost-wlosow-z-blekitem-metylenowym-blekitem-metylenowym\\\/#primaryimage\",\"url\":\"https:\\\/\\\/www.aurorscalartechnology.com\\\/wp-content\\\/uploads\\\/2023\\\/08\\\/Haargroei-scaled.jpg\",\"contentUrl\":\"https:\\\/\\\/www.aurorscalartechnology.com\\\/wp-content\\\/uploads\\\/2023\\\/08\\\/Haargroei-scaled.jpg\",\"width\":1877,\"height\":2560},{\"@type\":\"BreadcrumbList\",\"@id\":\"https:\\\/\\\/www.aurorscalartechnology.com\\\/pl\\\/produkt\\\/olejek-na-porost-wlosow-serum-na-porost-wlosow-z-blekitem-metylenowym-blekitem-metylenowym\\\/#breadcrumb\",\"itemListElement\":[{\"@type\":\"ListItem\",\"position\":1,\"name\":\"Home\",\"item\":\"https:\\\/\\\/www.aurorscalartechnology.com\\\/pl\\\/\"},{\"@type\":\"ListItem\",\"position\":2,\"name\":\"Sklep\",\"item\":\"https:\\\/\\\/www.aurorscalartechnology.com\\\/pl\\\/sklep\\\/\"},{\"@type\":\"ListItem\",\"position\":3,\"name\":\"Olejek na porost w\u0142os\u00f3w \\\/ serum na porost w\u0142os\u00f3w z b\u0142\u0119kitem metylenowym \\\/ b\u0142\u0119kitem metylenowym\"}]},{\"@type\":\"WebSite\",\"@id\":\"https:\\\/\\\/www.aurorscalartechnology.com\\\/pl\\\/#website\",\"url\":\"https:\\\/\\\/www.aurorscalartechnology.com\\\/pl\\\/\",\"name\":\"Auror Scalar Technology\",\"description\":\"\",\"potentialAction\":[{\"@type\":\"SearchAction\",\"target\":{\"@type\":\"EntryPoint\",\"urlTemplate\":\"https:\\\/\\\/www.aurorscalartechnology.com\\\/pl\\\/?s={search_term_string}\"},\"query-input\":{\"@type\":\"PropertyValueSpecification\",\"valueRequired\":true,\"valueName\":\"search_term_string\"}}],\"inLanguage\":\"pl-PL\"}]}<\/script>\n<!-- \/ Yoast SEO plugin. -->","yoast_head_json":{"title":"Olejek na porost w\u0142os\u00f3w \/ serum na porost w\u0142os\u00f3w z b\u0142\u0119kitem metylenowym \/ b\u0142\u0119kitem metylenowym - Auror Scalar Technology","robots":{"index":"index","follow":"follow","max-snippet":"max-snippet:-1","max-image-preview":"max-image-preview:large","max-video-preview":"max-video-preview:-1"},"canonical":"https:\/\/www.aurorscalartechnology.com\/pl\/produkt\/olejek-na-porost-wlosow-serum-na-porost-wlosow-z-blekitem-metylenowym-blekitem-metylenowym\/","og_locale":"pl_PL","og_type":"article","og_title":"Olejek na porost w\u0142os\u00f3w \/ serum na porost w\u0142os\u00f3w z b\u0142\u0119kitem metylenowym \/ b\u0142\u0119kitem metylenowym - Auror Scalar Technology","og_description":"\u20ac 70,00 Opis  Olejek\/serum na porost w\u0142os\u00f3w - Stymuluje pe\u0142niejsze, grubsze w\u0142osy - Przywraca zdrowy stan w\u0142os\u00f3w i sk\u00f3ry g\u0142owy - Przywraca suche, zniszczone, \u0142amliwe w\u0142osy - Aktywuje wzrost w\u0142os\u00f3w Sk\u0142adniki serum na porost w\u0142os\u00f3w Ropa naftowa, b\u0142\u0119kit metylenowy, niacynamid, kofeina, wazelina, olej jojoba, kamfora, olej arganowy, w\u0119giel i olej migda\u0142owy.","og_url":"https:\/\/www.aurorscalartechnology.com\/pl\/produkt\/olejek-na-porost-wlosow-serum-na-porost-wlosow-z-blekitem-metylenowym-blekitem-metylenowym\/","og_site_name":"Auror Scalar Technology","article_modified_time":"2024-08-09T11:31:40+00:00","og_image":[{"width":1877,"height":2560,"url":"https:\/\/www.aurorscalartechnology.com\/wp-content\/uploads\/2023\/08\/Haargroei-scaled.jpg","type":"image\/jpeg"}],"twitter_card":"summary_large_image","twitter_misc":{"Szacowany czas czytania":"3 minuty"},"schema":{"@context":"https:\/\/schema.org","@graph":[{"@type":"WebPage","@id":"https:\/\/www.aurorscalartechnology.com\/pl\/produkt\/olejek-na-porost-wlosow-serum-na-porost-wlosow-z-blekitem-metylenowym-blekitem-metylenowym\/","url":"https:\/\/www.aurorscalartechnology.com\/pl\/produkt\/olejek-na-porost-wlosow-serum-na-porost-wlosow-z-blekitem-metylenowym-blekitem-metylenowym\/","name":"Olejek na porost w\u0142os\u00f3w \/ serum na porost w\u0142os\u00f3w z b\u0142\u0119kitem metylenowym \/ b\u0142\u0119kitem metylenowym - Auror Scalar Technology","isPartOf":{"@id":"https:\/\/www.aurorscalartechnology.com\/pl\/#website"},"primaryImageOfPage":{"@id":"https:\/\/www.aurorscalartechnology.com\/pl\/produkt\/olejek-na-porost-wlosow-serum-na-porost-wlosow-z-blekitem-metylenowym-blekitem-metylenowym\/#primaryimage"},"image":{"@id":"https:\/\/www.aurorscalartechnology.com\/pl\/produkt\/olejek-na-porost-wlosow-serum-na-porost-wlosow-z-blekitem-metylenowym-blekitem-metylenowym\/#primaryimage"},"thumbnailUrl":"https:\/\/www.aurorscalartechnology.com\/wp-content\/uploads\/2023\/08\/Haargroei-scaled.jpg","datePublished":"2023-08-08T08:44:57+00:00","dateModified":"2024-08-09T11:31:40+00:00","breadcrumb":{"@id":"https:\/\/www.aurorscalartechnology.com\/pl\/produkt\/olejek-na-porost-wlosow-serum-na-porost-wlosow-z-blekitem-metylenowym-blekitem-metylenowym\/#breadcrumb"},"inLanguage":"pl-PL","potentialAction":[{"@type":"ReadAction","target":["https:\/\/www.aurorscalartechnology.com\/pl\/produkt\/olejek-na-porost-wlosow-serum-na-porost-wlosow-z-blekitem-metylenowym-blekitem-metylenowym\/"]}]},{"@type":"ImageObject","inLanguage":"pl-PL","@id":"https:\/\/www.aurorscalartechnology.com\/pl\/produkt\/olejek-na-porost-wlosow-serum-na-porost-wlosow-z-blekitem-metylenowym-blekitem-metylenowym\/#primaryimage","url":"https:\/\/www.aurorscalartechnology.com\/wp-content\/uploads\/2023\/08\/Haargroei-scaled.jpg","contentUrl":"https:\/\/www.aurorscalartechnology.com\/wp-content\/uploads\/2023\/08\/Haargroei-scaled.jpg","width":1877,"height":2560},{"@type":"BreadcrumbList","@id":"https:\/\/www.aurorscalartechnology.com\/pl\/produkt\/olejek-na-porost-wlosow-serum-na-porost-wlosow-z-blekitem-metylenowym-blekitem-metylenowym\/#breadcrumb","itemListElement":[{"@type":"ListItem","position":1,"name":"Home","item":"https:\/\/www.aurorscalartechnology.com\/pl\/"},{"@type":"ListItem","position":2,"name":"Sklep","item":"https:\/\/www.aurorscalartechnology.com\/pl\/sklep\/"},{"@type":"ListItem","position":3,"name":"Olejek na porost w\u0142os\u00f3w \/ serum na porost w\u0142os\u00f3w z b\u0142\u0119kitem metylenowym \/ b\u0142\u0119kitem metylenowym"}]},{"@type":"WebSite","@id":"https:\/\/www.aurorscalartechnology.com\/pl\/#website","url":"https:\/\/www.aurorscalartechnology.com\/pl\/","name":"Auror Scalar Technology","description":"","potentialAction":[{"@type":"SearchAction","target":{"@type":"EntryPoint","urlTemplate":"https:\/\/www.aurorscalartechnology.com\/pl\/?s={search_term_string}"},"query-input":{"@type":"PropertyValueSpecification","valueRequired":true,"valueName":"search_term_string"}}],"inLanguage":"pl-PL"}]}},"_links":{"self":[{"href":"https:\/\/www.aurorscalartechnology.com\/pl\/wp-json\/wp\/v2\/product\/23457","targetHints":{"allow":["GET"]}}],"collection":[{"href":"https:\/\/www.aurorscalartechnology.com\/pl\/wp-json\/wp\/v2\/product"}],"about":[{"href":"https:\/\/www.aurorscalartechnology.com\/pl\/wp-json\/wp\/v2\/types\/product"}],"version-history":[{"count":5,"href":"https:\/\/www.aurorscalartechnology.com\/pl\/wp-json\/wp\/v2\/product\/23457\/revisions"}],"predecessor-version":[{"id":23475,"href":"https:\/\/www.aurorscalartechnology.com\/pl\/wp-json\/wp\/v2\/product\/23457\/revisions\/23475"}],"wp:featuredmedia":[{"embeddable":true,"href":"https:\/\/www.aurorscalartechnology.com\/pl\/wp-json\/wp\/v2\/media\/19871"}],"wp:attachment":[{"href":"https:\/\/www.aurorscalartechnology.com\/pl\/wp-json\/wp\/v2\/media?parent=23457"}],"wp:term":[{"taxonomy":"product_cat","embeddable":true,"href":"https:\/\/www.aurorscalartechnology.com\/pl\/wp-json\/wp\/v2\/product_cat?post=23457"},{"taxonomy":"product_tag","embeddable":true,"href":"https:\/\/www.aurorscalartechnology.com\/pl\/wp-json\/wp\/v2\/product_tag?post=23457"}],"curies":[{"name":"wp","href":"https:\/\/api.w.org\/{rel}","templated":true}]}}