{"id":24204,"date":"2024-11-21T12:46:32","date_gmt":"2024-11-21T12:46:32","guid":{"rendered":"https:\/\/www.aurorscalartechnology.com\/?post_type=product&#038;p=24204"},"modified":"2024-11-21T12:53:30","modified_gmt":"2024-11-21T12:53:30","slug":"koloidalny-kompleks-mineralny-kopie","status":"publish","type":"product","link":"https:\/\/www.aurorscalartechnology.com\/pl\/produkt\/koloidalny-kompleks-mineralny-kopie\/","title":{"rendered":"Koloidalny kompleks mineralny (kopie)"},"content":{"rendered":"<p>Suplement wzmacniaj\u0105cy minera\u0142y Auror Scalar Technology<\/p>\n<p>&nbsp;<\/p>\n<p>Suplement, kt\u00f3ry zar\u00f3wno likwiduje, jak i odm\u0142adza niedobory. Tak najlepiej mo\u017cna podsumowa\u0107 dzia\u0142anie tego wyj\u0105tkowego boostera mineralnego. Dzi\u0119ki suplementowi technologia Auror Scalar Technology reaguje na ryzyko naszych czas\u00f3w. \u017byjemy w \u015bwiecie, w kt\u00f3rym ludzie do\u015bwiadczaj\u0105 zbyt du\u017cego stresu. Nie tylko pod wp\u0142ywem czynnik\u00f3w zewn\u0119trznych na organizm wp\u0142ywa tak\u017ce stres emocjonalny, taki jak strach, zmartwienia i smutek. Wed\u0142ug nauki cia\u0142o powinno znajdowa\u0107 si\u0119 w stanie relaksu przez osiem na dziesi\u0119\u0107 godzin. U wi\u0119kszo\u015bci ludzi zwi\u0105zek mi\u0119dzy odpoczynkiem a napi\u0119ciem jest odwrotny. Stres sta\u0142 si\u0119 chroniczny. Oznacza to, \u017ce organizm nie mo\u017ce si\u0119 wystarczaj\u0105co zregenerowa\u0107 i dochodzi do nadmiernej eksploatacji. Wykorzystane rezerwy nie s\u0105 ju\u017c uzupe\u0142niane. Normalne od\u017cywianie jest niewystarczaj\u0105ce.<\/p>\n<p>Od\u017cywka mineralna typu booster Auror Scalar Technology zosta\u0142a opracowana z my\u015bl\u0105 o pozyskaniu substancji przywracaj\u0105cych organizm do naturalnej r\u00f3wnowagi.<\/p>\n<p>Razem z Formu\u0142\u0105 HVR zawiera wszystkie minera\u0142y, kt\u00f3rych organizm sam nie wytwarza, a kt\u00f3rych potrzebuje.<\/p>\n<p>Podobnie jak w przypadku HVR, metale w tym boosterze zosta\u0142y dodane w formie koloidalnej, dzi\u0119ki czemu substancje te s\u0105 bez wysi\u0142ku wch\u0142aniane przez organizm.<\/p>\n<p>Co jest szczeg\u00f3lnie wa\u017cne w przypadku kobaltu; aktywny sk\u0142adnik witaminy B12. Jedna czwarta populacji Holandii cierpi na niedob\u00f3r witaminy B12, kt\u00f3ry powoduje anemi\u0119. Kobalt koloidalny podany w odpowiedniej dawce dzia\u0142a superodm\u0142adzaj\u0105co. Ma nawet silniejsze dzia\u0142anie odm\u0142adzaj\u0105ce ni\u017c z\u0142oto. Podobnie jak mangan, kt\u00f3ry r\u00f3wnie\u017c zosta\u0142 dodany do tego boostera. Substancje te zapewniaj\u0105 zatem zar\u00f3wno regeneracj\u0119, jak i odm\u0142odzenie organizmu.<\/p>\n<p>To odm\u0142odzenie si\u0119ga najg\u0142\u0119bszego poziomu. Dzi\u0119ki bombardowaniu minera\u0142ami kom\u00f3rki wracaj\u0105 do swojego pierwotnego stanu, a DNA r\u00f3wnie\u017c ulega regeneracji. Daje to si\u0142\u0119 i zapewnia zar\u00f3wno wewn\u0119trzne, jak i zewn\u0119trzne odm\u0142odzenie. Pomy\u015bl o g\u0142adkiej sk\u00f3rze, g\u0119stych w\u0142osach i m\u0142odzie\u0144czym, zdrowym wygl\u0105dzie.<\/p>\n<p>Organizm, w kt\u00f3rym wszystkie witaminy, minera\u0142y i pierwiastki \u015bladowe s\u0105 na w\u0142a\u015bciwym poziomie, to tak\u017ce wi\u0119ksza jasno\u015b\u0107 umys\u0142u i poczucie relaksu i dobrego samopoczucia.<\/p>\n<p>Zr\u00f3wnowa\u017cona kombinacja minera\u0142\u00f3w i pierwiastk\u00f3w \u015bladowych wzmacnia r\u00f3wnie\u017c uk\u0142ad odporno\u015bciowy. Dzi\u0119ki temu detoksykacja organizmu nie jest konieczna. Booster sprawia, \u017ce \u200b\u200buk\u0142ad odporno\u015bciowy jest tak silny, \u017ce organizm oczyszcza si\u0119 i broni przed chorobami. Dzi\u0119ki po\u0142\u0105czeniu Formu\u0142y HVR i kompleksu minera\u0142\u00f3w zadzia\u0142a to jeszcze szybciej w kierunku odm\u0142odzenia. Mo\u017cna za\u0142o\u017cy\u0107, \u017ce ka\u017cdy, kto ma lub ma siwe w\u0142osy, cierpi na niedob\u00f3r minera\u0142\u00f3w. Produkt ten w po\u0142\u0105czeniu z Formu\u0142\u0105 HVR \u015bwietnie radzi sobie z siwymi w\u0142osami i wiotczeniem sk\u00f3ry, a jest du\u017ca szansa, \u017ce \u200b\u200bTwoje siwe w\u0142osy odzyskaj\u0105 sw\u00f3j pierwotny kolor.<\/p>\n","protected":false},"excerpt":{"rendered":"<p>Koloidalny kompleks mineralny<br \/>\nPoprzedni produkt<\/p>\n<p>Opis<br \/>\nMied\u017a koloidalna, \u017celazo, cynk, tantal, cyna, ind, mangan, chrom i kobalt. (wszystkie 99,99% czyste i koloidalne). Do\u015bwiadczenie jest takie, \u017ce ka\u017cdemu, kto ma siwe w\u0142osy, brakuje minera\u0142\u00f3w i pierwiastk\u00f3w \u015bladowych, wi\u0119c mo\u017ce r\u00f3wnie\u017c przywr\u00f3ci\u0107 pierwotny kolor w\u0142os\u00f3w. A je\u015bli pomy\u015blisz troch\u0119 dalej ni\u017c nos, zdasz sobie spraw\u0119, \u017ce rozpocz\u0105\u0142 si\u0119 proces regeneracji (odm\u0142adzania), kt\u00f3ry b\u0119dzie mia\u0142 pozytywny wp\u0142yw na wszystkich frontach, zar\u00f3wno na ciele, jak i na umy\u015ble. Dla uzyskania najlepszych efekt\u00f3w zaleca si\u0119 stosowanie r\u00f3wnie\u017c Formu\u0142y HVR. Cena za 200 ml wynosi 100,00 \u20ac<\/p>\n","protected":false},"featured_media":22685,"template":"","meta":[],"product_cat":[273],"product_tag":[],"class_list":{"0":"post-24204","1":"product","2":"type-product","3":"status-publish","4":"has-post-thumbnail","6":"product_cat-wszystkie-produkty","8":"first","9":"instock","10":"shipping-taxable","11":"purchasable","12":"product-type-variable"},"yoast_head":"<!-- This site is optimized with the Yoast SEO plugin v27.4 - https:\/\/yoast.com\/product\/yoast-seo-wordpress\/ -->\n<title>Koloidalny kompleks mineralny (kopie) - Auror Scalar Technology<\/title>\n<meta name=\"robots\" content=\"index, follow, max-snippet:-1, max-image-preview:large, max-video-preview:-1\" \/>\n<link rel=\"canonical\" href=\"https:\/\/www.aurorscalartechnology.com\/pl\/produkt\/koloidalny-kompleks-mineralny-kopie\/\" \/>\n<meta property=\"og:locale\" content=\"pl_PL\" \/>\n<meta property=\"og:type\" content=\"article\" \/>\n<meta property=\"og:title\" content=\"Koloidalny kompleks mineralny (kopie) - Auror Scalar Technology\" \/>\n<meta property=\"og:description\" content=\"Koloidalny kompleks mineralny Poprzedni produkt  Opis Mied\u017a koloidalna, \u017celazo, cynk, tantal, cyna, ind, mangan, chrom i kobalt. (wszystkie 99,99% czyste i koloidalne). Do\u015bwiadczenie jest takie, \u017ce ka\u017cdemu, kto ma siwe w\u0142osy, brakuje minera\u0142\u00f3w i pierwiastk\u00f3w \u015bladowych, wi\u0119c mo\u017ce r\u00f3wnie\u017c przywr\u00f3ci\u0107 pierwotny kolor w\u0142os\u00f3w. A je\u015bli pomy\u015blisz troch\u0119 dalej ni\u017c nos, zdasz sobie spraw\u0119, \u017ce rozpocz\u0105\u0142 si\u0119 proces regeneracji (odm\u0142adzania), kt\u00f3ry b\u0119dzie mia\u0142 pozytywny wp\u0142yw na wszystkich frontach, zar\u00f3wno na ciele, jak i na umy\u015ble. Dla uzyskania najlepszych efekt\u00f3w zaleca si\u0119 stosowanie r\u00f3wnie\u017c Formu\u0142y HVR. Cena za 200 ml wynosi 100,00 \u20ac\" \/>\n<meta property=\"og:url\" content=\"https:\/\/www.aurorscalartechnology.com\/pl\/produkt\/koloidalny-kompleks-mineralny-kopie\/\" \/>\n<meta property=\"og:site_name\" content=\"Auror Scalar Technology\" \/>\n<meta property=\"article:modified_time\" content=\"2024-11-21T12:53:30+00:00\" \/>\n<meta property=\"og:image\" content=\"https:\/\/www.aurorscalartechnology.com\/wp-content\/uploads\/2024\/05\/21a-scaled.jpg\" \/>\n\t<meta property=\"og:image:width\" content=\"1855\" \/>\n\t<meta property=\"og:image:height\" content=\"2560\" \/>\n\t<meta property=\"og:image:type\" content=\"image\/jpeg\" \/>\n<meta name=\"twitter:card\" content=\"summary_large_image\" \/>\n<meta name=\"twitter:label1\" content=\"Szacowany czas czytania\" \/>\n\t<meta name=\"twitter:data1\" content=\"2 minuty\" \/>\n<script type=\"application\/ld+json\" class=\"yoast-schema-graph\">{\"@context\":\"https:\\\/\\\/schema.org\",\"@graph\":[{\"@type\":\"WebPage\",\"@id\":\"https:\\\/\\\/www.aurorscalartechnology.com\\\/pl\\\/produkt\\\/koloidalny-kompleks-mineralny-kopie\\\/\",\"url\":\"https:\\\/\\\/www.aurorscalartechnology.com\\\/pl\\\/produkt\\\/koloidalny-kompleks-mineralny-kopie\\\/\",\"name\":\"Koloidalny kompleks mineralny (kopie) - Auror Scalar Technology\",\"isPartOf\":{\"@id\":\"https:\\\/\\\/www.aurorscalartechnology.com\\\/pl\\\/#website\"},\"primaryImageOfPage\":{\"@id\":\"https:\\\/\\\/www.aurorscalartechnology.com\\\/pl\\\/produkt\\\/koloidalny-kompleks-mineralny-kopie\\\/#primaryimage\"},\"image\":{\"@id\":\"https:\\\/\\\/www.aurorscalartechnology.com\\\/pl\\\/produkt\\\/koloidalny-kompleks-mineralny-kopie\\\/#primaryimage\"},\"thumbnailUrl\":\"https:\\\/\\\/www.aurorscalartechnology.com\\\/wp-content\\\/uploads\\\/2024\\\/05\\\/21a-scaled.jpg\",\"datePublished\":\"2024-11-21T12:46:32+00:00\",\"dateModified\":\"2024-11-21T12:53:30+00:00\",\"breadcrumb\":{\"@id\":\"https:\\\/\\\/www.aurorscalartechnology.com\\\/pl\\\/produkt\\\/koloidalny-kompleks-mineralny-kopie\\\/#breadcrumb\"},\"inLanguage\":\"pl-PL\",\"potentialAction\":[{\"@type\":\"ReadAction\",\"target\":[\"https:\\\/\\\/www.aurorscalartechnology.com\\\/pl\\\/produkt\\\/koloidalny-kompleks-mineralny-kopie\\\/\"]}]},{\"@type\":\"ImageObject\",\"inLanguage\":\"pl-PL\",\"@id\":\"https:\\\/\\\/www.aurorscalartechnology.com\\\/pl\\\/produkt\\\/koloidalny-kompleks-mineralny-kopie\\\/#primaryimage\",\"url\":\"https:\\\/\\\/www.aurorscalartechnology.com\\\/wp-content\\\/uploads\\\/2024\\\/05\\\/21a-scaled.jpg\",\"contentUrl\":\"https:\\\/\\\/www.aurorscalartechnology.com\\\/wp-content\\\/uploads\\\/2024\\\/05\\\/21a-scaled.jpg\",\"width\":1855,\"height\":2560},{\"@type\":\"BreadcrumbList\",\"@id\":\"https:\\\/\\\/www.aurorscalartechnology.com\\\/pl\\\/produkt\\\/koloidalny-kompleks-mineralny-kopie\\\/#breadcrumb\",\"itemListElement\":[{\"@type\":\"ListItem\",\"position\":1,\"name\":\"Home\",\"item\":\"https:\\\/\\\/www.aurorscalartechnology.com\\\/pl\\\/\"},{\"@type\":\"ListItem\",\"position\":2,\"name\":\"Sklep\",\"item\":\"https:\\\/\\\/www.aurorscalartechnology.com\\\/pl\\\/sklep\\\/\"},{\"@type\":\"ListItem\",\"position\":3,\"name\":\"Koloidalny kompleks mineralny (kopie)\"}]},{\"@type\":\"WebSite\",\"@id\":\"https:\\\/\\\/www.aurorscalartechnology.com\\\/pl\\\/#website\",\"url\":\"https:\\\/\\\/www.aurorscalartechnology.com\\\/pl\\\/\",\"name\":\"Auror Scalar Technology\",\"description\":\"\",\"potentialAction\":[{\"@type\":\"SearchAction\",\"target\":{\"@type\":\"EntryPoint\",\"urlTemplate\":\"https:\\\/\\\/www.aurorscalartechnology.com\\\/pl\\\/?s={search_term_string}\"},\"query-input\":{\"@type\":\"PropertyValueSpecification\",\"valueRequired\":true,\"valueName\":\"search_term_string\"}}],\"inLanguage\":\"pl-PL\"}]}<\/script>\n<!-- \/ Yoast SEO plugin. -->","yoast_head_json":{"title":"Koloidalny kompleks mineralny (kopie) - Auror Scalar Technology","robots":{"index":"index","follow":"follow","max-snippet":"max-snippet:-1","max-image-preview":"max-image-preview:large","max-video-preview":"max-video-preview:-1"},"canonical":"https:\/\/www.aurorscalartechnology.com\/pl\/produkt\/koloidalny-kompleks-mineralny-kopie\/","og_locale":"pl_PL","og_type":"article","og_title":"Koloidalny kompleks mineralny (kopie) - Auror Scalar Technology","og_description":"Koloidalny kompleks mineralny Poprzedni produkt  Opis Mied\u017a koloidalna, \u017celazo, cynk, tantal, cyna, ind, mangan, chrom i kobalt. (wszystkie 99,99% czyste i koloidalne). Do\u015bwiadczenie jest takie, \u017ce ka\u017cdemu, kto ma siwe w\u0142osy, brakuje minera\u0142\u00f3w i pierwiastk\u00f3w \u015bladowych, wi\u0119c mo\u017ce r\u00f3wnie\u017c przywr\u00f3ci\u0107 pierwotny kolor w\u0142os\u00f3w. A je\u015bli pomy\u015blisz troch\u0119 dalej ni\u017c nos, zdasz sobie spraw\u0119, \u017ce rozpocz\u0105\u0142 si\u0119 proces regeneracji (odm\u0142adzania), kt\u00f3ry b\u0119dzie mia\u0142 pozytywny wp\u0142yw na wszystkich frontach, zar\u00f3wno na ciele, jak i na umy\u015ble. Dla uzyskania najlepszych efekt\u00f3w zaleca si\u0119 stosowanie r\u00f3wnie\u017c Formu\u0142y HVR. Cena za 200 ml wynosi 100,00 \u20ac","og_url":"https:\/\/www.aurorscalartechnology.com\/pl\/produkt\/koloidalny-kompleks-mineralny-kopie\/","og_site_name":"Auror Scalar Technology","article_modified_time":"2024-11-21T12:53:30+00:00","og_image":[{"width":1855,"height":2560,"url":"https:\/\/www.aurorscalartechnology.com\/wp-content\/uploads\/2024\/05\/21a-scaled.jpg","type":"image\/jpeg"}],"twitter_card":"summary_large_image","twitter_misc":{"Szacowany czas czytania":"2 minuty"},"schema":{"@context":"https:\/\/schema.org","@graph":[{"@type":"WebPage","@id":"https:\/\/www.aurorscalartechnology.com\/pl\/produkt\/koloidalny-kompleks-mineralny-kopie\/","url":"https:\/\/www.aurorscalartechnology.com\/pl\/produkt\/koloidalny-kompleks-mineralny-kopie\/","name":"Koloidalny kompleks mineralny (kopie) - Auror Scalar Technology","isPartOf":{"@id":"https:\/\/www.aurorscalartechnology.com\/pl\/#website"},"primaryImageOfPage":{"@id":"https:\/\/www.aurorscalartechnology.com\/pl\/produkt\/koloidalny-kompleks-mineralny-kopie\/#primaryimage"},"image":{"@id":"https:\/\/www.aurorscalartechnology.com\/pl\/produkt\/koloidalny-kompleks-mineralny-kopie\/#primaryimage"},"thumbnailUrl":"https:\/\/www.aurorscalartechnology.com\/wp-content\/uploads\/2024\/05\/21a-scaled.jpg","datePublished":"2024-11-21T12:46:32+00:00","dateModified":"2024-11-21T12:53:30+00:00","breadcrumb":{"@id":"https:\/\/www.aurorscalartechnology.com\/pl\/produkt\/koloidalny-kompleks-mineralny-kopie\/#breadcrumb"},"inLanguage":"pl-PL","potentialAction":[{"@type":"ReadAction","target":["https:\/\/www.aurorscalartechnology.com\/pl\/produkt\/koloidalny-kompleks-mineralny-kopie\/"]}]},{"@type":"ImageObject","inLanguage":"pl-PL","@id":"https:\/\/www.aurorscalartechnology.com\/pl\/produkt\/koloidalny-kompleks-mineralny-kopie\/#primaryimage","url":"https:\/\/www.aurorscalartechnology.com\/wp-content\/uploads\/2024\/05\/21a-scaled.jpg","contentUrl":"https:\/\/www.aurorscalartechnology.com\/wp-content\/uploads\/2024\/05\/21a-scaled.jpg","width":1855,"height":2560},{"@type":"BreadcrumbList","@id":"https:\/\/www.aurorscalartechnology.com\/pl\/produkt\/koloidalny-kompleks-mineralny-kopie\/#breadcrumb","itemListElement":[{"@type":"ListItem","position":1,"name":"Home","item":"https:\/\/www.aurorscalartechnology.com\/pl\/"},{"@type":"ListItem","position":2,"name":"Sklep","item":"https:\/\/www.aurorscalartechnology.com\/pl\/sklep\/"},{"@type":"ListItem","position":3,"name":"Koloidalny kompleks mineralny (kopie)"}]},{"@type":"WebSite","@id":"https:\/\/www.aurorscalartechnology.com\/pl\/#website","url":"https:\/\/www.aurorscalartechnology.com\/pl\/","name":"Auror Scalar Technology","description":"","potentialAction":[{"@type":"SearchAction","target":{"@type":"EntryPoint","urlTemplate":"https:\/\/www.aurorscalartechnology.com\/pl\/?s={search_term_string}"},"query-input":{"@type":"PropertyValueSpecification","valueRequired":true,"valueName":"search_term_string"}}],"inLanguage":"pl-PL"}]}},"_links":{"self":[{"href":"https:\/\/www.aurorscalartechnology.com\/pl\/wp-json\/wp\/v2\/product\/24204","targetHints":{"allow":["GET"]}}],"collection":[{"href":"https:\/\/www.aurorscalartechnology.com\/pl\/wp-json\/wp\/v2\/product"}],"about":[{"href":"https:\/\/www.aurorscalartechnology.com\/pl\/wp-json\/wp\/v2\/types\/product"}],"version-history":[{"count":1,"href":"https:\/\/www.aurorscalartechnology.com\/pl\/wp-json\/wp\/v2\/product\/24204\/revisions"}],"predecessor-version":[{"id":24231,"href":"https:\/\/www.aurorscalartechnology.com\/pl\/wp-json\/wp\/v2\/product\/24204\/revisions\/24231"}],"wp:featuredmedia":[{"embeddable":true,"href":"https:\/\/www.aurorscalartechnology.com\/pl\/wp-json\/wp\/v2\/media\/22685"}],"wp:attachment":[{"href":"https:\/\/www.aurorscalartechnology.com\/pl\/wp-json\/wp\/v2\/media?parent=24204"}],"wp:term":[{"taxonomy":"product_cat","embeddable":true,"href":"https:\/\/www.aurorscalartechnology.com\/pl\/wp-json\/wp\/v2\/product_cat?post=24204"},{"taxonomy":"product_tag","embeddable":true,"href":"https:\/\/www.aurorscalartechnology.com\/pl\/wp-json\/wp\/v2\/product_tag?post=24204"}],"curies":[{"name":"wp","href":"https:\/\/api.w.org\/{rel}","templated":true}]}}