{"id":2539,"date":"2023-08-08T07:48:36","date_gmt":"2023-08-08T05:48:36","guid":{"rendered":"https:\/\/www.aurorscalartechnology.com\/product\/etmitis-huis-ontstoorder-van-aardstralen-en-elektrosmog\/"},"modified":"2023-08-31T13:37:42","modified_gmt":"2023-08-31T13:37:42","slug":"etmitis-huis-ontstoorder-van-aardstralen-en-elektrosmog","status":"publish","type":"product","link":"https:\/\/www.aurorscalartechnology.com\/pl\/produkt\/etmitis-huis-ontstoorder-van-aardstralen-en-elektrosmog\/","title":{"rendered":"Eliminator zak\u0142\u00f3ce\u0144 Etmitis"},"content":{"rendered":"\t\t<div data-elementor-type=\"wp-post\" data-elementor-id=\"2539\" class=\"elementor elementor-2539 elementor-1252\">\n\t\t\t\t\t\t<section class=\"elementor-section elementor-top-section elementor-element elementor-element-ac98f48 elementor-section-boxed elementor-section-height-default elementor-section-height-default\" data-id=\"ac98f48\" data-element_type=\"section\" data-e-type=\"section\">\n\t\t\t\t\t\t<div class=\"elementor-container elementor-column-gap-default\">\n\t\t\t\t\t<div class=\"elementor-column elementor-col-100 elementor-top-column elementor-element elementor-element-ca81899\" data-id=\"ca81899\" data-element_type=\"column\" data-e-type=\"column\">\n\t\t\t<div class=\"elementor-widget-wrap elementor-element-populated\">\n\t\t\t\t\t\t<div class=\"elementor-element elementor-element-7312084 elementor-widget elementor-widget-text-editor\" data-id=\"7312084\" data-element_type=\"widget\" data-e-type=\"widget\" data-widget_type=\"text-editor.default\">\n\t\t\t\t<div class=\"elementor-widget-container\">\n\t\t\t\t\t\t\t\t\t<p>Domowy eliminator zak\u0142\u00f3ce\u0144 Etmitis zosta\u0142 stworzony aby zapewni\u0107 zdrowe i naturalne otoczenie w domu i okolicy. Jest to wywa\u017cony produkt, kt\u00f3ry mo\u017cna umie\u015bci\u0107 w mieszkaniu w celu uzyskania harmonijnego otoczenia dla cz\u0142owieka, zwierz\u0119cia i ro\u015bliny. Zasi\u0119g dzia\u0142ania urz\u0105dzenia to mniej wi\u0119cej 1200 metr\u00f3w w ka\u017cdym kierunku. Warto te\u017c doda\u0107, \u017ce beton i metal (np. \u015bciany) nie wp\u0142ywaj\u0105 negatywnie na zasi\u0119g dzia\u0142ania. Technologia urz\u0105dzenia Etmitis ma na celu podtrzymanie oraz zwi\u0119kszenie poziomu energii\/witalno\u015bci u ludzi i zwierz\u0105t. Etmitis jest te\u017c odpowiednim urz\u0105dzeniem dla firm zajmuj\u0105cych si\u0119 m. in. rolnictwem lub hodowl\u0105 zwierz\u0105t. W wi\u0119kszo\u015bci wypadk\u00f3w efekty dzia\u0142ania Etmitis s\u0105 zauwa\u017calne od razu po uruchomieniu: do cz\u0142owieka, zwierz\u0119cia i otoczenia nagle powraca spok\u00f3j.<\/p><p>Urz\u0105dzenie Etmitis zwalcza i neutralizuje r\u00f3\u017cne rodzaje obecnego promieniowania np. geopatyczne, lub te powsta\u0142e w wyniku dzia\u0142ania WiFi, telefon\u00f3w stacjonarnych oraz maszt\u00f3w radiowych. Wy\u017cej wymienione promieniowanie zostaje unieszkodliwione przez co nie wp\u0142ywa ju\u017c negatywnie na cz\u0142owieka. Ochro\u0144 si\u0119 przed negatywnym promieniowaniem dzi\u0119ki urz\u0105dzeniu Etmitis, kt\u00f3re emituje szerok\u0105 gam\u0119 harmonicznych cz\u0119stotliwo\u015bci jak m. in. tzw. \u201epuls ziemi\u201d (rezonans Schumanna) za pomoc\u0105 transformatora Tesli. Naturalna cz\u0119stotliwo\u015b\u0107 ziemi jest obecnie w wielu miejscach t\u0142umiona przez szkodliwe dla cz\u0142owieka promieniowanie, czego efektem s\u0105 r\u00f3\u017cne dolegliwo\u015bci zdrowotne. Etmitis jest urz\u0105dzeniem, kt\u00f3re przywraca otoczeniu r\u00f3wnowag\u0119 i niweluje negatywne skutki tego szkodliwego promieniowania, przez co przywraca spok\u00f3j i witalno\u015b\u0107. Technologia ta jest po\u0142\u0105czona z technologi\u0105 Royal Rife, Nikoli Tesli oraz Wilhelma Reicha. Etmitis wa\u017cy mniej wi\u0119cej 3 kg, ma wysoko\u015b\u0107 34 cm oraz \u015brednic\u0119 9 cm. Aby uzyska\u0107 wi\u0119cej informacji wystarczy zadzwoni\u0107 lub wys\u0142a\u0107 do nas maila. Je\u015bli w ci\u0105gu miesi\u0105ca lub dw\u00f3ch stwierdzisz, \u017ce Etmitis nie spe\u0142nia twoich oczekiwa\u0144, istnieje mo\u017cliwo\u015b\u0107 zwrotu produktu po konsultacji z nami (oczywi\u015bcie je\u015bli produkt jest nieuszkodzony). Otrzymasz wtedy zwrot koszt\u00f3w produktu minus \u20ac100 koszt\u00f3w administracyjnych.<\/p>\t\t\t\t\t\t\t\t<\/div>\n\t\t\t\t<\/div>\n\t\t\t\t\t<\/div>\n\t\t<\/div>\n\t\t\t\t\t<\/div>\n\t\t<\/section>\n\t\t\t\t<\/div>\n\t\t","protected":false},"excerpt":{"rendered":"<p>Urz\u0105dzenie Etmitis zwalcza i neutralizuje r\u00f3\u017cne rodzaje obecnego promieniowania np. geopatyczne, lub te powsta\u0142e w wyniku dzia\u0142ania WiFi, telefon\u00f3w stacjonarnych oraz maszt\u00f3w radiowych.<\/p>\n","protected":false},"featured_media":2056,"template":"","meta":[],"product_cat":[335,273],"product_tag":[],"class_list":{"0":"post-2539","1":"product","2":"type-product","3":"status-publish","4":"has-post-thumbnail","6":"product_cat-etmitis-pl","7":"product_cat-wszystkie-produkty","9":"first","10":"instock","11":"taxable","12":"shipping-taxable","13":"purchasable","14":"product-type-simple"},"yoast_head":"<!-- This site is optimized with the Yoast SEO plugin v27.4 - https:\/\/yoast.com\/product\/yoast-seo-wordpress\/ -->\n<title>Eliminator zak\u0142\u00f3ce\u0144 Etmitis - Auror Scalar Technology<\/title>\n<meta name=\"robots\" content=\"index, follow, max-snippet:-1, max-image-preview:large, max-video-preview:-1\" \/>\n<link rel=\"canonical\" href=\"https:\/\/www.aurorscalartechnology.com\/pl\/produkt\/etmitis-huis-ontstoorder-van-aardstralen-en-elektrosmog\/\" \/>\n<meta property=\"og:locale\" content=\"pl_PL\" \/>\n<meta property=\"og:type\" content=\"article\" \/>\n<meta property=\"og:title\" content=\"Eliminator zak\u0142\u00f3ce\u0144 Etmitis - Auror Scalar Technology\" \/>\n<meta property=\"og:description\" content=\"Urz\u0105dzenie Etmitis zwalcza i neutralizuje r\u00f3\u017cne rodzaje obecnego promieniowania np. geopatyczne, lub te powsta\u0142e w wyniku dzia\u0142ania WiFi, telefon\u00f3w stacjonarnych oraz maszt\u00f3w radiowych.\" \/>\n<meta property=\"og:url\" content=\"https:\/\/www.aurorscalartechnology.com\/pl\/produkt\/etmitis-huis-ontstoorder-van-aardstralen-en-elektrosmog\/\" \/>\n<meta property=\"og:site_name\" content=\"Auror Scalar Technology\" \/>\n<meta property=\"article:modified_time\" content=\"2023-08-31T13:37:42+00:00\" \/>\n<meta property=\"og:image\" content=\"https:\/\/www.aurorscalartechnology.com\/wp-content\/uploads\/2023\/08\/etmitis-1-600x600-1.jpeg\" \/>\n\t<meta property=\"og:image:width\" content=\"600\" \/>\n\t<meta property=\"og:image:height\" content=\"600\" \/>\n\t<meta property=\"og:image:type\" content=\"image\/jpeg\" \/>\n<meta name=\"twitter:card\" content=\"summary_large_image\" \/>\n<meta name=\"twitter:label1\" content=\"Szacowany czas czytania\" \/>\n\t<meta name=\"twitter:data1\" content=\"2 minuty\" \/>\n<script type=\"application\/ld+json\" class=\"yoast-schema-graph\">{\"@context\":\"https:\\\/\\\/schema.org\",\"@graph\":[{\"@type\":\"WebPage\",\"@id\":\"https:\\\/\\\/www.aurorscalartechnology.com\\\/pl\\\/produkt\\\/etmitis-huis-ontstoorder-van-aardstralen-en-elektrosmog\\\/\",\"url\":\"https:\\\/\\\/www.aurorscalartechnology.com\\\/pl\\\/produkt\\\/etmitis-huis-ontstoorder-van-aardstralen-en-elektrosmog\\\/\",\"name\":\"Eliminator zak\u0142\u00f3ce\u0144 Etmitis - Auror Scalar Technology\",\"isPartOf\":{\"@id\":\"https:\\\/\\\/www.aurorscalartechnology.com\\\/pl\\\/#website\"},\"primaryImageOfPage\":{\"@id\":\"https:\\\/\\\/www.aurorscalartechnology.com\\\/pl\\\/produkt\\\/etmitis-huis-ontstoorder-van-aardstralen-en-elektrosmog\\\/#primaryimage\"},\"image\":{\"@id\":\"https:\\\/\\\/www.aurorscalartechnology.com\\\/pl\\\/produkt\\\/etmitis-huis-ontstoorder-van-aardstralen-en-elektrosmog\\\/#primaryimage\"},\"thumbnailUrl\":\"https:\\\/\\\/www.aurorscalartechnology.com\\\/wp-content\\\/uploads\\\/2023\\\/08\\\/etmitis-1-600x600-1.jpeg\",\"datePublished\":\"2023-08-08T05:48:36+00:00\",\"dateModified\":\"2023-08-31T13:37:42+00:00\",\"breadcrumb\":{\"@id\":\"https:\\\/\\\/www.aurorscalartechnology.com\\\/pl\\\/produkt\\\/etmitis-huis-ontstoorder-van-aardstralen-en-elektrosmog\\\/#breadcrumb\"},\"inLanguage\":\"pl-PL\",\"potentialAction\":[{\"@type\":\"ReadAction\",\"target\":[\"https:\\\/\\\/www.aurorscalartechnology.com\\\/pl\\\/produkt\\\/etmitis-huis-ontstoorder-van-aardstralen-en-elektrosmog\\\/\"]}]},{\"@type\":\"ImageObject\",\"inLanguage\":\"pl-PL\",\"@id\":\"https:\\\/\\\/www.aurorscalartechnology.com\\\/pl\\\/produkt\\\/etmitis-huis-ontstoorder-van-aardstralen-en-elektrosmog\\\/#primaryimage\",\"url\":\"https:\\\/\\\/www.aurorscalartechnology.com\\\/wp-content\\\/uploads\\\/2023\\\/08\\\/etmitis-1-600x600-1.jpeg\",\"contentUrl\":\"https:\\\/\\\/www.aurorscalartechnology.com\\\/wp-content\\\/uploads\\\/2023\\\/08\\\/etmitis-1-600x600-1.jpeg\",\"width\":600,\"height\":600},{\"@type\":\"BreadcrumbList\",\"@id\":\"https:\\\/\\\/www.aurorscalartechnology.com\\\/pl\\\/produkt\\\/etmitis-huis-ontstoorder-van-aardstralen-en-elektrosmog\\\/#breadcrumb\",\"itemListElement\":[{\"@type\":\"ListItem\",\"position\":1,\"name\":\"Home\",\"item\":\"https:\\\/\\\/www.aurorscalartechnology.com\\\/pl\\\/\"},{\"@type\":\"ListItem\",\"position\":2,\"name\":\"Sklep\",\"item\":\"https:\\\/\\\/www.aurorscalartechnology.com\\\/pl\\\/sklep\\\/\"},{\"@type\":\"ListItem\",\"position\":3,\"name\":\"Eliminator zak\u0142\u00f3ce\u0144 Etmitis\"}]},{\"@type\":\"WebSite\",\"@id\":\"https:\\\/\\\/www.aurorscalartechnology.com\\\/pl\\\/#website\",\"url\":\"https:\\\/\\\/www.aurorscalartechnology.com\\\/pl\\\/\",\"name\":\"Auror Scalar Technology\",\"description\":\"\",\"potentialAction\":[{\"@type\":\"SearchAction\",\"target\":{\"@type\":\"EntryPoint\",\"urlTemplate\":\"https:\\\/\\\/www.aurorscalartechnology.com\\\/pl\\\/?s={search_term_string}\"},\"query-input\":{\"@type\":\"PropertyValueSpecification\",\"valueRequired\":true,\"valueName\":\"search_term_string\"}}],\"inLanguage\":\"pl-PL\"}]}<\/script>\n<!-- \/ Yoast SEO plugin. -->","yoast_head_json":{"title":"Eliminator zak\u0142\u00f3ce\u0144 Etmitis - Auror Scalar Technology","robots":{"index":"index","follow":"follow","max-snippet":"max-snippet:-1","max-image-preview":"max-image-preview:large","max-video-preview":"max-video-preview:-1"},"canonical":"https:\/\/www.aurorscalartechnology.com\/pl\/produkt\/etmitis-huis-ontstoorder-van-aardstralen-en-elektrosmog\/","og_locale":"pl_PL","og_type":"article","og_title":"Eliminator zak\u0142\u00f3ce\u0144 Etmitis - Auror Scalar Technology","og_description":"Urz\u0105dzenie Etmitis zwalcza i neutralizuje r\u00f3\u017cne rodzaje obecnego promieniowania np. geopatyczne, lub te powsta\u0142e w wyniku dzia\u0142ania WiFi, telefon\u00f3w stacjonarnych oraz maszt\u00f3w radiowych.","og_url":"https:\/\/www.aurorscalartechnology.com\/pl\/produkt\/etmitis-huis-ontstoorder-van-aardstralen-en-elektrosmog\/","og_site_name":"Auror Scalar Technology","article_modified_time":"2023-08-31T13:37:42+00:00","og_image":[{"width":600,"height":600,"url":"https:\/\/www.aurorscalartechnology.com\/wp-content\/uploads\/2023\/08\/etmitis-1-600x600-1.jpeg","type":"image\/jpeg"}],"twitter_card":"summary_large_image","twitter_misc":{"Szacowany czas czytania":"2 minuty"},"schema":{"@context":"https:\/\/schema.org","@graph":[{"@type":"WebPage","@id":"https:\/\/www.aurorscalartechnology.com\/pl\/produkt\/etmitis-huis-ontstoorder-van-aardstralen-en-elektrosmog\/","url":"https:\/\/www.aurorscalartechnology.com\/pl\/produkt\/etmitis-huis-ontstoorder-van-aardstralen-en-elektrosmog\/","name":"Eliminator zak\u0142\u00f3ce\u0144 Etmitis - Auror Scalar Technology","isPartOf":{"@id":"https:\/\/www.aurorscalartechnology.com\/pl\/#website"},"primaryImageOfPage":{"@id":"https:\/\/www.aurorscalartechnology.com\/pl\/produkt\/etmitis-huis-ontstoorder-van-aardstralen-en-elektrosmog\/#primaryimage"},"image":{"@id":"https:\/\/www.aurorscalartechnology.com\/pl\/produkt\/etmitis-huis-ontstoorder-van-aardstralen-en-elektrosmog\/#primaryimage"},"thumbnailUrl":"https:\/\/www.aurorscalartechnology.com\/wp-content\/uploads\/2023\/08\/etmitis-1-600x600-1.jpeg","datePublished":"2023-08-08T05:48:36+00:00","dateModified":"2023-08-31T13:37:42+00:00","breadcrumb":{"@id":"https:\/\/www.aurorscalartechnology.com\/pl\/produkt\/etmitis-huis-ontstoorder-van-aardstralen-en-elektrosmog\/#breadcrumb"},"inLanguage":"pl-PL","potentialAction":[{"@type":"ReadAction","target":["https:\/\/www.aurorscalartechnology.com\/pl\/produkt\/etmitis-huis-ontstoorder-van-aardstralen-en-elektrosmog\/"]}]},{"@type":"ImageObject","inLanguage":"pl-PL","@id":"https:\/\/www.aurorscalartechnology.com\/pl\/produkt\/etmitis-huis-ontstoorder-van-aardstralen-en-elektrosmog\/#primaryimage","url":"https:\/\/www.aurorscalartechnology.com\/wp-content\/uploads\/2023\/08\/etmitis-1-600x600-1.jpeg","contentUrl":"https:\/\/www.aurorscalartechnology.com\/wp-content\/uploads\/2023\/08\/etmitis-1-600x600-1.jpeg","width":600,"height":600},{"@type":"BreadcrumbList","@id":"https:\/\/www.aurorscalartechnology.com\/pl\/produkt\/etmitis-huis-ontstoorder-van-aardstralen-en-elektrosmog\/#breadcrumb","itemListElement":[{"@type":"ListItem","position":1,"name":"Home","item":"https:\/\/www.aurorscalartechnology.com\/pl\/"},{"@type":"ListItem","position":2,"name":"Sklep","item":"https:\/\/www.aurorscalartechnology.com\/pl\/sklep\/"},{"@type":"ListItem","position":3,"name":"Eliminator zak\u0142\u00f3ce\u0144 Etmitis"}]},{"@type":"WebSite","@id":"https:\/\/www.aurorscalartechnology.com\/pl\/#website","url":"https:\/\/www.aurorscalartechnology.com\/pl\/","name":"Auror Scalar Technology","description":"","potentialAction":[{"@type":"SearchAction","target":{"@type":"EntryPoint","urlTemplate":"https:\/\/www.aurorscalartechnology.com\/pl\/?s={search_term_string}"},"query-input":{"@type":"PropertyValueSpecification","valueRequired":true,"valueName":"search_term_string"}}],"inLanguage":"pl-PL"}]}},"_links":{"self":[{"href":"https:\/\/www.aurorscalartechnology.com\/pl\/wp-json\/wp\/v2\/product\/2539","targetHints":{"allow":["GET"]}}],"collection":[{"href":"https:\/\/www.aurorscalartechnology.com\/pl\/wp-json\/wp\/v2\/product"}],"about":[{"href":"https:\/\/www.aurorscalartechnology.com\/pl\/wp-json\/wp\/v2\/types\/product"}],"version-history":[{"count":0,"href":"https:\/\/www.aurorscalartechnology.com\/pl\/wp-json\/wp\/v2\/product\/2539\/revisions"}],"wp:featuredmedia":[{"embeddable":true,"href":"https:\/\/www.aurorscalartechnology.com\/pl\/wp-json\/wp\/v2\/media\/2056"}],"wp:attachment":[{"href":"https:\/\/www.aurorscalartechnology.com\/pl\/wp-json\/wp\/v2\/media?parent=2539"}],"wp:term":[{"taxonomy":"product_cat","embeddable":true,"href":"https:\/\/www.aurorscalartechnology.com\/pl\/wp-json\/wp\/v2\/product_cat?post=2539"},{"taxonomy":"product_tag","embeddable":true,"href":"https:\/\/www.aurorscalartechnology.com\/pl\/wp-json\/wp\/v2\/product_tag?post=2539"}],"curies":[{"name":"wp","href":"https:\/\/api.w.org\/{rel}","templated":true}]}}