{"id":2574,"date":"2023-08-08T07:58:07","date_gmt":"2023-08-08T05:58:07","guid":{"rendered":"https:\/\/www.aurorscalartechnology.com\/product\/collageniaal\/"},"modified":"2023-08-31T14:06:34","modified_gmt":"2023-08-31T14:06:34","slug":"collageniaal","status":"publish","type":"product","link":"https:\/\/www.aurorscalartechnology.com\/pl\/produkt\/collageniaal\/","title":{"rendered":"Collageniaal, kolagen z hydroksyprolin\u0105, argirelin\u0105, kwasem hialuronowym, shilajit, miedzi\u0105 koloidaln\u0105 i w\u0119glem"},"content":{"rendered":"\t\t<div data-elementor-type=\"wp-post\" data-elementor-id=\"2574\" class=\"elementor elementor-2574 elementor-1258\">\n\t\t\t\t\t\t<section class=\"elementor-section elementor-top-section elementor-element elementor-element-ac98f48 elementor-section-boxed elementor-section-height-default elementor-section-height-default\" data-id=\"ac98f48\" data-element_type=\"section\" data-e-type=\"section\">\n\t\t\t\t\t\t<div class=\"elementor-container elementor-column-gap-default\">\n\t\t\t\t\t<div class=\"elementor-column elementor-col-33 elementor-top-column elementor-element elementor-element-a9c3cf6\" data-id=\"a9c3cf6\" data-element_type=\"column\" data-e-type=\"column\">\n\t\t\t<div class=\"elementor-widget-wrap elementor-element-populated\">\n\t\t\t\t\t\t<div class=\"elementor-element elementor-element-0e77920 elementor-widget elementor-widget-pressmart-heading\" data-id=\"0e77920\" data-element_type=\"widget\" data-e-type=\"widget\" data-widget_type=\"pressmart-heading.default\">\n\t\t\t\t<div class=\"elementor-widget-container\">\n\t\t\t\t\t<div id=\"pressmart-header-39882\" class=\"pressmart-element pressmart-heading text-left separator-none separator-between-heading\">\t\n\t\t\t\n\t\t\t<div class=\"heading-wrap\">\n\t\t\t<span class=\"separator-left\"><\/span>\n\t\t\t<h4 class=\"heading-title\">COLLAGENIAAL, \u015brodek przeciw zmarszczkom<\/h4>\t\t\t<span class=\"separator-right\"><\/span>\n\t\t\t\t\t<\/div>\n\t\t\n    <\/div>\t\t\t\t<\/div>\n\t\t\t\t<\/div>\n\t\t\t\t<div class=\"elementor-element elementor-element-b20bf28 elementor-widget elementor-widget-text-editor\" data-id=\"b20bf28\" data-element_type=\"widget\" data-e-type=\"widget\" data-widget_type=\"text-editor.default\">\n\t\t\t\t<div class=\"elementor-widget-container\">\n\t\t\t\t\t\t\t\t\t<p>Bez kolagenu trudno sobie dzisiaj wyobrazi\u0107 rynek produkt\u00f3w kosmetycznych i zdrowotnych.<\/p><ul><li>Czym jest kolagen?<\/li><li>Jakie ma dzia\u0142anie?<\/li><li>Dzia\u0142anie kolagenu.<\/li><li>Rezultaty kolagenu.<\/li><\/ul><p><strong>Czym jest kolagen?\u00a0<\/strong><\/p><p>Kolagen to wa\u017cne klejorodne bia\u0142ko obecne w naszym organizmie. \u201eCola\u201d oznacza \u201eklej\u201d i jednocze\u015bnie \u0142\u0105czenie. Wszystkie nasze stawy, ko\u015bci, mi\u0119\u015bnie, w\u0142osy, paznokcie, tkanki \u0142\u0105czne i sk\u00f3ra sk\u0142adaj\u0105 si\u0119 z kolagenu. Pe\u0142ni on wi\u0119c wa\u017cn\u0105 funkcj\u0119 dla wielu organ\u00f3w w naszym ciele! Organizm ludzki sam wytwarza kolagen, ale po 25. roku \u017cycia jego produkcja zaczyna stopniowo si\u0119 zmniejsza\u0107, przez co m.in. sk\u00f3ra robi si\u0119 bardziej szorstka i zwiotcza\u0142a oraz pojawiaj\u0105 si\u0119 zmarszczki. Kolagen zapewnia elastyczno\u015b\u0107 i j\u0119drno\u015b\u0107 wszystkich naszych tkanek \u0142\u0105cznych, w tym sk\u00f3ry, w\u0142os\u00f3w, \u015bci\u0119gien, staw\u00f3w, chrz\u0105stek i ko\u015bci. W\u0142\u00f3kna kolagenowe w sk\u00f3rze s\u0105 dla niej niezwykle wa\u017cne, tak samo jak dla struktury naszych w\u0142os\u00f3w i j\u0119drno\u015bci sk\u00f3ry i w\u0142os\u00f3w. W miar\u0119 starzenia si\u0119 b\u0119dzie to odgrywa\u0142o w naszym \u017cyciu coraz wi\u0119ksz\u0105 rol\u0119.<\/p>\t\t\t\t\t\t\t\t<\/div>\n\t\t\t\t<\/div>\n\t\t\t\t\t<\/div>\n\t\t<\/div>\n\t\t\t\t<div class=\"elementor-column elementor-col-33 elementor-top-column elementor-element elementor-element-ca81899\" data-id=\"ca81899\" data-element_type=\"column\" data-e-type=\"column\">\n\t\t\t<div class=\"elementor-widget-wrap elementor-element-populated\">\n\t\t\t\t\t\t<div class=\"elementor-element elementor-element-9eb8d12 elementor-widget elementor-widget-pressmart-heading\" data-id=\"9eb8d12\" data-element_type=\"widget\" data-e-type=\"widget\" data-widget_type=\"pressmart-heading.default\">\n\t\t\t\t<div class=\"elementor-widget-container\">\n\t\t\t\t\t<div id=\"pressmart-header-54678\" class=\"pressmart-element pressmart-heading text-left separator-none separator-between-heading\">\t\n\t\t\t\n\t\t\t<div class=\"heading-wrap\">\n\t\t\t<span class=\"separator-left\"><\/span>\n\t\t\t<h4 class=\"heading-title\">Jakie typy kolagenu wyst\u0119puj\u0105?\u00a0<\/h4>\t\t\t<span class=\"separator-right\"><\/span>\n\t\t\t\t\t<\/div>\n\t\t\n    <\/div>\t\t\t\t<\/div>\n\t\t\t\t<\/div>\n\t\t\t\t<div class=\"elementor-element elementor-element-7312084 elementor-widget elementor-widget-text-editor\" data-id=\"7312084\" data-element_type=\"widget\" data-e-type=\"widget\" data-widget_type=\"text-editor.default\">\n\t\t\t\t<div class=\"elementor-widget-container\">\n\t\t\t\t\t\t\t\t\t<p>Kolagen ma oko\u0142o 28 typ\u00f3w, przy czym typ 1 i typ 2 kolagenu s\u0105 najwa\u017cniejsze. 90% istniej\u0105cego kolagenu nale\u017cy do typu 1.<\/p><ul><li><strong>Kolagen typu 1<\/strong>\u00a0znajduje si\u0119 przede wszystkim w sk\u00f3rze, w\u0142osach, paznokciach, ko\u015bciach, chrz\u0105stkach, tkance \u0142\u0105cznej, wi\u0119zad\u0142ach, \u015bci\u0119gnach i naczyniach krwiono\u015bnych.<\/li><li><strong>Kolagen typu<\/strong><strong>\u00a02<\/strong>\u00a0znajduje si\u0119 w stawach, kr\u0105\u017ckach mi\u0119dzykr\u0119gowych, \u017cebrach, nosie, krtani i tchawicy.<\/li><li><strong>Kolagen typu<\/strong><strong>\u00a03<\/strong>\u00a0znajduje si\u0119 w sk\u00f3rze, naczyniach krwiono\u015bnych i tkankach odpowiedzialnych za gojenie si\u0119 ran.<\/li><\/ul><p>\u00a0<\/p><p>Zale\u017cy to od \u017ar\u00f3d\u0142a kolagenu i tego, jakiego typu kolagen zawiera produkt. Kolagen wo\u0142owy zawiera kolagen typu 1 i typu 3. Kolagen rybi zawiera g\u0142\u00f3wnie kolagen typu 1 i 2, ale opr\u00f3cz tego zawiera te\u017c hydroksyprolin\u0119. Hydroksyprolina to aminokwas stanowi\u0105cy istotny element sk\u00f3ry, \u015bcian naczy\u0144 krwiono\u015bnych i innych tkanek \u0142\u0105cznych.<\/p><p><strong>Kolagen rybi<\/strong><\/p><p><strong>\u00a0<\/strong>Kolagen rybi to najczystsza forma kolagenu. Struktura jest por\u00f3wnywalna z ludzk\u0105 sk\u00f3r\u0105. Takiego w\u0142a\u015bnie kolagenu u\u017cywamy w po\u0142\u0105czeniu z kilkoma innymi substancjami, takimi jak: hydroksyprolina, argirelina, kwas hialuronowy, shilajit, mied\u017a, cynk, magnez i w\u0119giel.<\/p><p><strong>\u00a0Kolagen<\/strong>\u00a0jest wykorzystywany mi\u0119dzy innymi w r\u00f3\u017cnych produktach: suplementach, proszkach, napojach, kremach, maskach itd.<\/p><p>Poniewa\u017c po 25. roku \u017cycia ilo\u015b\u0107 naturalnie wytwarzanego kolagenu zaczyna stopniowo si\u0119 zmniejsza\u0107, przez co nast\u0119puje \u201enaturalny\u201d proces starzenia si\u0119, zaleca si\u0119 nie tylko zewn\u0119trzne, ale te\u017c wewn\u0119trzne stymulowanie produkcji kolagenu. Remont samej fasady domu nie wystarczy bowiem, by utrzyma\u0107 w dobrym stanie ca\u0142y dom. W tym celu bardzo wa\u017cny jest te\u017c remont wn\u0119trza. W\u0142a\u015bnie z tego wzgl\u0119du zaleca si\u0119 wyb\u00f3r kolagenu w najczystszej postaci, z dodatkami takimi jak kolagen rybi, hydroksyprolina, argirelina, kwas hialuronowy, shilajit, mied\u017a, cynk, magnez i w\u0119giel. \u00a0R\u00f3wnie\u017c Formu\u0142a HVR ma silny wp\u0142yw na przeciwdzia\u0142anie tworzeniu si\u0119 zmarszczek i wiotczeniu sk\u00f3ry oraz pobudzanie wzrostu w\u0142os\u00f3w.<\/p><p><strong>MCT (tr\u00f3jglicerydy \u015brednio\u0142a\u0144cuchowe)<\/strong><\/p><p>Kwasy t\u0142uszczowe o \u015bredniej d\u0142ugo\u015bci, kt\u00f3re pozostaj\u0105 we frakcjonowanym oleju kokosowym, nazywamy MCT. Te \u015bredniej d\u0142ugo\u015bci \u0142a\u0144cuchy kwas\u00f3w t\u0142uszczowych szybko dodaj\u0105 energii i dlatego posi\u0142ki przygotowane z MCT s\u0105 coraz bardziej popularne po\u015br\u00f3d sportowc\u00f3w. Ponadto MCT dba o lepsz\u0105 struktur\u0119 sk\u00f3ry i mo\u017ce doda\u0107 witalno\u015bci ka\u017cdemu typowi w\u0142os\u00f3w, a do tego zapewnia dodatkow\u0105 ochron\u0119 sk\u00f3ry przed wysuszeniem.<\/p><p><strong>Shilajit<\/strong><\/p><p>Sk\u0142ada si\u0119 z ponad 85 minera\u0142\u00f3w i pierwiastk\u00f3w \u015bladowych w postaci jonowej i organicznej, w\u015br\u00f3d nich s\u0105 m.in. magnez, wap\u0144, fosfor, \u017celazo i liczne witaminy: A, E, B1, B2, B3, B6, B12, C i wiele innych.<\/p><p><strong>Mied\u017a koloidalna<\/strong><\/p><p>Mied\u017a koloidalna mo\u017ce pom\u00f3c utrzyma\u0107 pigmentacj\u0119 w\u0142os\u00f3w lub przywr\u00f3ci\u0107 im pierwotny kolor. Mied\u017a zapewnia te\u017c utrzymanie w dobrym stanie naczy\u0144 krwiono\u015bnych, co jest wa\u017cne dla zachowania i przywracania w\u0142os\u00f3w.<\/p><p><strong>Cynk i magnez<\/strong><\/p><p>Cynk i magnez s\u0105 niezwykle istotne dla wytwarzania kolagenu. Cynk jest te\u017c wa\u017cnym czynnikiem w przywracaniu pierwotnego koloru siwym w\u0142osom i pobudzaniu wzrostu w\u0142os\u00f3w.<\/p>\t\t\t\t\t\t\t\t<\/div>\n\t\t\t\t<\/div>\n\t\t\t\t\t<\/div>\n\t\t<\/div>\n\t\t\t\t<div class=\"elementor-column elementor-col-33 elementor-top-column elementor-element elementor-element-c29160e\" data-id=\"c29160e\" data-element_type=\"column\" data-e-type=\"column\">\n\t\t\t<div class=\"elementor-widget-wrap elementor-element-populated\">\n\t\t\t\t\t\t<div class=\"elementor-element elementor-element-019da56 elementor-widget elementor-widget-text-editor\" data-id=\"019da56\" data-element_type=\"widget\" data-e-type=\"widget\" data-widget_type=\"text-editor.default\">\n\t\t\t\t<div class=\"elementor-widget-container\">\n\t\t\t\t\t\t\t\t\t<p><strong>Krzem dla pi\u0119kniejszej sk\u00f3ry.<\/strong><\/p><p>Krzem chroni bia\u0142ka elastyny i kolagenu w sk\u00f3rze, dzi\u0119ki czemu jest ona bardziej elastyczna i ma mniej zmarszczek. Niedob\u00f3r krzemu jest natychmiast zauwa\u017calny, poniewa\u017c pojawiaj\u0105 si\u0119 wtedy mi\u0119dzy innymi zmarszczki, sucha sk\u00f3ra i \u0142amliwe paznokcie. Kolagen to klejorodne bia\u0142ko stanowi\u0105ce g\u0142\u00f3wny sk\u0142adnik tkanki \u0142\u0105cznej w organizmie. Kolagen wspiera sk\u00f3r\u0119 w zapobieganiu zmarszczkom. Krzem to jedna z najwa\u017cniejszych substancji budulcowych tkanki \u0142\u0105cznej. Bia\u0142ko elastyny sprawia, \u017ce sk\u00f3ra pozostaje elastyczna i po za\u015bmianiu si\u0119 czy zmarszczeniu czo\u0142a \u0142atwo powraca do swojej pierwotnej formy. Zar\u00f3wno elastyna, jak i kolagen s\u0105 wa\u017cne dla sk\u00f3ry. Dbaj\u0105 mi\u0119dzy innymi o jej elastyczno\u015b\u0107, j\u0119drno\u015b\u0107 i regeneracj\u0119. Poza zapobieganiem zmarszczkom krzem pomaga te\u017c w zmniejszaniu cellulitisu. Cz\u0119stym przekonaniem jest, \u017ce cellulitis jest skutkiem nadwagi, ale jest ono ca\u0142kowicie b\u0142\u0119dne. Jest on bowiem nagromadzeniem t\u0142uszczu, wody i zb\u0119dnych produkt\u00f3w przemiany materii. To powoduje napi\u0119cie wywierane na tkank\u0119 \u0142\u0105czn\u0105, przez co powstaj\u0105 wg\u0142\u0119bienia i zgrubienia na sk\u00f3rze. Krzem wzmacnia tkank\u0119 \u0142\u0105czn\u0105, co prowadzi do zmniejszenia cellulitisu.<\/p><p><strong>Alaria Esculenta<\/strong><\/p><p>Alaria Esculenta (alga brunatna) to aktywny sk\u0142adnik przeciw starzeniu si\u0119, kt\u00f3ry u doros\u0142ych mo\u017ce zmniejszy\u0107 zawarto\u015b\u0107 progeryny w sk\u00f3rze nawet o 79%. Progeryna jest przyczyn\u0105 starzenia si\u0119 sk\u00f3ry.<\/p><p>\u00a0<\/p><p><strong>Jakie s\u0105 rezultaty dzia\u0142ania kolagenu rybiego?\u00a0<\/strong><\/p><p>W sk\u00f3rze kolagen jest odpowiedzialny za j\u0119drno\u015b\u0107, co wyra\u017ca si\u0119 w bardziej j\u0119drnej, pe\u0142niejszej, g\u0142adszej, nawodnionej i promieniej\u0105cej sk\u00f3rze!<\/p><p><strong>Zastosowanie kolagenu<\/strong><\/p><p>Codzienne za\u017cywanie Collageniaal jest zdecydowanie zalecane dla utrzymania i uzyskania zdrowego wzrostu w\u0142os\u00f3w oraz lepszej i g\u0142adszej struktury sk\u00f3ry. Ten produkt kolagenowy mo\u017cna te\u017c na co dzie\u0144 rozpyla\u0107 na sk\u00f3rze, pozostawi\u0107 na chwil\u0119 do wyschni\u0119cia, a potem wsmarowa\u0107 zwykle stosowany krem na dzie\u0144 lub na noc.<\/p><p><strong>Sk\u0142adniki na etykietach<\/strong><\/p><p>Poniewa\u017c cz\u0119sto wprowadzane s\u0105 zmiany, mi\u0119dzy innymi takie jak nowe substancje dodawane do Formu\u0142y, nie ma mo\u017cliwo\u015bci natychmiastowego dostosowania etykiety. Dlatego najnowsze zmiany znajduj\u0105 si\u0119 na stronie.<\/p>\t\t\t\t\t\t\t\t<\/div>\n\t\t\t\t<\/div>\n\t\t\t\t\t<\/div>\n\t\t<\/div>\n\t\t\t\t\t<\/div>\n\t\t<\/section>\n\t\t\t\t<\/div>\n\t\t","protected":false},"excerpt":{"rendered":"<p>Collageniaal, kolagen z hydroksyprolin\u0105, argirelina, kwas hialuronowy, shilajit, mied\u017a koloidalna i w\u0119giel. Cena za 500 ml wynosi 60,00 \u20ac<\/p>\n","protected":false},"featured_media":2062,"template":"","meta":[],"product_cat":[338,273],"product_tag":[],"class_list":{"0":"post-2574","1":"product","2":"type-product","3":"status-publish","4":"has-post-thumbnail","6":"product_cat-collogeniaal-pl","7":"product_cat-wszystkie-produkty","9":"first","10":"instock","11":"featured","12":"taxable","13":"shipping-taxable","14":"purchasable","15":"product-type-variable"},"yoast_head":"<!-- This site is optimized with the Yoast SEO plugin v27.4 - https:\/\/yoast.com\/product\/yoast-seo-wordpress\/ -->\n<title>Collageniaal, kolagen z hydroksyprolin\u0105, argirelin\u0105, kwasem hialuronowym, shilajit, miedzi\u0105 koloidaln\u0105 i w\u0119glem - Auror Scalar Technology<\/title>\n<meta name=\"robots\" content=\"index, follow, max-snippet:-1, max-image-preview:large, max-video-preview:-1\" \/>\n<link rel=\"canonical\" href=\"https:\/\/www.aurorscalartechnology.com\/pl\/produkt\/collageniaal\/\" \/>\n<meta property=\"og:locale\" content=\"pl_PL\" \/>\n<meta property=\"og:type\" content=\"article\" \/>\n<meta property=\"og:title\" content=\"Collageniaal, kolagen z hydroksyprolin\u0105, argirelin\u0105, kwasem hialuronowym, shilajit, miedzi\u0105 koloidaln\u0105 i w\u0119glem - Auror Scalar Technology\" \/>\n<meta property=\"og:description\" content=\"Collageniaal, kolagen z hydroksyprolin\u0105, argirelina, kwas hialuronowy, shilajit, mied\u017a koloidalna i w\u0119giel. Cena za 500 ml wynosi 60,00 \u20ac\" \/>\n<meta property=\"og:url\" content=\"https:\/\/www.aurorscalartechnology.com\/pl\/produkt\/collageniaal\/\" \/>\n<meta property=\"og:site_name\" content=\"Auror Scalar Technology\" \/>\n<meta property=\"article:modified_time\" content=\"2023-08-31T14:06:34+00:00\" \/>\n<meta property=\"og:image\" content=\"https:\/\/www.aurorscalartechnology.com\/wp-content\/uploads\/2023\/08\/Collageniaal.png\" \/>\n\t<meta property=\"og:image:width\" content=\"500\" \/>\n\t<meta property=\"og:image:height\" content=\"500\" \/>\n\t<meta property=\"og:image:type\" content=\"image\/png\" \/>\n<meta name=\"twitter:card\" content=\"summary_large_image\" \/>\n<meta name=\"twitter:label1\" content=\"Szacowany czas czytania\" \/>\n\t<meta name=\"twitter:data1\" content=\"5 minut\" \/>\n<script type=\"application\/ld+json\" class=\"yoast-schema-graph\">{\"@context\":\"https:\\\/\\\/schema.org\",\"@graph\":[{\"@type\":\"WebPage\",\"@id\":\"https:\\\/\\\/www.aurorscalartechnology.com\\\/pl\\\/produkt\\\/collageniaal\\\/\",\"url\":\"https:\\\/\\\/www.aurorscalartechnology.com\\\/pl\\\/produkt\\\/collageniaal\\\/\",\"name\":\"Collageniaal, kolagen z hydroksyprolin\u0105, argirelin\u0105, kwasem hialuronowym, shilajit, miedzi\u0105 koloidaln\u0105 i w\u0119glem - Auror Scalar Technology\",\"isPartOf\":{\"@id\":\"https:\\\/\\\/www.aurorscalartechnology.com\\\/pl\\\/#website\"},\"primaryImageOfPage\":{\"@id\":\"https:\\\/\\\/www.aurorscalartechnology.com\\\/pl\\\/produkt\\\/collageniaal\\\/#primaryimage\"},\"image\":{\"@id\":\"https:\\\/\\\/www.aurorscalartechnology.com\\\/pl\\\/produkt\\\/collageniaal\\\/#primaryimage\"},\"thumbnailUrl\":\"https:\\\/\\\/www.aurorscalartechnology.com\\\/wp-content\\\/uploads\\\/2023\\\/08\\\/Collageniaal.png\",\"datePublished\":\"2023-08-08T05:58:07+00:00\",\"dateModified\":\"2023-08-31T14:06:34+00:00\",\"breadcrumb\":{\"@id\":\"https:\\\/\\\/www.aurorscalartechnology.com\\\/pl\\\/produkt\\\/collageniaal\\\/#breadcrumb\"},\"inLanguage\":\"pl-PL\",\"potentialAction\":[{\"@type\":\"ReadAction\",\"target\":[\"https:\\\/\\\/www.aurorscalartechnology.com\\\/pl\\\/produkt\\\/collageniaal\\\/\"]}]},{\"@type\":\"ImageObject\",\"inLanguage\":\"pl-PL\",\"@id\":\"https:\\\/\\\/www.aurorscalartechnology.com\\\/pl\\\/produkt\\\/collageniaal\\\/#primaryimage\",\"url\":\"https:\\\/\\\/www.aurorscalartechnology.com\\\/wp-content\\\/uploads\\\/2023\\\/08\\\/Collageniaal.png\",\"contentUrl\":\"https:\\\/\\\/www.aurorscalartechnology.com\\\/wp-content\\\/uploads\\\/2023\\\/08\\\/Collageniaal.png\",\"width\":500,\"height\":500},{\"@type\":\"BreadcrumbList\",\"@id\":\"https:\\\/\\\/www.aurorscalartechnology.com\\\/pl\\\/produkt\\\/collageniaal\\\/#breadcrumb\",\"itemListElement\":[{\"@type\":\"ListItem\",\"position\":1,\"name\":\"Home\",\"item\":\"https:\\\/\\\/www.aurorscalartechnology.com\\\/pl\\\/\"},{\"@type\":\"ListItem\",\"position\":2,\"name\":\"Sklep\",\"item\":\"https:\\\/\\\/www.aurorscalartechnology.com\\\/pl\\\/sklep\\\/\"},{\"@type\":\"ListItem\",\"position\":3,\"name\":\"Collageniaal, kolagen z hydroksyprolin\u0105, argirelin\u0105, kwasem hialuronowym, shilajit, miedzi\u0105 koloidaln\u0105 i w\u0119glem\"}]},{\"@type\":\"WebSite\",\"@id\":\"https:\\\/\\\/www.aurorscalartechnology.com\\\/pl\\\/#website\",\"url\":\"https:\\\/\\\/www.aurorscalartechnology.com\\\/pl\\\/\",\"name\":\"Auror Scalar Technology\",\"description\":\"\",\"potentialAction\":[{\"@type\":\"SearchAction\",\"target\":{\"@type\":\"EntryPoint\",\"urlTemplate\":\"https:\\\/\\\/www.aurorscalartechnology.com\\\/pl\\\/?s={search_term_string}\"},\"query-input\":{\"@type\":\"PropertyValueSpecification\",\"valueRequired\":true,\"valueName\":\"search_term_string\"}}],\"inLanguage\":\"pl-PL\"}]}<\/script>\n<!-- \/ Yoast SEO plugin. -->","yoast_head_json":{"title":"Collageniaal, kolagen z hydroksyprolin\u0105, argirelin\u0105, kwasem hialuronowym, shilajit, miedzi\u0105 koloidaln\u0105 i w\u0119glem - Auror Scalar Technology","robots":{"index":"index","follow":"follow","max-snippet":"max-snippet:-1","max-image-preview":"max-image-preview:large","max-video-preview":"max-video-preview:-1"},"canonical":"https:\/\/www.aurorscalartechnology.com\/pl\/produkt\/collageniaal\/","og_locale":"pl_PL","og_type":"article","og_title":"Collageniaal, kolagen z hydroksyprolin\u0105, argirelin\u0105, kwasem hialuronowym, shilajit, miedzi\u0105 koloidaln\u0105 i w\u0119glem - Auror Scalar Technology","og_description":"Collageniaal, kolagen z hydroksyprolin\u0105, argirelina, kwas hialuronowy, shilajit, mied\u017a koloidalna i w\u0119giel. Cena za 500 ml wynosi 60,00 \u20ac","og_url":"https:\/\/www.aurorscalartechnology.com\/pl\/produkt\/collageniaal\/","og_site_name":"Auror Scalar Technology","article_modified_time":"2023-08-31T14:06:34+00:00","og_image":[{"width":500,"height":500,"url":"https:\/\/www.aurorscalartechnology.com\/wp-content\/uploads\/2023\/08\/Collageniaal.png","type":"image\/png"}],"twitter_card":"summary_large_image","twitter_misc":{"Szacowany czas czytania":"5 minut"},"schema":{"@context":"https:\/\/schema.org","@graph":[{"@type":"WebPage","@id":"https:\/\/www.aurorscalartechnology.com\/pl\/produkt\/collageniaal\/","url":"https:\/\/www.aurorscalartechnology.com\/pl\/produkt\/collageniaal\/","name":"Collageniaal, kolagen z hydroksyprolin\u0105, argirelin\u0105, kwasem hialuronowym, shilajit, miedzi\u0105 koloidaln\u0105 i w\u0119glem - Auror Scalar Technology","isPartOf":{"@id":"https:\/\/www.aurorscalartechnology.com\/pl\/#website"},"primaryImageOfPage":{"@id":"https:\/\/www.aurorscalartechnology.com\/pl\/produkt\/collageniaal\/#primaryimage"},"image":{"@id":"https:\/\/www.aurorscalartechnology.com\/pl\/produkt\/collageniaal\/#primaryimage"},"thumbnailUrl":"https:\/\/www.aurorscalartechnology.com\/wp-content\/uploads\/2023\/08\/Collageniaal.png","datePublished":"2023-08-08T05:58:07+00:00","dateModified":"2023-08-31T14:06:34+00:00","breadcrumb":{"@id":"https:\/\/www.aurorscalartechnology.com\/pl\/produkt\/collageniaal\/#breadcrumb"},"inLanguage":"pl-PL","potentialAction":[{"@type":"ReadAction","target":["https:\/\/www.aurorscalartechnology.com\/pl\/produkt\/collageniaal\/"]}]},{"@type":"ImageObject","inLanguage":"pl-PL","@id":"https:\/\/www.aurorscalartechnology.com\/pl\/produkt\/collageniaal\/#primaryimage","url":"https:\/\/www.aurorscalartechnology.com\/wp-content\/uploads\/2023\/08\/Collageniaal.png","contentUrl":"https:\/\/www.aurorscalartechnology.com\/wp-content\/uploads\/2023\/08\/Collageniaal.png","width":500,"height":500},{"@type":"BreadcrumbList","@id":"https:\/\/www.aurorscalartechnology.com\/pl\/produkt\/collageniaal\/#breadcrumb","itemListElement":[{"@type":"ListItem","position":1,"name":"Home","item":"https:\/\/www.aurorscalartechnology.com\/pl\/"},{"@type":"ListItem","position":2,"name":"Sklep","item":"https:\/\/www.aurorscalartechnology.com\/pl\/sklep\/"},{"@type":"ListItem","position":3,"name":"Collageniaal, kolagen z hydroksyprolin\u0105, argirelin\u0105, kwasem hialuronowym, shilajit, miedzi\u0105 koloidaln\u0105 i w\u0119glem"}]},{"@type":"WebSite","@id":"https:\/\/www.aurorscalartechnology.com\/pl\/#website","url":"https:\/\/www.aurorscalartechnology.com\/pl\/","name":"Auror Scalar Technology","description":"","potentialAction":[{"@type":"SearchAction","target":{"@type":"EntryPoint","urlTemplate":"https:\/\/www.aurorscalartechnology.com\/pl\/?s={search_term_string}"},"query-input":{"@type":"PropertyValueSpecification","valueRequired":true,"valueName":"search_term_string"}}],"inLanguage":"pl-PL"}]}},"_links":{"self":[{"href":"https:\/\/www.aurorscalartechnology.com\/pl\/wp-json\/wp\/v2\/product\/2574","targetHints":{"allow":["GET"]}}],"collection":[{"href":"https:\/\/www.aurorscalartechnology.com\/pl\/wp-json\/wp\/v2\/product"}],"about":[{"href":"https:\/\/www.aurorscalartechnology.com\/pl\/wp-json\/wp\/v2\/types\/product"}],"version-history":[{"count":0,"href":"https:\/\/www.aurorscalartechnology.com\/pl\/wp-json\/wp\/v2\/product\/2574\/revisions"}],"wp:featuredmedia":[{"embeddable":true,"href":"https:\/\/www.aurorscalartechnology.com\/pl\/wp-json\/wp\/v2\/media\/2062"}],"wp:attachment":[{"href":"https:\/\/www.aurorscalartechnology.com\/pl\/wp-json\/wp\/v2\/media?parent=2574"}],"wp:term":[{"taxonomy":"product_cat","embeddable":true,"href":"https:\/\/www.aurorscalartechnology.com\/pl\/wp-json\/wp\/v2\/product_cat?post=2574"},{"taxonomy":"product_tag","embeddable":true,"href":"https:\/\/www.aurorscalartechnology.com\/pl\/wp-json\/wp\/v2\/product_tag?post=2574"}],"curies":[{"name":"wp","href":"https:\/\/api.w.org\/{rel}","templated":true}]}}