{"id":2617,"date":"2023-08-08T08:19:18","date_gmt":"2023-08-08T08:19:18","guid":{"rendered":"https:\/\/www.aurorscalartechnology.com\/product\/colloidal-gold-colloidaal-goud-goudwater\/"},"modified":"2024-09-02T09:48:08","modified_gmt":"2024-09-02T09:48:08","slug":"colloidal-gold-colloidaal-goud-goudwater","status":"publish","type":"product","link":"https:\/\/www.aurorscalartechnology.com\/pl\/produkt\/colloidal-gold-colloidaal-goud-goudwater\/","title":{"rendered":"Z\u0142oto koloidalne, z\u0142oto koloidalne, z\u0142ota woda"},"content":{"rendered":"\t\t<div data-elementor-type=\"wp-post\" data-elementor-id=\"2617\" class=\"elementor elementor-2617 elementor-1265\">\n\t\t\t\t\t\t<section class=\"elementor-section elementor-top-section elementor-element elementor-element-ac98f48 elementor-section-boxed elementor-section-height-default elementor-section-height-default\" data-id=\"ac98f48\" data-element_type=\"section\" data-e-type=\"section\">\n\t\t\t\t\t\t<div class=\"elementor-container elementor-column-gap-default\">\n\t\t\t\t\t<div class=\"elementor-column elementor-col-100 elementor-top-column elementor-element elementor-element-c29160e\" data-id=\"c29160e\" data-element_type=\"column\" data-e-type=\"column\">\n\t\t\t<div class=\"elementor-widget-wrap elementor-element-populated\">\n\t\t\t\t\t\t<div class=\"elementor-element elementor-element-019da56 elementor-widget elementor-widget-text-editor\" data-id=\"019da56\" data-element_type=\"widget\" data-e-type=\"widget\" data-widget_type=\"text-editor.default\">\n\t\t\t\t<div class=\"elementor-widget-container\">\n\t\t\t\t\t\t\t\t\t<p><strong>Z\u0142oto koloidalne \/ z\u0142ota woda<\/strong><\/p><p>Alchemicy d\u0142ugo byli postrzegani przez Ko\u015bci\u00f3\u0142 jako zagro\u017cenie. Zajmowali si\u0119 oni nie tylko doskonaleniem materii, d\u0105\u017cyli tak\u017ce do rozwoju duchowego i osi\u0105gni\u0119cia nie\u015bmiertelno\u015bci. Doskonal\u0105c umys\u0142, cz\u0142owiek zmierza do osi\u0105gni\u0119cia o\u015bwiecenia. Ko\u015bci\u00f3\u0142 pot\u0119pia\u0142 t\u0119 \u201erywalizacj\u0119 z Bogiem\u201d. Dlatego alchemia przez d\u0142ugi czas by\u0142a zakazana. Wiedza o przekszta\u0142caniu metali ni\u017cszych w wy\u017csze, takie jak srebro i z\u0142oto, by\u0142a strze\u017cona przez alchemik\u00f3w jako \u015bwi\u0119ty Graal. Nawet ostatni wielki alchemik, sir Isaac Newton, potajemnie poszukiwa\u0142 kamienia filozoficznego, aby osi\u0105gn\u0105\u0107 o\u015bwiecenie i sta\u0107 si\u0119 nie\u015bmiertelnym \u2013 nigdy jednak go nie znalaz\u0142. Po\u015brednio przyczyni\u0142 si\u0119 on do wynalezienia elektrolizy, dzi\u0119ki czemu po latach mo\u017cliwa by\u0142a produkcja koloidalnego z\u0142ota, srebra i platyny. Jest to b\u0142ogos\u0142awie\u0144stwem dla dzisiejszego alchemika, kt\u00f3ry po prostu dodaje koloidalne metale szlachetne do swojej diety, aby si\u0119 odm\u0142odzi\u0107. Odkryli\u015bmy, \u017ce z\u0142oto nie jest jedyn\u0105 substancj\u0105 pomagaj\u0105c\u0105 odm\u0142odzi\u0107 organizm, dlatego opracowali\u015bmy koloidalny kompleks minera\u0142\u00f3w, kt\u00f3ry dzia\u0142a znacznie skuteczniej ni\u017c sama z\u0142ota woda w zakresie odm\u0142adzania i rozwoju psychicznego. Dlatego zalecamy stosowanie tej wody zamiast wody ze z\u0142ota koloidalnego.<\/p><p><strong>Dodatkowe informacje<\/strong><\/p><p>Niestety ze wzgl\u0119du na prawodawstwo europejskie w sprawie o\u015bwiadcze\u0144 zdrowotnych nie mo\u017cemy tu poda\u0107 pe\u0142nych informacji o zastosowaniu tego produktu. Zalecamy poszukanie w Internecie informacji na temat mo\u017cliwych efekt\u00f3w poszczeg\u00f3lnych produkt\u00f3w. Mo\u017cemy jednak zaoferowa\u0107 wsparcie telefoniczne, wi\u0119c w razie pyta\u0144 o u\u017cycie i zastosowanie produktu prosimy o kontakt pod nast\u0119puj\u0105cym numerem telefonu: 0031-402521107<\/p><p><strong>Ostrze\u017cenia<\/strong><\/p><p>Zr\u00f3\u017cnicowana i zr\u00f3wnowa\u017cona dieta oraz zdrowy styl \u017cycia s\u0105 wa\u017cne. Suplement diety nie mo\u017ce zast\u0105pi\u0107 zr\u00f3\u017cnicowanej diety. Przechowywa\u0107 w miejscu niedost\u0119pnym dla dzieci. W przypadku ci\u0105\u017cy, karmienia piersi\u0105, choroby lub stosowania lek\u00f3w przed zastosowaniem nale\u017cy skonsultowa\u0107 si\u0119 z lekarzem, farmaceut\u0105 lub ekspertem. Nie nale\u017cy przekracza\u0107 zalecanej dziennej dawki.<\/p>\t\t\t\t\t\t\t\t<\/div>\n\t\t\t\t<\/div>\n\t\t\t\t\t<\/div>\n\t\t<\/div>\n\t\t\t\t\t<\/div>\n\t\t<\/section>\n\t\t\t\t<\/div>\n\t\t","protected":false},"excerpt":{"rendered":"<p>Woda ze z\u0142otem koloidalnym, znana r\u00f3wnie\u017c jako woda z\u0142ota, zawiera roztw\u00f3r czystego z\u0142ota w postaci koloidalnej i zawiera co najmniej 35 ppm z\u0142ota koloidalnego. Cena za 500 ml wynosi 45,00 \u20ac. Pojedyncze produkty, kt\u00f3re zawieraj\u0105 tylko jedn\u0105 substancj\u0119, np. tylko z\u0142oto. Produkty te maj\u0105 znacznie mniej skuteczny wp\u0142yw na cia\u0142o i umys\u0142 ni\u017c produkt zawieraj\u0105cy kilka substancji, co wynika z faktu, \u017ce substancje oddzia\u0142uj\u0105 ze sob\u0105 i wchodz\u0105 w reakcj\u0119, kt\u00f3ra sprawia, \u017ce efekt jest znacznie silniejszy. Odkryli\u015bmy, \u017ce iryd, tantal i kobalt maj\u0105 silniejsze dzia\u0142anie odm\u0142adzaj\u0105ce na cia\u0142o i umys\u0142 ni\u017c z\u0142oto. Dlatego przed zakupem tego produktu zalecam zapoznanie si\u0119 z naszym kompleksem mineralnym, kt\u00f3ry z pewno\u015bci\u0105 jest 100 razy bardziej skuteczny dla cia\u0142a i umys\u0142u ni\u017c ta z\u0142ota woda. Kompleks mineralny mo\u017ce wydawa\u0107 si\u0119 dro\u017cszy na pierwszy rzut oka, ale dzia\u0142a d\u0142u\u017cej, w sumie oko\u0142o 4 miesi\u0119cy (120 dni). Z drugiej strony z\u0142ota woda wystarcza na 50 dni. Pocz\u0105tkowy koszt jest wy\u017cszy, ale korzy\u015bci b\u0119d\u0105 znacznie wi\u0119ksze pod ka\u017cdym wzgl\u0119dem.<\/p>\n","protected":false},"featured_media":20495,"template":"","meta":[],"product_cat":[338,343,273],"product_tag":[],"class_list":{"0":"post-2617","1":"product","2":"type-product","3":"status-publish","4":"has-post-thumbnail","6":"product_cat-collogeniaal-pl","7":"product_cat-woda-zlota","8":"product_cat-wszystkie-produkty","10":"first","11":"instock","12":"taxable","13":"shipping-taxable","14":"purchasable","15":"product-type-variable"},"yoast_head":"<!-- This site is optimized with the Yoast SEO plugin v27.4 - https:\/\/yoast.com\/product\/yoast-seo-wordpress\/ -->\n<title>Z\u0142oto koloidalne, z\u0142oto koloidalne, z\u0142ota woda - Auror Scalar Technology<\/title>\n<meta name=\"robots\" content=\"index, follow, max-snippet:-1, max-image-preview:large, max-video-preview:-1\" \/>\n<link rel=\"canonical\" href=\"https:\/\/www.aurorscalartechnology.com\/pl\/produkt\/colloidal-gold-colloidaal-goud-goudwater\/\" \/>\n<meta property=\"og:locale\" content=\"pl_PL\" \/>\n<meta property=\"og:type\" content=\"article\" \/>\n<meta property=\"og:title\" content=\"Z\u0142oto koloidalne, z\u0142oto koloidalne, z\u0142ota woda - Auror Scalar Technology\" \/>\n<meta property=\"og:description\" content=\"Woda ze z\u0142otem koloidalnym, znana r\u00f3wnie\u017c jako woda z\u0142ota, zawiera roztw\u00f3r czystego z\u0142ota w postaci koloidalnej i zawiera co najmniej 35 ppm z\u0142ota koloidalnego. Cena za 500 ml wynosi 45,00 \u20ac. Pojedyncze produkty, kt\u00f3re zawieraj\u0105 tylko jedn\u0105 substancj\u0119, np. tylko z\u0142oto. Produkty te maj\u0105 znacznie mniej skuteczny wp\u0142yw na cia\u0142o i umys\u0142 ni\u017c produkt zawieraj\u0105cy kilka substancji, co wynika z faktu, \u017ce substancje oddzia\u0142uj\u0105 ze sob\u0105 i wchodz\u0105 w reakcj\u0119, kt\u00f3ra sprawia, \u017ce efekt jest znacznie silniejszy. Odkryli\u015bmy, \u017ce iryd, tantal i kobalt maj\u0105 silniejsze dzia\u0142anie odm\u0142adzaj\u0105ce na cia\u0142o i umys\u0142 ni\u017c z\u0142oto. Dlatego przed zakupem tego produktu zalecam zapoznanie si\u0119 z naszym kompleksem mineralnym, kt\u00f3ry z pewno\u015bci\u0105 jest 100 razy bardziej skuteczny dla cia\u0142a i umys\u0142u ni\u017c ta z\u0142ota woda. Kompleks mineralny mo\u017ce wydawa\u0107 si\u0119 dro\u017cszy na pierwszy rzut oka, ale dzia\u0142a d\u0142u\u017cej, w sumie oko\u0142o 4 miesi\u0119cy (120 dni). Z drugiej strony z\u0142ota woda wystarcza na 50 dni. Pocz\u0105tkowy koszt jest wy\u017cszy, ale korzy\u015bci b\u0119d\u0105 znacznie wi\u0119ksze pod ka\u017cdym wzgl\u0119dem.\" \/>\n<meta property=\"og:url\" content=\"https:\/\/www.aurorscalartechnology.com\/pl\/produkt\/colloidal-gold-colloidaal-goud-goudwater\/\" \/>\n<meta property=\"og:site_name\" content=\"Auror Scalar Technology\" \/>\n<meta property=\"article:modified_time\" content=\"2024-09-02T09:48:08+00:00\" \/>\n<meta property=\"og:image\" content=\"https:\/\/www.aurorscalartechnology.com\/wp-content\/uploads\/2017\/08\/Goudwater-scaled.jpg\" \/>\n\t<meta property=\"og:image:width\" content=\"1946\" \/>\n\t<meta property=\"og:image:height\" content=\"2560\" \/>\n\t<meta property=\"og:image:type\" content=\"image\/jpeg\" \/>\n<meta name=\"twitter:card\" content=\"summary_large_image\" \/>\n<meta name=\"twitter:label1\" content=\"Szacowany czas czytania\" \/>\n\t<meta name=\"twitter:data1\" content=\"2 minuty\" \/>\n<script type=\"application\/ld+json\" class=\"yoast-schema-graph\">{\"@context\":\"https:\\\/\\\/schema.org\",\"@graph\":[{\"@type\":\"WebPage\",\"@id\":\"https:\\\/\\\/www.aurorscalartechnology.com\\\/pl\\\/produkt\\\/colloidal-gold-colloidaal-goud-goudwater\\\/\",\"url\":\"https:\\\/\\\/www.aurorscalartechnology.com\\\/pl\\\/produkt\\\/colloidal-gold-colloidaal-goud-goudwater\\\/\",\"name\":\"Z\u0142oto koloidalne, z\u0142oto koloidalne, z\u0142ota woda - Auror Scalar Technology\",\"isPartOf\":{\"@id\":\"https:\\\/\\\/www.aurorscalartechnology.com\\\/pl\\\/#website\"},\"primaryImageOfPage\":{\"@id\":\"https:\\\/\\\/www.aurorscalartechnology.com\\\/pl\\\/produkt\\\/colloidal-gold-colloidaal-goud-goudwater\\\/#primaryimage\"},\"image\":{\"@id\":\"https:\\\/\\\/www.aurorscalartechnology.com\\\/pl\\\/produkt\\\/colloidal-gold-colloidaal-goud-goudwater\\\/#primaryimage\"},\"thumbnailUrl\":\"https:\\\/\\\/www.aurorscalartechnology.com\\\/wp-content\\\/uploads\\\/2017\\\/08\\\/Goudwater-scaled.jpg\",\"datePublished\":\"2023-08-08T08:19:18+00:00\",\"dateModified\":\"2024-09-02T09:48:08+00:00\",\"breadcrumb\":{\"@id\":\"https:\\\/\\\/www.aurorscalartechnology.com\\\/pl\\\/produkt\\\/colloidal-gold-colloidaal-goud-goudwater\\\/#breadcrumb\"},\"inLanguage\":\"pl-PL\",\"potentialAction\":[{\"@type\":\"ReadAction\",\"target\":[\"https:\\\/\\\/www.aurorscalartechnology.com\\\/pl\\\/produkt\\\/colloidal-gold-colloidaal-goud-goudwater\\\/\"]}]},{\"@type\":\"ImageObject\",\"inLanguage\":\"pl-PL\",\"@id\":\"https:\\\/\\\/www.aurorscalartechnology.com\\\/pl\\\/produkt\\\/colloidal-gold-colloidaal-goud-goudwater\\\/#primaryimage\",\"url\":\"https:\\\/\\\/www.aurorscalartechnology.com\\\/wp-content\\\/uploads\\\/2017\\\/08\\\/Goudwater-scaled.jpg\",\"contentUrl\":\"https:\\\/\\\/www.aurorscalartechnology.com\\\/wp-content\\\/uploads\\\/2017\\\/08\\\/Goudwater-scaled.jpg\",\"width\":1946,\"height\":2560},{\"@type\":\"BreadcrumbList\",\"@id\":\"https:\\\/\\\/www.aurorscalartechnology.com\\\/pl\\\/produkt\\\/colloidal-gold-colloidaal-goud-goudwater\\\/#breadcrumb\",\"itemListElement\":[{\"@type\":\"ListItem\",\"position\":1,\"name\":\"Home\",\"item\":\"https:\\\/\\\/www.aurorscalartechnology.com\\\/pl\\\/\"},{\"@type\":\"ListItem\",\"position\":2,\"name\":\"Sklep\",\"item\":\"https:\\\/\\\/www.aurorscalartechnology.com\\\/pl\\\/sklep\\\/\"},{\"@type\":\"ListItem\",\"position\":3,\"name\":\"Z\u0142oto koloidalne, z\u0142oto koloidalne, z\u0142ota woda\"}]},{\"@type\":\"WebSite\",\"@id\":\"https:\\\/\\\/www.aurorscalartechnology.com\\\/pl\\\/#website\",\"url\":\"https:\\\/\\\/www.aurorscalartechnology.com\\\/pl\\\/\",\"name\":\"Auror Scalar Technology\",\"description\":\"\",\"potentialAction\":[{\"@type\":\"SearchAction\",\"target\":{\"@type\":\"EntryPoint\",\"urlTemplate\":\"https:\\\/\\\/www.aurorscalartechnology.com\\\/pl\\\/?s={search_term_string}\"},\"query-input\":{\"@type\":\"PropertyValueSpecification\",\"valueRequired\":true,\"valueName\":\"search_term_string\"}}],\"inLanguage\":\"pl-PL\"}]}<\/script>\n<!-- \/ Yoast SEO plugin. -->","yoast_head_json":{"title":"Z\u0142oto koloidalne, z\u0142oto koloidalne, z\u0142ota woda - Auror Scalar Technology","robots":{"index":"index","follow":"follow","max-snippet":"max-snippet:-1","max-image-preview":"max-image-preview:large","max-video-preview":"max-video-preview:-1"},"canonical":"https:\/\/www.aurorscalartechnology.com\/pl\/produkt\/colloidal-gold-colloidaal-goud-goudwater\/","og_locale":"pl_PL","og_type":"article","og_title":"Z\u0142oto koloidalne, z\u0142oto koloidalne, z\u0142ota woda - Auror Scalar Technology","og_description":"Woda ze z\u0142otem koloidalnym, znana r\u00f3wnie\u017c jako woda z\u0142ota, zawiera roztw\u00f3r czystego z\u0142ota w postaci koloidalnej i zawiera co najmniej 35 ppm z\u0142ota koloidalnego. Cena za 500 ml wynosi 45,00 \u20ac. Pojedyncze produkty, kt\u00f3re zawieraj\u0105 tylko jedn\u0105 substancj\u0119, np. tylko z\u0142oto. Produkty te maj\u0105 znacznie mniej skuteczny wp\u0142yw na cia\u0142o i umys\u0142 ni\u017c produkt zawieraj\u0105cy kilka substancji, co wynika z faktu, \u017ce substancje oddzia\u0142uj\u0105 ze sob\u0105 i wchodz\u0105 w reakcj\u0119, kt\u00f3ra sprawia, \u017ce efekt jest znacznie silniejszy. Odkryli\u015bmy, \u017ce iryd, tantal i kobalt maj\u0105 silniejsze dzia\u0142anie odm\u0142adzaj\u0105ce na cia\u0142o i umys\u0142 ni\u017c z\u0142oto. Dlatego przed zakupem tego produktu zalecam zapoznanie si\u0119 z naszym kompleksem mineralnym, kt\u00f3ry z pewno\u015bci\u0105 jest 100 razy bardziej skuteczny dla cia\u0142a i umys\u0142u ni\u017c ta z\u0142ota woda. Kompleks mineralny mo\u017ce wydawa\u0107 si\u0119 dro\u017cszy na pierwszy rzut oka, ale dzia\u0142a d\u0142u\u017cej, w sumie oko\u0142o 4 miesi\u0119cy (120 dni). Z drugiej strony z\u0142ota woda wystarcza na 50 dni. Pocz\u0105tkowy koszt jest wy\u017cszy, ale korzy\u015bci b\u0119d\u0105 znacznie wi\u0119ksze pod ka\u017cdym wzgl\u0119dem.","og_url":"https:\/\/www.aurorscalartechnology.com\/pl\/produkt\/colloidal-gold-colloidaal-goud-goudwater\/","og_site_name":"Auror Scalar Technology","article_modified_time":"2024-09-02T09:48:08+00:00","og_image":[{"width":1946,"height":2560,"url":"https:\/\/www.aurorscalartechnology.com\/wp-content\/uploads\/2017\/08\/Goudwater-scaled.jpg","type":"image\/jpeg"}],"twitter_card":"summary_large_image","twitter_misc":{"Szacowany czas czytania":"2 minuty"},"schema":{"@context":"https:\/\/schema.org","@graph":[{"@type":"WebPage","@id":"https:\/\/www.aurorscalartechnology.com\/pl\/produkt\/colloidal-gold-colloidaal-goud-goudwater\/","url":"https:\/\/www.aurorscalartechnology.com\/pl\/produkt\/colloidal-gold-colloidaal-goud-goudwater\/","name":"Z\u0142oto koloidalne, z\u0142oto koloidalne, z\u0142ota woda - Auror Scalar Technology","isPartOf":{"@id":"https:\/\/www.aurorscalartechnology.com\/pl\/#website"},"primaryImageOfPage":{"@id":"https:\/\/www.aurorscalartechnology.com\/pl\/produkt\/colloidal-gold-colloidaal-goud-goudwater\/#primaryimage"},"image":{"@id":"https:\/\/www.aurorscalartechnology.com\/pl\/produkt\/colloidal-gold-colloidaal-goud-goudwater\/#primaryimage"},"thumbnailUrl":"https:\/\/www.aurorscalartechnology.com\/wp-content\/uploads\/2017\/08\/Goudwater-scaled.jpg","datePublished":"2023-08-08T08:19:18+00:00","dateModified":"2024-09-02T09:48:08+00:00","breadcrumb":{"@id":"https:\/\/www.aurorscalartechnology.com\/pl\/produkt\/colloidal-gold-colloidaal-goud-goudwater\/#breadcrumb"},"inLanguage":"pl-PL","potentialAction":[{"@type":"ReadAction","target":["https:\/\/www.aurorscalartechnology.com\/pl\/produkt\/colloidal-gold-colloidaal-goud-goudwater\/"]}]},{"@type":"ImageObject","inLanguage":"pl-PL","@id":"https:\/\/www.aurorscalartechnology.com\/pl\/produkt\/colloidal-gold-colloidaal-goud-goudwater\/#primaryimage","url":"https:\/\/www.aurorscalartechnology.com\/wp-content\/uploads\/2017\/08\/Goudwater-scaled.jpg","contentUrl":"https:\/\/www.aurorscalartechnology.com\/wp-content\/uploads\/2017\/08\/Goudwater-scaled.jpg","width":1946,"height":2560},{"@type":"BreadcrumbList","@id":"https:\/\/www.aurorscalartechnology.com\/pl\/produkt\/colloidal-gold-colloidaal-goud-goudwater\/#breadcrumb","itemListElement":[{"@type":"ListItem","position":1,"name":"Home","item":"https:\/\/www.aurorscalartechnology.com\/pl\/"},{"@type":"ListItem","position":2,"name":"Sklep","item":"https:\/\/www.aurorscalartechnology.com\/pl\/sklep\/"},{"@type":"ListItem","position":3,"name":"Z\u0142oto koloidalne, z\u0142oto koloidalne, z\u0142ota woda"}]},{"@type":"WebSite","@id":"https:\/\/www.aurorscalartechnology.com\/pl\/#website","url":"https:\/\/www.aurorscalartechnology.com\/pl\/","name":"Auror Scalar Technology","description":"","potentialAction":[{"@type":"SearchAction","target":{"@type":"EntryPoint","urlTemplate":"https:\/\/www.aurorscalartechnology.com\/pl\/?s={search_term_string}"},"query-input":{"@type":"PropertyValueSpecification","valueRequired":true,"valueName":"search_term_string"}}],"inLanguage":"pl-PL"}]}},"_links":{"self":[{"href":"https:\/\/www.aurorscalartechnology.com\/pl\/wp-json\/wp\/v2\/product\/2617","targetHints":{"allow":["GET"]}}],"collection":[{"href":"https:\/\/www.aurorscalartechnology.com\/pl\/wp-json\/wp\/v2\/product"}],"about":[{"href":"https:\/\/www.aurorscalartechnology.com\/pl\/wp-json\/wp\/v2\/types\/product"}],"version-history":[{"count":8,"href":"https:\/\/www.aurorscalartechnology.com\/pl\/wp-json\/wp\/v2\/product\/2617\/revisions"}],"predecessor-version":[{"id":23650,"href":"https:\/\/www.aurorscalartechnology.com\/pl\/wp-json\/wp\/v2\/product\/2617\/revisions\/23650"}],"wp:featuredmedia":[{"embeddable":true,"href":"https:\/\/www.aurorscalartechnology.com\/pl\/wp-json\/wp\/v2\/media\/20495"}],"wp:attachment":[{"href":"https:\/\/www.aurorscalartechnology.com\/pl\/wp-json\/wp\/v2\/media?parent=2617"}],"wp:term":[{"taxonomy":"product_cat","embeddable":true,"href":"https:\/\/www.aurorscalartechnology.com\/pl\/wp-json\/wp\/v2\/product_cat?post=2617"},{"taxonomy":"product_tag","embeddable":true,"href":"https:\/\/www.aurorscalartechnology.com\/pl\/wp-json\/wp\/v2\/product_tag?post=2617"}],"curies":[{"name":"wp","href":"https:\/\/api.w.org\/{rel}","templated":true}]}}